{"id":1242,"date":"2025-04-15T08:01:28","date_gmt":"2025-04-15T08:01:28","guid":{"rendered":"https:\/\/xenonkungen.com\/product\/rorfaste-30mm\/"},"modified":"2026-04-26T04:35:47","modified_gmt":"2026-04-26T03:35:47","slug":"ruderhalterung-30-mm","status":"publish","type":"product","link":"https:\/\/xenonkungen.com\/de\/produkt\/ruderhalterung-30-mm\/","title":{"rendered":"Rohrschelle 30 mm"},"content":{"rendered":"<h1>Rohrschellen, die gut an Arbeitsmaschinen, Sturzb\u00fcgeln an Motorr\u00e4dern, K\u00fchlergrills an Lastwagen usw. passen.<\/h1>\n<p>Sie suchen eine Rohrhalterung? Hier ist eine Halterung, die nicht gebohrt werden muss, sondern einfach mit den mitgelieferten Schrauben festgeklemmt wird. Dies tr\u00e4gt dazu bei, die Auswirkungen auf Ihre Maschine zu minimieren und erm\u00f6glicht mehrere Installationsoptionen.<br \/>Der Tubus ist universell einsetzbar. Stellen Sie sicher, dass Sie die zus\u00e4tzliche Lichtbasis richtig einstellen, um das bestm\u00f6gliche Lichtbild zu erhalten.<\/p>\n<p>Diese Rohrhalterung dient zur Montage von Zusatzscheinwerfern, LED-Rampen, Arbeitsscheinwerfern usw. an Rohren wie Frontb\u00fcgeln, \u00dcberrollb\u00fcgeln, Lenkern usw. <\/p>\n<p>Einfache Installation, keine weiteren Zusatzger\u00e4te erforderlich.<\/p>\n<p>Unsere Rohrhalterung ist doppelt schwarz pulverbeschichtet und besteht aus Aluminium, das allen unseren rauen Umgebungen standhalten sollte.<\/p>\n<p><strong>Gut zu wissen<\/strong><br \/>Die Abmessungen der Rohrschelle.<br \/>Innenma\u00df ohne Schutzgummi: 30 mm<br \/>\u00d6ffnung zur Lampenmontage (gro\u00df): 10 mm<\/p>\n<p>Unsere Rohrschelle hat eine eigene Serie, in der verschiedene Gr\u00f6\u00dfen f\u00fcr verschiedene Zwecke erh\u00e4ltlich sind, siehe Registerkarte 'Installationsmaterial'.<\/p>\n<p><strong>Inhalt der Lieferung<\/strong><br \/>2 Rohrschellen<br \/>4St\u00fcck Schrauben<br \/>2 St\u00fcck Unterlegscheiben<br \/>2St\u00fcck Mutter<br \/>2 Stk. Schutzgummi<br \/>2 St. Inbusschl\u00fcssel.<\/p>\n<p><strong>B\u00fcrgschaft<\/strong><br \/><span>1 Jahr<\/span><\/p>","protected":false},"excerpt":{"rendered":"<p>Flexible Rohrschelle f\u00fcr Rohre mit einem Durchmesser von etwas \u00fcber 30 mm. Passt gut an Arbeitsmaschinen, Sturzb\u00fcgel an Motorr\u00e4dern, K\u00fchlergrills an Lkw usw.<\/p>","protected":false},"featured_media":1243,"comment_status":"closed","ping_status":"open","template":"","meta":{"_acf_changed":false,"_smort_price_nok":"144","_smort_price_dkk":"92","_smort_price_eur":"12.27","_smort_sale_price_nok":"","_smort_sale_price_dkk":"","_smort_sale_price_eur":"","smort_restorder":"","shipmondo_restorder":"","_kad_blocks_custom_css":"","_kad_blocks_head_custom_js":"","_kad_blocks_body_custom_js":"","_kad_blocks_footer_custom_js":"","smort_custom_pricelist_1":"86.4","smort_custom_pricelist_2":"75.6","smort_custom_pricelist_3":"71.82","smort_custom_pricelist_4":"108","smort_custom_pricelist_5":"75.6"},"anvandningsomrade":[],"bilmarken":[],"product_brand":[117],"product_cat":[2971,2841,2460,390],"product_tag":[],"class_list":{"0":"post-1242","1":"product","2":"type-product","3":"status-publish","4":"has-post-thumbnail","6":"product_brand-xenonkungen","7":"product_cat-ledramp-fasten","8":"product_cat-installation-extraljus","9":"product_cat-klamfasten","10":"product_cat-installation","11":"pa_storlek-mm-394","13":"first","14":"instock","15":"taxable","16":"shipping-taxable","17":"purchasable","18":"product-type-simple"},"bundled_by":[],"bundle_stock_status":"instock","bundle_stock_quantity":37,"bundle_virtual":false,"bundle_layout":"","bundle_add_to_cart_form_location":"","bundle_editable_in_cart":false,"bundle_sold_individually_context":"","bundle_item_grouping":"","bundle_min_size":"","bundle_max_size":"","bundle_price":[],"bundled_items":[],"bundle_sell_ids":[],"acf":[],"yoast_head":"<!-- This site is optimized with the Yoast SEO plugin v27.0 - https:\/\/yoast.com\/product\/yoast-seo-wordpress\/ -->\n<title>R\u00f6rf\u00e4ste 30mm - Xenonkungen<\/title>\n<meta name=\"robots\" content=\"index, follow, max-snippet:-1, max-image-preview:large, max-video-preview:-1\" \/>\n<link rel=\"canonical\" href=\"https:\/\/xenonkungen.com\/de\/produkt\/ruderhalterung-30-mm\/\" \/>\n<meta property=\"og:locale\" content=\"de_DE\" \/>\n<meta property=\"og:type\" content=\"article\" \/>\n<meta property=\"og:title\" content=\"R\u00f6rf\u00e4ste 30mm - Xenonkungen\" \/>\n<meta property=\"og:description\" content=\"Smidigt R\u00f6rf\u00e4ste f\u00f6r r\u00f6r strax \u00f6ver 30mm. Passar bra p\u00e5 arbetsmaskiner, crashb\u00e5gar p\u00e5 motorcykel, grill p\u00e5 lastbil mfl.\" \/>\n<meta property=\"og:url\" content=\"https:\/\/xenonkungen.com\/de\/produkt\/ruderhalterung-30-mm\/\" \/>\n<meta property=\"og:site_name\" content=\"Xenonkungen\" \/>\n<meta property=\"article:modified_time\" content=\"2026-04-26T03:35:47+00:00\" \/>\n<meta property=\"og:image\" content=\"https:\/\/xenonkungen.com\/wp-content\/uploads\/2025\/04\/162632161-origpic-07bebf.png\" \/>\n\t<meta property=\"og:image:width\" content=\"1000\" \/>\n\t<meta property=\"og:image:height\" content=\"731\" \/>\n\t<meta property=\"og:image:type\" content=\"image\/png\" \/>\n<meta name=\"twitter:card\" content=\"summary_large_image\" \/>\n<meta name=\"twitter:label1\" content=\"Gesch\u00e4tzte Lesezeit\" \/>\n\t<meta name=\"twitter:data1\" content=\"1\u00a0Minute\" \/>\n<script type=\"application\/ld+json\" class=\"yoast-schema-graph\">{\"@context\":\"https:\/\/schema.org\",\"@graph\":[{\"@type\":\"WebPage\",\"@id\":\"https:\/\/xenonkungen.com\/produkt\/rorfaste-30mm\/\",\"url\":\"https:\/\/xenonkungen.com\/produkt\/rorfaste-30mm\/\",\"name\":\"R\u00f6rf\u00e4ste 30mm - Xenonkungen\",\"isPartOf\":{\"@id\":\"https:\/\/xenonkungen.com\/#website\"},\"primaryImageOfPage\":{\"@id\":\"https:\/\/xenonkungen.com\/produkt\/rorfaste-30mm\/#primaryimage\"},\"image\":{\"@id\":\"https:\/\/xenonkungen.com\/produkt\/rorfaste-30mm\/#primaryimage\"},\"thumbnailUrl\":\"https:\/\/xenonkungen.com\/wp-content\/uploads\/2025\/04\/162632161-origpic-07bebf.png\",\"datePublished\":\"2025-04-15T08:01:28+00:00\",\"dateModified\":\"2026-04-26T03:35:47+00:00\",\"breadcrumb\":{\"@id\":\"https:\/\/xenonkungen.com\/produkt\/rorfaste-30mm\/#breadcrumb\"},\"inLanguage\":\"de\",\"potentialAction\":[{\"@type\":\"ReadAction\",\"target\":[\"https:\/\/xenonkungen.com\/produkt\/rorfaste-30mm\/\"]}]},{\"@type\":\"ImageObject\",\"inLanguage\":\"de\",\"@id\":\"https:\/\/xenonkungen.com\/produkt\/rorfaste-30mm\/#primaryimage\",\"url\":\"https:\/\/xenonkungen.com\/wp-content\/uploads\/2025\/04\/162632161-origpic-07bebf.png\",\"contentUrl\":\"https:\/\/xenonkungen.com\/wp-content\/uploads\/2025\/04\/162632161-origpic-07bebf.png\",\"width\":1000,\"height\":731},{\"@type\":\"BreadcrumbList\",\"@id\":\"https:\/\/xenonkungen.com\/produkt\/rorfaste-30mm\/#breadcrumb\",\"itemListElement\":[{\"@type\":\"ListItem\",\"position\":1,\"name\":\"Hem\",\"item\":\"https:\/\/xenonkungen.com\/\"},{\"@type\":\"ListItem\",\"position\":2,\"name\":\"Shop\",\"item\":\"https:\/\/xenonkungen.com\/shop\/\"},{\"@type\":\"ListItem\",\"position\":3,\"name\":\"R\u00f6rf\u00e4ste 30mm\"}]},{\"@type\":\"WebSite\",\"@id\":\"https:\/\/xenonkungen.com\/#website\",\"url\":\"https:\/\/xenonkungen.com\/\",\"name\":\"Xenonkungen\",\"description\":\"\",\"potentialAction\":[{\"@type\":\"SearchAction\",\"target\":{\"@type\":\"EntryPoint\",\"urlTemplate\":\"https:\/\/xenonkungen.com\/?s={search_term_string}\"},\"query-input\":{\"@type\":\"PropertyValueSpecification\",\"valueRequired\":true,\"valueName\":\"search_term_string\"}}],\"inLanguage\":\"de\"}]}<\/script>\n<!-- \/ Yoast SEO plugin. -->","yoast_head_json":{"title":"Rohrschelle 30 mm - Xenonkungen","robots":{"index":"index","follow":"follow","max-snippet":"max-snippet:-1","max-image-preview":"max-image-preview:large","max-video-preview":"max-video-preview:-1"},"canonical":"https:\/\/xenonkungen.com\/de\/produkt\/ruderhalterung-30-mm\/","og_locale":"de_DE","og_type":"article","og_title":"R\u00f6rf\u00e4ste 30mm - Xenonkungen","og_description":"Smidigt R\u00f6rf\u00e4ste f\u00f6r r\u00f6r strax \u00f6ver 30mm. Passar bra p\u00e5 arbetsmaskiner, crashb\u00e5gar p\u00e5 motorcykel, grill p\u00e5 lastbil mfl.","og_url":"https:\/\/xenonkungen.com\/de\/produkt\/ruderhalterung-30-mm\/","og_site_name":"Xenonkungen","article_modified_time":"2026-04-26T03:35:47+00:00","og_image":[{"width":1000,"height":731,"url":"https:\/\/xenonkungen.com\/wp-content\/uploads\/2025\/04\/162632161-origpic-07bebf.png","type":"image\/png"}],"twitter_card":"summary_large_image","twitter_misc":{"Gesch\u00e4tzte Lesezeit":"1\u00a0Minute"},"schema":{"@context":"https:\/\/schema.org","@graph":[{"@type":"WebPage","@id":"https:\/\/xenonkungen.com\/produkt\/rorfaste-30mm\/","url":"https:\/\/xenonkungen.com\/produkt\/rorfaste-30mm\/","name":"Rohrschelle 30 mm - Xenonkungen","isPartOf":{"@id":"https:\/\/xenonkungen.com\/#website"},"primaryImageOfPage":{"@id":"https:\/\/xenonkungen.com\/produkt\/rorfaste-30mm\/#primaryimage"},"image":{"@id":"https:\/\/xenonkungen.com\/produkt\/rorfaste-30mm\/#primaryimage"},"thumbnailUrl":"https:\/\/xenonkungen.com\/wp-content\/uploads\/2025\/04\/162632161-origpic-07bebf.png","datePublished":"2025-04-15T08:01:28+00:00","dateModified":"2026-04-26T03:35:47+00:00","breadcrumb":{"@id":"https:\/\/xenonkungen.com\/produkt\/rorfaste-30mm\/#breadcrumb"},"inLanguage":"de","potentialAction":[{"@type":"ReadAction","target":["https:\/\/xenonkungen.com\/produkt\/rorfaste-30mm\/"]}]},{"@type":"ImageObject","inLanguage":"de","@id":"https:\/\/xenonkungen.com\/produkt\/rorfaste-30mm\/#primaryimage","url":"https:\/\/xenonkungen.com\/wp-content\/uploads\/2025\/04\/162632161-origpic-07bebf.png","contentUrl":"https:\/\/xenonkungen.com\/wp-content\/uploads\/2025\/04\/162632161-origpic-07bebf.png","width":1000,"height":731},{"@type":"BreadcrumbList","@id":"https:\/\/xenonkungen.com\/produkt\/rorfaste-30mm\/#breadcrumb","itemListElement":[{"@type":"ListItem","position":1,"name":"Hem","item":"https:\/\/xenonkungen.com\/"},{"@type":"ListItem","position":2,"name":"Shop","item":"https:\/\/xenonkungen.com\/shop\/"},{"@type":"ListItem","position":3,"name":"R\u00f6rf\u00e4ste 30mm"}]},{"@type":"WebSite","@id":"https:\/\/xenonkungen.com\/#website","url":"https:\/\/xenonkungen.com\/","name":"Xenonkungen","description":"","potentialAction":[{"@type":"SearchAction","target":{"@type":"EntryPoint","urlTemplate":"https:\/\/xenonkungen.com\/?s={search_term_string}"},"query-input":{"@type":"PropertyValueSpecification","valueRequired":true,"valueName":"search_term_string"}}],"inLanguage":"de"}]}},"taxonomy_info":{"product_brand":[{"value":117,"label":"Xenonkungen"}],"product_cat":[{"value":2971,"label":"F\u00e4sten"},{"value":2841,"label":"Installation extraljus"},{"value":2460,"label":"Kl\u00e4mf\u00e4sten"},{"value":390,"label":"Installation"}],"pa_storlek-mm":[{"value":394,"label":"30"}]},"featured_image_src_large":["https:\/\/xenonkungen.com\/wp-content\/uploads\/2025\/04\/162632161-origpic-07bebf.png",1000,731,false],"author_info":[],"comment_info":1,"_links":{"self":[{"href":"https:\/\/xenonkungen.com\/de\/wp-json\/wp\/v2\/product\/1242","targetHints":{"allow":["GET"]}}],"collection":[{"href":"https:\/\/xenonkungen.com\/de\/wp-json\/wp\/v2\/product"}],"about":[{"href":"https:\/\/xenonkungen.com\/de\/wp-json\/wp\/v2\/types\/product"}],"replies":[{"embeddable":true,"href":"https:\/\/xenonkungen.com\/de\/wp-json\/wp\/v2\/comments?post=1242"}],"wp:featuredmedia":[{"embeddable":true,"href":"https:\/\/xenonkungen.com\/de\/wp-json\/wp\/v2\/media\/1243"}],"wp:attachment":[{"href":"https:\/\/xenonkungen.com\/de\/wp-json\/wp\/v2\/media?parent=1242"}],"wp:term":[{"taxonomy":"anvandningsomrade","embeddable":true,"href":"https:\/\/xenonkungen.com\/de\/wp-json\/wp\/v2\/anvandningsomrade?post=1242"},{"taxonomy":"bilmarken","embeddable":true,"href":"https:\/\/xenonkungen.com\/de\/wp-json\/wp\/v2\/bilmarken?post=1242"},{"taxonomy":"product_brand","embeddable":true,"href":"https:\/\/xenonkungen.com\/de\/wp-json\/wp\/v2\/product_brand?post=1242"},{"taxonomy":"product_cat","embeddable":true,"href":"https:\/\/xenonkungen.com\/de\/wp-json\/wp\/v2\/product_cat?post=1242"},{"taxonomy":"product_tag","embeddable":true,"href":"https:\/\/xenonkungen.com\/de\/wp-json\/wp\/v2\/product_tag?post=1242"}],"curies":[{"name":"wp","href":"https:\/\/api.w.org\/{rel}","templated":true}]}}