{"id":13219,"date":"2025-09-03T07:19:27","date_gmt":"2025-09-03T07:19:27","guid":{"rendered":"https:\/\/xenonkungen.com\/?post_type=product&#038;p=13219"},"modified":"2026-04-24T17:39:59","modified_gmt":"2026-04-24T16:39:59","slug":"osram-original-line-hir2-12v","status":"publish","type":"product","link":"https:\/\/xenonkungen.com\/de\/produkt\/osram-original-line-hir2-12v\/","title":{"rendered":"OSRAM ORIGINAL LINE HIR2 - 12V"},"content":{"rendered":"<h3 data-start=\"140\" data-end=\"188\">Die kosteng\u00fcnstigen Original-Ersatzteile<\/h3>\n<p data-start=\"190\" data-end=\"437\"><strong data-start=\"190\" data-end=\"227\">OSRAM ORIGINAL LINE Halogenlampen<\/strong> \u2013 zuverl\u00e4ssig, robust und wirtschaftlich \u2013 sie bieten im t\u00e4glichen Einsatz eine stabile Leistung. Sie werden bereits in Millionen von Fahrzeugen weltweit verwendet, sowohl als Serienausstattung als auch als Originalersatzteile f\u00fchrender Hersteller.<\/p>\n<p data-start=\"439\" data-end=\"480\"><strong data-start=\"439\" data-end=\"478\">Technische Spezifikationen in K\u00fcrze:<\/strong><\/p>\n<ul data-start=\"481\" data-end=\"608\">\n<li data-start=\"481\" data-end=\"502\">\n<p data-start=\"483\" data-end=\"502\">Maximale Leistung: 60 W<\/p>\n<\/li>\n<li data-start=\"503\" data-end=\"534\">\n<p data-start=\"505\" data-end=\"534\">Nominale Nennspannung: 12 V<\/p>\n<\/li>\n<li data-start=\"535\" data-end=\"560\">\n<p data-start=\"537\" data-end=\"560\">Nennleistung: 55 W<\/p>\n<\/li>\n<li data-start=\"561\" data-end=\"585\">\n<p data-start=\"563\" data-end=\"585\">Pr\u00fcfspannung: 13,2 V<\/p>\n<\/li>\n<li data-start=\"586\" data-end=\"608\">\n<p data-start=\"588\" data-end=\"608\">Lichtstrom: 1875 lm<\/p>\n<\/li>\n<\/ul>\n<p data-start=\"610\" data-end=\"776\">Die Kombination aus <strong data-start=\"627\" data-end=\"685\">Kosteneffizienz, OEM-Qualit\u00e4t und breite Anwendung<\/strong> Das macht ORIGINAL LINE zur naheliegenden Wahl f\u00fcr alle, die ein zuverl\u00e4ssiges Ersatzteil suchen.<\/p>","protected":false},"excerpt":{"rendered":"<p>De kostnadseffektiva originalreservdelarna OSRAM ORIGINAL LINE halogenlampor \u2013 p\u00e5litliga, robusta och ekonomiska \u2013 levererar stabil prestanda i vardagen. De anv\u00e4nds redan i miljontals fordon v\u00e4rlden \u00f6ver, b\u00e5de som standardutrustning och som originalreservdel fr\u00e5n ledande tillverkare. Tekniska specifikationer i korthet: Max. effekt: 60 W Nominell m\u00e4rksp\u00e4nning: 12 V Nominell wattal: 55 W Testsp\u00e4nning: 13,2 V Ljusfl\u00f6de: [&hellip;]<\/p>","protected":false},"featured_media":13224,"comment_status":"open","ping_status":"closed","template":"","meta":{"_acf_changed":false,"_smort_price_nok":"315","_smort_price_dkk":"200","_smort_price_eur":"26.82","_smort_sale_price_nok":"","_smort_sale_price_dkk":"","_smort_sale_price_eur":"","smort_restorder":"","shipmondo_restorder":"","_kad_blocks_custom_css":"","_kad_blocks_head_custom_js":"","_kad_blocks_body_custom_js":"","_kad_blocks_footer_custom_js":"","smort_custom_pricelist_1":"188.8","smort_custom_pricelist_2":"165.2","smort_custom_pricelist_3":"153.4","smort_custom_pricelist_4":"236","smort_custom_pricelist_5":"165.2"},"anvandningsomrade":[],"bilmarken":[],"product_brand":[108],"product_cat":[2543,733],"product_tag":[],"class_list":{"0":"post-13219","1":"product","2":"type-product","3":"status-publish","4":"has-post-thumbnail","6":"product_brand-osram","7":"product_cat-halogen-halvljus-helljus","8":"product_cat-halvljus-helljus","9":"pa_lampsockel-kontakt-343","10":"pa_lampsockel-kontakt-hir2","11":"pa_lampsockel-kontakt-px22d","12":"pa_volt-v-159","14":"first","15":"instock","16":"taxable","17":"shipping-taxable","18":"purchasable","19":"product-type-simple"},"bundled_by":[],"bundle_stock_status":"instock","bundle_stock_quantity":14,"bundle_virtual":false,"bundle_layout":"","bundle_add_to_cart_form_location":"","bundle_editable_in_cart":false,"bundle_sold_individually_context":"","bundle_item_grouping":"","bundle_min_size":"","bundle_max_size":"","bundle_price":[],"bundled_items":[],"bundle_sell_ids":[],"acf":[],"yoast_head":"<!-- This site is optimized with the Yoast SEO plugin v27.0 - https:\/\/yoast.com\/product\/yoast-seo-wordpress\/ -->\n<title>OSRAM ORIGINAL LINE HIR2 - 12V - Xenonkungen<\/title>\n<meta name=\"robots\" content=\"index, follow, max-snippet:-1, max-image-preview:large, max-video-preview:-1\" \/>\n<link rel=\"canonical\" href=\"https:\/\/xenonkungen.com\/de\/produkt\/osram-original-line-hir2-12v\/\" \/>\n<meta property=\"og:locale\" content=\"de_DE\" \/>\n<meta property=\"og:type\" content=\"article\" \/>\n<meta property=\"og:title\" content=\"OSRAM ORIGINAL LINE HIR2 - 12V - Xenonkungen\" \/>\n<meta property=\"og:description\" content=\"De kostnadseffektiva originalreservdelarna OSRAM ORIGINAL LINE halogenlampor \u2013 p\u00e5litliga, robusta och ekonomiska \u2013 levererar stabil prestanda i vardagen. De anv\u00e4nds redan i miljontals fordon v\u00e4rlden \u00f6ver, b\u00e5de som standardutrustning och som originalreservdel fr\u00e5n ledande tillverkare. Tekniska specifikationer i korthet: Max. effekt: 60 W Nominell m\u00e4rksp\u00e4nning: 12 V Nominell wattal: 55 W Testsp\u00e4nning: 13,2 V Ljusfl\u00f6de: [&hellip;]\" \/>\n<meta property=\"og:url\" content=\"https:\/\/xenonkungen.com\/de\/produkt\/osram-original-line-hir2-12v\/\" \/>\n<meta property=\"og:site_name\" content=\"Xenonkungen\" \/>\n<meta property=\"article:modified_time\" content=\"2026-04-24T16:39:59+00:00\" \/>\n<meta property=\"og:image\" content=\"https:\/\/xenonkungen.com\/wp-content\/uploads\/2025\/09\/Small-for-web-and-ppt-ORIGINAL_HIR2_9012_G15048844.jpg\" \/>\n\t<meta property=\"og:image:width\" content=\"1024\" \/>\n\t<meta property=\"og:image:height\" content=\"1168\" \/>\n\t<meta property=\"og:image:type\" content=\"image\/jpeg\" \/>\n<meta name=\"twitter:card\" content=\"summary_large_image\" \/>\n<meta name=\"twitter:label1\" content=\"Gesch\u00e4tzte Lesezeit\" \/>\n\t<meta name=\"twitter:data1\" content=\"1\u00a0Minute\" \/>\n<script type=\"application\/ld+json\" class=\"yoast-schema-graph\">{\"@context\":\"https:\/\/schema.org\",\"@graph\":[{\"@type\":\"WebPage\",\"@id\":\"https:\/\/xenonkungen.com\/produkt\/osram-original-line-hir2-12v\/\",\"url\":\"https:\/\/xenonkungen.com\/produkt\/osram-original-line-hir2-12v\/\",\"name\":\"OSRAM ORIGINAL LINE HIR2 - 12V - Xenonkungen\",\"isPartOf\":{\"@id\":\"https:\/\/xenonkungen.com\/#website\"},\"primaryImageOfPage\":{\"@id\":\"https:\/\/xenonkungen.com\/produkt\/osram-original-line-hir2-12v\/#primaryimage\"},\"image\":{\"@id\":\"https:\/\/xenonkungen.com\/produkt\/osram-original-line-hir2-12v\/#primaryimage\"},\"thumbnailUrl\":\"https:\/\/xenonkungen.com\/wp-content\/uploads\/2025\/09\/Small-for-web-and-ppt-ORIGINAL_HIR2_9012_G15048844.jpg\",\"datePublished\":\"2025-09-03T07:19:27+00:00\",\"dateModified\":\"2026-04-24T16:39:59+00:00\",\"breadcrumb\":{\"@id\":\"https:\/\/xenonkungen.com\/produkt\/osram-original-line-hir2-12v\/#breadcrumb\"},\"inLanguage\":\"de\",\"potentialAction\":[{\"@type\":\"ReadAction\",\"target\":[\"https:\/\/xenonkungen.com\/produkt\/osram-original-line-hir2-12v\/\"]}]},{\"@type\":\"ImageObject\",\"inLanguage\":\"de\",\"@id\":\"https:\/\/xenonkungen.com\/produkt\/osram-original-line-hir2-12v\/#primaryimage\",\"url\":\"https:\/\/xenonkungen.com\/wp-content\/uploads\/2025\/09\/Small-for-web-and-ppt-ORIGINAL_HIR2_9012_G15048844.jpg\",\"contentUrl\":\"https:\/\/xenonkungen.com\/wp-content\/uploads\/2025\/09\/Small-for-web-and-ppt-ORIGINAL_HIR2_9012_G15048844.jpg\",\"width\":1024,\"height\":1168},{\"@type\":\"BreadcrumbList\",\"@id\":\"https:\/\/xenonkungen.com\/produkt\/osram-original-line-hir2-12v\/#breadcrumb\",\"itemListElement\":[{\"@type\":\"ListItem\",\"position\":1,\"name\":\"Hem\",\"item\":\"https:\/\/xenonkungen.com\/\"},{\"@type\":\"ListItem\",\"position\":2,\"name\":\"Shop\",\"item\":\"https:\/\/xenonkungen.com\/shop\/\"},{\"@type\":\"ListItem\",\"position\":3,\"name\":\"OSRAM ORIGINAL LINE HIR2 &#8211; 12V\"}]},{\"@type\":\"WebSite\",\"@id\":\"https:\/\/xenonkungen.com\/#website\",\"url\":\"https:\/\/xenonkungen.com\/\",\"name\":\"Xenonkungen\",\"description\":\"\",\"potentialAction\":[{\"@type\":\"SearchAction\",\"target\":{\"@type\":\"EntryPoint\",\"urlTemplate\":\"https:\/\/xenonkungen.com\/?s={search_term_string}\"},\"query-input\":{\"@type\":\"PropertyValueSpecification\",\"valueRequired\":true,\"valueName\":\"search_term_string\"}}],\"inLanguage\":\"de\"}]}<\/script>\n<!-- \/ Yoast SEO plugin. -->","yoast_head_json":{"title":"OSRAM ORIGINAL LINE HIR2 - 12V - Der K\u00f6nig des Xenons","robots":{"index":"index","follow":"follow","max-snippet":"max-snippet:-1","max-image-preview":"max-image-preview:large","max-video-preview":"max-video-preview:-1"},"canonical":"https:\/\/xenonkungen.com\/de\/produkt\/osram-original-line-hir2-12v\/","og_locale":"de_DE","og_type":"article","og_title":"OSRAM ORIGINAL LINE HIR2 - 12V - Xenonkungen","og_description":"De kostnadseffektiva originalreservdelarna OSRAM ORIGINAL LINE halogenlampor \u2013 p\u00e5litliga, robusta och ekonomiska \u2013 levererar stabil prestanda i vardagen. De anv\u00e4nds redan i miljontals fordon v\u00e4rlden \u00f6ver, b\u00e5de som standardutrustning och som originalreservdel fr\u00e5n ledande tillverkare. Tekniska specifikationer i korthet: Max. effekt: 60 W Nominell m\u00e4rksp\u00e4nning: 12 V Nominell wattal: 55 W Testsp\u00e4nning: 13,2 V Ljusfl\u00f6de: [&hellip;]","og_url":"https:\/\/xenonkungen.com\/de\/produkt\/osram-original-line-hir2-12v\/","og_site_name":"Xenonkungen","article_modified_time":"2026-04-24T16:39:59+00:00","og_image":[{"width":1024,"height":1168,"url":"https:\/\/xenonkungen.com\/wp-content\/uploads\/2025\/09\/Small-for-web-and-ppt-ORIGINAL_HIR2_9012_G15048844.jpg","type":"image\/jpeg"}],"twitter_card":"summary_large_image","twitter_misc":{"Gesch\u00e4tzte Lesezeit":"1\u00a0Minute"},"schema":{"@context":"https:\/\/schema.org","@graph":[{"@type":"WebPage","@id":"https:\/\/xenonkungen.com\/produkt\/osram-original-line-hir2-12v\/","url":"https:\/\/xenonkungen.com\/produkt\/osram-original-line-hir2-12v\/","name":"OSRAM ORIGINAL LINE HIR2 - 12V - Der K\u00f6nig des Xenons","isPartOf":{"@id":"https:\/\/xenonkungen.com\/#website"},"primaryImageOfPage":{"@id":"https:\/\/xenonkungen.com\/produkt\/osram-original-line-hir2-12v\/#primaryimage"},"image":{"@id":"https:\/\/xenonkungen.com\/produkt\/osram-original-line-hir2-12v\/#primaryimage"},"thumbnailUrl":"https:\/\/xenonkungen.com\/wp-content\/uploads\/2025\/09\/Small-for-web-and-ppt-ORIGINAL_HIR2_9012_G15048844.jpg","datePublished":"2025-09-03T07:19:27+00:00","dateModified":"2026-04-24T16:39:59+00:00","breadcrumb":{"@id":"https:\/\/xenonkungen.com\/produkt\/osram-original-line-hir2-12v\/#breadcrumb"},"inLanguage":"de","potentialAction":[{"@type":"ReadAction","target":["https:\/\/xenonkungen.com\/produkt\/osram-original-line-hir2-12v\/"]}]},{"@type":"ImageObject","inLanguage":"de","@id":"https:\/\/xenonkungen.com\/produkt\/osram-original-line-hir2-12v\/#primaryimage","url":"https:\/\/xenonkungen.com\/wp-content\/uploads\/2025\/09\/Small-for-web-and-ppt-ORIGINAL_HIR2_9012_G15048844.jpg","contentUrl":"https:\/\/xenonkungen.com\/wp-content\/uploads\/2025\/09\/Small-for-web-and-ppt-ORIGINAL_HIR2_9012_G15048844.jpg","width":1024,"height":1168},{"@type":"BreadcrumbList","@id":"https:\/\/xenonkungen.com\/produkt\/osram-original-line-hir2-12v\/#breadcrumb","itemListElement":[{"@type":"ListItem","position":1,"name":"Hem","item":"https:\/\/xenonkungen.com\/"},{"@type":"ListItem","position":2,"name":"Shop","item":"https:\/\/xenonkungen.com\/shop\/"},{"@type":"ListItem","position":3,"name":"OSRAM ORIGINAL LINE HIR2 &#8211; 12V"}]},{"@type":"WebSite","@id":"https:\/\/xenonkungen.com\/#website","url":"https:\/\/xenonkungen.com\/","name":"Xenonkungen","description":"","potentialAction":[{"@type":"SearchAction","target":{"@type":"EntryPoint","urlTemplate":"https:\/\/xenonkungen.com\/?s={search_term_string}"},"query-input":{"@type":"PropertyValueSpecification","valueRequired":true,"valueName":"search_term_string"}}],"inLanguage":"de"}]}},"taxonomy_info":{"product_brand":[{"value":108,"label":"OSRAM"}],"product_cat":[{"value":2543,"label":"Halogen"},{"value":733,"label":"Halvljus \/ Helljus"}],"pa_lampsockel-kontakt":[{"value":343,"label":"9012"},{"value":2738,"label":"HIR2"},{"value":2739,"label":"PX22d"}],"pa_volt-v":[{"value":159,"label":"12"}]},"featured_image_src_large":["https:\/\/xenonkungen.com\/wp-content\/uploads\/2025\/09\/Small-for-web-and-ppt-ORIGINAL_HIR2_9012_G15048844-898x1024.jpg",898,1024,true],"author_info":[],"comment_info":1,"_links":{"self":[{"href":"https:\/\/xenonkungen.com\/de\/wp-json\/wp\/v2\/product\/13219","targetHints":{"allow":["GET"]}}],"collection":[{"href":"https:\/\/xenonkungen.com\/de\/wp-json\/wp\/v2\/product"}],"about":[{"href":"https:\/\/xenonkungen.com\/de\/wp-json\/wp\/v2\/types\/product"}],"replies":[{"embeddable":true,"href":"https:\/\/xenonkungen.com\/de\/wp-json\/wp\/v2\/comments?post=13219"}],"wp:featuredmedia":[{"embeddable":true,"href":"https:\/\/xenonkungen.com\/de\/wp-json\/wp\/v2\/media\/13224"}],"wp:attachment":[{"href":"https:\/\/xenonkungen.com\/de\/wp-json\/wp\/v2\/media?parent=13219"}],"wp:term":[{"taxonomy":"anvandningsomrade","embeddable":true,"href":"https:\/\/xenonkungen.com\/de\/wp-json\/wp\/v2\/anvandningsomrade?post=13219"},{"taxonomy":"bilmarken","embeddable":true,"href":"https:\/\/xenonkungen.com\/de\/wp-json\/wp\/v2\/bilmarken?post=13219"},{"taxonomy":"product_brand","embeddable":true,"href":"https:\/\/xenonkungen.com\/de\/wp-json\/wp\/v2\/product_brand?post=13219"},{"taxonomy":"product_cat","embeddable":true,"href":"https:\/\/xenonkungen.com\/de\/wp-json\/wp\/v2\/product_cat?post=13219"},{"taxonomy":"product_tag","embeddable":true,"href":"https:\/\/xenonkungen.com\/de\/wp-json\/wp\/v2\/product_tag?post=13219"}],"curies":[{"name":"wp","href":"https:\/\/api.w.org\/{rel}","templated":true}]}}