{"id":13227,"date":"2025-09-03T08:12:11","date_gmt":"2025-09-03T08:12:11","guid":{"rendered":"https:\/\/xenonkungen.com\/?post_type=product&#038;p=13227"},"modified":"2026-04-30T03:28:39","modified_gmt":"2026-04-30T02:28:39","slug":"osram-7528-metallsockel-p21-5w-unverpackt","status":"publish","type":"product","link":"https:\/\/xenonkungen.com\/de\/produkt\/osram-7528-metallsockel-p21-5w-unverpackt\/","title":{"rendered":"Osram | 7528 | METALSOCKEL P21\/5W (UNVERPACKT)"},"content":{"rendered":"<h3 data-start=\"145\" data-end=\"193\">Die kosteng\u00fcnstigen Original-Ersatzteile<\/h3>\n<p data-start=\"195\" data-end=\"446\"><strong data-start=\"195\" data-end=\"243\">OSRAM ORIGINAL Signallampen mit Metallsockel<\/strong> \u2013 Robust und zuverl\u00e4ssig, mit der gleichen hohen OEM-Qualit\u00e4t, die alle OSRAM-Produkte auszeichnet. Dank der breiten Palette eignen sich die Lampen als Originalersatzteile f\u00fcr viele verschiedene Anwendungen.<\/p>\n<p data-start=\"483\" data-end=\"514\"><strong data-start=\"483\" data-end=\"512\">Technische Spezifikationen in K\u00fcrze:<\/strong><\/p>\n<ul data-start=\"515\" data-end=\"654\">\n<li data-start=\"515\" data-end=\"540\">\n<p data-start=\"517\" data-end=\"540\">Maximale Leistung: 25 \/ 6 W<\/p>\n<\/li>\n<li data-start=\"541\" data-end=\"572\">\n<p data-start=\"543\" data-end=\"572\">Nominale Nennspannung: 12 V<\/p>\n<\/li>\n<li data-start=\"573\" data-end=\"602\">\n<p data-start=\"575\" data-end=\"602\">Nennleistung: 21 \/ 5 W<\/p>\n<\/li>\n<li data-start=\"603\" data-end=\"627\">\n<p data-start=\"605\" data-end=\"627\">Pr\u00fcfspannung: 13,5 V<\/p>\n<\/li>\n<li data-start=\"628\" data-end=\"654\">\n<p data-start=\"630\" data-end=\"654\">Lichtstrom: 440 \/ 35 lm<\/p>\n<\/li>\n<\/ul>\n<p data-start=\"656\" data-end=\"833\">Durch die Kombination aus <strong data-start=\"679\" data-end=\"732\">Erschwinglichkeit, Zuverl\u00e4ssigkeit und breite Anwendung<\/strong> Die OSRAM ORIGINAL Serie ist eine naheliegende Wahl, wenn Sie langlebige Signallampen von h\u00f6chster Qualit\u00e4t suchen.<\/p>","protected":false},"excerpt":{"rendered":"<p>Die kosteng\u00fcnstigen Original-Ersatzteile OSRAM ORIGINAL Signalleuchten mit Metallsockel sind robust und zuverl\u00e4ssig und entsprechen der hohen OEM-Qualit\u00e4t, die alle OSRAM-Produkte auszeichnet. Dank der breiten Palette eignen sich die Leuchten als Original-Ersatzteile f\u00fcr viele verschiedene Anwendungen. Technische Daten im \u00dcberblick: Maximale Leistung: 25 \/ 6 W, Nennspannung: 12 V, Nennleistung: 21 \/ 5 W, Pr\u00fcfspannung: [\u2026]<\/p>","protected":false},"featured_media":13233,"comment_status":"open","ping_status":"closed","template":"","meta":{"_acf_changed":false,"_smort_price_nok":"17","_smort_price_dkk":"11","_smort_price_eur":"1.45","_smort_sale_price_nok":"","_smort_sale_price_dkk":"","_smort_sale_price_eur":"","smort_restorder":"","shipmondo_restorder":"","_kad_blocks_custom_css":"","_kad_blocks_head_custom_js":"","_kad_blocks_body_custom_js":"","_kad_blocks_footer_custom_js":"","smort_custom_pricelist_1":"8.96","smort_custom_pricelist_2":"7.68","smort_custom_pricelist_3":"7.68","smort_custom_pricelist_4":"12.8","smort_custom_pricelist_5":"7.68"},"anvandningsomrade":[],"bilmarken":[],"product_brand":[108],"product_cat":[2518,1267,338],"product_tag":[],"class_list":{"0":"post-13227","1":"product","2":"type-product","3":"status-publish","4":"has-post-thumbnail","6":"product_brand-osram","7":"product_cat-bay15d","8":"product_cat-bakljus","9":"product_cat-diodlampor","10":"pa_lampsockel-kontakt-2743","11":"pa_lampsockel-kontakt-bay15d","12":"pa_lampsockel-kontakt-p21-5w","13":"pa_volt-v-159","15":"first","16":"instock","17":"taxable","18":"shipping-taxable","19":"purchasable","20":"product-type-simple"},"bundled_by":[],"bundle_stock_status":"instock","bundle_stock_quantity":84,"bundle_virtual":false,"bundle_layout":"","bundle_add_to_cart_form_location":"","bundle_editable_in_cart":false,"bundle_sold_individually_context":"","bundle_item_grouping":"","bundle_min_size":"","bundle_max_size":"","bundle_price":[],"bundled_items":[],"bundle_sell_ids":[],"acf":[],"yoast_head":"<!-- This site is optimized with the Yoast SEO plugin v27.0 - https:\/\/yoast.com\/product\/yoast-seo-wordpress\/ -->\n<title>Osram | 7528 | METAL BASE P21\/5W (UNPACKED) - Xenonkungen<\/title>\n<meta name=\"robots\" content=\"index, follow, max-snippet:-1, max-image-preview:large, max-video-preview:-1\" \/>\n<link rel=\"canonical\" href=\"https:\/\/xenonkungen.com\/de\/produkt\/osram-7528-metallsockel-p21-5w-unverpackt\/\" \/>\n<meta property=\"og:locale\" content=\"de_DE\" \/>\n<meta property=\"og:type\" content=\"article\" \/>\n<meta property=\"og:title\" content=\"Osram | 7528 | METAL BASE P21\/5W (UNPACKED) - Xenonkungen\" \/>\n<meta property=\"og:description\" content=\"De kostnadseffektiva originalreservdelarna OSRAM ORIGINAL signallampor med metallsockel \u2013 robusta och p\u00e5litliga, med samma h\u00f6ga OEM-kvalitet som k\u00e4nnetecknar alla OSRAM-produkter. Tack vare det breda sortimentet kan lamporna anv\u00e4ndas som originalreservdelar f\u00f6r m\u00e5nga olika till\u00e4mpningar. Tekniska specifikationer i korthet:: Max. effekt: 25 \/ 6 W Nominell m\u00e4rksp\u00e4nning: 12 V Nominell wattal: 21 \/ 5 W Testsp\u00e4nning: [&hellip;]\" \/>\n<meta property=\"og:url\" content=\"https:\/\/xenonkungen.com\/de\/produkt\/osram-7528-metallsockel-p21-5w-unverpackt\/\" \/>\n<meta property=\"og:site_name\" content=\"Xenonkungen\" \/>\n<meta property=\"article:modified_time\" content=\"2026-04-30T02:28:39+00:00\" \/>\n<meta property=\"og:image\" content=\"https:\/\/xenonkungen.com\/wp-content\/uploads\/2025\/09\/Small-for-web-and-ppt-ORIGINAL-P21_5W-7528.jpg\" \/>\n\t<meta property=\"og:image:width\" content=\"1024\" \/>\n\t<meta property=\"og:image:height\" content=\"1663\" \/>\n\t<meta property=\"og:image:type\" content=\"image\/jpeg\" \/>\n<meta name=\"twitter:card\" content=\"summary_large_image\" \/>\n<meta name=\"twitter:label1\" content=\"Gesch\u00e4tzte Lesezeit\" \/>\n\t<meta name=\"twitter:data1\" content=\"1\u00a0Minute\" \/>\n<script type=\"application\/ld+json\" class=\"yoast-schema-graph\">{\"@context\":\"https:\/\/schema.org\",\"@graph\":[{\"@type\":\"WebPage\",\"@id\":\"https:\/\/xenonkungen.com\/produkt\/osram-7528-metal-base-p21-5w-unpacked\/\",\"url\":\"https:\/\/xenonkungen.com\/produkt\/osram-7528-metal-base-p21-5w-unpacked\/\",\"name\":\"Osram | 7528 | METAL BASE P21\/5W (UNPACKED) - Xenonkungen\",\"isPartOf\":{\"@id\":\"https:\/\/xenonkungen.com\/#website\"},\"primaryImageOfPage\":{\"@id\":\"https:\/\/xenonkungen.com\/produkt\/osram-7528-metal-base-p21-5w-unpacked\/#primaryimage\"},\"image\":{\"@id\":\"https:\/\/xenonkungen.com\/produkt\/osram-7528-metal-base-p21-5w-unpacked\/#primaryimage\"},\"thumbnailUrl\":\"https:\/\/xenonkungen.com\/wp-content\/uploads\/2025\/09\/Small-for-web-and-ppt-ORIGINAL-P21_5W-7528.jpg\",\"datePublished\":\"2025-09-03T08:12:11+00:00\",\"dateModified\":\"2026-04-30T02:28:39+00:00\",\"breadcrumb\":{\"@id\":\"https:\/\/xenonkungen.com\/produkt\/osram-7528-metal-base-p21-5w-unpacked\/#breadcrumb\"},\"inLanguage\":\"de\",\"potentialAction\":[{\"@type\":\"ReadAction\",\"target\":[\"https:\/\/xenonkungen.com\/produkt\/osram-7528-metal-base-p21-5w-unpacked\/\"]}]},{\"@type\":\"ImageObject\",\"inLanguage\":\"de\",\"@id\":\"https:\/\/xenonkungen.com\/produkt\/osram-7528-metal-base-p21-5w-unpacked\/#primaryimage\",\"url\":\"https:\/\/xenonkungen.com\/wp-content\/uploads\/2025\/09\/Small-for-web-and-ppt-ORIGINAL-P21_5W-7528.jpg\",\"contentUrl\":\"https:\/\/xenonkungen.com\/wp-content\/uploads\/2025\/09\/Small-for-web-and-ppt-ORIGINAL-P21_5W-7528.jpg\",\"width\":1024,\"height\":1663},{\"@type\":\"BreadcrumbList\",\"@id\":\"https:\/\/xenonkungen.com\/produkt\/osram-7528-metal-base-p21-5w-unpacked\/#breadcrumb\",\"itemListElement\":[{\"@type\":\"ListItem\",\"position\":1,\"name\":\"Hem\",\"item\":\"https:\/\/xenonkungen.com\/\"},{\"@type\":\"ListItem\",\"position\":2,\"name\":\"Shop\",\"item\":\"https:\/\/xenonkungen.com\/shop\/\"},{\"@type\":\"ListItem\",\"position\":3,\"name\":\"Osram | 7528 | METAL BASE P21\/5W (UNPACKED)\"}]},{\"@type\":\"WebSite\",\"@id\":\"https:\/\/xenonkungen.com\/#website\",\"url\":\"https:\/\/xenonkungen.com\/\",\"name\":\"Xenonkungen\",\"description\":\"\",\"potentialAction\":[{\"@type\":\"SearchAction\",\"target\":{\"@type\":\"EntryPoint\",\"urlTemplate\":\"https:\/\/xenonkungen.com\/?s={search_term_string}\"},\"query-input\":{\"@type\":\"PropertyValueSpecification\",\"valueRequired\":true,\"valueName\":\"search_term_string\"}}],\"inLanguage\":\"de\"}]}<\/script>\n<!-- \/ Yoast SEO plugin. -->","yoast_head_json":{"title":"Osram | 7528 | Metallsockel P21\/5W (unverpackt) \u2013 Der Xenon-K\u00f6nig","robots":{"index":"index","follow":"follow","max-snippet":"max-snippet:-1","max-image-preview":"max-image-preview:large","max-video-preview":"max-video-preview:-1"},"canonical":"https:\/\/xenonkungen.com\/de\/produkt\/osram-7528-metallsockel-p21-5w-unverpackt\/","og_locale":"de_DE","og_type":"article","og_title":"Osram | 7528 | METAL BASE P21\/5W (UNPACKED) - Xenonkungen","og_description":"De kostnadseffektiva originalreservdelarna OSRAM ORIGINAL signallampor med metallsockel \u2013 robusta och p\u00e5litliga, med samma h\u00f6ga OEM-kvalitet som k\u00e4nnetecknar alla OSRAM-produkter. Tack vare det breda sortimentet kan lamporna anv\u00e4ndas som originalreservdelar f\u00f6r m\u00e5nga olika till\u00e4mpningar. Tekniska specifikationer i korthet:: Max. effekt: 25 \/ 6 W Nominell m\u00e4rksp\u00e4nning: 12 V Nominell wattal: 21 \/ 5 W Testsp\u00e4nning: [&hellip;]","og_url":"https:\/\/xenonkungen.com\/de\/produkt\/osram-7528-metallsockel-p21-5w-unverpackt\/","og_site_name":"Xenonkungen","article_modified_time":"2026-04-30T02:28:39+00:00","og_image":[{"width":1024,"height":1663,"url":"https:\/\/xenonkungen.com\/wp-content\/uploads\/2025\/09\/Small-for-web-and-ppt-ORIGINAL-P21_5W-7528.jpg","type":"image\/jpeg"}],"twitter_card":"summary_large_image","twitter_misc":{"Gesch\u00e4tzte Lesezeit":"1\u00a0Minute"},"schema":{"@context":"https:\/\/schema.org","@graph":[{"@type":"WebPage","@id":"https:\/\/xenonkungen.com\/produkt\/osram-7528-metal-base-p21-5w-unpacked\/","url":"https:\/\/xenonkungen.com\/produkt\/osram-7528-metal-base-p21-5w-unpacked\/","name":"Osram | 7528 | Metallsockel P21\/5W (unverpackt) \u2013 Der Xenon-K\u00f6nig","isPartOf":{"@id":"https:\/\/xenonkungen.com\/#website"},"primaryImageOfPage":{"@id":"https:\/\/xenonkungen.com\/produkt\/osram-7528-metal-base-p21-5w-unpacked\/#primaryimage"},"image":{"@id":"https:\/\/xenonkungen.com\/produkt\/osram-7528-metal-base-p21-5w-unpacked\/#primaryimage"},"thumbnailUrl":"https:\/\/xenonkungen.com\/wp-content\/uploads\/2025\/09\/Small-for-web-and-ppt-ORIGINAL-P21_5W-7528.jpg","datePublished":"2025-09-03T08:12:11+00:00","dateModified":"2026-04-30T02:28:39+00:00","breadcrumb":{"@id":"https:\/\/xenonkungen.com\/produkt\/osram-7528-metal-base-p21-5w-unpacked\/#breadcrumb"},"inLanguage":"de","potentialAction":[{"@type":"ReadAction","target":["https:\/\/xenonkungen.com\/produkt\/osram-7528-metal-base-p21-5w-unpacked\/"]}]},{"@type":"ImageObject","inLanguage":"de","@id":"https:\/\/xenonkungen.com\/produkt\/osram-7528-metal-base-p21-5w-unpacked\/#primaryimage","url":"https:\/\/xenonkungen.com\/wp-content\/uploads\/2025\/09\/Small-for-web-and-ppt-ORIGINAL-P21_5W-7528.jpg","contentUrl":"https:\/\/xenonkungen.com\/wp-content\/uploads\/2025\/09\/Small-for-web-and-ppt-ORIGINAL-P21_5W-7528.jpg","width":1024,"height":1663},{"@type":"BreadcrumbList","@id":"https:\/\/xenonkungen.com\/produkt\/osram-7528-metal-base-p21-5w-unpacked\/#breadcrumb","itemListElement":[{"@type":"ListItem","position":1,"name":"Hem","item":"https:\/\/xenonkungen.com\/"},{"@type":"ListItem","position":2,"name":"Shop","item":"https:\/\/xenonkungen.com\/shop\/"},{"@type":"ListItem","position":3,"name":"Osram | 7528 | METAL BASE P21\/5W (UNPACKED)"}]},{"@type":"WebSite","@id":"https:\/\/xenonkungen.com\/#website","url":"https:\/\/xenonkungen.com\/","name":"Xenonkungen","description":"","potentialAction":[{"@type":"SearchAction","target":{"@type":"EntryPoint","urlTemplate":"https:\/\/xenonkungen.com\/?s={search_term_string}"},"query-input":{"@type":"PropertyValueSpecification","valueRequired":true,"valueName":"search_term_string"}}],"inLanguage":"de"}]}},"taxonomy_info":{"product_brand":[{"value":108,"label":"OSRAM"}],"product_cat":[{"value":2518,"label":"BAY15D"},{"value":1267,"label":"Bakljus"},{"value":338,"label":"Diodlampor"}],"pa_lampsockel-kontakt":[{"value":2743,"label":"1157"},{"value":2741,"label":"BAY15d"},{"value":2742,"label":"P21\/5W"}],"pa_volt-v":[{"value":159,"label":"12"}]},"featured_image_src_large":["https:\/\/xenonkungen.com\/wp-content\/uploads\/2025\/09\/Small-for-web-and-ppt-ORIGINAL-P21_5W-7528-631x1024.jpg",631,1024,true],"author_info":[],"comment_info":0,"_links":{"self":[{"href":"https:\/\/xenonkungen.com\/de\/wp-json\/wp\/v2\/product\/13227","targetHints":{"allow":["GET"]}}],"collection":[{"href":"https:\/\/xenonkungen.com\/de\/wp-json\/wp\/v2\/product"}],"about":[{"href":"https:\/\/xenonkungen.com\/de\/wp-json\/wp\/v2\/types\/product"}],"replies":[{"embeddable":true,"href":"https:\/\/xenonkungen.com\/de\/wp-json\/wp\/v2\/comments?post=13227"}],"wp:featuredmedia":[{"embeddable":true,"href":"https:\/\/xenonkungen.com\/de\/wp-json\/wp\/v2\/media\/13233"}],"wp:attachment":[{"href":"https:\/\/xenonkungen.com\/de\/wp-json\/wp\/v2\/media?parent=13227"}],"wp:term":[{"taxonomy":"anvandningsomrade","embeddable":true,"href":"https:\/\/xenonkungen.com\/de\/wp-json\/wp\/v2\/anvandningsomrade?post=13227"},{"taxonomy":"bilmarken","embeddable":true,"href":"https:\/\/xenonkungen.com\/de\/wp-json\/wp\/v2\/bilmarken?post=13227"},{"taxonomy":"product_brand","embeddable":true,"href":"https:\/\/xenonkungen.com\/de\/wp-json\/wp\/v2\/product_brand?post=13227"},{"taxonomy":"product_cat","embeddable":true,"href":"https:\/\/xenonkungen.com\/de\/wp-json\/wp\/v2\/product_cat?post=13227"},{"taxonomy":"product_tag","embeddable":true,"href":"https:\/\/xenonkungen.com\/de\/wp-json\/wp\/v2\/product_tag?post=13227"}],"curies":[{"name":"wp","href":"https:\/\/api.w.org\/{rel}","templated":true}]}}