{"id":13255,"date":"2025-09-03T14:08:49","date_gmt":"2025-09-03T14:08:49","guid":{"rendered":"https:\/\/xenonkungen.com\/?post_type=product&#038;p=13255"},"modified":"2026-04-24T17:36:31","modified_gmt":"2026-04-24T16:36:31","slug":"osram-original-line-h7-faltschachtel","status":"publish","type":"product","link":"https:\/\/xenonkungen.com\/de\/produkt\/osram-original-line-h7-faltschachtel\/","title":{"rendered":"Osram | ORIGINAL LINE H7 (FOLDING BOX)"},"content":{"rendered":"<h3 data-start=\"76\" data-end=\"124\">Die kosteng\u00fcnstigen Original-Ersatzteile<\/h3>\n<p data-start=\"126\" data-end=\"405\"><strong data-start=\"126\" data-end=\"163\">OSRAM ORIGINAL LINE Halogenlampen<\/strong> \u2013 robust, zuverl\u00e4ssig und kosteng\u00fcnstig \u2013 sie bieten unter normalen Bedingungen zuverl\u00e4ssige Leistung. Sie werden bereits erfolgreich in Millionen von Neuwagen namhafter Hersteller eingesetzt, sowohl als Serienausstattung als auch als Originalersatzteile.<\/p>\n<p data-start=\"407\" data-end=\"438\"><strong data-start=\"407\" data-end=\"436\">Technische Daten:<\/strong><\/p>\n<ul data-start=\"439\" data-end=\"566\">\n<li data-start=\"439\" data-end=\"460\">\n<p data-start=\"441\" data-end=\"460\">Maximale Leistung: 58 W<\/p>\n<\/li>\n<li data-start=\"461\" data-end=\"492\">\n<p data-start=\"463\" data-end=\"492\">Nominale Nennspannung: 12 V<\/p>\n<\/li>\n<li data-start=\"493\" data-end=\"518\">\n<p data-start=\"495\" data-end=\"518\">Nennleistung: 55 W<\/p>\n<\/li>\n<li data-start=\"519\" data-end=\"543\">\n<p data-start=\"521\" data-end=\"543\">Pr\u00fcfspannung: 13,2 V<\/p>\n<\/li>\n<li data-start=\"544\" data-end=\"566\">\n<p data-start=\"546\" data-end=\"566\">Lichtstrom: 1500 lm<\/p>\n<\/li>\n<\/ul>\n<p data-start=\"568\" data-end=\"763\">Die Kombination aus <strong data-start=\"585\" data-end=\"660\">Ausgezeichnetes Preis-Leistungs-Verh\u00e4ltnis, zuverl\u00e4ssige OEM-Qualit\u00e4t und ein breites Sortiment<\/strong> Das macht ORIGINAL LINE zur naheliegenden Wahl f\u00fcr Fahrer, die langlebige und zuverl\u00e4ssige Ersatzteile suchen.<\/p>","protected":false},"excerpt":{"rendered":"<p>De kostnadseffektiva originalreservdelarna OSRAM ORIGINAL LINE halogenlampor \u2013 robusta, p\u00e5litliga och kostnadseffektiva \u2013 levererar p\u00e5litlig prestanda under normala f\u00f6rh\u00e5llanden. De anv\u00e4nds redan framg\u00e5ngsrikt i miljontals nya bilar fr\u00e5n v\u00e4lk\u00e4nda tillverkare, b\u00e5de som standardutrustning och som originalreservdelar. Tekniska specifikationer: Max. effekt: 58 W Nominell m\u00e4rksp\u00e4nning: 12 V Nominell wattal: 55 W Testsp\u00e4nning: 13,2 V Ljusfl\u00f6de: 1500 [&hellip;]<\/p>","protected":false},"featured_media":13259,"comment_status":"open","ping_status":"closed","template":"","meta":{"_acf_changed":false,"_smort_price_nok":"52","_smort_price_dkk":"33","_smort_price_eur":"4.45","_smort_sale_price_nok":"","_smort_sale_price_dkk":"","_smort_sale_price_eur":"","smort_restorder":"","shipmondo_restorder":"","_kad_blocks_custom_css":"","_kad_blocks_head_custom_js":"","_kad_blocks_body_custom_js":"","_kad_blocks_footer_custom_js":"","smort_custom_pricelist_1":"31.36","smort_custom_pricelist_2":"27.44","smort_custom_pricelist_3":"25.48","smort_custom_pricelist_4":"39.2","smort_custom_pricelist_5":"27.44"},"anvandningsomrade":[],"bilmarken":[],"product_brand":[108],"product_cat":[2543,733],"product_tag":[],"class_list":{"0":"post-13255","1":"product","2":"type-product","3":"status-publish","4":"has-post-thumbnail","6":"product_brand-osram","7":"product_cat-halogen-halvljus-helljus","8":"product_cat-halvljus-helljus","9":"pa_lampsockel-kontakt-h7","10":"pa_lampsockel-kontakt-px26d","11":"pa_volt-v-159","13":"first","14":"instock","15":"taxable","16":"shipping-taxable","17":"purchasable","18":"product-type-simple"},"bundled_by":[],"bundle_stock_status":"instock","bundle_stock_quantity":33,"bundle_virtual":false,"bundle_layout":"","bundle_add_to_cart_form_location":"","bundle_editable_in_cart":false,"bundle_sold_individually_context":"","bundle_item_grouping":"","bundle_min_size":"","bundle_max_size":"","bundle_price":[],"bundled_items":[],"bundle_sell_ids":[],"acf":[],"yoast_head":"<!-- This site is optimized with the Yoast SEO plugin v27.0 - https:\/\/yoast.com\/product\/yoast-seo-wordpress\/ -->\n<title>Osram | ORIGINAL LINE H7 (FOLDING BOX) - Xenonkungen<\/title>\n<meta name=\"robots\" content=\"index, follow, max-snippet:-1, max-image-preview:large, max-video-preview:-1\" \/>\n<link rel=\"canonical\" href=\"https:\/\/xenonkungen.com\/de\/produkt\/osram-original-line-h7-faltschachtel\/\" \/>\n<meta property=\"og:locale\" content=\"de_DE\" \/>\n<meta property=\"og:type\" content=\"article\" \/>\n<meta property=\"og:title\" content=\"Osram | ORIGINAL LINE H7 (FOLDING BOX) - Xenonkungen\" \/>\n<meta property=\"og:description\" content=\"De kostnadseffektiva originalreservdelarna OSRAM ORIGINAL LINE halogenlampor \u2013 robusta, p\u00e5litliga och kostnadseffektiva \u2013 levererar p\u00e5litlig prestanda under normala f\u00f6rh\u00e5llanden. De anv\u00e4nds redan framg\u00e5ngsrikt i miljontals nya bilar fr\u00e5n v\u00e4lk\u00e4nda tillverkare, b\u00e5de som standardutrustning och som originalreservdelar. Tekniska specifikationer: Max. effekt: 58 W Nominell m\u00e4rksp\u00e4nning: 12 V Nominell wattal: 55 W Testsp\u00e4nning: 13,2 V Ljusfl\u00f6de: 1500 [&hellip;]\" \/>\n<meta property=\"og:url\" content=\"https:\/\/xenonkungen.com\/de\/produkt\/osram-original-line-h7-faltschachtel\/\" \/>\n<meta property=\"og:site_name\" content=\"Xenonkungen\" \/>\n<meta property=\"article:modified_time\" content=\"2026-04-24T16:36:31+00:00\" \/>\n<meta property=\"og:image\" content=\"https:\/\/xenonkungen.com\/wp-content\/uploads\/2025\/09\/ORIGINAL-H7-64210.webp\" \/>\n\t<meta property=\"og:image:width\" content=\"900\" \/>\n\t<meta property=\"og:image:height\" content=\"989\" \/>\n\t<meta property=\"og:image:type\" content=\"image\/webp\" \/>\n<meta name=\"twitter:card\" content=\"summary_large_image\" \/>\n<meta name=\"twitter:label1\" content=\"Gesch\u00e4tzte Lesezeit\" \/>\n\t<meta name=\"twitter:data1\" content=\"1\u00a0Minute\" \/>\n<script type=\"application\/ld+json\" class=\"yoast-schema-graph\">{\"@context\":\"https:\/\/schema.org\",\"@graph\":[{\"@type\":\"WebPage\",\"@id\":\"https:\/\/xenonkungen.com\/produkt\/osram-original-line-h7-folding-box\/\",\"url\":\"https:\/\/xenonkungen.com\/produkt\/osram-original-line-h7-folding-box\/\",\"name\":\"Osram | ORIGINAL LINE H7 (FOLDING BOX) - Xenonkungen\",\"isPartOf\":{\"@id\":\"https:\/\/xenonkungen.com\/#website\"},\"primaryImageOfPage\":{\"@id\":\"https:\/\/xenonkungen.com\/produkt\/osram-original-line-h7-folding-box\/#primaryimage\"},\"image\":{\"@id\":\"https:\/\/xenonkungen.com\/produkt\/osram-original-line-h7-folding-box\/#primaryimage\"},\"thumbnailUrl\":\"https:\/\/xenonkungen.com\/wp-content\/uploads\/2025\/09\/ORIGINAL-H7-64210.webp\",\"datePublished\":\"2025-09-03T14:08:49+00:00\",\"dateModified\":\"2026-04-24T16:36:31+00:00\",\"breadcrumb\":{\"@id\":\"https:\/\/xenonkungen.com\/produkt\/osram-original-line-h7-folding-box\/#breadcrumb\"},\"inLanguage\":\"de\",\"potentialAction\":[{\"@type\":\"ReadAction\",\"target\":[\"https:\/\/xenonkungen.com\/produkt\/osram-original-line-h7-folding-box\/\"]}]},{\"@type\":\"ImageObject\",\"inLanguage\":\"de\",\"@id\":\"https:\/\/xenonkungen.com\/produkt\/osram-original-line-h7-folding-box\/#primaryimage\",\"url\":\"https:\/\/xenonkungen.com\/wp-content\/uploads\/2025\/09\/ORIGINAL-H7-64210.webp\",\"contentUrl\":\"https:\/\/xenonkungen.com\/wp-content\/uploads\/2025\/09\/ORIGINAL-H7-64210.webp\",\"width\":900,\"height\":989},{\"@type\":\"BreadcrumbList\",\"@id\":\"https:\/\/xenonkungen.com\/produkt\/osram-original-line-h7-folding-box\/#breadcrumb\",\"itemListElement\":[{\"@type\":\"ListItem\",\"position\":1,\"name\":\"Hem\",\"item\":\"https:\/\/xenonkungen.com\/\"},{\"@type\":\"ListItem\",\"position\":2,\"name\":\"Shop\",\"item\":\"https:\/\/xenonkungen.com\/shop\/\"},{\"@type\":\"ListItem\",\"position\":3,\"name\":\"Osram | ORIGINAL LINE H7 (FOLDING BOX)\"}]},{\"@type\":\"WebSite\",\"@id\":\"https:\/\/xenonkungen.com\/#website\",\"url\":\"https:\/\/xenonkungen.com\/\",\"name\":\"Xenonkungen\",\"description\":\"\",\"potentialAction\":[{\"@type\":\"SearchAction\",\"target\":{\"@type\":\"EntryPoint\",\"urlTemplate\":\"https:\/\/xenonkungen.com\/?s={search_term_string}\"},\"query-input\":{\"@type\":\"PropertyValueSpecification\",\"valueRequired\":true,\"valueName\":\"search_term_string\"}}],\"inLanguage\":\"de\"}]}<\/script>\n<!-- \/ Yoast SEO plugin. -->","yoast_head_json":{"title":"Osram | ORIGINAL LINE H7 (KLAPPBOX) \u2013 Der Xenon-K\u00f6nig","robots":{"index":"index","follow":"follow","max-snippet":"max-snippet:-1","max-image-preview":"max-image-preview:large","max-video-preview":"max-video-preview:-1"},"canonical":"https:\/\/xenonkungen.com\/de\/produkt\/osram-original-line-h7-faltschachtel\/","og_locale":"de_DE","og_type":"article","og_title":"Osram | ORIGINAL LINE H7 (FOLDING BOX) - Xenonkungen","og_description":"De kostnadseffektiva originalreservdelarna OSRAM ORIGINAL LINE halogenlampor \u2013 robusta, p\u00e5litliga och kostnadseffektiva \u2013 levererar p\u00e5litlig prestanda under normala f\u00f6rh\u00e5llanden. De anv\u00e4nds redan framg\u00e5ngsrikt i miljontals nya bilar fr\u00e5n v\u00e4lk\u00e4nda tillverkare, b\u00e5de som standardutrustning och som originalreservdelar. Tekniska specifikationer: Max. effekt: 58 W Nominell m\u00e4rksp\u00e4nning: 12 V Nominell wattal: 55 W Testsp\u00e4nning: 13,2 V Ljusfl\u00f6de: 1500 [&hellip;]","og_url":"https:\/\/xenonkungen.com\/de\/produkt\/osram-original-line-h7-faltschachtel\/","og_site_name":"Xenonkungen","article_modified_time":"2026-04-24T16:36:31+00:00","og_image":[{"width":900,"height":989,"url":"https:\/\/xenonkungen.com\/wp-content\/uploads\/2025\/09\/ORIGINAL-H7-64210.webp","type":"image\/webp"}],"twitter_card":"summary_large_image","twitter_misc":{"Gesch\u00e4tzte Lesezeit":"1\u00a0Minute"},"schema":{"@context":"https:\/\/schema.org","@graph":[{"@type":"WebPage","@id":"https:\/\/xenonkungen.com\/produkt\/osram-original-line-h7-folding-box\/","url":"https:\/\/xenonkungen.com\/produkt\/osram-original-line-h7-folding-box\/","name":"Osram | ORIGINAL LINE H7 (KLAPPBOX) \u2013 Der Xenon-K\u00f6nig","isPartOf":{"@id":"https:\/\/xenonkungen.com\/#website"},"primaryImageOfPage":{"@id":"https:\/\/xenonkungen.com\/produkt\/osram-original-line-h7-folding-box\/#primaryimage"},"image":{"@id":"https:\/\/xenonkungen.com\/produkt\/osram-original-line-h7-folding-box\/#primaryimage"},"thumbnailUrl":"https:\/\/xenonkungen.com\/wp-content\/uploads\/2025\/09\/ORIGINAL-H7-64210.webp","datePublished":"2025-09-03T14:08:49+00:00","dateModified":"2026-04-24T16:36:31+00:00","breadcrumb":{"@id":"https:\/\/xenonkungen.com\/produkt\/osram-original-line-h7-folding-box\/#breadcrumb"},"inLanguage":"de","potentialAction":[{"@type":"ReadAction","target":["https:\/\/xenonkungen.com\/produkt\/osram-original-line-h7-folding-box\/"]}]},{"@type":"ImageObject","inLanguage":"de","@id":"https:\/\/xenonkungen.com\/produkt\/osram-original-line-h7-folding-box\/#primaryimage","url":"https:\/\/xenonkungen.com\/wp-content\/uploads\/2025\/09\/ORIGINAL-H7-64210.webp","contentUrl":"https:\/\/xenonkungen.com\/wp-content\/uploads\/2025\/09\/ORIGINAL-H7-64210.webp","width":900,"height":989},{"@type":"BreadcrumbList","@id":"https:\/\/xenonkungen.com\/produkt\/osram-original-line-h7-folding-box\/#breadcrumb","itemListElement":[{"@type":"ListItem","position":1,"name":"Hem","item":"https:\/\/xenonkungen.com\/"},{"@type":"ListItem","position":2,"name":"Shop","item":"https:\/\/xenonkungen.com\/shop\/"},{"@type":"ListItem","position":3,"name":"Osram | ORIGINAL LINE H7 (FOLDING BOX)"}]},{"@type":"WebSite","@id":"https:\/\/xenonkungen.com\/#website","url":"https:\/\/xenonkungen.com\/","name":"Xenonkungen","description":"","potentialAction":[{"@type":"SearchAction","target":{"@type":"EntryPoint","urlTemplate":"https:\/\/xenonkungen.com\/?s={search_term_string}"},"query-input":{"@type":"PropertyValueSpecification","valueRequired":true,"valueName":"search_term_string"}}],"inLanguage":"de"}]}},"taxonomy_info":{"product_brand":[{"value":108,"label":"OSRAM"}],"product_cat":[{"value":2543,"label":"Halogen"},{"value":733,"label":"Halvljus \/ Helljus"}],"pa_lampsockel-kontakt":[{"value":206,"label":"H7"},{"value":2150,"label":"PX26d"}],"pa_volt-v":[{"value":159,"label":"12"}]},"featured_image_src_large":["https:\/\/xenonkungen.com\/wp-content\/uploads\/2025\/09\/ORIGINAL-H7-64210.webp",900,989,false],"author_info":[],"comment_info":0,"_links":{"self":[{"href":"https:\/\/xenonkungen.com\/de\/wp-json\/wp\/v2\/product\/13255","targetHints":{"allow":["GET"]}}],"collection":[{"href":"https:\/\/xenonkungen.com\/de\/wp-json\/wp\/v2\/product"}],"about":[{"href":"https:\/\/xenonkungen.com\/de\/wp-json\/wp\/v2\/types\/product"}],"replies":[{"embeddable":true,"href":"https:\/\/xenonkungen.com\/de\/wp-json\/wp\/v2\/comments?post=13255"}],"wp:featuredmedia":[{"embeddable":true,"href":"https:\/\/xenonkungen.com\/de\/wp-json\/wp\/v2\/media\/13259"}],"wp:attachment":[{"href":"https:\/\/xenonkungen.com\/de\/wp-json\/wp\/v2\/media?parent=13255"}],"wp:term":[{"taxonomy":"anvandningsomrade","embeddable":true,"href":"https:\/\/xenonkungen.com\/de\/wp-json\/wp\/v2\/anvandningsomrade?post=13255"},{"taxonomy":"bilmarken","embeddable":true,"href":"https:\/\/xenonkungen.com\/de\/wp-json\/wp\/v2\/bilmarken?post=13255"},{"taxonomy":"product_brand","embeddable":true,"href":"https:\/\/xenonkungen.com\/de\/wp-json\/wp\/v2\/product_brand?post=13255"},{"taxonomy":"product_cat","embeddable":true,"href":"https:\/\/xenonkungen.com\/de\/wp-json\/wp\/v2\/product_cat?post=13255"},{"taxonomy":"product_tag","embeddable":true,"href":"https:\/\/xenonkungen.com\/de\/wp-json\/wp\/v2\/product_tag?post=13255"}],"curies":[{"name":"wp","href":"https:\/\/api.w.org\/{rel}","templated":true}]}}