{"id":13293,"date":"2025-09-04T06:43:01","date_gmt":"2025-09-04T06:43:01","guid":{"rendered":"https:\/\/xenonkungen.com\/?post_type=product&#038;p=13293"},"modified":"2026-04-04T01:21:20","modified_gmt":"2026-04-04T00:21:20","slug":"osram-ledriving-hlm-easy-hs1","status":"publish","type":"product","link":"https:\/\/xenonkungen.com\/de\/produkt\/osram-ledriving-hlm-easy-hs1\/","title":{"rendered":"OSRAM LEDriving HLM EASY HS1"},"content":{"rendered":"<h3 data-start=\"93\" data-end=\"171\">LED-Fern- und Abblendlicht - einfache Nachr\u00fcstung f\u00fcr Motorr\u00e4der<\/h3>\n<p data-start=\"173\" data-end=\"409\"><strong data-start=\"173\" data-end=\"201\">OSRAM LEDriving HLM EASY<\/strong> ist die intelligente Plug &amp; Play-L\u00f6sung f\u00fcr die Nachr\u00fcstung herk\u00f6mmlicher Motorradscheinwerfer. Mit einer <strong data-start=\"304\" data-end=\"335\">kaltwei\u00dfes LED-Licht von 6000 K<\/strong> erhalten Sie ein modernes und elegantes Aussehen in Kombination mit \u00fcberragender Helligkeit.<\/p>\n<p data-start=\"411\" data-end=\"706\">Dank der neuesten LED-Technologie und einer sehr kompakten Bauweise bieten die Leuchten eine hohe Kompatibilit\u00e4t und einen einfachen Einbau in eine Vielzahl von Motorradmodellen. Sie sind kompatibel mit <strong data-start=\"594\" data-end=\"612\">12 V und AC\/DC<\/strong> und hat eine lange Lebensdauer - perfekt f\u00fcr alle, die Stil, Funktion und Zuverl\u00e4ssigkeit kombinieren wollen.<\/p>\n<p data-start=\"708\" data-end=\"739\"><strong data-start=\"708\" data-end=\"737\">Technische Daten:<\/strong><\/p>\n<ul data-start=\"740\" data-end=\"829\">\n<li data-start=\"740\" data-end=\"766\">\n<p data-start=\"742\" data-end=\"766\">Farbtemperatur: 6000 K<\/p>\n<\/li>\n<li data-start=\"767\" data-end=\"798\">\n<p data-start=\"769\" data-end=\"798\">Nominale Nennspannung: 12 V<\/p>\n<\/li>\n<li data-start=\"799\" data-end=\"829\">\n<p data-start=\"801\" data-end=\"829\">Max. Leistung: 6,0 W \/ 5,0 W<\/p>\n<\/li>\n<\/ul>\n<p data-start=\"831\" data-end=\"1164\"><strong>Bitte beachten:<\/strong> Diese Produkte sind <strong data-start=\"864\" data-end=\"885\">nicht ECE-zugelassen<\/strong> und d\u00fcrfen daher nicht auf \u00f6ffentlichen Stra\u00dfen im Au\u00dfenbereich verwendet werden. Die Verwendung im \u00f6ffentlichen Stra\u00dfenverkehr kann zum Entzug des F\u00fchrerscheins und zum Erl\u00f6schen der Versicherungspolice f\u00fchren. Der Verkauf und die Verwendung ist in einigen L\u00e4ndern verboten - erkundigen Sie sich immer bei Ihrem H\u00e4ndler vor Ort.<\/p>","protected":false},"excerpt":{"rendered":"<p>LED-lampor f\u00f6r helljus och halvljus \u2013 enkel uppgradering f\u00f6r motorcyklar OSRAM LEDriving HLM EASY \u00e4r den smarta plug &amp; play-l\u00f6sningen f\u00f6r att uppgradera konventionella motorcykelstr\u00e5lkastare. Med ett kallvitt LED-ljus p\u00e5 6000 K f\u00e5r du en modern och elegant look kombinerat med \u00f6verl\u00e4gsen ljusstyrka. Tack vare den senaste LED-tekniken och en mycket kompakt design erbjuder lamporna [&hellip;]<\/p>","protected":false},"featured_media":13296,"comment_status":"open","ping_status":"closed","template":"","meta":{"_acf_changed":false,"_smort_price_nok":"208","_smort_price_dkk":"132","_smort_price_eur":"17.73","_smort_sale_price_nok":"","_smort_sale_price_dkk":"","_smort_sale_price_eur":"","smort_restorder":"","shipmondo_restorder":"","_kad_blocks_custom_css":"","_kad_blocks_head_custom_js":"","_kad_blocks_body_custom_js":"","_kad_blocks_footer_custom_js":"","smort_custom_pricelist_1":"124.8","smort_custom_pricelist_2":"109.2","smort_custom_pricelist_3":"101.4","smort_custom_pricelist_4":"156","smort_custom_pricelist_5":"109.2"},"anvandningsomrade":[165,2709,234],"bilmarken":[],"product_brand":[108],"product_cat":[16],"product_tag":[],"class_list":{"0":"post-13293","1":"product","2":"type-product","3":"status-publish","4":"has-post-thumbnail","6":"anvandningsomrade-atv","7":"anvandningsomrade-atv-snoskoter","8":"anvandningsomrade-mc","9":"product_brand-osram","10":"product_cat-uncategorized","11":"pa_fargtemperatur-6000k","12":"pa_lampsockel-kontakt-px43t","13":"pa_volt-v-159","15":"first","16":"onbackorder","17":"taxable","18":"shipping-taxable","19":"purchasable","20":"product-type-simple"},"bundled_by":[],"bundle_stock_status":"onbackorder","bundle_stock_quantity":-2,"bundle_virtual":false,"bundle_layout":"","bundle_add_to_cart_form_location":"","bundle_editable_in_cart":false,"bundle_sold_individually_context":"","bundle_item_grouping":"","bundle_min_size":"","bundle_max_size":"","bundle_price":[],"bundled_items":[],"bundle_sell_ids":[],"acf":[],"yoast_head":"<!-- This site is optimized with the Yoast SEO plugin v27.0 - https:\/\/yoast.com\/product\/yoast-seo-wordpress\/ -->\n<title>OSRAM LEDriving HLM EASY HS1 - Xenonkungen<\/title>\n<meta name=\"robots\" content=\"index, follow, max-snippet:-1, max-image-preview:large, max-video-preview:-1\" \/>\n<link rel=\"canonical\" href=\"https:\/\/xenonkungen.com\/de\/produkt\/osram-ledriving-hlm-easy-hs1\/\" \/>\n<meta property=\"og:locale\" content=\"de_DE\" \/>\n<meta property=\"og:type\" content=\"article\" \/>\n<meta property=\"og:title\" content=\"OSRAM LEDriving HLM EASY HS1 - Xenonkungen\" \/>\n<meta property=\"og:description\" content=\"LED-lampor f\u00f6r helljus och halvljus \u2013 enkel uppgradering f\u00f6r motorcyklar OSRAM LEDriving HLM EASY \u00e4r den smarta plug &amp; play-l\u00f6sningen f\u00f6r att uppgradera konventionella motorcykelstr\u00e5lkastare. Med ett kallvitt LED-ljus p\u00e5 6000 K f\u00e5r du en modern och elegant look kombinerat med \u00f6verl\u00e4gsen ljusstyrka. Tack vare den senaste LED-tekniken och en mycket kompakt design erbjuder lamporna [&hellip;]\" \/>\n<meta property=\"og:url\" content=\"https:\/\/xenonkungen.com\/de\/produkt\/osram-ledriving-hlm-easy-hs1\/\" \/>\n<meta property=\"og:site_name\" content=\"Xenonkungen\" \/>\n<meta property=\"article:modified_time\" content=\"2026-04-04T00:21:20+00:00\" \/>\n<meta property=\"og:image\" content=\"https:\/\/xenonkungen.com\/wp-content\/uploads\/2025\/09\/Small-for-web-and-ppt-PI_PX43t_PY26d-1_12V_5.5W.TIF.jpg\" \/>\n\t<meta property=\"og:image:width\" content=\"1024\" \/>\n\t<meta property=\"og:image:height\" content=\"1024\" \/>\n\t<meta property=\"og:image:type\" content=\"image\/jpeg\" \/>\n<meta name=\"twitter:card\" content=\"summary_large_image\" \/>\n<meta name=\"twitter:label1\" content=\"Gesch\u00e4tzte Lesezeit\" \/>\n\t<meta name=\"twitter:data1\" content=\"1\u00a0Minute\" \/>\n<script type=\"application\/ld+json\" class=\"yoast-schema-graph\">{\"@context\":\"https:\/\/schema.org\",\"@graph\":[{\"@type\":\"WebPage\",\"@id\":\"https:\/\/xenonkungen.com\/produkt\/osram-ledriving-hlm-easy-hs1\/\",\"url\":\"https:\/\/xenonkungen.com\/produkt\/osram-ledriving-hlm-easy-hs1\/\",\"name\":\"OSRAM LEDriving HLM EASY HS1 - Xenonkungen\",\"isPartOf\":{\"@id\":\"https:\/\/xenonkungen.com\/#website\"},\"primaryImageOfPage\":{\"@id\":\"https:\/\/xenonkungen.com\/produkt\/osram-ledriving-hlm-easy-hs1\/#primaryimage\"},\"image\":{\"@id\":\"https:\/\/xenonkungen.com\/produkt\/osram-ledriving-hlm-easy-hs1\/#primaryimage\"},\"thumbnailUrl\":\"https:\/\/xenonkungen.com\/wp-content\/uploads\/2025\/09\/Small-for-web-and-ppt-PI_PX43t_PY26d-1_12V_5.5W.TIF.jpg\",\"datePublished\":\"2025-09-04T06:43:01+00:00\",\"dateModified\":\"2026-04-04T00:21:20+00:00\",\"breadcrumb\":{\"@id\":\"https:\/\/xenonkungen.com\/produkt\/osram-ledriving-hlm-easy-hs1\/#breadcrumb\"},\"inLanguage\":\"de\",\"potentialAction\":[{\"@type\":\"ReadAction\",\"target\":[\"https:\/\/xenonkungen.com\/produkt\/osram-ledriving-hlm-easy-hs1\/\"]}]},{\"@type\":\"ImageObject\",\"inLanguage\":\"de\",\"@id\":\"https:\/\/xenonkungen.com\/produkt\/osram-ledriving-hlm-easy-hs1\/#primaryimage\",\"url\":\"https:\/\/xenonkungen.com\/wp-content\/uploads\/2025\/09\/Small-for-web-and-ppt-PI_PX43t_PY26d-1_12V_5.5W.TIF.jpg\",\"contentUrl\":\"https:\/\/xenonkungen.com\/wp-content\/uploads\/2025\/09\/Small-for-web-and-ppt-PI_PX43t_PY26d-1_12V_5.5W.TIF.jpg\",\"width\":1024,\"height\":1024},{\"@type\":\"BreadcrumbList\",\"@id\":\"https:\/\/xenonkungen.com\/produkt\/osram-ledriving-hlm-easy-hs1\/#breadcrumb\",\"itemListElement\":[{\"@type\":\"ListItem\",\"position\":1,\"name\":\"Hem\",\"item\":\"https:\/\/xenonkungen.com\/\"},{\"@type\":\"ListItem\",\"position\":2,\"name\":\"Shop\",\"item\":\"https:\/\/xenonkungen.com\/shop\/\"},{\"@type\":\"ListItem\",\"position\":3,\"name\":\"OSRAM LEDriving HLM EASY HS1\"}]},{\"@type\":\"WebSite\",\"@id\":\"https:\/\/xenonkungen.com\/#website\",\"url\":\"https:\/\/xenonkungen.com\/\",\"name\":\"Xenonkungen\",\"description\":\"\",\"potentialAction\":[{\"@type\":\"SearchAction\",\"target\":{\"@type\":\"EntryPoint\",\"urlTemplate\":\"https:\/\/xenonkungen.com\/?s={search_term_string}\"},\"query-input\":{\"@type\":\"PropertyValueSpecification\",\"valueRequired\":true,\"valueName\":\"search_term_string\"}}],\"inLanguage\":\"de\"}]}<\/script>\n<!-- \/ Yoast SEO plugin. -->","yoast_head_json":{"title":"OSRAM LEDriving HLM EASY HS1 \u2013 Der Xenon-K\u00f6nig","robots":{"index":"index","follow":"follow","max-snippet":"max-snippet:-1","max-image-preview":"max-image-preview:large","max-video-preview":"max-video-preview:-1"},"canonical":"https:\/\/xenonkungen.com\/de\/produkt\/osram-ledriving-hlm-easy-hs1\/","og_locale":"de_DE","og_type":"article","og_title":"OSRAM LEDriving HLM EASY HS1 - Xenonkungen","og_description":"LED-lampor f\u00f6r helljus och halvljus \u2013 enkel uppgradering f\u00f6r motorcyklar OSRAM LEDriving HLM EASY \u00e4r den smarta plug &amp; play-l\u00f6sningen f\u00f6r att uppgradera konventionella motorcykelstr\u00e5lkastare. Med ett kallvitt LED-ljus p\u00e5 6000 K f\u00e5r du en modern och elegant look kombinerat med \u00f6verl\u00e4gsen ljusstyrka. Tack vare den senaste LED-tekniken och en mycket kompakt design erbjuder lamporna [&hellip;]","og_url":"https:\/\/xenonkungen.com\/de\/produkt\/osram-ledriving-hlm-easy-hs1\/","og_site_name":"Xenonkungen","article_modified_time":"2026-04-04T00:21:20+00:00","og_image":[{"width":1024,"height":1024,"url":"https:\/\/xenonkungen.com\/wp-content\/uploads\/2025\/09\/Small-for-web-and-ppt-PI_PX43t_PY26d-1_12V_5.5W.TIF.jpg","type":"image\/jpeg"}],"twitter_card":"summary_large_image","twitter_misc":{"Gesch\u00e4tzte Lesezeit":"1\u00a0Minute"},"schema":{"@context":"https:\/\/schema.org","@graph":[{"@type":"WebPage","@id":"https:\/\/xenonkungen.com\/produkt\/osram-ledriving-hlm-easy-hs1\/","url":"https:\/\/xenonkungen.com\/produkt\/osram-ledriving-hlm-easy-hs1\/","name":"OSRAM LEDriving HLM EASY HS1 \u2013 Der Xenon-K\u00f6nig","isPartOf":{"@id":"https:\/\/xenonkungen.com\/#website"},"primaryImageOfPage":{"@id":"https:\/\/xenonkungen.com\/produkt\/osram-ledriving-hlm-easy-hs1\/#primaryimage"},"image":{"@id":"https:\/\/xenonkungen.com\/produkt\/osram-ledriving-hlm-easy-hs1\/#primaryimage"},"thumbnailUrl":"https:\/\/xenonkungen.com\/wp-content\/uploads\/2025\/09\/Small-for-web-and-ppt-PI_PX43t_PY26d-1_12V_5.5W.TIF.jpg","datePublished":"2025-09-04T06:43:01+00:00","dateModified":"2026-04-04T00:21:20+00:00","breadcrumb":{"@id":"https:\/\/xenonkungen.com\/produkt\/osram-ledriving-hlm-easy-hs1\/#breadcrumb"},"inLanguage":"de","potentialAction":[{"@type":"ReadAction","target":["https:\/\/xenonkungen.com\/produkt\/osram-ledriving-hlm-easy-hs1\/"]}]},{"@type":"ImageObject","inLanguage":"de","@id":"https:\/\/xenonkungen.com\/produkt\/osram-ledriving-hlm-easy-hs1\/#primaryimage","url":"https:\/\/xenonkungen.com\/wp-content\/uploads\/2025\/09\/Small-for-web-and-ppt-PI_PX43t_PY26d-1_12V_5.5W.TIF.jpg","contentUrl":"https:\/\/xenonkungen.com\/wp-content\/uploads\/2025\/09\/Small-for-web-and-ppt-PI_PX43t_PY26d-1_12V_5.5W.TIF.jpg","width":1024,"height":1024},{"@type":"BreadcrumbList","@id":"https:\/\/xenonkungen.com\/produkt\/osram-ledriving-hlm-easy-hs1\/#breadcrumb","itemListElement":[{"@type":"ListItem","position":1,"name":"Hem","item":"https:\/\/xenonkungen.com\/"},{"@type":"ListItem","position":2,"name":"Shop","item":"https:\/\/xenonkungen.com\/shop\/"},{"@type":"ListItem","position":3,"name":"OSRAM LEDriving HLM EASY HS1"}]},{"@type":"WebSite","@id":"https:\/\/xenonkungen.com\/#website","url":"https:\/\/xenonkungen.com\/","name":"Xenonkungen","description":"","potentialAction":[{"@type":"SearchAction","target":{"@type":"EntryPoint","urlTemplate":"https:\/\/xenonkungen.com\/?s={search_term_string}"},"query-input":{"@type":"PropertyValueSpecification","valueRequired":true,"valueName":"search_term_string"}}],"inLanguage":"de"}]}},"taxonomy_info":{"anvandningsomrade":[{"value":165,"label":"ATV"},{"value":2709,"label":"ATV \/ Sn\u00f6skoter"},{"value":234,"label":"MC"}],"product_brand":[{"value":108,"label":"OSRAM"}],"product_cat":[{"value":16,"label":"Uncategorized"}],"pa_fargtemperatur":[{"value":188,"label":"6000K"}],"pa_lampsockel-kontakt":[{"value":2745,"label":"PX43t"}],"pa_volt-v":[{"value":159,"label":"12"}]},"featured_image_src_large":["https:\/\/xenonkungen.com\/wp-content\/uploads\/2025\/09\/Small-for-web-and-ppt-PI_PX43t_PY26d-1_12V_5.5W.TIF.jpg",1024,1024,false],"author_info":[],"comment_info":0,"_links":{"self":[{"href":"https:\/\/xenonkungen.com\/de\/wp-json\/wp\/v2\/product\/13293","targetHints":{"allow":["GET"]}}],"collection":[{"href":"https:\/\/xenonkungen.com\/de\/wp-json\/wp\/v2\/product"}],"about":[{"href":"https:\/\/xenonkungen.com\/de\/wp-json\/wp\/v2\/types\/product"}],"replies":[{"embeddable":true,"href":"https:\/\/xenonkungen.com\/de\/wp-json\/wp\/v2\/comments?post=13293"}],"wp:featuredmedia":[{"embeddable":true,"href":"https:\/\/xenonkungen.com\/de\/wp-json\/wp\/v2\/media\/13296"}],"wp:attachment":[{"href":"https:\/\/xenonkungen.com\/de\/wp-json\/wp\/v2\/media?parent=13293"}],"wp:term":[{"taxonomy":"anvandningsomrade","embeddable":true,"href":"https:\/\/xenonkungen.com\/de\/wp-json\/wp\/v2\/anvandningsomrade?post=13293"},{"taxonomy":"bilmarken","embeddable":true,"href":"https:\/\/xenonkungen.com\/de\/wp-json\/wp\/v2\/bilmarken?post=13293"},{"taxonomy":"product_brand","embeddable":true,"href":"https:\/\/xenonkungen.com\/de\/wp-json\/wp\/v2\/product_brand?post=13293"},{"taxonomy":"product_cat","embeddable":true,"href":"https:\/\/xenonkungen.com\/de\/wp-json\/wp\/v2\/product_cat?post=13293"},{"taxonomy":"product_tag","embeddable":true,"href":"https:\/\/xenonkungen.com\/de\/wp-json\/wp\/v2\/product_tag?post=13293"}],"curies":[{"name":"wp","href":"https:\/\/api.w.org\/{rel}","templated":true}]}}