{"id":13309,"date":"2025-09-04T09:04:04","date_gmt":"2025-09-04T09:04:04","guid":{"rendered":"https:\/\/xenonkungen.com\/?post_type=product&#038;p=13309"},"modified":"2026-04-11T01:23:30","modified_gmt":"2026-04-11T00:23:30","slug":"osram-6418-original-festoon-c5w-36-mm-unverpackt","status":"publish","type":"product","link":"https:\/\/xenonkungen.com\/de\/produkt\/osram-6418-original-festoon-c5w-36-mm-unverpackt\/","title":{"rendered":"Osram | 6418 | ORIGINAL FESTOON C5W 36 mm (UNVERPACKT)"},"content":{"rendered":"<h3 data-start=\"69\" data-end=\"117\">Die kosteng\u00fcnstigen Original-Ersatzteile<\/h3>\n<p data-start=\"119\" data-end=\"362\"><strong data-start=\"119\" data-end=\"148\">OSRAM ORIGINAL Wendellampen<\/strong> Mit bew\u00e4hrter OEM-Qualit\u00e4t ist es die zuverl\u00e4ssige Wahl als Originalersatzteil f\u00fcr eine Vielzahl von Anwendungen. H\u00e4ufige Anwendungsbereiche sind: <strong data-start=\"286\" data-end=\"359\">Kennzeichenbeleuchtung, Positionsleuchten, Innenraumbeleuchtung und Leseleuchten<\/strong>.<\/p>\n<p data-start=\"364\" data-end=\"395\"><strong data-start=\"364\" data-end=\"393\">Technische Daten:<\/strong><\/p>\n<ul data-start=\"396\" data-end=\"544\">\n<li data-start=\"396\" data-end=\"416\">\n<p data-start=\"398\" data-end=\"416\">Max. Leistung: 5 W<\/p>\n<\/li>\n<li data-start=\"417\" data-end=\"448\">\n<p data-start=\"419\" data-end=\"448\">Nominale Nennspannung: 12 V<\/p>\n<\/li>\n<li data-start=\"449\" data-end=\"473\">\n<p data-start=\"451\" data-end=\"473\">Nennleistung: 5 W<\/p>\n<\/li>\n<li data-start=\"474\" data-end=\"498\">\n<p data-start=\"476\" data-end=\"498\">Pr\u00fcfspannung: 13,5 V<\/p>\n<\/li>\n<li data-start=\"499\" data-end=\"519\">\n<p data-start=\"501\" data-end=\"519\">Lichtstrom: 45 lm<\/p>\n<\/li>\n<li data-start=\"520\" data-end=\"544\">\n<p data-start=\"522\" data-end=\"544\">Sockel: C5W, SV8.5-8<\/p>\n<\/li>\n<\/ul>\n<p data-start=\"546\" data-end=\"695\">Durch die Kombination von <strong data-start=\"567\" data-end=\"613\">Erstausr\u00fcsterqualit\u00e4t, Erschwinglichkeit und Vielseitigkeit<\/strong> OSRAM ORIGINAL Scheibenwaschlampen sind sowohl f\u00fcr Autofahrer als auch f\u00fcr Werkst\u00e4tten eine naheliegende Wahl.<\/p>","protected":false},"excerpt":{"rendered":"<p>De kostnadseffektiva originalreservdelarna OSRAM ORIGINAL spollampor med bepr\u00f6vad OEM-kvalitet \u00e4r det p\u00e5litliga valet som originalreservdelar f\u00f6r en m\u00e4ngd olika applikationer. Vanliga anv\u00e4ndningsomr\u00e5den \u00e4r nummerskyltsbelysning, positionsljus, interi\u00f6rbelysning och l\u00e4slampor. Tekniska specifikationer: Max. effekt: 5 W Nominell m\u00e4rksp\u00e4nning: 12 V Nominell wattal: 5 W Testsp\u00e4nning: 13,5 V Ljusfl\u00f6de: 45 lm Sockel: C5W, SV8.5-8 Med kombinationen av OEM-kvalitet, [&hellip;]<\/p>","protected":false},"featured_media":13311,"comment_status":"open","ping_status":"closed","template":"","meta":{"_acf_changed":false,"_smort_price_nok":"13","_smort_price_dkk":"8","_smort_price_eur":"1.09","_smort_sale_price_nok":"","_smort_sale_price_dkk":"","_smort_sale_price_eur":"","smort_restorder":"","shipmondo_restorder":"","_kad_blocks_custom_css":"","_kad_blocks_head_custom_js":"","_kad_blocks_body_custom_js":"","_kad_blocks_footer_custom_js":"","smort_custom_pricelist_1":"6.72","smort_custom_pricelist_2":"5.76","smort_custom_pricelist_3":"5.76","smort_custom_pricelist_4":"9.6","smort_custom_pricelist_5":"5.76"},"anvandningsomrade":[],"bilmarken":[],"product_brand":[108],"product_cat":[2454,2452,2453,338],"product_tag":[],"class_list":{"0":"post-13309","1":"product","2":"type-product","3":"status-publish","4":"has-post-thumbnail","6":"product_brand-osram","7":"product_cat-31-42mm","8":"product_cat-c5w","9":"product_cat-sv85","10":"product_cat-diodlampor","11":"pa_lampsockel-kontakt-c5w","12":"pa_lampsockel-kontakt-sv8-5-8","13":"pa_volt-v-159","15":"first","16":"instock","17":"taxable","18":"shipping-taxable","19":"purchasable","20":"product-type-simple"},"bundled_by":[],"bundle_stock_status":"instock","bundle_stock_quantity":48,"bundle_virtual":false,"bundle_layout":"","bundle_add_to_cart_form_location":"","bundle_editable_in_cart":false,"bundle_sold_individually_context":"","bundle_item_grouping":"","bundle_min_size":"","bundle_max_size":"","bundle_price":[],"bundled_items":[],"bundle_sell_ids":[],"acf":[],"yoast_head":"<!-- This site is optimized with the Yoast SEO plugin v27.0 - https:\/\/yoast.com\/product\/yoast-seo-wordpress\/ -->\n<title>Osram | 6418 | ORIGINAL FESTOON C5W 36 mm (UNPACKED) - Xenonkungen<\/title>\n<meta name=\"robots\" content=\"index, follow, max-snippet:-1, max-image-preview:large, max-video-preview:-1\" \/>\n<link rel=\"canonical\" href=\"https:\/\/xenonkungen.com\/de\/produkt\/osram-6418-original-festoon-c5w-36-mm-unverpackt\/\" \/>\n<meta property=\"og:locale\" content=\"de_DE\" \/>\n<meta property=\"og:type\" content=\"article\" \/>\n<meta property=\"og:title\" content=\"Osram | 6418 | ORIGINAL FESTOON C5W 36 mm (UNPACKED) - Xenonkungen\" \/>\n<meta property=\"og:description\" content=\"De kostnadseffektiva originalreservdelarna OSRAM ORIGINAL spollampor med bepr\u00f6vad OEM-kvalitet \u00e4r det p\u00e5litliga valet som originalreservdelar f\u00f6r en m\u00e4ngd olika applikationer. Vanliga anv\u00e4ndningsomr\u00e5den \u00e4r nummerskyltsbelysning, positionsljus, interi\u00f6rbelysning och l\u00e4slampor. Tekniska specifikationer: Max. effekt: 5 W Nominell m\u00e4rksp\u00e4nning: 12 V Nominell wattal: 5 W Testsp\u00e4nning: 13,5 V Ljusfl\u00f6de: 45 lm Sockel: C5W, SV8.5-8 Med kombinationen av OEM-kvalitet, [&hellip;]\" \/>\n<meta property=\"og:url\" content=\"https:\/\/xenonkungen.com\/de\/produkt\/osram-6418-original-festoon-c5w-36-mm-unverpackt\/\" \/>\n<meta property=\"og:site_name\" content=\"Xenonkungen\" \/>\n<meta property=\"article:modified_time\" content=\"2026-04-11T00:23:30+00:00\" \/>\n<meta name=\"twitter:card\" content=\"summary_large_image\" \/>\n<meta name=\"twitter:label1\" content=\"Gesch\u00e4tzte Lesezeit\" \/>\n\t<meta name=\"twitter:data1\" content=\"1\u00a0Minute\" \/>\n<script type=\"application\/ld+json\" class=\"yoast-schema-graph\">{\"@context\":\"https:\/\/schema.org\",\"@graph\":[{\"@type\":\"WebPage\",\"@id\":\"https:\/\/xenonkungen.com\/produkt\/osram-6418-original-festoon-c5w-36-mm-unpacked\/\",\"url\":\"https:\/\/xenonkungen.com\/produkt\/osram-6418-original-festoon-c5w-36-mm-unpacked\/\",\"name\":\"Osram | 6418 | ORIGINAL FESTOON C5W 36 mm (UNPACKED) - Xenonkungen\",\"isPartOf\":{\"@id\":\"https:\/\/xenonkungen.com\/#website\"},\"primaryImageOfPage\":{\"@id\":\"https:\/\/xenonkungen.com\/produkt\/osram-6418-original-festoon-c5w-36-mm-unpacked\/#primaryimage\"},\"image\":{\"@id\":\"https:\/\/xenonkungen.com\/produkt\/osram-6418-original-festoon-c5w-36-mm-unpacked\/#primaryimage\"},\"thumbnailUrl\":\"https:\/\/xenonkungen.com\/wp-content\/uploads\/2025\/09\/ORIGINAL-C5W-6418-1.avif\",\"datePublished\":\"2025-09-04T09:04:04+00:00\",\"dateModified\":\"2026-04-11T00:23:30+00:00\",\"breadcrumb\":{\"@id\":\"https:\/\/xenonkungen.com\/produkt\/osram-6418-original-festoon-c5w-36-mm-unpacked\/#breadcrumb\"},\"inLanguage\":\"de\",\"potentialAction\":[{\"@type\":\"ReadAction\",\"target\":[\"https:\/\/xenonkungen.com\/produkt\/osram-6418-original-festoon-c5w-36-mm-unpacked\/\"]}]},{\"@type\":\"ImageObject\",\"inLanguage\":\"de\",\"@id\":\"https:\/\/xenonkungen.com\/produkt\/osram-6418-original-festoon-c5w-36-mm-unpacked\/#primaryimage\",\"url\":\"https:\/\/xenonkungen.com\/wp-content\/uploads\/2025\/09\/ORIGINAL-C5W-6418-1.avif\",\"contentUrl\":\"https:\/\/xenonkungen.com\/wp-content\/uploads\/2025\/09\/ORIGINAL-C5W-6418-1.avif\",\"width\":900,\"height\":1565},{\"@type\":\"BreadcrumbList\",\"@id\":\"https:\/\/xenonkungen.com\/produkt\/osram-6418-original-festoon-c5w-36-mm-unpacked\/#breadcrumb\",\"itemListElement\":[{\"@type\":\"ListItem\",\"position\":1,\"name\":\"Hem\",\"item\":\"https:\/\/xenonkungen.com\/\"},{\"@type\":\"ListItem\",\"position\":2,\"name\":\"Shop\",\"item\":\"https:\/\/xenonkungen.com\/shop\/\"},{\"@type\":\"ListItem\",\"position\":3,\"name\":\"Osram | 6418 | ORIGINAL FESTOON C5W 36 mm (UNPACKED)\"}]},{\"@type\":\"WebSite\",\"@id\":\"https:\/\/xenonkungen.com\/#website\",\"url\":\"https:\/\/xenonkungen.com\/\",\"name\":\"Xenonkungen\",\"description\":\"\",\"potentialAction\":[{\"@type\":\"SearchAction\",\"target\":{\"@type\":\"EntryPoint\",\"urlTemplate\":\"https:\/\/xenonkungen.com\/?s={search_term_string}\"},\"query-input\":{\"@type\":\"PropertyValueSpecification\",\"valueRequired\":true,\"valueName\":\"search_term_string\"}}],\"inLanguage\":\"de\"}]}<\/script>\n<!-- \/ Yoast SEO plugin. -->","yoast_head_json":{"title":"Osram | 6418 | ORIGINAL FESTOON C5W 36mm (UNVERPACKT) - Der Xenon-K\u00f6nig","robots":{"index":"index","follow":"follow","max-snippet":"max-snippet:-1","max-image-preview":"max-image-preview:large","max-video-preview":"max-video-preview:-1"},"canonical":"https:\/\/xenonkungen.com\/de\/produkt\/osram-6418-original-festoon-c5w-36-mm-unverpackt\/","og_locale":"de_DE","og_type":"article","og_title":"Osram | 6418 | ORIGINAL FESTOON C5W 36 mm (UNPACKED) - Xenonkungen","og_description":"De kostnadseffektiva originalreservdelarna OSRAM ORIGINAL spollampor med bepr\u00f6vad OEM-kvalitet \u00e4r det p\u00e5litliga valet som originalreservdelar f\u00f6r en m\u00e4ngd olika applikationer. Vanliga anv\u00e4ndningsomr\u00e5den \u00e4r nummerskyltsbelysning, positionsljus, interi\u00f6rbelysning och l\u00e4slampor. Tekniska specifikationer: Max. effekt: 5 W Nominell m\u00e4rksp\u00e4nning: 12 V Nominell wattal: 5 W Testsp\u00e4nning: 13,5 V Ljusfl\u00f6de: 45 lm Sockel: C5W, SV8.5-8 Med kombinationen av OEM-kvalitet, [&hellip;]","og_url":"https:\/\/xenonkungen.com\/de\/produkt\/osram-6418-original-festoon-c5w-36-mm-unverpackt\/","og_site_name":"Xenonkungen","article_modified_time":"2026-04-11T00:23:30+00:00","twitter_card":"summary_large_image","twitter_misc":{"Gesch\u00e4tzte Lesezeit":"1\u00a0Minute"},"schema":{"@context":"https:\/\/schema.org","@graph":[{"@type":"WebPage","@id":"https:\/\/xenonkungen.com\/produkt\/osram-6418-original-festoon-c5w-36-mm-unpacked\/","url":"https:\/\/xenonkungen.com\/produkt\/osram-6418-original-festoon-c5w-36-mm-unpacked\/","name":"Osram | 6418 | ORIGINAL FESTOON C5W 36mm (UNVERPACKT) - Der Xenon-K\u00f6nig","isPartOf":{"@id":"https:\/\/xenonkungen.com\/#website"},"primaryImageOfPage":{"@id":"https:\/\/xenonkungen.com\/produkt\/osram-6418-original-festoon-c5w-36-mm-unpacked\/#primaryimage"},"image":{"@id":"https:\/\/xenonkungen.com\/produkt\/osram-6418-original-festoon-c5w-36-mm-unpacked\/#primaryimage"},"thumbnailUrl":"https:\/\/xenonkungen.com\/wp-content\/uploads\/2025\/09\/ORIGINAL-C5W-6418-1.avif","datePublished":"2025-09-04T09:04:04+00:00","dateModified":"2026-04-11T00:23:30+00:00","breadcrumb":{"@id":"https:\/\/xenonkungen.com\/produkt\/osram-6418-original-festoon-c5w-36-mm-unpacked\/#breadcrumb"},"inLanguage":"de","potentialAction":[{"@type":"ReadAction","target":["https:\/\/xenonkungen.com\/produkt\/osram-6418-original-festoon-c5w-36-mm-unpacked\/"]}]},{"@type":"ImageObject","inLanguage":"de","@id":"https:\/\/xenonkungen.com\/produkt\/osram-6418-original-festoon-c5w-36-mm-unpacked\/#primaryimage","url":"https:\/\/xenonkungen.com\/wp-content\/uploads\/2025\/09\/ORIGINAL-C5W-6418-1.avif","contentUrl":"https:\/\/xenonkungen.com\/wp-content\/uploads\/2025\/09\/ORIGINAL-C5W-6418-1.avif","width":900,"height":1565},{"@type":"BreadcrumbList","@id":"https:\/\/xenonkungen.com\/produkt\/osram-6418-original-festoon-c5w-36-mm-unpacked\/#breadcrumb","itemListElement":[{"@type":"ListItem","position":1,"name":"Hem","item":"https:\/\/xenonkungen.com\/"},{"@type":"ListItem","position":2,"name":"Shop","item":"https:\/\/xenonkungen.com\/shop\/"},{"@type":"ListItem","position":3,"name":"Osram | 6418 | ORIGINAL FESTOON C5W 36 mm (UNPACKED)"}]},{"@type":"WebSite","@id":"https:\/\/xenonkungen.com\/#website","url":"https:\/\/xenonkungen.com\/","name":"Xenonkungen","description":"","potentialAction":[{"@type":"SearchAction","target":{"@type":"EntryPoint","urlTemplate":"https:\/\/xenonkungen.com\/?s={search_term_string}"},"query-input":{"@type":"PropertyValueSpecification","valueRequired":true,"valueName":"search_term_string"}}],"inLanguage":"de"}]}},"taxonomy_info":{"product_brand":[{"value":108,"label":"OSRAM"}],"product_cat":[{"value":2454,"label":"31-42mm"},{"value":2452,"label":"C5W"},{"value":2453,"label":"SV8,5"},{"value":338,"label":"Diodlampor"}],"pa_lampsockel-kontakt":[{"value":380,"label":"C5W"},{"value":2747,"label":"SV8.5-8"}],"pa_volt-v":[{"value":159,"label":"12"}]},"featured_image_src_large":["https:\/\/xenonkungen.com\/wp-content\/uploads\/2025\/09\/ORIGINAL-C5W-6418-1-589x1024.avif",589,1024,true],"author_info":[],"comment_info":0,"_links":{"self":[{"href":"https:\/\/xenonkungen.com\/de\/wp-json\/wp\/v2\/product\/13309","targetHints":{"allow":["GET"]}}],"collection":[{"href":"https:\/\/xenonkungen.com\/de\/wp-json\/wp\/v2\/product"}],"about":[{"href":"https:\/\/xenonkungen.com\/de\/wp-json\/wp\/v2\/types\/product"}],"replies":[{"embeddable":true,"href":"https:\/\/xenonkungen.com\/de\/wp-json\/wp\/v2\/comments?post=13309"}],"wp:featuredmedia":[{"embeddable":true,"href":"https:\/\/xenonkungen.com\/de\/wp-json\/wp\/v2\/media\/13311"}],"wp:attachment":[{"href":"https:\/\/xenonkungen.com\/de\/wp-json\/wp\/v2\/media?parent=13309"}],"wp:term":[{"taxonomy":"anvandningsomrade","embeddable":true,"href":"https:\/\/xenonkungen.com\/de\/wp-json\/wp\/v2\/anvandningsomrade?post=13309"},{"taxonomy":"bilmarken","embeddable":true,"href":"https:\/\/xenonkungen.com\/de\/wp-json\/wp\/v2\/bilmarken?post=13309"},{"taxonomy":"product_brand","embeddable":true,"href":"https:\/\/xenonkungen.com\/de\/wp-json\/wp\/v2\/product_brand?post=13309"},{"taxonomy":"product_cat","embeddable":true,"href":"https:\/\/xenonkungen.com\/de\/wp-json\/wp\/v2\/product_cat?post=13309"},{"taxonomy":"product_tag","embeddable":true,"href":"https:\/\/xenonkungen.com\/de\/wp-json\/wp\/v2\/product_tag?post=13309"}],"curies":[{"name":"wp","href":"https:\/\/api.w.org\/{rel}","templated":true}]}}