{"id":13966,"date":"2025-09-18T12:30:48","date_gmt":"2025-09-18T12:30:48","guid":{"rendered":"https:\/\/xenonkungen.com\/?post_type=product&#038;p=13966"},"modified":"2026-04-11T01:41:54","modified_gmt":"2026-04-11T00:41:54","slug":"ledwise-rogue-taschenlampe","status":"publish","type":"product","link":"https:\/\/xenonkungen.com\/de\/produkt\/ledwise-rogue-taschenlampe\/","title":{"rendered":"LEDwise Rogue Taschenlampe"},"content":{"rendered":"<h3 data-start=\"75\" data-end=\"124\">LEDWISE ROGUE \u2013 Klein, aber brutal leistungsstark<\/h3>\n<p data-start=\"125\" data-end=\"461\">Lassen Sie sich nicht von der Gr\u00f6\u00dfe t\u00e4uschen \u2013 <strong data-start=\"159\" data-end=\"176\">LEDWISE ROGUE<\/strong> ist eine Mini-Lampe, die liefert <strong data-start=\"207\" data-end=\"243\">Schockierende 600 Lumen Helligkeit<\/strong> in einem ultrakompakten Format. Mit seinem <strong data-start=\"280\" data-end=\"323\">Nur 55 mm lang und 27 Gramm schwer.<\/strong> (ohne Batterie) erh\u00e4lt man eine Taschenlampe, die handlich genug ist, um sie \u00fcberallhin mitzunehmen \u2013 aber gleichzeitig stark genug, um selbst die dunkelsten Umgebungen auszuleuchten.<\/p>\n<p data-start=\"463\" data-end=\"697\">Der robuste Rahmen von <strong data-start=\"484\" data-end=\"513\">Aluminiumlegierung 6061-T6<\/strong> ist so konstruiert, dass sie sowohl allt\u00e4glicher Beanspruchung als auch St\u00f6\u00dfen standh\u00e4lt. Die Lampe ist <strong data-start=\"586\" data-end=\"631\">sehr breit gef\u00e4chert und effektiv f\u00fcr den unmittelbaren Bereich<\/strong>, verf\u00fcgt aber auch \u00fcber die Kraft, bei Bedarf gr\u00f6\u00dfere Entfernungen zu \u00fcberbr\u00fccken.<\/p>\n<p data-start=\"699\" data-end=\"830\">Med <strong data-start=\"703\" data-end=\"721\">vier Beleuchtungsmodi<\/strong> Sie k\u00f6nnen je nach Bedarf ganz einfach umschalten \u2013 von dezentem Licht bis hin zu voller Leistung mit bis zu <strong data-start=\"801\" data-end=\"827\">70 Minuten Akkulaufzeit<\/strong>.<\/p>\n<p data-start=\"832\" data-end=\"854\"><strong data-start=\"832\" data-end=\"852\">Spezifikationen:<\/strong><\/p>\n<ul data-start=\"855\" data-end=\"1138\">\n<li data-start=\"855\" data-end=\"879\">\n<p data-start=\"857\" data-end=\"879\">600 Lumen Helligkeit<\/p>\n<\/li>\n<li data-start=\"880\" data-end=\"930\">\n<p data-start=\"882\" data-end=\"930\">Nur 55 mm lang und 27 g leicht (ohne Batterie).<\/p>\n<\/li>\n<li data-start=\"931\" data-end=\"979\">\n<p data-start=\"933\" data-end=\"979\">Rahmen aus robuster 6061-T6 Aluminiumlegierung<\/p>\n<\/li>\n<li data-start=\"980\" data-end=\"1041\">\n<p data-start=\"982\" data-end=\"1041\">Breites Lichtfeld f\u00fcr Naharbeiten \u2013 Reichweite auch auf Distanz<\/p>\n<\/li>\n<li data-start=\"1042\" data-end=\"1087\">\n<p data-start=\"1044\" data-end=\"1087\">Vier Helligkeitsstufen f\u00fcr maximale Flexibilit\u00e4t<\/p>\n<\/li>\n<li data-start=\"1088\" data-end=\"1138\">\n<p data-start=\"1090\" data-end=\"1138\">Bis zu 70 Minuten Akkulaufzeit bei voller Leistung<\/p>\n<\/li>\n<\/ul>\n<p data-start=\"1140\" data-end=\"1195\"><strong data-start=\"1140\" data-end=\"1193\">LEDWISE ROGUE \u2013 die kleine Lampe mit enormer Leistung.<\/strong><\/p>","protected":false},"excerpt":{"rendered":"<p>LEDWISE ROGUE \u2013 Liten men brutalt kraftfull L\u00e5t dig inte luras av storleken \u2013 LEDWISE ROGUE \u00e4r en minilampa som levererar chockerande 600 lumen ljusstyrka i ett ultrakompakt format. Med sina endast 55 mm i l\u00e4ngd och 27 gram i vikt (utan batteri) f\u00e5r du en ficklampa som \u00e4r smidig nog att b\u00e4ra med dig [&hellip;]<\/p>","protected":false},"featured_media":13968,"comment_status":"open","ping_status":"closed","template":"","meta":{"_acf_changed":false,"_smort_price_nok":"742","_smort_price_dkk":"472","_smort_price_eur":"63.18","_smort_sale_price_nok":"","_smort_sale_price_dkk":"","_smort_sale_price_eur":"","smort_restorder":"","shipmondo_restorder":"","_kad_blocks_custom_css":"","_kad_blocks_head_custom_js":"","_kad_blocks_body_custom_js":"","_kad_blocks_footer_custom_js":"","smort_custom_pricelist_1":"444.8","smort_custom_pricelist_2":"389.2","smort_custom_pricelist_3":"361.4","smort_custom_pricelist_4":"556","smort_custom_pricelist_5":"389.2"},"anvandningsomrade":[],"bilmarken":[],"product_brand":[102],"product_cat":[1320],"product_tag":[],"class_list":{"0":"post-13966","1":"product","2":"type-product","3":"status-publish","4":"has-post-thumbnail","6":"product_brand-ledwise","7":"product_cat-ficklampor","9":"first","10":"onbackorder","11":"taxable","12":"shipping-taxable","13":"purchasable","14":"product-type-simple"},"bundled_by":[],"bundle_stock_status":"onbackorder","bundle_stock_quantity":0,"bundle_virtual":false,"bundle_layout":"","bundle_add_to_cart_form_location":"","bundle_editable_in_cart":false,"bundle_sold_individually_context":"","bundle_item_grouping":"","bundle_min_size":"","bundle_max_size":"","bundle_price":[],"bundled_items":[],"bundle_sell_ids":[],"acf":[],"yoast_head":"<!-- This site is optimized with the Yoast SEO plugin v27.0 - https:\/\/yoast.com\/product\/yoast-seo-wordpress\/ -->\n<title>Ledwise Rogue Ficklampa - Xenonkungen<\/title>\n<meta name=\"robots\" content=\"index, follow, max-snippet:-1, max-image-preview:large, max-video-preview:-1\" \/>\n<link rel=\"canonical\" href=\"https:\/\/xenonkungen.com\/de\/produkt\/ledwise-rogue-taschenlampe\/\" \/>\n<meta property=\"og:locale\" content=\"de_DE\" \/>\n<meta property=\"og:type\" content=\"article\" \/>\n<meta property=\"og:title\" content=\"Ledwise Rogue Ficklampa - Xenonkungen\" \/>\n<meta property=\"og:description\" content=\"LEDWISE ROGUE \u2013 Liten men brutalt kraftfull L\u00e5t dig inte luras av storleken \u2013 LEDWISE ROGUE \u00e4r en minilampa som levererar chockerande 600 lumen ljusstyrka i ett ultrakompakt format. Med sina endast 55 mm i l\u00e4ngd och 27 gram i vikt (utan batteri) f\u00e5r du en ficklampa som \u00e4r smidig nog att b\u00e4ra med dig [&hellip;]\" \/>\n<meta property=\"og:url\" content=\"https:\/\/xenonkungen.com\/de\/produkt\/ledwise-rogue-taschenlampe\/\" \/>\n<meta property=\"og:site_name\" content=\"Xenonkungen\" \/>\n<meta property=\"article:modified_time\" content=\"2026-04-11T00:41:54+00:00\" \/>\n<meta property=\"og:image\" content=\"https:\/\/xenonkungen.com\/wp-content\/uploads\/2025\/09\/1700-AT786-2.jpg\" \/>\n\t<meta property=\"og:image:width\" content=\"476\" \/>\n\t<meta property=\"og:image:height\" content=\"476\" \/>\n\t<meta property=\"og:image:type\" content=\"image\/jpeg\" \/>\n<meta name=\"twitter:card\" content=\"summary_large_image\" \/>\n<meta name=\"twitter:label1\" content=\"Gesch\u00e4tzte Lesezeit\" \/>\n\t<meta name=\"twitter:data1\" content=\"2\u00a0Minuten\" \/>\n<script type=\"application\/ld+json\" class=\"yoast-schema-graph\">{\"@context\":\"https:\/\/schema.org\",\"@graph\":[{\"@type\":\"WebPage\",\"@id\":\"https:\/\/xenonkungen.com\/en\/product\/ledwise-rogue-ficklampa\/\",\"url\":\"https:\/\/xenonkungen.com\/en\/product\/ledwise-rogue-ficklampa\/\",\"name\":\"Ledwise Rogue Ficklampa - Xenonkungen\",\"isPartOf\":{\"@id\":\"https:\/\/xenonkungen.com\/#website\"},\"primaryImageOfPage\":{\"@id\":\"https:\/\/xenonkungen.com\/en\/product\/ledwise-rogue-ficklampa\/#primaryimage\"},\"image\":{\"@id\":\"https:\/\/xenonkungen.com\/en\/product\/ledwise-rogue-ficklampa\/#primaryimage\"},\"thumbnailUrl\":\"https:\/\/xenonkungen.com\/wp-content\/uploads\/2025\/09\/1700-AT786-2.jpg\",\"datePublished\":\"2025-09-18T12:30:48+00:00\",\"dateModified\":\"2026-04-11T00:41:54+00:00\",\"breadcrumb\":{\"@id\":\"https:\/\/xenonkungen.com\/en\/product\/ledwise-rogue-ficklampa\/#breadcrumb\"},\"inLanguage\":\"de\",\"potentialAction\":[{\"@type\":\"ReadAction\",\"target\":[\"https:\/\/xenonkungen.com\/en\/product\/ledwise-rogue-ficklampa\/\"]}]},{\"@type\":\"ImageObject\",\"inLanguage\":\"de\",\"@id\":\"https:\/\/xenonkungen.com\/en\/product\/ledwise-rogue-ficklampa\/#primaryimage\",\"url\":\"https:\/\/xenonkungen.com\/wp-content\/uploads\/2025\/09\/1700-AT786-2.jpg\",\"contentUrl\":\"https:\/\/xenonkungen.com\/wp-content\/uploads\/2025\/09\/1700-AT786-2.jpg\",\"width\":476,\"height\":476},{\"@type\":\"BreadcrumbList\",\"@id\":\"https:\/\/xenonkungen.com\/en\/product\/ledwise-rogue-ficklampa\/#breadcrumb\",\"itemListElement\":[{\"@type\":\"ListItem\",\"position\":1,\"name\":\"Hem\",\"item\":\"https:\/\/xenonkungen.com\/\"},{\"@type\":\"ListItem\",\"position\":2,\"name\":\"Shop\",\"item\":\"https:\/\/xenonkungen.com\/shop\/\"},{\"@type\":\"ListItem\",\"position\":3,\"name\":\"Ledwise Rogue Ficklampa\"}]},{\"@type\":\"WebSite\",\"@id\":\"https:\/\/xenonkungen.com\/#website\",\"url\":\"https:\/\/xenonkungen.com\/\",\"name\":\"Xenonkungen\",\"description\":\"\",\"potentialAction\":[{\"@type\":\"SearchAction\",\"target\":{\"@type\":\"EntryPoint\",\"urlTemplate\":\"https:\/\/xenonkungen.com\/?s={search_term_string}\"},\"query-input\":{\"@type\":\"PropertyValueSpecification\",\"valueRequired\":true,\"valueName\":\"search_term_string\"}}],\"inLanguage\":\"de\"}]}<\/script>\n<!-- \/ Yoast SEO plugin. -->","yoast_head_json":{"title":"Ledwise Rogue Taschenlampe - Xenon King","robots":{"index":"index","follow":"follow","max-snippet":"max-snippet:-1","max-image-preview":"max-image-preview:large","max-video-preview":"max-video-preview:-1"},"canonical":"https:\/\/xenonkungen.com\/de\/produkt\/ledwise-rogue-taschenlampe\/","og_locale":"de_DE","og_type":"article","og_title":"Ledwise Rogue Ficklampa - Xenonkungen","og_description":"LEDWISE ROGUE \u2013 Liten men brutalt kraftfull L\u00e5t dig inte luras av storleken \u2013 LEDWISE ROGUE \u00e4r en minilampa som levererar chockerande 600 lumen ljusstyrka i ett ultrakompakt format. Med sina endast 55 mm i l\u00e4ngd och 27 gram i vikt (utan batteri) f\u00e5r du en ficklampa som \u00e4r smidig nog att b\u00e4ra med dig [&hellip;]","og_url":"https:\/\/xenonkungen.com\/de\/produkt\/ledwise-rogue-taschenlampe\/","og_site_name":"Xenonkungen","article_modified_time":"2026-04-11T00:41:54+00:00","og_image":[{"width":476,"height":476,"url":"https:\/\/xenonkungen.com\/wp-content\/uploads\/2025\/09\/1700-AT786-2.jpg","type":"image\/jpeg"}],"twitter_card":"summary_large_image","twitter_misc":{"Gesch\u00e4tzte Lesezeit":"2\u00a0Minuten"},"schema":{"@context":"https:\/\/schema.org","@graph":[{"@type":"WebPage","@id":"https:\/\/xenonkungen.com\/en\/product\/ledwise-rogue-ficklampa\/","url":"https:\/\/xenonkungen.com\/en\/product\/ledwise-rogue-ficklampa\/","name":"Ledwise Rogue Taschenlampe - Xenon King","isPartOf":{"@id":"https:\/\/xenonkungen.com\/#website"},"primaryImageOfPage":{"@id":"https:\/\/xenonkungen.com\/en\/product\/ledwise-rogue-ficklampa\/#primaryimage"},"image":{"@id":"https:\/\/xenonkungen.com\/en\/product\/ledwise-rogue-ficklampa\/#primaryimage"},"thumbnailUrl":"https:\/\/xenonkungen.com\/wp-content\/uploads\/2025\/09\/1700-AT786-2.jpg","datePublished":"2025-09-18T12:30:48+00:00","dateModified":"2026-04-11T00:41:54+00:00","breadcrumb":{"@id":"https:\/\/xenonkungen.com\/en\/product\/ledwise-rogue-ficklampa\/#breadcrumb"},"inLanguage":"de","potentialAction":[{"@type":"ReadAction","target":["https:\/\/xenonkungen.com\/en\/product\/ledwise-rogue-ficklampa\/"]}]},{"@type":"ImageObject","inLanguage":"de","@id":"https:\/\/xenonkungen.com\/en\/product\/ledwise-rogue-ficklampa\/#primaryimage","url":"https:\/\/xenonkungen.com\/wp-content\/uploads\/2025\/09\/1700-AT786-2.jpg","contentUrl":"https:\/\/xenonkungen.com\/wp-content\/uploads\/2025\/09\/1700-AT786-2.jpg","width":476,"height":476},{"@type":"BreadcrumbList","@id":"https:\/\/xenonkungen.com\/en\/product\/ledwise-rogue-ficklampa\/#breadcrumb","itemListElement":[{"@type":"ListItem","position":1,"name":"Hem","item":"https:\/\/xenonkungen.com\/"},{"@type":"ListItem","position":2,"name":"Shop","item":"https:\/\/xenonkungen.com\/shop\/"},{"@type":"ListItem","position":3,"name":"Ledwise Rogue Ficklampa"}]},{"@type":"WebSite","@id":"https:\/\/xenonkungen.com\/#website","url":"https:\/\/xenonkungen.com\/","name":"Xenonkungen","description":"","potentialAction":[{"@type":"SearchAction","target":{"@type":"EntryPoint","urlTemplate":"https:\/\/xenonkungen.com\/?s={search_term_string}"},"query-input":{"@type":"PropertyValueSpecification","valueRequired":true,"valueName":"search_term_string"}}],"inLanguage":"de"}]}},"taxonomy_info":{"product_brand":[{"value":102,"label":"LEDWISE"}],"product_cat":[{"value":1320,"label":"Ficklampor"}]},"featured_image_src_large":["https:\/\/xenonkungen.com\/wp-content\/uploads\/2025\/09\/1700-AT786-2.jpg",476,476,false],"author_info":[],"comment_info":0,"_links":{"self":[{"href":"https:\/\/xenonkungen.com\/de\/wp-json\/wp\/v2\/product\/13966","targetHints":{"allow":["GET"]}}],"collection":[{"href":"https:\/\/xenonkungen.com\/de\/wp-json\/wp\/v2\/product"}],"about":[{"href":"https:\/\/xenonkungen.com\/de\/wp-json\/wp\/v2\/types\/product"}],"replies":[{"embeddable":true,"href":"https:\/\/xenonkungen.com\/de\/wp-json\/wp\/v2\/comments?post=13966"}],"wp:featuredmedia":[{"embeddable":true,"href":"https:\/\/xenonkungen.com\/de\/wp-json\/wp\/v2\/media\/13968"}],"wp:attachment":[{"href":"https:\/\/xenonkungen.com\/de\/wp-json\/wp\/v2\/media?parent=13966"}],"wp:term":[{"taxonomy":"anvandningsomrade","embeddable":true,"href":"https:\/\/xenonkungen.com\/de\/wp-json\/wp\/v2\/anvandningsomrade?post=13966"},{"taxonomy":"bilmarken","embeddable":true,"href":"https:\/\/xenonkungen.com\/de\/wp-json\/wp\/v2\/bilmarken?post=13966"},{"taxonomy":"product_brand","embeddable":true,"href":"https:\/\/xenonkungen.com\/de\/wp-json\/wp\/v2\/product_brand?post=13966"},{"taxonomy":"product_cat","embeddable":true,"href":"https:\/\/xenonkungen.com\/de\/wp-json\/wp\/v2\/product_cat?post=13966"},{"taxonomy":"product_tag","embeddable":true,"href":"https:\/\/xenonkungen.com\/de\/wp-json\/wp\/v2\/product_tag?post=13966"}],"curies":[{"name":"wp","href":"https:\/\/api.w.org\/{rel}","templated":true}]}}