{"id":14517,"date":"2025-09-30T12:43:02","date_gmt":"2025-09-30T12:43:02","guid":{"rendered":"https:\/\/xenonkungen.com\/?post_type=product&#038;p=14517"},"modified":"2026-04-04T16:16:31","modified_gmt":"2026-04-04T15:16:31","slug":"lichtpaket-luxtar-x18-black-edition","status":"publish","type":"product","link":"https:\/\/xenonkungen.com\/de\/produkt\/lichtpaket-luxtar-x18-black-edition\/","title":{"rendered":"LUXTAR\u00ae X18 Black Edition Beleuchtungssatz"},"content":{"rendered":"<h1>Komplettes fertiges Paket mit Handlauf, Halterung und Verkabelung<\/h1>\n<p>Die LED-Rampen der Luxtar\u00ae X-Serie zeichnen sich durch ein einzigartiges Design mit seitlich angebrachten Diodenlampen aus, die f\u00fcr eine verbesserte Leistung sorgen. Die Black Edition ist ideal f\u00fcr diejenigen, die das Beste aus beiden Welten wollen: Stil und Leistung.<\/p>\n<p>Die \u00fcblicherweise angegebenen Werte sind die theoretischen Werte, die f\u00fcr diese LED-Rampe 180 W | 10.450 Lumen betragen w\u00fcrden.<\/p>\n<p>Zus\u00e4tzliche Leuchtenhalterung aus pulverbeschichtetem Blech, speziell f\u00fcr unsere Luxtar X18 LED-Rampe gefertigt. Montage hinter dem Kennzeichen.<\/p>\n<p>Die LED-Rampen der Luxtar\u00ae X-Serie zeichnen sich durch ein einzigartiges Design mit markanten Reflektoren mit seitlich angebrachten Diodenlampen aus, die die Leistung erheblich verbessern.<\/p>\n<p>Die Luxtar\u00ae X-Serie ist mit zwei alternativen Lichtmustern erh\u00e4ltlich: Driving \/ Remote und Spot.<br \/>\nDas Spot-Licht eignet sich f\u00fcr diejenigen, die Wert auf eine gro\u00dfe Reichweite des Lichts legen oder bei h\u00f6heren Geschwindigkeiten, wo der Fokus nat\u00fcrlich auf gr\u00f6\u00dferen Entfernungen liegt.<br \/>\nFahren | Fernlicht bietet ein angenehm breites Lichtbild und eignet sich f\u00fcr alle, die eine bessere Sicht auf die Stra\u00dfenr\u00e4nder, wie z. B. Gr\u00e4ben, ben\u00f6tigen. Fahren ist die beliebteste Wahl.<\/p>\n<p><strong>Bereiche der Nutzung<\/strong><br \/>\nZus\u00e4tzliche Beleuchtung f\u00fcr Pkw | Transporter | Lkw<\/p>","protected":false},"excerpt":{"rendered":"<p>Die Luxtar\u00ae X18 ist 51,8 cm lang und liefert 9.018 Lumen, was mit 6-7 Halogen-Zusatzscheinwerfern vergleichbar ist, deren Wert bei etwa 55 W | 1.000 Lumen (+-200 lm) liegt.<\/p>","protected":false},"featured_media":14527,"comment_status":"open","ping_status":"closed","template":"","meta":{"_acf_changed":false,"_smort_price_nok":"3199","_smort_price_dkk":"2032","_smort_price_eur":"272.26","_smort_sale_price_nok":"","_smort_sale_price_dkk":"","_smort_sale_price_eur":"","smort_restorder":"","shipmondo_restorder":"","_kad_blocks_custom_css":"","_kad_blocks_head_custom_js":"","_kad_blocks_body_custom_js":"","_kad_blocks_footer_custom_js":"","smort_custom_pricelist_1":"1916.8","smort_custom_pricelist_2":"1677.2","smort_custom_pricelist_3":"1557.4","smort_custom_pricelist_4":"2396","smort_custom_pricelist_5":"1677.2"},"anvandningsomrade":[],"bilmarken":[],"product_brand":[103],"product_cat":[2539,2826,2820,2541,1916],"product_tag":[],"class_list":{"0":"post-14517","1":"product","2":"type-product","3":"status-publish","4":"has-post-thumbnail","6":"product_brand-luxtar","7":"product_cat-ledramper","8":"product_cat-luxtar","9":"product_cat-luxtar-paketlosningar","10":"product_cat-luxtar-x-serie-black-ledramper","11":"product_cat-ledrampspaket","12":"pa_faktisk-effekts-forbrukning-2277","13":"pa_fuktskydd-varde-ipxx-ip68","14":"pa_godkannande-ce-emc-rohs","15":"pa_ljusbild-driving","16":"pa_ljusbild-spot","17":"pa_storlek-mm-518x63x85","18":"pa_stromforbrukning-11a-12v","19":"pa_stromforbrukning-56a-24v","20":"pa_volt-v-multivolt-9-12-16-18-24-28-30-32","22":"first","23":"instock","24":"taxable","25":"shipping-taxable","26":"purchasable","27":"product-type-variable","28":"has-default-attributes"},"bundled_by":[],"bundle_stock_status":"instock","bundle_stock_quantity":8,"bundle_virtual":false,"bundle_layout":"","bundle_add_to_cart_form_location":"","bundle_editable_in_cart":false,"bundle_sold_individually_context":"","bundle_item_grouping":"","bundle_min_size":"","bundle_max_size":"","bundle_price":[],"bundled_items":[],"bundle_sell_ids":[],"acf":[],"yoast_head":"<!-- This site is optimized with the Yoast SEO plugin v27.0 - https:\/\/yoast.com\/product\/yoast-seo-wordpress\/ -->\n<title>Ljuspaket LUXTAR\u00ae X18 Black Edition - Xenonkungen<\/title>\n<meta name=\"robots\" content=\"index, follow, max-snippet:-1, max-image-preview:large, max-video-preview:-1\" \/>\n<link rel=\"canonical\" href=\"https:\/\/xenonkungen.com\/de\/produkt\/lichtpaket-luxtar-x18-black-edition\/\" \/>\n<meta property=\"og:locale\" content=\"de_DE\" \/>\n<meta property=\"og:type\" content=\"article\" \/>\n<meta property=\"og:title\" content=\"Ljuspaket LUXTAR\u00ae X18 Black Edition - Xenonkungen\" \/>\n<meta property=\"og:description\" content=\"Luxtar\u00ae X18 \u00e4r 51.8cm och l\u00e4mnar 9 018 faktiska lumen som kan j\u00e4mf\u00f6ras med 6-7st halogen extraljus d\u00e4r v\u00e4rdet ligger kring 55W | 1000 Lumen (+-200lm)\" \/>\n<meta property=\"og:url\" content=\"https:\/\/xenonkungen.com\/de\/produkt\/lichtpaket-luxtar-x18-black-edition\/\" \/>\n<meta property=\"og:site_name\" content=\"Xenonkungen\" \/>\n<meta property=\"article:modified_time\" content=\"2026-04-04T15:16:31+00:00\" \/>\n<meta property=\"og:image\" content=\"https:\/\/xenonkungen.com\/wp-content\/uploads\/2025\/09\/LUXTAR-X-Series-X18-BLACK-CA191675-PNNG-1000px.png\" \/>\n\t<meta property=\"og:image:width\" content=\"1000\" \/>\n\t<meta property=\"og:image:height\" content=\"712\" \/>\n\t<meta property=\"og:image:type\" content=\"image\/png\" \/>\n<meta name=\"twitter:card\" content=\"summary_large_image\" \/>\n<meta name=\"twitter:label1\" content=\"Gesch\u00e4tzte Lesezeit\" \/>\n\t<meta name=\"twitter:data1\" content=\"2\u00a0Minuten\" \/>\n<script type=\"application\/ld+json\" class=\"yoast-schema-graph\">{\"@context\":\"https:\/\/schema.org\",\"@graph\":[{\"@type\":\"WebPage\",\"@id\":\"https:\/\/xenonkungen.com\/produkt\/ljuspaket-luxtar-x18-black-edition\/\",\"url\":\"https:\/\/xenonkungen.com\/produkt\/ljuspaket-luxtar-x18-black-edition\/\",\"name\":\"Ljuspaket LUXTAR\u00ae X18 Black Edition - Xenonkungen\",\"isPartOf\":{\"@id\":\"https:\/\/xenonkungen.com\/#website\"},\"primaryImageOfPage\":{\"@id\":\"https:\/\/xenonkungen.com\/produkt\/ljuspaket-luxtar-x18-black-edition\/#primaryimage\"},\"image\":{\"@id\":\"https:\/\/xenonkungen.com\/produkt\/ljuspaket-luxtar-x18-black-edition\/#primaryimage\"},\"thumbnailUrl\":\"https:\/\/xenonkungen.com\/wp-content\/uploads\/2025\/09\/LUXTAR-X-Series-X18-BLACK-CA191675-PNNG-1000px.png\",\"datePublished\":\"2025-09-30T12:43:02+00:00\",\"dateModified\":\"2026-04-04T15:16:31+00:00\",\"breadcrumb\":{\"@id\":\"https:\/\/xenonkungen.com\/produkt\/ljuspaket-luxtar-x18-black-edition\/#breadcrumb\"},\"inLanguage\":\"de\",\"potentialAction\":[{\"@type\":\"ReadAction\",\"target\":[\"https:\/\/xenonkungen.com\/produkt\/ljuspaket-luxtar-x18-black-edition\/\"]}]},{\"@type\":\"ImageObject\",\"inLanguage\":\"de\",\"@id\":\"https:\/\/xenonkungen.com\/produkt\/ljuspaket-luxtar-x18-black-edition\/#primaryimage\",\"url\":\"https:\/\/xenonkungen.com\/wp-content\/uploads\/2025\/09\/LUXTAR-X-Series-X18-BLACK-CA191675-PNNG-1000px.png\",\"contentUrl\":\"https:\/\/xenonkungen.com\/wp-content\/uploads\/2025\/09\/LUXTAR-X-Series-X18-BLACK-CA191675-PNNG-1000px.png\",\"width\":1000,\"height\":712},{\"@type\":\"BreadcrumbList\",\"@id\":\"https:\/\/xenonkungen.com\/produkt\/ljuspaket-luxtar-x18-black-edition\/#breadcrumb\",\"itemListElement\":[{\"@type\":\"ListItem\",\"position\":1,\"name\":\"Hem\",\"item\":\"https:\/\/xenonkungen.com\/\"},{\"@type\":\"ListItem\",\"position\":2,\"name\":\"Shop\",\"item\":\"https:\/\/xenonkungen.com\/shop\/\"},{\"@type\":\"ListItem\",\"position\":3,\"name\":\"Ljuspaket LUXTAR\u00ae X18 Black Edition\"}]},{\"@type\":\"WebSite\",\"@id\":\"https:\/\/xenonkungen.com\/#website\",\"url\":\"https:\/\/xenonkungen.com\/\",\"name\":\"Xenonkungen\",\"description\":\"\",\"potentialAction\":[{\"@type\":\"SearchAction\",\"target\":{\"@type\":\"EntryPoint\",\"urlTemplate\":\"https:\/\/xenonkungen.com\/?s={search_term_string}\"},\"query-input\":{\"@type\":\"PropertyValueSpecification\",\"valueRequired\":true,\"valueName\":\"search_term_string\"}}],\"inLanguage\":\"de\"}]}<\/script>\n<!-- \/ Yoast SEO plugin. -->","yoast_head_json":{"title":"Lichtpaket LUXTAR\u00ae X18 Black Edition - Xenonkungen","robots":{"index":"index","follow":"follow","max-snippet":"max-snippet:-1","max-image-preview":"max-image-preview:large","max-video-preview":"max-video-preview:-1"},"canonical":"https:\/\/xenonkungen.com\/de\/produkt\/lichtpaket-luxtar-x18-black-edition\/","og_locale":"de_DE","og_type":"article","og_title":"Ljuspaket LUXTAR\u00ae X18 Black Edition - Xenonkungen","og_description":"Luxtar\u00ae X18 \u00e4r 51.8cm och l\u00e4mnar 9 018 faktiska lumen som kan j\u00e4mf\u00f6ras med 6-7st halogen extraljus d\u00e4r v\u00e4rdet ligger kring 55W | 1000 Lumen (+-200lm)","og_url":"https:\/\/xenonkungen.com\/de\/produkt\/lichtpaket-luxtar-x18-black-edition\/","og_site_name":"Xenonkungen","article_modified_time":"2026-04-04T15:16:31+00:00","og_image":[{"width":1000,"height":712,"url":"https:\/\/xenonkungen.com\/wp-content\/uploads\/2025\/09\/LUXTAR-X-Series-X18-BLACK-CA191675-PNNG-1000px.png","type":"image\/png"}],"twitter_card":"summary_large_image","twitter_misc":{"Gesch\u00e4tzte Lesezeit":"2\u00a0Minuten"},"schema":{"@context":"https:\/\/schema.org","@graph":[{"@type":"WebPage","@id":"https:\/\/xenonkungen.com\/produkt\/ljuspaket-luxtar-x18-black-edition\/","url":"https:\/\/xenonkungen.com\/produkt\/ljuspaket-luxtar-x18-black-edition\/","name":"Lichtpaket LUXTAR\u00ae X18 Black Edition - Xenonkungen","isPartOf":{"@id":"https:\/\/xenonkungen.com\/#website"},"primaryImageOfPage":{"@id":"https:\/\/xenonkungen.com\/produkt\/ljuspaket-luxtar-x18-black-edition\/#primaryimage"},"image":{"@id":"https:\/\/xenonkungen.com\/produkt\/ljuspaket-luxtar-x18-black-edition\/#primaryimage"},"thumbnailUrl":"https:\/\/xenonkungen.com\/wp-content\/uploads\/2025\/09\/LUXTAR-X-Series-X18-BLACK-CA191675-PNNG-1000px.png","datePublished":"2025-09-30T12:43:02+00:00","dateModified":"2026-04-04T15:16:31+00:00","breadcrumb":{"@id":"https:\/\/xenonkungen.com\/produkt\/ljuspaket-luxtar-x18-black-edition\/#breadcrumb"},"inLanguage":"de","potentialAction":[{"@type":"ReadAction","target":["https:\/\/xenonkungen.com\/produkt\/ljuspaket-luxtar-x18-black-edition\/"]}]},{"@type":"ImageObject","inLanguage":"de","@id":"https:\/\/xenonkungen.com\/produkt\/ljuspaket-luxtar-x18-black-edition\/#primaryimage","url":"https:\/\/xenonkungen.com\/wp-content\/uploads\/2025\/09\/LUXTAR-X-Series-X18-BLACK-CA191675-PNNG-1000px.png","contentUrl":"https:\/\/xenonkungen.com\/wp-content\/uploads\/2025\/09\/LUXTAR-X-Series-X18-BLACK-CA191675-PNNG-1000px.png","width":1000,"height":712},{"@type":"BreadcrumbList","@id":"https:\/\/xenonkungen.com\/produkt\/ljuspaket-luxtar-x18-black-edition\/#breadcrumb","itemListElement":[{"@type":"ListItem","position":1,"name":"Hem","item":"https:\/\/xenonkungen.com\/"},{"@type":"ListItem","position":2,"name":"Shop","item":"https:\/\/xenonkungen.com\/shop\/"},{"@type":"ListItem","position":3,"name":"Ljuspaket LUXTAR\u00ae X18 Black Edition"}]},{"@type":"WebSite","@id":"https:\/\/xenonkungen.com\/#website","url":"https:\/\/xenonkungen.com\/","name":"Xenonkungen","description":"","potentialAction":[{"@type":"SearchAction","target":{"@type":"EntryPoint","urlTemplate":"https:\/\/xenonkungen.com\/?s={search_term_string}"},"query-input":{"@type":"PropertyValueSpecification","valueRequired":true,"valueName":"search_term_string"}}],"inLanguage":"de"}]}},"taxonomy_info":{"product_brand":[{"value":103,"label":"LUXTAR"}],"product_cat":[{"value":2539,"label":"LEDRAMPER"},{"value":2826,"label":"LUXTAR"},{"value":2820,"label":"Luxtar - Paketl\u00f6sningar"},{"value":2541,"label":"Luxtar X-Serie Black"},{"value":1916,"label":"Ledrampspaket"}],"pa_faktisk-effekts-forbrukning":[{"value":2277,"label":"132"}],"pa_fuktskydd-varde-ipxx":[{"value":177,"label":"IP68"}],"pa_godkannande":[{"value":325,"label":"CE, EMC, RoHS"}],"pa_ljusbild":[{"value":178,"label":"Driving"},{"value":1177,"label":"Spot"}],"pa_storlek-mm":[{"value":2412,"label":"518x63x85"}],"pa_stromforbrukning":[{"value":2278,"label":"11A @12V"},{"value":2279,"label":"5,6A @24V"}],"pa_volt-v":[{"value":521,"label":"Multivolt, 9, 12, 16, 18, 24, 28, 30, 32"}]},"featured_image_src_large":["https:\/\/xenonkungen.com\/wp-content\/uploads\/2025\/09\/LUXTAR-X-Series-X18-BLACK-CA191675-PNNG-1000px.png",1000,712,false],"author_info":[],"comment_info":0,"_links":{"self":[{"href":"https:\/\/xenonkungen.com\/de\/wp-json\/wp\/v2\/product\/14517","targetHints":{"allow":["GET"]}}],"collection":[{"href":"https:\/\/xenonkungen.com\/de\/wp-json\/wp\/v2\/product"}],"about":[{"href":"https:\/\/xenonkungen.com\/de\/wp-json\/wp\/v2\/types\/product"}],"replies":[{"embeddable":true,"href":"https:\/\/xenonkungen.com\/de\/wp-json\/wp\/v2\/comments?post=14517"}],"wp:featuredmedia":[{"embeddable":true,"href":"https:\/\/xenonkungen.com\/de\/wp-json\/wp\/v2\/media\/14527"}],"wp:attachment":[{"href":"https:\/\/xenonkungen.com\/de\/wp-json\/wp\/v2\/media?parent=14517"}],"wp:term":[{"taxonomy":"anvandningsomrade","embeddable":true,"href":"https:\/\/xenonkungen.com\/de\/wp-json\/wp\/v2\/anvandningsomrade?post=14517"},{"taxonomy":"bilmarken","embeddable":true,"href":"https:\/\/xenonkungen.com\/de\/wp-json\/wp\/v2\/bilmarken?post=14517"},{"taxonomy":"product_brand","embeddable":true,"href":"https:\/\/xenonkungen.com\/de\/wp-json\/wp\/v2\/product_brand?post=14517"},{"taxonomy":"product_cat","embeddable":true,"href":"https:\/\/xenonkungen.com\/de\/wp-json\/wp\/v2\/product_cat?post=14517"},{"taxonomy":"product_tag","embeddable":true,"href":"https:\/\/xenonkungen.com\/de\/wp-json\/wp\/v2\/product_tag?post=14517"}],"curies":[{"name":"wp","href":"https:\/\/api.w.org\/{rel}","templated":true}]}}