{"id":1453,"date":"2025-04-15T08:04:00","date_gmt":"2025-04-15T08:04:00","guid":{"rendered":"https:\/\/xenonkungen.com\/product\/stromkabel-3-0mm-hane-9006\/"},"modified":"2026-05-11T10:37:17","modified_gmt":"2026-05-11T09:37:17","slug":"netzkabel-3-0mm-stecker-9006","status":"publish","type":"product","link":"https:\/\/xenonkungen.com\/de\/produkt\/netzkabel-3-0mm-stecker-9006\/","title":{"rendered":"Stromkabel 3,0 mm Stecker\/9006"},"content":{"rendered":"<h1>9006 Stromkabel f\u00fcr Zusatzscheinwerfer usw.<\/h1>\n<p>Unser 9006-Stromkabel ist eine zuverl\u00e4ssige und robuste L\u00f6sung zur Stromversorgung verschiedener Beleuchtungszubeh\u00f6rteile an Ihrem Fahrzeug, wie z. B. LED-Zusatzscheinwerfer, Xenon-Zusatzscheinwerfer, LED-Lichtleisten und leistungsstarke Arbeitsscheinwerfer. Das Kabel ist mit einem 9006-Stecker ausgestattet und verf\u00fcgt \u00fcber einen Querschnitt von 3,0 mm\u00b2, was eine effiziente und sichere Strom\u00fcbertragung gew\u00e4hrleistet.<\/p>\n<p>Dieses Stromkabel eignet sich besonders f\u00fcr Anwendungen mit h\u00f6herem Strombedarf und ist somit ideal f\u00fcr leistungsstarke Beleuchtungsl\u00f6sungen. Um einen sicheren und zuverl\u00e4ssigen Betrieb zu gew\u00e4hrleisten, sollte das Kabel in Kombination mit einem abgesicherten Relaiskabel mit einem Zuleitungsquerschnitt von 3 mm\u00b2 verwendet werden.<\/p>\n<p>Mit einer L\u00e4nge von ca. 40 cm bietet dieses Kabel gen\u00fcgend Reichweite f\u00fcr flexible Installationsm\u00f6glichkeiten und ist gleichzeitig kompakt genug, um auch auf engstem Raum einfach gehandhabt und montiert werden zu k\u00f6nnen.<\/p>\n<p>Mit der Wahl unseres Stromkabels 9006 gew\u00e4hrleisten Sie eine zuverl\u00e4ssige und dauerhafte Stromverbindung f\u00fcr Ihre Beleuchtungssysteme und tragen so zu mehr Sicherheit und Leistungsf\u00e4higkeit Ihres Fahrzeugzubeh\u00f6rs bei.<\/p>","protected":false},"excerpt":{"rendered":"<p>9006 Str\u00f6mkabel till Extraljus m.m V\u00e5r 9006 str\u00f6mkabel \u00e4r en p\u00e5litlig och robust l\u00f6sning f\u00f6r att driva olika typer av belysningstillbeh\u00f6r p\u00e5 ditt fordon, s\u00e5som LED-extraljus, xenon-extraljus, LED-ramper och arbetsljus med h\u00f6gre effekt. Denna kabel \u00e4r utrustad med en 9006 str\u00f6mkontakt av typ hane och kommer med en 3,0 mm\u00b2 kabel, vilket s\u00e4kerst\u00e4ller en effektiv [&hellip;]<\/p>","protected":false},"featured_media":1454,"comment_status":"closed","ping_status":"open","template":"","meta":{"_acf_changed":false,"_smort_price_nok":"37","_smort_price_dkk":"24","_smort_price_eur":"3.18","_smort_sale_price_nok":"","_smort_sale_price_dkk":"","_smort_sale_price_eur":"","smort_restorder":"","shipmondo_restorder":"","_kad_blocks_custom_css":"","_kad_blocks_head_custom_js":"","_kad_blocks_body_custom_js":"","_kad_blocks_footer_custom_js":"","smort_custom_pricelist_1":"22.4","smort_custom_pricelist_2":"19.6","smort_custom_pricelist_3":"18.62","smort_custom_pricelist_4":"28","smort_custom_pricelist_5":"19.6"},"anvandningsomrade":[],"bilmarken":[],"product_brand":[],"product_cat":[2841,2492,390],"product_tag":[],"class_list":{"0":"post-1453","1":"product","2":"type-product","3":"status-publish","4":"has-post-thumbnail","6":"product_cat-installation-extraljus","7":"product_cat-relasats-installation","8":"product_cat-installation","9":"pa_lampsockel-kontakt-9006-hb4","11":"first","12":"instock","13":"taxable","14":"shipping-taxable","15":"purchasable","16":"product-type-simple"},"bundled_by":[],"bundle_stock_status":"instock","bundle_stock_quantity":4671,"bundle_virtual":false,"bundle_layout":"","bundle_add_to_cart_form_location":"","bundle_editable_in_cart":false,"bundle_sold_individually_context":"","bundle_item_grouping":"","bundle_min_size":"","bundle_max_size":"","bundle_price":[],"bundled_items":[],"bundle_sell_ids":[],"acf":[],"yoast_head":"<!-- This site is optimized with the Yoast SEO plugin v27.0 - https:\/\/yoast.com\/product\/yoast-seo-wordpress\/ -->\n<title>Str\u00f6mkabel 3.0mm Hane\/9006 - Xenonkungen<\/title>\n<meta name=\"robots\" content=\"index, follow, max-snippet:-1, max-image-preview:large, max-video-preview:-1\" \/>\n<link rel=\"canonical\" href=\"https:\/\/xenonkungen.com\/de\/produkt\/netzkabel-3-0mm-stecker-9006\/\" \/>\n<meta property=\"og:locale\" content=\"de_DE\" \/>\n<meta property=\"og:type\" content=\"article\" \/>\n<meta property=\"og:title\" content=\"Str\u00f6mkabel 3.0mm Hane\/9006 - Xenonkungen\" \/>\n<meta property=\"og:description\" content=\"9006 Str\u00f6mkabel till Extraljus m.m V\u00e5r 9006 str\u00f6mkabel \u00e4r en p\u00e5litlig och robust l\u00f6sning f\u00f6r att driva olika typer av belysningstillbeh\u00f6r p\u00e5 ditt fordon, s\u00e5som LED-extraljus, xenon-extraljus, LED-ramper och arbetsljus med h\u00f6gre effekt. Denna kabel \u00e4r utrustad med en 9006 str\u00f6mkontakt av typ hane och kommer med en 3,0 mm\u00b2 kabel, vilket s\u00e4kerst\u00e4ller en effektiv [&hellip;]\" \/>\n<meta property=\"og:url\" content=\"https:\/\/xenonkungen.com\/de\/produkt\/netzkabel-3-0mm-stecker-9006\/\" \/>\n<meta property=\"og:site_name\" content=\"Xenonkungen\" \/>\n<meta property=\"article:modified_time\" content=\"2026-05-11T09:37:17+00:00\" \/>\n<meta property=\"og:image\" content=\"https:\/\/xenonkungen.com\/wp-content\/uploads\/2025\/04\/25037411-origpic-22af93.png\" \/>\n\t<meta property=\"og:image:width\" content=\"1000\" \/>\n\t<meta property=\"og:image:height\" content=\"1000\" \/>\n\t<meta property=\"og:image:type\" content=\"image\/png\" \/>\n<meta name=\"twitter:card\" content=\"summary_large_image\" \/>\n<meta name=\"twitter:label1\" content=\"Gesch\u00e4tzte Lesezeit\" \/>\n\t<meta name=\"twitter:data1\" content=\"1\u00a0Minute\" \/>\n<script type=\"application\/ld+json\" class=\"yoast-schema-graph\">{\"@context\":\"https:\/\/schema.org\",\"@graph\":[{\"@type\":\"WebPage\",\"@id\":\"https:\/\/xenonkungen.com\/nl\/product\/voedingskabel-30-mm-mannelijk-9006\/\",\"url\":\"https:\/\/xenonkungen.com\/nl\/product\/voedingskabel-30-mm-mannelijk-9006\/\",\"name\":\"Str\u00f6mkabel 3.0mm Hane\/9006 - Xenonkungen\",\"isPartOf\":{\"@id\":\"https:\/\/xenonkungen.com\/#website\"},\"primaryImageOfPage\":{\"@id\":\"https:\/\/xenonkungen.com\/nl\/product\/voedingskabel-30-mm-mannelijk-9006\/#primaryimage\"},\"image\":{\"@id\":\"https:\/\/xenonkungen.com\/nl\/product\/voedingskabel-30-mm-mannelijk-9006\/#primaryimage\"},\"thumbnailUrl\":\"https:\/\/xenonkungen.com\/wp-content\/uploads\/2025\/04\/25037411-origpic-22af93.png\",\"datePublished\":\"2025-04-15T08:04:00+00:00\",\"dateModified\":\"2026-05-11T09:37:17+00:00\",\"breadcrumb\":{\"@id\":\"https:\/\/xenonkungen.com\/nl\/product\/voedingskabel-30-mm-mannelijk-9006\/#breadcrumb\"},\"inLanguage\":\"de\",\"potentialAction\":[{\"@type\":\"ReadAction\",\"target\":[\"https:\/\/xenonkungen.com\/nl\/product\/voedingskabel-30-mm-mannelijk-9006\/\"]}]},{\"@type\":\"ImageObject\",\"inLanguage\":\"de\",\"@id\":\"https:\/\/xenonkungen.com\/nl\/product\/voedingskabel-30-mm-mannelijk-9006\/#primaryimage\",\"url\":\"https:\/\/xenonkungen.com\/wp-content\/uploads\/2025\/04\/25037411-origpic-22af93.png\",\"contentUrl\":\"https:\/\/xenonkungen.com\/wp-content\/uploads\/2025\/04\/25037411-origpic-22af93.png\",\"width\":1000,\"height\":1000},{\"@type\":\"BreadcrumbList\",\"@id\":\"https:\/\/xenonkungen.com\/nl\/product\/voedingskabel-30-mm-mannelijk-9006\/#breadcrumb\",\"itemListElement\":[{\"@type\":\"ListItem\",\"position\":1,\"name\":\"Hem\",\"item\":\"https:\/\/xenonkungen.com\/\"},{\"@type\":\"ListItem\",\"position\":2,\"name\":\"Shop\",\"item\":\"https:\/\/xenonkungen.com\/shop\/\"},{\"@type\":\"ListItem\",\"position\":3,\"name\":\"Str\u00f6mkabel 3.0mm Hane\/9006\"}]},{\"@type\":\"WebSite\",\"@id\":\"https:\/\/xenonkungen.com\/#website\",\"url\":\"https:\/\/xenonkungen.com\/\",\"name\":\"Xenonkungen\",\"description\":\"\",\"potentialAction\":[{\"@type\":\"SearchAction\",\"target\":{\"@type\":\"EntryPoint\",\"urlTemplate\":\"https:\/\/xenonkungen.com\/?s={search_term_string}\"},\"query-input\":{\"@type\":\"PropertyValueSpecification\",\"valueRequired\":true,\"valueName\":\"search_term_string\"}}],\"inLanguage\":\"de\"}]}<\/script>\n<!-- \/ Yoast SEO plugin. -->","yoast_head_json":{"title":"Stromkabel 3,0 mm Stecker\/9006 - Xenonkungen","robots":{"index":"index","follow":"follow","max-snippet":"max-snippet:-1","max-image-preview":"max-image-preview:large","max-video-preview":"max-video-preview:-1"},"canonical":"https:\/\/xenonkungen.com\/de\/produkt\/netzkabel-3-0mm-stecker-9006\/","og_locale":"de_DE","og_type":"article","og_title":"Str\u00f6mkabel 3.0mm Hane\/9006 - Xenonkungen","og_description":"9006 Str\u00f6mkabel till Extraljus m.m V\u00e5r 9006 str\u00f6mkabel \u00e4r en p\u00e5litlig och robust l\u00f6sning f\u00f6r att driva olika typer av belysningstillbeh\u00f6r p\u00e5 ditt fordon, s\u00e5som LED-extraljus, xenon-extraljus, LED-ramper och arbetsljus med h\u00f6gre effekt. Denna kabel \u00e4r utrustad med en 9006 str\u00f6mkontakt av typ hane och kommer med en 3,0 mm\u00b2 kabel, vilket s\u00e4kerst\u00e4ller en effektiv [&hellip;]","og_url":"https:\/\/xenonkungen.com\/de\/produkt\/netzkabel-3-0mm-stecker-9006\/","og_site_name":"Xenonkungen","article_modified_time":"2026-05-11T09:37:17+00:00","og_image":[{"width":1000,"height":1000,"url":"https:\/\/xenonkungen.com\/wp-content\/uploads\/2025\/04\/25037411-origpic-22af93.png","type":"image\/png"}],"twitter_card":"summary_large_image","twitter_misc":{"Gesch\u00e4tzte Lesezeit":"1\u00a0Minute"},"schema":{"@context":"https:\/\/schema.org","@graph":[{"@type":"WebPage","@id":"https:\/\/xenonkungen.com\/nl\/product\/voedingskabel-30-mm-mannelijk-9006\/","url":"https:\/\/xenonkungen.com\/nl\/product\/voedingskabel-30-mm-mannelijk-9006\/","name":"Stromkabel 3,0 mm Stecker\/9006 - Xenonkungen","isPartOf":{"@id":"https:\/\/xenonkungen.com\/#website"},"primaryImageOfPage":{"@id":"https:\/\/xenonkungen.com\/nl\/product\/voedingskabel-30-mm-mannelijk-9006\/#primaryimage"},"image":{"@id":"https:\/\/xenonkungen.com\/nl\/product\/voedingskabel-30-mm-mannelijk-9006\/#primaryimage"},"thumbnailUrl":"https:\/\/xenonkungen.com\/wp-content\/uploads\/2025\/04\/25037411-origpic-22af93.png","datePublished":"2025-04-15T08:04:00+00:00","dateModified":"2026-05-11T09:37:17+00:00","breadcrumb":{"@id":"https:\/\/xenonkungen.com\/nl\/product\/voedingskabel-30-mm-mannelijk-9006\/#breadcrumb"},"inLanguage":"de","potentialAction":[{"@type":"ReadAction","target":["https:\/\/xenonkungen.com\/nl\/product\/voedingskabel-30-mm-mannelijk-9006\/"]}]},{"@type":"ImageObject","inLanguage":"de","@id":"https:\/\/xenonkungen.com\/nl\/product\/voedingskabel-30-mm-mannelijk-9006\/#primaryimage","url":"https:\/\/xenonkungen.com\/wp-content\/uploads\/2025\/04\/25037411-origpic-22af93.png","contentUrl":"https:\/\/xenonkungen.com\/wp-content\/uploads\/2025\/04\/25037411-origpic-22af93.png","width":1000,"height":1000},{"@type":"BreadcrumbList","@id":"https:\/\/xenonkungen.com\/nl\/product\/voedingskabel-30-mm-mannelijk-9006\/#breadcrumb","itemListElement":[{"@type":"ListItem","position":1,"name":"Hem","item":"https:\/\/xenonkungen.com\/"},{"@type":"ListItem","position":2,"name":"Shop","item":"https:\/\/xenonkungen.com\/shop\/"},{"@type":"ListItem","position":3,"name":"Str\u00f6mkabel 3.0mm Hane\/9006"}]},{"@type":"WebSite","@id":"https:\/\/xenonkungen.com\/#website","url":"https:\/\/xenonkungen.com\/","name":"Xenonkungen","description":"","potentialAction":[{"@type":"SearchAction","target":{"@type":"EntryPoint","urlTemplate":"https:\/\/xenonkungen.com\/?s={search_term_string}"},"query-input":{"@type":"PropertyValueSpecification","valueRequired":true,"valueName":"search_term_string"}}],"inLanguage":"de"}]}},"taxonomy_info":{"product_cat":[{"value":2841,"label":"Installation extraljus"},{"value":2492,"label":"Rel\u00e4sats"},{"value":390,"label":"Installation"}],"pa_lampsockel-kontakt":[{"value":326,"label":"9006 , HB4"}]},"featured_image_src_large":["https:\/\/xenonkungen.com\/wp-content\/uploads\/2025\/04\/25037411-origpic-22af93.png",1000,1000,false],"author_info":[],"comment_info":0,"_links":{"self":[{"href":"https:\/\/xenonkungen.com\/de\/wp-json\/wp\/v2\/product\/1453","targetHints":{"allow":["GET"]}}],"collection":[{"href":"https:\/\/xenonkungen.com\/de\/wp-json\/wp\/v2\/product"}],"about":[{"href":"https:\/\/xenonkungen.com\/de\/wp-json\/wp\/v2\/types\/product"}],"replies":[{"embeddable":true,"href":"https:\/\/xenonkungen.com\/de\/wp-json\/wp\/v2\/comments?post=1453"}],"wp:featuredmedia":[{"embeddable":true,"href":"https:\/\/xenonkungen.com\/de\/wp-json\/wp\/v2\/media\/1454"}],"wp:attachment":[{"href":"https:\/\/xenonkungen.com\/de\/wp-json\/wp\/v2\/media?parent=1453"}],"wp:term":[{"taxonomy":"anvandningsomrade","embeddable":true,"href":"https:\/\/xenonkungen.com\/de\/wp-json\/wp\/v2\/anvandningsomrade?post=1453"},{"taxonomy":"bilmarken","embeddable":true,"href":"https:\/\/xenonkungen.com\/de\/wp-json\/wp\/v2\/bilmarken?post=1453"},{"taxonomy":"product_brand","embeddable":true,"href":"https:\/\/xenonkungen.com\/de\/wp-json\/wp\/v2\/product_brand?post=1453"},{"taxonomy":"product_cat","embeddable":true,"href":"https:\/\/xenonkungen.com\/de\/wp-json\/wp\/v2\/product_cat?post=1453"},{"taxonomy":"product_tag","embeddable":true,"href":"https:\/\/xenonkungen.com\/de\/wp-json\/wp\/v2\/product_tag?post=1453"}],"curies":[{"name":"wp","href":"https:\/\/api.w.org\/{rel}","templated":true}]}}