{"id":1502,"date":"2025-04-15T08:21:49","date_gmt":"2025-04-15T08:21:49","guid":{"rendered":"https:\/\/xenonkungen.com\/product\/tesla-s3xy-buttons-gen-2-bundle\/"},"modified":"2026-04-10T20:44:38","modified_gmt":"2026-04-10T19:44:38","slug":"tesla-s3xy-tasten-gen-2-bundle","status":"publish","type":"product","link":"https:\/\/xenonkungen.com\/de\/produkt\/tesla-s3xy-tasten-gen-2-bundle\/","title":{"rendered":"Tesla S3XY Tasten Gen 2 Bundle"},"content":{"rendered":"<h1>S3XY Buttons Gen.2 Bundle<\/h1>\n<p>S3XY Buttons ist ein Produkt, das das Fahrerlebnis f\u00fcr Tesla-Besitzer optimiert. Dank Bluetooth 5.0 bieten diese Tasten \u00fcber 100 Kurzbefehle, deren Funktionen individuell angepasst werden k\u00f6nnen. Von einfachen Aktionen wie dem \u00d6ffnen des Handschuhfachs bis hin zu erweiterten Einstellungen wie der Anpassung der Rekuperationsbremse \u2013 S3XY Buttons bieten vielf\u00e4ltige M\u00f6glichkeiten. Die zweite Generation zeichnet sich durch verbesserte Reaktionsf\u00e4higkeit, erweiterte Dashboard-Funktionen und Cloud-Funktionalit\u00e4t ohne zus\u00e4tzliche Kosten aus. Mit einer Batterielaufzeit von zwei Jahren und einer Reichweite von 10 Metern lassen sie sich einfach installieren und \u00fcber eine zugeh\u00f6rige App konfigurieren. Die Tasten k\u00f6nnen mithilfe eines Saugnapfs an jeder beliebigen Stelle im Fahrzeug angebracht werden und sind somit ein flexibles Zubeh\u00f6r f\u00fcr jeden Tesla-Fahrer.<\/p>\n<p>Inhalt: 4 Tasten + Kommandant<\/p>\n<p>F\u00fcr detailliertere Informationen besuchen Sie deren Website: <a href=\"https:\/\/enhauto.com\/s3xy-buttons\" target=\"_blank\" rel=\"noopener\">enhauto.com\/s3xy-buttons<\/a>.<\/p>\n<p>Die Kabel sind separat erh\u00e4ltlich. Pr\u00fcfen Sie, welches Kabel Sie f\u00fcr Ihren Tesla ben\u00f6tigen.<\/p>","protected":false},"excerpt":{"rendered":"<p>S3XY Buttons Gen.2 Bunde S3XY Buttons \u00e4r en produkt utformad f\u00f6r att f\u00f6rb\u00e4ttra k\u00f6rupplevelsen f\u00f6r Tesla-\u00e4gare. Genom att anv\u00e4nda Bluetooth 5.0 f\u00f6r anslutning, erbjuder dessa knappar \u00f6ver 100 snabbval som l\u00e5ter anv\u00e4ndaren anpassa sina funktioner efter behov. Fr\u00e5n enkla \u00e5tg\u00e4rder som att \u00f6ppna handskfacket till mer avancerade inst\u00e4llningar som att justera regenerativ bromsning, erbjuder S3XY [&hellip;]<\/p>","protected":false},"featured_media":1503,"comment_status":"closed","ping_status":"closed","template":"","meta":{"_acf_changed":false,"_smort_price_nok":"3342","_smort_price_dkk":"2123","_smort_price_eur":"284.44","_smort_sale_price_nok":"","_smort_sale_price_dkk":"","_smort_sale_price_eur":"","smort_restorder":"","shipmondo_restorder":"","_kad_blocks_custom_css":"","_kad_blocks_head_custom_js":"","_kad_blocks_body_custom_js":"","_kad_blocks_footer_custom_js":"","smort_custom_pricelist_1":"2256","smort_custom_pricelist_2":"2156","smort_custom_pricelist_3":"2156","smort_custom_pricelist_4":"2503.2","smort_custom_pricelist_5":"2156"},"anvandningsomrade":[],"bilmarken":[],"product_brand":[2792],"product_cat":[16],"product_tag":[],"class_list":{"0":"post-1502","1":"product","2":"type-product","3":"status-publish","4":"has-post-thumbnail","6":"product_brand-tesla","7":"product_cat-uncategorized","9":"first","10":"onbackorder","11":"taxable","12":"shipping-taxable","13":"purchasable","14":"product-type-simple"},"bundled_by":[],"bundle_stock_status":"onbackorder","bundle_stock_quantity":-1,"bundle_virtual":false,"bundle_layout":"","bundle_add_to_cart_form_location":"","bundle_editable_in_cart":false,"bundle_sold_individually_context":"","bundle_item_grouping":"","bundle_min_size":"","bundle_max_size":"","bundle_price":[],"bundled_items":[],"bundle_sell_ids":[],"acf":[],"yoast_head":"<!-- This site is optimized with the Yoast SEO plugin v27.0 - https:\/\/yoast.com\/product\/yoast-seo-wordpress\/ -->\n<title>Tesla S3XY Buttons Gen 2 Bundle - Xenonkungen<\/title>\n<meta name=\"robots\" content=\"index, follow, max-snippet:-1, max-image-preview:large, max-video-preview:-1\" \/>\n<link rel=\"canonical\" href=\"https:\/\/xenonkungen.com\/de\/produkt\/tesla-s3xy-tasten-gen-2-bundle\/\" \/>\n<meta property=\"og:locale\" content=\"de_DE\" \/>\n<meta property=\"og:type\" content=\"article\" \/>\n<meta property=\"og:title\" content=\"Tesla S3XY Buttons Gen 2 Bundle - Xenonkungen\" \/>\n<meta property=\"og:description\" content=\"S3XY Buttons Gen.2 Bunde S3XY Buttons \u00e4r en produkt utformad f\u00f6r att f\u00f6rb\u00e4ttra k\u00f6rupplevelsen f\u00f6r Tesla-\u00e4gare. Genom att anv\u00e4nda Bluetooth 5.0 f\u00f6r anslutning, erbjuder dessa knappar \u00f6ver 100 snabbval som l\u00e5ter anv\u00e4ndaren anpassa sina funktioner efter behov. Fr\u00e5n enkla \u00e5tg\u00e4rder som att \u00f6ppna handskfacket till mer avancerade inst\u00e4llningar som att justera regenerativ bromsning, erbjuder S3XY [&hellip;]\" \/>\n<meta property=\"og:url\" content=\"https:\/\/xenonkungen.com\/de\/produkt\/tesla-s3xy-tasten-gen-2-bundle\/\" \/>\n<meta property=\"og:site_name\" content=\"Xenonkungen\" \/>\n<meta property=\"article:modified_time\" content=\"2026-04-10T19:44:38+00:00\" \/>\n<meta property=\"og:image\" content=\"https:\/\/xenonkungen.com\/wp-content\/uploads\/2025\/04\/4btns.png\" \/>\n\t<meta property=\"og:image:width\" content=\"1024\" \/>\n\t<meta property=\"og:image:height\" content=\"576\" \/>\n\t<meta property=\"og:image:type\" content=\"image\/png\" \/>\n<meta name=\"twitter:card\" content=\"summary_large_image\" \/>\n<meta name=\"twitter:label1\" content=\"Gesch\u00e4tzte Lesezeit\" \/>\n\t<meta name=\"twitter:data1\" content=\"1\u00a0Minute\" \/>\n<script type=\"application\/ld+json\" class=\"yoast-schema-graph\">{\"@context\":\"https:\/\/schema.org\",\"@graph\":[{\"@type\":\"WebPage\",\"@id\":\"https:\/\/xenonkungen.com\/en\/product\/tesla-s3xy-buttons-gen-2-bundle\/\",\"url\":\"https:\/\/xenonkungen.com\/en\/product\/tesla-s3xy-buttons-gen-2-bundle\/\",\"name\":\"Tesla S3XY Buttons Gen 2 Bundle - Xenonkungen\",\"isPartOf\":{\"@id\":\"https:\/\/xenonkungen.com\/#website\"},\"primaryImageOfPage\":{\"@id\":\"https:\/\/xenonkungen.com\/en\/product\/tesla-s3xy-buttons-gen-2-bundle\/#primaryimage\"},\"image\":{\"@id\":\"https:\/\/xenonkungen.com\/en\/product\/tesla-s3xy-buttons-gen-2-bundle\/#primaryimage\"},\"thumbnailUrl\":\"https:\/\/xenonkungen.com\/wp-content\/uploads\/2025\/04\/4btns.png\",\"datePublished\":\"2025-04-15T08:21:49+00:00\",\"dateModified\":\"2026-04-10T19:44:38+00:00\",\"breadcrumb\":{\"@id\":\"https:\/\/xenonkungen.com\/en\/product\/tesla-s3xy-buttons-gen-2-bundle\/#breadcrumb\"},\"inLanguage\":\"de\",\"potentialAction\":[{\"@type\":\"ReadAction\",\"target\":[\"https:\/\/xenonkungen.com\/en\/product\/tesla-s3xy-buttons-gen-2-bundle\/\"]}]},{\"@type\":\"ImageObject\",\"inLanguage\":\"de\",\"@id\":\"https:\/\/xenonkungen.com\/en\/product\/tesla-s3xy-buttons-gen-2-bundle\/#primaryimage\",\"url\":\"https:\/\/xenonkungen.com\/wp-content\/uploads\/2025\/04\/4btns.png\",\"contentUrl\":\"https:\/\/xenonkungen.com\/wp-content\/uploads\/2025\/04\/4btns.png\",\"width\":1024,\"height\":576},{\"@type\":\"BreadcrumbList\",\"@id\":\"https:\/\/xenonkungen.com\/en\/product\/tesla-s3xy-buttons-gen-2-bundle\/#breadcrumb\",\"itemListElement\":[{\"@type\":\"ListItem\",\"position\":1,\"name\":\"Hem\",\"item\":\"https:\/\/xenonkungen.com\/\"},{\"@type\":\"ListItem\",\"position\":2,\"name\":\"Shop\",\"item\":\"https:\/\/xenonkungen.com\/shop\/\"},{\"@type\":\"ListItem\",\"position\":3,\"name\":\"Tesla S3XY Buttons Gen 2 Bundle\"}]},{\"@type\":\"WebSite\",\"@id\":\"https:\/\/xenonkungen.com\/#website\",\"url\":\"https:\/\/xenonkungen.com\/\",\"name\":\"Xenonkungen\",\"description\":\"\",\"potentialAction\":[{\"@type\":\"SearchAction\",\"target\":{\"@type\":\"EntryPoint\",\"urlTemplate\":\"https:\/\/xenonkungen.com\/?s={search_term_string}\"},\"query-input\":{\"@type\":\"PropertyValueSpecification\",\"valueRequired\":true,\"valueName\":\"search_term_string\"}}],\"inLanguage\":\"de\"}]}<\/script>\n<!-- \/ Yoast SEO plugin. -->","yoast_head_json":{"title":"Tesla S3XY Buttons Gen 2 Bundle - The Xenon King","robots":{"index":"index","follow":"follow","max-snippet":"max-snippet:-1","max-image-preview":"max-image-preview:large","max-video-preview":"max-video-preview:-1"},"canonical":"https:\/\/xenonkungen.com\/de\/produkt\/tesla-s3xy-tasten-gen-2-bundle\/","og_locale":"de_DE","og_type":"article","og_title":"Tesla S3XY Buttons Gen 2 Bundle - Xenonkungen","og_description":"S3XY Buttons Gen.2 Bunde S3XY Buttons \u00e4r en produkt utformad f\u00f6r att f\u00f6rb\u00e4ttra k\u00f6rupplevelsen f\u00f6r Tesla-\u00e4gare. Genom att anv\u00e4nda Bluetooth 5.0 f\u00f6r anslutning, erbjuder dessa knappar \u00f6ver 100 snabbval som l\u00e5ter anv\u00e4ndaren anpassa sina funktioner efter behov. Fr\u00e5n enkla \u00e5tg\u00e4rder som att \u00f6ppna handskfacket till mer avancerade inst\u00e4llningar som att justera regenerativ bromsning, erbjuder S3XY [&hellip;]","og_url":"https:\/\/xenonkungen.com\/de\/produkt\/tesla-s3xy-tasten-gen-2-bundle\/","og_site_name":"Xenonkungen","article_modified_time":"2026-04-10T19:44:38+00:00","og_image":[{"width":1024,"height":576,"url":"https:\/\/xenonkungen.com\/wp-content\/uploads\/2025\/04\/4btns.png","type":"image\/png"}],"twitter_card":"summary_large_image","twitter_misc":{"Gesch\u00e4tzte Lesezeit":"1\u00a0Minute"},"schema":{"@context":"https:\/\/schema.org","@graph":[{"@type":"WebPage","@id":"https:\/\/xenonkungen.com\/en\/product\/tesla-s3xy-buttons-gen-2-bundle\/","url":"https:\/\/xenonkungen.com\/en\/product\/tesla-s3xy-buttons-gen-2-bundle\/","name":"Tesla S3XY Buttons Gen 2 Bundle - The Xenon King","isPartOf":{"@id":"https:\/\/xenonkungen.com\/#website"},"primaryImageOfPage":{"@id":"https:\/\/xenonkungen.com\/en\/product\/tesla-s3xy-buttons-gen-2-bundle\/#primaryimage"},"image":{"@id":"https:\/\/xenonkungen.com\/en\/product\/tesla-s3xy-buttons-gen-2-bundle\/#primaryimage"},"thumbnailUrl":"https:\/\/xenonkungen.com\/wp-content\/uploads\/2025\/04\/4btns.png","datePublished":"2025-04-15T08:21:49+00:00","dateModified":"2026-04-10T19:44:38+00:00","breadcrumb":{"@id":"https:\/\/xenonkungen.com\/en\/product\/tesla-s3xy-buttons-gen-2-bundle\/#breadcrumb"},"inLanguage":"de","potentialAction":[{"@type":"ReadAction","target":["https:\/\/xenonkungen.com\/en\/product\/tesla-s3xy-buttons-gen-2-bundle\/"]}]},{"@type":"ImageObject","inLanguage":"de","@id":"https:\/\/xenonkungen.com\/en\/product\/tesla-s3xy-buttons-gen-2-bundle\/#primaryimage","url":"https:\/\/xenonkungen.com\/wp-content\/uploads\/2025\/04\/4btns.png","contentUrl":"https:\/\/xenonkungen.com\/wp-content\/uploads\/2025\/04\/4btns.png","width":1024,"height":576},{"@type":"BreadcrumbList","@id":"https:\/\/xenonkungen.com\/en\/product\/tesla-s3xy-buttons-gen-2-bundle\/#breadcrumb","itemListElement":[{"@type":"ListItem","position":1,"name":"Hem","item":"https:\/\/xenonkungen.com\/"},{"@type":"ListItem","position":2,"name":"Shop","item":"https:\/\/xenonkungen.com\/shop\/"},{"@type":"ListItem","position":3,"name":"Tesla S3XY Buttons Gen 2 Bundle"}]},{"@type":"WebSite","@id":"https:\/\/xenonkungen.com\/#website","url":"https:\/\/xenonkungen.com\/","name":"Xenonkungen","description":"","potentialAction":[{"@type":"SearchAction","target":{"@type":"EntryPoint","urlTemplate":"https:\/\/xenonkungen.com\/?s={search_term_string}"},"query-input":{"@type":"PropertyValueSpecification","valueRequired":true,"valueName":"search_term_string"}}],"inLanguage":"de"}]}},"taxonomy_info":{"product_brand":[{"value":2792,"label":"TESLA"}],"product_cat":[{"value":16,"label":"Uncategorized"}]},"featured_image_src_large":["https:\/\/xenonkungen.com\/wp-content\/uploads\/2025\/04\/4btns.png",1024,576,false],"author_info":[],"comment_info":0,"_links":{"self":[{"href":"https:\/\/xenonkungen.com\/de\/wp-json\/wp\/v2\/product\/1502","targetHints":{"allow":["GET"]}}],"collection":[{"href":"https:\/\/xenonkungen.com\/de\/wp-json\/wp\/v2\/product"}],"about":[{"href":"https:\/\/xenonkungen.com\/de\/wp-json\/wp\/v2\/types\/product"}],"replies":[{"embeddable":true,"href":"https:\/\/xenonkungen.com\/de\/wp-json\/wp\/v2\/comments?post=1502"}],"wp:featuredmedia":[{"embeddable":true,"href":"https:\/\/xenonkungen.com\/de\/wp-json\/wp\/v2\/media\/1503"}],"wp:attachment":[{"href":"https:\/\/xenonkungen.com\/de\/wp-json\/wp\/v2\/media?parent=1502"}],"wp:term":[{"taxonomy":"anvandningsomrade","embeddable":true,"href":"https:\/\/xenonkungen.com\/de\/wp-json\/wp\/v2\/anvandningsomrade?post=1502"},{"taxonomy":"bilmarken","embeddable":true,"href":"https:\/\/xenonkungen.com\/de\/wp-json\/wp\/v2\/bilmarken?post=1502"},{"taxonomy":"product_brand","embeddable":true,"href":"https:\/\/xenonkungen.com\/de\/wp-json\/wp\/v2\/product_brand?post=1502"},{"taxonomy":"product_cat","embeddable":true,"href":"https:\/\/xenonkungen.com\/de\/wp-json\/wp\/v2\/product_cat?post=1502"},{"taxonomy":"product_tag","embeddable":true,"href":"https:\/\/xenonkungen.com\/de\/wp-json\/wp\/v2\/product_tag?post=1502"}],"curies":[{"name":"wp","href":"https:\/\/api.w.org\/{rel}","templated":true}]}}