{"id":1538,"date":"2025-04-15T08:24:14","date_gmt":"2025-04-15T08:24:14","guid":{"rendered":"https:\/\/xenonkungen.com\/product\/xbb-obd-ii-dongel-powerunit\/"},"modified":"2026-04-02T12:31:28","modified_gmt":"2026-04-02T11:31:28","slug":"xbb-obd-ii-dongle-netzteil","status":"publish","type":"product","link":"https:\/\/xenonkungen.com\/de\/produkt\/xbb-obd-ii-dongle-netzteil\/","title":{"rendered":"XBB OBD-II Dongle + PowerUnit"},"content":{"rendered":"<h2>XBB OBD-II Dongle + PowerUnit<\/h2>\n<div class=\"container\">\n<section class=\"hero card\">\n<div>\n<p>Einzigartig auf dem Markt, <strong>drahtlos<\/strong> Steuerung von LED-Rampen, Zusatzscheinwerfern, R\u00fcckfahrscheinwerfern und Arbeitsscheinwerfern. <strong>Funktioniert mit 12\/24 V<\/strong> und in wenigen Minuten installiert - direkt \u00fcber die OBD-Buchse des Lkw und die XBB-App.<\/p>\n<div class=\"badges\"><span class=\"badge\">Drahtlose Relaissteuerung<\/span><br \/>\n<span class=\"badge\">12\/24 V<\/span><br \/>\n<span class=\"badge\">Bis zu 4 PowerUnits<\/span><br \/>\n<span class=\"badge\">iOS- und Android-App<\/span><br \/>\n<span class=\"badge\">Schwedisch entwickelt - Innoware<\/span><\/div>\n<\/div>\n<aside class=\"card\">\n<h3>Kurz zum Produkt<\/h3>\n<ul>\n<li>Bringen Sie das Relais in der N\u00e4he der Beleuchtung an. <em>minimiert Spannungsabf\u00e4lle<\/em>.<\/li>\n<li>Koppeln Sie den Dongle mit bis zu <strong>vier<\/strong> drahtlos PowerUnits.<\/li>\n<li>Funktionen in der App ausw\u00e4hlen: Fernlicht, R\u00fcckw\u00e4rtsgang, Tagfahrlicht, Positionslicht, etc.<\/li>\n<li>St\u00e4ndige Aktualisierungen und neue \"Rezepte\" f\u00fcr weitere Fahrzeugmodelle.<\/li>\n<\/ul>\n<p class=\"note\">Entwickelt von Innoware Development (Schweden).<\/p>\n<\/aside>\n<\/section>\n<section class=\"grid cols-3\" aria-label=\"Vorteile des Programms\">\n<article class=\"card\">\n<h3>Warum XBB?<\/h3>\n<ul>\n<li><strong>Einzigartig auf dem Markt<\/strong> L\u00f6sung f\u00fcr intelligente Beleuchtungssteuerung.<\/li>\n<li><strong>Drahtloses Relais<\/strong> - keine langen Signalkabel.<\/li>\n<li><strong>Schnelle Installation<\/strong> \u00fcber OBD-II und App.<\/li>\n<li><strong>Skalierbar<\/strong> - steuert mehrere Leuchten mit einem Dongle.<\/li>\n<\/ul>\n<\/article>\n<article class=\"card\">\n<h3>Wie es funktioniert<\/h3>\n<ol>\n<li>Stecken Sie den XBB-Dongle in die OBD-II-Buchse Ihres Fahrzeugs.<\/li>\n<li>Koppeln Sie es in der App mit bis zu 4 <em>PowerUnit<\/em>-Landkreis.<\/li>\n<li>Montieren Sie die PowerUnit in der N\u00e4he der Leuchten (Zusatz-, Vorlauf- und R\u00fcckfahrleuchten).<\/li>\n<li>W\u00e4hlen Sie die Ausl\u00f6ser in der App: z. B. Fernlicht, R\u00fcckfahrlicht, Tagfahrlicht oder Positionslicht.<\/li>\n<\/ol>\n<\/article>\n<article class=\"card\">\n<h3>Bereiche der Nutzung<\/h3>\n<ul>\n<li>Zusatzscheinwerfer &amp; LED-Rampen (inkl. DRL-Steuerung)<\/li>\n<li>R\u00fcckfahrscheinwerfer und Arbeitsscheinwerfer<\/li>\n<li>Fahrzeuge 12 V &amp; 24 V (Pkw, Transporter, Lkw)<\/li>\n<li>Manuelle Steuerung mit <span style=\"color: #0000ff;\"><a style=\"color: #0000ff;\" href=\"https:\/\/xenonkungen.com\/produkt\/xbb-smart-button\/\" target=\"_blank\" rel=\"noopener\">XBB Smart Button<\/a><\/span><\/li>\n<\/ul>\n<\/article>\n<\/section>\n<section id=\"kompatibilitet\" class=\"card\">\n<h2>Kompatibilit\u00e4t &amp; Updates<\/h2>\n<p>XBB ver\u00f6ffentlicht kontinuierlich neue <em>Verschreibung<\/em> (Fahrzeugprofile) f\u00fcr die auf dem Markt befindlichen Fahrzeugmodelle. Die Liste wird st\u00e4ndig aktualisiert.<\/p>\n<ul>\n<li>Pr\u00fcfen Sie \u00fcber den Link, ob Ihr Fahrzeug kompatibel ist:<span style=\"color: #0000ff;\"> <a style=\"color: #0000ff;\" href=\"https:\/\/www.xbb.se\/xbbTable\/bilmodeller.php\" target=\"_blank\" rel=\"nofollow noopener\">Aktuelle Fahrzeugliste<\/a><\/span>.<\/li>\n<li>Das Ger\u00e4t wird automatisch aktualisiert, um die Genauigkeit und Funktionalit\u00e4t zu verbessern.<\/li>\n<\/ul>\n<\/section>\n<section class=\"card\">\n<h2>Inhalt der Lieferung<\/h2>\n<ul>\n<li>1 \u00d7 XBB PowerUnit (drahtloses Relais)<\/li>\n<li>1 \u00d7 XBB OBD-II-Dongle<\/li>\n<\/ul>\n<p class=\"pill\">1 Jahr Garantie<\/p>\n<\/section>\n<section id=\"smartbutton\" class=\"card\">\n<h2>Zubeh\u00f6r: XBB Smart Button<\/h2>\n<p>Eine separate, kabellose Taste zum manuellen Ein- und Ausschalten des angeschlossenen Lichts - perfekt z. B. bei dichtem Nebel.<\/p>\n<ul>\n<li>Einfache Synchronisierung in der App mit der ausgew\u00e4hlten PowerUnit.<\/li>\n<li>W\u00e4hlen Sie aus, welche Lichter Sie steuern m\u00f6chten.<\/li>\n<\/ul>\n<p><span style=\"color: #0000ff;\"><a style=\"color: #0000ff;\" href=\"https:\/\/xenonkungen.com\/produkt\/xbb-smart-button\/\" target=\"_blank\" rel=\"noopener\">XBB Smart Button<\/a><\/span><\/p>\n<\/section>\n<section class=\"card\">\n<h2>Weitere Ger\u00e4te ausw\u00e4hlen<\/h2>\n<ul>\n<li>Ben\u00f6tigen Sie nur ein neues Relais? <span style=\"color: #0000ff;\"><a style=\"color: #0000ff;\" href=\"https:\/\/xenonkungen.com\/produkt\/xbb-obd-ii-powerunit\/\" target=\"_blank\" rel=\"noopener\">Extra XBB PowerUnit<\/a><\/span><\/li>\n<li>Sind Sie nur auf der Suche nach dem Dongle? <span style=\"color: #0000ff;\"><a style=\"color: #0000ff;\" href=\"https:\/\/xenonkungen.com\/produkt\/xbb-obd-ii-dongel\/\" target=\"_blank\" rel=\"noopener\">Extra XBB-Dongle<\/a><\/span><\/li>\n<\/ul>\n<\/section>\n<section class=\"card specs\" aria-label=\"Spezifikationen\">\n<div>\n<h3>Spezifikationen<\/h3>\n<ul>\n<li>Systemspannung: 12 \/ 24 V<\/li>\n<li>Kommunikation: Funk-Dongle \u2194 PowerUnit<\/li>\n<li>Unterst\u00fctzung f\u00fcr bis zu 4 PowerUnits pro Dongle<\/li>\n<li>Steuerung \u00fcber die XBB-App (App Store &amp; Google Play)<\/li>\n<\/ul>\n<\/div>\n<div>\n<h3>App &amp; Installation<\/h3>\n<ul>\n<li>Laden Sie die App aus dem App Store oder von Google Play herunter.<\/li>\n<li>Gef\u00fchrte Schritte in der App - Installation in nur wenigen Minuten.<\/li>\n<li>Laufende Aktualisierung von Firmware und Rezepten.<\/li>\n<\/ul>\n<\/div>\n<\/section>\n<section class=\"card\">\n<h2>Kurzanleitung<\/h2>\n<details open=\"\">\n<summary>Installation und Betrieb<\/summary>\n<ol>\n<li>Stecken Sie den Dongle in die OBD-Buchse.<\/li>\n<li>\u00d6ffnen Sie die App und koppeln Sie eine oder mehrere PowerUnits.<\/li>\n<li>Stellen Sie die PowerUnit in der N\u00e4he der Leuchten auf, um die Verkabelung so kurz wie m\u00f6glich zu halten.<\/li>\n<li>W\u00e4hlen Sie die gew\u00fcnschte Funktion (z. B. R\u00fcckw\u00e4rtsgang, Tagfahrlicht, Fernlicht, Positionslicht).<\/li>\n<li>Testen Sie die Funktion und nehmen Sie gegebenenfalls eine Feinabstimmung vor.<\/li>\n<\/ol>\n<p class=\"note\">Siehe auch: <span style=\"color: #0000ff;\"><a style=\"color: #0000ff;\" href=\"https:\/\/www.xbb.se\/sv_se\/snabbguide\/\" target=\"_blank\" rel=\"noopener\">Kurzanleitung f\u00fcr Installation und Betrieb<\/a><\/span><\/p>\n<\/details>\n<div class=\"warning\" role=\"note\" aria-label=\"Bitte beachten Sie\"><strong>NB:<\/strong> Dieses Produkt befindet sich in der Entwicklung und es werden regelm\u00e4\u00dfig neue Rezepte hinzugef\u00fcgt. Wenn Ihr Auto noch nicht auf der Liste steht, schauen Sie bitte sp\u00e4ter wieder vorbei - oder kontaktieren Sie uns und wir helfen Ihnen.<\/div>\n<\/section>\n<footer class=\"card\">\n<h3>Brauchen Sie Hilfe?<\/h3>\n<p>Wir sind f\u00fcr Sie da, wenn Sie sich nicht sicher sind. Schauen Sie sich zun\u00e4chst die Kurzanleitung an - viele Fragen sind in wenigen Minuten gekl\u00e4rt.<\/p>\n<ul>\n<li><a href=\"https:\/\/www.xbb.se\/sv_se\/snabbguide\/\" target=\"_blank\" rel=\"noopener\"><span style=\"color: #0000ff;\">Kurzanleitung f\u00fcr Installation und Betrieb<\/span><\/a><\/li>\n<li><span style=\"color: #0000ff;\"><a style=\"color: #0000ff;\" href=\"https:\/\/www.xbb.se\/xbbTable\/bilmodeller.php\" target=\"_blank\" rel=\"noopener\">Kompatibilit\u00e4tsliste<\/a><\/span><\/li>\n<\/ul>\n<p class=\"note\">Marke: XBB - Entwickelt von Innoware Development (Schweden)<\/p>\n<\/footer>\n<\/div>","protected":false},"excerpt":{"rendered":"<p>Die clevere L\u00f6sung von XBB f\u00fcr den Anschluss von Zusatzscheinwerfern und Rampen auch bei den neuesten Modellen!<\/p>","protected":false},"featured_media":1539,"comment_status":"closed","ping_status":"closed","template":"","meta":{"_acf_changed":false,"_smort_price_nok":"2558","_smort_price_dkk":"1625","_smort_price_eur":"217.72","_smort_sale_price_nok":"","_smort_sale_price_dkk":"","_smort_sale_price_eur":"","smort_restorder":"","shipmondo_restorder":"","_kad_blocks_custom_css":"","_kad_blocks_head_custom_js":"","_kad_blocks_body_custom_js":"","_kad_blocks_footer_custom_js":"","smort_custom_pricelist_1":"1532.8","smort_custom_pricelist_2":"1341.2","smort_custom_pricelist_3":"1245.4","smort_custom_pricelist_4":"1916","smort_custom_pricelist_5":"1341.2"},"anvandningsomrade":[],"bilmarken":[],"product_brand":[115],"product_cat":[2487,2841,2828,2849,2468,2497,390],"product_tag":[],"class_list":{"0":"post-1538","1":"product","2":"type-product","3":"status-publish","4":"has-post-thumbnail","6":"product_brand-xbb","7":"product_cat-canbus-installation","8":"product_cat-installation-extraljus","9":"product_cat-installation-led-ramper","10":"product_cat-malvin","11":"product_cat-rela","12":"product_cat-xbb","13":"product_cat-installation","14":"pa_stromforbrukning-15a","15":"pa_volt-v-12-24","17":"first","18":"onbackorder","19":"taxable","20":"shipping-taxable","21":"purchasable","22":"product-type-simple"},"bundled_by":["9152","9161","9170","9215","9223","9231","9239","9265","9271","9277","9283","9305","9309","9315","9339","9346","9353","9360","9368","9375","9384","9393","9400","9509","9520","9527","9534","9541","9545","9553","9559","9574","9580","9586","9593","9600","9608","9614","9624","9633","9643","10292","10301","10303","21277","25260","25266","25270","25275","25279","25283","25285","25797","25806","25816","25821","25824","25826","25827","25828","27189","27187"],"bundle_stock_status":"onbackorder","bundle_stock_quantity":-260,"bundle_virtual":false,"bundle_layout":"","bundle_add_to_cart_form_location":"","bundle_editable_in_cart":false,"bundle_sold_individually_context":"","bundle_item_grouping":"","bundle_min_size":"","bundle_max_size":"","bundle_price":[],"bundled_items":[],"bundle_sell_ids":[],"acf":[],"yoast_head":"<!-- This site is optimized with the Yoast SEO plugin v27.0 - https:\/\/yoast.com\/product\/yoast-seo-wordpress\/ -->\n<title>XBB OBD-II Dongel + PowerUnit - Xenonkungen<\/title>\n<meta name=\"robots\" content=\"index, follow, max-snippet:-1, max-image-preview:large, max-video-preview:-1\" \/>\n<link rel=\"canonical\" href=\"https:\/\/xenonkungen.com\/de\/produkt\/xbb-obd-ii-dongle-netzteil\/\" \/>\n<meta property=\"og:locale\" content=\"de_DE\" \/>\n<meta property=\"og:type\" content=\"article\" \/>\n<meta property=\"og:title\" content=\"XBB OBD-II Dongel + PowerUnit - Xenonkungen\" \/>\n<meta property=\"og:description\" content=\"XBBs smarta l\u00f6sning f\u00f6r att koppla in extraljus och ledramper \u00e4ven p\u00e5 dom nyaste modellerna!\" \/>\n<meta property=\"og:url\" content=\"https:\/\/xenonkungen.com\/de\/produkt\/xbb-obd-ii-dongle-netzteil\/\" \/>\n<meta property=\"og:site_name\" content=\"Xenonkungen\" \/>\n<meta property=\"article:modified_time\" content=\"2026-04-02T11:31:28+00:00\" \/>\n<meta property=\"og:image\" content=\"https:\/\/xenonkungen.com\/wp-content\/uploads\/2025\/04\/179733167-origpic-898ced.png\" \/>\n\t<meta property=\"og:image:width\" content=\"1000\" \/>\n\t<meta property=\"og:image:height\" content=\"1000\" \/>\n\t<meta property=\"og:image:type\" content=\"image\/png\" \/>\n<meta name=\"twitter:card\" content=\"summary_large_image\" \/>\n<meta name=\"twitter:label1\" content=\"Gesch\u00e4tzte Lesezeit\" \/>\n\t<meta name=\"twitter:data1\" content=\"3\u00a0Minuten\" \/>\n<script type=\"application\/ld+json\" class=\"yoast-schema-graph\">{\"@context\":\"https:\/\/schema.org\",\"@graph\":[{\"@type\":\"WebPage\",\"@id\":\"https:\/\/xenonkungen.com\/produkt\/xbb-obd-ii-dongel-powerunit\/\",\"url\":\"https:\/\/xenonkungen.com\/produkt\/xbb-obd-ii-dongel-powerunit\/\",\"name\":\"XBB OBD-II Dongel + PowerUnit - Xenonkungen\",\"isPartOf\":{\"@id\":\"https:\/\/xenonkungen.com\/#website\"},\"primaryImageOfPage\":{\"@id\":\"https:\/\/xenonkungen.com\/produkt\/xbb-obd-ii-dongel-powerunit\/#primaryimage\"},\"image\":{\"@id\":\"https:\/\/xenonkungen.com\/produkt\/xbb-obd-ii-dongel-powerunit\/#primaryimage\"},\"thumbnailUrl\":\"https:\/\/xenonkungen.com\/wp-content\/uploads\/2025\/04\/179733167-origpic-898ced.png\",\"datePublished\":\"2025-04-15T08:24:14+00:00\",\"dateModified\":\"2026-04-02T11:31:28+00:00\",\"breadcrumb\":{\"@id\":\"https:\/\/xenonkungen.com\/produkt\/xbb-obd-ii-dongel-powerunit\/#breadcrumb\"},\"inLanguage\":\"de\",\"potentialAction\":[{\"@type\":\"ReadAction\",\"target\":[\"https:\/\/xenonkungen.com\/produkt\/xbb-obd-ii-dongel-powerunit\/\"]}]},{\"@type\":\"ImageObject\",\"inLanguage\":\"de\",\"@id\":\"https:\/\/xenonkungen.com\/produkt\/xbb-obd-ii-dongel-powerunit\/#primaryimage\",\"url\":\"https:\/\/xenonkungen.com\/wp-content\/uploads\/2025\/04\/179733167-origpic-898ced.png\",\"contentUrl\":\"https:\/\/xenonkungen.com\/wp-content\/uploads\/2025\/04\/179733167-origpic-898ced.png\",\"width\":1000,\"height\":1000},{\"@type\":\"BreadcrumbList\",\"@id\":\"https:\/\/xenonkungen.com\/produkt\/xbb-obd-ii-dongel-powerunit\/#breadcrumb\",\"itemListElement\":[{\"@type\":\"ListItem\",\"position\":1,\"name\":\"Hem\",\"item\":\"https:\/\/xenonkungen.com\/\"},{\"@type\":\"ListItem\",\"position\":2,\"name\":\"Shop\",\"item\":\"https:\/\/xenonkungen.com\/shop\/\"},{\"@type\":\"ListItem\",\"position\":3,\"name\":\"XBB OBD-II Dongel + PowerUnit\"}]},{\"@type\":\"WebSite\",\"@id\":\"https:\/\/xenonkungen.com\/#website\",\"url\":\"https:\/\/xenonkungen.com\/\",\"name\":\"Xenonkungen\",\"description\":\"\",\"potentialAction\":[{\"@type\":\"SearchAction\",\"target\":{\"@type\":\"EntryPoint\",\"urlTemplate\":\"https:\/\/xenonkungen.com\/?s={search_term_string}\"},\"query-input\":{\"@type\":\"PropertyValueSpecification\",\"valueRequired\":true,\"valueName\":\"search_term_string\"}}],\"inLanguage\":\"de\"}]}<\/script>\n<!-- \/ Yoast SEO plugin. -->","yoast_head_json":{"title":"XBB OBD-II Dongle + PowerUnit \u2013 Der Xenon-K\u00f6nig","robots":{"index":"index","follow":"follow","max-snippet":"max-snippet:-1","max-image-preview":"max-image-preview:large","max-video-preview":"max-video-preview:-1"},"canonical":"https:\/\/xenonkungen.com\/de\/produkt\/xbb-obd-ii-dongle-netzteil\/","og_locale":"de_DE","og_type":"article","og_title":"XBB OBD-II Dongel + PowerUnit - Xenonkungen","og_description":"XBBs smarta l\u00f6sning f\u00f6r att koppla in extraljus och ledramper \u00e4ven p\u00e5 dom nyaste modellerna!","og_url":"https:\/\/xenonkungen.com\/de\/produkt\/xbb-obd-ii-dongle-netzteil\/","og_site_name":"Xenonkungen","article_modified_time":"2026-04-02T11:31:28+00:00","og_image":[{"width":1000,"height":1000,"url":"https:\/\/xenonkungen.com\/wp-content\/uploads\/2025\/04\/179733167-origpic-898ced.png","type":"image\/png"}],"twitter_card":"summary_large_image","twitter_misc":{"Gesch\u00e4tzte Lesezeit":"3\u00a0Minuten"},"schema":{"@context":"https:\/\/schema.org","@graph":[{"@type":"WebPage","@id":"https:\/\/xenonkungen.com\/produkt\/xbb-obd-ii-dongel-powerunit\/","url":"https:\/\/xenonkungen.com\/produkt\/xbb-obd-ii-dongel-powerunit\/","name":"XBB OBD-II Dongle + PowerUnit \u2013 Der Xenon-K\u00f6nig","isPartOf":{"@id":"https:\/\/xenonkungen.com\/#website"},"primaryImageOfPage":{"@id":"https:\/\/xenonkungen.com\/produkt\/xbb-obd-ii-dongel-powerunit\/#primaryimage"},"image":{"@id":"https:\/\/xenonkungen.com\/produkt\/xbb-obd-ii-dongel-powerunit\/#primaryimage"},"thumbnailUrl":"https:\/\/xenonkungen.com\/wp-content\/uploads\/2025\/04\/179733167-origpic-898ced.png","datePublished":"2025-04-15T08:24:14+00:00","dateModified":"2026-04-02T11:31:28+00:00","breadcrumb":{"@id":"https:\/\/xenonkungen.com\/produkt\/xbb-obd-ii-dongel-powerunit\/#breadcrumb"},"inLanguage":"de","potentialAction":[{"@type":"ReadAction","target":["https:\/\/xenonkungen.com\/produkt\/xbb-obd-ii-dongel-powerunit\/"]}]},{"@type":"ImageObject","inLanguage":"de","@id":"https:\/\/xenonkungen.com\/produkt\/xbb-obd-ii-dongel-powerunit\/#primaryimage","url":"https:\/\/xenonkungen.com\/wp-content\/uploads\/2025\/04\/179733167-origpic-898ced.png","contentUrl":"https:\/\/xenonkungen.com\/wp-content\/uploads\/2025\/04\/179733167-origpic-898ced.png","width":1000,"height":1000},{"@type":"BreadcrumbList","@id":"https:\/\/xenonkungen.com\/produkt\/xbb-obd-ii-dongel-powerunit\/#breadcrumb","itemListElement":[{"@type":"ListItem","position":1,"name":"Hem","item":"https:\/\/xenonkungen.com\/"},{"@type":"ListItem","position":2,"name":"Shop","item":"https:\/\/xenonkungen.com\/shop\/"},{"@type":"ListItem","position":3,"name":"XBB OBD-II Dongel + PowerUnit"}]},{"@type":"WebSite","@id":"https:\/\/xenonkungen.com\/#website","url":"https:\/\/xenonkungen.com\/","name":"Xenonkungen","description":"","potentialAction":[{"@type":"SearchAction","target":{"@type":"EntryPoint","urlTemplate":"https:\/\/xenonkungen.com\/?s={search_term_string}"},"query-input":{"@type":"PropertyValueSpecification","valueRequired":true,"valueName":"search_term_string"}}],"inLanguage":"de"}]}},"taxonomy_info":{"product_brand":[{"value":115,"label":"XBB"}],"product_cat":[{"value":2487,"label":"Canbus"},{"value":2841,"label":"Installation extraljus"},{"value":2828,"label":"Installation LED-ramper"},{"value":2849,"label":"Malvins VW Golf"},{"value":2468,"label":"Rel\u00e4"},{"value":2497,"label":"XBB"},{"value":390,"label":"Installation"}],"pa_stromforbrukning":[{"value":482,"label":"15A"}],"pa_volt-v":[{"value":348,"label":"12, 24"}]},"featured_image_src_large":["https:\/\/xenonkungen.com\/wp-content\/uploads\/2025\/04\/179733167-origpic-898ced.png",1000,1000,false],"author_info":[],"comment_info":4,"_links":{"self":[{"href":"https:\/\/xenonkungen.com\/de\/wp-json\/wp\/v2\/product\/1538","targetHints":{"allow":["GET"]}}],"collection":[{"href":"https:\/\/xenonkungen.com\/de\/wp-json\/wp\/v2\/product"}],"about":[{"href":"https:\/\/xenonkungen.com\/de\/wp-json\/wp\/v2\/types\/product"}],"replies":[{"embeddable":true,"href":"https:\/\/xenonkungen.com\/de\/wp-json\/wp\/v2\/comments?post=1538"}],"wp:featuredmedia":[{"embeddable":true,"href":"https:\/\/xenonkungen.com\/de\/wp-json\/wp\/v2\/media\/1539"}],"wp:attachment":[{"href":"https:\/\/xenonkungen.com\/de\/wp-json\/wp\/v2\/media?parent=1538"}],"wp:term":[{"taxonomy":"anvandningsomrade","embeddable":true,"href":"https:\/\/xenonkungen.com\/de\/wp-json\/wp\/v2\/anvandningsomrade?post=1538"},{"taxonomy":"bilmarken","embeddable":true,"href":"https:\/\/xenonkungen.com\/de\/wp-json\/wp\/v2\/bilmarken?post=1538"},{"taxonomy":"product_brand","embeddable":true,"href":"https:\/\/xenonkungen.com\/de\/wp-json\/wp\/v2\/product_brand?post=1538"},{"taxonomy":"product_cat","embeddable":true,"href":"https:\/\/xenonkungen.com\/de\/wp-json\/wp\/v2\/product_cat?post=1538"},{"taxonomy":"product_tag","embeddable":true,"href":"https:\/\/xenonkungen.com\/de\/wp-json\/wp\/v2\/product_tag?post=1538"}],"curies":[{"name":"wp","href":"https:\/\/api.w.org\/{rel}","templated":true}]}}