{"id":15403,"date":"2025-10-10T14:00:52","date_gmt":"2025-10-10T14:00:52","guid":{"rendered":"https:\/\/xenonkungen.com\/?post_type=product&#038;p=15403"},"modified":"2026-04-24T17:45:05","modified_gmt":"2026-04-24T16:45:05","slug":"optibeam-savage-20-550mm","status":"publish","type":"product","link":"https:\/\/xenonkungen.com\/de\/produkt\/optibeam-savage-20-550mm\/","title":{"rendered":"OPTIBEAM Savage 20\" 550mm"},"content":{"rendered":"<p data-start=\"168\" data-end=\"229\"><strong data-start=\"168\" data-end=\"227\">Optibeam Savage 20 \u2013 Kompakte Leistung mit extremer Performance<\/strong><\/p>\n<p data-start=\"231\" data-end=\"533\"><strong data-start=\"231\" data-end=\"253\">Optibeam Savage 20<\/strong> Sie vereint Leistung, Pr\u00e4zision und Design in perfekter Weise. Diese aktualisierte LED-Leiste des finnischen Herstellers Optibeam liefert trotz ihrer kompakten Gr\u00f6\u00dfe erstklassige Lichtleistung. Ideal f\u00fcr alle, die Wert auf... <strong data-start=\"470\" data-end=\"530\">Maximale Lichtausbeute, perfektes Lichtmuster und ein moderner Look<\/strong>.<\/p>\n<p data-start=\"535\" data-end=\"813\">Mit einer Reichweite von bis zu <strong data-start=\"563\" data-end=\"586\">592 Meter bei 1 Lux<\/strong> Sie erhalten eine beeindruckende Lichtkegelbreite und -l\u00e4nge, die das Fahren bei Nacht sowohl sicherer als auch komfortabler macht. <strong data-start=\"687\" data-end=\"712\">optimierte das Lichtbild<\/strong> sorgt f\u00fcr eine gleichm\u00e4\u00dfige und angenehme Lichtverteilung ohne unn\u00f6tige Blendung \u2013 das Licht landet genau dort, wo man es braucht.<\/p>\n<p data-start=\"815\" data-end=\"1126\">Die Savage 20 ist ausgestattet mit <strong data-start=\"841\" data-end=\"878\">Streetshine Umgebungs-Positionslicht<\/strong>, ein elegantes Licht, das die Rampenreflektoren hervorhebt und dem Fahrzeug einen stilvollen, exklusiven Ausdruck verleiht. Die ausgewogene Farbtemperatur von <strong data-start=\"1017\" data-end=\"1032\">5700 Kelvin<\/strong> erzeugt ein helles, wei\u00dfes Licht, das dem Tageslicht \u00e4hnelt und die Erm\u00fcdung bei langen Fahrten verringert.<\/p>\n<p data-start=\"1128\" data-end=\"1338\">Hergestellt mit <strong data-start=\"1143\" data-end=\"1165\">Premium-Komponenten<\/strong> Der Savage 20 wurde f\u00fcr die harten Bedingungen des nordischen Raums entwickelt und ist daher die ideale Wahl f\u00fcr alle, die nur das Beste verlangen \u2013 egal ob auf der Stra\u00dfe, im Gel\u00e4nde oder im gewerblichen Verkehr.<\/p>\n<p data-start=\"1340\" data-end=\"1355\"><strong data-start=\"1340\" data-end=\"1353\">Vorteile:<\/strong><\/p>\n<ul data-start=\"1356\" data-end=\"1725\">\n<li data-start=\"1356\" data-end=\"1406\">\n<p data-start=\"1358\" data-end=\"1406\">Extrem hohe Helligkeit \u2013 bis zu 592 Meter bei 1 Lux<\/p>\n<\/li>\n<li data-start=\"1407\" data-end=\"1449\">\n<p data-start=\"1409\" data-end=\"1449\">Kompaktes Design mit starker Leistung<\/p>\n<\/li>\n<li data-start=\"1450\" data-end=\"1510\">\n<p data-start=\"1452\" data-end=\"1510\">Streetshine Ambiente-Positionsleuchten f\u00fcr einen exklusiven Look<\/p>\n<\/li>\n<li data-start=\"1511\" data-end=\"1575\">\n<p data-start=\"1513\" data-end=\"1575\">Optimiertes Lichtbild mit perfektem Gleichgewicht zwischen Breite und L\u00e4nge<\/p>\n<\/li>\n<li data-start=\"1576\" data-end=\"1631\">\n<p data-start=\"1578\" data-end=\"1631\">5700K Farbtemperatur \u2013 nat\u00fcrliches und angenehmes Licht<\/p>\n<\/li>\n<li data-start=\"1632\" data-end=\"1686\">\n<p data-start=\"1634\" data-end=\"1686\">Hochwertige Komponenten und robuste Konstruktion<\/p>\n<\/li>\n<li data-start=\"1687\" data-end=\"1725\">\n<p data-start=\"1689\" data-end=\"1725\">Konzipiert f\u00fcr nordische Bedingungen<\/p>\n<\/li>\n<\/ul>\n<p data-start=\"1727\" data-end=\"1838\"><strong data-start=\"1727\" data-end=\"1749\">Optibeam Savage 20<\/strong> \u2013 f\u00fcr diejenigen unter Ihnen, die wollen <strong data-start=\"1772\" data-end=\"1835\">Eine kompakte Zusatzleuchte, die erstklassige Leistung bietet<\/strong>.<\/p>","protected":false},"excerpt":{"rendered":"<p>Optibeam Savage 20 \u2013 kompakt kraft med extrem prestanda Optibeam Savage 20 \u00e4r den perfekta kombinationen av kraft, precision och design. Den h\u00e4r uppdaterade LED-rampen fr\u00e5n finska Optibeam levererar ljusprestanda i absolut toppklass \u2013 trots sitt kompakta format. Perfekt f\u00f6r dig som vill ha maximalt ljus, perfekt ljusbild och ett modernt utseende. Med en r\u00e4ckvidd [&hellip;]<\/p>","protected":false},"featured_media":15406,"comment_status":"open","ping_status":"closed","template":"","meta":{"_acf_changed":false,"_smort_price_nok":"3199","_smort_price_dkk":"2032","_smort_price_eur":"272.26","_smort_sale_price_nok":"","_smort_sale_price_dkk":"","_smort_sale_price_eur":"","smort_restorder":"","shipmondo_restorder":"","_kad_blocks_custom_css":"","_kad_blocks_head_custom_js":"","_kad_blocks_body_custom_js":"","_kad_blocks_footer_custom_js":"","smort_custom_pricelist_1":"1916.8","smort_custom_pricelist_2":"1677.2","smort_custom_pricelist_3":"1557.4","smort_custom_pricelist_4":"2396","smort_custom_pricelist_5":"1677.2"},"anvandningsomrade":[],"bilmarken":[],"product_brand":[107],"product_cat":[2966,2539,2660],"product_tag":[],"class_list":{"0":"post-15403","1":"product","2":"type-product","3":"status-publish","4":"has-post-thumbnail","6":"product_brand-optibeam","7":"product_cat-ledramp-rak","8":"product_cat-ledramper","9":"product_cat-optibeam-ledramper","10":"pa_fargtemperatur-5700k","11":"pa_fuktskydd-varde-ipxx-ip68","12":"pa_lampsockel-kontakt-dtp-4","13":"pa_storlek-mm-549x81x87","14":"pa_volt-v-159","15":"pa_volt-v-189","16":"pa_volt-v-160","17":"pa_volt-v-161","18":"pa_volt-v-170","19":"pa_volt-v-2764","21":"first","22":"onbackorder","23":"taxable","24":"shipping-taxable","25":"purchasable","26":"product-type-simple"},"bundled_by":[],"bundle_stock_status":"onbackorder","bundle_stock_quantity":0,"bundle_virtual":false,"bundle_layout":"","bundle_add_to_cart_form_location":"","bundle_editable_in_cart":false,"bundle_sold_individually_context":"","bundle_item_grouping":"","bundle_min_size":"","bundle_max_size":"","bundle_price":[],"bundled_items":[],"bundle_sell_ids":[],"acf":[],"yoast_head":"<!-- This site is optimized with the Yoast SEO plugin v27.0 - https:\/\/yoast.com\/product\/yoast-seo-wordpress\/ -->\n<title>OPTIBEAM Savage 20\u201d 550mm - Xenonkungen<\/title>\n<meta name=\"robots\" content=\"index, follow, max-snippet:-1, max-image-preview:large, max-video-preview:-1\" \/>\n<link rel=\"canonical\" href=\"https:\/\/xenonkungen.com\/de\/produkt\/optibeam-savage-20-550mm\/\" \/>\n<meta property=\"og:locale\" content=\"de_DE\" \/>\n<meta property=\"og:type\" content=\"article\" \/>\n<meta property=\"og:title\" content=\"OPTIBEAM Savage 20\u201d 550mm - Xenonkungen\" \/>\n<meta property=\"og:description\" content=\"Optibeam Savage 20 \u2013 kompakt kraft med extrem prestanda Optibeam Savage 20 \u00e4r den perfekta kombinationen av kraft, precision och design. Den h\u00e4r uppdaterade LED-rampen fr\u00e5n finska Optibeam levererar ljusprestanda i absolut toppklass \u2013 trots sitt kompakta format. Perfekt f\u00f6r dig som vill ha maximalt ljus, perfekt ljusbild och ett modernt utseende. Med en r\u00e4ckvidd [&hellip;]\" \/>\n<meta property=\"og:url\" content=\"https:\/\/xenonkungen.com\/de\/produkt\/optibeam-savage-20-550mm\/\" \/>\n<meta property=\"og:site_name\" content=\"Xenonkungen\" \/>\n<meta property=\"article:modified_time\" content=\"2026-04-24T16:45:05+00:00\" \/>\n<meta property=\"og:image\" content=\"https:\/\/xenonkungen.com\/wp-content\/uploads\/2025\/10\/optibeamsavage20led-lisavalopaneeli_8020104256_9bb82214ea61_1.webp\" \/>\n\t<meta property=\"og:image:width\" content=\"2048\" \/>\n\t<meta property=\"og:image:height\" content=\"2048\" \/>\n\t<meta property=\"og:image:type\" content=\"image\/webp\" \/>\n<meta name=\"twitter:card\" content=\"summary_large_image\" \/>\n<meta name=\"twitter:label1\" content=\"Gesch\u00e4tzte Lesezeit\" \/>\n\t<meta name=\"twitter:data1\" content=\"2\u00a0Minuten\" \/>\n<script type=\"application\/ld+json\" class=\"yoast-schema-graph\">{\"@context\":\"https:\/\/schema.org\",\"@graph\":[{\"@type\":\"WebPage\",\"@id\":\"https:\/\/xenonkungen.com\/produkt\/optibeam-savage-20-550mm\/\",\"url\":\"https:\/\/xenonkungen.com\/produkt\/optibeam-savage-20-550mm\/\",\"name\":\"OPTIBEAM Savage 20\u201d 550mm - Xenonkungen\",\"isPartOf\":{\"@id\":\"https:\/\/xenonkungen.com\/#website\"},\"primaryImageOfPage\":{\"@id\":\"https:\/\/xenonkungen.com\/produkt\/optibeam-savage-20-550mm\/#primaryimage\"},\"image\":{\"@id\":\"https:\/\/xenonkungen.com\/produkt\/optibeam-savage-20-550mm\/#primaryimage\"},\"thumbnailUrl\":\"https:\/\/xenonkungen.com\/wp-content\/uploads\/2025\/10\/optibeamsavage20led-lisavalopaneeli_8020104256_9bb82214ea61_1.webp\",\"datePublished\":\"2025-10-10T14:00:52+00:00\",\"dateModified\":\"2026-04-24T16:45:05+00:00\",\"breadcrumb\":{\"@id\":\"https:\/\/xenonkungen.com\/produkt\/optibeam-savage-20-550mm\/#breadcrumb\"},\"inLanguage\":\"de\",\"potentialAction\":[{\"@type\":\"ReadAction\",\"target\":[\"https:\/\/xenonkungen.com\/produkt\/optibeam-savage-20-550mm\/\"]}]},{\"@type\":\"ImageObject\",\"inLanguage\":\"de\",\"@id\":\"https:\/\/xenonkungen.com\/produkt\/optibeam-savage-20-550mm\/#primaryimage\",\"url\":\"https:\/\/xenonkungen.com\/wp-content\/uploads\/2025\/10\/optibeamsavage20led-lisavalopaneeli_8020104256_9bb82214ea61_1.webp\",\"contentUrl\":\"https:\/\/xenonkungen.com\/wp-content\/uploads\/2025\/10\/optibeamsavage20led-lisavalopaneeli_8020104256_9bb82214ea61_1.webp\",\"width\":2048,\"height\":2048},{\"@type\":\"BreadcrumbList\",\"@id\":\"https:\/\/xenonkungen.com\/produkt\/optibeam-savage-20-550mm\/#breadcrumb\",\"itemListElement\":[{\"@type\":\"ListItem\",\"position\":1,\"name\":\"Hem\",\"item\":\"https:\/\/xenonkungen.com\/\"},{\"@type\":\"ListItem\",\"position\":2,\"name\":\"Shop\",\"item\":\"https:\/\/xenonkungen.com\/shop\/\"},{\"@type\":\"ListItem\",\"position\":3,\"name\":\"OPTIBEAM Savage 20\u201d 550mm\"}]},{\"@type\":\"WebSite\",\"@id\":\"https:\/\/xenonkungen.com\/#website\",\"url\":\"https:\/\/xenonkungen.com\/\",\"name\":\"Xenonkungen\",\"description\":\"\",\"potentialAction\":[{\"@type\":\"SearchAction\",\"target\":{\"@type\":\"EntryPoint\",\"urlTemplate\":\"https:\/\/xenonkungen.com\/?s={search_term_string}\"},\"query-input\":{\"@type\":\"PropertyValueSpecification\",\"valueRequired\":true,\"valueName\":\"search_term_string\"}}],\"inLanguage\":\"de\"}]}<\/script>\n<!-- \/ Yoast SEO plugin. -->","yoast_head_json":{"title":"OPTIBEAM Savage 20\u201d 550mm - Der Xenon-K\u00f6nig","robots":{"index":"index","follow":"follow","max-snippet":"max-snippet:-1","max-image-preview":"max-image-preview:large","max-video-preview":"max-video-preview:-1"},"canonical":"https:\/\/xenonkungen.com\/de\/produkt\/optibeam-savage-20-550mm\/","og_locale":"de_DE","og_type":"article","og_title":"OPTIBEAM Savage 20\u201d 550mm - Xenonkungen","og_description":"Optibeam Savage 20 \u2013 kompakt kraft med extrem prestanda Optibeam Savage 20 \u00e4r den perfekta kombinationen av kraft, precision och design. Den h\u00e4r uppdaterade LED-rampen fr\u00e5n finska Optibeam levererar ljusprestanda i absolut toppklass \u2013 trots sitt kompakta format. Perfekt f\u00f6r dig som vill ha maximalt ljus, perfekt ljusbild och ett modernt utseende. Med en r\u00e4ckvidd [&hellip;]","og_url":"https:\/\/xenonkungen.com\/de\/produkt\/optibeam-savage-20-550mm\/","og_site_name":"Xenonkungen","article_modified_time":"2026-04-24T16:45:05+00:00","og_image":[{"width":2048,"height":2048,"url":"https:\/\/xenonkungen.com\/wp-content\/uploads\/2025\/10\/optibeamsavage20led-lisavalopaneeli_8020104256_9bb82214ea61_1.webp","type":"image\/webp"}],"twitter_card":"summary_large_image","twitter_misc":{"Gesch\u00e4tzte Lesezeit":"2\u00a0Minuten"},"schema":{"@context":"https:\/\/schema.org","@graph":[{"@type":"WebPage","@id":"https:\/\/xenonkungen.com\/produkt\/optibeam-savage-20-550mm\/","url":"https:\/\/xenonkungen.com\/produkt\/optibeam-savage-20-550mm\/","name":"OPTIBEAM Savage 20\u201d 550mm - Der Xenon-K\u00f6nig","isPartOf":{"@id":"https:\/\/xenonkungen.com\/#website"},"primaryImageOfPage":{"@id":"https:\/\/xenonkungen.com\/produkt\/optibeam-savage-20-550mm\/#primaryimage"},"image":{"@id":"https:\/\/xenonkungen.com\/produkt\/optibeam-savage-20-550mm\/#primaryimage"},"thumbnailUrl":"https:\/\/xenonkungen.com\/wp-content\/uploads\/2025\/10\/optibeamsavage20led-lisavalopaneeli_8020104256_9bb82214ea61_1.webp","datePublished":"2025-10-10T14:00:52+00:00","dateModified":"2026-04-24T16:45:05+00:00","breadcrumb":{"@id":"https:\/\/xenonkungen.com\/produkt\/optibeam-savage-20-550mm\/#breadcrumb"},"inLanguage":"de","potentialAction":[{"@type":"ReadAction","target":["https:\/\/xenonkungen.com\/produkt\/optibeam-savage-20-550mm\/"]}]},{"@type":"ImageObject","inLanguage":"de","@id":"https:\/\/xenonkungen.com\/produkt\/optibeam-savage-20-550mm\/#primaryimage","url":"https:\/\/xenonkungen.com\/wp-content\/uploads\/2025\/10\/optibeamsavage20led-lisavalopaneeli_8020104256_9bb82214ea61_1.webp","contentUrl":"https:\/\/xenonkungen.com\/wp-content\/uploads\/2025\/10\/optibeamsavage20led-lisavalopaneeli_8020104256_9bb82214ea61_1.webp","width":2048,"height":2048},{"@type":"BreadcrumbList","@id":"https:\/\/xenonkungen.com\/produkt\/optibeam-savage-20-550mm\/#breadcrumb","itemListElement":[{"@type":"ListItem","position":1,"name":"Hem","item":"https:\/\/xenonkungen.com\/"},{"@type":"ListItem","position":2,"name":"Shop","item":"https:\/\/xenonkungen.com\/shop\/"},{"@type":"ListItem","position":3,"name":"OPTIBEAM Savage 20\u201d 550mm"}]},{"@type":"WebSite","@id":"https:\/\/xenonkungen.com\/#website","url":"https:\/\/xenonkungen.com\/","name":"Xenonkungen","description":"","potentialAction":[{"@type":"SearchAction","target":{"@type":"EntryPoint","urlTemplate":"https:\/\/xenonkungen.com\/?s={search_term_string}"},"query-input":{"@type":"PropertyValueSpecification","valueRequired":true,"valueName":"search_term_string"}}],"inLanguage":"de"}]}},"taxonomy_info":{"product_brand":[{"value":107,"label":"Optibeam"}],"product_cat":[{"value":2966,"label":"Ledramp Rak"},{"value":2539,"label":"LEDRAMPER"},{"value":2660,"label":"Optibeam"}],"pa_fargtemperatur":[{"value":226,"label":"5700K"}],"pa_fuktskydd-varde-ipxx":[{"value":177,"label":"IP68"}],"pa_lampsockel-kontakt":[{"value":358,"label":"DTP-4"}],"pa_storlek-mm":[{"value":2765,"label":"549x81x87"}],"pa_volt-v":[{"value":159,"label":"12"},{"value":189,"label":"14"},{"value":160,"label":"24"},{"value":161,"label":"32"},{"value":170,"label":"9"},{"value":2764,"label":"36"}]},"featured_image_src_large":["https:\/\/xenonkungen.com\/wp-content\/uploads\/2025\/10\/optibeamsavage20led-lisavalopaneeli_8020104256_9bb82214ea61_1-1024x1024.webp",1024,1024,true],"author_info":[],"comment_info":0,"_links":{"self":[{"href":"https:\/\/xenonkungen.com\/de\/wp-json\/wp\/v2\/product\/15403","targetHints":{"allow":["GET"]}}],"collection":[{"href":"https:\/\/xenonkungen.com\/de\/wp-json\/wp\/v2\/product"}],"about":[{"href":"https:\/\/xenonkungen.com\/de\/wp-json\/wp\/v2\/types\/product"}],"replies":[{"embeddable":true,"href":"https:\/\/xenonkungen.com\/de\/wp-json\/wp\/v2\/comments?post=15403"}],"wp:featuredmedia":[{"embeddable":true,"href":"https:\/\/xenonkungen.com\/de\/wp-json\/wp\/v2\/media\/15406"}],"wp:attachment":[{"href":"https:\/\/xenonkungen.com\/de\/wp-json\/wp\/v2\/media?parent=15403"}],"wp:term":[{"taxonomy":"anvandningsomrade","embeddable":true,"href":"https:\/\/xenonkungen.com\/de\/wp-json\/wp\/v2\/anvandningsomrade?post=15403"},{"taxonomy":"bilmarken","embeddable":true,"href":"https:\/\/xenonkungen.com\/de\/wp-json\/wp\/v2\/bilmarken?post=15403"},{"taxonomy":"product_brand","embeddable":true,"href":"https:\/\/xenonkungen.com\/de\/wp-json\/wp\/v2\/product_brand?post=15403"},{"taxonomy":"product_cat","embeddable":true,"href":"https:\/\/xenonkungen.com\/de\/wp-json\/wp\/v2\/product_cat?post=15403"},{"taxonomy":"product_tag","embeddable":true,"href":"https:\/\/xenonkungen.com\/de\/wp-json\/wp\/v2\/product_tag?post=15403"}],"curies":[{"name":"wp","href":"https:\/\/api.w.org\/{rel}","templated":true}]}}