{"id":15581,"date":"2025-10-14T07:36:31","date_gmt":"2025-10-14T07:36:31","guid":{"rendered":"https:\/\/xenonkungen.com\/?post_type=product&#038;p=15581"},"modified":"2026-04-24T16:32:40","modified_gmt":"2026-04-24T15:32:40","slug":"xk-ballast-valeo-89503911","status":"publish","type":"product","link":"https:\/\/xenonkungen.com\/de\/produkt\/xk-ballast-valeo-89503911\/","title":{"rendered":"XK Vorschaltger\u00e4te | Audi | VW | Valeo 89503911"},"content":{"rendered":"<p>Nachr\u00fcst-Xenon-Vorschaltger\u00e4t gem\u00e4\u00df Valeo-Modell, das Fahrzeuge ersetzt, die mit einem \u00e4hnlichen Modell der Marke Valeo 89503911 ausgestattet sind.<br \/>\n12VDC.<\/p>\n<p>In seiner urspr\u00fcnglichen Fassung wird dieser Artikel u. a. in den folgenden Fahrzeugen\/Modellen verwendet:<\/p>\n<p><strong> Audi<\/strong> 5. Quartal 2012<\/p>\n<p><strong>Volkswagen<\/strong> Phaeton 2010-<br \/>\n<strong>Volkswagen<\/strong> Scirocco III 2014 \u2013 2017<br \/>\n<strong>Volkswagen<\/strong> Passat B6 Limousine (3C2) 2007 \u2013 2010<br \/>\n<strong>Volkswagen<\/strong> Passat B6 Variante (3C5) 2005 \u2013 2010<br \/>\n<strong>Volkswagen<\/strong> Passat CC (357) 2008 \u2013 2012<br \/>\n<strong>Volkswagen<\/strong> Passat B7 Limousine (362) 2010 \u2013 2014<br \/>\n<strong>Volkswagen<\/strong> Passat B7 Variant (365) 2010 \u2013 2014<br \/>\n<strong>Volkswagen<\/strong> Golf VII Schr\u00e4gheck (5G1, BQ1, BE1, BE2) 2012-<\/p>\n<p>Es wird keine Garantie daf\u00fcr \u00fcbernommen, dass diese Liste f\u00fcr jedes Fahrzeug korrekt ist. Vergleichen Sie das zu ersetzende Vorschaltger\u00e4t mit dem Produktbild oder der OEM-Teilenummer:<\/p>\n<p>3D0941329 \u2013 3D0 941 329<br \/>\n3D0941329A \u2013 3D0 941 329A<br \/>\n3D0941329C \u2013 3D0 941 329C<br \/>\n3D0941329D \u2013 3D0 941 329D<br \/>\n3D0941329E \u2013 3D0 941 329E<\/p>\n<p>Kein Originalprodukt von Valeo.<\/p>\n<p><strong>2 Jahre Garantie<\/strong><\/p>\n<p><strong>Gut zu wissen<\/strong><br \/>\nDiese Art der Nachbildung von Originalprodukten ist auf dem Markt erh\u00e4ltlich. Die gr\u00f6\u00dfte Gemeinsamkeit von Originalen und Kopien ist das \u00e4u\u00dfere Geh\u00e4use. Was sie unterscheidet, sind die Komponenten, die Programmierung und die Qualit\u00e4t.<br \/>\nUnd das gilt auch f\u00fcr die verschiedenen Hersteller von Nachbildungen.<br \/>\nW\u00e4hrend das Original f\u00fcr alle aufgelisteten Fahrzeuge voll funktionsf\u00e4hig ist, kann die Funktionalit\u00e4t einiger Kopien f\u00fcr einzelne Marken oder Modelle eingeschr\u00e4nkt sein, was unter anderem von den technischen Kenntnissen und den Ambitionen des Herstellers abh\u00e4ngt.<br \/>\nUnsere XK-Vorschaltger\u00e4te sind in der Anschaffung teurer und daher in der Regel besser als billigere Alternativen - die \u00fcbrigens auch von Wettbewerbern teurer angeboten werden k\u00f6nnen.<\/p>","protected":false},"excerpt":{"rendered":"<p><b>Original-Ersatz<\/b> <b>Hohe Qualit\u00e4t<\/b> <b>Passt in viele verschiedene Automodelle<\/b> <b>2 Jahre Garantie<\/b><\/p>","protected":false},"featured_media":15583,"comment_status":"open","ping_status":"closed","template":"","meta":{"_acf_changed":false,"_smort_price_nok":"1490","_smort_price_dkk":"947","_smort_price_eur":"126.81","_smort_sale_price_nok":"","_smort_sale_price_dkk":"","_smort_sale_price_eur":"","smort_restorder":"","shipmondo_restorder":"","_kad_blocks_custom_css":"","_kad_blocks_head_custom_js":"","_kad_blocks_body_custom_js":"","_kad_blocks_footer_custom_js":"","smort_custom_pricelist_1":"892.8","smort_custom_pricelist_2":"781.2","smort_custom_pricelist_3":"725.4","smort_custom_pricelist_4":"1116","smort_custom_pricelist_5":"781.2"},"anvandningsomrade":[],"bilmarken":[195,2769,205,444,421,2770,463],"product_brand":[],"product_cat":[2484,2485,789,733],"product_tag":[],"class_list":{"0":"post-15581","1":"product","2":"type-product","3":"status-publish","4":"has-post-thumbnail","6":"bilmarken-audi","7":"bilmarken-audi-q5","8":"bilmarken-volkswagen","9":"bilmarken-volkswagen-golf","10":"bilmarken-volkswagen-passat","11":"bilmarken-volkswagen-phaeton","12":"bilmarken-volkswagen-scirocco","13":"product_cat-ballast-halvljus-helljus","14":"product_cat-xenonkonventering","15":"product_cat-ballast","16":"product_cat-halvljus-helljus","17":"pa_volt-v-159","19":"first","20":"instock","21":"taxable","22":"shipping-taxable","23":"purchasable","24":"product-type-simple"},"bundled_by":[],"bundle_stock_status":"instock","bundle_stock_quantity":9,"bundle_virtual":false,"bundle_layout":"","bundle_add_to_cart_form_location":"","bundle_editable_in_cart":false,"bundle_sold_individually_context":"","bundle_item_grouping":"","bundle_min_size":"","bundle_max_size":"","bundle_price":[],"bundled_items":[],"bundle_sell_ids":[],"acf":[],"yoast_head":"<!-- This site is optimized with the Yoast SEO plugin v27.0 - https:\/\/yoast.com\/product\/yoast-seo-wordpress\/ -->\n<title>XK Ballast | Audi | VW | Valeo 89503911 - Xenonkungen<\/title>\n<meta name=\"robots\" content=\"index, follow, max-snippet:-1, max-image-preview:large, max-video-preview:-1\" \/>\n<link rel=\"canonical\" href=\"https:\/\/xenonkungen.com\/de\/produkt\/xk-ballast-valeo-89503911\/\" \/>\n<meta property=\"og:locale\" content=\"de_DE\" \/>\n<meta property=\"og:type\" content=\"article\" \/>\n<meta property=\"og:title\" content=\"XK Ballast | Audi | VW | Valeo 89503911 - Xenonkungen\" \/>\n<meta property=\"og:description\" content=\"Orginalers\u00e4ttning H\u00f6g kvalitet Passar m\u00e5nga olika bilmodeller 2 \u00e5rs garanti\" \/>\n<meta property=\"og:url\" content=\"https:\/\/xenonkungen.com\/de\/produkt\/xk-ballast-valeo-89503911\/\" \/>\n<meta property=\"og:site_name\" content=\"Xenonkungen\" \/>\n<meta property=\"article:modified_time\" content=\"2026-04-24T15:32:40+00:00\" \/>\n<meta property=\"og:image\" content=\"https:\/\/xenonkungen.com\/wp-content\/uploads\/2025\/10\/TPS-VA7-XK259495-2000px-PNNG-1024x904.png\" \/>\n\t<meta property=\"og:image:width\" content=\"1024\" \/>\n\t<meta property=\"og:image:height\" content=\"904\" \/>\n\t<meta property=\"og:image:type\" content=\"image\/png\" \/>\n<meta name=\"twitter:card\" content=\"summary_large_image\" \/>\n<meta name=\"twitter:label1\" content=\"Gesch\u00e4tzte Lesezeit\" \/>\n\t<meta name=\"twitter:data1\" content=\"2\u00a0Minuten\" \/>\n<script type=\"application\/ld+json\" class=\"yoast-schema-graph\">{\"@context\":\"https:\/\/schema.org\",\"@graph\":[{\"@type\":\"WebPage\",\"@id\":\"https:\/\/xenonkungen.com\/es\/producto\/balasto-xk-valeo-89503911\/\",\"url\":\"https:\/\/xenonkungen.com\/es\/producto\/balasto-xk-valeo-89503911\/\",\"name\":\"XK Ballast | Audi | VW | Valeo 89503911 - Xenonkungen\",\"isPartOf\":{\"@id\":\"https:\/\/xenonkungen.com\/#website\"},\"primaryImageOfPage\":{\"@id\":\"https:\/\/xenonkungen.com\/es\/producto\/balasto-xk-valeo-89503911\/#primaryimage\"},\"image\":{\"@id\":\"https:\/\/xenonkungen.com\/es\/producto\/balasto-xk-valeo-89503911\/#primaryimage\"},\"thumbnailUrl\":\"https:\/\/xenonkungen.com\/wp-content\/uploads\/2025\/10\/TPS-VA7-XK259495-2000px-PNNG.png\",\"datePublished\":\"2025-10-14T07:36:31+00:00\",\"dateModified\":\"2026-04-24T15:32:40+00:00\",\"breadcrumb\":{\"@id\":\"https:\/\/xenonkungen.com\/es\/producto\/balasto-xk-valeo-89503911\/#breadcrumb\"},\"inLanguage\":\"de\",\"potentialAction\":[{\"@type\":\"ReadAction\",\"target\":[\"https:\/\/xenonkungen.com\/es\/producto\/balasto-xk-valeo-89503911\/\"]}]},{\"@type\":\"ImageObject\",\"inLanguage\":\"de\",\"@id\":\"https:\/\/xenonkungen.com\/es\/producto\/balasto-xk-valeo-89503911\/#primaryimage\",\"url\":\"https:\/\/xenonkungen.com\/wp-content\/uploads\/2025\/10\/TPS-VA7-XK259495-2000px-PNNG.png\",\"contentUrl\":\"https:\/\/xenonkungen.com\/wp-content\/uploads\/2025\/10\/TPS-VA7-XK259495-2000px-PNNG.png\",\"width\":2200,\"height\":1942},{\"@type\":\"BreadcrumbList\",\"@id\":\"https:\/\/xenonkungen.com\/es\/producto\/balasto-xk-valeo-89503911\/#breadcrumb\",\"itemListElement\":[{\"@type\":\"ListItem\",\"position\":1,\"name\":\"Hem\",\"item\":\"https:\/\/xenonkungen.com\/\"},{\"@type\":\"ListItem\",\"position\":2,\"name\":\"Shop\",\"item\":\"https:\/\/xenonkungen.com\/shop\/\"},{\"@type\":\"ListItem\",\"position\":3,\"name\":\"XK Ballast | Audi | VW | Valeo 89503911\"}]},{\"@type\":\"WebSite\",\"@id\":\"https:\/\/xenonkungen.com\/#website\",\"url\":\"https:\/\/xenonkungen.com\/\",\"name\":\"Xenonkungen\",\"description\":\"\",\"potentialAction\":[{\"@type\":\"SearchAction\",\"target\":{\"@type\":\"EntryPoint\",\"urlTemplate\":\"https:\/\/xenonkungen.com\/?s={search_term_string}\"},\"query-input\":{\"@type\":\"PropertyValueSpecification\",\"valueRequired\":true,\"valueName\":\"search_term_string\"}}],\"inLanguage\":\"de\"}]}<\/script>\n<!-- \/ Yoast SEO plugin. -->","yoast_head_json":{"title":"XK-Vorschaltger\u00e4t | Audi | VW | Valeo 89503911 \u2013 Der Xenon-K\u00f6nig","robots":{"index":"index","follow":"follow","max-snippet":"max-snippet:-1","max-image-preview":"max-image-preview:large","max-video-preview":"max-video-preview:-1"},"canonical":"https:\/\/xenonkungen.com\/de\/produkt\/xk-ballast-valeo-89503911\/","og_locale":"de_DE","og_type":"article","og_title":"XK Ballast | Audi | VW | Valeo 89503911 - Xenonkungen","og_description":"Orginalers\u00e4ttning H\u00f6g kvalitet Passar m\u00e5nga olika bilmodeller 2 \u00e5rs garanti","og_url":"https:\/\/xenonkungen.com\/de\/produkt\/xk-ballast-valeo-89503911\/","og_site_name":"Xenonkungen","article_modified_time":"2026-04-24T15:32:40+00:00","og_image":[{"width":1024,"height":904,"url":"https:\/\/xenonkungen.com\/wp-content\/uploads\/2025\/10\/TPS-VA7-XK259495-2000px-PNNG-1024x904.png","type":"image\/png"}],"twitter_card":"summary_large_image","twitter_misc":{"Gesch\u00e4tzte Lesezeit":"2\u00a0Minuten"},"schema":{"@context":"https:\/\/schema.org","@graph":[{"@type":"WebPage","@id":"https:\/\/xenonkungen.com\/es\/producto\/balasto-xk-valeo-89503911\/","url":"https:\/\/xenonkungen.com\/es\/producto\/balasto-xk-valeo-89503911\/","name":"XK-Vorschaltger\u00e4t | Audi | VW | Valeo 89503911 \u2013 Der Xenon-K\u00f6nig","isPartOf":{"@id":"https:\/\/xenonkungen.com\/#website"},"primaryImageOfPage":{"@id":"https:\/\/xenonkungen.com\/es\/producto\/balasto-xk-valeo-89503911\/#primaryimage"},"image":{"@id":"https:\/\/xenonkungen.com\/es\/producto\/balasto-xk-valeo-89503911\/#primaryimage"},"thumbnailUrl":"https:\/\/xenonkungen.com\/wp-content\/uploads\/2025\/10\/TPS-VA7-XK259495-2000px-PNNG.png","datePublished":"2025-10-14T07:36:31+00:00","dateModified":"2026-04-24T15:32:40+00:00","breadcrumb":{"@id":"https:\/\/xenonkungen.com\/es\/producto\/balasto-xk-valeo-89503911\/#breadcrumb"},"inLanguage":"de","potentialAction":[{"@type":"ReadAction","target":["https:\/\/xenonkungen.com\/es\/producto\/balasto-xk-valeo-89503911\/"]}]},{"@type":"ImageObject","inLanguage":"de","@id":"https:\/\/xenonkungen.com\/es\/producto\/balasto-xk-valeo-89503911\/#primaryimage","url":"https:\/\/xenonkungen.com\/wp-content\/uploads\/2025\/10\/TPS-VA7-XK259495-2000px-PNNG.png","contentUrl":"https:\/\/xenonkungen.com\/wp-content\/uploads\/2025\/10\/TPS-VA7-XK259495-2000px-PNNG.png","width":2200,"height":1942},{"@type":"BreadcrumbList","@id":"https:\/\/xenonkungen.com\/es\/producto\/balasto-xk-valeo-89503911\/#breadcrumb","itemListElement":[{"@type":"ListItem","position":1,"name":"Hem","item":"https:\/\/xenonkungen.com\/"},{"@type":"ListItem","position":2,"name":"Shop","item":"https:\/\/xenonkungen.com\/shop\/"},{"@type":"ListItem","position":3,"name":"XK Ballast | Audi | VW | Valeo 89503911"}]},{"@type":"WebSite","@id":"https:\/\/xenonkungen.com\/#website","url":"https:\/\/xenonkungen.com\/","name":"Xenonkungen","description":"","potentialAction":[{"@type":"SearchAction","target":{"@type":"EntryPoint","urlTemplate":"https:\/\/xenonkungen.com\/?s={search_term_string}"},"query-input":{"@type":"PropertyValueSpecification","valueRequired":true,"valueName":"search_term_string"}}],"inLanguage":"de"}]}},"taxonomy_info":{"bilmarken":[{"value":195,"label":"Audi"},{"value":2769,"label":"Audi Q5"},{"value":205,"label":"Volkswagen"},{"value":444,"label":"Volkswagen Golf"},{"value":421,"label":"Volkswagen Passat"},{"value":2770,"label":"Volkswagen Phaeton"},{"value":463,"label":"Volkswagen Scirocco"}],"product_cat":[{"value":2484,"label":"Ballast"},{"value":2485,"label":"Xenonkonvertering"},{"value":789,"label":"Ballast"},{"value":733,"label":"Halvljus \/ Helljus"}],"pa_volt-v":[{"value":159,"label":"12"}]},"featured_image_src_large":["https:\/\/xenonkungen.com\/wp-content\/uploads\/2025\/10\/TPS-VA7-XK259495-2000px-PNNG-1024x904.png",1024,904,true],"author_info":[],"comment_info":0,"_links":{"self":[{"href":"https:\/\/xenonkungen.com\/de\/wp-json\/wp\/v2\/product\/15581","targetHints":{"allow":["GET"]}}],"collection":[{"href":"https:\/\/xenonkungen.com\/de\/wp-json\/wp\/v2\/product"}],"about":[{"href":"https:\/\/xenonkungen.com\/de\/wp-json\/wp\/v2\/types\/product"}],"replies":[{"embeddable":true,"href":"https:\/\/xenonkungen.com\/de\/wp-json\/wp\/v2\/comments?post=15581"}],"wp:featuredmedia":[{"embeddable":true,"href":"https:\/\/xenonkungen.com\/de\/wp-json\/wp\/v2\/media\/15583"}],"wp:attachment":[{"href":"https:\/\/xenonkungen.com\/de\/wp-json\/wp\/v2\/media?parent=15581"}],"wp:term":[{"taxonomy":"anvandningsomrade","embeddable":true,"href":"https:\/\/xenonkungen.com\/de\/wp-json\/wp\/v2\/anvandningsomrade?post=15581"},{"taxonomy":"bilmarken","embeddable":true,"href":"https:\/\/xenonkungen.com\/de\/wp-json\/wp\/v2\/bilmarken?post=15581"},{"taxonomy":"product_brand","embeddable":true,"href":"https:\/\/xenonkungen.com\/de\/wp-json\/wp\/v2\/product_brand?post=15581"},{"taxonomy":"product_cat","embeddable":true,"href":"https:\/\/xenonkungen.com\/de\/wp-json\/wp\/v2\/product_cat?post=15581"},{"taxonomy":"product_tag","embeddable":true,"href":"https:\/\/xenonkungen.com\/de\/wp-json\/wp\/v2\/product_tag?post=15581"}],"curies":[{"name":"wp","href":"https:\/\/api.w.org\/{rel}","templated":true}]}}