{"id":15609,"date":"2025-10-14T09:32:21","date_gmt":"2025-10-14T09:32:21","guid":{"rendered":"https:\/\/xenonkungen.com\/?post_type=product&#038;p=15609"},"modified":"2026-04-10T17:39:11","modified_gmt":"2026-04-10T16:39:11","slug":"xk-vorschaltgerat-63117316217-7316217","status":"publish","type":"product","link":"https:\/\/xenonkungen.com\/de\/produkt\/xk-vorschaltgerat-63117316217-7316217\/","title":{"rendered":"XK-Vorschaltger\u00e4t | BMW | 63117316217 \/\/ 7316217"},"content":{"rendered":"<p>Xenon-Lichtsteuerger\u00e4t \u2013 f\u00fcr Modelle mit AHL und Kurvenlicht<\/p>\n<p>12VDC.<\/p>\n<p>In seiner urspr\u00fcnglichen Fassung wird dieser Artikel u. a. in den folgenden Fahrzeugen\/Modellen verwendet:<\/p>\n<p data-pm-slice=\"1 1 []\">BMW 5er F10 F11 Vor-Facelift 2010-2013<\/p>\n<ul>\n<li data-pm-slice=\"1 1 []\"><strong>BMW 5er<\/strong> F10 2009\u20132016<\/li>\n<li data-pm-slice=\"1 1 []\"><strong>BMW 5er<\/strong> F11 2009\u20132013<\/li>\n<\/ul>\n<p>Es wird keine Garantie daf\u00fcr \u00fcbernommen, dass diese Liste f\u00fcr jedes Fahrzeug korrekt ist. Vergleichen Sie das zu ersetzende Vorschaltger\u00e4t mit dem Produktbild oder der OEM-Teilenummer:<\/p>\n<p data-pm-slice=\"1 1 []\">63117316217 7316217<\/p>\n<p><strong>2 Jahre Garantie<\/strong><\/p>\n<p><strong>Gut zu wissen<\/strong><br \/>\nDiese Art der Nachbildung von Originalprodukten ist auf dem Markt erh\u00e4ltlich. Die gr\u00f6\u00dfte Gemeinsamkeit von Originalen und Kopien ist das \u00e4u\u00dfere Geh\u00e4use. Was sie unterscheidet, sind die Komponenten, die Programmierung und die Qualit\u00e4t.<br \/>\nUnd das gilt auch f\u00fcr die verschiedenen Hersteller von Nachbildungen.<br \/>\nW\u00e4hrend das Original f\u00fcr alle aufgelisteten Fahrzeuge voll funktionsf\u00e4hig ist, kann die Funktionalit\u00e4t einiger Kopien f\u00fcr einzelne Marken oder Modelle eingeschr\u00e4nkt sein, was unter anderem von den technischen Kenntnissen und den Ambitionen des Herstellers abh\u00e4ngt.<br \/>\nUnsere XK-Vorschaltger\u00e4te sind in der Anschaffung teurer und daher in der Regel besser als billigere Alternativen - die \u00fcbrigens auch von Wettbewerbern teurer angeboten werden k\u00f6nnen.<\/p>","protected":false},"excerpt":{"rendered":"<p>Styrenhet f\u00f6r xenonljus &#8211; f\u00f6r modeller med AHL och kurvljus 12VDC. I original utf\u00f6rande f\u00f6rekommer denna artikel i bl.a. f\u00f6ljande bilar\/modeller: BMW 5-serie F10 F11 Pre-Facelift 2010-2013 BMW 5-serie F10 2009\u20132016 BMW 5-serie F11 2009\u20132013 Ingen garanti f\u00f6r att denna lista \u00e4r korrekt f\u00f6r enskilt fordon. J\u00e4mf\u00f6r den ballast som ska bytas ut mot produktbild [&hellip;]<\/p>","protected":false},"featured_media":15616,"comment_status":"open","ping_status":"closed","template":"","meta":{"_acf_changed":false,"_smort_price_nok":"1917","_smort_price_dkk":"1218","_smort_price_eur":"163.17","_smort_sale_price_nok":"","_smort_sale_price_dkk":"","_smort_sale_price_eur":"","smort_restorder":"","shipmondo_restorder":"","_kad_blocks_custom_css":"","_kad_blocks_head_custom_js":"","_kad_blocks_body_custom_js":"","_kad_blocks_footer_custom_js":"","smort_custom_pricelist_1":"1148.8","smort_custom_pricelist_2":"1005.2","smort_custom_pricelist_3":"933.4","smort_custom_pricelist_4":"1436","smort_custom_pricelist_5":"1005.2"},"anvandningsomrade":[],"bilmarken":[209,640,649,648],"product_brand":[],"product_cat":[2484,789,733],"product_tag":[],"class_list":{"0":"post-15609","1":"product","2":"type-product","3":"status-publish","4":"has-post-thumbnail","6":"bilmarken-bmw","7":"bilmarken-bmw-5-serien","8":"bilmarken-bmw-f10","9":"bilmarken-bmw-f11","10":"product_cat-ballast-halvljus-helljus","11":"product_cat-ballast","12":"product_cat-halvljus-helljus","13":"pa_volt-v-159","15":"first","16":"instock","17":"taxable","18":"shipping-taxable","19":"purchasable","20":"product-type-simple"},"bundled_by":[],"bundle_stock_status":"instock","bundle_stock_quantity":11,"bundle_virtual":false,"bundle_layout":"","bundle_add_to_cart_form_location":"","bundle_editable_in_cart":false,"bundle_sold_individually_context":"","bundle_item_grouping":"","bundle_min_size":"","bundle_max_size":"","bundle_price":[],"bundled_items":[],"bundle_sell_ids":[],"acf":[],"yoast_head":"<!-- This site is optimized with the Yoast SEO plugin v27.0 - https:\/\/yoast.com\/product\/yoast-seo-wordpress\/ -->\n<title>XK Ballast | BMW | 63117316217 \/\/ 7316217 - Xenonkungen<\/title>\n<meta name=\"robots\" content=\"index, follow, max-snippet:-1, max-image-preview:large, max-video-preview:-1\" \/>\n<link rel=\"canonical\" href=\"https:\/\/xenonkungen.com\/de\/produkt\/xk-vorschaltgerat-63117316217-7316217\/\" \/>\n<meta property=\"og:locale\" content=\"de_DE\" \/>\n<meta property=\"og:type\" content=\"article\" \/>\n<meta property=\"og:title\" content=\"XK Ballast | BMW | 63117316217 \/\/ 7316217 - Xenonkungen\" \/>\n<meta property=\"og:description\" content=\"Styrenhet f\u00f6r xenonljus &#8211; f\u00f6r modeller med AHL och kurvljus 12VDC. I original utf\u00f6rande f\u00f6rekommer denna artikel i bl.a. f\u00f6ljande bilar\/modeller: BMW 5-serie F10 F11 Pre-Facelift 2010-2013 BMW 5-serie F10 2009\u20132016 BMW 5-serie F11 2009\u20132013 Ingen garanti f\u00f6r att denna lista \u00e4r korrekt f\u00f6r enskilt fordon. J\u00e4mf\u00f6r den ballast som ska bytas ut mot produktbild [&hellip;]\" \/>\n<meta property=\"og:url\" content=\"https:\/\/xenonkungen.com\/de\/produkt\/xk-vorschaltgerat-63117316217-7316217\/\" \/>\n<meta property=\"og:site_name\" content=\"Xenonkungen\" \/>\n<meta property=\"article:modified_time\" content=\"2026-04-10T16:39:11+00:00\" \/>\n<meta property=\"og:image\" content=\"https:\/\/xenonkungen.com\/wp-content\/uploads\/2025\/10\/TPS-DL5-XK259527-2000px-PNNG-1024x757.png\" \/>\n\t<meta property=\"og:image:width\" content=\"1024\" \/>\n\t<meta property=\"og:image:height\" content=\"757\" \/>\n\t<meta property=\"og:image:type\" content=\"image\/png\" \/>\n<meta name=\"twitter:card\" content=\"summary_large_image\" \/>\n<meta name=\"twitter:label1\" content=\"Gesch\u00e4tzte Lesezeit\" \/>\n\t<meta name=\"twitter:data1\" content=\"1\u00a0Minute\" \/>\n<script type=\"application\/ld+json\" class=\"yoast-schema-graph\">{\"@context\":\"https:\/\/schema.org\",\"@graph\":[{\"@type\":\"WebPage\",\"@id\":\"https:\/\/xenonkungen.com\/de\/produkt\/xk-vorschaltgerat-63117316217-7316217\/\",\"url\":\"https:\/\/xenonkungen.com\/de\/produkt\/xk-vorschaltgerat-63117316217-7316217\/\",\"name\":\"XK Ballast | BMW | 63117316217 \/\/ 7316217 - Xenonkungen\",\"isPartOf\":{\"@id\":\"https:\/\/xenonkungen.com\/#website\"},\"primaryImageOfPage\":{\"@id\":\"https:\/\/xenonkungen.com\/de\/produkt\/xk-vorschaltgerat-63117316217-7316217\/#primaryimage\"},\"image\":{\"@id\":\"https:\/\/xenonkungen.com\/de\/produkt\/xk-vorschaltgerat-63117316217-7316217\/#primaryimage\"},\"thumbnailUrl\":\"https:\/\/xenonkungen.com\/wp-content\/uploads\/2025\/10\/TPS-DL5-XK259527-2000px-PNNG.png\",\"datePublished\":\"2025-10-14T09:32:21+00:00\",\"dateModified\":\"2026-04-10T16:39:11+00:00\",\"breadcrumb\":{\"@id\":\"https:\/\/xenonkungen.com\/de\/produkt\/xk-vorschaltgerat-63117316217-7316217\/#breadcrumb\"},\"inLanguage\":\"de\",\"potentialAction\":[{\"@type\":\"ReadAction\",\"target\":[\"https:\/\/xenonkungen.com\/de\/produkt\/xk-vorschaltgerat-63117316217-7316217\/\"]}]},{\"@type\":\"ImageObject\",\"inLanguage\":\"de\",\"@id\":\"https:\/\/xenonkungen.com\/de\/produkt\/xk-vorschaltgerat-63117316217-7316217\/#primaryimage\",\"url\":\"https:\/\/xenonkungen.com\/wp-content\/uploads\/2025\/10\/TPS-DL5-XK259527-2000px-PNNG.png\",\"contentUrl\":\"https:\/\/xenonkungen.com\/wp-content\/uploads\/2025\/10\/TPS-DL5-XK259527-2000px-PNNG.png\",\"width\":2200,\"height\":1627},{\"@type\":\"BreadcrumbList\",\"@id\":\"https:\/\/xenonkungen.com\/de\/produkt\/xk-vorschaltgerat-63117316217-7316217\/#breadcrumb\",\"itemListElement\":[{\"@type\":\"ListItem\",\"position\":1,\"name\":\"Hem\",\"item\":\"https:\/\/xenonkungen.com\/\"},{\"@type\":\"ListItem\",\"position\":2,\"name\":\"Shop\",\"item\":\"https:\/\/xenonkungen.com\/shop\/\"},{\"@type\":\"ListItem\",\"position\":3,\"name\":\"XK Ballast | BMW | 63117316217 \/\/ 7316217\"}]},{\"@type\":\"WebSite\",\"@id\":\"https:\/\/xenonkungen.com\/#website\",\"url\":\"https:\/\/xenonkungen.com\/\",\"name\":\"Xenonkungen\",\"description\":\"\",\"potentialAction\":[{\"@type\":\"SearchAction\",\"target\":{\"@type\":\"EntryPoint\",\"urlTemplate\":\"https:\/\/xenonkungen.com\/?s={search_term_string}\"},\"query-input\":{\"@type\":\"PropertyValueSpecification\",\"valueRequired\":true,\"valueName\":\"search_term_string\"}}],\"inLanguage\":\"de\"}]}<\/script>\n<!-- \/ Yoast SEO plugin. -->","yoast_head_json":{"title":"XK-Vorschaltger\u00e4t | BMW | 63117316217 \/\/ 7316217 \u2013 Der Xenon-K\u00f6nig","robots":{"index":"index","follow":"follow","max-snippet":"max-snippet:-1","max-image-preview":"max-image-preview:large","max-video-preview":"max-video-preview:-1"},"canonical":"https:\/\/xenonkungen.com\/de\/produkt\/xk-vorschaltgerat-63117316217-7316217\/","og_locale":"de_DE","og_type":"article","og_title":"XK Ballast | BMW | 63117316217 \/\/ 7316217 - Xenonkungen","og_description":"Styrenhet f\u00f6r xenonljus &#8211; f\u00f6r modeller med AHL och kurvljus 12VDC. I original utf\u00f6rande f\u00f6rekommer denna artikel i bl.a. f\u00f6ljande bilar\/modeller: BMW 5-serie F10 F11 Pre-Facelift 2010-2013 BMW 5-serie F10 2009\u20132016 BMW 5-serie F11 2009\u20132013 Ingen garanti f\u00f6r att denna lista \u00e4r korrekt f\u00f6r enskilt fordon. J\u00e4mf\u00f6r den ballast som ska bytas ut mot produktbild [&hellip;]","og_url":"https:\/\/xenonkungen.com\/de\/produkt\/xk-vorschaltgerat-63117316217-7316217\/","og_site_name":"Xenonkungen","article_modified_time":"2026-04-10T16:39:11+00:00","og_image":[{"width":1024,"height":757,"url":"https:\/\/xenonkungen.com\/wp-content\/uploads\/2025\/10\/TPS-DL5-XK259527-2000px-PNNG-1024x757.png","type":"image\/png"}],"twitter_card":"summary_large_image","twitter_misc":{"Gesch\u00e4tzte Lesezeit":"1\u00a0Minute"},"schema":{"@context":"https:\/\/schema.org","@graph":[{"@type":"WebPage","@id":"https:\/\/xenonkungen.com\/de\/produkt\/xk-vorschaltgerat-63117316217-7316217\/","url":"https:\/\/xenonkungen.com\/de\/produkt\/xk-vorschaltgerat-63117316217-7316217\/","name":"XK-Vorschaltger\u00e4t | BMW | 63117316217 \/\/ 7316217 \u2013 Der Xenon-K\u00f6nig","isPartOf":{"@id":"https:\/\/xenonkungen.com\/#website"},"primaryImageOfPage":{"@id":"https:\/\/xenonkungen.com\/de\/produkt\/xk-vorschaltgerat-63117316217-7316217\/#primaryimage"},"image":{"@id":"https:\/\/xenonkungen.com\/de\/produkt\/xk-vorschaltgerat-63117316217-7316217\/#primaryimage"},"thumbnailUrl":"https:\/\/xenonkungen.com\/wp-content\/uploads\/2025\/10\/TPS-DL5-XK259527-2000px-PNNG.png","datePublished":"2025-10-14T09:32:21+00:00","dateModified":"2026-04-10T16:39:11+00:00","breadcrumb":{"@id":"https:\/\/xenonkungen.com\/de\/produkt\/xk-vorschaltgerat-63117316217-7316217\/#breadcrumb"},"inLanguage":"de","potentialAction":[{"@type":"ReadAction","target":["https:\/\/xenonkungen.com\/de\/produkt\/xk-vorschaltgerat-63117316217-7316217\/"]}]},{"@type":"ImageObject","inLanguage":"de","@id":"https:\/\/xenonkungen.com\/de\/produkt\/xk-vorschaltgerat-63117316217-7316217\/#primaryimage","url":"https:\/\/xenonkungen.com\/wp-content\/uploads\/2025\/10\/TPS-DL5-XK259527-2000px-PNNG.png","contentUrl":"https:\/\/xenonkungen.com\/wp-content\/uploads\/2025\/10\/TPS-DL5-XK259527-2000px-PNNG.png","width":2200,"height":1627},{"@type":"BreadcrumbList","@id":"https:\/\/xenonkungen.com\/de\/produkt\/xk-vorschaltgerat-63117316217-7316217\/#breadcrumb","itemListElement":[{"@type":"ListItem","position":1,"name":"Hem","item":"https:\/\/xenonkungen.com\/"},{"@type":"ListItem","position":2,"name":"Shop","item":"https:\/\/xenonkungen.com\/shop\/"},{"@type":"ListItem","position":3,"name":"XK Ballast | BMW | 63117316217 \/\/ 7316217"}]},{"@type":"WebSite","@id":"https:\/\/xenonkungen.com\/#website","url":"https:\/\/xenonkungen.com\/","name":"Xenonkungen","description":"","potentialAction":[{"@type":"SearchAction","target":{"@type":"EntryPoint","urlTemplate":"https:\/\/xenonkungen.com\/?s={search_term_string}"},"query-input":{"@type":"PropertyValueSpecification","valueRequired":true,"valueName":"search_term_string"}}],"inLanguage":"de"}]}},"taxonomy_info":{"bilmarken":[{"value":209,"label":"BMW"},{"value":640,"label":"BMW 5-Serien"},{"value":649,"label":"BMW F10"},{"value":648,"label":"BMW F11"}],"product_cat":[{"value":2484,"label":"Ballast"},{"value":789,"label":"Ballast"},{"value":733,"label":"Halvljus \/ Helljus"}],"pa_volt-v":[{"value":159,"label":"12"}]},"featured_image_src_large":["https:\/\/xenonkungen.com\/wp-content\/uploads\/2025\/10\/TPS-DL5-XK259527-2000px-PNNG-1024x757.png",1024,757,true],"author_info":[],"comment_info":0,"_links":{"self":[{"href":"https:\/\/xenonkungen.com\/de\/wp-json\/wp\/v2\/product\/15609","targetHints":{"allow":["GET"]}}],"collection":[{"href":"https:\/\/xenonkungen.com\/de\/wp-json\/wp\/v2\/product"}],"about":[{"href":"https:\/\/xenonkungen.com\/de\/wp-json\/wp\/v2\/types\/product"}],"replies":[{"embeddable":true,"href":"https:\/\/xenonkungen.com\/de\/wp-json\/wp\/v2\/comments?post=15609"}],"wp:featuredmedia":[{"embeddable":true,"href":"https:\/\/xenonkungen.com\/de\/wp-json\/wp\/v2\/media\/15616"}],"wp:attachment":[{"href":"https:\/\/xenonkungen.com\/de\/wp-json\/wp\/v2\/media?parent=15609"}],"wp:term":[{"taxonomy":"anvandningsomrade","embeddable":true,"href":"https:\/\/xenonkungen.com\/de\/wp-json\/wp\/v2\/anvandningsomrade?post=15609"},{"taxonomy":"bilmarken","embeddable":true,"href":"https:\/\/xenonkungen.com\/de\/wp-json\/wp\/v2\/bilmarken?post=15609"},{"taxonomy":"product_brand","embeddable":true,"href":"https:\/\/xenonkungen.com\/de\/wp-json\/wp\/v2\/product_brand?post=15609"},{"taxonomy":"product_cat","embeddable":true,"href":"https:\/\/xenonkungen.com\/de\/wp-json\/wp\/v2\/product_cat?post=15609"},{"taxonomy":"product_tag","embeddable":true,"href":"https:\/\/xenonkungen.com\/de\/wp-json\/wp\/v2\/product_tag?post=15609"}],"curies":[{"name":"wp","href":"https:\/\/api.w.org\/{rel}","templated":true}]}}