{"id":15639,"date":"2025-10-14T13:45:44","date_gmt":"2025-10-14T13:45:44","guid":{"rendered":"https:\/\/xenonkungen.com\/?post_type=product&#038;p=15639"},"modified":"2026-04-10T17:39:48","modified_gmt":"2026-04-10T16:39:48","slug":"xk-vorschaltgerat-bmw-63117316187","status":"publish","type":"product","link":"https:\/\/xenonkungen.com\/de\/produkt\/xk-vorschaltgerat-bmw-63117316187\/","title":{"rendered":"XK-Vorschaltger\u00e4t | BMW | 63117316187"},"content":{"rendered":"<p>Nachr\u00fcst-Xenon-Vorschaltger\u00e4t f\u00fcr BMW 5er F07 \/ F10 \/ F11 2011-2018 nach Originalmodell, das \u00e4hnliche Modelle von Mercedes OEM A2048700326, 130732923900 ersetzt.<\/p>\n<p>12V DC.<\/p>\n<p>OEM-Fabrikate dieses Vorschaltger\u00e4ts sind in den folgenden Fahrzeugen zu finden:<\/p>\n<p><strong>BMW<\/strong> F30 \/ F35 \/ F80 (2011\u20132018)<\/p>\n<p>Es wird keine Garantie daf\u00fcr \u00fcbernommen, dass diese Liste f\u00fcr jedes Fahrzeug korrekt ist. Vergleichen Sie das zu ersetzende Vorschaltger\u00e4t mit dem Produktbild oder der OEM-Teilenummer:<\/p>\n<p>63117316187 \/ 63 11 7 316 187 \/\/ 7316187 \/\/ 00720075A1<\/p>\n<p><strong>2 Jahre Garantie<\/strong><\/p>\n<p><strong>Gut zu wissen<\/strong><br \/>\nDiese Art der Nachbildung von Originalprodukten ist auf dem Markt erh\u00e4ltlich. Die gr\u00f6\u00dfte Gemeinsamkeit von Originalen und Kopien ist das \u00e4u\u00dfere Geh\u00e4use. Was sie unterscheidet, sind die Komponenten, die Programmierung und die Qualit\u00e4t.<br \/>\nUnd das gilt auch f\u00fcr die verschiedenen Hersteller von Nachbildungen.<br \/>\nW\u00e4hrend das Original f\u00fcr alle aufgelisteten Fahrzeuge voll funktionsf\u00e4hig ist, kann die Funktionalit\u00e4t einiger Kopien f\u00fcr einzelne Marken oder Modelle eingeschr\u00e4nkt sein, was unter anderem von den technischen Kenntnissen und den Ambitionen des Herstellers abh\u00e4ngt.<br \/>\nUnsere XK-Vorschaltger\u00e4te sind in der Anschaffung teurer und daher in der Regel besser als billigere Alternativen - die \u00fcbrigens auch von Wettbewerbern teurer angeboten werden k\u00f6nnen.<\/p>","protected":false},"excerpt":{"rendered":"<p><b>Original-Ersatz<\/b> <b>Hohe Qualit\u00e4t<\/b> <b>Passt in viele verschiedene Automodelle<\/b> <b>2 Jahre Garantie<\/b><\/p>","protected":false},"featured_media":15640,"comment_status":"open","ping_status":"closed","template":"","meta":{"_acf_changed":false,"_smort_price_nok":"1917","_smort_price_dkk":"1218","_smort_price_eur":"163.17","_smort_sale_price_nok":"","_smort_sale_price_dkk":"","_smort_sale_price_eur":"","smort_restorder":"","shipmondo_restorder":"","_kad_blocks_custom_css":"","_kad_blocks_head_custom_js":"","_kad_blocks_body_custom_js":"","_kad_blocks_footer_custom_js":"","smort_custom_pricelist_1":"1148.8","smort_custom_pricelist_2":"1005.2","smort_custom_pricelist_3":"933.4","smort_custom_pricelist_4":"1436","smort_custom_pricelist_5":"1005.2"},"anvandningsomrade":[],"bilmarken":[209,640,647,649,648],"product_brand":[],"product_cat":[2484,789,733],"product_tag":[],"class_list":{"0":"post-15639","1":"product","2":"type-product","3":"status-publish","4":"has-post-thumbnail","6":"bilmarken-bmw","7":"bilmarken-bmw-5-serien","8":"bilmarken-bmw-f07","9":"bilmarken-bmw-f10","10":"bilmarken-bmw-f11","11":"product_cat-ballast-halvljus-helljus","12":"product_cat-ballast","13":"product_cat-halvljus-helljus","14":"pa_volt-v-159","16":"first","17":"instock","18":"taxable","19":"shipping-taxable","20":"purchasable","21":"product-type-simple"},"bundled_by":[],"bundle_stock_status":"instock","bundle_stock_quantity":10,"bundle_virtual":false,"bundle_layout":"","bundle_add_to_cart_form_location":"","bundle_editable_in_cart":false,"bundle_sold_individually_context":"","bundle_item_grouping":"","bundle_min_size":"","bundle_max_size":"","bundle_price":[],"bundled_items":[],"bundle_sell_ids":[],"acf":[],"yoast_head":"<!-- This site is optimized with the Yoast SEO plugin v27.0 - https:\/\/yoast.com\/product\/yoast-seo-wordpress\/ -->\n<title>XK Ballast | BMW | 63117316187 - Xenonkungen<\/title>\n<meta name=\"robots\" content=\"index, follow, max-snippet:-1, max-image-preview:large, max-video-preview:-1\" \/>\n<link rel=\"canonical\" href=\"https:\/\/xenonkungen.com\/de\/produkt\/xk-vorschaltgerat-bmw-63117316187\/\" \/>\n<meta property=\"og:locale\" content=\"de_DE\" \/>\n<meta property=\"og:type\" content=\"article\" \/>\n<meta property=\"og:title\" content=\"XK Ballast | BMW | 63117316187 - Xenonkungen\" \/>\n<meta property=\"og:description\" content=\"Orginalers\u00e4ttning H\u00f6g kvalitet Passar m\u00e5nga olika bilmodeller 2 \u00e5rs garanti\" \/>\n<meta property=\"og:url\" content=\"https:\/\/xenonkungen.com\/de\/produkt\/xk-vorschaltgerat-bmw-63117316187\/\" \/>\n<meta property=\"og:site_name\" content=\"Xenonkungen\" \/>\n<meta property=\"article:modified_time\" content=\"2026-04-10T16:39:48+00:00\" \/>\n<meta property=\"og:image\" content=\"https:\/\/xenonkungen.com\/wp-content\/uploads\/2025\/10\/TPS-DL4-XK259457-2000px-PNNG-1024x796.png\" \/>\n\t<meta property=\"og:image:width\" content=\"1024\" \/>\n\t<meta property=\"og:image:height\" content=\"796\" \/>\n\t<meta property=\"og:image:type\" content=\"image\/png\" \/>\n<meta name=\"twitter:card\" content=\"summary_large_image\" \/>\n<meta name=\"twitter:label1\" content=\"Gesch\u00e4tzte Lesezeit\" \/>\n\t<meta name=\"twitter:data1\" content=\"2\u00a0Minuten\" \/>\n<script type=\"application\/ld+json\" class=\"yoast-schema-graph\">{\"@context\":\"https:\/\/schema.org\",\"@graph\":[{\"@type\":\"WebPage\",\"@id\":\"https:\/\/xenonkungen.com\/dk\/vare\/xk-ballast-bmw-63117316187\/\",\"url\":\"https:\/\/xenonkungen.com\/dk\/vare\/xk-ballast-bmw-63117316187\/\",\"name\":\"XK Ballast | BMW | 63117316187 - Xenonkungen\",\"isPartOf\":{\"@id\":\"https:\/\/xenonkungen.com\/#website\"},\"primaryImageOfPage\":{\"@id\":\"https:\/\/xenonkungen.com\/dk\/vare\/xk-ballast-bmw-63117316187\/#primaryimage\"},\"image\":{\"@id\":\"https:\/\/xenonkungen.com\/dk\/vare\/xk-ballast-bmw-63117316187\/#primaryimage\"},\"thumbnailUrl\":\"https:\/\/xenonkungen.com\/wp-content\/uploads\/2025\/10\/TPS-DL4-XK259457-2000px-PNNG.png\",\"datePublished\":\"2025-10-14T13:45:44+00:00\",\"dateModified\":\"2026-04-10T16:39:48+00:00\",\"breadcrumb\":{\"@id\":\"https:\/\/xenonkungen.com\/dk\/vare\/xk-ballast-bmw-63117316187\/#breadcrumb\"},\"inLanguage\":\"de\",\"potentialAction\":[{\"@type\":\"ReadAction\",\"target\":[\"https:\/\/xenonkungen.com\/dk\/vare\/xk-ballast-bmw-63117316187\/\"]}]},{\"@type\":\"ImageObject\",\"inLanguage\":\"de\",\"@id\":\"https:\/\/xenonkungen.com\/dk\/vare\/xk-ballast-bmw-63117316187\/#primaryimage\",\"url\":\"https:\/\/xenonkungen.com\/wp-content\/uploads\/2025\/10\/TPS-DL4-XK259457-2000px-PNNG.png\",\"contentUrl\":\"https:\/\/xenonkungen.com\/wp-content\/uploads\/2025\/10\/TPS-DL4-XK259457-2000px-PNNG.png\",\"width\":2200,\"height\":1711},{\"@type\":\"BreadcrumbList\",\"@id\":\"https:\/\/xenonkungen.com\/dk\/vare\/xk-ballast-bmw-63117316187\/#breadcrumb\",\"itemListElement\":[{\"@type\":\"ListItem\",\"position\":1,\"name\":\"Hem\",\"item\":\"https:\/\/xenonkungen.com\/\"},{\"@type\":\"ListItem\",\"position\":2,\"name\":\"Shop\",\"item\":\"https:\/\/xenonkungen.com\/shop\/\"},{\"@type\":\"ListItem\",\"position\":3,\"name\":\"XK Ballast | BMW | 63117316187\"}]},{\"@type\":\"WebSite\",\"@id\":\"https:\/\/xenonkungen.com\/#website\",\"url\":\"https:\/\/xenonkungen.com\/\",\"name\":\"Xenonkungen\",\"description\":\"\",\"potentialAction\":[{\"@type\":\"SearchAction\",\"target\":{\"@type\":\"EntryPoint\",\"urlTemplate\":\"https:\/\/xenonkungen.com\/?s={search_term_string}\"},\"query-input\":{\"@type\":\"PropertyValueSpecification\",\"valueRequired\":true,\"valueName\":\"search_term_string\"}}],\"inLanguage\":\"de\"}]}<\/script>\n<!-- \/ Yoast SEO plugin. -->","yoast_head_json":{"title":"XK-Vorschaltger\u00e4t | BMW | 63117316187 \u2013 Der Xenon-K\u00f6nig","robots":{"index":"index","follow":"follow","max-snippet":"max-snippet:-1","max-image-preview":"max-image-preview:large","max-video-preview":"max-video-preview:-1"},"canonical":"https:\/\/xenonkungen.com\/de\/produkt\/xk-vorschaltgerat-bmw-63117316187\/","og_locale":"de_DE","og_type":"article","og_title":"XK Ballast | BMW | 63117316187 - Xenonkungen","og_description":"Orginalers\u00e4ttning H\u00f6g kvalitet Passar m\u00e5nga olika bilmodeller 2 \u00e5rs garanti","og_url":"https:\/\/xenonkungen.com\/de\/produkt\/xk-vorschaltgerat-bmw-63117316187\/","og_site_name":"Xenonkungen","article_modified_time":"2026-04-10T16:39:48+00:00","og_image":[{"width":1024,"height":796,"url":"https:\/\/xenonkungen.com\/wp-content\/uploads\/2025\/10\/TPS-DL4-XK259457-2000px-PNNG-1024x796.png","type":"image\/png"}],"twitter_card":"summary_large_image","twitter_misc":{"Gesch\u00e4tzte Lesezeit":"2\u00a0Minuten"},"schema":{"@context":"https:\/\/schema.org","@graph":[{"@type":"WebPage","@id":"https:\/\/xenonkungen.com\/dk\/vare\/xk-ballast-bmw-63117316187\/","url":"https:\/\/xenonkungen.com\/dk\/vare\/xk-ballast-bmw-63117316187\/","name":"XK-Vorschaltger\u00e4t | BMW | 63117316187 \u2013 Der Xenon-K\u00f6nig","isPartOf":{"@id":"https:\/\/xenonkungen.com\/#website"},"primaryImageOfPage":{"@id":"https:\/\/xenonkungen.com\/dk\/vare\/xk-ballast-bmw-63117316187\/#primaryimage"},"image":{"@id":"https:\/\/xenonkungen.com\/dk\/vare\/xk-ballast-bmw-63117316187\/#primaryimage"},"thumbnailUrl":"https:\/\/xenonkungen.com\/wp-content\/uploads\/2025\/10\/TPS-DL4-XK259457-2000px-PNNG.png","datePublished":"2025-10-14T13:45:44+00:00","dateModified":"2026-04-10T16:39:48+00:00","breadcrumb":{"@id":"https:\/\/xenonkungen.com\/dk\/vare\/xk-ballast-bmw-63117316187\/#breadcrumb"},"inLanguage":"de","potentialAction":[{"@type":"ReadAction","target":["https:\/\/xenonkungen.com\/dk\/vare\/xk-ballast-bmw-63117316187\/"]}]},{"@type":"ImageObject","inLanguage":"de","@id":"https:\/\/xenonkungen.com\/dk\/vare\/xk-ballast-bmw-63117316187\/#primaryimage","url":"https:\/\/xenonkungen.com\/wp-content\/uploads\/2025\/10\/TPS-DL4-XK259457-2000px-PNNG.png","contentUrl":"https:\/\/xenonkungen.com\/wp-content\/uploads\/2025\/10\/TPS-DL4-XK259457-2000px-PNNG.png","width":2200,"height":1711},{"@type":"BreadcrumbList","@id":"https:\/\/xenonkungen.com\/dk\/vare\/xk-ballast-bmw-63117316187\/#breadcrumb","itemListElement":[{"@type":"ListItem","position":1,"name":"Hem","item":"https:\/\/xenonkungen.com\/"},{"@type":"ListItem","position":2,"name":"Shop","item":"https:\/\/xenonkungen.com\/shop\/"},{"@type":"ListItem","position":3,"name":"XK Ballast | BMW | 63117316187"}]},{"@type":"WebSite","@id":"https:\/\/xenonkungen.com\/#website","url":"https:\/\/xenonkungen.com\/","name":"Xenonkungen","description":"","potentialAction":[{"@type":"SearchAction","target":{"@type":"EntryPoint","urlTemplate":"https:\/\/xenonkungen.com\/?s={search_term_string}"},"query-input":{"@type":"PropertyValueSpecification","valueRequired":true,"valueName":"search_term_string"}}],"inLanguage":"de"}]}},"taxonomy_info":{"bilmarken":[{"value":209,"label":"BMW"},{"value":640,"label":"BMW 5-Serien"},{"value":647,"label":"BMW F07"},{"value":649,"label":"BMW F10"},{"value":648,"label":"BMW F11"}],"product_cat":[{"value":2484,"label":"Ballast"},{"value":789,"label":"Ballast"},{"value":733,"label":"Halvljus \/ Helljus"}],"pa_volt-v":[{"value":159,"label":"12"}]},"featured_image_src_large":["https:\/\/xenonkungen.com\/wp-content\/uploads\/2025\/10\/TPS-DL4-XK259457-2000px-PNNG-1024x796.png",1024,796,true],"author_info":[],"comment_info":0,"_links":{"self":[{"href":"https:\/\/xenonkungen.com\/de\/wp-json\/wp\/v2\/product\/15639","targetHints":{"allow":["GET"]}}],"collection":[{"href":"https:\/\/xenonkungen.com\/de\/wp-json\/wp\/v2\/product"}],"about":[{"href":"https:\/\/xenonkungen.com\/de\/wp-json\/wp\/v2\/types\/product"}],"replies":[{"embeddable":true,"href":"https:\/\/xenonkungen.com\/de\/wp-json\/wp\/v2\/comments?post=15639"}],"wp:featuredmedia":[{"embeddable":true,"href":"https:\/\/xenonkungen.com\/de\/wp-json\/wp\/v2\/media\/15640"}],"wp:attachment":[{"href":"https:\/\/xenonkungen.com\/de\/wp-json\/wp\/v2\/media?parent=15639"}],"wp:term":[{"taxonomy":"anvandningsomrade","embeddable":true,"href":"https:\/\/xenonkungen.com\/de\/wp-json\/wp\/v2\/anvandningsomrade?post=15639"},{"taxonomy":"bilmarken","embeddable":true,"href":"https:\/\/xenonkungen.com\/de\/wp-json\/wp\/v2\/bilmarken?post=15639"},{"taxonomy":"product_brand","embeddable":true,"href":"https:\/\/xenonkungen.com\/de\/wp-json\/wp\/v2\/product_brand?post=15639"},{"taxonomy":"product_cat","embeddable":true,"href":"https:\/\/xenonkungen.com\/de\/wp-json\/wp\/v2\/product_cat?post=15639"},{"taxonomy":"product_tag","embeddable":true,"href":"https:\/\/xenonkungen.com\/de\/wp-json\/wp\/v2\/product_tag?post=15639"}],"curies":[{"name":"wp","href":"https:\/\/api.w.org\/{rel}","templated":true}]}}