{"id":1579,"date":"2025-04-15T08:24:37","date_gmt":"2025-04-15T08:24:37","guid":{"rendered":"https:\/\/xenonkungen.com\/product\/ballast-hns-4c-canbus-40w12v\/"},"modified":"2026-05-13T07:58:32","modified_gmt":"2026-05-13T06:58:32","slug":"vorschaltgerat-hns-4c-can-bus-40w12v","status":"publish","type":"product","link":"https:\/\/xenonkungen.com\/de\/produkt\/vorschaltgerat-hns-4c-can-bus-40w12v\/","title":{"rendered":"Vorschaltger\u00e4t HNS-4C Canbus 40W|12V"},"content":{"rendered":"<p>Das Premium-Xenon-Vorschaltger\u00e4t HNS-4C mit CAN-Bus-Anbindung ist exklusiv bei Xenonkungen erh\u00e4ltlich und hat eine Leistung von 40 W. Es kann alle 35-W-Vorschaltger\u00e4te auf dem Markt ersetzen, unabh\u00e4ngig davon, ob eine CAN-Bus-Funktion ben\u00f6tigt wird oder nicht.<\/p>\n<p>Ein einzigartiges Merkmal des HNS-4C ist, dass er alle Xenon-Lampen betreiben kann, auch bleifreie (D1\/D2\/D3\/D4). Hierf\u00fcr sind jedoch spezielle Kabel erforderlich. Die Aufgabe wird hier gestellt, um die fortschrittliche Technologie des HNS-4C zu demonstrieren.<\/p>\n<p>Bekannte Ausnahmen:<br \/>&#8211;<\/p>\n<p>In Kombination mit unseren Xenonlampen ergibt sich folgende Helligkeit:<br \/>4300K = 3500\u00b1150 Lumen<br \/>5000K = 3400\u00b1100 Lumen<br \/>6000K = 3000\u00b1100 Lumen<br \/>Tats\u00e4chliche Werte gem\u00e4\u00df der Spektralanalyse.<\/p>","protected":false},"excerpt":{"rendered":"<p>Premium xenon Can-bus ballast exklusivt hos Xenonkungen med effekt 40W. HNS-4C kan ers\u00e4tta alla p\u00e5 marknaden f\u00f6rekommande 35W ballaster, med eller utan behov av Canbus funktion. En unik egenskap med HNS-4C \u00e4r att den kan driva alla xenonlampor, \u00e4ven blyfria (D1\/D2\/D3\/D4). F\u00f6r dylikt kr\u00e4vs dock s\u00e4rskilda kablar och uppgiften anges i detta sammanhang f\u00f6r att [&hellip;]<\/p>","protected":false},"featured_media":1580,"comment_status":"closed","ping_status":"closed","template":"","meta":{"_acf_changed":false,"_smort_price_nok":"422","_smort_price_dkk":"268","_smort_price_eur":"35.91","_smort_sale_price_nok":"","_smort_sale_price_dkk":"","_smort_sale_price_eur":"26.93","smort_restorder":"","shipmondo_restorder":"","_kad_blocks_custom_css":"","_kad_blocks_head_custom_js":"","_kad_blocks_body_custom_js":"","_kad_blocks_footer_custom_js":"","smort_custom_pricelist_1":"252.8","smort_custom_pricelist_2":"221.2","smort_custom_pricelist_3":"210.14","smort_custom_pricelist_4":"316","smort_custom_pricelist_5":"221.2"},"anvandningsomrade":[],"bilmarken":[],"product_brand":[],"product_cat":[2484,2485,789,733],"product_tag":[],"class_list":{"0":"post-1579","1":"product","2":"type-product","3":"status-publish","4":"has-post-thumbnail","6":"product_cat-ballast-halvljus-helljus","7":"product_cat-xenonkonventering","8":"product_cat-ballast","9":"product_cat-halvljus-helljus","10":"pa_faktisk-effekts-forbrukning-494","11":"pa_lampsockel-kontakt-9006-hb4","12":"pa_storlek-mm-110x70x18","13":"pa_volt-v-159","15":"first","16":"instock","17":"taxable","18":"shipping-taxable","19":"purchasable","20":"product-type-simple"},"bundled_by":[],"bundle_stock_status":"instock","bundle_stock_quantity":74,"bundle_virtual":false,"bundle_layout":"","bundle_add_to_cart_form_location":"","bundle_editable_in_cart":false,"bundle_sold_individually_context":"","bundle_item_grouping":"","bundle_min_size":"","bundle_max_size":"","bundle_price":[],"bundled_items":[],"bundle_sell_ids":[],"acf":[],"yoast_head":"<!-- This site is optimized with the Yoast SEO plugin v27.0 - https:\/\/yoast.com\/product\/yoast-seo-wordpress\/ -->\n<title>Ballast HNS-4C Canbus 40W|12V - Xenonkungen<\/title>\n<meta name=\"robots\" content=\"index, follow, max-snippet:-1, max-image-preview:large, max-video-preview:-1\" \/>\n<link rel=\"canonical\" href=\"https:\/\/xenonkungen.com\/de\/produkt\/vorschaltgerat-hns-4c-can-bus-40w12v\/\" \/>\n<meta property=\"og:locale\" content=\"de_DE\" \/>\n<meta property=\"og:type\" content=\"article\" \/>\n<meta property=\"og:title\" content=\"Ballast HNS-4C Canbus 40W|12V - Xenonkungen\" \/>\n<meta property=\"og:description\" content=\"Premium xenon Can-bus ballast exklusivt hos Xenonkungen med effekt 40W. HNS-4C kan ers\u00e4tta alla p\u00e5 marknaden f\u00f6rekommande 35W ballaster, med eller utan behov av Canbus funktion. En unik egenskap med HNS-4C \u00e4r att den kan driva alla xenonlampor, \u00e4ven blyfria (D1\/D2\/D3\/D4). F\u00f6r dylikt kr\u00e4vs dock s\u00e4rskilda kablar och uppgiften anges i detta sammanhang f\u00f6r att [&hellip;]\" \/>\n<meta property=\"og:url\" content=\"https:\/\/xenonkungen.com\/de\/produkt\/vorschaltgerat-hns-4c-can-bus-40w12v\/\" \/>\n<meta property=\"og:site_name\" content=\"Xenonkungen\" \/>\n<meta property=\"article:modified_time\" content=\"2026-05-13T06:58:32+00:00\" \/>\n<meta property=\"og:image\" content=\"https:\/\/xenonkungen.com\/wp-content\/uploads\/2025\/04\/135325032-origpic-5378cb.png\" \/>\n\t<meta property=\"og:image:width\" content=\"1000\" \/>\n\t<meta property=\"og:image:height\" content=\"1000\" \/>\n\t<meta property=\"og:image:type\" content=\"image\/png\" \/>\n<meta name=\"twitter:card\" content=\"summary_large_image\" \/>\n<meta name=\"twitter:label1\" content=\"Gesch\u00e4tzte Lesezeit\" \/>\n\t<meta name=\"twitter:data1\" content=\"1\u00a0Minute\" \/>\n<script type=\"application\/ld+json\" class=\"yoast-schema-graph\">{\"@context\":\"https:\/\/schema.org\",\"@graph\":[{\"@type\":\"WebPage\",\"@id\":\"https:\/\/xenonkungen.com\/produkt\/ballast-hns-4c-canbus-40w12v\/\",\"url\":\"https:\/\/xenonkungen.com\/produkt\/ballast-hns-4c-canbus-40w12v\/\",\"name\":\"Ballast HNS-4C Canbus 40W|12V - Xenonkungen\",\"isPartOf\":{\"@id\":\"https:\/\/xenonkungen.com\/#website\"},\"primaryImageOfPage\":{\"@id\":\"https:\/\/xenonkungen.com\/produkt\/ballast-hns-4c-canbus-40w12v\/#primaryimage\"},\"image\":{\"@id\":\"https:\/\/xenonkungen.com\/produkt\/ballast-hns-4c-canbus-40w12v\/#primaryimage\"},\"thumbnailUrl\":\"https:\/\/xenonkungen.com\/wp-content\/uploads\/2025\/04\/135325032-origpic-5378cb.png\",\"datePublished\":\"2025-04-15T08:24:37+00:00\",\"dateModified\":\"2026-05-13T06:58:32+00:00\",\"breadcrumb\":{\"@id\":\"https:\/\/xenonkungen.com\/produkt\/ballast-hns-4c-canbus-40w12v\/#breadcrumb\"},\"inLanguage\":\"de\",\"potentialAction\":[{\"@type\":\"ReadAction\",\"target\":[\"https:\/\/xenonkungen.com\/produkt\/ballast-hns-4c-canbus-40w12v\/\"]}]},{\"@type\":\"ImageObject\",\"inLanguage\":\"de\",\"@id\":\"https:\/\/xenonkungen.com\/produkt\/ballast-hns-4c-canbus-40w12v\/#primaryimage\",\"url\":\"https:\/\/xenonkungen.com\/wp-content\/uploads\/2025\/04\/135325032-origpic-5378cb.png\",\"contentUrl\":\"https:\/\/xenonkungen.com\/wp-content\/uploads\/2025\/04\/135325032-origpic-5378cb.png\",\"width\":1000,\"height\":1000},{\"@type\":\"BreadcrumbList\",\"@id\":\"https:\/\/xenonkungen.com\/produkt\/ballast-hns-4c-canbus-40w12v\/#breadcrumb\",\"itemListElement\":[{\"@type\":\"ListItem\",\"position\":1,\"name\":\"Hem\",\"item\":\"https:\/\/xenonkungen.com\/\"},{\"@type\":\"ListItem\",\"position\":2,\"name\":\"Shop\",\"item\":\"https:\/\/xenonkungen.com\/shop\/\"},{\"@type\":\"ListItem\",\"position\":3,\"name\":\"Ballast HNS-4C Canbus 40W|12V\"}]},{\"@type\":\"WebSite\",\"@id\":\"https:\/\/xenonkungen.com\/#website\",\"url\":\"https:\/\/xenonkungen.com\/\",\"name\":\"Xenonkungen\",\"description\":\"\",\"potentialAction\":[{\"@type\":\"SearchAction\",\"target\":{\"@type\":\"EntryPoint\",\"urlTemplate\":\"https:\/\/xenonkungen.com\/?s={search_term_string}\"},\"query-input\":{\"@type\":\"PropertyValueSpecification\",\"valueRequired\":true,\"valueName\":\"search_term_string\"}}],\"inLanguage\":\"de\"}]}<\/script>\n<!-- \/ Yoast SEO plugin. -->","yoast_head_json":{"title":"Vorschaltger\u00e4t HNS-4C Canbus 40W|12V - Der Xenon-K\u00f6nig","robots":{"index":"index","follow":"follow","max-snippet":"max-snippet:-1","max-image-preview":"max-image-preview:large","max-video-preview":"max-video-preview:-1"},"canonical":"https:\/\/xenonkungen.com\/de\/produkt\/vorschaltgerat-hns-4c-can-bus-40w12v\/","og_locale":"de_DE","og_type":"article","og_title":"Ballast HNS-4C Canbus 40W|12V - Xenonkungen","og_description":"Premium xenon Can-bus ballast exklusivt hos Xenonkungen med effekt 40W. HNS-4C kan ers\u00e4tta alla p\u00e5 marknaden f\u00f6rekommande 35W ballaster, med eller utan behov av Canbus funktion. En unik egenskap med HNS-4C \u00e4r att den kan driva alla xenonlampor, \u00e4ven blyfria (D1\/D2\/D3\/D4). F\u00f6r dylikt kr\u00e4vs dock s\u00e4rskilda kablar och uppgiften anges i detta sammanhang f\u00f6r att [&hellip;]","og_url":"https:\/\/xenonkungen.com\/de\/produkt\/vorschaltgerat-hns-4c-can-bus-40w12v\/","og_site_name":"Xenonkungen","article_modified_time":"2026-05-13T06:58:32+00:00","og_image":[{"width":1000,"height":1000,"url":"https:\/\/xenonkungen.com\/wp-content\/uploads\/2025\/04\/135325032-origpic-5378cb.png","type":"image\/png"}],"twitter_card":"summary_large_image","twitter_misc":{"Gesch\u00e4tzte Lesezeit":"1\u00a0Minute"},"schema":{"@context":"https:\/\/schema.org","@graph":[{"@type":"WebPage","@id":"https:\/\/xenonkungen.com\/produkt\/ballast-hns-4c-canbus-40w12v\/","url":"https:\/\/xenonkungen.com\/produkt\/ballast-hns-4c-canbus-40w12v\/","name":"Vorschaltger\u00e4t HNS-4C Canbus 40W|12V - Der Xenon-K\u00f6nig","isPartOf":{"@id":"https:\/\/xenonkungen.com\/#website"},"primaryImageOfPage":{"@id":"https:\/\/xenonkungen.com\/produkt\/ballast-hns-4c-canbus-40w12v\/#primaryimage"},"image":{"@id":"https:\/\/xenonkungen.com\/produkt\/ballast-hns-4c-canbus-40w12v\/#primaryimage"},"thumbnailUrl":"https:\/\/xenonkungen.com\/wp-content\/uploads\/2025\/04\/135325032-origpic-5378cb.png","datePublished":"2025-04-15T08:24:37+00:00","dateModified":"2026-05-13T06:58:32+00:00","breadcrumb":{"@id":"https:\/\/xenonkungen.com\/produkt\/ballast-hns-4c-canbus-40w12v\/#breadcrumb"},"inLanguage":"de","potentialAction":[{"@type":"ReadAction","target":["https:\/\/xenonkungen.com\/produkt\/ballast-hns-4c-canbus-40w12v\/"]}]},{"@type":"ImageObject","inLanguage":"de","@id":"https:\/\/xenonkungen.com\/produkt\/ballast-hns-4c-canbus-40w12v\/#primaryimage","url":"https:\/\/xenonkungen.com\/wp-content\/uploads\/2025\/04\/135325032-origpic-5378cb.png","contentUrl":"https:\/\/xenonkungen.com\/wp-content\/uploads\/2025\/04\/135325032-origpic-5378cb.png","width":1000,"height":1000},{"@type":"BreadcrumbList","@id":"https:\/\/xenonkungen.com\/produkt\/ballast-hns-4c-canbus-40w12v\/#breadcrumb","itemListElement":[{"@type":"ListItem","position":1,"name":"Hem","item":"https:\/\/xenonkungen.com\/"},{"@type":"ListItem","position":2,"name":"Shop","item":"https:\/\/xenonkungen.com\/shop\/"},{"@type":"ListItem","position":3,"name":"Ballast HNS-4C Canbus 40W|12V"}]},{"@type":"WebSite","@id":"https:\/\/xenonkungen.com\/#website","url":"https:\/\/xenonkungen.com\/","name":"Xenonkungen","description":"","potentialAction":[{"@type":"SearchAction","target":{"@type":"EntryPoint","urlTemplate":"https:\/\/xenonkungen.com\/?s={search_term_string}"},"query-input":{"@type":"PropertyValueSpecification","valueRequired":true,"valueName":"search_term_string"}}],"inLanguage":"de"}]}},"taxonomy_info":{"product_cat":[{"value":2484,"label":"Ballast"},{"value":2485,"label":"Xenonkonvertering"},{"value":789,"label":"Ballast"},{"value":733,"label":"Halvljus \/ Helljus"}],"pa_faktisk-effekts-forbrukning":[{"value":494,"label":"40"}],"pa_lampsockel-kontakt":[{"value":326,"label":"9006 , HB4"}],"pa_storlek-mm":[{"value":491,"label":"110x70x18"}],"pa_volt-v":[{"value":159,"label":"12"}]},"featured_image_src_large":["https:\/\/xenonkungen.com\/wp-content\/uploads\/2025\/04\/135325032-origpic-5378cb.png",1000,1000,false],"author_info":[],"comment_info":1,"_links":{"self":[{"href":"https:\/\/xenonkungen.com\/de\/wp-json\/wp\/v2\/product\/1579","targetHints":{"allow":["GET"]}}],"collection":[{"href":"https:\/\/xenonkungen.com\/de\/wp-json\/wp\/v2\/product"}],"about":[{"href":"https:\/\/xenonkungen.com\/de\/wp-json\/wp\/v2\/types\/product"}],"replies":[{"embeddable":true,"href":"https:\/\/xenonkungen.com\/de\/wp-json\/wp\/v2\/comments?post=1579"}],"wp:featuredmedia":[{"embeddable":true,"href":"https:\/\/xenonkungen.com\/de\/wp-json\/wp\/v2\/media\/1580"}],"wp:attachment":[{"href":"https:\/\/xenonkungen.com\/de\/wp-json\/wp\/v2\/media?parent=1579"}],"wp:term":[{"taxonomy":"anvandningsomrade","embeddable":true,"href":"https:\/\/xenonkungen.com\/de\/wp-json\/wp\/v2\/anvandningsomrade?post=1579"},{"taxonomy":"bilmarken","embeddable":true,"href":"https:\/\/xenonkungen.com\/de\/wp-json\/wp\/v2\/bilmarken?post=1579"},{"taxonomy":"product_brand","embeddable":true,"href":"https:\/\/xenonkungen.com\/de\/wp-json\/wp\/v2\/product_brand?post=1579"},{"taxonomy":"product_cat","embeddable":true,"href":"https:\/\/xenonkungen.com\/de\/wp-json\/wp\/v2\/product_cat?post=1579"},{"taxonomy":"product_tag","embeddable":true,"href":"https:\/\/xenonkungen.com\/de\/wp-json\/wp\/v2\/product_tag?post=1579"}],"curies":[{"name":"wp","href":"https:\/\/api.w.org\/{rel}","templated":true}]}}