{"id":15811,"date":"2025-10-16T12:59:20","date_gmt":"2025-10-16T12:59:20","guid":{"rendered":"https:\/\/xenonkungen.com\/?post_type=product&#038;p=15811"},"modified":"2026-05-12T14:32:42","modified_gmt":"2026-05-12T13:32:42","slug":"poppy-clip-on-20ml","status":"publish","type":"product","link":"https:\/\/xenonkungen.com\/de\/produkt\/poppy-clip-on-20ml\/","title":{"rendered":"POPPY Clip-On 20ml"},"content":{"rendered":"<h3 data-start=\"121\" data-end=\"175\">Entdecken Sie den neuen Mini Poppy \u2013 den Auto-Lufterfrischer<\/h3>\n<p data-start=\"177\" data-end=\"348\">Verleihen Sie Ihrem Auto mit dem neuen Mini Poppy, dem stilvollen Lufterfrischer, der sich einfach an der L\u00fcftung des Autos befestigen l\u00e4sst und einen angenehmen Duft effektiv verbreitet, ein erfrischendes und luxuri\u00f6ses Flair.<\/p>\n<p data-start=\"350\" data-end=\"538\">Mini Poppy ist in sechs herrlichen Duftrichtungen erh\u00e4ltlich, darunter die neue <strong data-start=\"409\" data-end=\"420\">Neues Auto<\/strong>, <strong data-start=\"422\" data-end=\"436\">Sandelholz<\/strong> und <strong data-start=\"441\" data-end=\"454\">Frost Eis<\/strong> In fl\u00fcssiger Form. W\u00e4hlen Sie Ihren Favoriten und genie\u00dfen Sie bei jeder Fahrt eine frische Atmosph\u00e4re.<\/p>\n<p data-start=\"540\" data-end=\"728\">Mini Poppy ist einfach anzuwenden \u2013 einfach am L\u00fcftungsschlitz befestigen und den Duft gleichm\u00e4\u00dfig im Auto verteilen lassen. Jede Flasche hat eine praktische Kratzfl\u00e4che, damit Sie den Duft vor dem Kauf testen k\u00f6nnen.<\/p>\n<p data-start=\"865\" data-end=\"944\"><strong data-start=\"865\" data-end=\"944\">Mini Poppy \u2013 ein kleines Detail, das einen gro\u00dfen Unterschied im Geruch und der Haptik des Autos ausmacht.<\/strong><\/p>","protected":false},"excerpt":{"rendered":"<div class=\"s t wc hc\">Folgende Duftrichtungen sind in der Mini-Variante Poppy erh\u00e4ltlich:<\/div>\n<div class=\"hc s e wc\">\n<div class=\"spacing-5-5 s p wf\"><\/div>\n<\/div>\n<div class=\"s t wc hc\">\u2022 Kirsche 20 ml<\/div>\n<div class=\"hc s e wc\">\n<div class=\"spacing-5-5 s p wf\"><\/div>\n<\/div>\n<div class=\"s t wc hc\">\u2022 Lavendel 20 ml<\/div>\n<div class=\"hc s e wc\">\n<div class=\"spacing-5-5 s p wf\"><\/div>\n<\/div>\n<div class=\"s t wc hc\">\u2022 Sandelholz 20 ml<\/div>\n<div class=\"hc s e wc\">\n<div class=\"spacing-5-5 s p wf\"><\/div>\n<\/div>\n<div class=\"s t wc hc\">\u2022 Neuwagen 20 ml<\/div>\n<div class=\"hc s e wc\">\n<div class=\"spacing-5-5 s p wf\"><\/div>\n<\/div>\n<div class=\"s t wc hc\">\u2022 Frost Ice 20 ml<\/div>\n<div class=\"hc s e wc\">\n<div class=\"spacing-5-5 s p wf\"><\/div>\n<\/div>\n<div class=\"s t wc hc\">\u2022 Vanille 20 ml<\/div>","protected":false},"featured_media":15813,"comment_status":"open","ping_status":"closed","template":"","meta":{"_acf_changed":false,"_smort_price_nok":"32","_smort_price_dkk":"60","_smort_price_eur":"8.09","_smort_sale_price_nok":"","_smort_sale_price_dkk":"","_smort_sale_price_eur":"","smort_restorder":"","shipmondo_restorder":"","_kad_blocks_custom_css":"","_kad_blocks_head_custom_js":"","_kad_blocks_body_custom_js":"","_kad_blocks_footer_custom_js":"","smort_custom_pricelist_1":null,"smort_custom_pricelist_2":null,"smort_custom_pricelist_3":null,"smort_custom_pricelist_4":null,"smort_custom_pricelist_5":null},"anvandningsomrade":[],"bilmarken":[],"product_brand":[110],"product_cat":[3076,2447,378],"product_tag":[],"class_list":{"0":"post-15811","1":"product","2":"type-product","3":"status-publish","4":"has-post-thumbnail","6":"product_brand-poppy","7":"product_cat-rekommendationer","8":"product_cat-doft","9":"product_cat-bilvard","11":"first","12":"instock","13":"taxable","14":"shipping-taxable","15":"purchasable","16":"product-type-variable"},"bundled_by":[],"bundle_stock_status":"instock","bundle_stock_quantity":1,"bundle_virtual":false,"bundle_layout":"","bundle_add_to_cart_form_location":"","bundle_editable_in_cart":false,"bundle_sold_individually_context":"","bundle_item_grouping":"","bundle_min_size":"","bundle_max_size":"","bundle_price":[],"bundled_items":[],"bundle_sell_ids":[],"acf":[],"yoast_head":"<!-- This site is optimized with the Yoast SEO plugin v27.0 - https:\/\/yoast.com\/product\/yoast-seo-wordpress\/ -->\n<title>POPPY Clip-On 20ml - Xenonkungen<\/title>\n<meta name=\"robots\" content=\"index, follow, max-snippet:-1, max-image-preview:large, max-video-preview:-1\" \/>\n<link rel=\"canonical\" href=\"https:\/\/xenonkungen.com\/de\/produkt\/poppy-clip-on-20ml\/\" \/>\n<meta property=\"og:locale\" content=\"de_DE\" \/>\n<meta property=\"og:type\" content=\"article\" \/>\n<meta property=\"og:title\" content=\"POPPY Clip-On 20ml - Xenonkungen\" \/>\n<meta property=\"og:description\" content=\"F\u00f6ljande dofter som finns i mini Poppy:    \u2022 K\u00f6rsb\u00e4r 20 ml    \u2022 Lavendel 20 ml    \u2022 Sandalwood 20 ml    \u2022 New Car 20 ml    \u2022 Frost Ice 20 ml    \u2022 Vanilj 20 ml\" \/>\n<meta property=\"og:url\" content=\"https:\/\/xenonkungen.com\/de\/produkt\/poppy-clip-on-20ml\/\" \/>\n<meta property=\"og:site_name\" content=\"Xenonkungen\" \/>\n<meta property=\"article:modified_time\" content=\"2026-05-12T13:32:42+00:00\" \/>\n<meta property=\"og:image\" content=\"https:\/\/xenonkungen.com\/wp-content\/uploads\/2025\/10\/Skarmbild-2025-10-16-144103.png\" \/>\n\t<meta property=\"og:image:width\" content=\"1017\" \/>\n\t<meta property=\"og:image:height\" content=\"761\" \/>\n\t<meta property=\"og:image:type\" content=\"image\/png\" \/>\n<meta name=\"twitter:card\" content=\"summary_large_image\" \/>\n<meta name=\"twitter:label1\" content=\"Gesch\u00e4tzte Lesezeit\" \/>\n\t<meta name=\"twitter:data1\" content=\"1\u00a0Minute\" \/>\n<script type=\"application\/ld+json\" class=\"yoast-schema-graph\">{\"@context\":\"https:\/\/schema.org\",\"@graph\":[{\"@type\":\"WebPage\",\"@id\":\"https:\/\/xenonkungen.com\/produkt\/poppy-clip-on-20ml\/\",\"url\":\"https:\/\/xenonkungen.com\/produkt\/poppy-clip-on-20ml\/\",\"name\":\"POPPY Clip-On 20ml - Xenonkungen\",\"isPartOf\":{\"@id\":\"https:\/\/xenonkungen.com\/#website\"},\"primaryImageOfPage\":{\"@id\":\"https:\/\/xenonkungen.com\/produkt\/poppy-clip-on-20ml\/#primaryimage\"},\"image\":{\"@id\":\"https:\/\/xenonkungen.com\/produkt\/poppy-clip-on-20ml\/#primaryimage\"},\"thumbnailUrl\":\"https:\/\/xenonkungen.com\/wp-content\/uploads\/2025\/10\/Skarmbild-2025-10-16-144103.png\",\"datePublished\":\"2025-10-16T12:59:20+00:00\",\"dateModified\":\"2026-05-12T13:32:42+00:00\",\"breadcrumb\":{\"@id\":\"https:\/\/xenonkungen.com\/produkt\/poppy-clip-on-20ml\/#breadcrumb\"},\"inLanguage\":\"de\",\"potentialAction\":[{\"@type\":\"ReadAction\",\"target\":[\"https:\/\/xenonkungen.com\/produkt\/poppy-clip-on-20ml\/\"]}]},{\"@type\":\"ImageObject\",\"inLanguage\":\"de\",\"@id\":\"https:\/\/xenonkungen.com\/produkt\/poppy-clip-on-20ml\/#primaryimage\",\"url\":\"https:\/\/xenonkungen.com\/wp-content\/uploads\/2025\/10\/Skarmbild-2025-10-16-144103.png\",\"contentUrl\":\"https:\/\/xenonkungen.com\/wp-content\/uploads\/2025\/10\/Skarmbild-2025-10-16-144103.png\",\"width\":1017,\"height\":761},{\"@type\":\"BreadcrumbList\",\"@id\":\"https:\/\/xenonkungen.com\/produkt\/poppy-clip-on-20ml\/#breadcrumb\",\"itemListElement\":[{\"@type\":\"ListItem\",\"position\":1,\"name\":\"Hem\",\"item\":\"https:\/\/xenonkungen.com\/\"},{\"@type\":\"ListItem\",\"position\":2,\"name\":\"Shop\",\"item\":\"https:\/\/xenonkungen.com\/shop\/\"},{\"@type\":\"ListItem\",\"position\":3,\"name\":\"POPPY Clip-On 20ml\"}]},{\"@type\":\"WebSite\",\"@id\":\"https:\/\/xenonkungen.com\/#website\",\"url\":\"https:\/\/xenonkungen.com\/\",\"name\":\"Xenonkungen\",\"description\":\"\",\"potentialAction\":[{\"@type\":\"SearchAction\",\"target\":{\"@type\":\"EntryPoint\",\"urlTemplate\":\"https:\/\/xenonkungen.com\/?s={search_term_string}\"},\"query-input\":{\"@type\":\"PropertyValueSpecification\",\"valueRequired\":true,\"valueName\":\"search_term_string\"}}],\"inLanguage\":\"de\"}]}<\/script>\n<!-- \/ Yoast SEO plugin. -->","yoast_head_json":{"title":"POPPY Clip-On 20ml - Der Xenon-K\u00f6nig","robots":{"index":"index","follow":"follow","max-snippet":"max-snippet:-1","max-image-preview":"max-image-preview:large","max-video-preview":"max-video-preview:-1"},"canonical":"https:\/\/xenonkungen.com\/de\/produkt\/poppy-clip-on-20ml\/","og_locale":"de_DE","og_type":"article","og_title":"POPPY Clip-On 20ml - Xenonkungen","og_description":"F\u00f6ljande dofter som finns i mini Poppy:    \u2022 K\u00f6rsb\u00e4r 20 ml    \u2022 Lavendel 20 ml    \u2022 Sandalwood 20 ml    \u2022 New Car 20 ml    \u2022 Frost Ice 20 ml    \u2022 Vanilj 20 ml","og_url":"https:\/\/xenonkungen.com\/de\/produkt\/poppy-clip-on-20ml\/","og_site_name":"Xenonkungen","article_modified_time":"2026-05-12T13:32:42+00:00","og_image":[{"width":1017,"height":761,"url":"https:\/\/xenonkungen.com\/wp-content\/uploads\/2025\/10\/Skarmbild-2025-10-16-144103.png","type":"image\/png"}],"twitter_card":"summary_large_image","twitter_misc":{"Gesch\u00e4tzte Lesezeit":"1\u00a0Minute"},"schema":{"@context":"https:\/\/schema.org","@graph":[{"@type":"WebPage","@id":"https:\/\/xenonkungen.com\/produkt\/poppy-clip-on-20ml\/","url":"https:\/\/xenonkungen.com\/produkt\/poppy-clip-on-20ml\/","name":"POPPY Clip-On 20ml - Der Xenon-K\u00f6nig","isPartOf":{"@id":"https:\/\/xenonkungen.com\/#website"},"primaryImageOfPage":{"@id":"https:\/\/xenonkungen.com\/produkt\/poppy-clip-on-20ml\/#primaryimage"},"image":{"@id":"https:\/\/xenonkungen.com\/produkt\/poppy-clip-on-20ml\/#primaryimage"},"thumbnailUrl":"https:\/\/xenonkungen.com\/wp-content\/uploads\/2025\/10\/Skarmbild-2025-10-16-144103.png","datePublished":"2025-10-16T12:59:20+00:00","dateModified":"2026-05-12T13:32:42+00:00","breadcrumb":{"@id":"https:\/\/xenonkungen.com\/produkt\/poppy-clip-on-20ml\/#breadcrumb"},"inLanguage":"de","potentialAction":[{"@type":"ReadAction","target":["https:\/\/xenonkungen.com\/produkt\/poppy-clip-on-20ml\/"]}]},{"@type":"ImageObject","inLanguage":"de","@id":"https:\/\/xenonkungen.com\/produkt\/poppy-clip-on-20ml\/#primaryimage","url":"https:\/\/xenonkungen.com\/wp-content\/uploads\/2025\/10\/Skarmbild-2025-10-16-144103.png","contentUrl":"https:\/\/xenonkungen.com\/wp-content\/uploads\/2025\/10\/Skarmbild-2025-10-16-144103.png","width":1017,"height":761},{"@type":"BreadcrumbList","@id":"https:\/\/xenonkungen.com\/produkt\/poppy-clip-on-20ml\/#breadcrumb","itemListElement":[{"@type":"ListItem","position":1,"name":"Hem","item":"https:\/\/xenonkungen.com\/"},{"@type":"ListItem","position":2,"name":"Shop","item":"https:\/\/xenonkungen.com\/shop\/"},{"@type":"ListItem","position":3,"name":"POPPY Clip-On 20ml"}]},{"@type":"WebSite","@id":"https:\/\/xenonkungen.com\/#website","url":"https:\/\/xenonkungen.com\/","name":"Xenonkungen","description":"","potentialAction":[{"@type":"SearchAction","target":{"@type":"EntryPoint","urlTemplate":"https:\/\/xenonkungen.com\/?s={search_term_string}"},"query-input":{"@type":"PropertyValueSpecification","valueRequired":true,"valueName":"search_term_string"}}],"inLanguage":"de"}]}},"taxonomy_info":{"product_brand":[{"value":110,"label":"Poppy"}],"product_cat":[{"value":3076,"label":"Rekommendationer"},{"value":2447,"label":"Doft"},{"value":378,"label":"Bilv\u00e5rd"}]},"featured_image_src_large":["https:\/\/xenonkungen.com\/wp-content\/uploads\/2025\/10\/Skarmbild-2025-10-16-144103.png",1017,761,false],"author_info":[],"comment_info":0,"_links":{"self":[{"href":"https:\/\/xenonkungen.com\/de\/wp-json\/wp\/v2\/product\/15811","targetHints":{"allow":["GET"]}}],"collection":[{"href":"https:\/\/xenonkungen.com\/de\/wp-json\/wp\/v2\/product"}],"about":[{"href":"https:\/\/xenonkungen.com\/de\/wp-json\/wp\/v2\/types\/product"}],"replies":[{"embeddable":true,"href":"https:\/\/xenonkungen.com\/de\/wp-json\/wp\/v2\/comments?post=15811"}],"wp:featuredmedia":[{"embeddable":true,"href":"https:\/\/xenonkungen.com\/de\/wp-json\/wp\/v2\/media\/15813"}],"wp:attachment":[{"href":"https:\/\/xenonkungen.com\/de\/wp-json\/wp\/v2\/media?parent=15811"}],"wp:term":[{"taxonomy":"anvandningsomrade","embeddable":true,"href":"https:\/\/xenonkungen.com\/de\/wp-json\/wp\/v2\/anvandningsomrade?post=15811"},{"taxonomy":"bilmarken","embeddable":true,"href":"https:\/\/xenonkungen.com\/de\/wp-json\/wp\/v2\/bilmarken?post=15811"},{"taxonomy":"product_brand","embeddable":true,"href":"https:\/\/xenonkungen.com\/de\/wp-json\/wp\/v2\/product_brand?post=15811"},{"taxonomy":"product_cat","embeddable":true,"href":"https:\/\/xenonkungen.com\/de\/wp-json\/wp\/v2\/product_cat?post=15811"},{"taxonomy":"product_tag","embeddable":true,"href":"https:\/\/xenonkungen.com\/de\/wp-json\/wp\/v2\/product_tag?post=15811"}],"curies":[{"name":"wp","href":"https:\/\/api.w.org\/{rel}","templated":true}]}}