{"id":1595,"date":"2025-04-15T08:24:46","date_gmt":"2025-04-15T08:24:46","guid":{"rendered":"https:\/\/xenonkungen.com\/product\/luxtar-wl63-arbetsljus-5040lm-ip68-r10\/"},"modified":"2026-04-17T12:07:08","modified_gmt":"2026-04-17T11:07:08","slug":"luxtar-wl63-arbeitsleuchte-5040lm-ip68-r10","status":"publish","type":"product","link":"https:\/\/xenonkungen.com\/de\/produkt\/luxtar-wl63-arbeitsleuchte-5040lm-ip68-r10\/","title":{"rendered":"Luxtar\u00ae WL63 Arbeitsleuchte 5040lm | IP68 | R10"},"content":{"rendered":"<h1>Gro\u00dfartiges Arbeitslicht von Luxtar!<\/h1>\n<p>Die mattierte Linse sorgt f\u00fcr ein gleichm\u00e4\u00dfiges, homogenes Lichtbild. Perfekt geeignet als Arbeitsleuchte am Servicewagen, Traktor, Lkw usw.<\/p>\n<p>Dies ist eine Arbeitsleuchte, die viel Licht hat, volle 5040 Lumen ist der Wert, den Sie von der Laterne bekommen. 5040 Lumen sind ungef\u00e4hr so viel wie das Fernlicht von 3 Autos zusammen, so dass es keinen Mangel an Licht gibt!<\/p>\n<p>Die Laterne ist aus haltbarem Aluminium gefertigt und hat eine Linse aus Polycarbonat, so dass Sie sich keine Sorgen machen m\u00fcssen, dass sie zerbricht, sobald Sie etwas treffen. Der Befestigungssockel ist aus rostfreiem Stahl gefertigt.<\/p>\n<p>Der Stromanschluss erfolgt \u00fcber den in der Laterne integrierten DT-Stecker.<br \/>\n<strong>Inhalt der Lieferung<\/strong><br \/>\n1St\u00fcck Arbeitsleuchte<br \/>\n1St\u00fcck Halterung<br \/>\n1 St. DT-Stecker<\/p>","protected":false},"excerpt":{"rendered":"<p>63 Watt Arbeitsleuchte von Luxtar!<\/p>\n<p>Dies ist eine gro\u00dfartige Arbeitsleuchte, die genauso gut funktioniert wie sie aussieht!<\/p>","protected":false},"featured_media":13282,"comment_status":"closed","ping_status":"closed","template":"","meta":{"_acf_changed":false,"_smort_price_nok":"1063","_smort_price_dkk":"675","_smort_price_eur":"90.45","_smort_sale_price_nok":"","_smort_sale_price_dkk":"","_smort_sale_price_eur":"","smort_restorder":"","shipmondo_restorder":"","_kad_blocks_custom_css":"","_kad_blocks_head_custom_js":"","_kad_blocks_body_custom_js":"","_kad_blocks_footer_custom_js":"","smort_custom_pricelist_1":"636.8","smort_custom_pricelist_2":"557.2","smort_custom_pricelist_3":"517.4","smort_custom_pricelist_4":"796","smort_custom_pricelist_5":"557.2"},"anvandningsomrade":[],"bilmarken":[],"product_brand":[103],"product_cat":[2826,2822,508],"product_tag":[],"class_list":{"0":"post-1595","1":"product","2":"type-product","3":"status-publish","4":"has-post-thumbnail","6":"product_brand-luxtar","7":"product_cat-luxtar","8":"product_cat-luxtar-arbetsljus","9":"product_cat-arbetsbelysning","10":"pa_faktisk-effekts-forbrukning-501","11":"pa_fargtemperatur-6000k","12":"pa_fuktskydd-varde-ipxx-ip68","13":"pa_godkannande-e-markt-ece-e9-r10-emc","14":"pa_lampsockel-kontakt-dt","15":"pa_ljusbild-flood","16":"pa_ljusspridning-grader-502","17":"pa_storlek-mm-97x120x70","18":"pa_stromforbrukning-14a24v","19":"pa_stromforbrukning-28a12v","20":"pa_volt-v-multivolt-9-12-16-18-24-28-30-32-36","22":"first","23":"instock","24":"taxable","25":"shipping-taxable","26":"purchasable","27":"product-type-simple"},"bundled_by":[],"bundle_stock_status":"instock","bundle_stock_quantity":141,"bundle_virtual":false,"bundle_layout":"","bundle_add_to_cart_form_location":"","bundle_editable_in_cart":false,"bundle_sold_individually_context":"","bundle_item_grouping":"","bundle_min_size":"","bundle_max_size":"","bundle_price":[],"bundled_items":[],"bundle_sell_ids":[],"acf":[],"yoast_head":"<!-- This site is optimized with the Yoast SEO plugin v27.0 - https:\/\/yoast.com\/product\/yoast-seo-wordpress\/ -->\n<title>Luxtar\u00ae WL63 Arbetsljus 5040lm | IP68 | R10 - Xenonkungen<\/title>\n<meta name=\"robots\" content=\"index, follow, max-snippet:-1, max-image-preview:large, max-video-preview:-1\" \/>\n<link rel=\"canonical\" href=\"https:\/\/xenonkungen.com\/de\/produkt\/luxtar-wl63-arbeitsleuchte-5040lm-ip68-r10\/\" \/>\n<meta property=\"og:locale\" content=\"de_DE\" \/>\n<meta property=\"og:type\" content=\"article\" \/>\n<meta property=\"og:title\" content=\"Luxtar\u00ae WL63 Arbetsljus 5040lm | IP68 | R10 - Xenonkungen\" \/>\n<meta property=\"og:description\" content=\"63 Watt arbetsljus fr\u00e5n Luxtar!  Detta \u00e4r ett rej\u00e4lt arbetsljus, som presterar lika bra som det ser ut!\" \/>\n<meta property=\"og:url\" content=\"https:\/\/xenonkungen.com\/de\/produkt\/luxtar-wl63-arbeitsleuchte-5040lm-ip68-r10\/\" \/>\n<meta property=\"og:site_name\" content=\"Xenonkungen\" \/>\n<meta property=\"article:modified_time\" content=\"2026-04-17T11:07:08+00:00\" \/>\n<meta property=\"og:image\" content=\"https:\/\/xenonkungen.com\/wp-content\/uploads\/2025\/04\/LUXTAR-WL63-LED-Worklight-ArtNr70013-DSCF8896-Front-PNNG-2000px-746x1024.png\" \/>\n\t<meta property=\"og:image:width\" content=\"746\" \/>\n\t<meta property=\"og:image:height\" content=\"1024\" \/>\n\t<meta property=\"og:image:type\" content=\"image\/png\" \/>\n<meta name=\"twitter:card\" content=\"summary_large_image\" \/>\n<meta name=\"twitter:label1\" content=\"Gesch\u00e4tzte Lesezeit\" \/>\n\t<meta name=\"twitter:data1\" content=\"1\u00a0Minute\" \/>\n<script type=\"application\/ld+json\" class=\"yoast-schema-graph\">{\"@context\":\"https:\/\/schema.org\",\"@graph\":[{\"@type\":\"WebPage\",\"@id\":\"https:\/\/xenonkungen.com\/produkt\/luxtar-wl63-arbetsljus-5040lm-ip68-r10\/\",\"url\":\"https:\/\/xenonkungen.com\/produkt\/luxtar-wl63-arbetsljus-5040lm-ip68-r10\/\",\"name\":\"Luxtar\u00ae WL63 Arbetsljus 5040lm | IP68 | R10 - Xenonkungen\",\"isPartOf\":{\"@id\":\"https:\/\/xenonkungen.com\/#website\"},\"primaryImageOfPage\":{\"@id\":\"https:\/\/xenonkungen.com\/produkt\/luxtar-wl63-arbetsljus-5040lm-ip68-r10\/#primaryimage\"},\"image\":{\"@id\":\"https:\/\/xenonkungen.com\/produkt\/luxtar-wl63-arbetsljus-5040lm-ip68-r10\/#primaryimage\"},\"thumbnailUrl\":\"https:\/\/xenonkungen.com\/wp-content\/uploads\/2025\/04\/LUXTAR-WL63-LED-Worklight-ArtNr70013-DSCF8896-Front-PNNG-2000px.png\",\"datePublished\":\"2025-04-15T08:24:46+00:00\",\"dateModified\":\"2026-04-17T11:07:08+00:00\",\"breadcrumb\":{\"@id\":\"https:\/\/xenonkungen.com\/produkt\/luxtar-wl63-arbetsljus-5040lm-ip68-r10\/#breadcrumb\"},\"inLanguage\":\"de\",\"potentialAction\":[{\"@type\":\"ReadAction\",\"target\":[\"https:\/\/xenonkungen.com\/produkt\/luxtar-wl63-arbetsljus-5040lm-ip68-r10\/\"]}]},{\"@type\":\"ImageObject\",\"inLanguage\":\"de\",\"@id\":\"https:\/\/xenonkungen.com\/produkt\/luxtar-wl63-arbetsljus-5040lm-ip68-r10\/#primaryimage\",\"url\":\"https:\/\/xenonkungen.com\/wp-content\/uploads\/2025\/04\/LUXTAR-WL63-LED-Worklight-ArtNr70013-DSCF8896-Front-PNNG-2000px.png\",\"contentUrl\":\"https:\/\/xenonkungen.com\/wp-content\/uploads\/2025\/04\/LUXTAR-WL63-LED-Worklight-ArtNr70013-DSCF8896-Front-PNNG-2000px.png\",\"width\":1093,\"height\":1500},{\"@type\":\"BreadcrumbList\",\"@id\":\"https:\/\/xenonkungen.com\/produkt\/luxtar-wl63-arbetsljus-5040lm-ip68-r10\/#breadcrumb\",\"itemListElement\":[{\"@type\":\"ListItem\",\"position\":1,\"name\":\"Hem\",\"item\":\"https:\/\/xenonkungen.com\/\"},{\"@type\":\"ListItem\",\"position\":2,\"name\":\"Shop\",\"item\":\"https:\/\/xenonkungen.com\/shop\/\"},{\"@type\":\"ListItem\",\"position\":3,\"name\":\"Luxtar\u00ae WL63 Arbetsljus 5040lm | IP68 | R10\"}]},{\"@type\":\"WebSite\",\"@id\":\"https:\/\/xenonkungen.com\/#website\",\"url\":\"https:\/\/xenonkungen.com\/\",\"name\":\"Xenonkungen\",\"description\":\"\",\"potentialAction\":[{\"@type\":\"SearchAction\",\"target\":{\"@type\":\"EntryPoint\",\"urlTemplate\":\"https:\/\/xenonkungen.com\/?s={search_term_string}\"},\"query-input\":{\"@type\":\"PropertyValueSpecification\",\"valueRequired\":true,\"valueName\":\"search_term_string\"}}],\"inLanguage\":\"de\"}]}<\/script>\n<!-- \/ Yoast SEO plugin. -->","yoast_head_json":{"title":"Luxtar\u00ae WL63 Arbeitsleuchte 5040 lm | IP68 | R10 - Xenonkungen","robots":{"index":"index","follow":"follow","max-snippet":"max-snippet:-1","max-image-preview":"max-image-preview:large","max-video-preview":"max-video-preview:-1"},"canonical":"https:\/\/xenonkungen.com\/de\/produkt\/luxtar-wl63-arbeitsleuchte-5040lm-ip68-r10\/","og_locale":"de_DE","og_type":"article","og_title":"Luxtar\u00ae WL63 Arbetsljus 5040lm | IP68 | R10 - Xenonkungen","og_description":"63 Watt arbetsljus fr\u00e5n Luxtar!  Detta \u00e4r ett rej\u00e4lt arbetsljus, som presterar lika bra som det ser ut!","og_url":"https:\/\/xenonkungen.com\/de\/produkt\/luxtar-wl63-arbeitsleuchte-5040lm-ip68-r10\/","og_site_name":"Xenonkungen","article_modified_time":"2026-04-17T11:07:08+00:00","og_image":[{"width":746,"height":1024,"url":"https:\/\/xenonkungen.com\/wp-content\/uploads\/2025\/04\/LUXTAR-WL63-LED-Worklight-ArtNr70013-DSCF8896-Front-PNNG-2000px-746x1024.png","type":"image\/png"}],"twitter_card":"summary_large_image","twitter_misc":{"Gesch\u00e4tzte Lesezeit":"1\u00a0Minute"},"schema":{"@context":"https:\/\/schema.org","@graph":[{"@type":"WebPage","@id":"https:\/\/xenonkungen.com\/produkt\/luxtar-wl63-arbetsljus-5040lm-ip68-r10\/","url":"https:\/\/xenonkungen.com\/produkt\/luxtar-wl63-arbetsljus-5040lm-ip68-r10\/","name":"Luxtar\u00ae WL63 Arbeitsleuchte 5040 lm | IP68 | R10 - Xenonkungen","isPartOf":{"@id":"https:\/\/xenonkungen.com\/#website"},"primaryImageOfPage":{"@id":"https:\/\/xenonkungen.com\/produkt\/luxtar-wl63-arbetsljus-5040lm-ip68-r10\/#primaryimage"},"image":{"@id":"https:\/\/xenonkungen.com\/produkt\/luxtar-wl63-arbetsljus-5040lm-ip68-r10\/#primaryimage"},"thumbnailUrl":"https:\/\/xenonkungen.com\/wp-content\/uploads\/2025\/04\/LUXTAR-WL63-LED-Worklight-ArtNr70013-DSCF8896-Front-PNNG-2000px.png","datePublished":"2025-04-15T08:24:46+00:00","dateModified":"2026-04-17T11:07:08+00:00","breadcrumb":{"@id":"https:\/\/xenonkungen.com\/produkt\/luxtar-wl63-arbetsljus-5040lm-ip68-r10\/#breadcrumb"},"inLanguage":"de","potentialAction":[{"@type":"ReadAction","target":["https:\/\/xenonkungen.com\/produkt\/luxtar-wl63-arbetsljus-5040lm-ip68-r10\/"]}]},{"@type":"ImageObject","inLanguage":"de","@id":"https:\/\/xenonkungen.com\/produkt\/luxtar-wl63-arbetsljus-5040lm-ip68-r10\/#primaryimage","url":"https:\/\/xenonkungen.com\/wp-content\/uploads\/2025\/04\/LUXTAR-WL63-LED-Worklight-ArtNr70013-DSCF8896-Front-PNNG-2000px.png","contentUrl":"https:\/\/xenonkungen.com\/wp-content\/uploads\/2025\/04\/LUXTAR-WL63-LED-Worklight-ArtNr70013-DSCF8896-Front-PNNG-2000px.png","width":1093,"height":1500},{"@type":"BreadcrumbList","@id":"https:\/\/xenonkungen.com\/produkt\/luxtar-wl63-arbetsljus-5040lm-ip68-r10\/#breadcrumb","itemListElement":[{"@type":"ListItem","position":1,"name":"Hem","item":"https:\/\/xenonkungen.com\/"},{"@type":"ListItem","position":2,"name":"Shop","item":"https:\/\/xenonkungen.com\/shop\/"},{"@type":"ListItem","position":3,"name":"Luxtar\u00ae WL63 Arbetsljus 5040lm | IP68 | R10"}]},{"@type":"WebSite","@id":"https:\/\/xenonkungen.com\/#website","url":"https:\/\/xenonkungen.com\/","name":"Xenonkungen","description":"","potentialAction":[{"@type":"SearchAction","target":{"@type":"EntryPoint","urlTemplate":"https:\/\/xenonkungen.com\/?s={search_term_string}"},"query-input":{"@type":"PropertyValueSpecification","valueRequired":true,"valueName":"search_term_string"}}],"inLanguage":"de"}]}},"taxonomy_info":{"product_brand":[{"value":103,"label":"LUXTAR"}],"product_cat":[{"value":2826,"label":"LUXTAR"},{"value":2822,"label":"Luxtar - Arbetsljus"},{"value":508,"label":"Arbetsbelysning"}],"pa_faktisk-effekts-forbrukning":[{"value":501,"label":"63"}],"pa_fargtemperatur":[{"value":188,"label":"6000K"}],"pa_fuktskydd-varde-ipxx":[{"value":177,"label":"IP68"}],"pa_godkannande":[{"value":507,"label":"E-m\u00e4rkt, ECE, E9, R10, EMC"}],"pa_lampsockel-kontakt":[{"value":329,"label":"DT"}],"pa_ljusbild":[{"value":503,"label":"FLOOD"}],"pa_ljusspridning-grader":[{"value":502,"label":"90"}],"pa_storlek-mm":[{"value":500,"label":"97x120x70"}],"pa_stromforbrukning":[{"value":506,"label":"1,4A@24V"},{"value":505,"label":"2,8A@12V"}],"pa_volt-v":[{"value":504,"label":"Multivolt, 9, 12, 16, 18, 24, 28, 30, 32, 36"}]},"featured_image_src_large":["https:\/\/xenonkungen.com\/wp-content\/uploads\/2025\/04\/LUXTAR-WL63-LED-Worklight-ArtNr70013-DSCF8896-Front-PNNG-2000px-746x1024.png",746,1024,true],"author_info":[],"comment_info":0,"_links":{"self":[{"href":"https:\/\/xenonkungen.com\/de\/wp-json\/wp\/v2\/product\/1595","targetHints":{"allow":["GET"]}}],"collection":[{"href":"https:\/\/xenonkungen.com\/de\/wp-json\/wp\/v2\/product"}],"about":[{"href":"https:\/\/xenonkungen.com\/de\/wp-json\/wp\/v2\/types\/product"}],"replies":[{"embeddable":true,"href":"https:\/\/xenonkungen.com\/de\/wp-json\/wp\/v2\/comments?post=1595"}],"wp:featuredmedia":[{"embeddable":true,"href":"https:\/\/xenonkungen.com\/de\/wp-json\/wp\/v2\/media\/13282"}],"wp:attachment":[{"href":"https:\/\/xenonkungen.com\/de\/wp-json\/wp\/v2\/media?parent=1595"}],"wp:term":[{"taxonomy":"anvandningsomrade","embeddable":true,"href":"https:\/\/xenonkungen.com\/de\/wp-json\/wp\/v2\/anvandningsomrade?post=1595"},{"taxonomy":"bilmarken","embeddable":true,"href":"https:\/\/xenonkungen.com\/de\/wp-json\/wp\/v2\/bilmarken?post=1595"},{"taxonomy":"product_brand","embeddable":true,"href":"https:\/\/xenonkungen.com\/de\/wp-json\/wp\/v2\/product_brand?post=1595"},{"taxonomy":"product_cat","embeddable":true,"href":"https:\/\/xenonkungen.com\/de\/wp-json\/wp\/v2\/product_cat?post=1595"},{"taxonomy":"product_tag","embeddable":true,"href":"https:\/\/xenonkungen.com\/de\/wp-json\/wp\/v2\/product_tag?post=1595"}],"curies":[{"name":"wp","href":"https:\/\/api.w.org\/{rel}","templated":true}]}}