{"id":17956,"date":"2025-11-12T15:21:18","date_gmt":"2025-11-12T14:21:18","guid":{"rendered":"https:\/\/xenonkungen.com\/?post_type=product&#038;p=17956"},"modified":"2026-04-19T18:44:54","modified_gmt":"2026-04-19T17:44:54","slug":"osram-original-metallsockel-p21w-24v","status":"publish","type":"product","link":"https:\/\/xenonkungen.com\/de\/produkt\/osram-original-metallsockel-p21w-24v\/","title":{"rendered":"OSRAM ORIGINAL \u2013 METALLSOBER \u2013 P21W \u2013 24V"},"content":{"rendered":"<h2 data-start=\"126\" data-end=\"201\"><strong data-start=\"129\" data-end=\"201\">OSRAM ORIGINAL \u2013 Kosteng\u00fcnstige Original-Ersatzteile f\u00fcr Lkw<\/strong><\/h2>\n<h3 data-start=\"203\" data-end=\"258\"><strong data-start=\"207\" data-end=\"256\">Zuverl\u00e4ssiges Licht. Originalqualit\u00e4t. OSRAM.<\/strong><\/h3>\n<p data-start=\"259\" data-end=\"528\">Wenn Sie zuverl\u00e4ssige Beleuchtung f\u00fcr Ihren LKW ben\u00f6tigen, ist OSRAM ORIGINAL die naheliegende Wahl.<br data-start=\"349\" data-end=\"352\" \/>Diese 24-V-Signallampen mit Metallsockel sind kosteng\u00fcnstige Originalersatzteile, die die bekannte Qualit\u00e4t, Langlebigkeit und Leistungsf\u00e4higkeit von OSRAM zu einem attraktiven Preis vereinen.<\/p>\n<p data-start=\"530\" data-end=\"758\">Mit einer breiten Modellpalette ist OSRAM ORIGINAL die perfekte Wahl f\u00fcr alle Einsatzbereiche \u2013 von Positions- und Parkleuchten \u00fcber Blinker, Brems-, Nebel- und R\u00fcckfahrscheinwerfer bis hin zu Kennzeichen- und Seitenmarkierungsleuchten.<\/p>\n<h3 data-start=\"760\" data-end=\"776\"><strong data-start=\"764\" data-end=\"776\">Vorteile des Programms<\/strong><\/h3>\n<ul data-start=\"777\" data-end=\"1065\">\n<li data-start=\"777\" data-end=\"848\">\n<p data-start=\"779\" data-end=\"848\">Originalqualit\u00e4t von OSRAM \u2013 gepr\u00fcft und zugelassen nach OE-Standards<\/p>\n<\/li>\n<li data-start=\"849\" data-end=\"917\">\n<p data-start=\"851\" data-end=\"917\">Breites Anwendungsspektrum \u2013 geeignet f\u00fcr alle Arten von LKW-Beleuchtung<\/p>\n<\/li>\n<li data-start=\"918\" data-end=\"988\">\n<p data-start=\"920\" data-end=\"988\">Kosteng\u00fcnstige Wahl \u2013 erschwinglich ohne Qualit\u00e4tseinbu\u00dfen.<\/p>\n<\/li>\n<li data-start=\"989\" data-end=\"1065\">\n<p data-start=\"991\" data-end=\"1065\">Zuverl\u00e4ssige Leistung \u2013 entwickelt f\u00fcr anspruchsvolle Bedingungen im gewerblichen Verkehr<\/p>\n<\/li>\n<\/ul>\n<h3 data-start=\"1067\" data-end=\"1119\"><strong data-start=\"1071\" data-end=\"1119\">OSRAM ORIGINAL \u2013 Das Licht, das den Weg weist.<\/strong><\/h3>","protected":false},"excerpt":{"rendered":"<p>OSRAM ORIGINAL \u2013 Kostnadseffektiva originalreservdelar f\u00f6r lastbilar Tillf\u00f6rlitligt ljus. Originalkvalitet. OSRAM. N\u00e4r du beh\u00f6ver p\u00e5litlig belysning till din lastbil \u00e4r OSRAM ORIGINAL det sj\u00e4lvklara valet.Dessa 24 V signallampor med metallsockel \u00e4r kostnadseffektiva originalreservdelar som kombinerar OSRAM:s v\u00e4lk\u00e4nda kvalitet, h\u00e5llbarhet och prestanda till ett attraktivt pris. Med ett brett sortiment av modeller \u00e4r OSRAM ORIGINAL det [&hellip;]<\/p>","protected":false},"featured_media":17959,"comment_status":"open","ping_status":"closed","template":"","meta":{"_acf_changed":false,"_smort_price_nok":"11","_smort_price_dkk":"","_smort_price_eur":"","_smort_sale_price_nok":"","_smort_sale_price_dkk":"","_smort_sale_price_eur":"","smort_restorder":"","shipmondo_restorder":"","_kad_blocks_custom_css":"","_kad_blocks_head_custom_js":"","_kad_blocks_body_custom_js":"","_kad_blocks_footer_custom_js":"","smort_custom_pricelist_1":"6.4","smort_custom_pricelist_2":"5.6","smort_custom_pricelist_3":"5.2","smort_custom_pricelist_4":"8","smort_custom_pricelist_5":"5.6"},"anvandningsomrade":[166],"bilmarken":[],"product_brand":[108],"product_cat":[2515,3012,338],"product_tag":[],"class_list":{"0":"post-17956","1":"product","2":"type-product","3":"status-publish","4":"has-post-thumbnail","6":"anvandningsomrade-lastbil","7":"product_brand-osram","8":"product_cat-ba15s","9":"product_cat-backlampor","10":"product_cat-diodlampor","12":"first","13":"onbackorder","14":"taxable","15":"shipping-taxable","16":"purchasable","17":"product-type-simple"},"bundled_by":[],"bundle_stock_status":"onbackorder","bundle_stock_quantity":-27,"bundle_virtual":false,"bundle_layout":"","bundle_add_to_cart_form_location":"","bundle_editable_in_cart":false,"bundle_sold_individually_context":"","bundle_item_grouping":"","bundle_min_size":"","bundle_max_size":"","bundle_price":[],"bundled_items":[],"bundle_sell_ids":[],"acf":[],"yoast_head":"<!-- This site is optimized with the Yoast SEO plugin v27.0 - https:\/\/yoast.com\/product\/yoast-seo-wordpress\/ -->\n<title>OSRAM ORIGINAL - METAL BASE - P21W - 24V - Xenonkungen<\/title>\n<meta name=\"robots\" content=\"index, follow, max-snippet:-1, max-image-preview:large, max-video-preview:-1\" \/>\n<link rel=\"canonical\" href=\"https:\/\/xenonkungen.com\/de\/produkt\/osram-original-metallsockel-p21w-24v\/\" \/>\n<meta property=\"og:locale\" content=\"de_DE\" \/>\n<meta property=\"og:type\" content=\"article\" \/>\n<meta property=\"og:title\" content=\"OSRAM ORIGINAL - METAL BASE - P21W - 24V - Xenonkungen\" \/>\n<meta property=\"og:description\" content=\"OSRAM ORIGINAL \u2013 Kostnadseffektiva originalreservdelar f\u00f6r lastbilar Tillf\u00f6rlitligt ljus. Originalkvalitet. OSRAM. N\u00e4r du beh\u00f6ver p\u00e5litlig belysning till din lastbil \u00e4r OSRAM ORIGINAL det sj\u00e4lvklara valet.Dessa 24 V signallampor med metallsockel \u00e4r kostnadseffektiva originalreservdelar som kombinerar OSRAM:s v\u00e4lk\u00e4nda kvalitet, h\u00e5llbarhet och prestanda till ett attraktivt pris. Med ett brett sortiment av modeller \u00e4r OSRAM ORIGINAL det [&hellip;]\" \/>\n<meta property=\"og:url\" content=\"https:\/\/xenonkungen.com\/de\/produkt\/osram-original-metallsockel-p21w-24v\/\" \/>\n<meta property=\"og:site_name\" content=\"Xenonkungen\" \/>\n<meta property=\"article:modified_time\" content=\"2026-04-19T17:44:54+00:00\" \/>\n<meta property=\"og:image\" content=\"https:\/\/xenonkungen.com\/wp-content\/uploads\/2025\/11\/Small-for-web-and-ppt-617111_OSRAM-STANDARD-LINE-24-V.jpg\" \/>\n\t<meta property=\"og:image:width\" content=\"1024\" \/>\n\t<meta property=\"og:image:height\" content=\"1243\" \/>\n\t<meta property=\"og:image:type\" content=\"image\/jpeg\" \/>\n<meta name=\"twitter:card\" content=\"summary_large_image\" \/>\n<meta name=\"twitter:label1\" content=\"Gesch\u00e4tzte Lesezeit\" \/>\n\t<meta name=\"twitter:data1\" content=\"1\u00a0Minute\" \/>\n<script type=\"application\/ld+json\" class=\"yoast-schema-graph\">{\"@context\":\"https:\/\/schema.org\",\"@graph\":[{\"@type\":\"WebPage\",\"@id\":\"https:\/\/xenonkungen.com\/produkt\/osram-original-metal-base-p21w-24v\/\",\"url\":\"https:\/\/xenonkungen.com\/produkt\/osram-original-metal-base-p21w-24v\/\",\"name\":\"OSRAM ORIGINAL - METAL BASE - P21W - 24V - Xenonkungen\",\"isPartOf\":{\"@id\":\"https:\/\/xenonkungen.com\/#website\"},\"primaryImageOfPage\":{\"@id\":\"https:\/\/xenonkungen.com\/produkt\/osram-original-metal-base-p21w-24v\/#primaryimage\"},\"image\":{\"@id\":\"https:\/\/xenonkungen.com\/produkt\/osram-original-metal-base-p21w-24v\/#primaryimage\"},\"thumbnailUrl\":\"https:\/\/xenonkungen.com\/wp-content\/uploads\/2025\/11\/Small-for-web-and-ppt-617111_OSRAM-STANDARD-LINE-24-V.jpg\",\"datePublished\":\"2025-11-12T14:21:18+00:00\",\"dateModified\":\"2026-04-19T17:44:54+00:00\",\"breadcrumb\":{\"@id\":\"https:\/\/xenonkungen.com\/produkt\/osram-original-metal-base-p21w-24v\/#breadcrumb\"},\"inLanguage\":\"de\",\"potentialAction\":[{\"@type\":\"ReadAction\",\"target\":[\"https:\/\/xenonkungen.com\/produkt\/osram-original-metal-base-p21w-24v\/\"]}]},{\"@type\":\"ImageObject\",\"inLanguage\":\"de\",\"@id\":\"https:\/\/xenonkungen.com\/produkt\/osram-original-metal-base-p21w-24v\/#primaryimage\",\"url\":\"https:\/\/xenonkungen.com\/wp-content\/uploads\/2025\/11\/Small-for-web-and-ppt-617111_OSRAM-STANDARD-LINE-24-V.jpg\",\"contentUrl\":\"https:\/\/xenonkungen.com\/wp-content\/uploads\/2025\/11\/Small-for-web-and-ppt-617111_OSRAM-STANDARD-LINE-24-V.jpg\",\"width\":1024,\"height\":1243},{\"@type\":\"BreadcrumbList\",\"@id\":\"https:\/\/xenonkungen.com\/produkt\/osram-original-metal-base-p21w-24v\/#breadcrumb\",\"itemListElement\":[{\"@type\":\"ListItem\",\"position\":1,\"name\":\"Hem\",\"item\":\"https:\/\/xenonkungen.com\/\"},{\"@type\":\"ListItem\",\"position\":2,\"name\":\"Shop\",\"item\":\"https:\/\/xenonkungen.com\/shop\/\"},{\"@type\":\"ListItem\",\"position\":3,\"name\":\"OSRAM ORIGINAL &#8211; METAL BASE &#8211; P21W &#8211; 24V\"}]},{\"@type\":\"WebSite\",\"@id\":\"https:\/\/xenonkungen.com\/#website\",\"url\":\"https:\/\/xenonkungen.com\/\",\"name\":\"Xenonkungen\",\"description\":\"\",\"potentialAction\":[{\"@type\":\"SearchAction\",\"target\":{\"@type\":\"EntryPoint\",\"urlTemplate\":\"https:\/\/xenonkungen.com\/?s={search_term_string}\"},\"query-input\":{\"@type\":\"PropertyValueSpecification\",\"valueRequired\":true,\"valueName\":\"search_term_string\"}}],\"inLanguage\":\"de\"}]}<\/script>\n<!-- \/ Yoast SEO plugin. -->","yoast_head_json":{"title":"OSRAM ORIGINAL \u2013 METALLGESTELL \u2013 P21W \u2013 24V \u2013 Der Xenon-K\u00f6nig","robots":{"index":"index","follow":"follow","max-snippet":"max-snippet:-1","max-image-preview":"max-image-preview:large","max-video-preview":"max-video-preview:-1"},"canonical":"https:\/\/xenonkungen.com\/de\/produkt\/osram-original-metallsockel-p21w-24v\/","og_locale":"de_DE","og_type":"article","og_title":"OSRAM ORIGINAL - METAL BASE - P21W - 24V - Xenonkungen","og_description":"OSRAM ORIGINAL \u2013 Kostnadseffektiva originalreservdelar f\u00f6r lastbilar Tillf\u00f6rlitligt ljus. Originalkvalitet. OSRAM. N\u00e4r du beh\u00f6ver p\u00e5litlig belysning till din lastbil \u00e4r OSRAM ORIGINAL det sj\u00e4lvklara valet.Dessa 24 V signallampor med metallsockel \u00e4r kostnadseffektiva originalreservdelar som kombinerar OSRAM:s v\u00e4lk\u00e4nda kvalitet, h\u00e5llbarhet och prestanda till ett attraktivt pris. Med ett brett sortiment av modeller \u00e4r OSRAM ORIGINAL det [&hellip;]","og_url":"https:\/\/xenonkungen.com\/de\/produkt\/osram-original-metallsockel-p21w-24v\/","og_site_name":"Xenonkungen","article_modified_time":"2026-04-19T17:44:54+00:00","og_image":[{"width":1024,"height":1243,"url":"https:\/\/xenonkungen.com\/wp-content\/uploads\/2025\/11\/Small-for-web-and-ppt-617111_OSRAM-STANDARD-LINE-24-V.jpg","type":"image\/jpeg"}],"twitter_card":"summary_large_image","twitter_misc":{"Gesch\u00e4tzte Lesezeit":"1\u00a0Minute"},"schema":{"@context":"https:\/\/schema.org","@graph":[{"@type":"WebPage","@id":"https:\/\/xenonkungen.com\/produkt\/osram-original-metal-base-p21w-24v\/","url":"https:\/\/xenonkungen.com\/produkt\/osram-original-metal-base-p21w-24v\/","name":"OSRAM ORIGINAL \u2013 METALLGESTELL \u2013 P21W \u2013 24V \u2013 Der Xenon-K\u00f6nig","isPartOf":{"@id":"https:\/\/xenonkungen.com\/#website"},"primaryImageOfPage":{"@id":"https:\/\/xenonkungen.com\/produkt\/osram-original-metal-base-p21w-24v\/#primaryimage"},"image":{"@id":"https:\/\/xenonkungen.com\/produkt\/osram-original-metal-base-p21w-24v\/#primaryimage"},"thumbnailUrl":"https:\/\/xenonkungen.com\/wp-content\/uploads\/2025\/11\/Small-for-web-and-ppt-617111_OSRAM-STANDARD-LINE-24-V.jpg","datePublished":"2025-11-12T14:21:18+00:00","dateModified":"2026-04-19T17:44:54+00:00","breadcrumb":{"@id":"https:\/\/xenonkungen.com\/produkt\/osram-original-metal-base-p21w-24v\/#breadcrumb"},"inLanguage":"de","potentialAction":[{"@type":"ReadAction","target":["https:\/\/xenonkungen.com\/produkt\/osram-original-metal-base-p21w-24v\/"]}]},{"@type":"ImageObject","inLanguage":"de","@id":"https:\/\/xenonkungen.com\/produkt\/osram-original-metal-base-p21w-24v\/#primaryimage","url":"https:\/\/xenonkungen.com\/wp-content\/uploads\/2025\/11\/Small-for-web-and-ppt-617111_OSRAM-STANDARD-LINE-24-V.jpg","contentUrl":"https:\/\/xenonkungen.com\/wp-content\/uploads\/2025\/11\/Small-for-web-and-ppt-617111_OSRAM-STANDARD-LINE-24-V.jpg","width":1024,"height":1243},{"@type":"BreadcrumbList","@id":"https:\/\/xenonkungen.com\/produkt\/osram-original-metal-base-p21w-24v\/#breadcrumb","itemListElement":[{"@type":"ListItem","position":1,"name":"Hem","item":"https:\/\/xenonkungen.com\/"},{"@type":"ListItem","position":2,"name":"Shop","item":"https:\/\/xenonkungen.com\/shop\/"},{"@type":"ListItem","position":3,"name":"OSRAM ORIGINAL &#8211; METAL BASE &#8211; P21W &#8211; 24V"}]},{"@type":"WebSite","@id":"https:\/\/xenonkungen.com\/#website","url":"https:\/\/xenonkungen.com\/","name":"Xenonkungen","description":"","potentialAction":[{"@type":"SearchAction","target":{"@type":"EntryPoint","urlTemplate":"https:\/\/xenonkungen.com\/?s={search_term_string}"},"query-input":{"@type":"PropertyValueSpecification","valueRequired":true,"valueName":"search_term_string"}}],"inLanguage":"de"}]}},"taxonomy_info":{"anvandningsomrade":[{"value":166,"label":"Lastbil"}],"product_brand":[{"value":108,"label":"OSRAM"}],"product_cat":[{"value":2515,"label":"BA15S"},{"value":3012,"label":"Backlampor"},{"value":338,"label":"Diodlampor"}]},"featured_image_src_large":["https:\/\/xenonkungen.com\/wp-content\/uploads\/2025\/11\/Small-for-web-and-ppt-617111_OSRAM-STANDARD-LINE-24-V-844x1024.jpg",844,1024,true],"author_info":[],"comment_info":0,"_links":{"self":[{"href":"https:\/\/xenonkungen.com\/de\/wp-json\/wp\/v2\/product\/17956","targetHints":{"allow":["GET"]}}],"collection":[{"href":"https:\/\/xenonkungen.com\/de\/wp-json\/wp\/v2\/product"}],"about":[{"href":"https:\/\/xenonkungen.com\/de\/wp-json\/wp\/v2\/types\/product"}],"replies":[{"embeddable":true,"href":"https:\/\/xenonkungen.com\/de\/wp-json\/wp\/v2\/comments?post=17956"}],"wp:featuredmedia":[{"embeddable":true,"href":"https:\/\/xenonkungen.com\/de\/wp-json\/wp\/v2\/media\/17959"}],"wp:attachment":[{"href":"https:\/\/xenonkungen.com\/de\/wp-json\/wp\/v2\/media?parent=17956"}],"wp:term":[{"taxonomy":"anvandningsomrade","embeddable":true,"href":"https:\/\/xenonkungen.com\/de\/wp-json\/wp\/v2\/anvandningsomrade?post=17956"},{"taxonomy":"bilmarken","embeddable":true,"href":"https:\/\/xenonkungen.com\/de\/wp-json\/wp\/v2\/bilmarken?post=17956"},{"taxonomy":"product_brand","embeddable":true,"href":"https:\/\/xenonkungen.com\/de\/wp-json\/wp\/v2\/product_brand?post=17956"},{"taxonomy":"product_cat","embeddable":true,"href":"https:\/\/xenonkungen.com\/de\/wp-json\/wp\/v2\/product_cat?post=17956"},{"taxonomy":"product_tag","embeddable":true,"href":"https:\/\/xenonkungen.com\/de\/wp-json\/wp\/v2\/product_tag?post=17956"}],"curies":[{"name":"wp","href":"https:\/\/api.w.org\/{rel}","templated":true}]}}