{"id":17961,"date":"2025-11-12T16:04:36","date_gmt":"2025-11-12T15:04:36","guid":{"rendered":"https:\/\/xenonkungen.com\/?post_type=product&#038;p=17961"},"modified":"2026-03-04T16:36:33","modified_gmt":"2026-03-04T15:36:33","slug":"osram-cool-blue-intense-next-gen-h7-1er-pack","status":"publish","type":"product","link":"https:\/\/xenonkungen.com\/de\/produkt\/osram-cool-blue-intense-next-gen-h7-1er-pack\/","title":{"rendered":"OSRAM COOL BLUE INTENSE (N\u00c4CHSTE GEN) \u2013 H7 \u2013 1er-Packung"},"content":{"rendered":"<h2 data-start=\"181\" data-end=\"250\"><strong data-start=\"184\" data-end=\"250\">OSRAM COOL BLUE INTENSE H7 \u2013 Extra wei\u00dfes Licht mit bis zu 5.000 K<\/strong><\/h2>\n<h3 data-start=\"252\" data-end=\"298\"><strong data-start=\"256\" data-end=\"296\">Beeindruckendes Licht \u2013 ein Stil, der heraussticht.<\/strong><\/h3>\n<p data-start=\"299\" data-end=\"612\">Erleben Sie das moderne Flair von <strong data-start=\"329\" data-end=\"350\">K\u00dcHLES BLAU INTENSIV<\/strong> \u2013 Hochleistungs-Halogenlampen in LED-Klasse.<br data-start=\"394\" data-end=\"397\" \/>Mit einem kraftvollen, kristallwei\u00dfen Licht von bis zu <strong data-start=\"447\" data-end=\"458\">5.000K<\/strong> Sie erhalten ein Lichtbild \u00e4hnlich dem von LEDs \u2013 stilvoll, scharf und voller Energie. Perfekt f\u00fcr alle, die kombinieren m\u00f6chten <strong data-start=\"565\" data-end=\"600\">Design, Leistung und Sichtbarkeit<\/strong> unterwegs.<\/p>\n<p data-start=\"614\" data-end=\"859\">Das Licht ist <strong data-start=\"624\" data-end=\"658\">hoher Kontrast und tageslichtnah<\/strong>, was das Fahren bei Nacht sowohl komfortabler als auch sicherer macht.<br data-start=\"712\" data-end=\"715\" \/>Im Vergleich zu den ECE-Mindestanforderungen liefert OSRAM COOL BLUE INTENSE bis zu <strong data-start=\"787\" data-end=\"810\">100 % helleres Licht<\/strong> \u2013 damit Sie mehr, schneller und weiter voraussehen k\u00f6nnen.<\/p>\n<p data-start=\"861\" data-end=\"1057\">Das moderne Design mit <strong data-start=\"886\" data-end=\"900\">Silberspitze<\/strong>\u00a0sorgt au\u00dferdem daf\u00fcr, dass sich die Lampe perfekt in die Umgebung einf\u00fcgt <strong data-start=\"988\" data-end=\"1017\">Scheinwerfer mit Klarglas<\/strong> \u2013 f\u00fcr einen eleganten, hochwertigen Look.<\/p>\n<h3 data-start=\"1059\" data-end=\"1075\"><strong data-start=\"1063\" data-end=\"1075\">Vorteile des Programms<\/strong><\/h3>\n<ul data-start=\"1076\" data-end=\"1318\">\n<li data-start=\"1076\" data-end=\"1129\">\n<p data-start=\"1078\" data-end=\"1129\">Extra wei\u00dfes Licht bis zu 5.000 K \u2013 fast wie LED<\/p>\n<\/li>\n<li data-start=\"1130\" data-end=\"1180\">\n<p data-start=\"1132\" data-end=\"1180\">Bis zu 100 % helleres Licht als Standardgl\u00fchbirnen<\/p>\n<\/li>\n<li data-start=\"1181\" data-end=\"1226\">\n<p data-start=\"1183\" data-end=\"1226\">Moderner, stilvoller Look mit silberner Oberseite<\/p>\n<\/li>\n<li data-start=\"1227\" data-end=\"1280\">\n<p data-start=\"1229\" data-end=\"1280\">Angenehmes, tageslicht\u00e4hnliches Licht f\u00fcr mehr Komfort<\/p>\n<\/li>\n<li data-start=\"1281\" data-end=\"1318\">\n<p data-start=\"1283\" data-end=\"1318\">Perfekt f\u00fcr designbewusste Autofahrer<\/p>\n<\/li>\n<\/ul>\n<h3 data-start=\"1320\" data-end=\"1381\"><strong data-start=\"1324\" data-end=\"1381\">OSRAM COOL BLUE INTENSE \u2013 Mehr Licht. Mehr Stil. Mehr du.<\/strong><\/h3>","protected":false},"excerpt":{"rendered":"<p>OSRAM COOL BLUE INTENSE H7 \u2013 Extra vitt ljus med upp till 5 000 K Ljus som imponerar \u2013 stil som m\u00e4rks. Upplev den moderna k\u00e4nslan av COOL BLUE INTENSE \u2013 h\u00f6gpresterande halogenlampor i LED-klass.Med ett kraftfullt, kristallvitt ljus p\u00e5 upp till 5 000 K f\u00e5r du en ljusbild som liknar LED \u2013 stilren, skarp [&hellip;]<\/p>","protected":false},"featured_media":17963,"comment_status":"open","ping_status":"closed","template":"","meta":{"_acf_changed":false,"_smort_price_nok":"117","_smort_price_dkk":"","_smort_price_eur":"","_smort_sale_price_nok":"","_smort_sale_price_dkk":"","_smort_sale_price_eur":"","smort_restorder":"","shipmondo_restorder":"","_kad_blocks_custom_css":"","_kad_blocks_head_custom_js":"","_kad_blocks_body_custom_js":"","_kad_blocks_footer_custom_js":"","smort_custom_pricelist_1":"70.4","smort_custom_pricelist_2":"61.6","smort_custom_pricelist_3":"57.2","smort_custom_pricelist_4":"88","smort_custom_pricelist_5":"61.6"},"anvandningsomrade":[],"bilmarken":[],"product_brand":[108],"product_cat":[2543,844,733],"product_tag":[],"class_list":{"0":"post-17961","1":"product","2":"type-product","3":"status-publish","4":"has-post-thumbnail","6":"product_brand-osram","7":"product_cat-halogen-halvljus-helljus","8":"product_cat-halogen","9":"product_cat-halvljus-helljus","10":"pa_faktisk-effekts-forbrukning-841","11":"pa_fargtemperatur-5000k","12":"pa_lampsockel-kontakt-h7","13":"pa_lampsockel-kontakt-px26d","14":"pa_volt-v-159","16":"first","17":"instock","18":"taxable","19":"shipping-taxable","20":"purchasable","21":"product-type-simple"},"bundled_by":[],"bundle_stock_status":"instock","bundle_stock_quantity":2,"bundle_virtual":false,"bundle_layout":"","bundle_add_to_cart_form_location":"","bundle_editable_in_cart":false,"bundle_sold_individually_context":"","bundle_item_grouping":"","bundle_min_size":"","bundle_max_size":"","bundle_price":[],"bundled_items":[],"bundle_sell_ids":[],"acf":[],"yoast_head":"<!-- This site is optimized with the Yoast SEO plugin v27.0 - https:\/\/yoast.com\/product\/yoast-seo-wordpress\/ -->\n<title>OSRAM COOL BLUE INTENSE (NEXT GEN) - H7 - 1-PACK - Xenonkungen<\/title>\n<meta name=\"robots\" content=\"index, follow, max-snippet:-1, max-image-preview:large, max-video-preview:-1\" \/>\n<link rel=\"canonical\" href=\"https:\/\/xenonkungen.com\/de\/produkt\/osram-cool-blue-intense-next-gen-h7-1er-pack\/\" \/>\n<meta property=\"og:locale\" content=\"de_DE\" \/>\n<meta property=\"og:type\" content=\"article\" \/>\n<meta property=\"og:title\" content=\"OSRAM COOL BLUE INTENSE (NEXT GEN) - H7 - 1-PACK - Xenonkungen\" \/>\n<meta property=\"og:description\" content=\"OSRAM COOL BLUE INTENSE H7 \u2013 Extra vitt ljus med upp till 5 000 K Ljus som imponerar \u2013 stil som m\u00e4rks. Upplev den moderna k\u00e4nslan av COOL BLUE INTENSE \u2013 h\u00f6gpresterande halogenlampor i LED-klass.Med ett kraftfullt, kristallvitt ljus p\u00e5 upp till 5 000 K f\u00e5r du en ljusbild som liknar LED \u2013 stilren, skarp [&hellip;]\" \/>\n<meta property=\"og:url\" content=\"https:\/\/xenonkungen.com\/de\/produkt\/osram-cool-blue-intense-next-gen-h7-1er-pack\/\" \/>\n<meta property=\"og:site_name\" content=\"Xenonkungen\" \/>\n<meta property=\"article:modified_time\" content=\"2026-03-04T15:36:33+00:00\" \/>\n<meta property=\"og:image\" content=\"https:\/\/xenonkungen.com\/wp-content\/uploads\/2025\/11\/Small-for-web-and-ppt-PI_ARF-2020-00911_COOL_BLUE_INTENSE_Next_Generation_H7_64210CBN.jpg\" \/>\n\t<meta property=\"og:image:width\" content=\"1024\" \/>\n\t<meta property=\"og:image:height\" content=\"1024\" \/>\n\t<meta property=\"og:image:type\" content=\"image\/jpeg\" \/>\n<meta name=\"twitter:card\" content=\"summary_large_image\" \/>\n<meta name=\"twitter:label1\" content=\"Gesch\u00e4tzte Lesezeit\" \/>\n\t<meta name=\"twitter:data1\" content=\"2\u00a0Minuten\" \/>\n<script type=\"application\/ld+json\" class=\"yoast-schema-graph\">{\"@context\":\"https:\/\/schema.org\",\"@graph\":[{\"@type\":\"WebPage\",\"@id\":\"https:\/\/xenonkungen.com\/produkt\/osram-cool-blue-intense-next-gen-h7-1-pack\/\",\"url\":\"https:\/\/xenonkungen.com\/produkt\/osram-cool-blue-intense-next-gen-h7-1-pack\/\",\"name\":\"OSRAM COOL BLUE INTENSE (NEXT GEN) - H7 - 1-PACK - Xenonkungen\",\"isPartOf\":{\"@id\":\"https:\/\/xenonkungen.com\/#website\"},\"primaryImageOfPage\":{\"@id\":\"https:\/\/xenonkungen.com\/produkt\/osram-cool-blue-intense-next-gen-h7-1-pack\/#primaryimage\"},\"image\":{\"@id\":\"https:\/\/xenonkungen.com\/produkt\/osram-cool-blue-intense-next-gen-h7-1-pack\/#primaryimage\"},\"thumbnailUrl\":\"https:\/\/xenonkungen.com\/wp-content\/uploads\/2025\/11\/Small-for-web-and-ppt-PI_ARF-2020-00911_COOL_BLUE_INTENSE_Next_Generation_H7_64210CBN.jpg\",\"datePublished\":\"2025-11-12T15:04:36+00:00\",\"dateModified\":\"2026-03-04T15:36:33+00:00\",\"breadcrumb\":{\"@id\":\"https:\/\/xenonkungen.com\/produkt\/osram-cool-blue-intense-next-gen-h7-1-pack\/#breadcrumb\"},\"inLanguage\":\"de\",\"potentialAction\":[{\"@type\":\"ReadAction\",\"target\":[\"https:\/\/xenonkungen.com\/produkt\/osram-cool-blue-intense-next-gen-h7-1-pack\/\"]}]},{\"@type\":\"ImageObject\",\"inLanguage\":\"de\",\"@id\":\"https:\/\/xenonkungen.com\/produkt\/osram-cool-blue-intense-next-gen-h7-1-pack\/#primaryimage\",\"url\":\"https:\/\/xenonkungen.com\/wp-content\/uploads\/2025\/11\/Small-for-web-and-ppt-PI_ARF-2020-00911_COOL_BLUE_INTENSE_Next_Generation_H7_64210CBN.jpg\",\"contentUrl\":\"https:\/\/xenonkungen.com\/wp-content\/uploads\/2025\/11\/Small-for-web-and-ppt-PI_ARF-2020-00911_COOL_BLUE_INTENSE_Next_Generation_H7_64210CBN.jpg\",\"width\":1024,\"height\":1024},{\"@type\":\"BreadcrumbList\",\"@id\":\"https:\/\/xenonkungen.com\/produkt\/osram-cool-blue-intense-next-gen-h7-1-pack\/#breadcrumb\",\"itemListElement\":[{\"@type\":\"ListItem\",\"position\":1,\"name\":\"Hem\",\"item\":\"https:\/\/xenonkungen.com\/\"},{\"@type\":\"ListItem\",\"position\":2,\"name\":\"Shop\",\"item\":\"https:\/\/xenonkungen.com\/shop\/\"},{\"@type\":\"ListItem\",\"position\":3,\"name\":\"OSRAM COOL BLUE INTENSE (NEXT GEN) &#8211; H7 &#8211; 1-PACK\"}]},{\"@type\":\"WebSite\",\"@id\":\"https:\/\/xenonkungen.com\/#website\",\"url\":\"https:\/\/xenonkungen.com\/\",\"name\":\"Xenonkungen\",\"description\":\"\",\"potentialAction\":[{\"@type\":\"SearchAction\",\"target\":{\"@type\":\"EntryPoint\",\"urlTemplate\":\"https:\/\/xenonkungen.com\/?s={search_term_string}\"},\"query-input\":{\"@type\":\"PropertyValueSpecification\",\"valueRequired\":true,\"valueName\":\"search_term_string\"}}],\"inLanguage\":\"de\"}]}<\/script>\n<!-- \/ Yoast SEO plugin. -->","yoast_head_json":{"title":"OSRAM COOL BLUE INTENSE (N\u00c4CHSTE GEN) - H7 - 1er-Pack - Der K\u00f6nig des Xenons","robots":{"index":"index","follow":"follow","max-snippet":"max-snippet:-1","max-image-preview":"max-image-preview:large","max-video-preview":"max-video-preview:-1"},"canonical":"https:\/\/xenonkungen.com\/de\/produkt\/osram-cool-blue-intense-next-gen-h7-1er-pack\/","og_locale":"de_DE","og_type":"article","og_title":"OSRAM COOL BLUE INTENSE (NEXT GEN) - H7 - 1-PACK - Xenonkungen","og_description":"OSRAM COOL BLUE INTENSE H7 \u2013 Extra vitt ljus med upp till 5 000 K Ljus som imponerar \u2013 stil som m\u00e4rks. Upplev den moderna k\u00e4nslan av COOL BLUE INTENSE \u2013 h\u00f6gpresterande halogenlampor i LED-klass.Med ett kraftfullt, kristallvitt ljus p\u00e5 upp till 5 000 K f\u00e5r du en ljusbild som liknar LED \u2013 stilren, skarp [&hellip;]","og_url":"https:\/\/xenonkungen.com\/de\/produkt\/osram-cool-blue-intense-next-gen-h7-1er-pack\/","og_site_name":"Xenonkungen","article_modified_time":"2026-03-04T15:36:33+00:00","og_image":[{"width":1024,"height":1024,"url":"https:\/\/xenonkungen.com\/wp-content\/uploads\/2025\/11\/Small-for-web-and-ppt-PI_ARF-2020-00911_COOL_BLUE_INTENSE_Next_Generation_H7_64210CBN.jpg","type":"image\/jpeg"}],"twitter_card":"summary_large_image","twitter_misc":{"Gesch\u00e4tzte Lesezeit":"2\u00a0Minuten"},"schema":{"@context":"https:\/\/schema.org","@graph":[{"@type":"WebPage","@id":"https:\/\/xenonkungen.com\/produkt\/osram-cool-blue-intense-next-gen-h7-1-pack\/","url":"https:\/\/xenonkungen.com\/produkt\/osram-cool-blue-intense-next-gen-h7-1-pack\/","name":"OSRAM COOL BLUE INTENSE (N\u00c4CHSTE GEN) - H7 - 1er-Pack - Der K\u00f6nig des Xenons","isPartOf":{"@id":"https:\/\/xenonkungen.com\/#website"},"primaryImageOfPage":{"@id":"https:\/\/xenonkungen.com\/produkt\/osram-cool-blue-intense-next-gen-h7-1-pack\/#primaryimage"},"image":{"@id":"https:\/\/xenonkungen.com\/produkt\/osram-cool-blue-intense-next-gen-h7-1-pack\/#primaryimage"},"thumbnailUrl":"https:\/\/xenonkungen.com\/wp-content\/uploads\/2025\/11\/Small-for-web-and-ppt-PI_ARF-2020-00911_COOL_BLUE_INTENSE_Next_Generation_H7_64210CBN.jpg","datePublished":"2025-11-12T15:04:36+00:00","dateModified":"2026-03-04T15:36:33+00:00","breadcrumb":{"@id":"https:\/\/xenonkungen.com\/produkt\/osram-cool-blue-intense-next-gen-h7-1-pack\/#breadcrumb"},"inLanguage":"de","potentialAction":[{"@type":"ReadAction","target":["https:\/\/xenonkungen.com\/produkt\/osram-cool-blue-intense-next-gen-h7-1-pack\/"]}]},{"@type":"ImageObject","inLanguage":"de","@id":"https:\/\/xenonkungen.com\/produkt\/osram-cool-blue-intense-next-gen-h7-1-pack\/#primaryimage","url":"https:\/\/xenonkungen.com\/wp-content\/uploads\/2025\/11\/Small-for-web-and-ppt-PI_ARF-2020-00911_COOL_BLUE_INTENSE_Next_Generation_H7_64210CBN.jpg","contentUrl":"https:\/\/xenonkungen.com\/wp-content\/uploads\/2025\/11\/Small-for-web-and-ppt-PI_ARF-2020-00911_COOL_BLUE_INTENSE_Next_Generation_H7_64210CBN.jpg","width":1024,"height":1024},{"@type":"BreadcrumbList","@id":"https:\/\/xenonkungen.com\/produkt\/osram-cool-blue-intense-next-gen-h7-1-pack\/#breadcrumb","itemListElement":[{"@type":"ListItem","position":1,"name":"Hem","item":"https:\/\/xenonkungen.com\/"},{"@type":"ListItem","position":2,"name":"Shop","item":"https:\/\/xenonkungen.com\/shop\/"},{"@type":"ListItem","position":3,"name":"OSRAM COOL BLUE INTENSE (NEXT GEN) &#8211; H7 &#8211; 1-PACK"}]},{"@type":"WebSite","@id":"https:\/\/xenonkungen.com\/#website","url":"https:\/\/xenonkungen.com\/","name":"Xenonkungen","description":"","potentialAction":[{"@type":"SearchAction","target":{"@type":"EntryPoint","urlTemplate":"https:\/\/xenonkungen.com\/?s={search_term_string}"},"query-input":{"@type":"PropertyValueSpecification","valueRequired":true,"valueName":"search_term_string"}}],"inLanguage":"de"}]}},"taxonomy_info":{"product_brand":[{"value":108,"label":"OSRAM"}],"product_cat":[{"value":2543,"label":"Halogen"},{"value":844,"label":"Halogen"},{"value":733,"label":"Halvljus \/ Helljus"}],"pa_faktisk-effekts-forbrukning":[{"value":841,"label":"55"}],"pa_fargtemperatur":[{"value":154,"label":"5000K"}],"pa_lampsockel-kontakt":[{"value":206,"label":"H7"},{"value":2150,"label":"PX26d"}],"pa_volt-v":[{"value":159,"label":"12"}]},"featured_image_src_large":["https:\/\/xenonkungen.com\/wp-content\/uploads\/2025\/11\/Small-for-web-and-ppt-PI_ARF-2020-00911_COOL_BLUE_INTENSE_Next_Generation_H7_64210CBN.jpg",1024,1024,false],"author_info":[],"comment_info":2,"_links":{"self":[{"href":"https:\/\/xenonkungen.com\/de\/wp-json\/wp\/v2\/product\/17961","targetHints":{"allow":["GET"]}}],"collection":[{"href":"https:\/\/xenonkungen.com\/de\/wp-json\/wp\/v2\/product"}],"about":[{"href":"https:\/\/xenonkungen.com\/de\/wp-json\/wp\/v2\/types\/product"}],"replies":[{"embeddable":true,"href":"https:\/\/xenonkungen.com\/de\/wp-json\/wp\/v2\/comments?post=17961"}],"wp:featuredmedia":[{"embeddable":true,"href":"https:\/\/xenonkungen.com\/de\/wp-json\/wp\/v2\/media\/17963"}],"wp:attachment":[{"href":"https:\/\/xenonkungen.com\/de\/wp-json\/wp\/v2\/media?parent=17961"}],"wp:term":[{"taxonomy":"anvandningsomrade","embeddable":true,"href":"https:\/\/xenonkungen.com\/de\/wp-json\/wp\/v2\/anvandningsomrade?post=17961"},{"taxonomy":"bilmarken","embeddable":true,"href":"https:\/\/xenonkungen.com\/de\/wp-json\/wp\/v2\/bilmarken?post=17961"},{"taxonomy":"product_brand","embeddable":true,"href":"https:\/\/xenonkungen.com\/de\/wp-json\/wp\/v2\/product_brand?post=17961"},{"taxonomy":"product_cat","embeddable":true,"href":"https:\/\/xenonkungen.com\/de\/wp-json\/wp\/v2\/product_cat?post=17961"},{"taxonomy":"product_tag","embeddable":true,"href":"https:\/\/xenonkungen.com\/de\/wp-json\/wp\/v2\/product_tag?post=17961"}],"curies":[{"name":"wp","href":"https:\/\/api.w.org\/{rel}","templated":true}]}}