{"id":1855,"date":"2025-04-15T08:29:07","date_gmt":"2025-04-15T08:29:07","guid":{"rendered":"https:\/\/xenonkungen.com\/product\/bagage-belysning-led-for-volvo\/"},"modified":"2026-04-01T14:10:18","modified_gmt":"2026-04-01T13:10:18","slug":"led-gepackbeleuchtung-fur-volvo","status":"publish","type":"product","link":"https:\/\/xenonkungen.com\/de\/produkt\/led-gepackbeleuchtung-fur-volvo\/","title":{"rendered":"Kofferraumbeleuchtung LED f\u00fcr Volvo"},"content":{"rendered":"<p>LED-Beleuchtung f\u00fcr Kofferraum und\/oder Fu\u00dfraum mit strahlend wei\u00dfem Licht f\u00fcr Ihr Fahrzeug.<\/p>\n<p>Farbtemperatur: 6000k (kaltwei\u00df)<\/p>\n<p><em>Dieser Artikel ist kein Originalprodukt von Volvo. Die Marke Volvo wird hier verwendet, um anzugeben, f\u00fcr welches Fahrzeug\/Modell das Produkt bestimmt ist.<\/em><\/p>\n<p>Ersetzt die Beleuchtung in den folgenden Modellen:<br \/>S60 2001-2013<br \/>C70 2006-2013<br \/>V70 2000-2008<br \/>XC70 2001-2008<br \/>S80 1999-2015<br \/>XC90 2003-2014<\/p>\n<p>Vergleichen Sie vor der Bestellung mit dem, was in Ihrem Fahrzeug vorhanden ist.<\/p>\n<p><em>Wir behalten uns das Recht auf falsche Informationen vor. Artikel eingef\u00fchrt November 2016.<\/em><\/p>\n<p><strong>Kundenberichte:<\/strong><br \/>V70 2001: Passt zur Beleuchtung der Beinfreiheit, nicht zum Gep\u00e4ck.<\/p>\n<p>Satz = 2 Stck.<br \/>1 Jahr Garantie.<\/p>","protected":false},"excerpt":{"rendered":"<p>LED-Beleuchtung f\u00fcr Kofferraum und\/oder Fu\u00dfraum mit strahlend wei\u00dfem Licht f\u00fcr Ihr Fahrzeug.<\/p>","protected":false},"featured_media":1856,"comment_status":"closed","ping_status":"open","template":"","meta":{"_acf_changed":false,"_smort_price_nok":"211","_smort_price_dkk":"134","_smort_price_eur":"18","_smort_sale_price_nok":"","_smort_sale_price_dkk":"","_smort_sale_price_eur":"","smort_restorder":"","shipmondo_restorder":"","_kad_blocks_custom_css":"","_kad_blocks_head_custom_js":"","_kad_blocks_body_custom_js":"","_kad_blocks_footer_custom_js":"","smort_custom_pricelist_1":"126.72","smort_custom_pricelist_2":"110.9","smort_custom_pricelist_3":"105.36","smort_custom_pricelist_4":"158.4","smort_custom_pricelist_5":"110.9"},"anvandningsomrade":[],"bilmarken":[],"product_brand":[117],"product_cat":[2507,338],"product_tag":[],"class_list":{"0":"post-1855","1":"product","2":"type-product","3":"status-publish","4":"has-post-thumbnail","6":"product_brand-xenonkungen","7":"product_cat-ovrig-belysning","8":"product_cat-diodlampor","9":"pa_fargtemperatur-6000k","10":"pa_volt-v-159","12":"first","13":"instock","14":"taxable","15":"shipping-taxable","16":"purchasable","17":"product-type-simple"},"bundled_by":[],"bundle_stock_status":"instock","bundle_stock_quantity":2,"bundle_virtual":false,"bundle_layout":"","bundle_add_to_cart_form_location":"","bundle_editable_in_cart":false,"bundle_sold_individually_context":"","bundle_item_grouping":"","bundle_min_size":"","bundle_max_size":"","bundle_price":[],"bundled_items":[],"bundle_sell_ids":[],"acf":[],"yoast_head":"<!-- This site is optimized with the Yoast SEO plugin v27.0 - https:\/\/yoast.com\/product\/yoast-seo-wordpress\/ -->\n<title>Bagage-Belysning LED for Volvo - Xenonkungen<\/title>\n<meta name=\"robots\" content=\"index, follow, max-snippet:-1, max-image-preview:large, max-video-preview:-1\" \/>\n<link rel=\"canonical\" href=\"http:\/\/xenonkungen.com\/de\/produkt\/led-gepackbeleuchtung-fur-volvo\/\" \/>\n<meta property=\"og:locale\" content=\"de_DE\" \/>\n<meta property=\"og:type\" content=\"article\" \/>\n<meta property=\"og:title\" content=\"Bagage-Belysning LED for Volvo - Xenonkungen\" \/>\n<meta property=\"og:description\" content=\"LED belysning for bagage och\/eller fotutrymme med krispigt vitt ljus till din volvobil.\" \/>\n<meta property=\"og:url\" content=\"http:\/\/xenonkungen.com\/de\/produkt\/led-gepackbeleuchtung-fur-volvo\/\" \/>\n<meta property=\"og:site_name\" content=\"Xenonkungen\" \/>\n<meta property=\"article:modified_time\" content=\"2026-04-01T13:10:18+00:00\" \/>\n<meta property=\"og:image\" content=\"https:\/\/xenonkungen.com\/wp-content\/uploads\/2025\/04\/98309148-origpic-4ee300.jpg\" \/>\n\t<meta property=\"og:image:width\" content=\"1024\" \/>\n\t<meta property=\"og:image:height\" content=\"1024\" \/>\n\t<meta property=\"og:image:type\" content=\"image\/jpeg\" \/>\n<meta name=\"twitter:card\" content=\"summary_large_image\" \/>\n<meta name=\"twitter:label1\" content=\"Gesch\u00e4tzte Lesezeit\" \/>\n\t<meta name=\"twitter:data1\" content=\"1\u00a0Minute\" \/>\n<script type=\"application\/ld+json\" class=\"yoast-schema-graph\">{\"@context\":\"https:\/\/schema.org\",\"@graph\":[{\"@type\":\"WebPage\",\"@id\":\"http:\/\/xenonkungen.com\/no\/produkt\/bagasjebelysning-led-til-volvo\/\",\"url\":\"http:\/\/xenonkungen.com\/no\/produkt\/bagasjebelysning-led-til-volvo\/\",\"name\":\"Bagage-Belysning LED for Volvo - Xenonkungen\",\"isPartOf\":{\"@id\":\"https:\/\/xenonkungen.com\/#website\"},\"primaryImageOfPage\":{\"@id\":\"http:\/\/xenonkungen.com\/no\/produkt\/bagasjebelysning-led-til-volvo\/#primaryimage\"},\"image\":{\"@id\":\"http:\/\/xenonkungen.com\/no\/produkt\/bagasjebelysning-led-til-volvo\/#primaryimage\"},\"thumbnailUrl\":\"https:\/\/xenonkungen.com\/wp-content\/uploads\/2025\/04\/98309148-origpic-4ee300.jpg\",\"datePublished\":\"2025-04-15T08:29:07+00:00\",\"dateModified\":\"2026-04-01T13:10:18+00:00\",\"breadcrumb\":{\"@id\":\"http:\/\/xenonkungen.com\/no\/produkt\/bagasjebelysning-led-til-volvo\/#breadcrumb\"},\"inLanguage\":\"de\",\"potentialAction\":[{\"@type\":\"ReadAction\",\"target\":[\"http:\/\/xenonkungen.com\/no\/produkt\/bagasjebelysning-led-til-volvo\/\"]}]},{\"@type\":\"ImageObject\",\"inLanguage\":\"de\",\"@id\":\"http:\/\/xenonkungen.com\/no\/produkt\/bagasjebelysning-led-til-volvo\/#primaryimage\",\"url\":\"https:\/\/xenonkungen.com\/wp-content\/uploads\/2025\/04\/98309148-origpic-4ee300.jpg\",\"contentUrl\":\"https:\/\/xenonkungen.com\/wp-content\/uploads\/2025\/04\/98309148-origpic-4ee300.jpg\",\"width\":1024,\"height\":1024},{\"@type\":\"BreadcrumbList\",\"@id\":\"http:\/\/xenonkungen.com\/no\/produkt\/bagasjebelysning-led-til-volvo\/#breadcrumb\",\"itemListElement\":[{\"@type\":\"ListItem\",\"position\":1,\"name\":\"Hem\",\"item\":\"https:\/\/xenonkungen.com\/\"},{\"@type\":\"ListItem\",\"position\":2,\"name\":\"Shop\",\"item\":\"https:\/\/xenonkungen.com\/shop\/\"},{\"@type\":\"ListItem\",\"position\":3,\"name\":\"Bagage-Belysning LED for Volvo\"}]},{\"@type\":\"WebSite\",\"@id\":\"https:\/\/xenonkungen.com\/#website\",\"url\":\"https:\/\/xenonkungen.com\/\",\"name\":\"Xenonkungen\",\"description\":\"\",\"potentialAction\":[{\"@type\":\"SearchAction\",\"target\":{\"@type\":\"EntryPoint\",\"urlTemplate\":\"https:\/\/xenonkungen.com\/?s={search_term_string}\"},\"query-input\":{\"@type\":\"PropertyValueSpecification\",\"valueRequired\":true,\"valueName\":\"search_term_string\"}}],\"inLanguage\":\"de\"}]}<\/script>\n<!-- \/ Yoast SEO plugin. -->","yoast_head_json":{"title":"LED-Gep\u00e4ckraumbeleuchtung f\u00fcr Volvo \u2013 Der Xenon-K\u00f6nig","robots":{"index":"index","follow":"follow","max-snippet":"max-snippet:-1","max-image-preview":"max-image-preview:large","max-video-preview":"max-video-preview:-1"},"canonical":"http:\/\/xenonkungen.com\/de\/produkt\/led-gepackbeleuchtung-fur-volvo\/","og_locale":"de_DE","og_type":"article","og_title":"Bagage-Belysning LED for Volvo - Xenonkungen","og_description":"LED belysning for bagage och\/eller fotutrymme med krispigt vitt ljus till din volvobil.","og_url":"http:\/\/xenonkungen.com\/de\/produkt\/led-gepackbeleuchtung-fur-volvo\/","og_site_name":"Xenonkungen","article_modified_time":"2026-04-01T13:10:18+00:00","og_image":[{"width":1024,"height":1024,"url":"https:\/\/xenonkungen.com\/wp-content\/uploads\/2025\/04\/98309148-origpic-4ee300.jpg","type":"image\/jpeg"}],"twitter_card":"summary_large_image","twitter_misc":{"Gesch\u00e4tzte Lesezeit":"1\u00a0Minute"},"schema":{"@context":"https:\/\/schema.org","@graph":[{"@type":"WebPage","@id":"http:\/\/xenonkungen.com\/no\/produkt\/bagasjebelysning-led-til-volvo\/","url":"http:\/\/xenonkungen.com\/no\/produkt\/bagasjebelysning-led-til-volvo\/","name":"LED-Gep\u00e4ckraumbeleuchtung f\u00fcr Volvo \u2013 Der Xenon-K\u00f6nig","isPartOf":{"@id":"https:\/\/xenonkungen.com\/#website"},"primaryImageOfPage":{"@id":"http:\/\/xenonkungen.com\/no\/produkt\/bagasjebelysning-led-til-volvo\/#primaryimage"},"image":{"@id":"http:\/\/xenonkungen.com\/no\/produkt\/bagasjebelysning-led-til-volvo\/#primaryimage"},"thumbnailUrl":"https:\/\/xenonkungen.com\/wp-content\/uploads\/2025\/04\/98309148-origpic-4ee300.jpg","datePublished":"2025-04-15T08:29:07+00:00","dateModified":"2026-04-01T13:10:18+00:00","breadcrumb":{"@id":"http:\/\/xenonkungen.com\/no\/produkt\/bagasjebelysning-led-til-volvo\/#breadcrumb"},"inLanguage":"de","potentialAction":[{"@type":"ReadAction","target":["http:\/\/xenonkungen.com\/no\/produkt\/bagasjebelysning-led-til-volvo\/"]}]},{"@type":"ImageObject","inLanguage":"de","@id":"http:\/\/xenonkungen.com\/no\/produkt\/bagasjebelysning-led-til-volvo\/#primaryimage","url":"https:\/\/xenonkungen.com\/wp-content\/uploads\/2025\/04\/98309148-origpic-4ee300.jpg","contentUrl":"https:\/\/xenonkungen.com\/wp-content\/uploads\/2025\/04\/98309148-origpic-4ee300.jpg","width":1024,"height":1024},{"@type":"BreadcrumbList","@id":"http:\/\/xenonkungen.com\/no\/produkt\/bagasjebelysning-led-til-volvo\/#breadcrumb","itemListElement":[{"@type":"ListItem","position":1,"name":"Hem","item":"https:\/\/xenonkungen.com\/"},{"@type":"ListItem","position":2,"name":"Shop","item":"https:\/\/xenonkungen.com\/shop\/"},{"@type":"ListItem","position":3,"name":"Bagage-Belysning LED for Volvo"}]},{"@type":"WebSite","@id":"https:\/\/xenonkungen.com\/#website","url":"https:\/\/xenonkungen.com\/","name":"Xenonkungen","description":"","potentialAction":[{"@type":"SearchAction","target":{"@type":"EntryPoint","urlTemplate":"https:\/\/xenonkungen.com\/?s={search_term_string}"},"query-input":{"@type":"PropertyValueSpecification","valueRequired":true,"valueName":"search_term_string"}}],"inLanguage":"de"}]}},"taxonomy_info":{"product_brand":[{"value":117,"label":"Xenonkungen"}],"product_cat":[{"value":2507,"label":"\u00d6vrig belysning"},{"value":338,"label":"Diodlampor"}],"pa_fargtemperatur":[{"value":188,"label":"6000K"}],"pa_volt-v":[{"value":159,"label":"12"}]},"featured_image_src_large":["https:\/\/xenonkungen.com\/wp-content\/uploads\/2025\/04\/98309148-origpic-4ee300.jpg",1024,1024,false],"author_info":[],"comment_info":1,"_links":{"self":[{"href":"https:\/\/xenonkungen.com\/de\/wp-json\/wp\/v2\/product\/1855","targetHints":{"allow":["GET"]}}],"collection":[{"href":"https:\/\/xenonkungen.com\/de\/wp-json\/wp\/v2\/product"}],"about":[{"href":"https:\/\/xenonkungen.com\/de\/wp-json\/wp\/v2\/types\/product"}],"replies":[{"embeddable":true,"href":"https:\/\/xenonkungen.com\/de\/wp-json\/wp\/v2\/comments?post=1855"}],"wp:featuredmedia":[{"embeddable":true,"href":"https:\/\/xenonkungen.com\/de\/wp-json\/wp\/v2\/media\/1856"}],"wp:attachment":[{"href":"https:\/\/xenonkungen.com\/de\/wp-json\/wp\/v2\/media?parent=1855"}],"wp:term":[{"taxonomy":"anvandningsomrade","embeddable":true,"href":"https:\/\/xenonkungen.com\/de\/wp-json\/wp\/v2\/anvandningsomrade?post=1855"},{"taxonomy":"bilmarken","embeddable":true,"href":"https:\/\/xenonkungen.com\/de\/wp-json\/wp\/v2\/bilmarken?post=1855"},{"taxonomy":"product_brand","embeddable":true,"href":"https:\/\/xenonkungen.com\/de\/wp-json\/wp\/v2\/product_brand?post=1855"},{"taxonomy":"product_cat","embeddable":true,"href":"https:\/\/xenonkungen.com\/de\/wp-json\/wp\/v2\/product_cat?post=1855"},{"taxonomy":"product_tag","embeddable":true,"href":"https:\/\/xenonkungen.com\/de\/wp-json\/wp\/v2\/product_tag?post=1855"}],"curies":[{"name":"wp","href":"https:\/\/api.w.org\/{rel}","templated":true}]}}