{"id":1908,"date":"2025-04-15T08:30:26","date_gmt":"2025-04-15T08:30:26","guid":{"rendered":"https:\/\/xenonkungen.com\/product\/nightshift-til24-arbetsljus-r10-35-48\/"},"modified":"2026-05-04T10:49:50","modified_gmt":"2026-05-04T09:49:50","slug":"luxtar-til24-arbetsljus-r10-35-48","status":"publish","type":"product","link":"https:\/\/xenonkungen.com\/de\/produkt\/luxtar-til24-arbetsljus-r10-35-48\/","title":{"rendered":"Luxtar TIL24 Arbetsljus | R10 | 35\u00b0\/48\u00b0 <13cm>"},"content":{"rendered":"<h1>Abgewinkelter Arbeitsscheinwerfer\/R\u00fcckfahrscheinwerfer<\/h1>\n<p>Eine brandneue Arbeitsleuchte, die sich ideal zur Montage an beispielsweise der Ladefl\u00e4che, dem Schrank, dem Traktor oder dem M\u00e4hdrescher eignet! Dank der abgewinkelten Halterung l\u00e4sst sie sich nahtlos in die Karosserie integrieren und spendet Licht genau dort, wo es am meisten ben\u00f6tigt wird.<\/p>\n<p>Mit einer Leistung von 24 W und 2200 Lumen bietet diese Lampe mehr als ausreichend Licht f\u00fcr den Arbeitsbereich. Dies entspricht in etwa der Lichtleistung von zwei herk\u00f6mmlichen Fernscheinwerfern.<\/p>\n<p>Die Arbeitsleuchte kann sowohl an 12- als auch an 24-Volt-Systemen betrieben werden. Sie ist gegen Spannungsspitzen bis zu 36 V gesch\u00fctzt.<\/p>\n<p>Die mitgelieferten Halterungen erm\u00f6glichen die Montage der Laterne in einem Winkel von 35\/48 oder 90 Grad. Die Montageart h\u00e4ngt einfach davon ab, wo Sie das Licht ben\u00f6tigen.<\/p>","protected":false},"excerpt":{"rendered":"<p>Der abgewinkelte Arbeitsscheinwerfer von Nightshift l\u00e4sst sich nahtlos in die Karosserie integrieren. Er liefert 2200 Lumen Licht genau dort, wo Sie es ben\u00f6tigen!<\/p>\n<p>Winkel: 35\u00b0<br \/>\nDas beigef\u00fcgte Teil erweitert den Winkel auf 48\u00b0.<\/p>","protected":false},"featured_media":1909,"comment_status":"closed","ping_status":"closed","template":"","meta":{"_acf_changed":false,"_smort_price_nok":"529","_smort_price_dkk":"336","_smort_price_eur":"45","_smort_sale_price_nok":"","_smort_sale_price_dkk":"","_smort_sale_price_eur":"","smort_restorder":"","shipmondo_restorder":"","_kad_blocks_custom_css":"","_kad_blocks_head_custom_js":"","_kad_blocks_body_custom_js":"","_kad_blocks_footer_custom_js":"","smort_custom_pricelist_1":"316.8","smort_custom_pricelist_2":"277.2","smort_custom_pricelist_3":"263.34","smort_custom_pricelist_4":"396","smort_custom_pricelist_5":"277.2"},"anvandningsomrade":[],"bilmarken":[],"product_brand":[103],"product_cat":[2479,2480,508],"product_tag":[],"class_list":{"0":"post-1908","1":"product","2":"type-product","3":"status-publish","4":"has-post-thumbnail","6":"product_brand-luxtar","7":"product_cat-backljus-backljus","8":"product_cat-nightshift","9":"product_cat-arbetsbelysning","10":"pa_fargtemperatur-5700k","11":"pa_fuktskydd-varde-ipxx-ip68","12":"pa_godkannande-ece-r3-r10-ce-cispr25-class-3","13":"pa_lampsockel-kontakt-dt","14":"pa_led-chips-effekt-w-708","15":"pa_ljusbild-flood","16":"pa_ljusspridning-grader-709","17":"pa_storlek-mm-130x42x42","18":"pa_volt-v-multivolt-9-12-16-18-24-28-30-32-36","20":"first","21":"instock","22":"taxable","23":"shipping-taxable","24":"purchasable","25":"product-type-simple"},"bundled_by":[],"bundle_stock_status":"instock","bundle_stock_quantity":253,"bundle_virtual":false,"bundle_layout":"","bundle_add_to_cart_form_location":"","bundle_editable_in_cart":false,"bundle_sold_individually_context":"","bundle_item_grouping":"","bundle_min_size":"","bundle_max_size":"","bundle_price":[],"bundled_items":[],"bundle_sell_ids":[],"acf":[],"yoast_head":"<!-- This site is optimized with the Yoast SEO plugin v27.0 - https:\/\/yoast.com\/product\/yoast-seo-wordpress\/ -->\n<title>Luxtar TIL24 Arbetsljus | R10 | 35\u00b0\/48\u00b0  - Xenonkungen<\/title>\n<meta name=\"robots\" content=\"index, follow, max-snippet:-1, max-image-preview:large, max-video-preview:-1\" \/>\n<link rel=\"canonical\" href=\"https:\/\/xenonkungen.com\/de\/produkt\/luxtar-til24-arbetsljus-r10-35-48\/\" \/>\n<meta property=\"og:locale\" content=\"de_DE\" \/>\n<meta property=\"og:type\" content=\"article\" \/>\n<meta property=\"og:title\" content=\"Luxtar TIL24 Arbetsljus | R10 | 35\u00b0\/48\u00b0  - Xenonkungen\" \/>\n<meta property=\"og:description\" content=\"Vinklat arbetsljus fr\u00e5n Nightshift som kan integreras snyggt mot karossen. Ger 2200 lumen ljus precis d\u00e4r du vill ha det!  Vinkel: 35\u00b0 Medf\u00f6ljande del ut\u00f6kar vinkeln till 48\u00b0.\" \/>\n<meta property=\"og:url\" content=\"https:\/\/xenonkungen.com\/de\/produkt\/luxtar-til24-arbetsljus-r10-35-48\/\" \/>\n<meta property=\"og:site_name\" content=\"Xenonkungen\" \/>\n<meta property=\"article:modified_time\" content=\"2026-05-04T09:49:50+00:00\" \/>\n<meta property=\"og:image\" content=\"https:\/\/xenonkungen.com\/wp-content\/uploads\/2025\/04\/NightShift-Arbetsljus-TIL24-ArtNr-70860-CA193892-PNNG-1000px.png\" \/>\n\t<meta property=\"og:image:width\" content=\"1000\" \/>\n\t<meta property=\"og:image:height\" content=\"500\" \/>\n\t<meta property=\"og:image:type\" content=\"image\/png\" \/>\n<meta name=\"twitter:card\" content=\"summary_large_image\" \/>\n<meta name=\"twitter:label1\" content=\"Gesch\u00e4tzte Lesezeit\" \/>\n\t<meta name=\"twitter:data1\" content=\"1\u00a0Minute\" \/>\n<script type=\"application\/ld+json\" class=\"yoast-schema-graph\">{\"@context\":\"https:\/\/schema.org\",\"@graph\":[{\"@type\":\"WebPage\",\"@id\":\"https:\/\/xenonkungen.com\/produkt\/luxtar-til24-arbetsljus-r10-35-48\/\",\"url\":\"https:\/\/xenonkungen.com\/produkt\/luxtar-til24-arbetsljus-r10-35-48\/\",\"name\":\"Luxtar TIL24 Arbetsljus | R10 | 35\u00b0\/48\u00b0 - Xenonkungen\",\"isPartOf\":{\"@id\":\"https:\/\/xenonkungen.com\/#website\"},\"primaryImageOfPage\":{\"@id\":\"https:\/\/xenonkungen.com\/produkt\/luxtar-til24-arbetsljus-r10-35-48\/#primaryimage\"},\"image\":{\"@id\":\"https:\/\/xenonkungen.com\/produkt\/luxtar-til24-arbetsljus-r10-35-48\/#primaryimage\"},\"thumbnailUrl\":\"https:\/\/xenonkungen.com\/wp-content\/uploads\/2025\/04\/NightShift-Arbetsljus-TIL24-ArtNr-70860-CA193892-PNNG-1000px.png\",\"datePublished\":\"2025-04-15T08:30:26+00:00\",\"dateModified\":\"2026-05-04T09:49:50+00:00\",\"breadcrumb\":{\"@id\":\"https:\/\/xenonkungen.com\/produkt\/luxtar-til24-arbetsljus-r10-35-48\/#breadcrumb\"},\"inLanguage\":\"de\",\"potentialAction\":[{\"@type\":\"ReadAction\",\"target\":[\"https:\/\/xenonkungen.com\/produkt\/luxtar-til24-arbetsljus-r10-35-48\/\"]}]},{\"@type\":\"ImageObject\",\"inLanguage\":\"de\",\"@id\":\"https:\/\/xenonkungen.com\/produkt\/luxtar-til24-arbetsljus-r10-35-48\/#primaryimage\",\"url\":\"https:\/\/xenonkungen.com\/wp-content\/uploads\/2025\/04\/NightShift-Arbetsljus-TIL24-ArtNr-70860-CA193892-PNNG-1000px.png\",\"contentUrl\":\"https:\/\/xenonkungen.com\/wp-content\/uploads\/2025\/04\/NightShift-Arbetsljus-TIL24-ArtNr-70860-CA193892-PNNG-1000px.png\",\"width\":1000,\"height\":500},{\"@type\":\"BreadcrumbList\",\"@id\":\"https:\/\/xenonkungen.com\/produkt\/luxtar-til24-arbetsljus-r10-35-48\/#breadcrumb\",\"itemListElement\":[{\"@type\":\"ListItem\",\"position\":1,\"name\":\"Hem\",\"item\":\"https:\/\/xenonkungen.com\/\"},{\"@type\":\"ListItem\",\"position\":2,\"name\":\"Shop\",\"item\":\"https:\/\/xenonkungen.com\/shop\/\"},{\"@type\":\"ListItem\",\"position\":3,\"name\":\"Luxtar TIL24 Arbetsljus | R10 | 35\u00b0\/48\u00b0\"}]},{\"@type\":\"WebSite\",\"@id\":\"https:\/\/xenonkungen.com\/#website\",\"url\":\"https:\/\/xenonkungen.com\/\",\"name\":\"Xenonkungen\",\"description\":\"\",\"potentialAction\":[{\"@type\":\"SearchAction\",\"target\":{\"@type\":\"EntryPoint\",\"urlTemplate\":\"https:\/\/xenonkungen.com\/?s={search_term_string}\"},\"query-input\":{\"@type\":\"PropertyValueSpecification\",\"valueRequired\":true,\"valueName\":\"search_term_string\"}}],\"inLanguage\":\"de\"}]}<\/script>\n<!-- \/ Yoast SEO plugin. -->","yoast_head_json":{"title":"Luxtar TIL24 Arbetsljus | R10 | 35\u00b0\/48\u00b0  - Xenonkungen","robots":{"index":"index","follow":"follow","max-snippet":"max-snippet:-1","max-image-preview":"max-image-preview:large","max-video-preview":"max-video-preview:-1"},"canonical":"https:\/\/xenonkungen.com\/de\/produkt\/luxtar-til24-arbetsljus-r10-35-48\/","og_locale":"de_DE","og_type":"article","og_title":"Luxtar TIL24 Arbetsljus | R10 | 35\u00b0\/48\u00b0  - Xenonkungen","og_description":"Vinklat arbetsljus fr\u00e5n Nightshift som kan integreras snyggt mot karossen. Ger 2200 lumen ljus precis d\u00e4r du vill ha det!  Vinkel: 35\u00b0 Medf\u00f6ljande del ut\u00f6kar vinkeln till 48\u00b0.","og_url":"https:\/\/xenonkungen.com\/de\/produkt\/luxtar-til24-arbetsljus-r10-35-48\/","og_site_name":"Xenonkungen","article_modified_time":"2026-05-04T09:49:50+00:00","og_image":[{"width":1000,"height":500,"url":"https:\/\/xenonkungen.com\/wp-content\/uploads\/2025\/04\/NightShift-Arbetsljus-TIL24-ArtNr-70860-CA193892-PNNG-1000px.png","type":"image\/png"}],"twitter_card":"summary_large_image","twitter_misc":{"Gesch\u00e4tzte Lesezeit":"1\u00a0Minute"},"schema":{"@context":"https:\/\/schema.org","@graph":[{"@type":"WebPage","@id":"https:\/\/xenonkungen.com\/produkt\/luxtar-til24-arbetsljus-r10-35-48\/","url":"https:\/\/xenonkungen.com\/produkt\/luxtar-til24-arbetsljus-r10-35-48\/","name":"Luxtar TIL24 Arbetsljus | R10 | 35\u00b0\/48\u00b0 - Xenonkungen","isPartOf":{"@id":"https:\/\/xenonkungen.com\/#website"},"primaryImageOfPage":{"@id":"https:\/\/xenonkungen.com\/produkt\/luxtar-til24-arbetsljus-r10-35-48\/#primaryimage"},"image":{"@id":"https:\/\/xenonkungen.com\/produkt\/luxtar-til24-arbetsljus-r10-35-48\/#primaryimage"},"thumbnailUrl":"https:\/\/xenonkungen.com\/wp-content\/uploads\/2025\/04\/NightShift-Arbetsljus-TIL24-ArtNr-70860-CA193892-PNNG-1000px.png","datePublished":"2025-04-15T08:30:26+00:00","dateModified":"2026-05-04T09:49:50+00:00","breadcrumb":{"@id":"https:\/\/xenonkungen.com\/produkt\/luxtar-til24-arbetsljus-r10-35-48\/#breadcrumb"},"inLanguage":"de","potentialAction":[{"@type":"ReadAction","target":["https:\/\/xenonkungen.com\/produkt\/luxtar-til24-arbetsljus-r10-35-48\/"]}]},{"@type":"ImageObject","inLanguage":"de","@id":"https:\/\/xenonkungen.com\/produkt\/luxtar-til24-arbetsljus-r10-35-48\/#primaryimage","url":"https:\/\/xenonkungen.com\/wp-content\/uploads\/2025\/04\/NightShift-Arbetsljus-TIL24-ArtNr-70860-CA193892-PNNG-1000px.png","contentUrl":"https:\/\/xenonkungen.com\/wp-content\/uploads\/2025\/04\/NightShift-Arbetsljus-TIL24-ArtNr-70860-CA193892-PNNG-1000px.png","width":1000,"height":500},{"@type":"BreadcrumbList","@id":"https:\/\/xenonkungen.com\/produkt\/luxtar-til24-arbetsljus-r10-35-48\/#breadcrumb","itemListElement":[{"@type":"ListItem","position":1,"name":"Hem","item":"https:\/\/xenonkungen.com\/"},{"@type":"ListItem","position":2,"name":"Shop","item":"https:\/\/xenonkungen.com\/shop\/"},{"@type":"ListItem","position":3,"name":"Luxtar TIL24 Arbetsljus | R10 | 35\u00b0\/48\u00b0"}]},{"@type":"WebSite","@id":"https:\/\/xenonkungen.com\/#website","url":"https:\/\/xenonkungen.com\/","name":"Xenonkungen","description":"","potentialAction":[{"@type":"SearchAction","target":{"@type":"EntryPoint","urlTemplate":"https:\/\/xenonkungen.com\/?s={search_term_string}"},"query-input":{"@type":"PropertyValueSpecification","valueRequired":true,"valueName":"search_term_string"}}],"inLanguage":"de"}]}},"taxonomy_info":{"product_brand":[{"value":103,"label":"LUXTAR"}],"product_cat":[{"value":2479,"label":"Backljus"},{"value":2480,"label":"Nightshift"},{"value":508,"label":"Arbetsbelysning"}],"pa_fargtemperatur":[{"value":226,"label":"5700K"}],"pa_fuktskydd-varde-ipxx":[{"value":177,"label":"IP68"}],"pa_godkannande":[{"value":710,"label":"ECE, R3, R10, CE, CISPR25, Class-3"}],"pa_lampsockel-kontakt":[{"value":329,"label":"DT"}],"pa_led-chips-effekt-w":[{"value":708,"label":"24"}],"pa_ljusbild":[{"value":503,"label":"FLOOD"}],"pa_ljusspridning-grader":[{"value":709,"label":"70"}],"pa_storlek-mm":[{"value":707,"label":"130x42x42"}],"pa_volt-v":[{"value":504,"label":"Multivolt, 9, 12, 16, 18, 24, 28, 30, 32, 36"}]},"featured_image_src_large":["https:\/\/xenonkungen.com\/wp-content\/uploads\/2025\/04\/NightShift-Arbetsljus-TIL24-ArtNr-70860-CA193892-PNNG-1000px.png",1000,500,false],"author_info":[],"comment_info":0,"_links":{"self":[{"href":"https:\/\/xenonkungen.com\/de\/wp-json\/wp\/v2\/product\/1908","targetHints":{"allow":["GET"]}}],"collection":[{"href":"https:\/\/xenonkungen.com\/de\/wp-json\/wp\/v2\/product"}],"about":[{"href":"https:\/\/xenonkungen.com\/de\/wp-json\/wp\/v2\/types\/product"}],"replies":[{"embeddable":true,"href":"https:\/\/xenonkungen.com\/de\/wp-json\/wp\/v2\/comments?post=1908"}],"wp:featuredmedia":[{"embeddable":true,"href":"https:\/\/xenonkungen.com\/de\/wp-json\/wp\/v2\/media\/1909"}],"wp:attachment":[{"href":"https:\/\/xenonkungen.com\/de\/wp-json\/wp\/v2\/media?parent=1908"}],"wp:term":[{"taxonomy":"anvandningsomrade","embeddable":true,"href":"https:\/\/xenonkungen.com\/de\/wp-json\/wp\/v2\/anvandningsomrade?post=1908"},{"taxonomy":"bilmarken","embeddable":true,"href":"https:\/\/xenonkungen.com\/de\/wp-json\/wp\/v2\/bilmarken?post=1908"},{"taxonomy":"product_brand","embeddable":true,"href":"https:\/\/xenonkungen.com\/de\/wp-json\/wp\/v2\/product_brand?post=1908"},{"taxonomy":"product_cat","embeddable":true,"href":"https:\/\/xenonkungen.com\/de\/wp-json\/wp\/v2\/product_cat?post=1908"},{"taxonomy":"product_tag","embeddable":true,"href":"https:\/\/xenonkungen.com\/de\/wp-json\/wp\/v2\/product_tag?post=1908"}],"curies":[{"name":"wp","href":"https:\/\/api.w.org\/{rel}","templated":true}]}}