{"id":20913,"date":"2025-12-12T10:53:27","date_gmt":"2025-12-12T09:53:27","guid":{"rendered":"https:\/\/xenonkungen.com\/?post_type=product&#038;p=20913"},"modified":"2026-03-04T16:39:19","modified_gmt":"2026-03-04T15:39:19","slug":"dt-stecker-mannlich-mit-20-mm%c2%b2-kabel-5-meter","status":"publish","type":"product","link":"https:\/\/xenonkungen.com\/de\/produkt\/dt-stecker-mannlich-mit-20-mm%c2%b2-kabel-5-meter\/","title":{"rendered":"DT-Stecker mit 2,0 mm\u00b2 Kabel | 5 Meter"},"content":{"rendered":"<h1>Verbindungskabel mit montiertem DT-Stecker.<\/h1>\n<p>Wir empfehlen einen Kabelquerschnitt von 2 mm\u00b2 f\u00fcr Beleuchtungen mit einer maximalen Wirkleistung von 140 W.<\/p>\n<p>Deutsch (DT) Steckverbinder sind bei vielen Herstellern von Baumaschinen und anderen Fahrzeugen Standard f\u00fcr den Anschluss von Beleuchtungsanlagen.<\/p>\n<p>Die meisten unserer eigenen Arbeitsleuchten werden mit DT-Steckverbindern geliefert, bei denen dieses Kabel im Lieferumfang enthalten ist.<\/p>\n<p>Inhalt: 18 cm langes Kabel mit DT *W\u00e4hlen Sie zwischen weiblichem oder m\u00e4nnlichem Stecker*<\/p>\n<p>Alternativ sind DT-Steckverbinder auch in den L\u00e4ngen 0,18 Meter, 2 Meter und 10 Meter erh\u00e4ltlich.<\/p>","protected":false},"excerpt":{"rendered":"<p>Anslutningskabel med monterad DT kontakt. Kabelarea 2 mm\u00b2 rekommenderar vi f\u00f6r belysning med max verklig effekt 140W. Deutsch (DT) kontakter \u00e4r standard hos m\u00e5nga tillverkare av entreprenadfordon m.fl. f\u00f6r anslutning av belysning. De flesta av v\u00e5ra egna arbetsljus levereras med DT kontakter d\u00e4r denna typ av kabel medf\u00f6ljer. Inneh\u00e5ll: Kabel 18cm med DT *V\u00e4lj Hona [&hellip;]<\/p>","protected":false},"featured_media":20914,"comment_status":"open","ping_status":"closed","template":"","meta":{"_acf_changed":false,"_smort_price_nok":"208","_smort_price_dkk":"","_smort_price_eur":"","_smort_sale_price_nok":"","_smort_sale_price_dkk":"","_smort_sale_price_eur":"","smort_restorder":"","shipmondo_restorder":"","_kad_blocks_custom_css":"","_kad_blocks_head_custom_js":"","_kad_blocks_body_custom_js":"","_kad_blocks_footer_custom_js":"","smort_custom_pricelist_1":"124.8","smort_custom_pricelist_2":"93.6","smort_custom_pricelist_3":"88.92","smort_custom_pricelist_4":"156","smort_custom_pricelist_5":"93.6"},"anvandningsomrade":[],"bilmarken":[],"product_brand":[117],"product_cat":[2467,2491,2488,2489,2490,390],"product_tag":[],"class_list":{"0":"post-20913","1":"product","2":"type-product","3":"status-publish","4":"has-post-thumbnail","6":"product_brand-xenonkungen","7":"product_cat-kabel","8":"product_cat-relasats","9":"product_cat-relasats-arbetsbelysning","10":"product_cat-relasats-extraljus","11":"product_cat-relasats-2","12":"product_cat-installation","13":"pa_lampsockel-kontakt-dt","15":"first","16":"instock","17":"taxable","18":"shipping-taxable","19":"purchasable","20":"product-type-simple"},"bundled_by":[],"bundle_stock_status":"instock","bundle_stock_quantity":29,"bundle_virtual":false,"bundle_layout":"","bundle_add_to_cart_form_location":"","bundle_editable_in_cart":false,"bundle_sold_individually_context":"","bundle_item_grouping":"","bundle_min_size":"","bundle_max_size":"","bundle_price":[],"bundled_items":[],"bundle_sell_ids":[],"acf":[],"yoast_head":"<!-- This site is optimized with the Yoast SEO plugin v27.0 - https:\/\/yoast.com\/product\/yoast-seo-wordpress\/ -->\n<title>DT-Hane kontakt med 2.0mm\u00b2 kabel | 5 meter - Xenonkungen<\/title>\n<meta name=\"robots\" content=\"index, follow, max-snippet:-1, max-image-preview:large, max-video-preview:-1\" \/>\n<link rel=\"canonical\" href=\"http:\/\/xenonkungen.com\/de\/produkt\/dt-stecker-mannlich-mit-20-mm\u00b2-kabel-5-meter\/\" \/>\n<meta property=\"og:locale\" content=\"de_DE\" \/>\n<meta property=\"og:type\" content=\"article\" \/>\n<meta property=\"og:title\" content=\"DT-Hane kontakt med 2.0mm\u00b2 kabel | 5 meter - Xenonkungen\" \/>\n<meta property=\"og:description\" content=\"Anslutningskabel med monterad DT kontakt. Kabelarea 2 mm\u00b2 rekommenderar vi f\u00f6r belysning med max verklig effekt 140W. Deutsch (DT) kontakter \u00e4r standard hos m\u00e5nga tillverkare av entreprenadfordon m.fl. f\u00f6r anslutning av belysning. De flesta av v\u00e5ra egna arbetsljus levereras med DT kontakter d\u00e4r denna typ av kabel medf\u00f6ljer. Inneh\u00e5ll: Kabel 18cm med DT *V\u00e4lj Hona [&hellip;]\" \/>\n<meta property=\"og:url\" content=\"http:\/\/xenonkungen.com\/de\/produkt\/dt-stecker-mannlich-mit-20-mm\u00b2-kabel-5-meter\/\" \/>\n<meta property=\"og:site_name\" content=\"Xenonkungen\" \/>\n<meta property=\"article:modified_time\" content=\"2026-03-04T15:39:19+00:00\" \/>\n<meta property=\"og:image\" content=\"https:\/\/xenonkungen.com\/wp-content\/uploads\/2025\/12\/158014-5m.png\" \/>\n\t<meta property=\"og:image:width\" content=\"1000\" \/>\n\t<meta property=\"og:image:height\" content=\"1000\" \/>\n\t<meta property=\"og:image:type\" content=\"image\/png\" \/>\n<meta name=\"twitter:card\" content=\"summary_large_image\" \/>\n<meta name=\"twitter:label1\" content=\"Gesch\u00e4tzte Lesezeit\" \/>\n\t<meta name=\"twitter:data1\" content=\"1\u00a0Minute\" \/>\n<script type=\"application\/ld+json\" class=\"yoast-schema-graph\">{\"@context\":\"https:\/\/schema.org\",\"@graph\":[{\"@type\":\"WebPage\",\"@id\":\"http:\/\/xenonkungen.com\/fi\/tuote\/dt-urosliitin-2-x-0-mm%c2%b2-kaapelilla-5-metria\/\",\"url\":\"http:\/\/xenonkungen.com\/fi\/tuote\/dt-urosliitin-2-x-0-mm%c2%b2-kaapelilla-5-metria\/\",\"name\":\"DT-Hane kontakt med 2.0mm\u00b2 kabel | 5 meter - Xenonkungen\",\"isPartOf\":{\"@id\":\"https:\/\/xenonkungen.com\/#website\"},\"primaryImageOfPage\":{\"@id\":\"http:\/\/xenonkungen.com\/fi\/tuote\/dt-urosliitin-2-x-0-mm%c2%b2-kaapelilla-5-metria\/#primaryimage\"},\"image\":{\"@id\":\"http:\/\/xenonkungen.com\/fi\/tuote\/dt-urosliitin-2-x-0-mm%c2%b2-kaapelilla-5-metria\/#primaryimage\"},\"thumbnailUrl\":\"https:\/\/xenonkungen.com\/wp-content\/uploads\/2025\/12\/158014-5m.png\",\"datePublished\":\"2025-12-12T09:53:27+00:00\",\"dateModified\":\"2026-03-04T15:39:19+00:00\",\"breadcrumb\":{\"@id\":\"http:\/\/xenonkungen.com\/fi\/tuote\/dt-urosliitin-2-x-0-mm%c2%b2-kaapelilla-5-metria\/#breadcrumb\"},\"inLanguage\":\"de\",\"potentialAction\":[{\"@type\":\"ReadAction\",\"target\":[\"http:\/\/xenonkungen.com\/fi\/tuote\/dt-urosliitin-2-x-0-mm%c2%b2-kaapelilla-5-metria\/\"]}]},{\"@type\":\"ImageObject\",\"inLanguage\":\"de\",\"@id\":\"http:\/\/xenonkungen.com\/fi\/tuote\/dt-urosliitin-2-x-0-mm%c2%b2-kaapelilla-5-metria\/#primaryimage\",\"url\":\"https:\/\/xenonkungen.com\/wp-content\/uploads\/2025\/12\/158014-5m.png\",\"contentUrl\":\"https:\/\/xenonkungen.com\/wp-content\/uploads\/2025\/12\/158014-5m.png\",\"width\":1000,\"height\":1000},{\"@type\":\"BreadcrumbList\",\"@id\":\"http:\/\/xenonkungen.com\/fi\/tuote\/dt-urosliitin-2-x-0-mm%c2%b2-kaapelilla-5-metria\/#breadcrumb\",\"itemListElement\":[{\"@type\":\"ListItem\",\"position\":1,\"name\":\"Hem\",\"item\":\"https:\/\/xenonkungen.com\/\"},{\"@type\":\"ListItem\",\"position\":2,\"name\":\"Shop\",\"item\":\"https:\/\/xenonkungen.com\/shop\/\"},{\"@type\":\"ListItem\",\"position\":3,\"name\":\"DT-Hane kontakt med 2.0mm\u00b2 kabel | 5 meter\"}]},{\"@type\":\"WebSite\",\"@id\":\"https:\/\/xenonkungen.com\/#website\",\"url\":\"https:\/\/xenonkungen.com\/\",\"name\":\"Xenonkungen\",\"description\":\"\",\"potentialAction\":[{\"@type\":\"SearchAction\",\"target\":{\"@type\":\"EntryPoint\",\"urlTemplate\":\"https:\/\/xenonkungen.com\/?s={search_term_string}\"},\"query-input\":{\"@type\":\"PropertyValueSpecification\",\"valueRequired\":true,\"valueName\":\"search_term_string\"}}],\"inLanguage\":\"de\"}]}<\/script>\n<!-- \/ Yoast SEO plugin. -->","yoast_head_json":{"title":"DT-Stecker mit 2,0 mm\u00b2 Kabel | 5 Meter \u2013 Der Xenon-K\u00f6nig","robots":{"index":"index","follow":"follow","max-snippet":"max-snippet:-1","max-image-preview":"max-image-preview:large","max-video-preview":"max-video-preview:-1"},"canonical":"http:\/\/xenonkungen.com\/de\/produkt\/dt-stecker-mannlich-mit-20-mm\u00b2-kabel-5-meter\/","og_locale":"de_DE","og_type":"article","og_title":"DT-Hane kontakt med 2.0mm\u00b2 kabel | 5 meter - Xenonkungen","og_description":"Anslutningskabel med monterad DT kontakt. Kabelarea 2 mm\u00b2 rekommenderar vi f\u00f6r belysning med max verklig effekt 140W. Deutsch (DT) kontakter \u00e4r standard hos m\u00e5nga tillverkare av entreprenadfordon m.fl. f\u00f6r anslutning av belysning. De flesta av v\u00e5ra egna arbetsljus levereras med DT kontakter d\u00e4r denna typ av kabel medf\u00f6ljer. Inneh\u00e5ll: Kabel 18cm med DT *V\u00e4lj Hona [&hellip;]","og_url":"http:\/\/xenonkungen.com\/de\/produkt\/dt-stecker-mannlich-mit-20-mm\u00b2-kabel-5-meter\/","og_site_name":"Xenonkungen","article_modified_time":"2026-03-04T15:39:19+00:00","og_image":[{"width":1000,"height":1000,"url":"https:\/\/xenonkungen.com\/wp-content\/uploads\/2025\/12\/158014-5m.png","type":"image\/png"}],"twitter_card":"summary_large_image","twitter_misc":{"Gesch\u00e4tzte Lesezeit":"1\u00a0Minute"},"schema":{"@context":"https:\/\/schema.org","@graph":[{"@type":"WebPage","@id":"http:\/\/xenonkungen.com\/fi\/tuote\/dt-urosliitin-2-x-0-mm%c2%b2-kaapelilla-5-metria\/","url":"http:\/\/xenonkungen.com\/fi\/tuote\/dt-urosliitin-2-x-0-mm%c2%b2-kaapelilla-5-metria\/","name":"DT-Stecker mit 2,0 mm\u00b2 Kabel | 5 Meter \u2013 Der Xenon-K\u00f6nig","isPartOf":{"@id":"https:\/\/xenonkungen.com\/#website"},"primaryImageOfPage":{"@id":"http:\/\/xenonkungen.com\/fi\/tuote\/dt-urosliitin-2-x-0-mm%c2%b2-kaapelilla-5-metria\/#primaryimage"},"image":{"@id":"http:\/\/xenonkungen.com\/fi\/tuote\/dt-urosliitin-2-x-0-mm%c2%b2-kaapelilla-5-metria\/#primaryimage"},"thumbnailUrl":"https:\/\/xenonkungen.com\/wp-content\/uploads\/2025\/12\/158014-5m.png","datePublished":"2025-12-12T09:53:27+00:00","dateModified":"2026-03-04T15:39:19+00:00","breadcrumb":{"@id":"http:\/\/xenonkungen.com\/fi\/tuote\/dt-urosliitin-2-x-0-mm%c2%b2-kaapelilla-5-metria\/#breadcrumb"},"inLanguage":"de","potentialAction":[{"@type":"ReadAction","target":["http:\/\/xenonkungen.com\/fi\/tuote\/dt-urosliitin-2-x-0-mm%c2%b2-kaapelilla-5-metria\/"]}]},{"@type":"ImageObject","inLanguage":"de","@id":"http:\/\/xenonkungen.com\/fi\/tuote\/dt-urosliitin-2-x-0-mm%c2%b2-kaapelilla-5-metria\/#primaryimage","url":"https:\/\/xenonkungen.com\/wp-content\/uploads\/2025\/12\/158014-5m.png","contentUrl":"https:\/\/xenonkungen.com\/wp-content\/uploads\/2025\/12\/158014-5m.png","width":1000,"height":1000},{"@type":"BreadcrumbList","@id":"http:\/\/xenonkungen.com\/fi\/tuote\/dt-urosliitin-2-x-0-mm%c2%b2-kaapelilla-5-metria\/#breadcrumb","itemListElement":[{"@type":"ListItem","position":1,"name":"Hem","item":"https:\/\/xenonkungen.com\/"},{"@type":"ListItem","position":2,"name":"Shop","item":"https:\/\/xenonkungen.com\/shop\/"},{"@type":"ListItem","position":3,"name":"DT-Hane kontakt med 2.0mm\u00b2 kabel | 5 meter"}]},{"@type":"WebSite","@id":"https:\/\/xenonkungen.com\/#website","url":"https:\/\/xenonkungen.com\/","name":"Xenonkungen","description":"","potentialAction":[{"@type":"SearchAction","target":{"@type":"EntryPoint","urlTemplate":"https:\/\/xenonkungen.com\/?s={search_term_string}"},"query-input":{"@type":"PropertyValueSpecification","valueRequired":true,"valueName":"search_term_string"}}],"inLanguage":"de"}]}},"taxonomy_info":{"product_brand":[{"value":117,"label":"Xenonkungen"}],"product_cat":[{"value":2467,"label":"Kabel"},{"value":2491,"label":"Rel\u00e4sats"},{"value":2488,"label":"Rel\u00e4sats"},{"value":2489,"label":"Rel\u00e4satser"},{"value":2490,"label":"Rel\u00e4satser"},{"value":390,"label":"Installation"}],"pa_lampsockel-kontakt":[{"value":329,"label":"DT"}]},"featured_image_src_large":["https:\/\/xenonkungen.com\/wp-content\/uploads\/2025\/12\/158014-5m.png",1000,1000,false],"author_info":[],"comment_info":0,"_links":{"self":[{"href":"https:\/\/xenonkungen.com\/de\/wp-json\/wp\/v2\/product\/20913","targetHints":{"allow":["GET"]}}],"collection":[{"href":"https:\/\/xenonkungen.com\/de\/wp-json\/wp\/v2\/product"}],"about":[{"href":"https:\/\/xenonkungen.com\/de\/wp-json\/wp\/v2\/types\/product"}],"replies":[{"embeddable":true,"href":"https:\/\/xenonkungen.com\/de\/wp-json\/wp\/v2\/comments?post=20913"}],"wp:featuredmedia":[{"embeddable":true,"href":"https:\/\/xenonkungen.com\/de\/wp-json\/wp\/v2\/media\/20914"}],"wp:attachment":[{"href":"https:\/\/xenonkungen.com\/de\/wp-json\/wp\/v2\/media?parent=20913"}],"wp:term":[{"taxonomy":"anvandningsomrade","embeddable":true,"href":"https:\/\/xenonkungen.com\/de\/wp-json\/wp\/v2\/anvandningsomrade?post=20913"},{"taxonomy":"bilmarken","embeddable":true,"href":"https:\/\/xenonkungen.com\/de\/wp-json\/wp\/v2\/bilmarken?post=20913"},{"taxonomy":"product_brand","embeddable":true,"href":"https:\/\/xenonkungen.com\/de\/wp-json\/wp\/v2\/product_brand?post=20913"},{"taxonomy":"product_cat","embeddable":true,"href":"https:\/\/xenonkungen.com\/de\/wp-json\/wp\/v2\/product_cat?post=20913"},{"taxonomy":"product_tag","embeddable":true,"href":"https:\/\/xenonkungen.com\/de\/wp-json\/wp\/v2\/product_tag?post=20913"}],"curies":[{"name":"wp","href":"https:\/\/api.w.org\/{rel}","templated":true}]}}