{"id":2111,"date":"2025-04-15T08:32:51","date_gmt":"2025-04-15T08:32:51","guid":{"rendered":"https:\/\/xenonkungen.com\/product\/ledis-on-s2-canbus-motstand-h13\/"},"modified":"2026-03-25T09:17:41","modified_gmt":"2026-03-25T08:17:41","slug":"ledis-on-s2-canbus-resistance-h13","status":"publish","type":"product","link":"https:\/\/xenonkungen.com\/de\/produkt\/ledis-on-s2-canbus-resistance-h13\/","title":{"rendered":"LEDIS-ON\u00ae S2 Canbus-Widerstand H13"},"content":{"rendered":"<p>Dieser Zusatzstoff l\u00f6st die Funktions- und Betriebsprobleme, die bei Fahrzeugen mit \u00fcberwachter Beleuchtung auftreten k\u00f6nnen.<\/p>\n<p>LED-Scheinwerfer usw. haben eine viel geringere Stromaufnahme als entsprechende Halogenlampen.<\/p>\n<p>Dieser Artikel passt f\u00fcr LED-Scheinwerfer der Serie S2 mit Lampenfassung <strong>H13<\/strong>.<\/p>\n<p>Kann auch universell verwendet werden. Stecker abschneiden, wenn er nicht zu Ihrer Beleuchtung passt.<\/p>\n<p>Wird zwischen der LED-Lampe und dem vorhandenen Stromanschluss des Fahrzeugs angeschlossen.<\/p>\n<p>Wird zwischen der LED-Lampe und dem vorhandenen Stromanschluss des Fahrzeugs angeschlossen.<br \/>Nur f\u00fcr 12V-Fahrzeuge.<\/p>\n<p>1 Jahr Garantie.<\/p>","protected":false},"excerpt":{"rendered":"<p>Widerstand zum Funktions-\/St\u00f6rungsschutz im Auto mit Can-Bus-Licht\u00fcberwachung bei Umr\u00fcstung auf LED-Scheinwerfer.<\/p>","protected":false},"featured_media":2112,"comment_status":"closed","ping_status":"open","template":"","meta":{"_acf_changed":false,"_smort_price_nok":"160","_smort_price_dkk":"200","_smort_price_eur":"26.82","_smort_sale_price_nok":"160","_smort_sale_price_dkk":"","_smort_sale_price_eur":"","smort_restorder":"","shipmondo_restorder":"","_kad_blocks_custom_css":"","_kad_blocks_head_custom_js":"","_kad_blocks_body_custom_js":"","_kad_blocks_footer_custom_js":"","smort_custom_pricelist_1":"188.8","smort_custom_pricelist_2":"165.2","smort_custom_pricelist_3":"156.94","smort_custom_pricelist_4":"236","smort_custom_pricelist_5":"165.2"},"anvandningsomrade":[],"bilmarken":[],"product_brand":[100],"product_cat":[2487,390,1402],"product_tag":[],"class_list":{"0":"post-2111","1":"product","2":"type-product","3":"status-publish","4":"has-post-thumbnail","6":"product_brand-ledis-on","7":"product_cat-canbus-installation","8":"product_cat-installation","9":"product_cat-outlet","10":"pa_lampsockel-kontakt-h13","11":"pa_volt-v-159","13":"first","14":"instock","15":"sale","16":"taxable","17":"shipping-taxable","18":"purchasable","19":"product-type-simple"},"bundled_by":[],"bundle_stock_status":"instock","bundle_stock_quantity":9,"bundle_virtual":false,"bundle_layout":"","bundle_add_to_cart_form_location":"","bundle_editable_in_cart":false,"bundle_sold_individually_context":"","bundle_item_grouping":"","bundle_min_size":"","bundle_max_size":"","bundle_price":[],"bundled_items":[],"bundle_sell_ids":[],"acf":[],"yoast_head":"<!-- This site is optimized with the Yoast SEO plugin v27.0 - https:\/\/yoast.com\/product\/yoast-seo-wordpress\/ -->\n<title>LEDIS-ON\u00ae S2 Canbus-Motst\u00e5nd H13 - Xenonkungen<\/title>\n<meta name=\"robots\" content=\"index, follow, max-snippet:-1, max-image-preview:large, max-video-preview:-1\" \/>\n<link rel=\"canonical\" href=\"https:\/\/xenonkungen.com\/de\/produkt\/ledis-on-s2-canbus-resistance-h13\/\" \/>\n<meta property=\"og:locale\" content=\"de_DE\" \/>\n<meta property=\"og:type\" content=\"article\" \/>\n<meta property=\"og:title\" content=\"LEDIS-ON\u00ae S2 Canbus-Motst\u00e5nd H13 - Xenonkungen\" \/>\n<meta property=\"og:description\" content=\"Motst\u00e5nd f\u00f6r funktion\/avst\u00f6rningsskydd i bil med Can-bus ljus\u00f6vervakning vid konvertering till LED Headlights.\" \/>\n<meta property=\"og:url\" content=\"https:\/\/xenonkungen.com\/de\/produkt\/ledis-on-s2-canbus-resistance-h13\/\" \/>\n<meta property=\"og:site_name\" content=\"Xenonkungen\" \/>\n<meta property=\"article:modified_time\" content=\"2026-03-25T08:17:41+00:00\" \/>\n<meta property=\"og:image\" content=\"https:\/\/xenonkungen.com\/wp-content\/uploads\/2025\/04\/85095193-origpic-8b1d2b.jpg\" \/>\n\t<meta property=\"og:image:width\" content=\"700\" \/>\n\t<meta property=\"og:image:height\" content=\"700\" \/>\n\t<meta property=\"og:image:type\" content=\"image\/jpeg\" \/>\n<meta name=\"twitter:card\" content=\"summary_large_image\" \/>\n<script type=\"application\/ld+json\" class=\"yoast-schema-graph\">{\"@context\":\"https:\/\/schema.org\",\"@graph\":[{\"@type\":\"WebPage\",\"@id\":\"https:\/\/xenonkungen.com\/produkt\/ledis-on-s2-canbus-motstand-h13\/\",\"url\":\"https:\/\/xenonkungen.com\/produkt\/ledis-on-s2-canbus-motstand-h13\/\",\"name\":\"LEDIS-ON\u00ae S2 Canbus-Motst\u00e5nd H13 - Xenonkungen\",\"isPartOf\":{\"@id\":\"https:\/\/xenonkungen.com\/#website\"},\"primaryImageOfPage\":{\"@id\":\"https:\/\/xenonkungen.com\/produkt\/ledis-on-s2-canbus-motstand-h13\/#primaryimage\"},\"image\":{\"@id\":\"https:\/\/xenonkungen.com\/produkt\/ledis-on-s2-canbus-motstand-h13\/#primaryimage\"},\"thumbnailUrl\":\"https:\/\/xenonkungen.com\/wp-content\/uploads\/2025\/04\/85095193-origpic-8b1d2b.jpg\",\"datePublished\":\"2025-04-15T08:32:51+00:00\",\"dateModified\":\"2026-03-25T08:17:41+00:00\",\"breadcrumb\":{\"@id\":\"https:\/\/xenonkungen.com\/produkt\/ledis-on-s2-canbus-motstand-h13\/#breadcrumb\"},\"inLanguage\":\"de\",\"potentialAction\":[{\"@type\":\"ReadAction\",\"target\":[\"https:\/\/xenonkungen.com\/produkt\/ledis-on-s2-canbus-motstand-h13\/\"]}]},{\"@type\":\"ImageObject\",\"inLanguage\":\"de\",\"@id\":\"https:\/\/xenonkungen.com\/produkt\/ledis-on-s2-canbus-motstand-h13\/#primaryimage\",\"url\":\"https:\/\/xenonkungen.com\/wp-content\/uploads\/2025\/04\/85095193-origpic-8b1d2b.jpg\",\"contentUrl\":\"https:\/\/xenonkungen.com\/wp-content\/uploads\/2025\/04\/85095193-origpic-8b1d2b.jpg\",\"width\":700,\"height\":700},{\"@type\":\"BreadcrumbList\",\"@id\":\"https:\/\/xenonkungen.com\/produkt\/ledis-on-s2-canbus-motstand-h13\/#breadcrumb\",\"itemListElement\":[{\"@type\":\"ListItem\",\"position\":1,\"name\":\"Hem\",\"item\":\"https:\/\/xenonkungen.com\/\"},{\"@type\":\"ListItem\",\"position\":2,\"name\":\"Shop\",\"item\":\"https:\/\/xenonkungen.com\/shop\/\"},{\"@type\":\"ListItem\",\"position\":3,\"name\":\"LEDIS-ON\u00ae S2 Canbus-Motst\u00e5nd H13\"}]},{\"@type\":\"WebSite\",\"@id\":\"https:\/\/xenonkungen.com\/#website\",\"url\":\"https:\/\/xenonkungen.com\/\",\"name\":\"Xenonkungen\",\"description\":\"\",\"potentialAction\":[{\"@type\":\"SearchAction\",\"target\":{\"@type\":\"EntryPoint\",\"urlTemplate\":\"https:\/\/xenonkungen.com\/?s={search_term_string}\"},\"query-input\":{\"@type\":\"PropertyValueSpecification\",\"valueRequired\":true,\"valueName\":\"search_term_string\"}}],\"inLanguage\":\"de\"}]}<\/script>\n<!-- \/ Yoast SEO plugin. -->","yoast_head_json":{"title":"LEDIS-ON\u00ae S2 Canbus Widerstand H13 - Xenonkungen","robots":{"index":"index","follow":"follow","max-snippet":"max-snippet:-1","max-image-preview":"max-image-preview:large","max-video-preview":"max-video-preview:-1"},"canonical":"https:\/\/xenonkungen.com\/de\/produkt\/ledis-on-s2-canbus-resistance-h13\/","og_locale":"de_DE","og_type":"article","og_title":"LEDIS-ON\u00ae S2 Canbus-Motst\u00e5nd H13 - Xenonkungen","og_description":"Motst\u00e5nd f\u00f6r funktion\/avst\u00f6rningsskydd i bil med Can-bus ljus\u00f6vervakning vid konvertering till LED Headlights.","og_url":"https:\/\/xenonkungen.com\/de\/produkt\/ledis-on-s2-canbus-resistance-h13\/","og_site_name":"Xenonkungen","article_modified_time":"2026-03-25T08:17:41+00:00","og_image":[{"width":700,"height":700,"url":"https:\/\/xenonkungen.com\/wp-content\/uploads\/2025\/04\/85095193-origpic-8b1d2b.jpg","type":"image\/jpeg"}],"twitter_card":"summary_large_image","schema":{"@context":"https:\/\/schema.org","@graph":[{"@type":"WebPage","@id":"https:\/\/xenonkungen.com\/produkt\/ledis-on-s2-canbus-motstand-h13\/","url":"https:\/\/xenonkungen.com\/produkt\/ledis-on-s2-canbus-motstand-h13\/","name":"LEDIS-ON\u00ae S2 Canbus Widerstand H13 - Xenonkungen","isPartOf":{"@id":"https:\/\/xenonkungen.com\/#website"},"primaryImageOfPage":{"@id":"https:\/\/xenonkungen.com\/produkt\/ledis-on-s2-canbus-motstand-h13\/#primaryimage"},"image":{"@id":"https:\/\/xenonkungen.com\/produkt\/ledis-on-s2-canbus-motstand-h13\/#primaryimage"},"thumbnailUrl":"https:\/\/xenonkungen.com\/wp-content\/uploads\/2025\/04\/85095193-origpic-8b1d2b.jpg","datePublished":"2025-04-15T08:32:51+00:00","dateModified":"2026-03-25T08:17:41+00:00","breadcrumb":{"@id":"https:\/\/xenonkungen.com\/produkt\/ledis-on-s2-canbus-motstand-h13\/#breadcrumb"},"inLanguage":"de","potentialAction":[{"@type":"ReadAction","target":["https:\/\/xenonkungen.com\/produkt\/ledis-on-s2-canbus-motstand-h13\/"]}]},{"@type":"ImageObject","inLanguage":"de","@id":"https:\/\/xenonkungen.com\/produkt\/ledis-on-s2-canbus-motstand-h13\/#primaryimage","url":"https:\/\/xenonkungen.com\/wp-content\/uploads\/2025\/04\/85095193-origpic-8b1d2b.jpg","contentUrl":"https:\/\/xenonkungen.com\/wp-content\/uploads\/2025\/04\/85095193-origpic-8b1d2b.jpg","width":700,"height":700},{"@type":"BreadcrumbList","@id":"https:\/\/xenonkungen.com\/produkt\/ledis-on-s2-canbus-motstand-h13\/#breadcrumb","itemListElement":[{"@type":"ListItem","position":1,"name":"Hem","item":"https:\/\/xenonkungen.com\/"},{"@type":"ListItem","position":2,"name":"Shop","item":"https:\/\/xenonkungen.com\/shop\/"},{"@type":"ListItem","position":3,"name":"LEDIS-ON\u00ae S2 Canbus-Motst\u00e5nd H13"}]},{"@type":"WebSite","@id":"https:\/\/xenonkungen.com\/#website","url":"https:\/\/xenonkungen.com\/","name":"Xenonkungen","description":"","potentialAction":[{"@type":"SearchAction","target":{"@type":"EntryPoint","urlTemplate":"https:\/\/xenonkungen.com\/?s={search_term_string}"},"query-input":{"@type":"PropertyValueSpecification","valueRequired":true,"valueName":"search_term_string"}}],"inLanguage":"de"}]}},"taxonomy_info":{"product_brand":[{"value":100,"label":"LEDIS-ON"}],"product_cat":[{"value":2487,"label":"Canbus"},{"value":390,"label":"Installation"},{"value":1402,"label":"Outlet"}],"pa_lampsockel-kontakt":[{"value":369,"label":"H13"}],"pa_volt-v":[{"value":159,"label":"12"}]},"featured_image_src_large":["https:\/\/xenonkungen.com\/wp-content\/uploads\/2025\/04\/85095193-origpic-8b1d2b.jpg",700,700,false],"author_info":[],"comment_info":0,"_links":{"self":[{"href":"https:\/\/xenonkungen.com\/de\/wp-json\/wp\/v2\/product\/2111","targetHints":{"allow":["GET"]}}],"collection":[{"href":"https:\/\/xenonkungen.com\/de\/wp-json\/wp\/v2\/product"}],"about":[{"href":"https:\/\/xenonkungen.com\/de\/wp-json\/wp\/v2\/types\/product"}],"replies":[{"embeddable":true,"href":"https:\/\/xenonkungen.com\/de\/wp-json\/wp\/v2\/comments?post=2111"}],"wp:featuredmedia":[{"embeddable":true,"href":"https:\/\/xenonkungen.com\/de\/wp-json\/wp\/v2\/media\/2112"}],"wp:attachment":[{"href":"https:\/\/xenonkungen.com\/de\/wp-json\/wp\/v2\/media?parent=2111"}],"wp:term":[{"taxonomy":"anvandningsomrade","embeddable":true,"href":"https:\/\/xenonkungen.com\/de\/wp-json\/wp\/v2\/anvandningsomrade?post=2111"},{"taxonomy":"bilmarken","embeddable":true,"href":"https:\/\/xenonkungen.com\/de\/wp-json\/wp\/v2\/bilmarken?post=2111"},{"taxonomy":"product_brand","embeddable":true,"href":"https:\/\/xenonkungen.com\/de\/wp-json\/wp\/v2\/product_brand?post=2111"},{"taxonomy":"product_cat","embeddable":true,"href":"https:\/\/xenonkungen.com\/de\/wp-json\/wp\/v2\/product_cat?post=2111"},{"taxonomy":"product_tag","embeddable":true,"href":"https:\/\/xenonkungen.com\/de\/wp-json\/wp\/v2\/product_tag?post=2111"}],"curies":[{"name":"wp","href":"https:\/\/api.w.org\/{rel}","templated":true}]}}