{"id":2130,"date":"2025-04-15T08:33:25","date_gmt":"2025-04-15T08:33:25","guid":{"rendered":"https:\/\/xenonkungen.com\/product\/ba15s-1156-signal-amber\/"},"modified":"2026-04-17T12:04:58","modified_gmt":"2026-04-17T11:04:58","slug":"ba15s-1156-signal-gelb","status":"publish","type":"product","link":"https:\/\/xenonkungen.com\/de\/produkt\/ba15s-1156-signal-gelb\/","title":{"rendered":"BA15S | 1156 Signal Bernstein"},"content":{"rendered":"<p>Bei der Umstellung auf Diodenlampen in den Blinkern des Fahrzeugs tritt in der Regel das Ph\u00e4nomen des schnellen Blinkens auf oder es funktioniert \u00fcberhaupt nicht. Die L\u00f6sung besteht darin, einen Leistungswiderstand an jede Lampe anzuschlie\u00dfen. Der gebr\u00e4uchlichste Widerstand wird jedoch sehr hei\u00df (ca. 140 \u00b0C), was zu schweren Sch\u00e4den an der Lampe f\u00fchren kann.<\/p>\n<p>Dieser Artikel funktioniert direkt ohne den Zusatz von zus\u00e4tzlichen Widerst\u00e4nden. Halogen P21W\/BA15S zieht 21W und unsere BA15S Amber Signal zieht 20,4W, die das elektrische System die Lampe zu akzeptieren.<\/p>\n<p>Gleichbleibend hohe Qualit\u00e4t mit unabh\u00e4ngiger Polarit\u00e4t (+\/-), Induktivit\u00e4tsschaltung, sicher f\u00fcr Stromspitzen bis zu 32V und Konstantstromregelung (IC).<\/p>\n<p>Bitte beachten Sie!<br \/>Dieser Artikel ist nur als normal gro\u00dfe Signal-\/Blinkleuchte gedacht. Als Dauerlicht wird die Lampe \u00fcberhitzen und durchbrennen. Die Garantie deckt solche Anwendungen oder Folgesch\u00e4den nicht ab.<\/p>","protected":false},"excerpt":{"rendered":"<p>Plug-and-Play-LED-Anzeigeleuchte, die keine Widerst\u00e4nde oder Relais ben\u00f6tigt.<\/p>","protected":false},"featured_media":2131,"comment_status":"closed","ping_status":"open","template":"","meta":{"_acf_changed":false,"_smort_price_nok":"240","_smort_price_dkk":"153","_smort_price_eur":"20.45","_smort_sale_price_nok":"","_smort_sale_price_dkk":"","_smort_sale_price_eur":"","smort_restorder":"","shipmondo_restorder":"","_kad_blocks_custom_css":"","_kad_blocks_head_custom_js":"","_kad_blocks_body_custom_js":"","_kad_blocks_footer_custom_js":"","smort_custom_pricelist_1":"144","smort_custom_pricelist_2":"126","smort_custom_pricelist_3":"119.7","smort_custom_pricelist_4":"180","smort_custom_pricelist_5":"126"},"anvandningsomrade":[],"bilmarken":[],"product_brand":[117],"product_cat":[2515,2516,338],"product_tag":[],"class_list":{"0":"post-2130","1":"product","2":"type-product","3":"status-publish","4":"has-post-thumbnail","6":"product_brand-xenonkungen","7":"product_cat-ba15s","8":"product_cat-p21w","9":"product_cat-diodlampor","10":"pa_faktisk-effekts-forbrukning-719","11":"pa_fargtemperatur-amber","12":"pa_lampsockel-kontakt-ba15s-p21w-1156","13":"pa_led-chips-effekt-w-749","14":"pa_volt-v-159","16":"first","17":"instock","18":"taxable","19":"shipping-taxable","20":"purchasable","21":"product-type-simple"},"bundled_by":[],"bundle_stock_status":"instock","bundle_stock_quantity":18,"bundle_virtual":false,"bundle_layout":"","bundle_add_to_cart_form_location":"","bundle_editable_in_cart":false,"bundle_sold_individually_context":"","bundle_item_grouping":"","bundle_min_size":"","bundle_max_size":"","bundle_price":[],"bundled_items":[],"bundle_sell_ids":[],"acf":[],"yoast_head":"<!-- This site is optimized with the Yoast SEO plugin v27.0 - https:\/\/yoast.com\/product\/yoast-seo-wordpress\/ -->\n<title>BA15S | 1156 Signal Amber - Xenonkungen<\/title>\n<meta name=\"robots\" content=\"index, follow, max-snippet:-1, max-image-preview:large, max-video-preview:-1\" \/>\n<link rel=\"canonical\" href=\"https:\/\/xenonkungen.com\/de\/produkt\/ba15s-1156-signal-gelb\/\" \/>\n<meta property=\"og:locale\" content=\"de_DE\" \/>\n<meta property=\"og:type\" content=\"article\" \/>\n<meta property=\"og:title\" content=\"BA15S | 1156 Signal Amber - Xenonkungen\" \/>\n<meta property=\"og:description\" content=\"Plug-n-play LED blinkerslampa utan behov av motst\u00e5nd eller byte av rel\u00e4.\" \/>\n<meta property=\"og:url\" content=\"https:\/\/xenonkungen.com\/de\/produkt\/ba15s-1156-signal-gelb\/\" \/>\n<meta property=\"og:site_name\" content=\"Xenonkungen\" \/>\n<meta property=\"article:modified_time\" content=\"2026-04-17T11:04:58+00:00\" \/>\n<meta property=\"og:image\" content=\"https:\/\/xenonkungen.com\/wp-content\/uploads\/2025\/04\/141223810-origpic-edbe4e.png\" \/>\n\t<meta property=\"og:image:width\" content=\"1000\" \/>\n\t<meta property=\"og:image:height\" content=\"1000\" \/>\n\t<meta property=\"og:image:type\" content=\"image\/png\" \/>\n<meta name=\"twitter:card\" content=\"summary_large_image\" \/>\n<meta name=\"twitter:label1\" content=\"Gesch\u00e4tzte Lesezeit\" \/>\n\t<meta name=\"twitter:data1\" content=\"1\u00a0Minute\" \/>\n<script type=\"application\/ld+json\" class=\"yoast-schema-graph\">{\"@context\":\"https:\/\/schema.org\",\"@graph\":[{\"@type\":\"WebPage\",\"@id\":\"https:\/\/xenonkungen.com\/es\/producto\/ba15s-1156-signal-amber\/\",\"url\":\"https:\/\/xenonkungen.com\/es\/producto\/ba15s-1156-signal-amber\/\",\"name\":\"BA15S | 1156 Signal Amber - Xenonkungen\",\"isPartOf\":{\"@id\":\"https:\/\/xenonkungen.com\/#website\"},\"primaryImageOfPage\":{\"@id\":\"https:\/\/xenonkungen.com\/es\/producto\/ba15s-1156-signal-amber\/#primaryimage\"},\"image\":{\"@id\":\"https:\/\/xenonkungen.com\/es\/producto\/ba15s-1156-signal-amber\/#primaryimage\"},\"thumbnailUrl\":\"https:\/\/xenonkungen.com\/wp-content\/uploads\/2025\/04\/141223810-origpic-edbe4e.png\",\"datePublished\":\"2025-04-15T08:33:25+00:00\",\"dateModified\":\"2026-04-17T11:04:58+00:00\",\"breadcrumb\":{\"@id\":\"https:\/\/xenonkungen.com\/es\/producto\/ba15s-1156-signal-amber\/#breadcrumb\"},\"inLanguage\":\"de\",\"potentialAction\":[{\"@type\":\"ReadAction\",\"target\":[\"https:\/\/xenonkungen.com\/es\/producto\/ba15s-1156-signal-amber\/\"]}]},{\"@type\":\"ImageObject\",\"inLanguage\":\"de\",\"@id\":\"https:\/\/xenonkungen.com\/es\/producto\/ba15s-1156-signal-amber\/#primaryimage\",\"url\":\"https:\/\/xenonkungen.com\/wp-content\/uploads\/2025\/04\/141223810-origpic-edbe4e.png\",\"contentUrl\":\"https:\/\/xenonkungen.com\/wp-content\/uploads\/2025\/04\/141223810-origpic-edbe4e.png\",\"width\":1000,\"height\":1000},{\"@type\":\"BreadcrumbList\",\"@id\":\"https:\/\/xenonkungen.com\/es\/producto\/ba15s-1156-signal-amber\/#breadcrumb\",\"itemListElement\":[{\"@type\":\"ListItem\",\"position\":1,\"name\":\"Hem\",\"item\":\"https:\/\/xenonkungen.com\/\"},{\"@type\":\"ListItem\",\"position\":2,\"name\":\"Shop\",\"item\":\"https:\/\/xenonkungen.com\/shop\/\"},{\"@type\":\"ListItem\",\"position\":3,\"name\":\"BA15S | 1156 Signal Amber\"}]},{\"@type\":\"WebSite\",\"@id\":\"https:\/\/xenonkungen.com\/#website\",\"url\":\"https:\/\/xenonkungen.com\/\",\"name\":\"Xenonkungen\",\"description\":\"\",\"potentialAction\":[{\"@type\":\"SearchAction\",\"target\":{\"@type\":\"EntryPoint\",\"urlTemplate\":\"https:\/\/xenonkungen.com\/?s={search_term_string}\"},\"query-input\":{\"@type\":\"PropertyValueSpecification\",\"valueRequired\":true,\"valueName\":\"search_term_string\"}}],\"inLanguage\":\"de\"}]}<\/script>\n<!-- \/ Yoast SEO plugin. -->","yoast_head_json":{"title":"BA15S | 1156 Signal Amber \u2013 Der Xenon-K\u00f6nig","robots":{"index":"index","follow":"follow","max-snippet":"max-snippet:-1","max-image-preview":"max-image-preview:large","max-video-preview":"max-video-preview:-1"},"canonical":"https:\/\/xenonkungen.com\/de\/produkt\/ba15s-1156-signal-gelb\/","og_locale":"de_DE","og_type":"article","og_title":"BA15S | 1156 Signal Amber - Xenonkungen","og_description":"Plug-n-play LED blinkerslampa utan behov av motst\u00e5nd eller byte av rel\u00e4.","og_url":"https:\/\/xenonkungen.com\/de\/produkt\/ba15s-1156-signal-gelb\/","og_site_name":"Xenonkungen","article_modified_time":"2026-04-17T11:04:58+00:00","og_image":[{"width":1000,"height":1000,"url":"https:\/\/xenonkungen.com\/wp-content\/uploads\/2025\/04\/141223810-origpic-edbe4e.png","type":"image\/png"}],"twitter_card":"summary_large_image","twitter_misc":{"Gesch\u00e4tzte Lesezeit":"1\u00a0Minute"},"schema":{"@context":"https:\/\/schema.org","@graph":[{"@type":"WebPage","@id":"https:\/\/xenonkungen.com\/es\/producto\/ba15s-1156-signal-amber\/","url":"https:\/\/xenonkungen.com\/es\/producto\/ba15s-1156-signal-amber\/","name":"BA15S | 1156 Signal Amber \u2013 Der Xenon-K\u00f6nig","isPartOf":{"@id":"https:\/\/xenonkungen.com\/#website"},"primaryImageOfPage":{"@id":"https:\/\/xenonkungen.com\/es\/producto\/ba15s-1156-signal-amber\/#primaryimage"},"image":{"@id":"https:\/\/xenonkungen.com\/es\/producto\/ba15s-1156-signal-amber\/#primaryimage"},"thumbnailUrl":"https:\/\/xenonkungen.com\/wp-content\/uploads\/2025\/04\/141223810-origpic-edbe4e.png","datePublished":"2025-04-15T08:33:25+00:00","dateModified":"2026-04-17T11:04:58+00:00","breadcrumb":{"@id":"https:\/\/xenonkungen.com\/es\/producto\/ba15s-1156-signal-amber\/#breadcrumb"},"inLanguage":"de","potentialAction":[{"@type":"ReadAction","target":["https:\/\/xenonkungen.com\/es\/producto\/ba15s-1156-signal-amber\/"]}]},{"@type":"ImageObject","inLanguage":"de","@id":"https:\/\/xenonkungen.com\/es\/producto\/ba15s-1156-signal-amber\/#primaryimage","url":"https:\/\/xenonkungen.com\/wp-content\/uploads\/2025\/04\/141223810-origpic-edbe4e.png","contentUrl":"https:\/\/xenonkungen.com\/wp-content\/uploads\/2025\/04\/141223810-origpic-edbe4e.png","width":1000,"height":1000},{"@type":"BreadcrumbList","@id":"https:\/\/xenonkungen.com\/es\/producto\/ba15s-1156-signal-amber\/#breadcrumb","itemListElement":[{"@type":"ListItem","position":1,"name":"Hem","item":"https:\/\/xenonkungen.com\/"},{"@type":"ListItem","position":2,"name":"Shop","item":"https:\/\/xenonkungen.com\/shop\/"},{"@type":"ListItem","position":3,"name":"BA15S | 1156 Signal Amber"}]},{"@type":"WebSite","@id":"https:\/\/xenonkungen.com\/#website","url":"https:\/\/xenonkungen.com\/","name":"Xenonkungen","description":"","potentialAction":[{"@type":"SearchAction","target":{"@type":"EntryPoint","urlTemplate":"https:\/\/xenonkungen.com\/?s={search_term_string}"},"query-input":{"@type":"PropertyValueSpecification","valueRequired":true,"valueName":"search_term_string"}}],"inLanguage":"de"}]}},"taxonomy_info":{"product_brand":[{"value":117,"label":"Xenonkungen"}],"product_cat":[{"value":2515,"label":"BA15S"},{"value":2516,"label":"P21W"},{"value":338,"label":"Diodlampor"}],"pa_faktisk-effekts-forbrukning":[{"value":719,"label":"204"}],"pa_fargtemperatur":[{"value":745,"label":"Amber"}],"pa_lampsockel-kontakt":[{"value":750,"label":"BA15S, P21W, 1156"}],"pa_led-chips-effekt-w":[{"value":749,"label":"21"}],"pa_volt-v":[{"value":159,"label":"12"}]},"featured_image_src_large":["https:\/\/xenonkungen.com\/wp-content\/uploads\/2025\/04\/141223810-origpic-edbe4e.png",1000,1000,false],"author_info":[],"comment_info":0,"_links":{"self":[{"href":"https:\/\/xenonkungen.com\/de\/wp-json\/wp\/v2\/product\/2130","targetHints":{"allow":["GET"]}}],"collection":[{"href":"https:\/\/xenonkungen.com\/de\/wp-json\/wp\/v2\/product"}],"about":[{"href":"https:\/\/xenonkungen.com\/de\/wp-json\/wp\/v2\/types\/product"}],"replies":[{"embeddable":true,"href":"https:\/\/xenonkungen.com\/de\/wp-json\/wp\/v2\/comments?post=2130"}],"wp:featuredmedia":[{"embeddable":true,"href":"https:\/\/xenonkungen.com\/de\/wp-json\/wp\/v2\/media\/2131"}],"wp:attachment":[{"href":"https:\/\/xenonkungen.com\/de\/wp-json\/wp\/v2\/media?parent=2130"}],"wp:term":[{"taxonomy":"anvandningsomrade","embeddable":true,"href":"https:\/\/xenonkungen.com\/de\/wp-json\/wp\/v2\/anvandningsomrade?post=2130"},{"taxonomy":"bilmarken","embeddable":true,"href":"https:\/\/xenonkungen.com\/de\/wp-json\/wp\/v2\/bilmarken?post=2130"},{"taxonomy":"product_brand","embeddable":true,"href":"https:\/\/xenonkungen.com\/de\/wp-json\/wp\/v2\/product_brand?post=2130"},{"taxonomy":"product_cat","embeddable":true,"href":"https:\/\/xenonkungen.com\/de\/wp-json\/wp\/v2\/product_cat?post=2130"},{"taxonomy":"product_tag","embeddable":true,"href":"https:\/\/xenonkungen.com\/de\/wp-json\/wp\/v2\/product_tag?post=2130"}],"curies":[{"name":"wp","href":"https:\/\/api.w.org\/{rel}","templated":true}]}}