{"id":2146,"date":"2025-04-15T08:33:25","date_gmt":"2025-04-15T08:33:25","guid":{"rendered":"https:\/\/xenonkungen.com\/product\/ba15s1156-30smd-12-24v-gul-amber\/"},"modified":"2026-04-17T12:05:01","modified_gmt":"2026-04-17T11:05:01","slug":"ba15s1156-30smd-12-24v-gelb-bernstein","status":"publish","type":"product","link":"https:\/\/xenonkungen.com\/de\/produkt\/ba15s1156-30smd-12-24v-gelb-bernstein\/","title":{"rendered":"BA15S|1156 30SMD 12-24V gelb\/gelb"},"content":{"rendered":"<p>BA15S 1-Pin Gelbe (bernsteinfarbene) Diodenlampe, die Gl\u00fchlampen wie PY21W und andere ersetzen kann.<br \/>\nBei Lampenfassungen des Typs BAU15S kann man einen \u201eStift\u201c an der Seite abfeilen.<\/p>\n<p>Diese hochwertige Lampe ist f\u00fcr Leistungsspitzen bis zu 32 V geeignet und verf\u00fcgt \u00fcber eine Konstantstromregelung.<\/p>\n<p>Das Ergebnis ist eine erschwingliche Diodenlampe von hoher Qualit\u00e4t und Verarbeitung und nicht vergleichbar mit \u00e4hnlichen Lampen auf dem Markt.<\/p>\n<p><strong>NOTIZ:<\/strong> Wenn Sie die Blinker Ihres Autos auf LED umr\u00fcsten m\u00f6chten, k\u00f6nnen Sie nur die beiden vorderen Blinker austauschen. <em>oder<\/em> nur hinten, also nicht rundum. Dies liegt an unzureichendem Widerstand.<br \/>\nSiehe Artikel 150944 BA15S Gelbes Signal, das voll funktionsf\u00e4hig ist.<\/p>\n<p>Um optimale Ergebnisse zu erzielen, w\u00e4hlen Sie immer die gleiche Farbe f\u00fcr die LED-Lampe wie f\u00fcr das Lampenglas, z. B. rote LEDs f\u00fcr rotes Lampenglas.<\/p>","protected":false},"excerpt":{"rendered":"<p>BA15S 1-polig Gul (Amber) diodlampa som kan ers\u00e4tta gl\u00f6dlampa PY21W m.fl. Vid lampsockel BAU15S kan du fila bort en &#8217;pinne&#8217; p\u00e5 sidan. Denna kvalitetslampa \u00e4r s\u00e4ker f\u00f6r str\u00f6mtoppar upp till 32V samt har konstant str\u00f6mreglering. Resultatet \u00e4r en prisv\u00e4rd diodlampa av h\u00f6g kvalitet och utf\u00f6rande och ej j\u00e4mf\u00f6rbar med liknande lampor p\u00e5 marknaden. NOTERA: Om [&hellip;]<\/p>","protected":false},"featured_media":2147,"comment_status":"closed","ping_status":"closed","template":"","meta":{"_acf_changed":false,"_smort_price_nok":"262","_smort_price_dkk":"166","_smort_price_eur":"22.27","_smort_sale_price_nok":"","_smort_sale_price_dkk":"","_smort_sale_price_eur":"","smort_restorder":"","shipmondo_restorder":"","_kad_blocks_custom_css":"","_kad_blocks_head_custom_js":"","_kad_blocks_body_custom_js":"","_kad_blocks_footer_custom_js":"","smort_custom_pricelist_1":"156.8","smort_custom_pricelist_2":"137.2","smort_custom_pricelist_3":"130.34","smort_custom_pricelist_4":"196","smort_custom_pricelist_5":"137.2"},"anvandningsomrade":[],"bilmarken":[],"product_brand":[117],"product_cat":[2515,2516,338],"product_tag":[],"class_list":{"0":"post-2146","1":"product","2":"type-product","3":"status-publish","4":"has-post-thumbnail","6":"product_brand-xenonkungen","7":"product_cat-ba15s","8":"product_cat-p21w","9":"product_cat-diodlampor","10":"pa_faktisk-effekts-forbrukning-751","11":"pa_fargtemperatur-amber","12":"pa_lampsockel-kontakt-ba15s-p21w-r10-r5w-1156","13":"pa_led-chips-effekt-w-749","14":"pa_ljusspridning-grader-752","15":"pa_storlek-mm-38x18","16":"pa_volt-v-12-24","18":"first","19":"instock","20":"taxable","21":"shipping-taxable","22":"purchasable","23":"product-type-simple"},"bundled_by":[],"bundle_stock_status":"instock","bundle_stock_quantity":52,"bundle_virtual":false,"bundle_layout":"","bundle_add_to_cart_form_location":"","bundle_editable_in_cart":false,"bundle_sold_individually_context":"","bundle_item_grouping":"","bundle_min_size":"","bundle_max_size":"","bundle_price":[],"bundled_items":[],"bundle_sell_ids":[],"acf":[],"yoast_head":"<!-- This site is optimized with the Yoast SEO plugin v27.0 - https:\/\/yoast.com\/product\/yoast-seo-wordpress\/ -->\n<title>BA15S|1156 30SMD 12-24V Gul\/Amber - Xenonkungen<\/title>\n<meta name=\"robots\" content=\"index, follow, max-snippet:-1, max-image-preview:large, max-video-preview:-1\" \/>\n<link rel=\"canonical\" href=\"https:\/\/xenonkungen.com\/de\/produkt\/ba15s1156-30smd-12-24v-gelb-bernstein\/\" \/>\n<meta property=\"og:locale\" content=\"de_DE\" \/>\n<meta property=\"og:type\" content=\"article\" \/>\n<meta property=\"og:title\" content=\"BA15S|1156 30SMD 12-24V Gul\/Amber - Xenonkungen\" \/>\n<meta property=\"og:description\" content=\"BA15S 1-polig Gul (Amber) diodlampa som kan ers\u00e4tta gl\u00f6dlampa PY21W m.fl. Vid lampsockel BAU15S kan du fila bort en &#8217;pinne&#8217; p\u00e5 sidan. Denna kvalitetslampa \u00e4r s\u00e4ker f\u00f6r str\u00f6mtoppar upp till 32V samt har konstant str\u00f6mreglering. Resultatet \u00e4r en prisv\u00e4rd diodlampa av h\u00f6g kvalitet och utf\u00f6rande och ej j\u00e4mf\u00f6rbar med liknande lampor p\u00e5 marknaden. NOTERA: Om [&hellip;]\" \/>\n<meta property=\"og:url\" content=\"https:\/\/xenonkungen.com\/de\/produkt\/ba15s1156-30smd-12-24v-gelb-bernstein\/\" \/>\n<meta property=\"og:site_name\" content=\"Xenonkungen\" \/>\n<meta property=\"article:modified_time\" content=\"2026-04-17T11:05:01+00:00\" \/>\n<meta property=\"og:image\" content=\"https:\/\/xenonkungen.com\/wp-content\/uploads\/2025\/04\/22364497-origpic-ff2a8b.png\" \/>\n\t<meta property=\"og:image:width\" content=\"1000\" \/>\n\t<meta property=\"og:image:height\" content=\"1000\" \/>\n\t<meta property=\"og:image:type\" content=\"image\/png\" \/>\n<meta name=\"twitter:card\" content=\"summary_large_image\" \/>\n<meta name=\"twitter:label1\" content=\"Gesch\u00e4tzte Lesezeit\" \/>\n\t<meta name=\"twitter:data1\" content=\"1\u00a0Minute\" \/>\n<script type=\"application\/ld+json\" class=\"yoast-schema-graph\">{\"@context\":\"https:\/\/schema.org\",\"@graph\":[{\"@type\":\"WebPage\",\"@id\":\"https:\/\/xenonkungen.com\/produkt\/ba15s1156-30smd-12-24v-gul-amber\/\",\"url\":\"https:\/\/xenonkungen.com\/produkt\/ba15s1156-30smd-12-24v-gul-amber\/\",\"name\":\"BA15S|1156 30SMD 12-24V Gul\/Amber - Xenonkungen\",\"isPartOf\":{\"@id\":\"https:\/\/xenonkungen.com\/#website\"},\"primaryImageOfPage\":{\"@id\":\"https:\/\/xenonkungen.com\/produkt\/ba15s1156-30smd-12-24v-gul-amber\/#primaryimage\"},\"image\":{\"@id\":\"https:\/\/xenonkungen.com\/produkt\/ba15s1156-30smd-12-24v-gul-amber\/#primaryimage\"},\"thumbnailUrl\":\"https:\/\/xenonkungen.com\/wp-content\/uploads\/2025\/04\/22364497-origpic-ff2a8b.png\",\"datePublished\":\"2025-04-15T08:33:25+00:00\",\"dateModified\":\"2026-04-17T11:05:01+00:00\",\"breadcrumb\":{\"@id\":\"https:\/\/xenonkungen.com\/produkt\/ba15s1156-30smd-12-24v-gul-amber\/#breadcrumb\"},\"inLanguage\":\"de\",\"potentialAction\":[{\"@type\":\"ReadAction\",\"target\":[\"https:\/\/xenonkungen.com\/produkt\/ba15s1156-30smd-12-24v-gul-amber\/\"]}]},{\"@type\":\"ImageObject\",\"inLanguage\":\"de\",\"@id\":\"https:\/\/xenonkungen.com\/produkt\/ba15s1156-30smd-12-24v-gul-amber\/#primaryimage\",\"url\":\"https:\/\/xenonkungen.com\/wp-content\/uploads\/2025\/04\/22364497-origpic-ff2a8b.png\",\"contentUrl\":\"https:\/\/xenonkungen.com\/wp-content\/uploads\/2025\/04\/22364497-origpic-ff2a8b.png\",\"width\":1000,\"height\":1000},{\"@type\":\"BreadcrumbList\",\"@id\":\"https:\/\/xenonkungen.com\/produkt\/ba15s1156-30smd-12-24v-gul-amber\/#breadcrumb\",\"itemListElement\":[{\"@type\":\"ListItem\",\"position\":1,\"name\":\"Hem\",\"item\":\"https:\/\/xenonkungen.com\/\"},{\"@type\":\"ListItem\",\"position\":2,\"name\":\"Shop\",\"item\":\"https:\/\/xenonkungen.com\/shop\/\"},{\"@type\":\"ListItem\",\"position\":3,\"name\":\"BA15S|1156 30SMD 12-24V Gul\/Amber\"}]},{\"@type\":\"WebSite\",\"@id\":\"https:\/\/xenonkungen.com\/#website\",\"url\":\"https:\/\/xenonkungen.com\/\",\"name\":\"Xenonkungen\",\"description\":\"\",\"potentialAction\":[{\"@type\":\"SearchAction\",\"target\":{\"@type\":\"EntryPoint\",\"urlTemplate\":\"https:\/\/xenonkungen.com\/?s={search_term_string}\"},\"query-input\":{\"@type\":\"PropertyValueSpecification\",\"valueRequired\":true,\"valueName\":\"search_term_string\"}}],\"inLanguage\":\"de\"}]}<\/script>\n<!-- \/ Yoast SEO plugin. -->","yoast_head_json":{"title":"BA15S|1156 30SMD 12-24V Gelb\/Bernstein - Der Xenon-K\u00f6nig","robots":{"index":"index","follow":"follow","max-snippet":"max-snippet:-1","max-image-preview":"max-image-preview:large","max-video-preview":"max-video-preview:-1"},"canonical":"https:\/\/xenonkungen.com\/de\/produkt\/ba15s1156-30smd-12-24v-gelb-bernstein\/","og_locale":"de_DE","og_type":"article","og_title":"BA15S|1156 30SMD 12-24V Gul\/Amber - Xenonkungen","og_description":"BA15S 1-polig Gul (Amber) diodlampa som kan ers\u00e4tta gl\u00f6dlampa PY21W m.fl. Vid lampsockel BAU15S kan du fila bort en &#8217;pinne&#8217; p\u00e5 sidan. Denna kvalitetslampa \u00e4r s\u00e4ker f\u00f6r str\u00f6mtoppar upp till 32V samt har konstant str\u00f6mreglering. Resultatet \u00e4r en prisv\u00e4rd diodlampa av h\u00f6g kvalitet och utf\u00f6rande och ej j\u00e4mf\u00f6rbar med liknande lampor p\u00e5 marknaden. NOTERA: Om [&hellip;]","og_url":"https:\/\/xenonkungen.com\/de\/produkt\/ba15s1156-30smd-12-24v-gelb-bernstein\/","og_site_name":"Xenonkungen","article_modified_time":"2026-04-17T11:05:01+00:00","og_image":[{"width":1000,"height":1000,"url":"https:\/\/xenonkungen.com\/wp-content\/uploads\/2025\/04\/22364497-origpic-ff2a8b.png","type":"image\/png"}],"twitter_card":"summary_large_image","twitter_misc":{"Gesch\u00e4tzte Lesezeit":"1\u00a0Minute"},"schema":{"@context":"https:\/\/schema.org","@graph":[{"@type":"WebPage","@id":"https:\/\/xenonkungen.com\/produkt\/ba15s1156-30smd-12-24v-gul-amber\/","url":"https:\/\/xenonkungen.com\/produkt\/ba15s1156-30smd-12-24v-gul-amber\/","name":"BA15S|1156 30SMD 12-24V Gelb\/Bernstein - Der Xenon-K\u00f6nig","isPartOf":{"@id":"https:\/\/xenonkungen.com\/#website"},"primaryImageOfPage":{"@id":"https:\/\/xenonkungen.com\/produkt\/ba15s1156-30smd-12-24v-gul-amber\/#primaryimage"},"image":{"@id":"https:\/\/xenonkungen.com\/produkt\/ba15s1156-30smd-12-24v-gul-amber\/#primaryimage"},"thumbnailUrl":"https:\/\/xenonkungen.com\/wp-content\/uploads\/2025\/04\/22364497-origpic-ff2a8b.png","datePublished":"2025-04-15T08:33:25+00:00","dateModified":"2026-04-17T11:05:01+00:00","breadcrumb":{"@id":"https:\/\/xenonkungen.com\/produkt\/ba15s1156-30smd-12-24v-gul-amber\/#breadcrumb"},"inLanguage":"de","potentialAction":[{"@type":"ReadAction","target":["https:\/\/xenonkungen.com\/produkt\/ba15s1156-30smd-12-24v-gul-amber\/"]}]},{"@type":"ImageObject","inLanguage":"de","@id":"https:\/\/xenonkungen.com\/produkt\/ba15s1156-30smd-12-24v-gul-amber\/#primaryimage","url":"https:\/\/xenonkungen.com\/wp-content\/uploads\/2025\/04\/22364497-origpic-ff2a8b.png","contentUrl":"https:\/\/xenonkungen.com\/wp-content\/uploads\/2025\/04\/22364497-origpic-ff2a8b.png","width":1000,"height":1000},{"@type":"BreadcrumbList","@id":"https:\/\/xenonkungen.com\/produkt\/ba15s1156-30smd-12-24v-gul-amber\/#breadcrumb","itemListElement":[{"@type":"ListItem","position":1,"name":"Hem","item":"https:\/\/xenonkungen.com\/"},{"@type":"ListItem","position":2,"name":"Shop","item":"https:\/\/xenonkungen.com\/shop\/"},{"@type":"ListItem","position":3,"name":"BA15S|1156 30SMD 12-24V Gul\/Amber"}]},{"@type":"WebSite","@id":"https:\/\/xenonkungen.com\/#website","url":"https:\/\/xenonkungen.com\/","name":"Xenonkungen","description":"","potentialAction":[{"@type":"SearchAction","target":{"@type":"EntryPoint","urlTemplate":"https:\/\/xenonkungen.com\/?s={search_term_string}"},"query-input":{"@type":"PropertyValueSpecification","valueRequired":true,"valueName":"search_term_string"}}],"inLanguage":"de"}]}},"taxonomy_info":{"product_brand":[{"value":117,"label":"Xenonkungen"}],"product_cat":[{"value":2515,"label":"BA15S"},{"value":2516,"label":"P21W"},{"value":338,"label":"Diodlampor"}],"pa_faktisk-effekts-forbrukning":[{"value":751,"label":"3,9"}],"pa_fargtemperatur":[{"value":745,"label":"Amber"}],"pa_lampsockel-kontakt":[{"value":753,"label":"BA15S, P21W, R10, R5W, 1156"}],"pa_led-chips-effekt-w":[{"value":749,"label":"21"}],"pa_ljusspridning-grader":[{"value":752,"label":"270"}],"pa_storlek-mm":[{"value":744,"label":"38x18"}],"pa_volt-v":[{"value":348,"label":"12, 24"}]},"featured_image_src_large":["https:\/\/xenonkungen.com\/wp-content\/uploads\/2025\/04\/22364497-origpic-ff2a8b.png",1000,1000,false],"author_info":[],"comment_info":0,"_links":{"self":[{"href":"https:\/\/xenonkungen.com\/de\/wp-json\/wp\/v2\/product\/2146","targetHints":{"allow":["GET"]}}],"collection":[{"href":"https:\/\/xenonkungen.com\/de\/wp-json\/wp\/v2\/product"}],"about":[{"href":"https:\/\/xenonkungen.com\/de\/wp-json\/wp\/v2\/types\/product"}],"replies":[{"embeddable":true,"href":"https:\/\/xenonkungen.com\/de\/wp-json\/wp\/v2\/comments?post=2146"}],"wp:featuredmedia":[{"embeddable":true,"href":"https:\/\/xenonkungen.com\/de\/wp-json\/wp\/v2\/media\/2147"}],"wp:attachment":[{"href":"https:\/\/xenonkungen.com\/de\/wp-json\/wp\/v2\/media?parent=2146"}],"wp:term":[{"taxonomy":"anvandningsomrade","embeddable":true,"href":"https:\/\/xenonkungen.com\/de\/wp-json\/wp\/v2\/anvandningsomrade?post=2146"},{"taxonomy":"bilmarken","embeddable":true,"href":"https:\/\/xenonkungen.com\/de\/wp-json\/wp\/v2\/bilmarken?post=2146"},{"taxonomy":"product_brand","embeddable":true,"href":"https:\/\/xenonkungen.com\/de\/wp-json\/wp\/v2\/product_brand?post=2146"},{"taxonomy":"product_cat","embeddable":true,"href":"https:\/\/xenonkungen.com\/de\/wp-json\/wp\/v2\/product_cat?post=2146"},{"taxonomy":"product_tag","embeddable":true,"href":"https:\/\/xenonkungen.com\/de\/wp-json\/wp\/v2\/product_tag?post=2146"}],"curies":[{"name":"wp","href":"https:\/\/api.w.org\/{rel}","templated":true}]}}