{"id":2159,"date":"2025-04-15T08:33:45","date_gmt":"2025-04-15T08:33:45","guid":{"rendered":"https:\/\/xenonkungen.com\/product\/d1s-4300k-xenonlampor-xenonkungen\/"},"modified":"2026-03-20T17:05:26","modified_gmt":"2026-03-20T16:05:26","slug":"d1s-4300k-xenonlampen-der-xenon-konig","status":"publish","type":"product","link":"https:\/\/xenonkungen.com\/de\/produkt\/d1s-4300k-xenonlampen-der-xenon-konig\/","title":{"rendered":"D1S 4300K Xenon-Lampen Xenon-K\u00f6pfe\u00ae"},"content":{"rendered":"<p>Die Xenon King D1S 4300K ist eine Standard-Xenonlampe zum Austausch alter, verschlissener Lampen. Sie ist E-gepr\u00fcft und mit Glasr\u00f6hren des Marktf\u00fchrers Philips ausgestattet.<\/p>\n<p>Diese Lampe ist von sehr hoher Qualit\u00e4t und stammt von Chinas bestem Hersteller. <\/p>\n<p>Eine Farbtemperatur von 4300 K entspricht einem hellen, cremigen Wei\u00df. Die beste Wahl f\u00fcr Herbst und Winter! F\u00fcr optimales Licht im Sommer und den trockeneren Monaten des Jahres empfehlen wir 5000\u20136000 K. <\/p>\n<p>Eine Xenon-Lampe ver\u00e4ndert sich im Laufe ihrer Lebensdauer sowohl in der Farbe als auch in der St\u00e4rke. Wenn Ihre jetzigen Lampen eine rosafarbene Farbe haben, ist die St\u00e4rke fast halbiert. Wir empfehlen einen Austausch nach ca. 5 Jahren\/8000 Meilen.<\/p>\n<p>Hinweis: Die Bedienungsanleitung Ihres Fahrzeugs gibt m\u00f6glicherweise den falschen Lampentyp an. Am sichersten ist es, die Lampe direkt im Fahrzeug zu identifizieren. Vergleichen Sie die Angaben au\u00dferdem mit der Lampen\u00fcbersicht von Osram.<\/p>\n<p>Nicht f\u00fcr Saab empfohlen. W\u00e4hlen Sie stattdessen Osram.<\/p>\n<p>Verkauft in Paaren.<br \/>2 Jahre Garantie.<\/p>","protected":false},"excerpt":{"rendered":"<p>E-gepr\u00fcfte Xenonlampen mit Standardlichtfarbe (4300 K). Ideal f\u00fcr den ganzj\u00e4hrigen Einsatz.<\/p>","protected":false},"featured_media":2160,"comment_status":"closed","ping_status":"open","template":"","meta":{"_acf_changed":false,"_smort_price_nok":"742","_smort_price_dkk":"472","_smort_price_eur":"63.18","_smort_sale_price_nok":"","_smort_sale_price_dkk":"","_smort_sale_price_eur":"47.38","smort_restorder":"","shipmondo_restorder":"","_kad_blocks_custom_css":"","_kad_blocks_head_custom_js":"","_kad_blocks_body_custom_js":"","_kad_blocks_footer_custom_js":"","smort_custom_pricelist_1":"389.2","smort_custom_pricelist_2":"389.2","smort_custom_pricelist_3":"369.74","smort_custom_pricelist_4":"556","smort_custom_pricelist_5":"389.2"},"anvandningsomrade":[],"bilmarken":[],"product_brand":[],"product_cat":[2483,733],"product_tag":[],"class_list":{"0":"post-2159","1":"product","2":"type-product","3":"status-publish","4":"has-post-thumbnail","6":"product_cat-xenon","7":"product_cat-halvljus-helljus","8":"pa_fargtemperatur-4300k","9":"pa_godkannande-e-markt","10":"pa_lampsockel-kontakt-d1s","11":"pa_volt-v-12-24","13":"first","14":"instock","15":"taxable","16":"shipping-taxable","17":"purchasable","18":"product-type-simple"},"bundled_by":[],"bundle_stock_status":"instock","bundle_stock_quantity":251,"bundle_virtual":false,"bundle_layout":"","bundle_add_to_cart_form_location":"","bundle_editable_in_cart":false,"bundle_sold_individually_context":"","bundle_item_grouping":"","bundle_min_size":"","bundle_max_size":"","bundle_price":[],"bundled_items":[],"bundle_sell_ids":[],"acf":[],"yoast_head":"<!-- This site is optimized with the Yoast SEO plugin v27.0 - https:\/\/yoast.com\/product\/yoast-seo-wordpress\/ -->\n<title>D1S 4300K Xenonlampor Xenonkungen\u00ae - Xenonkungen<\/title>\n<meta name=\"robots\" content=\"index, follow, max-snippet:-1, max-image-preview:large, max-video-preview:-1\" \/>\n<link rel=\"canonical\" href=\"https:\/\/xenonkungen.com\/de\/produkt\/d1s-4300k-xenonlampen-der-xenon-konig\/\" \/>\n<meta property=\"og:locale\" content=\"de_DE\" \/>\n<meta property=\"og:type\" content=\"article\" \/>\n<meta property=\"og:title\" content=\"D1S 4300K Xenonlampor Xenonkungen\u00ae - Xenonkungen\" \/>\n<meta property=\"og:description\" content=\"E-godk\u00e4nda xenonlampor med standard ljusf\u00e4rg (4300k). Perfekt f\u00f6r \u00e5ret-runt-bruk.\" \/>\n<meta property=\"og:url\" content=\"https:\/\/xenonkungen.com\/de\/produkt\/d1s-4300k-xenonlampen-der-xenon-konig\/\" \/>\n<meta property=\"og:site_name\" content=\"Xenonkungen\" \/>\n<meta property=\"article:modified_time\" content=\"2026-03-20T16:05:26+00:00\" \/>\n<meta property=\"og:image\" content=\"https:\/\/xenonkungen.com\/wp-content\/uploads\/2025\/04\/167048729-origpic-78c936.png\" \/>\n\t<meta property=\"og:image:width\" content=\"1000\" \/>\n\t<meta property=\"og:image:height\" content=\"1000\" \/>\n\t<meta property=\"og:image:type\" content=\"image\/png\" \/>\n<meta name=\"twitter:card\" content=\"summary_large_image\" \/>\n<meta name=\"twitter:label1\" content=\"Gesch\u00e4tzte Lesezeit\" \/>\n\t<meta name=\"twitter:data1\" content=\"1\u00a0Minute\" \/>\n<script type=\"application\/ld+json\" class=\"yoast-schema-graph\">{\"@context\":\"https:\/\/schema.org\",\"@graph\":[{\"@type\":\"WebPage\",\"@id\":\"https:\/\/xenonkungen.com\/produkt\/d1s-4300k-xenonlampor-xenonkungen\/\",\"url\":\"https:\/\/xenonkungen.com\/produkt\/d1s-4300k-xenonlampor-xenonkungen\/\",\"name\":\"D1S 4300K Xenonlampor Xenonkungen\u00ae - Xenonkungen\",\"isPartOf\":{\"@id\":\"https:\/\/xenonkungen.com\/#website\"},\"primaryImageOfPage\":{\"@id\":\"https:\/\/xenonkungen.com\/produkt\/d1s-4300k-xenonlampor-xenonkungen\/#primaryimage\"},\"image\":{\"@id\":\"https:\/\/xenonkungen.com\/produkt\/d1s-4300k-xenonlampor-xenonkungen\/#primaryimage\"},\"thumbnailUrl\":\"https:\/\/xenonkungen.com\/wp-content\/uploads\/2025\/04\/167048729-origpic-78c936.png\",\"datePublished\":\"2025-04-15T08:33:45+00:00\",\"dateModified\":\"2026-03-20T16:05:26+00:00\",\"breadcrumb\":{\"@id\":\"https:\/\/xenonkungen.com\/produkt\/d1s-4300k-xenonlampor-xenonkungen\/#breadcrumb\"},\"inLanguage\":\"de\",\"potentialAction\":[{\"@type\":\"ReadAction\",\"target\":[\"https:\/\/xenonkungen.com\/produkt\/d1s-4300k-xenonlampor-xenonkungen\/\"]}]},{\"@type\":\"ImageObject\",\"inLanguage\":\"de\",\"@id\":\"https:\/\/xenonkungen.com\/produkt\/d1s-4300k-xenonlampor-xenonkungen\/#primaryimage\",\"url\":\"https:\/\/xenonkungen.com\/wp-content\/uploads\/2025\/04\/167048729-origpic-78c936.png\",\"contentUrl\":\"https:\/\/xenonkungen.com\/wp-content\/uploads\/2025\/04\/167048729-origpic-78c936.png\",\"width\":1000,\"height\":1000},{\"@type\":\"BreadcrumbList\",\"@id\":\"https:\/\/xenonkungen.com\/produkt\/d1s-4300k-xenonlampor-xenonkungen\/#breadcrumb\",\"itemListElement\":[{\"@type\":\"ListItem\",\"position\":1,\"name\":\"Hem\",\"item\":\"https:\/\/xenonkungen.com\/\"},{\"@type\":\"ListItem\",\"position\":2,\"name\":\"Shop\",\"item\":\"https:\/\/xenonkungen.com\/shop\/\"},{\"@type\":\"ListItem\",\"position\":3,\"name\":\"D1S 4300K Xenonlampor Xenonkungen\u00ae\"}]},{\"@type\":\"WebSite\",\"@id\":\"https:\/\/xenonkungen.com\/#website\",\"url\":\"https:\/\/xenonkungen.com\/\",\"name\":\"Xenonkungen\",\"description\":\"\",\"potentialAction\":[{\"@type\":\"SearchAction\",\"target\":{\"@type\":\"EntryPoint\",\"urlTemplate\":\"https:\/\/xenonkungen.com\/?s={search_term_string}\"},\"query-input\":{\"@type\":\"PropertyValueSpecification\",\"valueRequired\":true,\"valueName\":\"search_term_string\"}}],\"inLanguage\":\"de\"}]}<\/script>\n<!-- \/ Yoast SEO plugin. -->","yoast_head_json":{"title":"D1S 4300K Xenonlampen Der Xenonk\u00f6nig\u00ae - Der Xenonk\u00f6nig","robots":{"index":"index","follow":"follow","max-snippet":"max-snippet:-1","max-image-preview":"max-image-preview:large","max-video-preview":"max-video-preview:-1"},"canonical":"https:\/\/xenonkungen.com\/de\/produkt\/d1s-4300k-xenonlampen-der-xenon-konig\/","og_locale":"de_DE","og_type":"article","og_title":"D1S 4300K Xenonlampor Xenonkungen\u00ae - Xenonkungen","og_description":"E-godk\u00e4nda xenonlampor med standard ljusf\u00e4rg (4300k). Perfekt f\u00f6r \u00e5ret-runt-bruk.","og_url":"https:\/\/xenonkungen.com\/de\/produkt\/d1s-4300k-xenonlampen-der-xenon-konig\/","og_site_name":"Xenonkungen","article_modified_time":"2026-03-20T16:05:26+00:00","og_image":[{"width":1000,"height":1000,"url":"https:\/\/xenonkungen.com\/wp-content\/uploads\/2025\/04\/167048729-origpic-78c936.png","type":"image\/png"}],"twitter_card":"summary_large_image","twitter_misc":{"Gesch\u00e4tzte Lesezeit":"1\u00a0Minute"},"schema":{"@context":"https:\/\/schema.org","@graph":[{"@type":"WebPage","@id":"https:\/\/xenonkungen.com\/produkt\/d1s-4300k-xenonlampor-xenonkungen\/","url":"https:\/\/xenonkungen.com\/produkt\/d1s-4300k-xenonlampor-xenonkungen\/","name":"D1S 4300K Xenonlampen Der Xenonk\u00f6nig\u00ae - Der Xenonk\u00f6nig","isPartOf":{"@id":"https:\/\/xenonkungen.com\/#website"},"primaryImageOfPage":{"@id":"https:\/\/xenonkungen.com\/produkt\/d1s-4300k-xenonlampor-xenonkungen\/#primaryimage"},"image":{"@id":"https:\/\/xenonkungen.com\/produkt\/d1s-4300k-xenonlampor-xenonkungen\/#primaryimage"},"thumbnailUrl":"https:\/\/xenonkungen.com\/wp-content\/uploads\/2025\/04\/167048729-origpic-78c936.png","datePublished":"2025-04-15T08:33:45+00:00","dateModified":"2026-03-20T16:05:26+00:00","breadcrumb":{"@id":"https:\/\/xenonkungen.com\/produkt\/d1s-4300k-xenonlampor-xenonkungen\/#breadcrumb"},"inLanguage":"de","potentialAction":[{"@type":"ReadAction","target":["https:\/\/xenonkungen.com\/produkt\/d1s-4300k-xenonlampor-xenonkungen\/"]}]},{"@type":"ImageObject","inLanguage":"de","@id":"https:\/\/xenonkungen.com\/produkt\/d1s-4300k-xenonlampor-xenonkungen\/#primaryimage","url":"https:\/\/xenonkungen.com\/wp-content\/uploads\/2025\/04\/167048729-origpic-78c936.png","contentUrl":"https:\/\/xenonkungen.com\/wp-content\/uploads\/2025\/04\/167048729-origpic-78c936.png","width":1000,"height":1000},{"@type":"BreadcrumbList","@id":"https:\/\/xenonkungen.com\/produkt\/d1s-4300k-xenonlampor-xenonkungen\/#breadcrumb","itemListElement":[{"@type":"ListItem","position":1,"name":"Hem","item":"https:\/\/xenonkungen.com\/"},{"@type":"ListItem","position":2,"name":"Shop","item":"https:\/\/xenonkungen.com\/shop\/"},{"@type":"ListItem","position":3,"name":"D1S 4300K Xenonlampor Xenonkungen\u00ae"}]},{"@type":"WebSite","@id":"https:\/\/xenonkungen.com\/#website","url":"https:\/\/xenonkungen.com\/","name":"Xenonkungen","description":"","potentialAction":[{"@type":"SearchAction","target":{"@type":"EntryPoint","urlTemplate":"https:\/\/xenonkungen.com\/?s={search_term_string}"},"query-input":{"@type":"PropertyValueSpecification","valueRequired":true,"valueName":"search_term_string"}}],"inLanguage":"de"}]}},"taxonomy_info":{"product_cat":[{"value":2483,"label":"Xenon"},{"value":733,"label":"Halvljus \/ Helljus"}],"pa_fargtemperatur":[{"value":755,"label":"4300K"}],"pa_godkannande":[{"value":191,"label":"E-m\u00e4rkt"}],"pa_lampsockel-kontakt":[{"value":756,"label":"D1S"}],"pa_volt-v":[{"value":348,"label":"12, 24"}]},"featured_image_src_large":["https:\/\/xenonkungen.com\/wp-content\/uploads\/2025\/04\/167048729-origpic-78c936.png",1000,1000,false],"author_info":[],"comment_info":2,"_links":{"self":[{"href":"https:\/\/xenonkungen.com\/de\/wp-json\/wp\/v2\/product\/2159","targetHints":{"allow":["GET"]}}],"collection":[{"href":"https:\/\/xenonkungen.com\/de\/wp-json\/wp\/v2\/product"}],"about":[{"href":"https:\/\/xenonkungen.com\/de\/wp-json\/wp\/v2\/types\/product"}],"replies":[{"embeddable":true,"href":"https:\/\/xenonkungen.com\/de\/wp-json\/wp\/v2\/comments?post=2159"}],"wp:featuredmedia":[{"embeddable":true,"href":"https:\/\/xenonkungen.com\/de\/wp-json\/wp\/v2\/media\/2160"}],"wp:attachment":[{"href":"https:\/\/xenonkungen.com\/de\/wp-json\/wp\/v2\/media?parent=2159"}],"wp:term":[{"taxonomy":"anvandningsomrade","embeddable":true,"href":"https:\/\/xenonkungen.com\/de\/wp-json\/wp\/v2\/anvandningsomrade?post=2159"},{"taxonomy":"bilmarken","embeddable":true,"href":"https:\/\/xenonkungen.com\/de\/wp-json\/wp\/v2\/bilmarken?post=2159"},{"taxonomy":"product_brand","embeddable":true,"href":"https:\/\/xenonkungen.com\/de\/wp-json\/wp\/v2\/product_brand?post=2159"},{"taxonomy":"product_cat","embeddable":true,"href":"https:\/\/xenonkungen.com\/de\/wp-json\/wp\/v2\/product_cat?post=2159"},{"taxonomy":"product_tag","embeddable":true,"href":"https:\/\/xenonkungen.com\/de\/wp-json\/wp\/v2\/product_tag?post=2159"}],"curies":[{"name":"wp","href":"https:\/\/api.w.org\/{rel}","templated":true}]}}