{"id":2164,"date":"2025-04-15T08:33:45","date_gmt":"2025-04-15T08:33:45","guid":{"rendered":"https:\/\/xenonkungen.com\/product\/d1s-5000k-xenonlampor-xenonkungen\/"},"modified":"2026-05-13T16:10:59","modified_gmt":"2026-05-13T15:10:59","slug":"d1s-5000k-xenonlampen-der-xenon-konig","status":"publish","type":"product","link":"https:\/\/xenonkungen.com\/de\/produkt\/d1s-5000k-xenonlampen-der-xenon-konig\/","title":{"rendered":"D1S 5000K Xenon-Lampen XENONKUNGEN\u00ae"},"content":{"rendered":"<h2>D1S 5000K Xenonlampen<\/h2>\n<p><strong>Beschreibung<\/strong><br \/>XENON KING D1S \u2013 unsere exklusive Xenonlampen-Serie f\u00fcr alle, die eine neue Standard-Xenonlampe ben\u00f6tigen. Unsere D1S 5000K bietet mehr Licht als herk\u00f6mmliche Xenonlampen und ersetzt Ihre vorhandenen D1S-Xenonlampen im Fahrzeug.<br \/>Mit einer Farbtemperatur von 5000 K, was zu einem wei\u00dferen Leuchten und h\u00f6heren Kontrasten beitr\u00e4gt. <br \/>Die XENONKUNGEN D1S 5000K ist E-gepr\u00fcft und wird mit UV-Quarzglasr\u00f6hren von Philips hergestellt. Dadurch ist sie eine sehr hochwertige Lampe unseres besten Herstellers mit zweij\u00e4hriger Garantie. <\/p>\n<p>Unsere D1S 5000K Xenonlampe hat eine Helligkeit von 3200 lm, was garantiert eine Verbesserung f\u00fcr Sie als Fahrer und mehr Sicherheit f\u00fcr die Menschen um Sie herum bedeutet.<\/p>\n<p>Die XENONKUNGEN D1S 5000K hat eine 2-j\u00e4hrige Funktionsgarantie bei einer erwarteten Brenndauer von ca. 2500 Stunden.<\/p>\n<p>D1S findet sich in den g\u00e4ngigsten Autos wie Volvo, Audi, Saab, Volkswagen, BMW usw.<\/p>\n<p><strong>Gut zu wissen<\/strong><br \/>Die Farbtemperatur und Helligkeit einer Xenonlampe ver\u00e4ndern sich im Laufe ihrer Lebensdauer. Wir empfehlen, Xenonlampen nach etwa 5 Jahren auszutauschen.<br \/>Das auff\u00e4lligste Anzeichen f\u00fcr eine defekte Xenonlampe ist die Farbver\u00e4nderung. Leuchtet Ihre Lampe rosa, hat sich ihre Leuchtkraft fast halbiert und sie muss ersetzt werden.<\/p>\n<p>Nicht f\u00fcr SAAB empfohlen, w\u00e4hlen Sie stattdessen Osram D1s Lampen, siehe Link unten.<\/p>\n<p>Die Bedienungsanleitung Ihres Fahrzeugs gibt m\u00f6glicherweise den falschen Lampentyp an. Am sichersten identifizieren Sie die Lampe direkt im Fahrzeug und lesen die Kennzeichnung auf der Beschichtung (D1S) ab. Originale Lampen von Osram und Philips haben normalerweise eine Farbtemperatur von ca. 4300 K. <\/p>\n<p>Die D1S 5000K erzeugt ein wei\u00dfes Licht, das an LEDs erinnert und mit LED-Positionsleuchten mit 6000K harmoniert. Diese Xenonlampe ist auch in verschiedenen Farbtemperaturen erh\u00e4ltlich. <br \/>Diese Farbtemperatur eignet sich am besten f\u00fcr Fr\u00fchling\/Sommer.<br \/>HINWEIS: Beachten Sie, dass die Helligkeit bei h\u00f6heren Kelvin-Werten abnimmt. <\/p>\n<p>Inhalt der Lieferung<br \/>1 Paar D1S-Xenonlampen<\/p>\n<p>B\u00fcrgschaft<br \/>2 Jahre Funktionsgarantie <\/p>\n<p>Links<br \/>&lt;ahref=https:\/\/www.xenonkungen.com\/se\/produkter\/xenon\/xenonlampor\/d1s-xenonlampa\/d1s-xenonkungen-4300k.html<\/p>\n<p>https:\/\/www.xenonkungen.com\/se\/produkter\/xenon\/xenonlampor\/d1s-xenonlampa\/d1s-xenonkungen-6000k.html<\/p>\n<p>https:\/\/www.xenonkungen.com\/se\/produkter\/xenon\/xenonlampor\/d1s-xenonlampa\/d1s-osram-xenonlampa.html<\/p>\n<p>https:\/\/www.xenonkungen.com\/se\/produkter\/xenon\/xenonlampor\/d1s-xenonlampa\/d1r-xenonkungen-4300k-1.html<\/p>","protected":false},"excerpt":{"rendered":"<p>E-gepr\u00fcfte Xenonlampen mit einer wei\u00dferen Lichtfarbe, \u00e4hnlich LED-Scheinwerfern.<\/p>","protected":false},"featured_media":2165,"comment_status":"closed","ping_status":"open","template":"","meta":{"_acf_changed":false,"_smort_price_nok":"742","_smort_price_dkk":"472","_smort_price_eur":"63.18","_smort_sale_price_nok":"","_smort_sale_price_dkk":"","_smort_sale_price_eur":"47.38","smort_restorder":"","shipmondo_restorder":"","_kad_blocks_custom_css":"","_kad_blocks_head_custom_js":"","_kad_blocks_body_custom_js":"","_kad_blocks_footer_custom_js":"","smort_custom_pricelist_1":"389.2","smort_custom_pricelist_2":"389.2","smort_custom_pricelist_3":"369.74","smort_custom_pricelist_4":"556","smort_custom_pricelist_5":"389.2"},"anvandningsomrade":[],"bilmarken":[],"product_brand":[],"product_cat":[2483,733],"product_tag":[],"class_list":{"0":"post-2164","1":"product","2":"type-product","3":"status-publish","4":"has-post-thumbnail","6":"product_cat-xenon","7":"product_cat-halvljus-helljus","8":"pa_fargtemperatur-5000k","9":"pa_godkannande-e-markt-e1-rohs-ce","10":"pa_lampsockel-kontakt-d1s","11":"pa_volt-v-12-24","13":"first","14":"instock","15":"taxable","16":"shipping-taxable","17":"purchasable","18":"product-type-simple"},"bundled_by":[],"bundle_stock_status":"instock","bundle_stock_quantity":224,"bundle_virtual":false,"bundle_layout":"","bundle_add_to_cart_form_location":"","bundle_editable_in_cart":false,"bundle_sold_individually_context":"","bundle_item_grouping":"","bundle_min_size":"","bundle_max_size":"","bundle_price":[],"bundled_items":[],"bundle_sell_ids":[],"acf":[],"yoast_head":"<!-- This site is optimized with the Yoast SEO plugin v27.0 - https:\/\/yoast.com\/product\/yoast-seo-wordpress\/ -->\n<title>D1S 5000K Xenonlampor XENONKUNGEN\u00ae - Xenonkungen<\/title>\n<meta name=\"robots\" content=\"index, follow, max-snippet:-1, max-image-preview:large, max-video-preview:-1\" \/>\n<link rel=\"canonical\" href=\"https:\/\/xenonkungen.com\/de\/produkt\/d1s-5000k-xenonlampen-der-xenon-konig\/\" \/>\n<meta property=\"og:locale\" content=\"de_DE\" \/>\n<meta property=\"og:type\" content=\"article\" \/>\n<meta property=\"og:title\" content=\"D1S 5000K Xenonlampor XENONKUNGEN\u00ae - Xenonkungen\" \/>\n<meta property=\"og:description\" content=\"E-godk\u00e4nda xenonlampor med en vitare ljusf\u00e4rg snarlik LED str\u00e5lkastare.\" \/>\n<meta property=\"og:url\" content=\"https:\/\/xenonkungen.com\/de\/produkt\/d1s-5000k-xenonlampen-der-xenon-konig\/\" \/>\n<meta property=\"og:site_name\" content=\"Xenonkungen\" \/>\n<meta property=\"article:modified_time\" content=\"2026-05-13T15:10:59+00:00\" \/>\n<meta property=\"og:image\" content=\"https:\/\/xenonkungen.com\/wp-content\/uploads\/2025\/04\/167048751-origpic-1d582a.png\" \/>\n\t<meta property=\"og:image:width\" content=\"1000\" \/>\n\t<meta property=\"og:image:height\" content=\"1000\" \/>\n\t<meta property=\"og:image:type\" content=\"image\/png\" \/>\n<meta name=\"twitter:card\" content=\"summary_large_image\" \/>\n<meta name=\"twitter:label1\" content=\"Gesch\u00e4tzte Lesezeit\" \/>\n\t<meta name=\"twitter:data1\" content=\"2\u00a0Minuten\" \/>\n<script type=\"application\/ld+json\" class=\"yoast-schema-graph\">{\"@context\":\"https:\/\/schema.org\",\"@graph\":[{\"@type\":\"WebPage\",\"@id\":\"https:\/\/xenonkungen.com\/nl\/product\/d1s-5000k-xenonlampor-xenonkungen\/\",\"url\":\"https:\/\/xenonkungen.com\/nl\/product\/d1s-5000k-xenonlampor-xenonkungen\/\",\"name\":\"D1S 5000K Xenonlampor XENONKUNGEN\u00ae - Xenonkungen\",\"isPartOf\":{\"@id\":\"https:\/\/xenonkungen.com\/#website\"},\"primaryImageOfPage\":{\"@id\":\"https:\/\/xenonkungen.com\/nl\/product\/d1s-5000k-xenonlampor-xenonkungen\/#primaryimage\"},\"image\":{\"@id\":\"https:\/\/xenonkungen.com\/nl\/product\/d1s-5000k-xenonlampor-xenonkungen\/#primaryimage\"},\"thumbnailUrl\":\"https:\/\/xenonkungen.com\/wp-content\/uploads\/2025\/04\/167048751-origpic-1d582a.png\",\"datePublished\":\"2025-04-15T08:33:45+00:00\",\"dateModified\":\"2026-05-13T15:10:59+00:00\",\"breadcrumb\":{\"@id\":\"https:\/\/xenonkungen.com\/nl\/product\/d1s-5000k-xenonlampor-xenonkungen\/#breadcrumb\"},\"inLanguage\":\"de\",\"potentialAction\":[{\"@type\":\"ReadAction\",\"target\":[\"https:\/\/xenonkungen.com\/nl\/product\/d1s-5000k-xenonlampor-xenonkungen\/\"]}]},{\"@type\":\"ImageObject\",\"inLanguage\":\"de\",\"@id\":\"https:\/\/xenonkungen.com\/nl\/product\/d1s-5000k-xenonlampor-xenonkungen\/#primaryimage\",\"url\":\"https:\/\/xenonkungen.com\/wp-content\/uploads\/2025\/04\/167048751-origpic-1d582a.png\",\"contentUrl\":\"https:\/\/xenonkungen.com\/wp-content\/uploads\/2025\/04\/167048751-origpic-1d582a.png\",\"width\":1000,\"height\":1000},{\"@type\":\"BreadcrumbList\",\"@id\":\"https:\/\/xenonkungen.com\/nl\/product\/d1s-5000k-xenonlampor-xenonkungen\/#breadcrumb\",\"itemListElement\":[{\"@type\":\"ListItem\",\"position\":1,\"name\":\"Hem\",\"item\":\"https:\/\/xenonkungen.com\/\"},{\"@type\":\"ListItem\",\"position\":2,\"name\":\"Shop\",\"item\":\"https:\/\/xenonkungen.com\/shop\/\"},{\"@type\":\"ListItem\",\"position\":3,\"name\":\"D1S 5000K Xenonlampor XENONKUNGEN\u00ae\"}]},{\"@type\":\"WebSite\",\"@id\":\"https:\/\/xenonkungen.com\/#website\",\"url\":\"https:\/\/xenonkungen.com\/\",\"name\":\"Xenonkungen\",\"description\":\"\",\"potentialAction\":[{\"@type\":\"SearchAction\",\"target\":{\"@type\":\"EntryPoint\",\"urlTemplate\":\"https:\/\/xenonkungen.com\/?s={search_term_string}\"},\"query-input\":{\"@type\":\"PropertyValueSpecification\",\"valueRequired\":true,\"valueName\":\"search_term_string\"}}],\"inLanguage\":\"de\"}]}<\/script>\n<!-- \/ Yoast SEO plugin. -->","yoast_head_json":{"title":"D1S 5000K Xenonlampen XENONKUNGEN\u00ae - Der Xenon-K\u00f6nig","robots":{"index":"index","follow":"follow","max-snippet":"max-snippet:-1","max-image-preview":"max-image-preview:large","max-video-preview":"max-video-preview:-1"},"canonical":"https:\/\/xenonkungen.com\/de\/produkt\/d1s-5000k-xenonlampen-der-xenon-konig\/","og_locale":"de_DE","og_type":"article","og_title":"D1S 5000K Xenonlampor XENONKUNGEN\u00ae - Xenonkungen","og_description":"E-godk\u00e4nda xenonlampor med en vitare ljusf\u00e4rg snarlik LED str\u00e5lkastare.","og_url":"https:\/\/xenonkungen.com\/de\/produkt\/d1s-5000k-xenonlampen-der-xenon-konig\/","og_site_name":"Xenonkungen","article_modified_time":"2026-05-13T15:10:59+00:00","og_image":[{"width":1000,"height":1000,"url":"https:\/\/xenonkungen.com\/wp-content\/uploads\/2025\/04\/167048751-origpic-1d582a.png","type":"image\/png"}],"twitter_card":"summary_large_image","twitter_misc":{"Gesch\u00e4tzte Lesezeit":"2\u00a0Minuten"},"schema":{"@context":"https:\/\/schema.org","@graph":[{"@type":"WebPage","@id":"https:\/\/xenonkungen.com\/nl\/product\/d1s-5000k-xenonlampor-xenonkungen\/","url":"https:\/\/xenonkungen.com\/nl\/product\/d1s-5000k-xenonlampor-xenonkungen\/","name":"D1S 5000K Xenonlampen XENONKUNGEN\u00ae - Der Xenon-K\u00f6nig","isPartOf":{"@id":"https:\/\/xenonkungen.com\/#website"},"primaryImageOfPage":{"@id":"https:\/\/xenonkungen.com\/nl\/product\/d1s-5000k-xenonlampor-xenonkungen\/#primaryimage"},"image":{"@id":"https:\/\/xenonkungen.com\/nl\/product\/d1s-5000k-xenonlampor-xenonkungen\/#primaryimage"},"thumbnailUrl":"https:\/\/xenonkungen.com\/wp-content\/uploads\/2025\/04\/167048751-origpic-1d582a.png","datePublished":"2025-04-15T08:33:45+00:00","dateModified":"2026-05-13T15:10:59+00:00","breadcrumb":{"@id":"https:\/\/xenonkungen.com\/nl\/product\/d1s-5000k-xenonlampor-xenonkungen\/#breadcrumb"},"inLanguage":"de","potentialAction":[{"@type":"ReadAction","target":["https:\/\/xenonkungen.com\/nl\/product\/d1s-5000k-xenonlampor-xenonkungen\/"]}]},{"@type":"ImageObject","inLanguage":"de","@id":"https:\/\/xenonkungen.com\/nl\/product\/d1s-5000k-xenonlampor-xenonkungen\/#primaryimage","url":"https:\/\/xenonkungen.com\/wp-content\/uploads\/2025\/04\/167048751-origpic-1d582a.png","contentUrl":"https:\/\/xenonkungen.com\/wp-content\/uploads\/2025\/04\/167048751-origpic-1d582a.png","width":1000,"height":1000},{"@type":"BreadcrumbList","@id":"https:\/\/xenonkungen.com\/nl\/product\/d1s-5000k-xenonlampor-xenonkungen\/#breadcrumb","itemListElement":[{"@type":"ListItem","position":1,"name":"Hem","item":"https:\/\/xenonkungen.com\/"},{"@type":"ListItem","position":2,"name":"Shop","item":"https:\/\/xenonkungen.com\/shop\/"},{"@type":"ListItem","position":3,"name":"D1S 5000K Xenonlampor XENONKUNGEN\u00ae"}]},{"@type":"WebSite","@id":"https:\/\/xenonkungen.com\/#website","url":"https:\/\/xenonkungen.com\/","name":"Xenonkungen","description":"","potentialAction":[{"@type":"SearchAction","target":{"@type":"EntryPoint","urlTemplate":"https:\/\/xenonkungen.com\/?s={search_term_string}"},"query-input":{"@type":"PropertyValueSpecification","valueRequired":true,"valueName":"search_term_string"}}],"inLanguage":"de"}]}},"taxonomy_info":{"product_cat":[{"value":2483,"label":"Xenon"},{"value":733,"label":"Halvljus \/ Helljus"}],"pa_fargtemperatur":[{"value":154,"label":"5000K"}],"pa_godkannande":[{"value":757,"label":"E-m\u00e4rkt (E1) , RoHS , CE"}],"pa_lampsockel-kontakt":[{"value":756,"label":"D1S"}],"pa_volt-v":[{"value":348,"label":"12, 24"}]},"featured_image_src_large":["https:\/\/xenonkungen.com\/wp-content\/uploads\/2025\/04\/167048751-origpic-1d582a.png",1000,1000,false],"author_info":[],"comment_info":4,"_links":{"self":[{"href":"https:\/\/xenonkungen.com\/de\/wp-json\/wp\/v2\/product\/2164","targetHints":{"allow":["GET"]}}],"collection":[{"href":"https:\/\/xenonkungen.com\/de\/wp-json\/wp\/v2\/product"}],"about":[{"href":"https:\/\/xenonkungen.com\/de\/wp-json\/wp\/v2\/types\/product"}],"replies":[{"embeddable":true,"href":"https:\/\/xenonkungen.com\/de\/wp-json\/wp\/v2\/comments?post=2164"}],"wp:featuredmedia":[{"embeddable":true,"href":"https:\/\/xenonkungen.com\/de\/wp-json\/wp\/v2\/media\/2165"}],"wp:attachment":[{"href":"https:\/\/xenonkungen.com\/de\/wp-json\/wp\/v2\/media?parent=2164"}],"wp:term":[{"taxonomy":"anvandningsomrade","embeddable":true,"href":"https:\/\/xenonkungen.com\/de\/wp-json\/wp\/v2\/anvandningsomrade?post=2164"},{"taxonomy":"bilmarken","embeddable":true,"href":"https:\/\/xenonkungen.com\/de\/wp-json\/wp\/v2\/bilmarken?post=2164"},{"taxonomy":"product_brand","embeddable":true,"href":"https:\/\/xenonkungen.com\/de\/wp-json\/wp\/v2\/product_brand?post=2164"},{"taxonomy":"product_cat","embeddable":true,"href":"https:\/\/xenonkungen.com\/de\/wp-json\/wp\/v2\/product_cat?post=2164"},{"taxonomy":"product_tag","embeddable":true,"href":"https:\/\/xenonkungen.com\/de\/wp-json\/wp\/v2\/product_tag?post=2164"}],"curies":[{"name":"wp","href":"https:\/\/api.w.org\/{rel}","templated":true}]}}