{"id":2194,"date":"2025-04-15T08:34:04","date_gmt":"2025-04-15T08:34:04","guid":{"rendered":"https:\/\/xenonkungen.com\/product\/d2s-5000k-xenonlampor-xenonkungen\/"},"modified":"2026-04-01T07:56:49","modified_gmt":"2026-04-01T06:56:49","slug":"d2s-5000k-xenonlampen-der-xenon-konig","status":"publish","type":"product","link":"https:\/\/xenonkungen.com\/de\/produkt\/d2s-5000k-xenonlampen-der-xenon-konig\/","title":{"rendered":"D2S 5000K Xenon-Lampen Xenon-K\u00f6pfe\u00ae"},"content":{"rendered":"<p>Xenon King D2S 5000K Xenonlampe als Ersatz. Die D2S Xenon King 5000K Lampe ist E-gelabelt und mit Glasr\u00f6hren von Philips f\u00fcr, unter anderem, den besten UV-Schutz.<\/p>\n<p>Die Farbtemperatur 5000K (Reinwei\u00df) ist ein Kompromiss zwischen den Standardwerten 4300K (cremewei\u00df und hell) und 6000K (knackiges Wei\u00df mit Blaustich). <\/p>\n<p>Eine Xenon-Lampe ver\u00e4ndert sich im Laufe ihrer Lebensdauer sowohl in der Farbe als auch in der St\u00e4rke. Wenn Ihre jetzigen Lampen eine rosafarbene Farbe haben, ist die St\u00e4rke fast halbiert. Wir empfehlen einen Austausch nach ca. 5 Jahren\/8000 Meilen.<\/p>\n<p>E-gelabelt: ja<\/p>\n<p>2 Jahre Garantie.<\/p>","protected":false},"excerpt":{"rendered":"<p>Xenonkungen D2S 5000K xenonlampa f\u00f6r utbyte. Lampan D2S Xenonkungen 5000K \u00e4r E-m\u00e4rkt och med glasr\u00f6r fr\u00e5n Philips f\u00f6r bl.a. b\u00e4sta UV-skydd. F\u00e4rgtemperaturen 5000K (Pure white) \u00e4r en kompromiss mellan standard 4300K (kr\u00e4mvit och ljusstark) och 6000K (skarpvit med bl\u00e5 stick). En xenonlampa f\u00f6r\u00e4ndras \u00f6ver livstiden i b\u00e5de f\u00e4rg och styrka. Om dina nuvarande lampor f\u00e5tt [&hellip;]<\/p>","protected":false},"featured_media":2195,"comment_status":"closed","ping_status":"open","template":"","meta":{"_acf_changed":false,"_smort_price_nok":"373","_smort_price_dkk":"237","_smort_price_eur":"31.73","_smort_sale_price_nok":"","_smort_sale_price_dkk":"","_smort_sale_price_eur":"23.79","smort_restorder":"","shipmondo_restorder":"","_kad_blocks_custom_css":"","_kad_blocks_head_custom_js":"","_kad_blocks_body_custom_js":"","_kad_blocks_footer_custom_js":"","smort_custom_pricelist_1":"195.44","smort_custom_pricelist_2":"195.44","smort_custom_pricelist_3":"185.67","smort_custom_pricelist_4":"279.2","smort_custom_pricelist_5":"195.44"},"anvandningsomrade":[],"bilmarken":[],"product_brand":[],"product_cat":[2483,733],"product_tag":[],"class_list":{"0":"post-2194","1":"product","2":"type-product","3":"status-publish","4":"has-post-thumbnail","6":"product_cat-xenon","7":"product_cat-halvljus-helljus","8":"pa_fargtemperatur-5000k","9":"pa_lampsockel-kontakt-d2s","10":"pa_volt-v-12-24","12":"first","13":"instock","14":"taxable","15":"shipping-taxable","16":"purchasable","17":"product-type-simple"},"bundled_by":[],"bundle_stock_status":"instock","bundle_stock_quantity":134,"bundle_virtual":false,"bundle_layout":"","bundle_add_to_cart_form_location":"","bundle_editable_in_cart":false,"bundle_sold_individually_context":"","bundle_item_grouping":"","bundle_min_size":"","bundle_max_size":"","bundle_price":[],"bundled_items":[],"bundle_sell_ids":[],"acf":[],"yoast_head":"<!-- This site is optimized with the Yoast SEO plugin v27.0 - https:\/\/yoast.com\/product\/yoast-seo-wordpress\/ -->\n<title>D2S 5000K Xenonlampor Xenonkungen\u00ae - Xenonkungen<\/title>\n<meta name=\"robots\" content=\"index, follow, max-snippet:-1, max-image-preview:large, max-video-preview:-1\" \/>\n<link rel=\"canonical\" href=\"https:\/\/xenonkungen.com\/de\/produkt\/d2s-5000k-xenonlampen-der-xenon-konig\/\" \/>\n<meta property=\"og:locale\" content=\"de_DE\" \/>\n<meta property=\"og:type\" content=\"article\" \/>\n<meta property=\"og:title\" content=\"D2S 5000K Xenonlampor Xenonkungen\u00ae - Xenonkungen\" \/>\n<meta property=\"og:description\" content=\"Xenonkungen D2S 5000K xenonlampa f\u00f6r utbyte. Lampan D2S Xenonkungen 5000K \u00e4r E-m\u00e4rkt och med glasr\u00f6r fr\u00e5n Philips f\u00f6r bl.a. b\u00e4sta UV-skydd. F\u00e4rgtemperaturen 5000K (Pure white) \u00e4r en kompromiss mellan standard 4300K (kr\u00e4mvit och ljusstark) och 6000K (skarpvit med bl\u00e5 stick). En xenonlampa f\u00f6r\u00e4ndras \u00f6ver livstiden i b\u00e5de f\u00e4rg och styrka. Om dina nuvarande lampor f\u00e5tt [&hellip;]\" \/>\n<meta property=\"og:url\" content=\"https:\/\/xenonkungen.com\/de\/produkt\/d2s-5000k-xenonlampen-der-xenon-konig\/\" \/>\n<meta property=\"og:site_name\" content=\"Xenonkungen\" \/>\n<meta property=\"article:modified_time\" content=\"2026-04-01T06:56:49+00:00\" \/>\n<meta property=\"og:image\" content=\"https:\/\/xenonkungen.com\/wp-content\/uploads\/2025\/04\/167048889-origpic-77e99e.png\" \/>\n\t<meta property=\"og:image:width\" content=\"1000\" \/>\n\t<meta property=\"og:image:height\" content=\"1000\" \/>\n\t<meta property=\"og:image:type\" content=\"image\/png\" \/>\n<meta name=\"twitter:card\" content=\"summary_large_image\" \/>\n<script type=\"application\/ld+json\" class=\"yoast-schema-graph\">{\"@context\":\"https:\/\/schema.org\",\"@graph\":[{\"@type\":\"WebPage\",\"@id\":\"https:\/\/xenonkungen.com\/produkt\/d2s-5000k-xenonlampor-xenonkungen\/\",\"url\":\"https:\/\/xenonkungen.com\/produkt\/d2s-5000k-xenonlampor-xenonkungen\/\",\"name\":\"D2S 5000K Xenonlampor Xenonkungen\u00ae - Xenonkungen\",\"isPartOf\":{\"@id\":\"https:\/\/xenonkungen.com\/#website\"},\"primaryImageOfPage\":{\"@id\":\"https:\/\/xenonkungen.com\/produkt\/d2s-5000k-xenonlampor-xenonkungen\/#primaryimage\"},\"image\":{\"@id\":\"https:\/\/xenonkungen.com\/produkt\/d2s-5000k-xenonlampor-xenonkungen\/#primaryimage\"},\"thumbnailUrl\":\"https:\/\/xenonkungen.com\/wp-content\/uploads\/2025\/04\/167048889-origpic-77e99e.png\",\"datePublished\":\"2025-04-15T08:34:04+00:00\",\"dateModified\":\"2026-04-01T06:56:49+00:00\",\"breadcrumb\":{\"@id\":\"https:\/\/xenonkungen.com\/produkt\/d2s-5000k-xenonlampor-xenonkungen\/#breadcrumb\"},\"inLanguage\":\"de\",\"potentialAction\":[{\"@type\":\"ReadAction\",\"target\":[\"https:\/\/xenonkungen.com\/produkt\/d2s-5000k-xenonlampor-xenonkungen\/\"]}]},{\"@type\":\"ImageObject\",\"inLanguage\":\"de\",\"@id\":\"https:\/\/xenonkungen.com\/produkt\/d2s-5000k-xenonlampor-xenonkungen\/#primaryimage\",\"url\":\"https:\/\/xenonkungen.com\/wp-content\/uploads\/2025\/04\/167048889-origpic-77e99e.png\",\"contentUrl\":\"https:\/\/xenonkungen.com\/wp-content\/uploads\/2025\/04\/167048889-origpic-77e99e.png\",\"width\":1000,\"height\":1000},{\"@type\":\"BreadcrumbList\",\"@id\":\"https:\/\/xenonkungen.com\/produkt\/d2s-5000k-xenonlampor-xenonkungen\/#breadcrumb\",\"itemListElement\":[{\"@type\":\"ListItem\",\"position\":1,\"name\":\"Hem\",\"item\":\"https:\/\/xenonkungen.com\/\"},{\"@type\":\"ListItem\",\"position\":2,\"name\":\"Shop\",\"item\":\"https:\/\/xenonkungen.com\/shop\/\"},{\"@type\":\"ListItem\",\"position\":3,\"name\":\"D2S 5000K Xenonlampor Xenonkungen\u00ae\"}]},{\"@type\":\"WebSite\",\"@id\":\"https:\/\/xenonkungen.com\/#website\",\"url\":\"https:\/\/xenonkungen.com\/\",\"name\":\"Xenonkungen\",\"description\":\"\",\"potentialAction\":[{\"@type\":\"SearchAction\",\"target\":{\"@type\":\"EntryPoint\",\"urlTemplate\":\"https:\/\/xenonkungen.com\/?s={search_term_string}\"},\"query-input\":{\"@type\":\"PropertyValueSpecification\",\"valueRequired\":true,\"valueName\":\"search_term_string\"}}],\"inLanguage\":\"de\"}]}<\/script>\n<!-- \/ Yoast SEO plugin. -->","yoast_head_json":{"title":"D2S 5000K Xenonlampen Der Xenonk\u00f6nig\u00ae - Der Xenonk\u00f6nig","robots":{"index":"index","follow":"follow","max-snippet":"max-snippet:-1","max-image-preview":"max-image-preview:large","max-video-preview":"max-video-preview:-1"},"canonical":"https:\/\/xenonkungen.com\/de\/produkt\/d2s-5000k-xenonlampen-der-xenon-konig\/","og_locale":"de_DE","og_type":"article","og_title":"D2S 5000K Xenonlampor Xenonkungen\u00ae - Xenonkungen","og_description":"Xenonkungen D2S 5000K xenonlampa f\u00f6r utbyte. Lampan D2S Xenonkungen 5000K \u00e4r E-m\u00e4rkt och med glasr\u00f6r fr\u00e5n Philips f\u00f6r bl.a. b\u00e4sta UV-skydd. F\u00e4rgtemperaturen 5000K (Pure white) \u00e4r en kompromiss mellan standard 4300K (kr\u00e4mvit och ljusstark) och 6000K (skarpvit med bl\u00e5 stick). En xenonlampa f\u00f6r\u00e4ndras \u00f6ver livstiden i b\u00e5de f\u00e4rg och styrka. Om dina nuvarande lampor f\u00e5tt [&hellip;]","og_url":"https:\/\/xenonkungen.com\/de\/produkt\/d2s-5000k-xenonlampen-der-xenon-konig\/","og_site_name":"Xenonkungen","article_modified_time":"2026-04-01T06:56:49+00:00","og_image":[{"width":1000,"height":1000,"url":"https:\/\/xenonkungen.com\/wp-content\/uploads\/2025\/04\/167048889-origpic-77e99e.png","type":"image\/png"}],"twitter_card":"summary_large_image","schema":{"@context":"https:\/\/schema.org","@graph":[{"@type":"WebPage","@id":"https:\/\/xenonkungen.com\/produkt\/d2s-5000k-xenonlampor-xenonkungen\/","url":"https:\/\/xenonkungen.com\/produkt\/d2s-5000k-xenonlampor-xenonkungen\/","name":"D2S 5000K Xenonlampen Der Xenonk\u00f6nig\u00ae - Der Xenonk\u00f6nig","isPartOf":{"@id":"https:\/\/xenonkungen.com\/#website"},"primaryImageOfPage":{"@id":"https:\/\/xenonkungen.com\/produkt\/d2s-5000k-xenonlampor-xenonkungen\/#primaryimage"},"image":{"@id":"https:\/\/xenonkungen.com\/produkt\/d2s-5000k-xenonlampor-xenonkungen\/#primaryimage"},"thumbnailUrl":"https:\/\/xenonkungen.com\/wp-content\/uploads\/2025\/04\/167048889-origpic-77e99e.png","datePublished":"2025-04-15T08:34:04+00:00","dateModified":"2026-04-01T06:56:49+00:00","breadcrumb":{"@id":"https:\/\/xenonkungen.com\/produkt\/d2s-5000k-xenonlampor-xenonkungen\/#breadcrumb"},"inLanguage":"de","potentialAction":[{"@type":"ReadAction","target":["https:\/\/xenonkungen.com\/produkt\/d2s-5000k-xenonlampor-xenonkungen\/"]}]},{"@type":"ImageObject","inLanguage":"de","@id":"https:\/\/xenonkungen.com\/produkt\/d2s-5000k-xenonlampor-xenonkungen\/#primaryimage","url":"https:\/\/xenonkungen.com\/wp-content\/uploads\/2025\/04\/167048889-origpic-77e99e.png","contentUrl":"https:\/\/xenonkungen.com\/wp-content\/uploads\/2025\/04\/167048889-origpic-77e99e.png","width":1000,"height":1000},{"@type":"BreadcrumbList","@id":"https:\/\/xenonkungen.com\/produkt\/d2s-5000k-xenonlampor-xenonkungen\/#breadcrumb","itemListElement":[{"@type":"ListItem","position":1,"name":"Hem","item":"https:\/\/xenonkungen.com\/"},{"@type":"ListItem","position":2,"name":"Shop","item":"https:\/\/xenonkungen.com\/shop\/"},{"@type":"ListItem","position":3,"name":"D2S 5000K Xenonlampor Xenonkungen\u00ae"}]},{"@type":"WebSite","@id":"https:\/\/xenonkungen.com\/#website","url":"https:\/\/xenonkungen.com\/","name":"Xenonkungen","description":"","potentialAction":[{"@type":"SearchAction","target":{"@type":"EntryPoint","urlTemplate":"https:\/\/xenonkungen.com\/?s={search_term_string}"},"query-input":{"@type":"PropertyValueSpecification","valueRequired":true,"valueName":"search_term_string"}}],"inLanguage":"de"}]}},"taxonomy_info":{"product_cat":[{"value":2483,"label":"Xenon"},{"value":733,"label":"Halvljus \/ Helljus"}],"pa_fargtemperatur":[{"value":154,"label":"5000K"}],"pa_lampsockel-kontakt":[{"value":760,"label":"D2S"}],"pa_volt-v":[{"value":348,"label":"12, 24"}]},"featured_image_src_large":["https:\/\/xenonkungen.com\/wp-content\/uploads\/2025\/04\/167048889-origpic-77e99e.png",1000,1000,false],"author_info":[],"comment_info":2,"_links":{"self":[{"href":"https:\/\/xenonkungen.com\/de\/wp-json\/wp\/v2\/product\/2194","targetHints":{"allow":["GET"]}}],"collection":[{"href":"https:\/\/xenonkungen.com\/de\/wp-json\/wp\/v2\/product"}],"about":[{"href":"https:\/\/xenonkungen.com\/de\/wp-json\/wp\/v2\/types\/product"}],"replies":[{"embeddable":true,"href":"https:\/\/xenonkungen.com\/de\/wp-json\/wp\/v2\/comments?post=2194"}],"wp:featuredmedia":[{"embeddable":true,"href":"https:\/\/xenonkungen.com\/de\/wp-json\/wp\/v2\/media\/2195"}],"wp:attachment":[{"href":"https:\/\/xenonkungen.com\/de\/wp-json\/wp\/v2\/media?parent=2194"}],"wp:term":[{"taxonomy":"anvandningsomrade","embeddable":true,"href":"https:\/\/xenonkungen.com\/de\/wp-json\/wp\/v2\/anvandningsomrade?post=2194"},{"taxonomy":"bilmarken","embeddable":true,"href":"https:\/\/xenonkungen.com\/de\/wp-json\/wp\/v2\/bilmarken?post=2194"},{"taxonomy":"product_brand","embeddable":true,"href":"https:\/\/xenonkungen.com\/de\/wp-json\/wp\/v2\/product_brand?post=2194"},{"taxonomy":"product_cat","embeddable":true,"href":"https:\/\/xenonkungen.com\/de\/wp-json\/wp\/v2\/product_cat?post=2194"},{"taxonomy":"product_tag","embeddable":true,"href":"https:\/\/xenonkungen.com\/de\/wp-json\/wp\/v2\/product_tag?post=2194"}],"curies":[{"name":"wp","href":"https:\/\/api.w.org\/{rel}","templated":true}]}}