{"id":2345,"date":"2025-04-15T08:36:18","date_gmt":"2025-04-15T08:36:18","guid":{"rendered":"https:\/\/xenonkungen.com\/product\/36mmc5w-led-retrofit-6000k-10-30v\/"},"modified":"2026-04-09T15:13:11","modified_gmt":"2026-04-09T14:13:11","slug":"36mmc5w-led-nachrustlampe-6000k-10-30v","status":"publish","type":"product","link":"https:\/\/xenonkungen.com\/de\/produkt\/36mmc5w-led-nachrustlampe-6000k-10-30v\/","title":{"rendered":"36mm|C5W LED Nachr\u00fcstsatz 6000K 10-30V"},"content":{"rendered":"<p>Diodenlampen als Ersatz f\u00fcr Halogen-Gl\u00fchlampen.<br \/>\nF\u00fcr die Innen- oder Au\u00dfenbeleuchtung von Autos, Booten oder Wohnwagen.<\/p>\n<p>Siehe Diodenlampen vom Typ Canbus, wenn Ihr Fahrzeug \u00fcber eine Licht\u00fcberwachung verf\u00fcgt.<\/p>","protected":false},"excerpt":{"rendered":"<p>LED-Lampen als Ersatz f\u00fcr Halogenlampen. F\u00fcr die Innen- und Au\u00dfenbeleuchtung von Autos, Booten oder Wohnwagen. Bei Fahrzeugen mit Licht\u00fcberwachung (ADS) verwenden Sie bitte LED-Lampen mit CAN-Bus-Anschluss.<\/p>","protected":false},"featured_media":2346,"comment_status":"closed","ping_status":"closed","template":"","meta":{"_acf_changed":false,"_smort_price_nok":"95","_smort_price_dkk":"60","_smort_price_eur":"8.09","_smort_sale_price_nok":"","_smort_sale_price_dkk":"","_smort_sale_price_eur":"6.07","smort_restorder":"","shipmondo_restorder":"","_kad_blocks_custom_css":"","_kad_blocks_head_custom_js":"","_kad_blocks_body_custom_js":"","_kad_blocks_footer_custom_js":"","smort_custom_pricelist_1":"56.96","smort_custom_pricelist_2":"49.8","smort_custom_pricelist_3":"47.31","smort_custom_pricelist_4":"71.2","smort_custom_pricelist_5":"49.8"},"anvandningsomrade":[],"bilmarken":[],"product_brand":[],"product_cat":[2454,2452,2453,338],"product_tag":[],"class_list":{"0":"post-2345","1":"product","2":"type-product","3":"status-publish","4":"has-post-thumbnail","6":"product_cat-31-42mm","7":"product_cat-c5w","8":"product_cat-sv85","9":"product_cat-diodlampor","10":"pa_fargtemperatur-6000k","11":"pa_lampsockel-kontakt-sv8-5-c5w","12":"pa_ljusspridning-grader-786","13":"pa_storlek-mm-36x8","14":"pa_volt-v-multivolt-10-12-16-18-24-28-30","16":"first","17":"instock","18":"taxable","19":"shipping-taxable","20":"purchasable","21":"product-type-simple"},"bundled_by":[],"bundle_stock_status":"instock","bundle_stock_quantity":606,"bundle_virtual":false,"bundle_layout":"","bundle_add_to_cart_form_location":"","bundle_editable_in_cart":false,"bundle_sold_individually_context":"","bundle_item_grouping":"","bundle_min_size":"","bundle_max_size":"","bundle_price":[],"bundled_items":[],"bundle_sell_ids":[],"acf":[],"yoast_head":"<!-- This site is optimized with the Yoast SEO plugin v27.0 - https:\/\/yoast.com\/product\/yoast-seo-wordpress\/ -->\n<title>36mm|C5W LED Retrofit 6000K 10-30V - Xenonkungen<\/title>\n<meta name=\"robots\" content=\"index, follow, max-snippet:-1, max-image-preview:large, max-video-preview:-1\" \/>\n<link rel=\"canonical\" href=\"https:\/\/xenonkungen.com\/de\/produkt\/36mmc5w-led-nachrustlampe-6000k-10-30v\/\" \/>\n<meta property=\"og:locale\" content=\"de_DE\" \/>\n<meta property=\"og:type\" content=\"article\" \/>\n<meta property=\"og:title\" content=\"36mm|C5W LED Retrofit 6000K 10-30V - Xenonkungen\" \/>\n<meta property=\"og:description\" content=\"Diodlampor f\u00f6r ers\u00e4ttning av halogen gl\u00f6dljus. F\u00f6r interi\u00f6r eller exteri\u00f6r belysning i bil, b\u00e5t eller husvagn. Se diodlampor av typ canbus om din bil har ljus\u00f6vervakning.\" \/>\n<meta property=\"og:url\" content=\"https:\/\/xenonkungen.com\/de\/produkt\/36mmc5w-led-nachrustlampe-6000k-10-30v\/\" \/>\n<meta property=\"og:site_name\" content=\"Xenonkungen\" \/>\n<meta property=\"article:modified_time\" content=\"2026-04-09T14:13:11+00:00\" \/>\n<meta property=\"og:image\" content=\"https:\/\/xenonkungen.com\/wp-content\/uploads\/2025\/04\/164209863-origpic-b27721.png\" \/>\n\t<meta property=\"og:image:width\" content=\"1000\" \/>\n\t<meta property=\"og:image:height\" content=\"993\" \/>\n\t<meta property=\"og:image:type\" content=\"image\/png\" \/>\n<meta name=\"twitter:card\" content=\"summary_large_image\" \/>\n<meta name=\"twitter:label1\" content=\"Gesch\u00e4tzte Lesezeit\" \/>\n\t<meta name=\"twitter:data1\" content=\"1\u00a0Minute\" \/>\n<script type=\"application\/ld+json\" class=\"yoast-schema-graph\">{\"@context\":\"https:\/\/schema.org\",\"@graph\":[{\"@type\":\"WebPage\",\"@id\":\"https:\/\/xenonkungen.com\/produkt\/36mmc5w-led-retrofit-6000k-10-30v\/\",\"url\":\"https:\/\/xenonkungen.com\/produkt\/36mmc5w-led-retrofit-6000k-10-30v\/\",\"name\":\"36mm|C5W LED Retrofit 6000K 10-30V - Xenonkungen\",\"isPartOf\":{\"@id\":\"https:\/\/xenonkungen.com\/#website\"},\"primaryImageOfPage\":{\"@id\":\"https:\/\/xenonkungen.com\/produkt\/36mmc5w-led-retrofit-6000k-10-30v\/#primaryimage\"},\"image\":{\"@id\":\"https:\/\/xenonkungen.com\/produkt\/36mmc5w-led-retrofit-6000k-10-30v\/#primaryimage\"},\"thumbnailUrl\":\"https:\/\/xenonkungen.com\/wp-content\/uploads\/2025\/04\/164209863-origpic-b27721.png\",\"datePublished\":\"2025-04-15T08:36:18+00:00\",\"dateModified\":\"2026-04-09T14:13:11+00:00\",\"breadcrumb\":{\"@id\":\"https:\/\/xenonkungen.com\/produkt\/36mmc5w-led-retrofit-6000k-10-30v\/#breadcrumb\"},\"inLanguage\":\"de\",\"potentialAction\":[{\"@type\":\"ReadAction\",\"target\":[\"https:\/\/xenonkungen.com\/produkt\/36mmc5w-led-retrofit-6000k-10-30v\/\"]}]},{\"@type\":\"ImageObject\",\"inLanguage\":\"de\",\"@id\":\"https:\/\/xenonkungen.com\/produkt\/36mmc5w-led-retrofit-6000k-10-30v\/#primaryimage\",\"url\":\"https:\/\/xenonkungen.com\/wp-content\/uploads\/2025\/04\/164209863-origpic-b27721.png\",\"contentUrl\":\"https:\/\/xenonkungen.com\/wp-content\/uploads\/2025\/04\/164209863-origpic-b27721.png\",\"width\":1000,\"height\":993},{\"@type\":\"BreadcrumbList\",\"@id\":\"https:\/\/xenonkungen.com\/produkt\/36mmc5w-led-retrofit-6000k-10-30v\/#breadcrumb\",\"itemListElement\":[{\"@type\":\"ListItem\",\"position\":1,\"name\":\"Hem\",\"item\":\"https:\/\/xenonkungen.com\/\"},{\"@type\":\"ListItem\",\"position\":2,\"name\":\"Shop\",\"item\":\"https:\/\/xenonkungen.com\/shop\/\"},{\"@type\":\"ListItem\",\"position\":3,\"name\":\"36mm|C5W LED Retrofit 6000K 10-30V\"}]},{\"@type\":\"WebSite\",\"@id\":\"https:\/\/xenonkungen.com\/#website\",\"url\":\"https:\/\/xenonkungen.com\/\",\"name\":\"Xenonkungen\",\"description\":\"\",\"potentialAction\":[{\"@type\":\"SearchAction\",\"target\":{\"@type\":\"EntryPoint\",\"urlTemplate\":\"https:\/\/xenonkungen.com\/?s={search_term_string}\"},\"query-input\":{\"@type\":\"PropertyValueSpecification\",\"valueRequired\":true,\"valueName\":\"search_term_string\"}}],\"inLanguage\":\"de\"}]}<\/script>\n<!-- \/ Yoast SEO plugin. -->","yoast_head_json":{"title":"36 mm | C5W LED-Nachr\u00fcstlampe 6000 K 10\u201330 V \u2013 Der Xenon-K\u00f6nig","robots":{"index":"index","follow":"follow","max-snippet":"max-snippet:-1","max-image-preview":"max-image-preview:large","max-video-preview":"max-video-preview:-1"},"canonical":"https:\/\/xenonkungen.com\/de\/produkt\/36mmc5w-led-nachrustlampe-6000k-10-30v\/","og_locale":"de_DE","og_type":"article","og_title":"36mm|C5W LED Retrofit 6000K 10-30V - Xenonkungen","og_description":"Diodlampor f\u00f6r ers\u00e4ttning av halogen gl\u00f6dljus. F\u00f6r interi\u00f6r eller exteri\u00f6r belysning i bil, b\u00e5t eller husvagn. Se diodlampor av typ canbus om din bil har ljus\u00f6vervakning.","og_url":"https:\/\/xenonkungen.com\/de\/produkt\/36mmc5w-led-nachrustlampe-6000k-10-30v\/","og_site_name":"Xenonkungen","article_modified_time":"2026-04-09T14:13:11+00:00","og_image":[{"width":1000,"height":993,"url":"https:\/\/xenonkungen.com\/wp-content\/uploads\/2025\/04\/164209863-origpic-b27721.png","type":"image\/png"}],"twitter_card":"summary_large_image","twitter_misc":{"Gesch\u00e4tzte Lesezeit":"1\u00a0Minute"},"schema":{"@context":"https:\/\/schema.org","@graph":[{"@type":"WebPage","@id":"https:\/\/xenonkungen.com\/produkt\/36mmc5w-led-retrofit-6000k-10-30v\/","url":"https:\/\/xenonkungen.com\/produkt\/36mmc5w-led-retrofit-6000k-10-30v\/","name":"36 mm | C5W LED-Nachr\u00fcstlampe 6000 K 10\u201330 V \u2013 Der Xenon-K\u00f6nig","isPartOf":{"@id":"https:\/\/xenonkungen.com\/#website"},"primaryImageOfPage":{"@id":"https:\/\/xenonkungen.com\/produkt\/36mmc5w-led-retrofit-6000k-10-30v\/#primaryimage"},"image":{"@id":"https:\/\/xenonkungen.com\/produkt\/36mmc5w-led-retrofit-6000k-10-30v\/#primaryimage"},"thumbnailUrl":"https:\/\/xenonkungen.com\/wp-content\/uploads\/2025\/04\/164209863-origpic-b27721.png","datePublished":"2025-04-15T08:36:18+00:00","dateModified":"2026-04-09T14:13:11+00:00","breadcrumb":{"@id":"https:\/\/xenonkungen.com\/produkt\/36mmc5w-led-retrofit-6000k-10-30v\/#breadcrumb"},"inLanguage":"de","potentialAction":[{"@type":"ReadAction","target":["https:\/\/xenonkungen.com\/produkt\/36mmc5w-led-retrofit-6000k-10-30v\/"]}]},{"@type":"ImageObject","inLanguage":"de","@id":"https:\/\/xenonkungen.com\/produkt\/36mmc5w-led-retrofit-6000k-10-30v\/#primaryimage","url":"https:\/\/xenonkungen.com\/wp-content\/uploads\/2025\/04\/164209863-origpic-b27721.png","contentUrl":"https:\/\/xenonkungen.com\/wp-content\/uploads\/2025\/04\/164209863-origpic-b27721.png","width":1000,"height":993},{"@type":"BreadcrumbList","@id":"https:\/\/xenonkungen.com\/produkt\/36mmc5w-led-retrofit-6000k-10-30v\/#breadcrumb","itemListElement":[{"@type":"ListItem","position":1,"name":"Hem","item":"https:\/\/xenonkungen.com\/"},{"@type":"ListItem","position":2,"name":"Shop","item":"https:\/\/xenonkungen.com\/shop\/"},{"@type":"ListItem","position":3,"name":"36mm|C5W LED Retrofit 6000K 10-30V"}]},{"@type":"WebSite","@id":"https:\/\/xenonkungen.com\/#website","url":"https:\/\/xenonkungen.com\/","name":"Xenonkungen","description":"","potentialAction":[{"@type":"SearchAction","target":{"@type":"EntryPoint","urlTemplate":"https:\/\/xenonkungen.com\/?s={search_term_string}"},"query-input":{"@type":"PropertyValueSpecification","valueRequired":true,"valueName":"search_term_string"}}],"inLanguage":"de"}]}},"taxonomy_info":{"product_cat":[{"value":2454,"label":"31-42mm"},{"value":2452,"label":"C5W"},{"value":2453,"label":"SV8,5"},{"value":338,"label":"Diodlampor"}],"pa_fargtemperatur":[{"value":188,"label":"6000K"}],"pa_lampsockel-kontakt":[{"value":784,"label":"SV8.5, C5W"}],"pa_ljusspridning-grader":[{"value":786,"label":"180"}],"pa_storlek-mm":[{"value":785,"label":"36x8"}],"pa_volt-v":[{"value":773,"label":"Multivolt, 10, 12, 16, 18, 24, 28, 30"}]},"featured_image_src_large":["https:\/\/xenonkungen.com\/wp-content\/uploads\/2025\/04\/164209863-origpic-b27721.png",1000,993,false],"author_info":[],"comment_info":0,"_links":{"self":[{"href":"https:\/\/xenonkungen.com\/de\/wp-json\/wp\/v2\/product\/2345","targetHints":{"allow":["GET"]}}],"collection":[{"href":"https:\/\/xenonkungen.com\/de\/wp-json\/wp\/v2\/product"}],"about":[{"href":"https:\/\/xenonkungen.com\/de\/wp-json\/wp\/v2\/types\/product"}],"replies":[{"embeddable":true,"href":"https:\/\/xenonkungen.com\/de\/wp-json\/wp\/v2\/comments?post=2345"}],"wp:featuredmedia":[{"embeddable":true,"href":"https:\/\/xenonkungen.com\/de\/wp-json\/wp\/v2\/media\/2346"}],"wp:attachment":[{"href":"https:\/\/xenonkungen.com\/de\/wp-json\/wp\/v2\/media?parent=2345"}],"wp:term":[{"taxonomy":"anvandningsomrade","embeddable":true,"href":"https:\/\/xenonkungen.com\/de\/wp-json\/wp\/v2\/anvandningsomrade?post=2345"},{"taxonomy":"bilmarken","embeddable":true,"href":"https:\/\/xenonkungen.com\/de\/wp-json\/wp\/v2\/bilmarken?post=2345"},{"taxonomy":"product_brand","embeddable":true,"href":"https:\/\/xenonkungen.com\/de\/wp-json\/wp\/v2\/product_brand?post=2345"},{"taxonomy":"product_cat","embeddable":true,"href":"https:\/\/xenonkungen.com\/de\/wp-json\/wp\/v2\/product_cat?post=2345"},{"taxonomy":"product_tag","embeddable":true,"href":"https:\/\/xenonkungen.com\/de\/wp-json\/wp\/v2\/product_tag?post=2345"}],"curies":[{"name":"wp","href":"https:\/\/api.w.org\/{rel}","templated":true}]}}