{"id":2356,"date":"2025-04-15T08:36:18","date_gmt":"2025-04-15T08:36:18","guid":{"rendered":"https:\/\/xenonkungen.com\/product\/xk-ballast-mitsubishi-33119ta0003\/"},"modified":"2026-04-10T17:37:44","modified_gmt":"2026-04-10T16:37:44","slug":"xk-vorschaltgerat-mitsubishi-33119ta0003","status":"publish","type":"product","link":"https:\/\/xenonkungen.com\/de\/produkt\/xk-vorschaltgerat-mitsubishi-33119ta0003\/","title":{"rendered":"XK Vorschaltger\u00e4t Mitsubishi 33119TA0003"},"content":{"rendered":"<p>F\u00fcr Mazda, Mitsubishi, Honda und Acura. Nachr\u00fcst-Xenon-Vorschaltger\u00e4t gem\u00e4\u00df Originalmodell zum Austausch von Fahrzeugen, die mit einem \u00e4hnlichen Modell des Herstellers Mitsubishi 33119TA0003 ausgestattet sind.<\/p>\n<p>OEM-Fabrikate dieses Vorschaltger\u00e4ts sind in den folgenden Fahrzeugen zu finden:<\/p>\n<p><strong>Acura<\/strong><br \/>MDX <span>2010-2013<\/span><br \/>CSX <span>2009-2011\u00a0<\/span><br \/>ZDX <span>2009-2013\u00a0<\/span><br \/>ILX <span>2012-2014\u00a0<\/span><br \/>RDX <span>2006-2014<\/span><br \/>TSX 2009-2014<\/p>\n<p><strong>Honda<\/strong><br \/>Odyssey RB1 RB2 2003-2008<br \/>Odyssey RB3 RB4 2008-2013<br \/>Odyssey RL3\/RL4\/RL5 2011-2017<\/p>\n<p><strong>Mazda<\/strong><br \/>CX-9 <span>2007-2012\u00a0<\/span><br \/>3. Facelift <span>2007-2009\u00a0<\/span><br \/>5 Fr\u00fchgeburt <span>2006-2014\u00a0<\/span><\/p>\n<p><strong>Mitsubishi<\/strong><br \/>Lancer <span>2007-2012<\/span><br \/>Outlander 2007-2011<br \/>Pajero <span>2007-2012\u00a0<\/span><\/p>\n<p>Diese Art der Nachbildung von Originalprodukten ist auf dem Markt erh\u00e4ltlich. Die gr\u00f6\u00dfte Gemeinsamkeit von Originalen und Kopien ist das \u00e4u\u00dfere Geh\u00e4use. Was sie unterscheidet, sind die Komponenten, die Programmierung und die Qualit\u00e4t.<br \/>Und das gilt auch f\u00fcr die verschiedenen Hersteller von Nachbildungen.<br \/>W\u00e4hrend das Original f\u00fcr alle aufgelisteten Fahrzeuge voll funktionsf\u00e4hig ist, kann die Funktionalit\u00e4t einiger Kopien f\u00fcr einzelne Marken oder Modelle eingeschr\u00e4nkt sein, was unter anderem von den technischen Kenntnissen und den Ambitionen des Herstellers abh\u00e4ngt.<br \/>Unsere XK-Vorschaltger\u00e4te sind in der Anschaffung teurer und daher in der Regel besser als billigere Alternativen - die \u00fcbrigens auch von Wettbewerbern teurer angeboten werden k\u00f6nnen. <\/p>\n<p>12V DC.<br \/>2 Jahre Garantie.<\/p>","protected":false},"excerpt":{"rendered":"<p>Nachr\u00fcst-Xenon-Vorschaltger\u00e4t nach Original-Mitsubishi-Vorrichtung f\u00fcr bestimmte japanische Automodelle.<\/p>","protected":false},"featured_media":2357,"comment_status":"closed","ping_status":"open","template":"","meta":{"_acf_changed":false,"_smort_price_nok":"849","_smort_price_dkk":"539","_smort_price_eur":"72.27","_smort_sale_price_nok":"","_smort_sale_price_dkk":"","_smort_sale_price_eur":"","smort_restorder":"","shipmondo_restorder":"","_kad_blocks_custom_css":"","_kad_blocks_head_custom_js":"","_kad_blocks_body_custom_js":"","_kad_blocks_footer_custom_js":"","smort_custom_pricelist_1":"445.2","smort_custom_pricelist_2":"445.2","smort_custom_pricelist_3":"422.94","smort_custom_pricelist_4":"636","smort_custom_pricelist_5":"445.2"},"anvandningsomrade":[],"bilmarken":[],"product_brand":[117],"product_cat":[2484,2485,789,733],"product_tag":[],"class_list":{"0":"post-2356","1":"product","2":"type-product","3":"status-publish","4":"has-post-thumbnail","6":"product_brand-xenonkungen","7":"product_cat-ballast-halvljus-helljus","8":"product_cat-xenonkonventering","9":"product_cat-ballast","10":"product_cat-halvljus-helljus","11":"pa_volt-v-159","13":"first","14":"instock","15":"taxable","16":"shipping-taxable","17":"purchasable","18":"product-type-simple"},"bundled_by":[],"bundle_stock_status":"instock","bundle_stock_quantity":40,"bundle_virtual":false,"bundle_layout":"","bundle_add_to_cart_form_location":"","bundle_editable_in_cart":false,"bundle_sold_individually_context":"","bundle_item_grouping":"","bundle_min_size":"","bundle_max_size":"","bundle_price":[],"bundled_items":[],"bundle_sell_ids":[],"acf":[],"yoast_head":"<!-- This site is optimized with the Yoast SEO plugin v27.0 - https:\/\/yoast.com\/product\/yoast-seo-wordpress\/ -->\n<title>XK Ballast Mitsubishi 33119TA0003 - Xenonkungen<\/title>\n<meta name=\"robots\" content=\"index, follow, max-snippet:-1, max-image-preview:large, max-video-preview:-1\" \/>\n<link rel=\"canonical\" href=\"https:\/\/xenonkungen.com\/de\/produkt\/xk-vorschaltgerat-mitsubishi-33119ta0003\/\" \/>\n<meta property=\"og:locale\" content=\"de_DE\" \/>\n<meta property=\"og:type\" content=\"article\" \/>\n<meta property=\"og:title\" content=\"XK Ballast Mitsubishi 33119TA0003 - Xenonkungen\" \/>\n<meta property=\"og:description\" content=\"Eftermarknads xenon ballast enligt original Mitsubishi f\u00f6rlaga f\u00f6r vissa japanska bilmodeller.\" \/>\n<meta property=\"og:url\" content=\"https:\/\/xenonkungen.com\/de\/produkt\/xk-vorschaltgerat-mitsubishi-33119ta0003\/\" \/>\n<meta property=\"og:site_name\" content=\"Xenonkungen\" \/>\n<meta property=\"article:modified_time\" content=\"2026-04-10T16:37:44+00:00\" \/>\n<meta property=\"og:image\" content=\"https:\/\/xenonkungen.com\/wp-content\/uploads\/2025\/04\/154830840-origpic-87c23a.png\" \/>\n\t<meta property=\"og:image:width\" content=\"1000\" \/>\n\t<meta property=\"og:image:height\" content=\"1000\" \/>\n\t<meta property=\"og:image:type\" content=\"image\/png\" \/>\n<meta name=\"twitter:card\" content=\"summary_large_image\" \/>\n<meta name=\"twitter:label1\" content=\"Gesch\u00e4tzte Lesezeit\" \/>\n\t<meta name=\"twitter:data1\" content=\"1\u00a0Minute\" \/>\n<script type=\"application\/ld+json\" class=\"yoast-schema-graph\">{\"@context\":\"https:\/\/schema.org\",\"@graph\":[{\"@type\":\"WebPage\",\"@id\":\"https:\/\/xenonkungen.com\/produkt\/xk-ballast-mitsubishi-33119ta0003\/\",\"url\":\"https:\/\/xenonkungen.com\/produkt\/xk-ballast-mitsubishi-33119ta0003\/\",\"name\":\"XK Ballast Mitsubishi 33119TA0003 - Xenonkungen\",\"isPartOf\":{\"@id\":\"https:\/\/xenonkungen.com\/#website\"},\"primaryImageOfPage\":{\"@id\":\"https:\/\/xenonkungen.com\/produkt\/xk-ballast-mitsubishi-33119ta0003\/#primaryimage\"},\"image\":{\"@id\":\"https:\/\/xenonkungen.com\/produkt\/xk-ballast-mitsubishi-33119ta0003\/#primaryimage\"},\"thumbnailUrl\":\"https:\/\/xenonkungen.com\/wp-content\/uploads\/2025\/04\/154830840-origpic-87c23a.png\",\"datePublished\":\"2025-04-15T08:36:18+00:00\",\"dateModified\":\"2026-04-10T16:37:44+00:00\",\"breadcrumb\":{\"@id\":\"https:\/\/xenonkungen.com\/produkt\/xk-ballast-mitsubishi-33119ta0003\/#breadcrumb\"},\"inLanguage\":\"de\",\"potentialAction\":[{\"@type\":\"ReadAction\",\"target\":[\"https:\/\/xenonkungen.com\/produkt\/xk-ballast-mitsubishi-33119ta0003\/\"]}]},{\"@type\":\"ImageObject\",\"inLanguage\":\"de\",\"@id\":\"https:\/\/xenonkungen.com\/produkt\/xk-ballast-mitsubishi-33119ta0003\/#primaryimage\",\"url\":\"https:\/\/xenonkungen.com\/wp-content\/uploads\/2025\/04\/154830840-origpic-87c23a.png\",\"contentUrl\":\"https:\/\/xenonkungen.com\/wp-content\/uploads\/2025\/04\/154830840-origpic-87c23a.png\",\"width\":1000,\"height\":1000},{\"@type\":\"BreadcrumbList\",\"@id\":\"https:\/\/xenonkungen.com\/produkt\/xk-ballast-mitsubishi-33119ta0003\/#breadcrumb\",\"itemListElement\":[{\"@type\":\"ListItem\",\"position\":1,\"name\":\"Hem\",\"item\":\"https:\/\/xenonkungen.com\/\"},{\"@type\":\"ListItem\",\"position\":2,\"name\":\"Shop\",\"item\":\"https:\/\/xenonkungen.com\/shop\/\"},{\"@type\":\"ListItem\",\"position\":3,\"name\":\"XK Ballast Mitsubishi 33119TA0003\"}]},{\"@type\":\"WebSite\",\"@id\":\"https:\/\/xenonkungen.com\/#website\",\"url\":\"https:\/\/xenonkungen.com\/\",\"name\":\"Xenonkungen\",\"description\":\"\",\"potentialAction\":[{\"@type\":\"SearchAction\",\"target\":{\"@type\":\"EntryPoint\",\"urlTemplate\":\"https:\/\/xenonkungen.com\/?s={search_term_string}\"},\"query-input\":{\"@type\":\"PropertyValueSpecification\",\"valueRequired\":true,\"valueName\":\"search_term_string\"}}],\"inLanguage\":\"de\"}]}<\/script>\n<!-- \/ Yoast SEO plugin. -->","yoast_head_json":{"title":"XK-Vorschaltger\u00e4t Mitsubishi 33119TA0003 \u2013 Der Xenon-K\u00f6nig","robots":{"index":"index","follow":"follow","max-snippet":"max-snippet:-1","max-image-preview":"max-image-preview:large","max-video-preview":"max-video-preview:-1"},"canonical":"https:\/\/xenonkungen.com\/de\/produkt\/xk-vorschaltgerat-mitsubishi-33119ta0003\/","og_locale":"de_DE","og_type":"article","og_title":"XK Ballast Mitsubishi 33119TA0003 - Xenonkungen","og_description":"Eftermarknads xenon ballast enligt original Mitsubishi f\u00f6rlaga f\u00f6r vissa japanska bilmodeller.","og_url":"https:\/\/xenonkungen.com\/de\/produkt\/xk-vorschaltgerat-mitsubishi-33119ta0003\/","og_site_name":"Xenonkungen","article_modified_time":"2026-04-10T16:37:44+00:00","og_image":[{"width":1000,"height":1000,"url":"https:\/\/xenonkungen.com\/wp-content\/uploads\/2025\/04\/154830840-origpic-87c23a.png","type":"image\/png"}],"twitter_card":"summary_large_image","twitter_misc":{"Gesch\u00e4tzte Lesezeit":"1\u00a0Minute"},"schema":{"@context":"https:\/\/schema.org","@graph":[{"@type":"WebPage","@id":"https:\/\/xenonkungen.com\/produkt\/xk-ballast-mitsubishi-33119ta0003\/","url":"https:\/\/xenonkungen.com\/produkt\/xk-ballast-mitsubishi-33119ta0003\/","name":"XK-Vorschaltger\u00e4t Mitsubishi 33119TA0003 \u2013 Der Xenon-K\u00f6nig","isPartOf":{"@id":"https:\/\/xenonkungen.com\/#website"},"primaryImageOfPage":{"@id":"https:\/\/xenonkungen.com\/produkt\/xk-ballast-mitsubishi-33119ta0003\/#primaryimage"},"image":{"@id":"https:\/\/xenonkungen.com\/produkt\/xk-ballast-mitsubishi-33119ta0003\/#primaryimage"},"thumbnailUrl":"https:\/\/xenonkungen.com\/wp-content\/uploads\/2025\/04\/154830840-origpic-87c23a.png","datePublished":"2025-04-15T08:36:18+00:00","dateModified":"2026-04-10T16:37:44+00:00","breadcrumb":{"@id":"https:\/\/xenonkungen.com\/produkt\/xk-ballast-mitsubishi-33119ta0003\/#breadcrumb"},"inLanguage":"de","potentialAction":[{"@type":"ReadAction","target":["https:\/\/xenonkungen.com\/produkt\/xk-ballast-mitsubishi-33119ta0003\/"]}]},{"@type":"ImageObject","inLanguage":"de","@id":"https:\/\/xenonkungen.com\/produkt\/xk-ballast-mitsubishi-33119ta0003\/#primaryimage","url":"https:\/\/xenonkungen.com\/wp-content\/uploads\/2025\/04\/154830840-origpic-87c23a.png","contentUrl":"https:\/\/xenonkungen.com\/wp-content\/uploads\/2025\/04\/154830840-origpic-87c23a.png","width":1000,"height":1000},{"@type":"BreadcrumbList","@id":"https:\/\/xenonkungen.com\/produkt\/xk-ballast-mitsubishi-33119ta0003\/#breadcrumb","itemListElement":[{"@type":"ListItem","position":1,"name":"Hem","item":"https:\/\/xenonkungen.com\/"},{"@type":"ListItem","position":2,"name":"Shop","item":"https:\/\/xenonkungen.com\/shop\/"},{"@type":"ListItem","position":3,"name":"XK Ballast Mitsubishi 33119TA0003"}]},{"@type":"WebSite","@id":"https:\/\/xenonkungen.com\/#website","url":"https:\/\/xenonkungen.com\/","name":"Xenonkungen","description":"","potentialAction":[{"@type":"SearchAction","target":{"@type":"EntryPoint","urlTemplate":"https:\/\/xenonkungen.com\/?s={search_term_string}"},"query-input":{"@type":"PropertyValueSpecification","valueRequired":true,"valueName":"search_term_string"}}],"inLanguage":"de"}]}},"taxonomy_info":{"product_brand":[{"value":117,"label":"Xenonkungen"}],"product_cat":[{"value":2484,"label":"Ballast"},{"value":2485,"label":"XENONKONVENTERING"},{"value":789,"label":"Ballast"},{"value":733,"label":"Halvljus \/ Helljus"}],"pa_volt-v":[{"value":159,"label":"12"}]},"featured_image_src_large":["https:\/\/xenonkungen.com\/wp-content\/uploads\/2025\/04\/154830840-origpic-87c23a.png",1000,1000,false],"author_info":[],"comment_info":0,"_links":{"self":[{"href":"https:\/\/xenonkungen.com\/de\/wp-json\/wp\/v2\/product\/2356","targetHints":{"allow":["GET"]}}],"collection":[{"href":"https:\/\/xenonkungen.com\/de\/wp-json\/wp\/v2\/product"}],"about":[{"href":"https:\/\/xenonkungen.com\/de\/wp-json\/wp\/v2\/types\/product"}],"replies":[{"embeddable":true,"href":"https:\/\/xenonkungen.com\/de\/wp-json\/wp\/v2\/comments?post=2356"}],"wp:featuredmedia":[{"embeddable":true,"href":"https:\/\/xenonkungen.com\/de\/wp-json\/wp\/v2\/media\/2357"}],"wp:attachment":[{"href":"https:\/\/xenonkungen.com\/de\/wp-json\/wp\/v2\/media?parent=2356"}],"wp:term":[{"taxonomy":"anvandningsomrade","embeddable":true,"href":"https:\/\/xenonkungen.com\/de\/wp-json\/wp\/v2\/anvandningsomrade?post=2356"},{"taxonomy":"bilmarken","embeddable":true,"href":"https:\/\/xenonkungen.com\/de\/wp-json\/wp\/v2\/bilmarken?post=2356"},{"taxonomy":"product_brand","embeddable":true,"href":"https:\/\/xenonkungen.com\/de\/wp-json\/wp\/v2\/product_brand?post=2356"},{"taxonomy":"product_cat","embeddable":true,"href":"https:\/\/xenonkungen.com\/de\/wp-json\/wp\/v2\/product_cat?post=2356"},{"taxonomy":"product_tag","embeddable":true,"href":"https:\/\/xenonkungen.com\/de\/wp-json\/wp\/v2\/product_tag?post=2356"}],"curies":[{"name":"wp","href":"https:\/\/api.w.org\/{rel}","templated":true}]}}