{"id":2382,"date":"2025-04-15T08:36:42","date_gmt":"2025-04-15T08:36:42","guid":{"rendered":"https:\/\/xenonkungen.com\/product\/xk-ballast-al-1307329153\/"},"modified":"2026-04-24T16:32:16","modified_gmt":"2026-04-24T15:32:16","slug":"xk-ballast-al-1307329153","status":"publish","type":"product","link":"https:\/\/xenonkungen.com\/de\/produkt\/xk-ballast-al-1307329153\/","title":{"rendered":"XK Vorschaltger\u00e4t AL 1307329153"},"content":{"rendered":"<p>Nachr\u00fcst-Xenon-Vorschaltger\u00e4t f\u00fcr BMW und MINI gem\u00e4\u00df Originalmodell, das Modelle ersetzt, die mit einem \u00e4hnlichen Modell der Marke AL 1307329153 ausgestattet sind.<\/p>\n<p>12V DC.<br \/>2 Jahre Garantie.<br \/>OEM-Fabrikate dieses Vorschaltger\u00e4ts sind in den folgenden Fahrzeugen zu finden:<\/p>\n<p><strong>BMW<\/strong><br \/>E92 E93 M3 328i\/328xi\/335i\/335xi Coup\u00e9 2007-2009<br \/>E90 M3 Limousine (nicht E90 4-d Limousine) 2007\u20132009<br \/>E63 E64 650i M6 2008-2009<br \/>E83 X3 2007-2009<br \/>E70 X5 2007-2009<\/p>\n<p><strong>Ferrari<\/strong> <br \/>Kalifornien 2008-2013<\/p>\n<p><strong>KIA<\/strong><br \/>Sorrento 2009-2012<\/p>\n<p><strong>MINI<\/strong><br \/>Cooper 2007-2009<br \/>Cooper S 2007-2009<\/p>\n<p>Diese Art der Nachbildung von Originalprodukten ist auf dem Markt erh\u00e4ltlich. Die gr\u00f6\u00dfte Gemeinsamkeit von Originalen und Kopien ist das \u00e4u\u00dfere Geh\u00e4use. Was sie unterscheidet, sind die Komponenten, die Programmierung und die Qualit\u00e4t.<br \/>Und das gilt auch f\u00fcr die verschiedenen Hersteller von Nachbildungen.<br \/>W\u00e4hrend das Original f\u00fcr alle aufgelisteten Fahrzeuge voll funktionsf\u00e4hig ist, kann die Funktionalit\u00e4t einiger Kopien f\u00fcr einzelne Marken oder Modelle eingeschr\u00e4nkt sein, was unter anderem von den technischen Kenntnissen und den Ambitionen des Herstellers abh\u00e4ngt.<br \/>Unsere XK-Vorschaltger\u00e4te sind in der Anschaffung teurer und daher in der Regel besser als billigere Alternativen - die \u00fcbrigens auch von Wettbewerbern teurer angeboten werden k\u00f6nnen.<\/p>","protected":false},"excerpt":{"rendered":"<p>Nachr\u00fcst-Xenon-Vorschaltger\u00e4t nach Original-AL-Modell f\u00fcr BMW und Mini.<\/p>","protected":false},"featured_media":2383,"comment_status":"closed","ping_status":"open","template":"","meta":{"_acf_changed":false,"_smort_price_nok":"956","_smort_price_dkk":"607","_smort_price_eur":"81.36","_smort_sale_price_nok":"","_smort_sale_price_dkk":"","_smort_sale_price_eur":"","smort_restorder":"","shipmondo_restorder":"","_kad_blocks_custom_css":"","_kad_blocks_head_custom_js":"","_kad_blocks_body_custom_js":"","_kad_blocks_footer_custom_js":"","smort_custom_pricelist_1":"501.2","smort_custom_pricelist_2":"501.2","smort_custom_pricelist_3":"476.14","smort_custom_pricelist_4":"716","smort_custom_pricelist_5":"501.2"},"anvandningsomrade":[],"bilmarken":[],"product_brand":[117],"product_cat":[2484,2485,789,733],"product_tag":[],"class_list":{"0":"post-2382","1":"product","2":"type-product","3":"status-publish","4":"has-post-thumbnail","6":"product_brand-xenonkungen","7":"product_cat-ballast-halvljus-helljus","8":"product_cat-xenonkonventering","9":"product_cat-ballast","10":"product_cat-halvljus-helljus","11":"pa_volt-v-159","13":"first","14":"instock","15":"taxable","16":"shipping-taxable","17":"purchasable","18":"product-type-simple"},"bundled_by":[],"bundle_stock_status":"instock","bundle_stock_quantity":4,"bundle_virtual":false,"bundle_layout":"","bundle_add_to_cart_form_location":"","bundle_editable_in_cart":false,"bundle_sold_individually_context":"","bundle_item_grouping":"","bundle_min_size":"","bundle_max_size":"","bundle_price":[],"bundled_items":[],"bundle_sell_ids":[],"acf":[],"yoast_head":"<!-- This site is optimized with the Yoast SEO plugin v27.0 - https:\/\/yoast.com\/product\/yoast-seo-wordpress\/ -->\n<title>XK Ballast AL 1307329153 - Xenonkungen<\/title>\n<meta name=\"robots\" content=\"index, follow, max-snippet:-1, max-image-preview:large, max-video-preview:-1\" \/>\n<link rel=\"canonical\" href=\"https:\/\/xenonkungen.com\/de\/produkt\/xk-ballast-al-1307329153\/\" \/>\n<meta property=\"og:locale\" content=\"de_DE\" \/>\n<meta property=\"og:type\" content=\"article\" \/>\n<meta property=\"og:title\" content=\"XK Ballast AL 1307329153 - Xenonkungen\" \/>\n<meta property=\"og:description\" content=\"Eftermarknads xenon ballast enligt original AL f\u00f6rlaga f\u00f6r BMW och Mini.\" \/>\n<meta property=\"og:url\" content=\"https:\/\/xenonkungen.com\/de\/produkt\/xk-ballast-al-1307329153\/\" \/>\n<meta property=\"og:site_name\" content=\"Xenonkungen\" \/>\n<meta property=\"article:modified_time\" content=\"2026-04-24T15:32:16+00:00\" \/>\n<meta property=\"og:image\" content=\"https:\/\/xenonkungen.com\/wp-content\/uploads\/2025\/04\/154836372-origpic-174dc5.png\" \/>\n\t<meta property=\"og:image:width\" content=\"1000\" \/>\n\t<meta property=\"og:image:height\" content=\"1000\" \/>\n\t<meta property=\"og:image:type\" content=\"image\/png\" \/>\n<meta name=\"twitter:card\" content=\"summary_large_image\" \/>\n<meta name=\"twitter:label1\" content=\"Gesch\u00e4tzte Lesezeit\" \/>\n\t<meta name=\"twitter:data1\" content=\"1\u00a0Minute\" \/>\n<script type=\"application\/ld+json\" class=\"yoast-schema-graph\">{\"@context\":\"https:\/\/schema.org\",\"@graph\":[{\"@type\":\"WebPage\",\"@id\":\"https:\/\/xenonkungen.com\/produkt\/xk-ballast-al-1307329153\/\",\"url\":\"https:\/\/xenonkungen.com\/produkt\/xk-ballast-al-1307329153\/\",\"name\":\"XK Ballast AL 1307329153 - Xenonkungen\",\"isPartOf\":{\"@id\":\"https:\/\/xenonkungen.com\/#website\"},\"primaryImageOfPage\":{\"@id\":\"https:\/\/xenonkungen.com\/produkt\/xk-ballast-al-1307329153\/#primaryimage\"},\"image\":{\"@id\":\"https:\/\/xenonkungen.com\/produkt\/xk-ballast-al-1307329153\/#primaryimage\"},\"thumbnailUrl\":\"https:\/\/xenonkungen.com\/wp-content\/uploads\/2025\/04\/154836372-origpic-174dc5.png\",\"datePublished\":\"2025-04-15T08:36:42+00:00\",\"dateModified\":\"2026-04-24T15:32:16+00:00\",\"breadcrumb\":{\"@id\":\"https:\/\/xenonkungen.com\/produkt\/xk-ballast-al-1307329153\/#breadcrumb\"},\"inLanguage\":\"de\",\"potentialAction\":[{\"@type\":\"ReadAction\",\"target\":[\"https:\/\/xenonkungen.com\/produkt\/xk-ballast-al-1307329153\/\"]}]},{\"@type\":\"ImageObject\",\"inLanguage\":\"de\",\"@id\":\"https:\/\/xenonkungen.com\/produkt\/xk-ballast-al-1307329153\/#primaryimage\",\"url\":\"https:\/\/xenonkungen.com\/wp-content\/uploads\/2025\/04\/154836372-origpic-174dc5.png\",\"contentUrl\":\"https:\/\/xenonkungen.com\/wp-content\/uploads\/2025\/04\/154836372-origpic-174dc5.png\",\"width\":1000,\"height\":1000},{\"@type\":\"BreadcrumbList\",\"@id\":\"https:\/\/xenonkungen.com\/produkt\/xk-ballast-al-1307329153\/#breadcrumb\",\"itemListElement\":[{\"@type\":\"ListItem\",\"position\":1,\"name\":\"Hem\",\"item\":\"https:\/\/xenonkungen.com\/\"},{\"@type\":\"ListItem\",\"position\":2,\"name\":\"Shop\",\"item\":\"https:\/\/xenonkungen.com\/shop\/\"},{\"@type\":\"ListItem\",\"position\":3,\"name\":\"XK Ballast AL 1307329153\"}]},{\"@type\":\"WebSite\",\"@id\":\"https:\/\/xenonkungen.com\/#website\",\"url\":\"https:\/\/xenonkungen.com\/\",\"name\":\"Xenonkungen\",\"description\":\"\",\"potentialAction\":[{\"@type\":\"SearchAction\",\"target\":{\"@type\":\"EntryPoint\",\"urlTemplate\":\"https:\/\/xenonkungen.com\/?s={search_term_string}\"},\"query-input\":{\"@type\":\"PropertyValueSpecification\",\"valueRequired\":true,\"valueName\":\"search_term_string\"}}],\"inLanguage\":\"de\"}]}<\/script>\n<!-- \/ Yoast SEO plugin. -->","yoast_head_json":{"title":"XK Ballast AL 1307329153 - Der Xenon-K\u00f6nig","robots":{"index":"index","follow":"follow","max-snippet":"max-snippet:-1","max-image-preview":"max-image-preview:large","max-video-preview":"max-video-preview:-1"},"canonical":"https:\/\/xenonkungen.com\/de\/produkt\/xk-ballast-al-1307329153\/","og_locale":"de_DE","og_type":"article","og_title":"XK Ballast AL 1307329153 - Xenonkungen","og_description":"Eftermarknads xenon ballast enligt original AL f\u00f6rlaga f\u00f6r BMW och Mini.","og_url":"https:\/\/xenonkungen.com\/de\/produkt\/xk-ballast-al-1307329153\/","og_site_name":"Xenonkungen","article_modified_time":"2026-04-24T15:32:16+00:00","og_image":[{"width":1000,"height":1000,"url":"https:\/\/xenonkungen.com\/wp-content\/uploads\/2025\/04\/154836372-origpic-174dc5.png","type":"image\/png"}],"twitter_card":"summary_large_image","twitter_misc":{"Gesch\u00e4tzte Lesezeit":"1\u00a0Minute"},"schema":{"@context":"https:\/\/schema.org","@graph":[{"@type":"WebPage","@id":"https:\/\/xenonkungen.com\/produkt\/xk-ballast-al-1307329153\/","url":"https:\/\/xenonkungen.com\/produkt\/xk-ballast-al-1307329153\/","name":"XK Ballast AL 1307329153 - Der Xenon-K\u00f6nig","isPartOf":{"@id":"https:\/\/xenonkungen.com\/#website"},"primaryImageOfPage":{"@id":"https:\/\/xenonkungen.com\/produkt\/xk-ballast-al-1307329153\/#primaryimage"},"image":{"@id":"https:\/\/xenonkungen.com\/produkt\/xk-ballast-al-1307329153\/#primaryimage"},"thumbnailUrl":"https:\/\/xenonkungen.com\/wp-content\/uploads\/2025\/04\/154836372-origpic-174dc5.png","datePublished":"2025-04-15T08:36:42+00:00","dateModified":"2026-04-24T15:32:16+00:00","breadcrumb":{"@id":"https:\/\/xenonkungen.com\/produkt\/xk-ballast-al-1307329153\/#breadcrumb"},"inLanguage":"de","potentialAction":[{"@type":"ReadAction","target":["https:\/\/xenonkungen.com\/produkt\/xk-ballast-al-1307329153\/"]}]},{"@type":"ImageObject","inLanguage":"de","@id":"https:\/\/xenonkungen.com\/produkt\/xk-ballast-al-1307329153\/#primaryimage","url":"https:\/\/xenonkungen.com\/wp-content\/uploads\/2025\/04\/154836372-origpic-174dc5.png","contentUrl":"https:\/\/xenonkungen.com\/wp-content\/uploads\/2025\/04\/154836372-origpic-174dc5.png","width":1000,"height":1000},{"@type":"BreadcrumbList","@id":"https:\/\/xenonkungen.com\/produkt\/xk-ballast-al-1307329153\/#breadcrumb","itemListElement":[{"@type":"ListItem","position":1,"name":"Hem","item":"https:\/\/xenonkungen.com\/"},{"@type":"ListItem","position":2,"name":"Shop","item":"https:\/\/xenonkungen.com\/shop\/"},{"@type":"ListItem","position":3,"name":"XK Ballast AL 1307329153"}]},{"@type":"WebSite","@id":"https:\/\/xenonkungen.com\/#website","url":"https:\/\/xenonkungen.com\/","name":"Xenonkungen","description":"","potentialAction":[{"@type":"SearchAction","target":{"@type":"EntryPoint","urlTemplate":"https:\/\/xenonkungen.com\/?s={search_term_string}"},"query-input":{"@type":"PropertyValueSpecification","valueRequired":true,"valueName":"search_term_string"}}],"inLanguage":"de"}]}},"taxonomy_info":{"product_brand":[{"value":117,"label":"Xenonkungen"}],"product_cat":[{"value":2484,"label":"Ballast"},{"value":2485,"label":"Xenonkonvertering"},{"value":789,"label":"Ballast"},{"value":733,"label":"Halvljus \/ Helljus"}],"pa_volt-v":[{"value":159,"label":"12"}]},"featured_image_src_large":["https:\/\/xenonkungen.com\/wp-content\/uploads\/2025\/04\/154836372-origpic-174dc5.png",1000,1000,false],"author_info":[],"comment_info":0,"_links":{"self":[{"href":"https:\/\/xenonkungen.com\/de\/wp-json\/wp\/v2\/product\/2382","targetHints":{"allow":["GET"]}}],"collection":[{"href":"https:\/\/xenonkungen.com\/de\/wp-json\/wp\/v2\/product"}],"about":[{"href":"https:\/\/xenonkungen.com\/de\/wp-json\/wp\/v2\/types\/product"}],"replies":[{"embeddable":true,"href":"https:\/\/xenonkungen.com\/de\/wp-json\/wp\/v2\/comments?post=2382"}],"wp:featuredmedia":[{"embeddable":true,"href":"https:\/\/xenonkungen.com\/de\/wp-json\/wp\/v2\/media\/2383"}],"wp:attachment":[{"href":"https:\/\/xenonkungen.com\/de\/wp-json\/wp\/v2\/media?parent=2382"}],"wp:term":[{"taxonomy":"anvandningsomrade","embeddable":true,"href":"https:\/\/xenonkungen.com\/de\/wp-json\/wp\/v2\/anvandningsomrade?post=2382"},{"taxonomy":"bilmarken","embeddable":true,"href":"https:\/\/xenonkungen.com\/de\/wp-json\/wp\/v2\/bilmarken?post=2382"},{"taxonomy":"product_brand","embeddable":true,"href":"https:\/\/xenonkungen.com\/de\/wp-json\/wp\/v2\/product_brand?post=2382"},{"taxonomy":"product_cat","embeddable":true,"href":"https:\/\/xenonkungen.com\/de\/wp-json\/wp\/v2\/product_cat?post=2382"},{"taxonomy":"product_tag","embeddable":true,"href":"https:\/\/xenonkungen.com\/de\/wp-json\/wp\/v2\/product_tag?post=2382"}],"curies":[{"name":"wp","href":"https:\/\/api.w.org\/{rel}","templated":true}]}}