{"id":2412,"date":"2025-04-15T08:37:06","date_gmt":"2025-04-15T08:37:06","guid":{"rendered":"https:\/\/xenonkungen.com\/product\/xk-ballast-5dv-009-000-00\/"},"modified":"2026-05-15T08:06:59","modified_gmt":"2026-05-15T07:06:59","slug":"xk-vorschaltgerat-5dv-009-000-00","status":"publish","type":"product","link":"https:\/\/xenonkungen.com\/de\/produkt\/xk-vorschaltgerat-5dv-009-000-00\/","title":{"rendered":"XK Vorschaltger\u00e4t 5DV 009 000-00"},"content":{"rendered":"<p><span>Nachr\u00fcst-Xenon-Vorschaltger\u00e4t gem\u00e4\u00df Hella-Modell, das Fahrzeuge ersetzt, die mit dem Modell Hella 5DV 009 000-00 ausgestattet sind.<\/span><br \/><span>12VDC.<\/p>\n<p><u>OEM-Fabrikate sind unter anderem in den folgenden Fahrzeugen zu finden<\/u><br \/><strong>BMW<\/strong><br \/>5er-Reihe (E60, E61) 2008-2011<br \/>7er-Reihe (E65, E66) 2006-2008<br \/>X6 (E71, E72) 2008-2014<\/p>\n<p><strong>Citroen<\/strong><br \/>C4 Picasso 2006-2012<\/p>\n<p><strong>Cadillac<\/strong><br \/>Escalade 2007-2014<\/p>\n<p><strong>Chrysler<\/strong><br \/>Town &amp; Country 2007-2014<br \/>Pacifica Mittelklasse-Crossover 2007-2009<br \/>Grand Lancia Voyager 2008-2015<\/p>\n<p><strong>Ford<\/strong><br \/>Kuga 2006-2014<br \/>S-Max (CA1) 2006-2014<\/p>\n<p><strong>Hyundai<\/strong><br \/>Genesis 2009-2014<\/p>\n<p><strong>Mercedes-Benz<\/strong><br \/>Sprinter 2500\/3500 2010-2012<br \/>CLK (W209) 2006-2009<\/p>\n<p><strong>Mercedes Benz Freightliner<\/strong><br \/>Sprinter 2500\/3500 2007-2012<br \/>G-Klasse (W463)<\/p>\n<p><strong>Land Rover<\/strong><br \/>Range Rover (L322) 2006-2009<\/p>\n<p><strong>Nissan<\/strong><br \/>Pathfinder (R51) 2005-2011<br \/><\/span><br \/><strong>Peugeot<\/strong><br \/>407 Coup\u00e9 2007-2012<\/p>\n<p><strong>Saab<\/strong><br \/>9-3 2008-2011<\/p>\n<p><strong>Skoda<\/strong><br \/>Superb B6 (Typ T3) 2008-2012<\/p>\n<p><strong>Volkswagen<\/strong><br \/>Tiguan 2007-2011<br \/>Golf Mk6 2009-2012<\/p>\n<p><strong>2 Jahre Garantie<\/strong><\/p>\n<p><strong>Gut zu wissen<\/strong><br \/><span>Diese Art der Nachbildung von Originalprodukten ist auf dem Markt erh\u00e4ltlich. Die gr\u00f6\u00dfte Gemeinsamkeit von Originalen und Kopien ist das \u00e4u\u00dfere Geh\u00e4use. Was sie unterscheidet, sind die Komponenten, die Programmierung und die Qualit\u00e4t.<\/span><br \/><span>Und das gilt auch f\u00fcr die verschiedenen Hersteller von Nachbildungen.<\/span><br \/><span>W\u00e4hrend das Original f\u00fcr alle aufgelisteten Fahrzeuge voll funktionsf\u00e4hig ist, kann die Funktionalit\u00e4t einiger Kopien f\u00fcr einzelne Marken oder Modelle eingeschr\u00e4nkt sein, was unter anderem von den technischen Kenntnissen und den Ambitionen des Herstellers abh\u00e4ngt.<\/span><br \/><span>Unsere XK-Vorschaltger\u00e4te sind in der Anschaffung teurer und daher in der Regel besser als billigere Alternativen - die \u00fcbrigens auch von Wettbewerbern teurer angeboten werden k\u00f6nnen.<\/span><\/p>","protected":false},"excerpt":{"rendered":"<p>Original-Ersatzteil, hohe Qualit\u00e4t, passend f\u00fcr viele verschiedene Fahrzeugmodelle, 2 Jahre Garantie<\/p>","protected":false},"featured_media":2413,"comment_status":"closed","ping_status":"open","template":"","meta":{"_acf_changed":false,"_smort_price_nok":"849","_smort_price_dkk":"539","_smort_price_eur":"72.27","_smort_sale_price_nok":"","_smort_sale_price_dkk":"","_smort_sale_price_eur":"","smort_restorder":"","shipmondo_restorder":"","_kad_blocks_custom_css":"","_kad_blocks_head_custom_js":"","_kad_blocks_body_custom_js":"","_kad_blocks_footer_custom_js":"","smort_custom_pricelist_1":"508.2","smort_custom_pricelist_2":"439.2","smort_custom_pricelist_3":"399.2","smort_custom_pricelist_4":"636","smort_custom_pricelist_5":"439.2"},"anvandningsomrade":[],"bilmarken":[],"product_brand":[117],"product_cat":[2484,2485,789,733],"product_tag":[],"class_list":{"0":"post-2412","1":"product","2":"type-product","3":"status-publish","4":"has-post-thumbnail","6":"product_brand-xenonkungen","7":"product_cat-ballast-halvljus-helljus","8":"product_cat-xenonkonventering","9":"product_cat-ballast","10":"product_cat-halvljus-helljus","11":"pa_volt-v-159","13":"first","14":"onbackorder","15":"taxable","16":"shipping-taxable","17":"purchasable","18":"product-type-simple"},"bundled_by":[],"bundle_stock_status":"onbackorder","bundle_stock_quantity":0,"bundle_virtual":false,"bundle_layout":"","bundle_add_to_cart_form_location":"","bundle_editable_in_cart":false,"bundle_sold_individually_context":"","bundle_item_grouping":"","bundle_min_size":"","bundle_max_size":"","bundle_price":[],"bundled_items":[],"bundle_sell_ids":[],"acf":[],"yoast_head":"<!-- This site is optimized with the Yoast SEO plugin v27.0 - https:\/\/yoast.com\/product\/yoast-seo-wordpress\/ -->\n<title>XK Ballast 5DV 009 000-00 - Xenonkungen<\/title>\n<meta name=\"robots\" content=\"index, follow, max-snippet:-1, max-image-preview:large, max-video-preview:-1\" \/>\n<link rel=\"canonical\" href=\"https:\/\/xenonkungen.com\/de\/produkt\/xk-vorschaltgerat-5dv-009-000-00\/\" \/>\n<meta property=\"og:locale\" content=\"de_DE\" \/>\n<meta property=\"og:type\" content=\"article\" \/>\n<meta property=\"og:title\" content=\"XK Ballast 5DV 009 000-00 - Xenonkungen\" \/>\n<meta property=\"og:description\" content=\"Orginalers\u00e4ttning , H\u00f6g kvalitet , Passar m\u00e5nga olika bilmodeller , 2 \u00e5rs garanti\" \/>\n<meta property=\"og:url\" content=\"https:\/\/xenonkungen.com\/de\/produkt\/xk-vorschaltgerat-5dv-009-000-00\/\" \/>\n<meta property=\"og:site_name\" content=\"Xenonkungen\" \/>\n<meta property=\"article:modified_time\" content=\"2026-05-15T07:06:59+00:00\" \/>\n<meta property=\"og:image\" content=\"https:\/\/xenonkungen.com\/wp-content\/uploads\/2025\/04\/212103413-origpic-f414a5.png\" \/>\n\t<meta property=\"og:image:width\" content=\"1000\" \/>\n\t<meta property=\"og:image:height\" content=\"781\" \/>\n\t<meta property=\"og:image:type\" content=\"image\/png\" \/>\n<meta name=\"twitter:card\" content=\"summary_large_image\" \/>\n<meta name=\"twitter:label1\" content=\"Gesch\u00e4tzte Lesezeit\" \/>\n\t<meta name=\"twitter:data1\" content=\"1\u00a0Minute\" \/>\n<script type=\"application\/ld+json\" class=\"yoast-schema-graph\">{\"@context\":\"https:\/\/schema.org\",\"@graph\":[{\"@type\":\"WebPage\",\"@id\":\"https:\/\/xenonkungen.com\/produkt\/xk-ballast-5dv-009-000-00\/\",\"url\":\"https:\/\/xenonkungen.com\/produkt\/xk-ballast-5dv-009-000-00\/\",\"name\":\"XK Ballast 5DV 009 000-00 - Xenonkungen\",\"isPartOf\":{\"@id\":\"https:\/\/xenonkungen.com\/#website\"},\"primaryImageOfPage\":{\"@id\":\"https:\/\/xenonkungen.com\/produkt\/xk-ballast-5dv-009-000-00\/#primaryimage\"},\"image\":{\"@id\":\"https:\/\/xenonkungen.com\/produkt\/xk-ballast-5dv-009-000-00\/#primaryimage\"},\"thumbnailUrl\":\"https:\/\/xenonkungen.com\/wp-content\/uploads\/2025\/04\/212103413-origpic-f414a5.png\",\"datePublished\":\"2025-04-15T08:37:06+00:00\",\"dateModified\":\"2026-05-15T07:06:59+00:00\",\"breadcrumb\":{\"@id\":\"https:\/\/xenonkungen.com\/produkt\/xk-ballast-5dv-009-000-00\/#breadcrumb\"},\"inLanguage\":\"de\",\"potentialAction\":[{\"@type\":\"ReadAction\",\"target\":[\"https:\/\/xenonkungen.com\/produkt\/xk-ballast-5dv-009-000-00\/\"]}]},{\"@type\":\"ImageObject\",\"inLanguage\":\"de\",\"@id\":\"https:\/\/xenonkungen.com\/produkt\/xk-ballast-5dv-009-000-00\/#primaryimage\",\"url\":\"https:\/\/xenonkungen.com\/wp-content\/uploads\/2025\/04\/212103413-origpic-f414a5.png\",\"contentUrl\":\"https:\/\/xenonkungen.com\/wp-content\/uploads\/2025\/04\/212103413-origpic-f414a5.png\",\"width\":1000,\"height\":781},{\"@type\":\"BreadcrumbList\",\"@id\":\"https:\/\/xenonkungen.com\/produkt\/xk-ballast-5dv-009-000-00\/#breadcrumb\",\"itemListElement\":[{\"@type\":\"ListItem\",\"position\":1,\"name\":\"Hem\",\"item\":\"https:\/\/xenonkungen.com\/\"},{\"@type\":\"ListItem\",\"position\":2,\"name\":\"Shop\",\"item\":\"https:\/\/xenonkungen.com\/shop\/\"},{\"@type\":\"ListItem\",\"position\":3,\"name\":\"XK Ballast 5DV 009 000-00\"}]},{\"@type\":\"WebSite\",\"@id\":\"https:\/\/xenonkungen.com\/#website\",\"url\":\"https:\/\/xenonkungen.com\/\",\"name\":\"Xenonkungen\",\"description\":\"\",\"potentialAction\":[{\"@type\":\"SearchAction\",\"target\":{\"@type\":\"EntryPoint\",\"urlTemplate\":\"https:\/\/xenonkungen.com\/?s={search_term_string}\"},\"query-input\":{\"@type\":\"PropertyValueSpecification\",\"valueRequired\":true,\"valueName\":\"search_term_string\"}}],\"inLanguage\":\"de\"}]}<\/script>\n<!-- \/ Yoast SEO plugin. -->","yoast_head_json":{"title":"XK Ballast 5DV 009 000-00 - Der Xenon-K\u00f6nig","robots":{"index":"index","follow":"follow","max-snippet":"max-snippet:-1","max-image-preview":"max-image-preview:large","max-video-preview":"max-video-preview:-1"},"canonical":"https:\/\/xenonkungen.com\/de\/produkt\/xk-vorschaltgerat-5dv-009-000-00\/","og_locale":"de_DE","og_type":"article","og_title":"XK Ballast 5DV 009 000-00 - Xenonkungen","og_description":"Orginalers\u00e4ttning , H\u00f6g kvalitet , Passar m\u00e5nga olika bilmodeller , 2 \u00e5rs garanti","og_url":"https:\/\/xenonkungen.com\/de\/produkt\/xk-vorschaltgerat-5dv-009-000-00\/","og_site_name":"Xenonkungen","article_modified_time":"2026-05-15T07:06:59+00:00","og_image":[{"width":1000,"height":781,"url":"https:\/\/xenonkungen.com\/wp-content\/uploads\/2025\/04\/212103413-origpic-f414a5.png","type":"image\/png"}],"twitter_card":"summary_large_image","twitter_misc":{"Gesch\u00e4tzte Lesezeit":"1\u00a0Minute"},"schema":{"@context":"https:\/\/schema.org","@graph":[{"@type":"WebPage","@id":"https:\/\/xenonkungen.com\/produkt\/xk-ballast-5dv-009-000-00\/","url":"https:\/\/xenonkungen.com\/produkt\/xk-ballast-5dv-009-000-00\/","name":"XK Ballast 5DV 009 000-00 - Der Xenon-K\u00f6nig","isPartOf":{"@id":"https:\/\/xenonkungen.com\/#website"},"primaryImageOfPage":{"@id":"https:\/\/xenonkungen.com\/produkt\/xk-ballast-5dv-009-000-00\/#primaryimage"},"image":{"@id":"https:\/\/xenonkungen.com\/produkt\/xk-ballast-5dv-009-000-00\/#primaryimage"},"thumbnailUrl":"https:\/\/xenonkungen.com\/wp-content\/uploads\/2025\/04\/212103413-origpic-f414a5.png","datePublished":"2025-04-15T08:37:06+00:00","dateModified":"2026-05-15T07:06:59+00:00","breadcrumb":{"@id":"https:\/\/xenonkungen.com\/produkt\/xk-ballast-5dv-009-000-00\/#breadcrumb"},"inLanguage":"de","potentialAction":[{"@type":"ReadAction","target":["https:\/\/xenonkungen.com\/produkt\/xk-ballast-5dv-009-000-00\/"]}]},{"@type":"ImageObject","inLanguage":"de","@id":"https:\/\/xenonkungen.com\/produkt\/xk-ballast-5dv-009-000-00\/#primaryimage","url":"https:\/\/xenonkungen.com\/wp-content\/uploads\/2025\/04\/212103413-origpic-f414a5.png","contentUrl":"https:\/\/xenonkungen.com\/wp-content\/uploads\/2025\/04\/212103413-origpic-f414a5.png","width":1000,"height":781},{"@type":"BreadcrumbList","@id":"https:\/\/xenonkungen.com\/produkt\/xk-ballast-5dv-009-000-00\/#breadcrumb","itemListElement":[{"@type":"ListItem","position":1,"name":"Hem","item":"https:\/\/xenonkungen.com\/"},{"@type":"ListItem","position":2,"name":"Shop","item":"https:\/\/xenonkungen.com\/shop\/"},{"@type":"ListItem","position":3,"name":"XK Ballast 5DV 009 000-00"}]},{"@type":"WebSite","@id":"https:\/\/xenonkungen.com\/#website","url":"https:\/\/xenonkungen.com\/","name":"Xenonkungen","description":"","potentialAction":[{"@type":"SearchAction","target":{"@type":"EntryPoint","urlTemplate":"https:\/\/xenonkungen.com\/?s={search_term_string}"},"query-input":{"@type":"PropertyValueSpecification","valueRequired":true,"valueName":"search_term_string"}}],"inLanguage":"de"}]}},"taxonomy_info":{"product_brand":[{"value":117,"label":"Xenonkungen"}],"product_cat":[{"value":2484,"label":"Ballast"},{"value":2485,"label":"Xenonkonvertering"},{"value":789,"label":"Ballast"},{"value":733,"label":"Halvljus \/ Helljus"}],"pa_volt-v":[{"value":159,"label":"12"}]},"featured_image_src_large":["https:\/\/xenonkungen.com\/wp-content\/uploads\/2025\/04\/212103413-origpic-f414a5.png",1000,781,false],"author_info":[],"comment_info":3,"_links":{"self":[{"href":"https:\/\/xenonkungen.com\/de\/wp-json\/wp\/v2\/product\/2412","targetHints":{"allow":["GET"]}}],"collection":[{"href":"https:\/\/xenonkungen.com\/de\/wp-json\/wp\/v2\/product"}],"about":[{"href":"https:\/\/xenonkungen.com\/de\/wp-json\/wp\/v2\/types\/product"}],"replies":[{"embeddable":true,"href":"https:\/\/xenonkungen.com\/de\/wp-json\/wp\/v2\/comments?post=2412"}],"wp:featuredmedia":[{"embeddable":true,"href":"https:\/\/xenonkungen.com\/de\/wp-json\/wp\/v2\/media\/2413"}],"wp:attachment":[{"href":"https:\/\/xenonkungen.com\/de\/wp-json\/wp\/v2\/media?parent=2412"}],"wp:term":[{"taxonomy":"anvandningsomrade","embeddable":true,"href":"https:\/\/xenonkungen.com\/de\/wp-json\/wp\/v2\/anvandningsomrade?post=2412"},{"taxonomy":"bilmarken","embeddable":true,"href":"https:\/\/xenonkungen.com\/de\/wp-json\/wp\/v2\/bilmarken?post=2412"},{"taxonomy":"product_brand","embeddable":true,"href":"https:\/\/xenonkungen.com\/de\/wp-json\/wp\/v2\/product_brand?post=2412"},{"taxonomy":"product_cat","embeddable":true,"href":"https:\/\/xenonkungen.com\/de\/wp-json\/wp\/v2\/product_cat?post=2412"},{"taxonomy":"product_tag","embeddable":true,"href":"https:\/\/xenonkungen.com\/de\/wp-json\/wp\/v2\/product_tag?post=2412"}],"curies":[{"name":"wp","href":"https:\/\/api.w.org\/{rel}","templated":true}]}}