{"id":2422,"date":"2025-04-15T08:37:18","date_gmt":"2025-04-15T08:37:18","guid":{"rendered":"https:\/\/xenonkungen.com\/product\/xk-ballast-gen3\/"},"modified":"2026-04-10T17:39:16","modified_gmt":"2026-04-10T16:39:16","slug":"xk-vorschaltgerat-gen3","status":"publish","type":"product","link":"https:\/\/xenonkungen.com\/de\/produkt\/xk-vorschaltgerat-gen3\/","title":{"rendered":"XK Vorschaltger\u00e4t Gen3 - A"},"content":{"rendered":"<p>Aftermarket-Xenon-Vorschaltger\u00e4t nach Hella-Modell, das Auto \/ extra Licht \/ Arbeitsscheinwerfer mit \u00e4hnlichen Modell der Marke Hella 5DV 007 760-71 mit D2-Stecker f\u00fcr D2S \/ D2R Xenon-Lampen ausgestattet ersetzt.<br \/>\n12VDC.<\/p>\n<p>Der gelieferte Artikel ist keine OEM-Marke f\u00fcr die angegebenen Fahrzeuge.<\/p>\n<p><strong>VERSION A:<\/strong><br \/>\n<strong>BMW<\/strong><br \/>\n7er Reihe E38 1998-2001<br \/>\nZ8 E52 2000-2003<\/p>\n<p><strong>Ferrari<\/strong><br \/>\nF360 1999-2005<br \/>\nEnzo 2002-2004<\/p>\n<p><strong>Lamborghini<\/strong><br \/>\nGallardo 2003-2008<br \/>\nMurcielago 2002-2010<\/p>\n<p><strong>Volvo<\/strong><br \/>\nS40-V40 2004-2007<\/p>\n<p><strong>Volkswagen<\/strong><br \/>\nPassat B5, B5,5 1998-2005<br \/>\nPolo 3 Mark 3 2000-2002<br \/>\nMultivan T4 Abblendlicht<\/p>\n<p><strong>Hyundai<\/strong><br \/>\nSonata 2001-2004<\/p>\n<p><strong>VERSION B:<br \/>\nAudi<\/strong><br \/>\n1997-2004 A6 4B<\/p>\n<p><strong>Porsche<\/strong><br \/>\n911 996 2002-2006<\/p>\n<p><strong>Skoda\u00a0<\/strong><br \/>\nFabia 1999-2007<\/p>\n<p><strong>Lancia<\/strong><br \/>\nDissertation 2002-2009<\/p>\n<h3><a href=\"https:\/\/xenonkungen.com\/produkt\/xk-ballast-gen3-b\/\">Klicken Sie hier, um zu Version B zu gelangen<\/a><\/h3>\n<p><strong>VERSION C:<br \/>\nAudi<\/strong><br \/>\nA3 8L 1996-2003<\/p>\n<p><strong>BMW\u00a0<\/strong><br \/>\nX5 E53 1999-2003<\/p>\n<p><strong>KIA<\/strong><br \/>\nOpirus GH 2003-2007<\/p>\n<p><strong>Vauxhall<\/strong><br \/>\nVectra B 1995-1999<br \/>\nOmega B 1999-2003<\/p>\n<h3><a href=\"https:\/\/xenonkungen.com\/produkt\/xk-ballast-gen3-c\/\">Klicken Sie hier, um zu Version C zu gelangen<\/a><\/h3>\n<p><u>Andere Fahrzeuge\/Modelle mit diesem Ballast:<\/u><br \/>\nBMW 5er E39 (528i, 530i, 540i, M5) 1996-2003<br \/>\nMercedes 208 CLK-Klasse 1998-2001<br \/>\nund andere.<\/p>\n<p>Siehe Bilder f\u00fcr die Auswahl der Version.<\/p>\n<p><strong>2 Jahre Garantie.<\/strong><\/p>\n<p><strong>Gut zu wissen<\/strong><br \/>\nDiese Art der Nachbildung von Originalprodukten ist auf dem Markt erh\u00e4ltlich. Die gr\u00f6\u00dfte Gemeinsamkeit von Originalen und Kopien ist das \u00e4u\u00dfere Geh\u00e4use. Was sie unterscheidet, sind die Komponenten, die Programmierung und die Qualit\u00e4t.<br \/>\nUnd das gilt auch f\u00fcr die verschiedenen Hersteller von Nachbildungen.<br \/>\nW\u00e4hrend das Original f\u00fcr alle aufgelisteten Fahrzeuge voll funktionsf\u00e4hig ist, kann die Funktionalit\u00e4t einiger Kopien f\u00fcr einzelne Marken oder Modelle eingeschr\u00e4nkt sein, was unter anderem von den technischen Kenntnissen und den Ambitionen des Herstellers abh\u00e4ngt.<br \/>\nUnsere XK-Vorschaltger\u00e4te sind in der Anschaffung teurer und daher in der Regel besser als billigere Alternativen - die \u00fcbrigens auch von Wettbewerbern teurer angeboten werden k\u00f6nnen.<\/p>","protected":false},"excerpt":{"rendered":"<p><b>Original-Ersatz<\/b> <b>Hohe Qualit\u00e4t<\/b> <b>Passt in viele verschiedene Automodelle<\/b> <b>2 Jahre Garantie<\/b><\/p>","protected":false},"featured_media":2423,"comment_status":"closed","ping_status":"closed","template":"","meta":{"_acf_changed":false,"_smort_price_nok":"742","_smort_price_dkk":"472","_smort_price_eur":"63.18","_smort_sale_price_nok":"","_smort_sale_price_dkk":"","_smort_sale_price_eur":"47.38","smort_restorder":"","shipmondo_restorder":"","_kad_blocks_custom_css":"","_kad_blocks_head_custom_js":"","_kad_blocks_body_custom_js":"","_kad_blocks_footer_custom_js":"","smort_custom_pricelist_1":"389.2","smort_custom_pricelist_2":"389.2","smort_custom_pricelist_3":"369.74","smort_custom_pricelist_4":"556","smort_custom_pricelist_5":"389.2"},"anvandningsomrade":[],"bilmarken":[],"product_brand":[117],"product_cat":[2484,2485,789,733],"product_tag":[],"class_list":{"0":"post-2422","1":"product","2":"type-product","3":"status-publish","4":"has-post-thumbnail","6":"product_brand-xenonkungen","7":"product_cat-ballast-halvljus-helljus","8":"product_cat-xenonkonventering","9":"product_cat-ballast","10":"product_cat-halvljus-helljus","11":"pa_volt-v-159","13":"first","14":"instock","15":"taxable","16":"shipping-taxable","17":"purchasable","18":"product-type-simple"},"bundled_by":[],"bundle_stock_status":"instock","bundle_stock_quantity":12,"bundle_virtual":false,"bundle_layout":"","bundle_add_to_cart_form_location":"","bundle_editable_in_cart":false,"bundle_sold_individually_context":"","bundle_item_grouping":"","bundle_min_size":"","bundle_max_size":"","bundle_price":[],"bundled_items":[],"bundle_sell_ids":[],"acf":[],"yoast_head":"<!-- This site is optimized with the Yoast SEO plugin v27.0 - https:\/\/yoast.com\/product\/yoast-seo-wordpress\/ -->\n<title>XK Ballast Gen3 - A - Xenonkungen<\/title>\n<meta name=\"robots\" content=\"index, follow, max-snippet:-1, max-image-preview:large, max-video-preview:-1\" \/>\n<link rel=\"canonical\" href=\"https:\/\/xenonkungen.com\/de\/produkt\/xk-vorschaltgerat-gen3\/\" \/>\n<meta property=\"og:locale\" content=\"de_DE\" \/>\n<meta property=\"og:type\" content=\"article\" \/>\n<meta property=\"og:title\" content=\"XK Ballast Gen3 - A - Xenonkungen\" \/>\n<meta property=\"og:description\" content=\"Orginalers\u00e4ttning H\u00f6g kvalitet Passar m\u00e5nga olika bilmodeller 2 \u00e5rs garanti\" \/>\n<meta property=\"og:url\" content=\"https:\/\/xenonkungen.com\/de\/produkt\/xk-vorschaltgerat-gen3\/\" \/>\n<meta property=\"og:site_name\" content=\"Xenonkungen\" \/>\n<meta property=\"article:modified_time\" content=\"2026-04-10T16:39:16+00:00\" \/>\n<meta property=\"og:image\" content=\"https:\/\/xenonkungen.com\/wp-content\/uploads\/2025\/04\/13400475-origpic-8bdbe5.png\" \/>\n\t<meta property=\"og:image:width\" content=\"1000\" \/>\n\t<meta property=\"og:image:height\" content=\"1000\" \/>\n\t<meta property=\"og:image:type\" content=\"image\/png\" \/>\n<meta name=\"twitter:card\" content=\"summary_large_image\" \/>\n<meta name=\"twitter:label1\" content=\"Gesch\u00e4tzte Lesezeit\" \/>\n\t<meta name=\"twitter:data1\" content=\"2\u00a0Minuten\" \/>\n<script type=\"application\/ld+json\" class=\"yoast-schema-graph\">{\"@context\":\"https:\/\/schema.org\",\"@graph\":[{\"@type\":\"WebPage\",\"@id\":\"https:\/\/xenonkungen.com\/nl\/product\/xk-ballast-gen3\/\",\"url\":\"https:\/\/xenonkungen.com\/nl\/product\/xk-ballast-gen3\/\",\"name\":\"XK Ballast Gen3 - A - Xenonkungen\",\"isPartOf\":{\"@id\":\"https:\/\/xenonkungen.com\/#website\"},\"primaryImageOfPage\":{\"@id\":\"https:\/\/xenonkungen.com\/nl\/product\/xk-ballast-gen3\/#primaryimage\"},\"image\":{\"@id\":\"https:\/\/xenonkungen.com\/nl\/product\/xk-ballast-gen3\/#primaryimage\"},\"thumbnailUrl\":\"https:\/\/xenonkungen.com\/wp-content\/uploads\/2025\/04\/13400475-origpic-8bdbe5.png\",\"datePublished\":\"2025-04-15T08:37:18+00:00\",\"dateModified\":\"2026-04-10T16:39:16+00:00\",\"breadcrumb\":{\"@id\":\"https:\/\/xenonkungen.com\/nl\/product\/xk-ballast-gen3\/#breadcrumb\"},\"inLanguage\":\"de\",\"potentialAction\":[{\"@type\":\"ReadAction\",\"target\":[\"https:\/\/xenonkungen.com\/nl\/product\/xk-ballast-gen3\/\"]}]},{\"@type\":\"ImageObject\",\"inLanguage\":\"de\",\"@id\":\"https:\/\/xenonkungen.com\/nl\/product\/xk-ballast-gen3\/#primaryimage\",\"url\":\"https:\/\/xenonkungen.com\/wp-content\/uploads\/2025\/04\/13400475-origpic-8bdbe5.png\",\"contentUrl\":\"https:\/\/xenonkungen.com\/wp-content\/uploads\/2025\/04\/13400475-origpic-8bdbe5.png\",\"width\":1000,\"height\":1000},{\"@type\":\"BreadcrumbList\",\"@id\":\"https:\/\/xenonkungen.com\/nl\/product\/xk-ballast-gen3\/#breadcrumb\",\"itemListElement\":[{\"@type\":\"ListItem\",\"position\":1,\"name\":\"Hem\",\"item\":\"https:\/\/xenonkungen.com\/\"},{\"@type\":\"ListItem\",\"position\":2,\"name\":\"Shop\",\"item\":\"https:\/\/xenonkungen.com\/shop\/\"},{\"@type\":\"ListItem\",\"position\":3,\"name\":\"XK Ballast Gen3 &#8211; A\"}]},{\"@type\":\"WebSite\",\"@id\":\"https:\/\/xenonkungen.com\/#website\",\"url\":\"https:\/\/xenonkungen.com\/\",\"name\":\"Xenonkungen\",\"description\":\"\",\"potentialAction\":[{\"@type\":\"SearchAction\",\"target\":{\"@type\":\"EntryPoint\",\"urlTemplate\":\"https:\/\/xenonkungen.com\/?s={search_term_string}\"},\"query-input\":{\"@type\":\"PropertyValueSpecification\",\"valueRequired\":true,\"valueName\":\"search_term_string\"}}],\"inLanguage\":\"de\"}]}<\/script>\n<!-- \/ Yoast SEO plugin. -->","yoast_head_json":{"title":"XK Ballast Gen3 - A - Der Xenon-K\u00f6nig","robots":{"index":"index","follow":"follow","max-snippet":"max-snippet:-1","max-image-preview":"max-image-preview:large","max-video-preview":"max-video-preview:-1"},"canonical":"https:\/\/xenonkungen.com\/de\/produkt\/xk-vorschaltgerat-gen3\/","og_locale":"de_DE","og_type":"article","og_title":"XK Ballast Gen3 - A - Xenonkungen","og_description":"Orginalers\u00e4ttning H\u00f6g kvalitet Passar m\u00e5nga olika bilmodeller 2 \u00e5rs garanti","og_url":"https:\/\/xenonkungen.com\/de\/produkt\/xk-vorschaltgerat-gen3\/","og_site_name":"Xenonkungen","article_modified_time":"2026-04-10T16:39:16+00:00","og_image":[{"width":1000,"height":1000,"url":"https:\/\/xenonkungen.com\/wp-content\/uploads\/2025\/04\/13400475-origpic-8bdbe5.png","type":"image\/png"}],"twitter_card":"summary_large_image","twitter_misc":{"Gesch\u00e4tzte Lesezeit":"2\u00a0Minuten"},"schema":{"@context":"https:\/\/schema.org","@graph":[{"@type":"WebPage","@id":"https:\/\/xenonkungen.com\/nl\/product\/xk-ballast-gen3\/","url":"https:\/\/xenonkungen.com\/nl\/product\/xk-ballast-gen3\/","name":"XK Ballast Gen3 - A - Der Xenon-K\u00f6nig","isPartOf":{"@id":"https:\/\/xenonkungen.com\/#website"},"primaryImageOfPage":{"@id":"https:\/\/xenonkungen.com\/nl\/product\/xk-ballast-gen3\/#primaryimage"},"image":{"@id":"https:\/\/xenonkungen.com\/nl\/product\/xk-ballast-gen3\/#primaryimage"},"thumbnailUrl":"https:\/\/xenonkungen.com\/wp-content\/uploads\/2025\/04\/13400475-origpic-8bdbe5.png","datePublished":"2025-04-15T08:37:18+00:00","dateModified":"2026-04-10T16:39:16+00:00","breadcrumb":{"@id":"https:\/\/xenonkungen.com\/nl\/product\/xk-ballast-gen3\/#breadcrumb"},"inLanguage":"de","potentialAction":[{"@type":"ReadAction","target":["https:\/\/xenonkungen.com\/nl\/product\/xk-ballast-gen3\/"]}]},{"@type":"ImageObject","inLanguage":"de","@id":"https:\/\/xenonkungen.com\/nl\/product\/xk-ballast-gen3\/#primaryimage","url":"https:\/\/xenonkungen.com\/wp-content\/uploads\/2025\/04\/13400475-origpic-8bdbe5.png","contentUrl":"https:\/\/xenonkungen.com\/wp-content\/uploads\/2025\/04\/13400475-origpic-8bdbe5.png","width":1000,"height":1000},{"@type":"BreadcrumbList","@id":"https:\/\/xenonkungen.com\/nl\/product\/xk-ballast-gen3\/#breadcrumb","itemListElement":[{"@type":"ListItem","position":1,"name":"Hem","item":"https:\/\/xenonkungen.com\/"},{"@type":"ListItem","position":2,"name":"Shop","item":"https:\/\/xenonkungen.com\/shop\/"},{"@type":"ListItem","position":3,"name":"XK Ballast Gen3 &#8211; A"}]},{"@type":"WebSite","@id":"https:\/\/xenonkungen.com\/#website","url":"https:\/\/xenonkungen.com\/","name":"Xenonkungen","description":"","potentialAction":[{"@type":"SearchAction","target":{"@type":"EntryPoint","urlTemplate":"https:\/\/xenonkungen.com\/?s={search_term_string}"},"query-input":{"@type":"PropertyValueSpecification","valueRequired":true,"valueName":"search_term_string"}}],"inLanguage":"de"}]}},"taxonomy_info":{"product_brand":[{"value":117,"label":"Xenonkungen"}],"product_cat":[{"value":2484,"label":"Ballast"},{"value":2485,"label":"XENONKONVENTERING"},{"value":789,"label":"Ballast"},{"value":733,"label":"Halvljus \/ Helljus"}],"pa_volt-v":[{"value":159,"label":"12"}]},"featured_image_src_large":["https:\/\/xenonkungen.com\/wp-content\/uploads\/2025\/04\/13400475-origpic-8bdbe5.png",1000,1000,false],"author_info":[],"comment_info":0,"_links":{"self":[{"href":"https:\/\/xenonkungen.com\/de\/wp-json\/wp\/v2\/product\/2422","targetHints":{"allow":["GET"]}}],"collection":[{"href":"https:\/\/xenonkungen.com\/de\/wp-json\/wp\/v2\/product"}],"about":[{"href":"https:\/\/xenonkungen.com\/de\/wp-json\/wp\/v2\/types\/product"}],"replies":[{"embeddable":true,"href":"https:\/\/xenonkungen.com\/de\/wp-json\/wp\/v2\/comments?post=2422"}],"wp:featuredmedia":[{"embeddable":true,"href":"https:\/\/xenonkungen.com\/de\/wp-json\/wp\/v2\/media\/2423"}],"wp:attachment":[{"href":"https:\/\/xenonkungen.com\/de\/wp-json\/wp\/v2\/media?parent=2422"}],"wp:term":[{"taxonomy":"anvandningsomrade","embeddable":true,"href":"https:\/\/xenonkungen.com\/de\/wp-json\/wp\/v2\/anvandningsomrade?post=2422"},{"taxonomy":"bilmarken","embeddable":true,"href":"https:\/\/xenonkungen.com\/de\/wp-json\/wp\/v2\/bilmarken?post=2422"},{"taxonomy":"product_brand","embeddable":true,"href":"https:\/\/xenonkungen.com\/de\/wp-json\/wp\/v2\/product_brand?post=2422"},{"taxonomy":"product_cat","embeddable":true,"href":"https:\/\/xenonkungen.com\/de\/wp-json\/wp\/v2\/product_cat?post=2422"},{"taxonomy":"product_tag","embeddable":true,"href":"https:\/\/xenonkungen.com\/de\/wp-json\/wp\/v2\/product_tag?post=2422"}],"curies":[{"name":"wp","href":"https:\/\/api.w.org\/{rel}","templated":true}]}}