{"id":2428,"date":"2025-04-15T08:37:18","date_gmt":"2025-04-15T08:37:18","guid":{"rendered":"https:\/\/xenonkungen.com\/product\/xk-ballast-5dv-008290\/"},"modified":"2026-04-17T16:15:56","modified_gmt":"2026-04-17T15:15:56","slug":"xk-vorschaltgerat-5dv-008290","status":"publish","type":"product","link":"https:\/\/xenonkungen.com\/de\/produkt\/xk-vorschaltgerat-5dv-008290\/","title":{"rendered":"XK Vorschaltger\u00e4t 5DV 008290"},"content":{"rendered":"<p>Aftermarket-Xenon-Vorschaltger\u00e4t nach Hella-Modell, das Autos mit \u00e4hnlichen Modell der Marke Hella 5DV 008 290-00 ausgestattet ersetzt.<br \/>12VDC.<\/p>\n<p><u>OEM-Fabrikate sind unter anderem in den folgenden Fahrzeugen zu finden<\/u><br \/><strong>BMW<\/strong> <br \/>E60, E61, E63, E64, E65, E66, E67, E68, X3 E83, E83 LCI, X5 E53, Z4 E85, E86 Coup\u00e9.<\/p>\n<p><strong>Audi<\/strong><br \/>TT, A4, A6 4F, A8, S8 2004-07<\/p>\n<p><strong>Ford<\/strong><br \/>Focus - C-max, Galaxy, Mondeo<\/p>\n<p><strong>Jaguar<\/strong> <br \/>X-Typ 2002-2008 S-Typ 2002-2008 <\/p>\n<p><strong>Mercedes<\/strong> <br \/>W200, W211, W220, W203, ML, W163, W164, W219, W171.<\/p>\n<p><strong>Nissan<\/strong><br \/>Almera, Primera<\/p>\n<p><strong>Vauxhall<\/strong><br \/>Astra G\/H, Vectra B, C, Signum, Zafira<\/p>\n<p><strong>Renault<\/strong><br \/>Scenic, Clio 2, Espace<\/p>\n<p><strong>Range Rover<\/strong><br \/>Sport 04-06<\/p>\n<p><strong>SAAB<\/strong> <br \/>Saab 9-3 <\/p>\n<p><strong>Skoda<\/strong><br \/>Octavia, Superb 2002-2008<\/p>\n<p><strong>VW<\/strong><br \/>Sharan, Golf IV, V<\/p>\n<p>Gelieferter Artikel ist nicht von der OEM Marke in den angegebenen Fahrzeugen, funktioniert aber als Ersatz. Original Hella Preis ca. 3-4.000:-.<\/p>\n<p><strong>Gut zu wissen<\/strong><br \/>Diese Art der Nachbildung von Originalprodukten ist auf dem Markt erh\u00e4ltlich. Die gr\u00f6\u00dfte Gemeinsamkeit von Originalen und Kopien ist das \u00e4u\u00dfere Geh\u00e4use. Was sie unterscheidet, sind die Komponenten, die Programmierung und die Qualit\u00e4t.<br \/>Und das gilt auch f\u00fcr die verschiedenen Hersteller von Nachbildungen.<br \/>W\u00e4hrend das Original f\u00fcr alle aufgelisteten Fahrzeuge voll funktionsf\u00e4hig ist, kann die Funktionalit\u00e4t einiger Kopien f\u00fcr einzelne Marken oder Modelle eingeschr\u00e4nkt sein, was unter anderem von den technischen Kenntnissen und den Ambitionen des Herstellers abh\u00e4ngt.<br \/>Unsere XK-Vorschaltger\u00e4te sind in der Anschaffung teurer und daher in der Regel besser als billigere Alternativen - die \u00fcbrigens auch von Wettbewerbern teurer angeboten werden k\u00f6nnen. <\/p>\n<p><u>andere Nummern f\u00fcr Vorschaltger\u00e4te, mit denen es kompatibel ist<\/u><br \/>Audi 4E0 907 476 - 4E0907476<br \/>BMW 63 12 6 907 488 - 63126907488<br \/>Ford 1 211 623 - 1211623<br \/>Land Rover - 2M5Z 13C170-AA<br \/>MB A 002 820 23 26 A0028202326<br \/>Nissan 28474-JD00A<br \/>Nissan 28474-JD00B<br \/>Opel 62 35 149 - 6235149<br \/>Opel 62 35 225 - 6235225<br \/>Opel 24406569<br \/>Renault 7701207033<br \/>Renault 7701207830<br \/>Saab 12 790 592 - 12790592<br \/>Platz 4E0 907 476 - 4E0907476<br \/>Skoda 4E0 907 476 -4E0907476<br \/>VW 4E0 907 476 - 4E0907476<\/p>\n<p><strong>Garantie: 2 Jahre<\/strong><\/p>","protected":false},"excerpt":{"rendered":"<p><b>Original-Ersatz<\/b> <b>Hohe Qualit\u00e4t<\/b> <b>Geeignet f\u00fcr die meisten Automodelle<\/b> <b>2 Jahre Garantie<\/b><\/p>","protected":false},"featured_media":2429,"comment_status":"closed","ping_status":"open","template":"","meta":{"_acf_changed":false,"_smort_price_nok":"849","_smort_price_dkk":"539","_smort_price_eur":"72.27","_smort_sale_price_nok":"","_smort_sale_price_dkk":"","_smort_sale_price_eur":"","smort_restorder":"","shipmondo_restorder":"","_kad_blocks_custom_css":"","_kad_blocks_head_custom_js":"","_kad_blocks_body_custom_js":"","_kad_blocks_footer_custom_js":"","smort_custom_pricelist_1":"445.2","smort_custom_pricelist_2":"445.2","smort_custom_pricelist_3":"422.94","smort_custom_pricelist_4":"636","smort_custom_pricelist_5":"445.2"},"anvandningsomrade":[],"bilmarken":[],"product_brand":[117],"product_cat":[2484,2485,789,733],"product_tag":[],"class_list":{"0":"post-2428","1":"product","2":"type-product","3":"status-publish","4":"has-post-thumbnail","6":"product_brand-xenonkungen","7":"product_cat-ballast-halvljus-helljus","8":"product_cat-xenonkonventering","9":"product_cat-ballast","10":"product_cat-halvljus-helljus","11":"pa_volt-v-159","13":"first","14":"instock","15":"taxable","16":"shipping-taxable","17":"purchasable","18":"product-type-simple"},"bundled_by":[],"bundle_stock_status":"instock","bundle_stock_quantity":62,"bundle_virtual":false,"bundle_layout":"","bundle_add_to_cart_form_location":"","bundle_editable_in_cart":false,"bundle_sold_individually_context":"","bundle_item_grouping":"","bundle_min_size":"","bundle_max_size":"","bundle_price":[],"bundled_items":[],"bundle_sell_ids":[],"acf":[],"yoast_head":"<!-- This site is optimized with the Yoast SEO plugin v27.0 - https:\/\/yoast.com\/product\/yoast-seo-wordpress\/ -->\n<title>XK Ballast 5DV 008290 - Xenonkungen<\/title>\n<meta name=\"robots\" content=\"index, follow, max-snippet:-1, max-image-preview:large, max-video-preview:-1\" \/>\n<link rel=\"canonical\" href=\"https:\/\/xenonkungen.com\/de\/produkt\/xk-vorschaltgerat-5dv-008290\/\" \/>\n<meta property=\"og:locale\" content=\"de_DE\" \/>\n<meta property=\"og:type\" content=\"article\" \/>\n<meta property=\"og:title\" content=\"XK Ballast 5DV 008290 - Xenonkungen\" \/>\n<meta property=\"og:description\" content=\"Orginalers\u00e4ttning H\u00f6g kvalitet Passar flertalet bilmodeller 2 \u00e5rs garanti\" \/>\n<meta property=\"og:url\" content=\"https:\/\/xenonkungen.com\/de\/produkt\/xk-vorschaltgerat-5dv-008290\/\" \/>\n<meta property=\"og:site_name\" content=\"Xenonkungen\" \/>\n<meta property=\"article:modified_time\" content=\"2026-04-17T15:15:56+00:00\" \/>\n<meta property=\"og:image\" content=\"https:\/\/xenonkungen.com\/wp-content\/uploads\/2025\/04\/13401216-origpic-a6899d.png\" \/>\n\t<meta property=\"og:image:width\" content=\"1000\" \/>\n\t<meta property=\"og:image:height\" content=\"1000\" \/>\n\t<meta property=\"og:image:type\" content=\"image\/png\" \/>\n<meta name=\"twitter:card\" content=\"summary_large_image\" \/>\n<meta name=\"twitter:label1\" content=\"Gesch\u00e4tzte Lesezeit\" \/>\n\t<meta name=\"twitter:data1\" content=\"1\u00a0Minute\" \/>\n<script type=\"application\/ld+json\" class=\"yoast-schema-graph\">{\"@context\":\"https:\/\/schema.org\",\"@graph\":[{\"@type\":\"WebPage\",\"@id\":\"https:\/\/xenonkungen.com\/produkt\/xk-ballast-5dv-008290\/\",\"url\":\"https:\/\/xenonkungen.com\/produkt\/xk-ballast-5dv-008290\/\",\"name\":\"XK Ballast 5DV 008290 - Xenonkungen\",\"isPartOf\":{\"@id\":\"https:\/\/xenonkungen.com\/#website\"},\"primaryImageOfPage\":{\"@id\":\"https:\/\/xenonkungen.com\/produkt\/xk-ballast-5dv-008290\/#primaryimage\"},\"image\":{\"@id\":\"https:\/\/xenonkungen.com\/produkt\/xk-ballast-5dv-008290\/#primaryimage\"},\"thumbnailUrl\":\"https:\/\/xenonkungen.com\/wp-content\/uploads\/2025\/04\/13401216-origpic-a6899d.png\",\"datePublished\":\"2025-04-15T08:37:18+00:00\",\"dateModified\":\"2026-04-17T15:15:56+00:00\",\"breadcrumb\":{\"@id\":\"https:\/\/xenonkungen.com\/produkt\/xk-ballast-5dv-008290\/#breadcrumb\"},\"inLanguage\":\"de\",\"potentialAction\":[{\"@type\":\"ReadAction\",\"target\":[\"https:\/\/xenonkungen.com\/produkt\/xk-ballast-5dv-008290\/\"]}]},{\"@type\":\"ImageObject\",\"inLanguage\":\"de\",\"@id\":\"https:\/\/xenonkungen.com\/produkt\/xk-ballast-5dv-008290\/#primaryimage\",\"url\":\"https:\/\/xenonkungen.com\/wp-content\/uploads\/2025\/04\/13401216-origpic-a6899d.png\",\"contentUrl\":\"https:\/\/xenonkungen.com\/wp-content\/uploads\/2025\/04\/13401216-origpic-a6899d.png\",\"width\":1000,\"height\":1000},{\"@type\":\"BreadcrumbList\",\"@id\":\"https:\/\/xenonkungen.com\/produkt\/xk-ballast-5dv-008290\/#breadcrumb\",\"itemListElement\":[{\"@type\":\"ListItem\",\"position\":1,\"name\":\"Hem\",\"item\":\"https:\/\/xenonkungen.com\/\"},{\"@type\":\"ListItem\",\"position\":2,\"name\":\"Shop\",\"item\":\"https:\/\/xenonkungen.com\/shop\/\"},{\"@type\":\"ListItem\",\"position\":3,\"name\":\"XK Ballast 5DV 008290\"}]},{\"@type\":\"WebSite\",\"@id\":\"https:\/\/xenonkungen.com\/#website\",\"url\":\"https:\/\/xenonkungen.com\/\",\"name\":\"Xenonkungen\",\"description\":\"\",\"potentialAction\":[{\"@type\":\"SearchAction\",\"target\":{\"@type\":\"EntryPoint\",\"urlTemplate\":\"https:\/\/xenonkungen.com\/?s={search_term_string}\"},\"query-input\":{\"@type\":\"PropertyValueSpecification\",\"valueRequired\":true,\"valueName\":\"search_term_string\"}}],\"inLanguage\":\"de\"}]}<\/script>\n<!-- \/ Yoast SEO plugin. -->","yoast_head_json":{"title":"XK Ballast 5DV 008290 - Der Xenon-K\u00f6nig","robots":{"index":"index","follow":"follow","max-snippet":"max-snippet:-1","max-image-preview":"max-image-preview:large","max-video-preview":"max-video-preview:-1"},"canonical":"https:\/\/xenonkungen.com\/de\/produkt\/xk-vorschaltgerat-5dv-008290\/","og_locale":"de_DE","og_type":"article","og_title":"XK Ballast 5DV 008290 - Xenonkungen","og_description":"Orginalers\u00e4ttning H\u00f6g kvalitet Passar flertalet bilmodeller 2 \u00e5rs garanti","og_url":"https:\/\/xenonkungen.com\/de\/produkt\/xk-vorschaltgerat-5dv-008290\/","og_site_name":"Xenonkungen","article_modified_time":"2026-04-17T15:15:56+00:00","og_image":[{"width":1000,"height":1000,"url":"https:\/\/xenonkungen.com\/wp-content\/uploads\/2025\/04\/13401216-origpic-a6899d.png","type":"image\/png"}],"twitter_card":"summary_large_image","twitter_misc":{"Gesch\u00e4tzte Lesezeit":"1\u00a0Minute"},"schema":{"@context":"https:\/\/schema.org","@graph":[{"@type":"WebPage","@id":"https:\/\/xenonkungen.com\/produkt\/xk-ballast-5dv-008290\/","url":"https:\/\/xenonkungen.com\/produkt\/xk-ballast-5dv-008290\/","name":"XK Ballast 5DV 008290 - Der Xenon-K\u00f6nig","isPartOf":{"@id":"https:\/\/xenonkungen.com\/#website"},"primaryImageOfPage":{"@id":"https:\/\/xenonkungen.com\/produkt\/xk-ballast-5dv-008290\/#primaryimage"},"image":{"@id":"https:\/\/xenonkungen.com\/produkt\/xk-ballast-5dv-008290\/#primaryimage"},"thumbnailUrl":"https:\/\/xenonkungen.com\/wp-content\/uploads\/2025\/04\/13401216-origpic-a6899d.png","datePublished":"2025-04-15T08:37:18+00:00","dateModified":"2026-04-17T15:15:56+00:00","breadcrumb":{"@id":"https:\/\/xenonkungen.com\/produkt\/xk-ballast-5dv-008290\/#breadcrumb"},"inLanguage":"de","potentialAction":[{"@type":"ReadAction","target":["https:\/\/xenonkungen.com\/produkt\/xk-ballast-5dv-008290\/"]}]},{"@type":"ImageObject","inLanguage":"de","@id":"https:\/\/xenonkungen.com\/produkt\/xk-ballast-5dv-008290\/#primaryimage","url":"https:\/\/xenonkungen.com\/wp-content\/uploads\/2025\/04\/13401216-origpic-a6899d.png","contentUrl":"https:\/\/xenonkungen.com\/wp-content\/uploads\/2025\/04\/13401216-origpic-a6899d.png","width":1000,"height":1000},{"@type":"BreadcrumbList","@id":"https:\/\/xenonkungen.com\/produkt\/xk-ballast-5dv-008290\/#breadcrumb","itemListElement":[{"@type":"ListItem","position":1,"name":"Hem","item":"https:\/\/xenonkungen.com\/"},{"@type":"ListItem","position":2,"name":"Shop","item":"https:\/\/xenonkungen.com\/shop\/"},{"@type":"ListItem","position":3,"name":"XK Ballast 5DV 008290"}]},{"@type":"WebSite","@id":"https:\/\/xenonkungen.com\/#website","url":"https:\/\/xenonkungen.com\/","name":"Xenonkungen","description":"","potentialAction":[{"@type":"SearchAction","target":{"@type":"EntryPoint","urlTemplate":"https:\/\/xenonkungen.com\/?s={search_term_string}"},"query-input":{"@type":"PropertyValueSpecification","valueRequired":true,"valueName":"search_term_string"}}],"inLanguage":"de"}]}},"taxonomy_info":{"product_brand":[{"value":117,"label":"Xenonkungen"}],"product_cat":[{"value":2484,"label":"Ballast"},{"value":2485,"label":"XENONKONVENTERING"},{"value":789,"label":"Ballast"},{"value":733,"label":"Halvljus \/ Helljus"}],"pa_volt-v":[{"value":159,"label":"12"}]},"featured_image_src_large":["https:\/\/xenonkungen.com\/wp-content\/uploads\/2025\/04\/13401216-origpic-a6899d.png",1000,1000,false],"author_info":[],"comment_info":0,"_links":{"self":[{"href":"https:\/\/xenonkungen.com\/de\/wp-json\/wp\/v2\/product\/2428","targetHints":{"allow":["GET"]}}],"collection":[{"href":"https:\/\/xenonkungen.com\/de\/wp-json\/wp\/v2\/product"}],"about":[{"href":"https:\/\/xenonkungen.com\/de\/wp-json\/wp\/v2\/types\/product"}],"replies":[{"embeddable":true,"href":"https:\/\/xenonkungen.com\/de\/wp-json\/wp\/v2\/comments?post=2428"}],"wp:featuredmedia":[{"embeddable":true,"href":"https:\/\/xenonkungen.com\/de\/wp-json\/wp\/v2\/media\/2429"}],"wp:attachment":[{"href":"https:\/\/xenonkungen.com\/de\/wp-json\/wp\/v2\/media?parent=2428"}],"wp:term":[{"taxonomy":"anvandningsomrade","embeddable":true,"href":"https:\/\/xenonkungen.com\/de\/wp-json\/wp\/v2\/anvandningsomrade?post=2428"},{"taxonomy":"bilmarken","embeddable":true,"href":"https:\/\/xenonkungen.com\/de\/wp-json\/wp\/v2\/bilmarken?post=2428"},{"taxonomy":"product_brand","embeddable":true,"href":"https:\/\/xenonkungen.com\/de\/wp-json\/wp\/v2\/product_brand?post=2428"},{"taxonomy":"product_cat","embeddable":true,"href":"https:\/\/xenonkungen.com\/de\/wp-json\/wp\/v2\/product_cat?post=2428"},{"taxonomy":"product_tag","embeddable":true,"href":"https:\/\/xenonkungen.com\/de\/wp-json\/wp\/v2\/product_tag?post=2428"}],"curies":[{"name":"wp","href":"https:\/\/api.w.org\/{rel}","templated":true}]}}