{"id":24493,"date":"2026-01-12T09:20:16","date_gmt":"2026-01-12T08:20:16","guid":{"rendered":"https:\/\/xenonkungen.com\/?post_type=product&#038;p=24493"},"modified":"2026-04-17T12:09:49","modified_gmt":"2026-04-17T11:09:49","slug":"osram-roadflare-v16-iot","status":"publish","type":"product","link":"https:\/\/xenonkungen.com\/de\/produkt\/osram-roadflare-v16-iot\/","title":{"rendered":"Osram Roadflare V16 IoT"},"content":{"rendered":"<h3><b>\u00dcber das Produkt<\/b><\/h3>\n<p class=\"p3\">Aus <span class=\"s2\">1. Januar 2026<\/span> Die V16-Warnleuchte ist in Spanien vorgeschrieben. Sie ersetzt das klassische Warndreieck und erm\u00f6glicht es, andere Verkehrsteilnehmer zu warnen. <span class=\"s2\">ohne dass Sie das Fahrzeug verlassen m\u00fcssen<\/span>.<\/p>\n<p class=\"p3\">Diese V16 IoT-Lampe ist <span class=\"s2\">DGT 3.0 zertifiziert<\/span> und ist direkt mit dem offiziellen spanischen Verkehrssystem verbunden. Sobald die Ampel aktiviert wird, wird die Fahrzeugposition anonym und in Echtzeit an die DGT \u00fcbermittelt, was die Sicherheit bei Unf\u00e4llen und Pannen erh\u00f6ht.<\/p>\n<p class=\"p3\">Die Lampe strahlt ein starkes Licht ab. <span class=\"s2\">360\u00b0 blinkendes gelbes Licht<\/span>, sichtbar bis <span class=\"s2\">1.000 Meter<\/span>und ist so konzipiert, dass es auch unter widrigen Wetterbedingungen wie Regen, Schnee und Nebel funktioniert.<\/p>\n<h3><b>Wichtige Merkmale<\/b><\/h3>\n<ul>\n<li>\n<p class=\"p1\">In Spanien ab dem 1. Januar 2026 verpflichtend.<\/p>\n<\/li>\n<li>\n<p class=\"p1\">Ersetzt das Warndreieck<\/p>\n<\/li>\n<li>\n<p class=\"p1\"><b>DGT 3.0- und V16-zertifiziert<\/b><b><\/b><\/p>\n<\/li>\n<li>\n<p class=\"p1\">Eingebaute SIM-Karte (Verbindung bis zu 12 Jahre)<\/p>\n<\/li>\n<li>\n<p class=\"p1\">Anonyme Daten\u00fcbertragung an die DGT 3.0-Plattform<\/p>\n<\/li>\n<li>\n<p class=\"p1\">Echtzeit-Positionierung des Fahrzeugs<\/p>\n<\/li>\n<li>\n<p class=\"p1\">360\u00b0 blinkende Warnleuchte (gelb)<\/p>\n<\/li>\n<li>\n<p class=\"p1\">Helligkeit: <span class=\"s1\"><b>140 Lumen<\/b><b><\/b><\/span><\/p>\n<\/li>\n<li>\n<p class=\"p1\">Reichweite: bis zu <span class=\"s1\"><b>1.000 m<\/b><b><\/b><\/span><\/p>\n<\/li>\n<li>\n<p class=\"p1\">Helle Farbe: <span class=\"s1\"><b>1900K<\/b><b><\/b><\/span><\/p>\n<\/li>\n<li>\n<p class=\"p1\">10 Hochleistungs-LEDs<\/p>\n<\/li>\n<li>\n<p class=\"p1\">Akkulaufzeit bis zu <span class=\"s1\"><b>2,5 Stunden<\/b><b><\/b><\/span><\/p>\n<\/li>\n<li>\n<p class=\"p1\">Batterieanzeige<\/p>\n<\/li>\n<li>\n<p class=\"p1\"><b>1 \u00d7 9V-Batterie im Lieferumfang enthalten<\/b><b><\/b><\/p>\n<\/li>\n<li>\n<p class=\"p1\">Magnetfu\u00df zur schnellen Montage an der Decke<\/p>\n<\/li>\n<li>\n<p class=\"p1\">Kompakt, leicht und einfach zu bedienen<\/p>\n<\/li>\n<li>\n<p class=\"p1\">H\u00e4lt Regen, Schnee und Nebel stand<\/p>\n<\/li>\n<li>\n<p class=\"p1\">CE-Kennzeichnung<\/p>\n<\/li>\n<\/ul>\n<h3><b>Nutzungsregeln<\/b><\/h3>\n<ul>\n<li>\n<p class=\"p1\">Ab 2026 f\u00fcr alle Fahrer in Spanien verpflichtend.<\/p>\n<\/li>\n<li>\n<p class=\"p1\">Gilt auch f\u00fcr Fahrer aus anderen L\u00e4ndern, die in Spanien fahren.<\/p>\n<\/li>\n<li>\n<p class=\"p1\">Der Fahrer muss im Falle eines Unfalls oder einer Panne nicht aus dem Auto aussteigen.<\/p>\n<\/li>\n<li>\n<p class=\"p1\">Die Lampe signalisiert die Fahrzeugposition digital an DGT 3.0<\/p>\n<\/li>\n<li>\n<p class=\"p1\">Sichtbare Warnung bis zu 1 km<\/p>\n<\/li>\n<li>\n<p class=\"p1\">Ersetzt <span class=\"s1\"><b>nicht<\/b><\/span> Kontakt mit Polizei, Rettungsdienst oder Rettungsdiensten<\/p>\n<\/li>\n<\/ul>\n<p class=\"p3\">Bitte beachten Sie, dass die Bestimmungen von Land zu Land unterschiedlich sein k\u00f6nnen. Informieren Sie sich daher stets \u00fcber die lokalen rechtlichen Anforderungen, wenn Sie die Anwendung au\u00dferhalb Spaniens durchf\u00fchren.<\/p>","protected":false},"excerpt":{"rendered":"<p>Om produkten Fr\u00e5n och med 1 januari 2026 \u00e4r V16-varningslampa obligatorisk i Spanien. Den ers\u00e4tter den klassiska varningstriangeln och g\u00f6r det m\u00f6jligt att varna andra trafikanter utan att du beh\u00f6ver l\u00e4mna fordonet. Denna V16 IoT-lampa \u00e4r DGT 3.0-certifierad och ansluten direkt till Spaniens officiella trafiksystem. N\u00e4r lampan aktiveras skickas fordonets position anonymt och i realtid [&hellip;]<\/p>","protected":false},"featured_media":24844,"comment_status":"open","ping_status":"closed","template":"","meta":{"_acf_changed":false,"_smort_price_nok":"601","_smort_price_dkk":"","_smort_price_eur":"","_smort_sale_price_nok":"601","_smort_sale_price_dkk":"","_smort_sale_price_eur":"","smort_restorder":"","shipmondo_restorder":"","_kad_blocks_custom_css":"","_kad_blocks_head_custom_js":"","_kad_blocks_body_custom_js":"","_kad_blocks_footer_custom_js":"","smort_custom_pricelist_1":"508.8","smort_custom_pricelist_2":"445.2","smort_custom_pricelist_3":"413.4","smort_custom_pricelist_4":"636","smort_custom_pricelist_5":"445.2"},"anvandningsomrade":[],"bilmarken":[],"product_brand":[108],"product_cat":[2587,2579,2554,16,934,1061],"product_tag":[],"class_list":{"0":"post-24493","1":"product","2":"type-product","3":"status-publish","4":"has-post-thumbnail","6":"product_brand-osram","7":"product_cat-blixtljus-varningsljus-varningsljus","8":"product_cat-blixtljus-varningsljus","9":"product_cat-portabla-varningsljus","10":"product_cat-uncategorized","11":"product_cat-blixtljus","12":"product_cat-varningsljus","14":"first","15":"instock","16":"taxable","17":"shipping-taxable","18":"purchasable","19":"product-type-simple"},"bundled_by":[],"bundle_stock_status":"instock","bundle_stock_quantity":10,"bundle_virtual":false,"bundle_layout":"","bundle_add_to_cart_form_location":"","bundle_editable_in_cart":false,"bundle_sold_individually_context":"","bundle_item_grouping":"","bundle_min_size":"","bundle_max_size":"","bundle_price":[],"bundled_items":[],"bundle_sell_ids":[],"acf":[],"yoast_head":"<!-- This site is optimized with the Yoast SEO plugin v27.0 - https:\/\/yoast.com\/product\/yoast-seo-wordpress\/ -->\n<title>Osram Roadflare V16 IOT - Xenonkungen<\/title>\n<meta name=\"robots\" content=\"index, follow, max-snippet:-1, max-image-preview:large, max-video-preview:-1\" \/>\n<link rel=\"canonical\" href=\"https:\/\/xenonkungen.com\/de\/produkt\/osram-roadflare-v16-iot\/\" \/>\n<meta property=\"og:locale\" content=\"de_DE\" \/>\n<meta property=\"og:type\" content=\"article\" \/>\n<meta property=\"og:title\" content=\"Osram Roadflare V16 IOT - Xenonkungen\" \/>\n<meta property=\"og:description\" content=\"Om produkten Fr\u00e5n och med 1 januari 2026 \u00e4r V16-varningslampa obligatorisk i Spanien. Den ers\u00e4tter den klassiska varningstriangeln och g\u00f6r det m\u00f6jligt att varna andra trafikanter utan att du beh\u00f6ver l\u00e4mna fordonet. Denna V16 IoT-lampa \u00e4r DGT 3.0-certifierad och ansluten direkt till Spaniens officiella trafiksystem. N\u00e4r lampan aktiveras skickas fordonets position anonymt och i realtid [&hellip;]\" \/>\n<meta property=\"og:url\" content=\"https:\/\/xenonkungen.com\/de\/produkt\/osram-roadflare-v16-iot\/\" \/>\n<meta property=\"og:site_name\" content=\"Xenonkungen\" \/>\n<meta property=\"article:modified_time\" content=\"2026-04-17T11:09:49+00:00\" \/>\n<meta property=\"og:image\" content=\"https:\/\/xenonkungen.com\/wp-content\/uploads\/2026\/01\/Small-for-web-and-ppt-PI_ARF-2023-02160_LEDguardian_ROAD_FLARE_Signal_V16_IoT_LEDSL105_Top_Light_02.jpg\" \/>\n\t<meta property=\"og:image:width\" content=\"1024\" \/>\n\t<meta property=\"og:image:height\" content=\"1024\" \/>\n\t<meta property=\"og:image:type\" content=\"image\/jpeg\" \/>\n<meta name=\"twitter:card\" content=\"summary_large_image\" \/>\n<meta name=\"twitter:label1\" content=\"Gesch\u00e4tzte Lesezeit\" \/>\n\t<meta name=\"twitter:data1\" content=\"2\u00a0Minuten\" \/>\n<script type=\"application\/ld+json\" class=\"yoast-schema-graph\">{\"@context\":\"https:\/\/schema.org\",\"@graph\":[{\"@type\":\"WebPage\",\"@id\":\"https:\/\/xenonkungen.com\/produkt\/osram-roadflare-v16-iot\/\",\"url\":\"https:\/\/xenonkungen.com\/produkt\/osram-roadflare-v16-iot\/\",\"name\":\"Osram Roadflare V16 IOT - Xenonkungen\",\"isPartOf\":{\"@id\":\"https:\/\/xenonkungen.com\/#website\"},\"primaryImageOfPage\":{\"@id\":\"https:\/\/xenonkungen.com\/produkt\/osram-roadflare-v16-iot\/#primaryimage\"},\"image\":{\"@id\":\"https:\/\/xenonkungen.com\/produkt\/osram-roadflare-v16-iot\/#primaryimage\"},\"thumbnailUrl\":\"https:\/\/xenonkungen.com\/wp-content\/uploads\/2026\/01\/Small-for-web-and-ppt-PI_ARF-2023-02160_LEDguardian_ROAD_FLARE_Signal_V16_IoT_LEDSL105_Top_Light_02.jpg\",\"datePublished\":\"2026-01-12T08:20:16+00:00\",\"dateModified\":\"2026-04-17T11:09:49+00:00\",\"breadcrumb\":{\"@id\":\"https:\/\/xenonkungen.com\/produkt\/osram-roadflare-v16-iot\/#breadcrumb\"},\"inLanguage\":\"de\",\"potentialAction\":[{\"@type\":\"ReadAction\",\"target\":[\"https:\/\/xenonkungen.com\/produkt\/osram-roadflare-v16-iot\/\"]}]},{\"@type\":\"ImageObject\",\"inLanguage\":\"de\",\"@id\":\"https:\/\/xenonkungen.com\/produkt\/osram-roadflare-v16-iot\/#primaryimage\",\"url\":\"https:\/\/xenonkungen.com\/wp-content\/uploads\/2026\/01\/Small-for-web-and-ppt-PI_ARF-2023-02160_LEDguardian_ROAD_FLARE_Signal_V16_IoT_LEDSL105_Top_Light_02.jpg\",\"contentUrl\":\"https:\/\/xenonkungen.com\/wp-content\/uploads\/2026\/01\/Small-for-web-and-ppt-PI_ARF-2023-02160_LEDguardian_ROAD_FLARE_Signal_V16_IoT_LEDSL105_Top_Light_02.jpg\",\"width\":1024,\"height\":1024},{\"@type\":\"BreadcrumbList\",\"@id\":\"https:\/\/xenonkungen.com\/produkt\/osram-roadflare-v16-iot\/#breadcrumb\",\"itemListElement\":[{\"@type\":\"ListItem\",\"position\":1,\"name\":\"Hem\",\"item\":\"https:\/\/xenonkungen.com\/\"},{\"@type\":\"ListItem\",\"position\":2,\"name\":\"Shop\",\"item\":\"https:\/\/xenonkungen.com\/shop\/\"},{\"@type\":\"ListItem\",\"position\":3,\"name\":\"Osram Roadflare V16 IOT\"}]},{\"@type\":\"WebSite\",\"@id\":\"https:\/\/xenonkungen.com\/#website\",\"url\":\"https:\/\/xenonkungen.com\/\",\"name\":\"Xenonkungen\",\"description\":\"\",\"potentialAction\":[{\"@type\":\"SearchAction\",\"target\":{\"@type\":\"EntryPoint\",\"urlTemplate\":\"https:\/\/xenonkungen.com\/?s={search_term_string}\"},\"query-input\":{\"@type\":\"PropertyValueSpecification\",\"valueRequired\":true,\"valueName\":\"search_term_string\"}}],\"inLanguage\":\"de\"}]}<\/script>\n<!-- \/ Yoast SEO plugin. -->","yoast_head_json":{"title":"Osram Roadflare V16 IoT \u2013 Der Xenon-K\u00f6nig","robots":{"index":"index","follow":"follow","max-snippet":"max-snippet:-1","max-image-preview":"max-image-preview:large","max-video-preview":"max-video-preview:-1"},"canonical":"https:\/\/xenonkungen.com\/de\/produkt\/osram-roadflare-v16-iot\/","og_locale":"de_DE","og_type":"article","og_title":"Osram Roadflare V16 IOT - Xenonkungen","og_description":"Om produkten Fr\u00e5n och med 1 januari 2026 \u00e4r V16-varningslampa obligatorisk i Spanien. Den ers\u00e4tter den klassiska varningstriangeln och g\u00f6r det m\u00f6jligt att varna andra trafikanter utan att du beh\u00f6ver l\u00e4mna fordonet. Denna V16 IoT-lampa \u00e4r DGT 3.0-certifierad och ansluten direkt till Spaniens officiella trafiksystem. N\u00e4r lampan aktiveras skickas fordonets position anonymt och i realtid [&hellip;]","og_url":"https:\/\/xenonkungen.com\/de\/produkt\/osram-roadflare-v16-iot\/","og_site_name":"Xenonkungen","article_modified_time":"2026-04-17T11:09:49+00:00","og_image":[{"width":1024,"height":1024,"url":"https:\/\/xenonkungen.com\/wp-content\/uploads\/2026\/01\/Small-for-web-and-ppt-PI_ARF-2023-02160_LEDguardian_ROAD_FLARE_Signal_V16_IoT_LEDSL105_Top_Light_02.jpg","type":"image\/jpeg"}],"twitter_card":"summary_large_image","twitter_misc":{"Gesch\u00e4tzte Lesezeit":"2\u00a0Minuten"},"schema":{"@context":"https:\/\/schema.org","@graph":[{"@type":"WebPage","@id":"https:\/\/xenonkungen.com\/produkt\/osram-roadflare-v16-iot\/","url":"https:\/\/xenonkungen.com\/produkt\/osram-roadflare-v16-iot\/","name":"Osram Roadflare V16 IoT \u2013 Der Xenon-K\u00f6nig","isPartOf":{"@id":"https:\/\/xenonkungen.com\/#website"},"primaryImageOfPage":{"@id":"https:\/\/xenonkungen.com\/produkt\/osram-roadflare-v16-iot\/#primaryimage"},"image":{"@id":"https:\/\/xenonkungen.com\/produkt\/osram-roadflare-v16-iot\/#primaryimage"},"thumbnailUrl":"https:\/\/xenonkungen.com\/wp-content\/uploads\/2026\/01\/Small-for-web-and-ppt-PI_ARF-2023-02160_LEDguardian_ROAD_FLARE_Signal_V16_IoT_LEDSL105_Top_Light_02.jpg","datePublished":"2026-01-12T08:20:16+00:00","dateModified":"2026-04-17T11:09:49+00:00","breadcrumb":{"@id":"https:\/\/xenonkungen.com\/produkt\/osram-roadflare-v16-iot\/#breadcrumb"},"inLanguage":"de","potentialAction":[{"@type":"ReadAction","target":["https:\/\/xenonkungen.com\/produkt\/osram-roadflare-v16-iot\/"]}]},{"@type":"ImageObject","inLanguage":"de","@id":"https:\/\/xenonkungen.com\/produkt\/osram-roadflare-v16-iot\/#primaryimage","url":"https:\/\/xenonkungen.com\/wp-content\/uploads\/2026\/01\/Small-for-web-and-ppt-PI_ARF-2023-02160_LEDguardian_ROAD_FLARE_Signal_V16_IoT_LEDSL105_Top_Light_02.jpg","contentUrl":"https:\/\/xenonkungen.com\/wp-content\/uploads\/2026\/01\/Small-for-web-and-ppt-PI_ARF-2023-02160_LEDguardian_ROAD_FLARE_Signal_V16_IoT_LEDSL105_Top_Light_02.jpg","width":1024,"height":1024},{"@type":"BreadcrumbList","@id":"https:\/\/xenonkungen.com\/produkt\/osram-roadflare-v16-iot\/#breadcrumb","itemListElement":[{"@type":"ListItem","position":1,"name":"Hem","item":"https:\/\/xenonkungen.com\/"},{"@type":"ListItem","position":2,"name":"Shop","item":"https:\/\/xenonkungen.com\/shop\/"},{"@type":"ListItem","position":3,"name":"Osram Roadflare V16 IOT"}]},{"@type":"WebSite","@id":"https:\/\/xenonkungen.com\/#website","url":"https:\/\/xenonkungen.com\/","name":"Xenonkungen","description":"","potentialAction":[{"@type":"SearchAction","target":{"@type":"EntryPoint","urlTemplate":"https:\/\/xenonkungen.com\/?s={search_term_string}"},"query-input":{"@type":"PropertyValueSpecification","valueRequired":true,"valueName":"search_term_string"}}],"inLanguage":"de"}]}},"taxonomy_info":{"product_brand":[{"value":108,"label":"OSRAM"}],"product_cat":[{"value":2587,"label":"Blixtljus\/Varningsljus"},{"value":2579,"label":"Blixtljus\/Varningsljus"},{"value":2554,"label":"Portabla varningsljus"},{"value":16,"label":"Uncategorized"},{"value":934,"label":"Blixtljus"},{"value":1061,"label":"Varningsljus"}]},"featured_image_src_large":["https:\/\/xenonkungen.com\/wp-content\/uploads\/2026\/01\/Small-for-web-and-ppt-PI_ARF-2023-02160_LEDguardian_ROAD_FLARE_Signal_V16_IoT_LEDSL105_Top_Light_02.jpg",1024,1024,false],"author_info":[],"comment_info":0,"_links":{"self":[{"href":"https:\/\/xenonkungen.com\/de\/wp-json\/wp\/v2\/product\/24493","targetHints":{"allow":["GET"]}}],"collection":[{"href":"https:\/\/xenonkungen.com\/de\/wp-json\/wp\/v2\/product"}],"about":[{"href":"https:\/\/xenonkungen.com\/de\/wp-json\/wp\/v2\/types\/product"}],"replies":[{"embeddable":true,"href":"https:\/\/xenonkungen.com\/de\/wp-json\/wp\/v2\/comments?post=24493"}],"wp:featuredmedia":[{"embeddable":true,"href":"https:\/\/xenonkungen.com\/de\/wp-json\/wp\/v2\/media\/24844"}],"wp:attachment":[{"href":"https:\/\/xenonkungen.com\/de\/wp-json\/wp\/v2\/media?parent=24493"}],"wp:term":[{"taxonomy":"anvandningsomrade","embeddable":true,"href":"https:\/\/xenonkungen.com\/de\/wp-json\/wp\/v2\/anvandningsomrade?post=24493"},{"taxonomy":"bilmarken","embeddable":true,"href":"https:\/\/xenonkungen.com\/de\/wp-json\/wp\/v2\/bilmarken?post=24493"},{"taxonomy":"product_brand","embeddable":true,"href":"https:\/\/xenonkungen.com\/de\/wp-json\/wp\/v2\/product_brand?post=24493"},{"taxonomy":"product_cat","embeddable":true,"href":"https:\/\/xenonkungen.com\/de\/wp-json\/wp\/v2\/product_cat?post=24493"},{"taxonomy":"product_tag","embeddable":true,"href":"https:\/\/xenonkungen.com\/de\/wp-json\/wp\/v2\/product_tag?post=24493"}],"curies":[{"name":"wp","href":"https:\/\/api.w.org\/{rel}","templated":true}]}}