{"id":2463,"date":"2025-04-15T08:37:39","date_gmt":"2025-04-15T08:37:39","guid":{"rendered":"https:\/\/xenonkungen.com\/product\/relakablage-on-off\/"},"modified":"2026-04-10T23:46:51","modified_gmt":"2026-04-10T22:46:51","slug":"relaisverdrahtung-ein-aus","status":"publish","type":"product","link":"https:\/\/xenonkungen.com\/de\/produkt\/relaisverdrahtung-ein-aus\/","title":{"rendered":"Relais ON\/OFF"},"content":{"rendered":"<h1>Relaiskabel-Set mit Ein-\/Ausschalter \u2013 Einfache und effiziente Steuerung Ihrer Beleuchtung<\/h1>\n<p>Werten Sie Ihre Beleuchtungsanlage mit einem <strong>praktisches Relaiskabelset<\/strong> Ausgestattet mit einem Ein-\/Ausschalter. Perfekt f\u00fcr alle, die ihre Beleuchtung mit drei intelligenten Betriebsmodi vollst\u00e4ndig steuern m\u00f6chten: <strong>1 EIN \/ AUS \/ 2 EIN<\/strong>.<\/p>\n<h2>Wesentliche Merkmale:<\/h2>\n<ul>\n<li><strong>Reibungslose Steuerung:<\/strong> Wechseln Sie ganz einfach per Knopfdruck zwischen den verschiedenen Beleuchtungsmodi.<\/li>\n<li><strong>Hohe Kapazit\u00e4t:<\/strong> 40A-Relais und 30A-Sicherung, perfekt f\u00fcr den Betrieb leistungsstarker Beleuchtungsanlagen.<\/li>\n<li><strong>Flexible Installation:<\/strong> Dank einer Gesamtkabell\u00e4nge von 3 Metern l\u00e4sst es sich problemlos in verschiedenen Fahrzeugen installieren.<\/li>\n<li><strong>12V-Kompatibilit\u00e4t:<\/strong> Geeignet f\u00fcr die meisten Pkw und Fahrzeuge mit standardm\u00e4\u00dfigem 12-V-System.<\/li>\n<\/ul>\n<h2>Bitte beachten:<\/h2>\n<p>Signalkabel sind in dieser Verkabelung nicht enthalten, sodass Sie sie problemlos an Ihre Bed\u00fcrfnisse anpassen k\u00f6nnen.<\/p>\n<h2>Warum sollten Sie sich f\u00fcr dieses Relaiskabelset entscheiden?<\/h2>\n<p>Dank seiner robusten Bauweise und hohen Leistungsf\u00e4higkeit ist dieses Verkabelungsset die perfekte L\u00f6sung f\u00fcr alle, die Wert auf Zuverl\u00e4ssigkeit und einfache Handhabung legen. Ob Sie Zusatzscheinwerfer, LED-Leisten oder andere Beleuchtungsl\u00f6sungen installieren \u2013 dieses Relais-Verkabelungsset gew\u00e4hrleistet einen sicheren und reibungslosen Betrieb.<\/p>\n<h2>Geeignet f\u00fcr:<\/h2>\n<ul>\n<li>Zusatzscheinwerfer<\/li>\n<li>LED-Rampen<\/li>\n<li>Andere Beleuchtungsanlagen<\/li>\n<\/ul>","protected":false},"excerpt":{"rendered":"<p>Rel\u00e4kabelsats med ON\/OFF-knapp \u2013 Enkel och Effektiv Styrning av Din Belysning Uppgradera din belysningsinstallation med en praktisk rel\u00e4kabelsats utrustad med en ON\/OFF-tryckknapp. Perfekt f\u00f6r dig som vill ha full kontroll \u00f6ver din belysning med tre smarta funktionsl\u00e4gen: 1 ON \/ OFF \/ 2 ON. Nyckelfunktioner: Smidig styrning: V\u00e4xla enkelt mellan dina belysningsl\u00e4gen med en intuitiv [&hellip;]<\/p>","protected":false},"featured_media":2464,"comment_status":"closed","ping_status":"closed","template":"","meta":{"_acf_changed":false,"_smort_price_nok":"294","_smort_price_dkk":"187","_smort_price_eur":"25","_smort_sale_price_nok":"","_smort_sale_price_dkk":"","_smort_sale_price_eur":"18.75","smort_restorder":"","shipmondo_restorder":"","_kad_blocks_custom_css":"","_kad_blocks_head_custom_js":"","_kad_blocks_body_custom_js":"","_kad_blocks_footer_custom_js":"","smort_custom_pricelist_1":"176","smort_custom_pricelist_2":"132","smort_custom_pricelist_3":"125.4","smort_custom_pricelist_4":"220","smort_custom_pricelist_5":"132"},"anvandningsomrade":[],"bilmarken":[],"product_brand":[117],"product_cat":[2841,2795,2796,2502,390],"product_tag":[],"class_list":{"0":"post-2463","1":"product","2":"type-product","3":"status-publish","4":"has-post-thumbnail","6":"product_brand-xenonkungen","7":"product_cat-installation-extraljus","8":"product_cat-kablar-rela","9":"product_cat-relakabelsatser","10":"product_cat-relasats-relasats-ledramper-relasats-extraljus-installation","11":"product_cat-installation","13":"first","14":"instock","15":"taxable","16":"shipping-taxable","17":"purchasable","18":"product-type-simple"},"bundled_by":[],"bundle_stock_status":"instock","bundle_stock_quantity":161,"bundle_virtual":false,"bundle_layout":"","bundle_add_to_cart_form_location":"","bundle_editable_in_cart":false,"bundle_sold_individually_context":"","bundle_item_grouping":"","bundle_min_size":"","bundle_max_size":"","bundle_price":[],"bundled_items":[],"bundle_sell_ids":[],"acf":[],"yoast_head":"<!-- This site is optimized with the Yoast SEO plugin v27.0 - https:\/\/yoast.com\/product\/yoast-seo-wordpress\/ -->\n<title>Rel\u00e4kablage ON\/OFF - Xenonkungen<\/title>\n<meta name=\"robots\" content=\"index, follow, max-snippet:-1, max-image-preview:large, max-video-preview:-1\" \/>\n<link rel=\"canonical\" href=\"https:\/\/xenonkungen.com\/de\/produkt\/relaisverdrahtung-ein-aus\/\" \/>\n<meta property=\"og:locale\" content=\"de_DE\" \/>\n<meta property=\"og:type\" content=\"article\" \/>\n<meta property=\"og:title\" content=\"Rel\u00e4kablage ON\/OFF - Xenonkungen\" \/>\n<meta property=\"og:description\" content=\"Rel\u00e4kabelsats med ON\/OFF-knapp \u2013 Enkel och Effektiv Styrning av Din Belysning Uppgradera din belysningsinstallation med en praktisk rel\u00e4kabelsats utrustad med en ON\/OFF-tryckknapp. Perfekt f\u00f6r dig som vill ha full kontroll \u00f6ver din belysning med tre smarta funktionsl\u00e4gen: 1 ON \/ OFF \/ 2 ON. Nyckelfunktioner: Smidig styrning: V\u00e4xla enkelt mellan dina belysningsl\u00e4gen med en intuitiv [&hellip;]\" \/>\n<meta property=\"og:url\" content=\"https:\/\/xenonkungen.com\/de\/produkt\/relaisverdrahtung-ein-aus\/\" \/>\n<meta property=\"og:site_name\" content=\"Xenonkungen\" \/>\n<meta property=\"article:modified_time\" content=\"2026-04-10T22:46:51+00:00\" \/>\n<meta property=\"og:image\" content=\"https:\/\/xenonkungen.com\/wp-content\/uploads\/2025\/04\/135261720-origpic-c754db.png\" \/>\n\t<meta property=\"og:image:width\" content=\"1000\" \/>\n\t<meta property=\"og:image:height\" content=\"1000\" \/>\n\t<meta property=\"og:image:type\" content=\"image\/png\" \/>\n<meta name=\"twitter:card\" content=\"summary_large_image\" \/>\n<meta name=\"twitter:label1\" content=\"Gesch\u00e4tzte Lesezeit\" \/>\n\t<meta name=\"twitter:data1\" content=\"1\u00a0Minute\" \/>\n<script type=\"application\/ld+json\" class=\"yoast-schema-graph\">{\"@context\":\"https:\/\/schema.org\",\"@graph\":[{\"@type\":\"WebPage\",\"@id\":\"https:\/\/xenonkungen.com\/nl\/product\/relaisbedrading-aan-uit\/\",\"url\":\"https:\/\/xenonkungen.com\/nl\/product\/relaisbedrading-aan-uit\/\",\"name\":\"Rel\u00e4kablage ON\/OFF - Xenonkungen\",\"isPartOf\":{\"@id\":\"https:\/\/xenonkungen.com\/#website\"},\"primaryImageOfPage\":{\"@id\":\"https:\/\/xenonkungen.com\/nl\/product\/relaisbedrading-aan-uit\/#primaryimage\"},\"image\":{\"@id\":\"https:\/\/xenonkungen.com\/nl\/product\/relaisbedrading-aan-uit\/#primaryimage\"},\"thumbnailUrl\":\"https:\/\/xenonkungen.com\/wp-content\/uploads\/2025\/04\/135261720-origpic-c754db.png\",\"datePublished\":\"2025-04-15T08:37:39+00:00\",\"dateModified\":\"2026-04-10T22:46:51+00:00\",\"breadcrumb\":{\"@id\":\"https:\/\/xenonkungen.com\/nl\/product\/relaisbedrading-aan-uit\/#breadcrumb\"},\"inLanguage\":\"de\",\"potentialAction\":[{\"@type\":\"ReadAction\",\"target\":[\"https:\/\/xenonkungen.com\/nl\/product\/relaisbedrading-aan-uit\/\"]}]},{\"@type\":\"ImageObject\",\"inLanguage\":\"de\",\"@id\":\"https:\/\/xenonkungen.com\/nl\/product\/relaisbedrading-aan-uit\/#primaryimage\",\"url\":\"https:\/\/xenonkungen.com\/wp-content\/uploads\/2025\/04\/135261720-origpic-c754db.png\",\"contentUrl\":\"https:\/\/xenonkungen.com\/wp-content\/uploads\/2025\/04\/135261720-origpic-c754db.png\",\"width\":1000,\"height\":1000},{\"@type\":\"BreadcrumbList\",\"@id\":\"https:\/\/xenonkungen.com\/nl\/product\/relaisbedrading-aan-uit\/#breadcrumb\",\"itemListElement\":[{\"@type\":\"ListItem\",\"position\":1,\"name\":\"Hem\",\"item\":\"https:\/\/xenonkungen.com\/\"},{\"@type\":\"ListItem\",\"position\":2,\"name\":\"Shop\",\"item\":\"https:\/\/xenonkungen.com\/shop\/\"},{\"@type\":\"ListItem\",\"position\":3,\"name\":\"Rel\u00e4kablage ON\/OFF\"}]},{\"@type\":\"WebSite\",\"@id\":\"https:\/\/xenonkungen.com\/#website\",\"url\":\"https:\/\/xenonkungen.com\/\",\"name\":\"Xenonkungen\",\"description\":\"\",\"potentialAction\":[{\"@type\":\"SearchAction\",\"target\":{\"@type\":\"EntryPoint\",\"urlTemplate\":\"https:\/\/xenonkungen.com\/?s={search_term_string}\"},\"query-input\":{\"@type\":\"PropertyValueSpecification\",\"valueRequired\":true,\"valueName\":\"search_term_string\"}}],\"inLanguage\":\"de\"}]}<\/script>\n<!-- \/ Yoast SEO plugin. -->","yoast_head_json":{"title":"Relaisverdrahtung EIN\/AUS - Xenonkungen","robots":{"index":"index","follow":"follow","max-snippet":"max-snippet:-1","max-image-preview":"max-image-preview:large","max-video-preview":"max-video-preview:-1"},"canonical":"https:\/\/xenonkungen.com\/de\/produkt\/relaisverdrahtung-ein-aus\/","og_locale":"de_DE","og_type":"article","og_title":"Rel\u00e4kablage ON\/OFF - Xenonkungen","og_description":"Rel\u00e4kabelsats med ON\/OFF-knapp \u2013 Enkel och Effektiv Styrning av Din Belysning Uppgradera din belysningsinstallation med en praktisk rel\u00e4kabelsats utrustad med en ON\/OFF-tryckknapp. Perfekt f\u00f6r dig som vill ha full kontroll \u00f6ver din belysning med tre smarta funktionsl\u00e4gen: 1 ON \/ OFF \/ 2 ON. Nyckelfunktioner: Smidig styrning: V\u00e4xla enkelt mellan dina belysningsl\u00e4gen med en intuitiv [&hellip;]","og_url":"https:\/\/xenonkungen.com\/de\/produkt\/relaisverdrahtung-ein-aus\/","og_site_name":"Xenonkungen","article_modified_time":"2026-04-10T22:46:51+00:00","og_image":[{"width":1000,"height":1000,"url":"https:\/\/xenonkungen.com\/wp-content\/uploads\/2025\/04\/135261720-origpic-c754db.png","type":"image\/png"}],"twitter_card":"summary_large_image","twitter_misc":{"Gesch\u00e4tzte Lesezeit":"1\u00a0Minute"},"schema":{"@context":"https:\/\/schema.org","@graph":[{"@type":"WebPage","@id":"https:\/\/xenonkungen.com\/nl\/product\/relaisbedrading-aan-uit\/","url":"https:\/\/xenonkungen.com\/nl\/product\/relaisbedrading-aan-uit\/","name":"Relaisverdrahtung EIN\/AUS - Xenonkungen","isPartOf":{"@id":"https:\/\/xenonkungen.com\/#website"},"primaryImageOfPage":{"@id":"https:\/\/xenonkungen.com\/nl\/product\/relaisbedrading-aan-uit\/#primaryimage"},"image":{"@id":"https:\/\/xenonkungen.com\/nl\/product\/relaisbedrading-aan-uit\/#primaryimage"},"thumbnailUrl":"https:\/\/xenonkungen.com\/wp-content\/uploads\/2025\/04\/135261720-origpic-c754db.png","datePublished":"2025-04-15T08:37:39+00:00","dateModified":"2026-04-10T22:46:51+00:00","breadcrumb":{"@id":"https:\/\/xenonkungen.com\/nl\/product\/relaisbedrading-aan-uit\/#breadcrumb"},"inLanguage":"de","potentialAction":[{"@type":"ReadAction","target":["https:\/\/xenonkungen.com\/nl\/product\/relaisbedrading-aan-uit\/"]}]},{"@type":"ImageObject","inLanguage":"de","@id":"https:\/\/xenonkungen.com\/nl\/product\/relaisbedrading-aan-uit\/#primaryimage","url":"https:\/\/xenonkungen.com\/wp-content\/uploads\/2025\/04\/135261720-origpic-c754db.png","contentUrl":"https:\/\/xenonkungen.com\/wp-content\/uploads\/2025\/04\/135261720-origpic-c754db.png","width":1000,"height":1000},{"@type":"BreadcrumbList","@id":"https:\/\/xenonkungen.com\/nl\/product\/relaisbedrading-aan-uit\/#breadcrumb","itemListElement":[{"@type":"ListItem","position":1,"name":"Hem","item":"https:\/\/xenonkungen.com\/"},{"@type":"ListItem","position":2,"name":"Shop","item":"https:\/\/xenonkungen.com\/shop\/"},{"@type":"ListItem","position":3,"name":"Rel\u00e4kablage ON\/OFF"}]},{"@type":"WebSite","@id":"https:\/\/xenonkungen.com\/#website","url":"https:\/\/xenonkungen.com\/","name":"Xenonkungen","description":"","potentialAction":[{"@type":"SearchAction","target":{"@type":"EntryPoint","urlTemplate":"https:\/\/xenonkungen.com\/?s={search_term_string}"},"query-input":{"@type":"PropertyValueSpecification","valueRequired":true,"valueName":"search_term_string"}}],"inLanguage":"de"}]}},"taxonomy_info":{"product_brand":[{"value":117,"label":"Xenonkungen"}],"product_cat":[{"value":2841,"label":"Installation extraljus"},{"value":2795,"label":"Kablar och Rel\u00e4"},{"value":2796,"label":"Rel\u00e4kabelsatser"},{"value":2502,"label":"Rel\u00e4sats"},{"value":390,"label":"Installation"}]},"featured_image_src_large":["https:\/\/xenonkungen.com\/wp-content\/uploads\/2025\/04\/135261720-origpic-c754db.png",1000,1000,false],"author_info":[],"comment_info":0,"_links":{"self":[{"href":"https:\/\/xenonkungen.com\/de\/wp-json\/wp\/v2\/product\/2463","targetHints":{"allow":["GET"]}}],"collection":[{"href":"https:\/\/xenonkungen.com\/de\/wp-json\/wp\/v2\/product"}],"about":[{"href":"https:\/\/xenonkungen.com\/de\/wp-json\/wp\/v2\/types\/product"}],"replies":[{"embeddable":true,"href":"https:\/\/xenonkungen.com\/de\/wp-json\/wp\/v2\/comments?post=2463"}],"wp:featuredmedia":[{"embeddable":true,"href":"https:\/\/xenonkungen.com\/de\/wp-json\/wp\/v2\/media\/2464"}],"wp:attachment":[{"href":"https:\/\/xenonkungen.com\/de\/wp-json\/wp\/v2\/media?parent=2463"}],"wp:term":[{"taxonomy":"anvandningsomrade","embeddable":true,"href":"https:\/\/xenonkungen.com\/de\/wp-json\/wp\/v2\/anvandningsomrade?post=2463"},{"taxonomy":"bilmarken","embeddable":true,"href":"https:\/\/xenonkungen.com\/de\/wp-json\/wp\/v2\/bilmarken?post=2463"},{"taxonomy":"product_brand","embeddable":true,"href":"https:\/\/xenonkungen.com\/de\/wp-json\/wp\/v2\/product_brand?post=2463"},{"taxonomy":"product_cat","embeddable":true,"href":"https:\/\/xenonkungen.com\/de\/wp-json\/wp\/v2\/product_cat?post=2463"},{"taxonomy":"product_tag","embeddable":true,"href":"https:\/\/xenonkungen.com\/de\/wp-json\/wp\/v2\/product_tag?post=2463"}],"curies":[{"name":"wp","href":"https:\/\/api.w.org\/{rel}","templated":true}]}}