{"id":2500,"date":"2025-04-15T08:38:06","date_gmt":"2025-04-15T08:38:06","guid":{"rendered":"https:\/\/xenonkungen.com\/product\/rela-80a-60a-5-pin-5-stift-vaxlande\/"},"modified":"2026-04-24T16:43:17","modified_gmt":"2026-04-24T15:43:17","slug":"rela-80a-60a-5-polig-5-polig-alternierend","status":"publish","type":"product","link":"https:\/\/xenonkungen.com\/de\/produkt\/rela-80a-60a-5-polig-5-polig-alternierend\/","title":{"rendered":"Relais 80A\/60A | 5-PIN | 5-polige Umschaltung"},"content":{"rendered":"<h1>Relais-80\/60A<\/h1>\n<p>Entdecken Sie unser leistungsstarkes und vielseitiges 5-poliges Relais \u2013 perfekt f\u00fcr Ihre Elektroinstallationen!<\/p>\n<ul>\n<li><strong>80A Kapazit\u00e4t<\/strong> \u2013 Pin 87<\/li>\n<li><strong>Kapazit\u00e4t von 60 A<\/strong> \u2013 Pin 87a<\/li>\n<\/ul>\n<p>Jedes Set enth\u00e4lt ein hochwertiges Relais und einen robusten Relaishalter f\u00fcr eine schnelle und einfache Installation.<\/p>\n<p>Dieses Relais ist speziell f\u00fcr folgende Zwecke ausgelegt: <strong>Autolichter<\/strong>und gew\u00e4hrleistet optimale Funktion und Langlebigkeit in allen Situationen.<\/p>\n<p>Entscheiden Sie sich f\u00fcr unsere robusten und zuverl\u00e4ssigen <strong>Relais-80\/60A<\/strong> f\u00fcr maximale Leistung und Sicherheit.<\/p>","protected":false},"excerpt":{"rendered":"<p>Rel\u00e4-80\/60A Uppt\u00e4ck v\u00e5rt kraftfulla och m\u00e5ngsidiga 5-stifts rel\u00e4, perfekt f\u00f6r dina elektriska installationer! 80A kapacitet &#8211; stift 87 60A kapacitet &#8211; stift 87a Varje set inneh\u00e5ller ett h\u00f6gkvalitativt rel\u00e4 och en stabil rel\u00e4h\u00e5llare f\u00f6r snabb och enkel installation. Detta rel\u00e4 \u00e4r s\u00e4rskilt framtaget f\u00f6r att anv\u00e4ndas till billjus, och s\u00e4kerst\u00e4ller optimal funktion och h\u00e5llbarhet i [&hellip;]<\/p>","protected":false},"featured_media":2501,"comment_status":"closed","ping_status":"open","template":"","meta":{"_acf_changed":false,"_smort_price_nok":"170","_smort_price_dkk":"108","_smort_price_eur":"14.45","_smort_sale_price_nok":"","_smort_sale_price_dkk":"","_smort_sale_price_eur":"","smort_restorder":"","shipmondo_restorder":"","_kad_blocks_custom_css":"","_kad_blocks_head_custom_js":"","_kad_blocks_body_custom_js":"","_kad_blocks_footer_custom_js":"","smort_custom_pricelist_1":"89.04","smort_custom_pricelist_2":"76.32","smort_custom_pricelist_3":"63.6","smort_custom_pricelist_4":"127.2","smort_custom_pricelist_5":"76.32"},"anvandningsomrade":[],"bilmarken":[],"product_brand":[117],"product_cat":[2468,390],"product_tag":[],"class_list":{"0":"post-2500","1":"product","2":"type-product","3":"status-publish","4":"has-post-thumbnail","6":"product_brand-xenonkungen","7":"product_cat-rela","8":"product_cat-installation","10":"first","11":"instock","12":"taxable","13":"shipping-taxable","14":"purchasable","15":"product-type-simple"},"bundled_by":[],"bundle_stock_status":"instock","bundle_stock_quantity":144,"bundle_virtual":false,"bundle_layout":"","bundle_add_to_cart_form_location":"","bundle_editable_in_cart":false,"bundle_sold_individually_context":"","bundle_item_grouping":"","bundle_min_size":"","bundle_max_size":"","bundle_price":[],"bundled_items":[],"bundle_sell_ids":[],"acf":[],"yoast_head":"<!-- This site is optimized with the Yoast SEO plugin v27.0 - https:\/\/yoast.com\/product\/yoast-seo-wordpress\/ -->\n<title>Rel\u00e4 80A\/60A | 5-PIN | 5-stift v\u00e4xlande - Xenonkungen<\/title>\n<meta name=\"robots\" content=\"index, follow, max-snippet:-1, max-image-preview:large, max-video-preview:-1\" \/>\n<link rel=\"canonical\" href=\"https:\/\/xenonkungen.com\/de\/produkt\/rela-80a-60a-5-polig-5-polig-alternierend\/\" \/>\n<meta property=\"og:locale\" content=\"de_DE\" \/>\n<meta property=\"og:type\" content=\"article\" \/>\n<meta property=\"og:title\" content=\"Rel\u00e4 80A\/60A | 5-PIN | 5-stift v\u00e4xlande - Xenonkungen\" \/>\n<meta property=\"og:description\" content=\"Rel\u00e4-80\/60A Uppt\u00e4ck v\u00e5rt kraftfulla och m\u00e5ngsidiga 5-stifts rel\u00e4, perfekt f\u00f6r dina elektriska installationer! 80A kapacitet &#8211; stift 87 60A kapacitet &#8211; stift 87a Varje set inneh\u00e5ller ett h\u00f6gkvalitativt rel\u00e4 och en stabil rel\u00e4h\u00e5llare f\u00f6r snabb och enkel installation. Detta rel\u00e4 \u00e4r s\u00e4rskilt framtaget f\u00f6r att anv\u00e4ndas till billjus, och s\u00e4kerst\u00e4ller optimal funktion och h\u00e5llbarhet i [&hellip;]\" \/>\n<meta property=\"og:url\" content=\"https:\/\/xenonkungen.com\/de\/produkt\/rela-80a-60a-5-polig-5-polig-alternierend\/\" \/>\n<meta property=\"og:site_name\" content=\"Xenonkungen\" \/>\n<meta property=\"article:modified_time\" content=\"2026-04-24T15:43:17+00:00\" \/>\n<meta property=\"og:image\" content=\"https:\/\/xenonkungen.com\/wp-content\/uploads\/2025\/04\/21U-l16M-scaled.png\" \/>\n\t<meta property=\"og:image:width\" content=\"2560\" \/>\n\t<meta property=\"og:image:height\" content=\"2560\" \/>\n\t<meta property=\"og:image:type\" content=\"image\/png\" \/>\n<meta name=\"twitter:card\" content=\"summary_large_image\" \/>\n<script type=\"application\/ld+json\" class=\"yoast-schema-graph\">{\"@context\":\"https:\/\/schema.org\",\"@graph\":[{\"@type\":\"WebPage\",\"@id\":\"https:\/\/xenonkungen.com\/produkt\/rela-80a-60a-5-pin-5-stift-vaxlande\/\",\"url\":\"https:\/\/xenonkungen.com\/produkt\/rela-80a-60a-5-pin-5-stift-vaxlande\/\",\"name\":\"Rel\u00e4 80A\/60A | 5-PIN | 5-stift v\u00e4xlande - Xenonkungen\",\"isPartOf\":{\"@id\":\"https:\/\/xenonkungen.com\/#website\"},\"primaryImageOfPage\":{\"@id\":\"https:\/\/xenonkungen.com\/produkt\/rela-80a-60a-5-pin-5-stift-vaxlande\/#primaryimage\"},\"image\":{\"@id\":\"https:\/\/xenonkungen.com\/produkt\/rela-80a-60a-5-pin-5-stift-vaxlande\/#primaryimage\"},\"thumbnailUrl\":\"https:\/\/xenonkungen.com\/wp-content\/uploads\/2025\/04\/21U-l16M-scaled.png\",\"datePublished\":\"2025-04-15T08:38:06+00:00\",\"dateModified\":\"2026-04-24T15:43:17+00:00\",\"breadcrumb\":{\"@id\":\"https:\/\/xenonkungen.com\/produkt\/rela-80a-60a-5-pin-5-stift-vaxlande\/#breadcrumb\"},\"inLanguage\":\"de\",\"potentialAction\":[{\"@type\":\"ReadAction\",\"target\":[\"https:\/\/xenonkungen.com\/produkt\/rela-80a-60a-5-pin-5-stift-vaxlande\/\"]}]},{\"@type\":\"ImageObject\",\"inLanguage\":\"de\",\"@id\":\"https:\/\/xenonkungen.com\/produkt\/rela-80a-60a-5-pin-5-stift-vaxlande\/#primaryimage\",\"url\":\"https:\/\/xenonkungen.com\/wp-content\/uploads\/2025\/04\/21U-l16M-scaled.png\",\"contentUrl\":\"https:\/\/xenonkungen.com\/wp-content\/uploads\/2025\/04\/21U-l16M-scaled.png\",\"width\":2560,\"height\":2560},{\"@type\":\"BreadcrumbList\",\"@id\":\"https:\/\/xenonkungen.com\/produkt\/rela-80a-60a-5-pin-5-stift-vaxlande\/#breadcrumb\",\"itemListElement\":[{\"@type\":\"ListItem\",\"position\":1,\"name\":\"Hem\",\"item\":\"https:\/\/xenonkungen.com\/\"},{\"@type\":\"ListItem\",\"position\":2,\"name\":\"Shop\",\"item\":\"https:\/\/xenonkungen.com\/shop\/\"},{\"@type\":\"ListItem\",\"position\":3,\"name\":\"Rel\u00e4 80A\/60A | 5-PIN | 5-stift v\u00e4xlande\"}]},{\"@type\":\"WebSite\",\"@id\":\"https:\/\/xenonkungen.com\/#website\",\"url\":\"https:\/\/xenonkungen.com\/\",\"name\":\"Xenonkungen\",\"description\":\"\",\"potentialAction\":[{\"@type\":\"SearchAction\",\"target\":{\"@type\":\"EntryPoint\",\"urlTemplate\":\"https:\/\/xenonkungen.com\/?s={search_term_string}\"},\"query-input\":{\"@type\":\"PropertyValueSpecification\",\"valueRequired\":true,\"valueName\":\"search_term_string\"}}],\"inLanguage\":\"de\"}]}<\/script>\n<!-- \/ Yoast SEO plugin. -->","yoast_head_json":{"title":"Relais 80A\/60A | 5-PIN | 5-PIN-Wechselrelais - Xenonkungen","robots":{"index":"index","follow":"follow","max-snippet":"max-snippet:-1","max-image-preview":"max-image-preview:large","max-video-preview":"max-video-preview:-1"},"canonical":"https:\/\/xenonkungen.com\/de\/produkt\/rela-80a-60a-5-polig-5-polig-alternierend\/","og_locale":"de_DE","og_type":"article","og_title":"Rel\u00e4 80A\/60A | 5-PIN | 5-stift v\u00e4xlande - Xenonkungen","og_description":"Rel\u00e4-80\/60A Uppt\u00e4ck v\u00e5rt kraftfulla och m\u00e5ngsidiga 5-stifts rel\u00e4, perfekt f\u00f6r dina elektriska installationer! 80A kapacitet &#8211; stift 87 60A kapacitet &#8211; stift 87a Varje set inneh\u00e5ller ett h\u00f6gkvalitativt rel\u00e4 och en stabil rel\u00e4h\u00e5llare f\u00f6r snabb och enkel installation. Detta rel\u00e4 \u00e4r s\u00e4rskilt framtaget f\u00f6r att anv\u00e4ndas till billjus, och s\u00e4kerst\u00e4ller optimal funktion och h\u00e5llbarhet i [&hellip;]","og_url":"https:\/\/xenonkungen.com\/de\/produkt\/rela-80a-60a-5-polig-5-polig-alternierend\/","og_site_name":"Xenonkungen","article_modified_time":"2026-04-24T15:43:17+00:00","og_image":[{"width":2560,"height":2560,"url":"https:\/\/xenonkungen.com\/wp-content\/uploads\/2025\/04\/21U-l16M-scaled.png","type":"image\/png"}],"twitter_card":"summary_large_image","schema":{"@context":"https:\/\/schema.org","@graph":[{"@type":"WebPage","@id":"https:\/\/xenonkungen.com\/produkt\/rela-80a-60a-5-pin-5-stift-vaxlande\/","url":"https:\/\/xenonkungen.com\/produkt\/rela-80a-60a-5-pin-5-stift-vaxlande\/","name":"Relais 80A\/60A | 5-PIN | 5-PIN-Wechselrelais - Xenonkungen","isPartOf":{"@id":"https:\/\/xenonkungen.com\/#website"},"primaryImageOfPage":{"@id":"https:\/\/xenonkungen.com\/produkt\/rela-80a-60a-5-pin-5-stift-vaxlande\/#primaryimage"},"image":{"@id":"https:\/\/xenonkungen.com\/produkt\/rela-80a-60a-5-pin-5-stift-vaxlande\/#primaryimage"},"thumbnailUrl":"https:\/\/xenonkungen.com\/wp-content\/uploads\/2025\/04\/21U-l16M-scaled.png","datePublished":"2025-04-15T08:38:06+00:00","dateModified":"2026-04-24T15:43:17+00:00","breadcrumb":{"@id":"https:\/\/xenonkungen.com\/produkt\/rela-80a-60a-5-pin-5-stift-vaxlande\/#breadcrumb"},"inLanguage":"de","potentialAction":[{"@type":"ReadAction","target":["https:\/\/xenonkungen.com\/produkt\/rela-80a-60a-5-pin-5-stift-vaxlande\/"]}]},{"@type":"ImageObject","inLanguage":"de","@id":"https:\/\/xenonkungen.com\/produkt\/rela-80a-60a-5-pin-5-stift-vaxlande\/#primaryimage","url":"https:\/\/xenonkungen.com\/wp-content\/uploads\/2025\/04\/21U-l16M-scaled.png","contentUrl":"https:\/\/xenonkungen.com\/wp-content\/uploads\/2025\/04\/21U-l16M-scaled.png","width":2560,"height":2560},{"@type":"BreadcrumbList","@id":"https:\/\/xenonkungen.com\/produkt\/rela-80a-60a-5-pin-5-stift-vaxlande\/#breadcrumb","itemListElement":[{"@type":"ListItem","position":1,"name":"Hem","item":"https:\/\/xenonkungen.com\/"},{"@type":"ListItem","position":2,"name":"Shop","item":"https:\/\/xenonkungen.com\/shop\/"},{"@type":"ListItem","position":3,"name":"Rel\u00e4 80A\/60A | 5-PIN | 5-stift v\u00e4xlande"}]},{"@type":"WebSite","@id":"https:\/\/xenonkungen.com\/#website","url":"https:\/\/xenonkungen.com\/","name":"Xenonkungen","description":"","potentialAction":[{"@type":"SearchAction","target":{"@type":"EntryPoint","urlTemplate":"https:\/\/xenonkungen.com\/?s={search_term_string}"},"query-input":{"@type":"PropertyValueSpecification","valueRequired":true,"valueName":"search_term_string"}}],"inLanguage":"de"}]}},"taxonomy_info":{"product_brand":[{"value":117,"label":"Xenonkungen"}],"product_cat":[{"value":2468,"label":"Rel\u00e4"},{"value":390,"label":"Installation"}]},"featured_image_src_large":["https:\/\/xenonkungen.com\/wp-content\/uploads\/2025\/04\/21U-l16M-1024x1024.png",1024,1024,true],"author_info":[],"comment_info":0,"_links":{"self":[{"href":"https:\/\/xenonkungen.com\/de\/wp-json\/wp\/v2\/product\/2500","targetHints":{"allow":["GET"]}}],"collection":[{"href":"https:\/\/xenonkungen.com\/de\/wp-json\/wp\/v2\/product"}],"about":[{"href":"https:\/\/xenonkungen.com\/de\/wp-json\/wp\/v2\/types\/product"}],"replies":[{"embeddable":true,"href":"https:\/\/xenonkungen.com\/de\/wp-json\/wp\/v2\/comments?post=2500"}],"wp:featuredmedia":[{"embeddable":true,"href":"https:\/\/xenonkungen.com\/de\/wp-json\/wp\/v2\/media\/2501"}],"wp:attachment":[{"href":"https:\/\/xenonkungen.com\/de\/wp-json\/wp\/v2\/media?parent=2500"}],"wp:term":[{"taxonomy":"anvandningsomrade","embeddable":true,"href":"https:\/\/xenonkungen.com\/de\/wp-json\/wp\/v2\/anvandningsomrade?post=2500"},{"taxonomy":"bilmarken","embeddable":true,"href":"https:\/\/xenonkungen.com\/de\/wp-json\/wp\/v2\/bilmarken?post=2500"},{"taxonomy":"product_brand","embeddable":true,"href":"https:\/\/xenonkungen.com\/de\/wp-json\/wp\/v2\/product_brand?post=2500"},{"taxonomy":"product_cat","embeddable":true,"href":"https:\/\/xenonkungen.com\/de\/wp-json\/wp\/v2\/product_cat?post=2500"},{"taxonomy":"product_tag","embeddable":true,"href":"https:\/\/xenonkungen.com\/de\/wp-json\/wp\/v2\/product_tag?post=2500"}],"curies":[{"name":"wp","href":"https:\/\/api.w.org\/{rel}","templated":true}]}}