{"id":25270,"date":"2026-01-27T13:55:02","date_gmt":"2026-01-27T12:55:02","guid":{"rendered":"https:\/\/xenonkungen.com\/?post_type=product&#038;p=25270"},"modified":"2026-04-28T09:17:16","modified_gmt":"2026-04-28T08:17:16","slug":"osram-ledriving-cube-mx180-cb-7-reihig-3","status":"publish","type":"product","link":"https:\/\/xenonkungen.com\/de\/produkt\/osram-ledriving-cube-mx180-cb-7-reihig-3\/","title":{"rendered":"Osram LEDriving\u00ae CUBE MX180-CB 7\u2033 RAD4"},"content":{"rendered":"<h2>Osram LEDriving\u00ae CUBE MX180-CB 7\u2033 RAD4<\/h2>\n<p>Die OSRAM MX-Serie wurde f\u00fcr diejenigen entwickelt, die echtes Licht wollen.<br \/>\nEin hochwertiger LED-Zusatzscheinwerfer, der eine enorme Lichtleistung, ein modernes Design und eine robuste Konstruktion bietet, die allen Belastungen standh\u00e4lt \u2013 von langen Pendelstrecken auf Asphalt \u00fcber harte Arbeitsumgebungen bis hin zum Gel\u00e4ndeeinsatz.<\/p>\n<p>Mit bis zu 7.000 Lumen im Boost-Modus und einer fortschrittlichen Kombinationsoptik erhalten Sie sowohl L\u00e4nge als auch Breite im selben Lichtmuster \u2013 perfekte Sicht unabh\u00e4ngig von Geschwindigkeit, Gel\u00e4nde oder Wetter.<\/p>\n<p><strong>4-in-1 \u2013 Ausdruck und Funktion ausw\u00e4hlen<\/strong><\/p>\n<p>Die MX-Serie bietet flexible Beleuchtungskonfigurationen:<\/p>\n<ul>\n<li>Helles Licht<\/li>\n<li>Boost-Modus<\/li>\n<li>Wei\u00dfes Positionslicht<\/li>\n<li>Gelbes Positionslicht<\/li>\n<\/ul>\n<p>Sie entscheiden \u00fcber den Stil \u2013 cleane OEM-Optik oder aggressiverer, vom Rallyesport inspirierter Ausdruck.<\/p>\n<p><strong>F\u00fcr den harten Einsatz konzipiert<\/strong><\/p>\n<p>Dank des robusten Aluminiumgeh\u00e4uses, der Polycarbonatlinse und der IP6K8 \/ IP6K9K-Zertifizierung ist die Lampe das ganze Jahr \u00fcber wasserdicht, staubdicht und vibrationsfest.<\/p>\n<p><strong>Perfekt geeignet f\u00fcr:<\/strong><\/p>\n<ul>\n<li>Pkw \/ Personenkraftwagen<\/li>\n<li>LKW \/ Lastwagen<\/li>\n<li>4x4 \/ Gel\u00e4ndewagen<\/li>\n<li>ATVs &amp; UTVs<\/li>\n<li>Landwirtschaftliche Maschinen<\/li>\n<li>Nutzfahrzeuge \/ gewerbliche Fahrzeuge<\/li>\n<li>Bauwesen \/ Auftragsvergabe<\/li>\n<li>Wohnwagen \/ Wohnmobil &amp; Anh\u00e4nger<\/li>\n<\/ul>\n<p><strong>Zusamenfassend:<\/strong><\/p>\n<p>Die OSRAM MX-Serie wurde f\u00fcr maximale Sichtbarkeit, Pr\u00e4zision und Sicherheit entwickelt \u2013 genau dort, wo Sie Licht ben\u00f6tigen, das wirklich Leistung bringt.<\/p>\n<p><strong>Dies ist im Paket enthalten.<\/strong><\/p>\n<ul>\n<li>OSRAM LEDriving Cube MX180<\/li>\n<li>Montagehalterung + 1. Stabilisierungsstange<\/li>\n<li>Kontakt zwischen m\u00e4nnlichen Leitern<\/li>\n<\/ul>\n<p>Erstklassige Lichtleistung \u2013 egal wohin die Stra\u00dfe f\u00fchrt.<\/p>\n<p><strong>5 Jahre Garantie.<\/strong><\/p>","protected":false},"excerpt":{"rendered":"<p><strong data-start=\"131\" data-end=\"150\">OSRAM MX-Serie<\/strong> ist eine hochwertige LED-Zusatzleuchte f\u00fcr alle, die maximale Lichtausbeute und Betriebssicherheit fordern. Mit bis zu <strong data-start=\"245\" data-end=\"268\">7.000 Lumen im Boost-Modus<\/strong>, kombiniertes Lichtbild f\u00fcr L\u00e4nge und Breite und <strong data-start=\"320\" data-end=\"354\" data-is-only-node=\"\">wei\u00dfes oder bernsteinfarbenes Positionslicht<\/strong>Es bietet optimale Sicht in allen Umgebungen. Die robuste Konstruktion mit <strong data-start=\"430\" data-end=\"456\">Schutzart IP6K8\/IP6K9K<\/strong> Dadurch ist die Lampe f\u00fcr harte Eins\u00e4tze, Offroad-Fahrten und den ganzj\u00e4hrigen Einsatz bestens geeignet.<br data-start=\"518\" data-end=\"521\" \/>Eine leistungsstarke, flexible und zuverl\u00e4ssige Wahl \u2013 wenn nur echtes Licht in Frage kommt.<\/p>","protected":false},"featured_media":25272,"comment_status":"open","ping_status":"closed","template":"","meta":{"_acf_changed":false,"_smort_price_nok":"14527","_smort_price_dkk":"","_smort_price_eur":"","_smort_sale_price_nok":"","_smort_sale_price_dkk":"","_smort_sale_price_eur":"","smort_restorder":"","shipmondo_restorder":"","_kad_blocks_custom_css":"","_kad_blocks_head_custom_js":"","_kad_blocks_body_custom_js":"","_kad_blocks_footer_custom_js":"","smort_custom_pricelist_1":"8704","smort_custom_pricelist_2":"7616","smort_custom_pricelist_3":"7072","smort_custom_pricelist_4":"10880","smort_custom_pricelist_5":"7616"},"anvandningsomrade":[],"bilmarken":[],"product_brand":[108],"product_cat":[1859],"product_tag":[],"class_list":{"0":"post-25270","1":"product","2":"type-product","3":"status-publish","4":"has-post-thumbnail","6":"product_brand-osram","7":"product_cat-extraljuspaket","9":"first","10":"outofstock","11":"virtual","12":"taxable","13":"purchasable","14":"product-type-bundle"},"bundled_by":[],"bundle_stock_status":"outofstock","bundle_stock_quantity":0,"bundle_virtual":false,"bundle_layout":"default","bundle_add_to_cart_form_location":"default","bundle_editable_in_cart":false,"bundle_sold_individually_context":"product","bundle_item_grouping":"parent","bundle_min_size":"","bundle_max_size":"","bundle_price":{"price":{"min":{"incl_tax":"1236.25","excl_tax":"989.0010304"},"max":{"incl_tax":"1236.25","excl_tax":"989.0010304"}},"regular_price":{"min":{"incl_tax":"1236.25","excl_tax":"989.0010304"},"max":{"incl_tax":"1236.25","excl_tax":"989.0010304"}}},"bundled_items":[{"bundled_item_id":522,"product_id":14994,"menu_order":0,"quantity_min":1,"quantity_max":1,"quantity_default":1,"priced_individually":false,"shipped_individually":false,"override_title":false,"title":"Luxtar Relaiskabelsatz DT-6 X4 | 12V | 80A Relais","override_description":false,"description":"","optional":false,"hide_thumbnail":false,"discount":"","override_variations":false,"allowed_variations":[],"override_default_variation_attributes":false,"default_variation_attributes":[],"single_product_visibility":"visible","cart_visibility":"visible","order_visibility":"visible","single_product_price_visibility":"visible","cart_price_visibility":"visible","order_price_visibility":"visible","stock_status":"in_stock"},{"bundled_item_id":523,"product_id":3041,"menu_order":1,"quantity_min":1,"quantity_max":1,"quantity_default":1,"priced_individually":false,"shipped_individually":false,"override_title":false,"title":"Zusatzscheinwerferhalterung 4 - 175 mm \/ 7&quot;","override_description":false,"description":"","optional":false,"hide_thumbnail":false,"discount":"","override_variations":false,"allowed_variations":[],"override_default_variation_attributes":false,"default_variation_attributes":[],"single_product_visibility":"visible","cart_visibility":"visible","order_visibility":"visible","single_product_price_visibility":"visible","cart_price_visibility":"visible","order_price_visibility":"visible","stock_status":"in_stock"},{"bundled_item_id":520,"product_id":1538,"menu_order":2,"quantity_min":1,"quantity_max":1,"quantity_default":1,"priced_individually":false,"shipped_individually":false,"override_title":false,"title":"XBB OBD-II Dongle + PowerUnit","override_description":false,"description":"","optional":false,"hide_thumbnail":false,"discount":"","override_variations":false,"allowed_variations":[],"override_default_variation_attributes":false,"default_variation_attributes":[],"single_product_visibility":"visible","cart_visibility":"visible","order_visibility":"visible","single_product_price_visibility":"visible","cart_price_visibility":"visible","order_price_visibility":"visible","stock_status":"on_backorder"},{"bundled_item_id":521,"product_id":2603,"menu_order":3,"quantity_min":1,"quantity_max":1,"quantity_default":1,"priced_individually":false,"shipped_individually":false,"override_title":false,"title":"Kabelsatz f\u00fcr XBB Power Unit","override_description":false,"description":"","optional":false,"hide_thumbnail":false,"discount":"","override_variations":false,"allowed_variations":[],"override_default_variation_attributes":false,"default_variation_attributes":[],"single_product_visibility":"visible","cart_visibility":"visible","order_visibility":"visible","single_product_price_visibility":"visible","cart_price_visibility":"visible","order_price_visibility":"visible","stock_status":"on_backorder"}],"bundle_sell_ids":[],"acf":[],"yoast_head":"<!-- This site is optimized with the Yoast SEO plugin v27.0 - https:\/\/yoast.com\/product\/yoast-seo-wordpress\/ -->\n<title>Osram LEDriving\u00ae CUBE MX180-CB 7&quot; RAD4 - Xenonkungen<\/title>\n<meta name=\"robots\" content=\"index, follow, max-snippet:-1, max-image-preview:large, max-video-preview:-1\" \/>\n<link rel=\"canonical\" href=\"https:\/\/xenonkungen.com\/de\/produkt\/osram-ledriving-cube-mx180-cb-7-reihig-3\/\" \/>\n<meta property=\"og:locale\" content=\"de_DE\" \/>\n<meta property=\"og:type\" content=\"article\" \/>\n<meta property=\"og:title\" content=\"Osram LEDriving\u00ae CUBE MX180-CB 7&quot; RAD4 - Xenonkungen\" \/>\n<meta property=\"og:description\" content=\"OSRAM MX Series \u00e4r ett premium LED-extraljus f\u00f6r dig som kr\u00e4ver maximalt ljus och drifts\u00e4kerhet. Med upp till 7 000 lumen i boost, kombinerad ljusbild f\u00f6r b\u00e5de l\u00e4ngd och bredd samt vitt eller amber positionsljus, levererar den optimal sikt i alla milj\u00f6er. Den robusta konstruktionen med IP6K8\/IP6K9K-klassning g\u00f6r lampan redo f\u00f6r tufft arbete, offroad och \u00e5ret-runt-bruk.Ett kraftfullt, flexibelt och p\u00e5litligt val \u2013 n\u00e4r bara riktigt ljus duger.\" \/>\n<meta property=\"og:url\" content=\"https:\/\/xenonkungen.com\/de\/produkt\/osram-ledriving-cube-mx180-cb-7-reihig-3\/\" \/>\n<meta property=\"og:site_name\" content=\"Xenonkungen\" \/>\n<meta property=\"article:modified_time\" content=\"2026-04-28T08:17:16+00:00\" \/>\n<meta property=\"og:image\" content=\"https:\/\/xenonkungen.com\/wp-content\/uploads\/2026\/01\/7tumx4st-OS-LEDDL136-CBX-PNNG-1024x719.png\" \/>\n\t<meta property=\"og:image:width\" content=\"1024\" \/>\n\t<meta property=\"og:image:height\" content=\"719\" \/>\n\t<meta property=\"og:image:type\" content=\"image\/png\" \/>\n<meta name=\"twitter:card\" content=\"summary_large_image\" \/>\n<meta name=\"twitter:label1\" content=\"Gesch\u00e4tzte Lesezeit\" \/>\n\t<meta name=\"twitter:data1\" content=\"2\u00a0Minuten\" \/>\n<script type=\"application\/ld+json\" class=\"yoast-schema-graph\">{\"@context\":\"https:\/\/schema.org\",\"@graph\":[{\"@type\":\"WebPage\",\"@id\":\"https:\/\/xenonkungen.com\/produkt\/osram-ledriving-cube-mx180-cb-7-rad4\/\",\"url\":\"https:\/\/xenonkungen.com\/produkt\/osram-ledriving-cube-mx180-cb-7-rad4\/\",\"name\":\"Osram LEDriving\u00ae CUBE MX180-CB 7\\\" RAD4 - Xenonkungen\",\"isPartOf\":{\"@id\":\"https:\/\/xenonkungen.com\/#website\"},\"primaryImageOfPage\":{\"@id\":\"https:\/\/xenonkungen.com\/produkt\/osram-ledriving-cube-mx180-cb-7-rad4\/#primaryimage\"},\"image\":{\"@id\":\"https:\/\/xenonkungen.com\/produkt\/osram-ledriving-cube-mx180-cb-7-rad4\/#primaryimage\"},\"thumbnailUrl\":\"https:\/\/xenonkungen.com\/wp-content\/uploads\/2026\/01\/7tumx4st-OS-LEDDL136-CBX-PNNG.png\",\"datePublished\":\"2026-01-27T12:55:02+00:00\",\"dateModified\":\"2026-04-28T08:17:16+00:00\",\"breadcrumb\":{\"@id\":\"https:\/\/xenonkungen.com\/produkt\/osram-ledriving-cube-mx180-cb-7-rad4\/#breadcrumb\"},\"inLanguage\":\"de\",\"potentialAction\":[{\"@type\":\"ReadAction\",\"target\":[\"https:\/\/xenonkungen.com\/produkt\/osram-ledriving-cube-mx180-cb-7-rad4\/\"]}]},{\"@type\":\"ImageObject\",\"inLanguage\":\"de\",\"@id\":\"https:\/\/xenonkungen.com\/produkt\/osram-ledriving-cube-mx180-cb-7-rad4\/#primaryimage\",\"url\":\"https:\/\/xenonkungen.com\/wp-content\/uploads\/2026\/01\/7tumx4st-OS-LEDDL136-CBX-PNNG.png\",\"contentUrl\":\"https:\/\/xenonkungen.com\/wp-content\/uploads\/2026\/01\/7tumx4st-OS-LEDDL136-CBX-PNNG.png\",\"width\":2450,\"height\":1720},{\"@type\":\"BreadcrumbList\",\"@id\":\"https:\/\/xenonkungen.com\/produkt\/osram-ledriving-cube-mx180-cb-7-rad4\/#breadcrumb\",\"itemListElement\":[{\"@type\":\"ListItem\",\"position\":1,\"name\":\"Hem\",\"item\":\"https:\/\/xenonkungen.com\/\"},{\"@type\":\"ListItem\",\"position\":2,\"name\":\"Shop\",\"item\":\"https:\/\/xenonkungen.com\/shop\/\"},{\"@type\":\"ListItem\",\"position\":3,\"name\":\"Osram LEDriving\u00ae CUBE MX180-CB 7&#8243; RAD4\"}]},{\"@type\":\"WebSite\",\"@id\":\"https:\/\/xenonkungen.com\/#website\",\"url\":\"https:\/\/xenonkungen.com\/\",\"name\":\"Xenonkungen\",\"description\":\"\",\"potentialAction\":[{\"@type\":\"SearchAction\",\"target\":{\"@type\":\"EntryPoint\",\"urlTemplate\":\"https:\/\/xenonkungen.com\/?s={search_term_string}\"},\"query-input\":{\"@type\":\"PropertyValueSpecification\",\"valueRequired\":true,\"valueName\":\"search_term_string\"}}],\"inLanguage\":\"de\"}]}<\/script>\n<!-- \/ Yoast SEO plugin. -->","yoast_head_json":{"title":"Osram LEDriving\u00ae CUBE MX180-CB 7&quot; RAD4 - Der Xenon-K\u00f6nig","robots":{"index":"index","follow":"follow","max-snippet":"max-snippet:-1","max-image-preview":"max-image-preview:large","max-video-preview":"max-video-preview:-1"},"canonical":"https:\/\/xenonkungen.com\/de\/produkt\/osram-ledriving-cube-mx180-cb-7-reihig-3\/","og_locale":"de_DE","og_type":"article","og_title":"Osram LEDriving\u00ae CUBE MX180-CB 7\" RAD4 - Xenonkungen","og_description":"OSRAM MX Series \u00e4r ett premium LED-extraljus f\u00f6r dig som kr\u00e4ver maximalt ljus och drifts\u00e4kerhet. Med upp till 7 000 lumen i boost, kombinerad ljusbild f\u00f6r b\u00e5de l\u00e4ngd och bredd samt vitt eller amber positionsljus, levererar den optimal sikt i alla milj\u00f6er. Den robusta konstruktionen med IP6K8\/IP6K9K-klassning g\u00f6r lampan redo f\u00f6r tufft arbete, offroad och \u00e5ret-runt-bruk.Ett kraftfullt, flexibelt och p\u00e5litligt val \u2013 n\u00e4r bara riktigt ljus duger.","og_url":"https:\/\/xenonkungen.com\/de\/produkt\/osram-ledriving-cube-mx180-cb-7-reihig-3\/","og_site_name":"Xenonkungen","article_modified_time":"2026-04-28T08:17:16+00:00","og_image":[{"width":1024,"height":719,"url":"https:\/\/xenonkungen.com\/wp-content\/uploads\/2026\/01\/7tumx4st-OS-LEDDL136-CBX-PNNG-1024x719.png","type":"image\/png"}],"twitter_card":"summary_large_image","twitter_misc":{"Gesch\u00e4tzte Lesezeit":"2\u00a0Minuten"},"schema":{"@context":"https:\/\/schema.org","@graph":[{"@type":"WebPage","@id":"https:\/\/xenonkungen.com\/produkt\/osram-ledriving-cube-mx180-cb-7-rad4\/","url":"https:\/\/xenonkungen.com\/produkt\/osram-ledriving-cube-mx180-cb-7-rad4\/","name":"Osram LEDriving\u00ae CUBE MX180-CB 7&quot; RAD4 - Der Xenon-K\u00f6nig","isPartOf":{"@id":"https:\/\/xenonkungen.com\/#website"},"primaryImageOfPage":{"@id":"https:\/\/xenonkungen.com\/produkt\/osram-ledriving-cube-mx180-cb-7-rad4\/#primaryimage"},"image":{"@id":"https:\/\/xenonkungen.com\/produkt\/osram-ledriving-cube-mx180-cb-7-rad4\/#primaryimage"},"thumbnailUrl":"https:\/\/xenonkungen.com\/wp-content\/uploads\/2026\/01\/7tumx4st-OS-LEDDL136-CBX-PNNG.png","datePublished":"2026-01-27T12:55:02+00:00","dateModified":"2026-04-28T08:17:16+00:00","breadcrumb":{"@id":"https:\/\/xenonkungen.com\/produkt\/osram-ledriving-cube-mx180-cb-7-rad4\/#breadcrumb"},"inLanguage":"de","potentialAction":[{"@type":"ReadAction","target":["https:\/\/xenonkungen.com\/produkt\/osram-ledriving-cube-mx180-cb-7-rad4\/"]}]},{"@type":"ImageObject","inLanguage":"de","@id":"https:\/\/xenonkungen.com\/produkt\/osram-ledriving-cube-mx180-cb-7-rad4\/#primaryimage","url":"https:\/\/xenonkungen.com\/wp-content\/uploads\/2026\/01\/7tumx4st-OS-LEDDL136-CBX-PNNG.png","contentUrl":"https:\/\/xenonkungen.com\/wp-content\/uploads\/2026\/01\/7tumx4st-OS-LEDDL136-CBX-PNNG.png","width":2450,"height":1720},{"@type":"BreadcrumbList","@id":"https:\/\/xenonkungen.com\/produkt\/osram-ledriving-cube-mx180-cb-7-rad4\/#breadcrumb","itemListElement":[{"@type":"ListItem","position":1,"name":"Hem","item":"https:\/\/xenonkungen.com\/"},{"@type":"ListItem","position":2,"name":"Shop","item":"https:\/\/xenonkungen.com\/shop\/"},{"@type":"ListItem","position":3,"name":"Osram LEDriving\u00ae CUBE MX180-CB 7&#8243; RAD4"}]},{"@type":"WebSite","@id":"https:\/\/xenonkungen.com\/#website","url":"https:\/\/xenonkungen.com\/","name":"Xenonkungen","description":"","potentialAction":[{"@type":"SearchAction","target":{"@type":"EntryPoint","urlTemplate":"https:\/\/xenonkungen.com\/?s={search_term_string}"},"query-input":{"@type":"PropertyValueSpecification","valueRequired":true,"valueName":"search_term_string"}}],"inLanguage":"de"}]}},"taxonomy_info":{"product_brand":[{"value":108,"label":"OSRAM"}],"product_cat":[{"value":1859,"label":"Extraljuspaket"}]},"featured_image_src_large":["https:\/\/xenonkungen.com\/wp-content\/uploads\/2026\/01\/7tumx4st-OS-LEDDL136-CBX-PNNG-1024x719.png",1024,719,true],"author_info":[],"comment_info":0,"_links":{"self":[{"href":"https:\/\/xenonkungen.com\/de\/wp-json\/wp\/v2\/product\/25270","targetHints":{"allow":["GET"]}}],"collection":[{"href":"https:\/\/xenonkungen.com\/de\/wp-json\/wp\/v2\/product"}],"about":[{"href":"https:\/\/xenonkungen.com\/de\/wp-json\/wp\/v2\/types\/product"}],"replies":[{"embeddable":true,"href":"https:\/\/xenonkungen.com\/de\/wp-json\/wp\/v2\/comments?post=25270"}],"wp:featuredmedia":[{"embeddable":true,"href":"https:\/\/xenonkungen.com\/de\/wp-json\/wp\/v2\/media\/25272"}],"wp:attachment":[{"href":"https:\/\/xenonkungen.com\/de\/wp-json\/wp\/v2\/media?parent=25270"}],"wp:term":[{"taxonomy":"anvandningsomrade","embeddable":true,"href":"https:\/\/xenonkungen.com\/de\/wp-json\/wp\/v2\/anvandningsomrade?post=25270"},{"taxonomy":"bilmarken","embeddable":true,"href":"https:\/\/xenonkungen.com\/de\/wp-json\/wp\/v2\/bilmarken?post=25270"},{"taxonomy":"product_brand","embeddable":true,"href":"https:\/\/xenonkungen.com\/de\/wp-json\/wp\/v2\/product_brand?post=25270"},{"taxonomy":"product_cat","embeddable":true,"href":"https:\/\/xenonkungen.com\/de\/wp-json\/wp\/v2\/product_cat?post=25270"},{"taxonomy":"product_tag","embeddable":true,"href":"https:\/\/xenonkungen.com\/de\/wp-json\/wp\/v2\/product_tag?post=25270"}],"curies":[{"name":"wp","href":"https:\/\/api.w.org\/{rel}","templated":true}]}}