{"id":25275,"date":"2026-01-27T14:10:15","date_gmt":"2026-01-27T13:10:15","guid":{"rendered":"https:\/\/xenonkungen.com\/?post_type=product&#038;p=25275"},"modified":"2026-04-28T19:50:10","modified_gmt":"2026-04-28T18:50:10","slug":"osram-ledriving-cube-mx230-cb-9-rad2","status":"publish","type":"product","link":"https:\/\/xenonkungen.com\/de\/produkt\/osram-ledriving-cube-mx230-cb-9-rad2\/","title":{"rendered":"Osram LEDriving\u00ae CUBE MX230-CB 9\u2033 ROW2"},"content":{"rendered":"<h2>Osram LEDriving\u00ae CUBE MX230-CB 9\u2033 ROW2<\/h2>\n<p>Die OSRAM MX-Serie wurde f\u00fcr diejenigen entwickelt, die echtes Licht wollen.<br \/>\nEin hochwertiger LED-Zusatzscheinwerfer, der eine enorme Lichtleistung, ein modernes Design und eine robuste Konstruktion bietet, die allen Belastungen standh\u00e4lt \u2013 von langen Pendelstrecken auf Asphalt \u00fcber harte Arbeitsumgebungen bis hin zum Gel\u00e4ndeeinsatz.<\/p>\n<p>Mit bis zu 10.000 Lumen im Boost-Modus und einer fortschrittlichen Kombinationsoptik erhalten Sie sowohl L\u00e4nge als auch Breite im gleichen Lichtmuster \u2013 perfekte Sicht unabh\u00e4ngig von Geschwindigkeit, Gel\u00e4nde oder Wetter.<\/p>\n<p><strong>4-in-1 \u2013 Ausdruck und Funktion ausw\u00e4hlen<\/strong><\/p>\n<p>Die MX-Serie bietet flexible Beleuchtungskonfigurationen:<\/p>\n<ul>\n<li>Helles Licht<\/li>\n<li>Boost-Modus<\/li>\n<li>Wei\u00dfes Positionslicht<\/li>\n<li>Gelbes Positionslicht<\/li>\n<\/ul>\n<p>Sie entscheiden \u00fcber den Stil \u2013 cleane OEM-Optik oder aggressiverer, vom Rallyesport inspirierter Ausdruck.<\/p>\n<p><strong>F\u00fcr den harten Einsatz konzipiert<\/strong><\/p>\n<p>Dank des robusten Aluminiumgeh\u00e4uses, der Polycarbonatlinse und der IP6K8 \/ IP6K9K-Zertifizierung ist die Lampe das ganze Jahr \u00fcber wasserdicht, staubdicht und vibrationsfest.<\/p>\n<p><strong>Perfekt geeignet f\u00fcr:<\/strong><\/p>\n<ul>\n<li>Pkw \/ Personenkraftwagen<\/li>\n<li>LKW \/ Lastwagen<\/li>\n<li>4x4 \/ Gel\u00e4ndewagen<\/li>\n<li>ATVs &amp; UTVs<\/li>\n<li>Landwirtschaftliche Maschinen<\/li>\n<li>Nutzfahrzeuge \/ gewerbliche Fahrzeuge<\/li>\n<li>Bauwesen \/ Auftragsvergabe<\/li>\n<li>Wohnwagen \/ Wohnmobil &amp; Anh\u00e4nger<\/li>\n<\/ul>\n<p><strong>Zusamenfassend:<\/strong><\/p>\n<p>Die OSRAM MX-Serie wurde f\u00fcr maximale Sichtbarkeit, Pr\u00e4zision und Sicherheit entwickelt \u2013 genau dort, wo Sie Licht ben\u00f6tigen, das wirklich Leistung bringt.<\/p>\n<p><strong>Dies ist im Paket enthalten.<\/strong><\/p>\n<ul>\n<li>OSRAM LEDriving Cube MX230<\/li>\n<li>Montagehalterung + 2. Stabilisierungsstange<\/li>\n<li>Kontakt zwischen m\u00e4nnlichen Leitern<\/li>\n<\/ul>\n<p>Erstklassige Lichtleistung \u2013 egal wohin die Stra\u00dfe f\u00fchrt.<\/p>\n<p><strong>5 Jahre Garantie.<\/strong><\/p>","protected":false},"excerpt":{"rendered":"<p><strong data-start=\"67\" data-end=\"98\">Osram LEDriving\u00ae CUBE MX230<\/strong> ist eine leistungsstarke Premium-LED-Zusatzleuchte f\u00fcr alle, die h\u00f6chste Leistung und Zuverl\u00e4ssigkeit fordern. Mit bis zu <strong data-start=\"205\" data-end=\"229\" data-is-only-node=\"\">10.000 Lumen im Boost-Modus<\/strong>, fortschrittliche Kombinationsoptik f\u00fcr L\u00e4nge und Breite und optional <strong data-start=\"297\" data-end=\"339\">wei\u00dfes oder bernsteinfarbenes Positionslicht<\/strong>Sie erhalten optimale Sicht in jeder Umgebung. Die robuste Konstruktion mit <strong data-start=\"408\" data-end=\"434\">Schutzart IP6K8\/IP6K9K<\/strong> Dadurch ist die Lampe f\u00fcr harte Arbeitsbedingungen, Offroad-Eins\u00e4tze und den ganzj\u00e4hrigen Einsatz bestens ger\u00fcstet \u2013 wenn das Licht wirklich Leistung bringen muss.<\/p>","protected":false},"featured_media":25277,"comment_status":"open","ping_status":"closed","template":"","meta":{"_acf_changed":false,"_smort_price_nok":"9827","_smort_price_dkk":"","_smort_price_eur":"","_smort_sale_price_nok":"","_smort_sale_price_dkk":"","_smort_sale_price_eur":"","smort_restorder":"","shipmondo_restorder":"","_kad_blocks_custom_css":"","_kad_blocks_head_custom_js":"","_kad_blocks_body_custom_js":"","_kad_blocks_footer_custom_js":"","smort_custom_pricelist_1":"5888","smort_custom_pricelist_2":"5152","smort_custom_pricelist_3":"4784","smort_custom_pricelist_4":"7360","smort_custom_pricelist_5":"5152"},"anvandningsomrade":[],"bilmarken":[],"product_brand":[108],"product_cat":[1859],"product_tag":[],"class_list":{"0":"post-25275","1":"product","2":"type-product","3":"status-publish","4":"has-post-thumbnail","6":"product_brand-osram","7":"product_cat-extraljuspaket","9":"first","10":"outofstock","11":"virtual","12":"taxable","13":"purchasable","14":"product-type-bundle"},"bundled_by":[],"bundle_stock_status":"outofstock","bundle_stock_quantity":0,"bundle_virtual":false,"bundle_layout":"default","bundle_add_to_cart_form_location":"default","bundle_editable_in_cart":false,"bundle_sold_individually_context":"product","bundle_item_grouping":"parent","bundle_min_size":"","bundle_max_size":"","bundle_price":{"price":{"min":{"incl_tax":"836.29","excl_tax":"669.0301088"},"max":{"incl_tax":"836.29","excl_tax":"669.0301088"}},"regular_price":{"min":{"incl_tax":"836.29","excl_tax":"669.0301088"},"max":{"incl_tax":"836.29","excl_tax":"669.0301088"}}},"bundled_items":[{"bundled_item_id":524,"product_id":14987,"menu_order":0,"quantity_min":1,"quantity_max":1,"quantity_default":1,"priced_individually":false,"shipped_individually":false,"override_title":false,"title":"Luxtar Relaiskabelsatz DT-6 X2 | 12V | 80A Relais","override_description":false,"description":"","optional":false,"hide_thumbnail":false,"discount":"","override_variations":false,"allowed_variations":[],"override_default_variation_attributes":false,"default_variation_attributes":[],"single_product_visibility":"visible","cart_visibility":"visible","order_visibility":"visible","single_product_price_visibility":"visible","cart_price_visibility":"visible","order_price_visibility":"visible","stock_status":"in_stock"},{"bundled_item_id":525,"product_id":3043,"menu_order":1,"quantity_min":1,"quantity_max":1,"quantity_default":1,"priced_individually":false,"shipped_individually":false,"override_title":false,"title":"Zus\u00e4tzliche Lichthalterung f\u00fcr 2 St\u00fcck 225 mm | 9&quot;","override_description":false,"description":"","optional":false,"hide_thumbnail":false,"discount":"","override_variations":false,"allowed_variations":[],"override_default_variation_attributes":false,"default_variation_attributes":[],"single_product_visibility":"visible","cart_visibility":"visible","order_visibility":"visible","single_product_price_visibility":"visible","cart_price_visibility":"visible","order_price_visibility":"visible","stock_status":"on_backorder"},{"bundled_item_id":526,"product_id":1538,"menu_order":2,"quantity_min":1,"quantity_max":1,"quantity_default":1,"priced_individually":false,"shipped_individually":false,"override_title":false,"title":"XBB OBD-II Dongle + PowerUnit","override_description":false,"description":"","optional":false,"hide_thumbnail":false,"discount":"","override_variations":false,"allowed_variations":[],"override_default_variation_attributes":false,"default_variation_attributes":[],"single_product_visibility":"visible","cart_visibility":"visible","order_visibility":"visible","single_product_price_visibility":"visible","cart_price_visibility":"visible","order_price_visibility":"visible","stock_status":"on_backorder"},{"bundled_item_id":527,"product_id":2603,"menu_order":3,"quantity_min":1,"quantity_max":1,"quantity_default":1,"priced_individually":false,"shipped_individually":false,"override_title":false,"title":"Kabelsatz f\u00fcr XBB Power Unit","override_description":false,"description":"","optional":false,"hide_thumbnail":false,"discount":"","override_variations":false,"allowed_variations":[],"override_default_variation_attributes":false,"default_variation_attributes":[],"single_product_visibility":"visible","cart_visibility":"visible","order_visibility":"visible","single_product_price_visibility":"visible","cart_price_visibility":"visible","order_price_visibility":"visible","stock_status":"on_backorder"}],"bundle_sell_ids":[],"acf":[],"yoast_head":"<!-- This site is optimized with the Yoast SEO plugin v27.0 - https:\/\/yoast.com\/product\/yoast-seo-wordpress\/ -->\n<title>Osram LEDriving\u00ae CUBE MX230-CB 9&quot; RAD2 - Xenonkungen<\/title>\n<meta name=\"robots\" content=\"index, follow, max-snippet:-1, max-image-preview:large, max-video-preview:-1\" \/>\n<link rel=\"canonical\" href=\"https:\/\/xenonkungen.com\/de\/produkt\/osram-ledriving-cube-mx230-cb-9-rad2\/\" \/>\n<meta property=\"og:locale\" content=\"de_DE\" \/>\n<meta property=\"og:type\" content=\"article\" \/>\n<meta property=\"og:title\" content=\"Osram LEDriving\u00ae CUBE MX230-CB 9&quot; RAD2 - Xenonkungen\" \/>\n<meta property=\"og:description\" content=\"Osram LEDriving\u00ae CUBE MX230 \u00e4r ett kraftfullt premium LED-extraljus f\u00f6r dig som kr\u00e4ver extrem prestanda och p\u00e5litlighet. Med upp till 10 000 lumen i boost, avancerad kombinationsoptik f\u00f6r b\u00e5de l\u00e4ngd och bredd samt valbart vitt eller b\u00e4rnstensgult positionsljus, f\u00e5r du optimal sikt i alla milj\u00f6er. Den robusta konstruktionen med IP6K8\/IP6K9K-klassning g\u00f6r lampan redo f\u00f6r tuffa arbetsf\u00f6rh\u00e5llanden, offroad och \u00e5ret-runt-bruk \u2013 n\u00e4r ljuset verkligen m\u00e5ste leverera.\" \/>\n<meta property=\"og:url\" content=\"https:\/\/xenonkungen.com\/de\/produkt\/osram-ledriving-cube-mx230-cb-9-rad2\/\" \/>\n<meta property=\"og:site_name\" content=\"Xenonkungen\" \/>\n<meta property=\"article:modified_time\" content=\"2026-04-28T18:50:10+00:00\" \/>\n<meta property=\"og:image\" content=\"https:\/\/xenonkungen.com\/wp-content\/uploads\/2026\/01\/9tumx2st-OS-LEDDL137-CBX-PNNG.png\" \/>\n\t<meta property=\"og:image:width\" content=\"1920\" \/>\n\t<meta property=\"og:image:height\" content=\"1720\" \/>\n\t<meta property=\"og:image:type\" content=\"image\/png\" \/>\n<meta name=\"twitter:card\" content=\"summary_large_image\" \/>\n<meta name=\"twitter:label1\" content=\"Gesch\u00e4tzte Lesezeit\" \/>\n\t<meta name=\"twitter:data1\" content=\"2\u00a0Minuten\" \/>\n<script type=\"application\/ld+json\" class=\"yoast-schema-graph\">{\"@context\":\"https:\/\/schema.org\",\"@graph\":[{\"@type\":\"WebPage\",\"@id\":\"https:\/\/xenonkungen.com\/produkt\/osram-ledriving-cube-mx230-cb-9-rad2\/\",\"url\":\"https:\/\/xenonkungen.com\/produkt\/osram-ledriving-cube-mx230-cb-9-rad2\/\",\"name\":\"Osram LEDriving\u00ae CUBE MX230-CB 9\\\" RAD2 - Xenonkungen\",\"isPartOf\":{\"@id\":\"https:\/\/xenonkungen.com\/#website\"},\"primaryImageOfPage\":{\"@id\":\"https:\/\/xenonkungen.com\/produkt\/osram-ledriving-cube-mx230-cb-9-rad2\/#primaryimage\"},\"image\":{\"@id\":\"https:\/\/xenonkungen.com\/produkt\/osram-ledriving-cube-mx230-cb-9-rad2\/#primaryimage\"},\"thumbnailUrl\":\"https:\/\/xenonkungen.com\/wp-content\/uploads\/2026\/01\/9tumx2st-OS-LEDDL137-CBX-PNNG.png\",\"datePublished\":\"2026-01-27T13:10:15+00:00\",\"dateModified\":\"2026-04-28T18:50:10+00:00\",\"breadcrumb\":{\"@id\":\"https:\/\/xenonkungen.com\/produkt\/osram-ledriving-cube-mx230-cb-9-rad2\/#breadcrumb\"},\"inLanguage\":\"de\",\"potentialAction\":[{\"@type\":\"ReadAction\",\"target\":[\"https:\/\/xenonkungen.com\/produkt\/osram-ledriving-cube-mx230-cb-9-rad2\/\"]}]},{\"@type\":\"ImageObject\",\"inLanguage\":\"de\",\"@id\":\"https:\/\/xenonkungen.com\/produkt\/osram-ledriving-cube-mx230-cb-9-rad2\/#primaryimage\",\"url\":\"https:\/\/xenonkungen.com\/wp-content\/uploads\/2026\/01\/9tumx2st-OS-LEDDL137-CBX-PNNG.png\",\"contentUrl\":\"https:\/\/xenonkungen.com\/wp-content\/uploads\/2026\/01\/9tumx2st-OS-LEDDL137-CBX-PNNG.png\",\"width\":1920,\"height\":1720},{\"@type\":\"BreadcrumbList\",\"@id\":\"https:\/\/xenonkungen.com\/produkt\/osram-ledriving-cube-mx230-cb-9-rad2\/#breadcrumb\",\"itemListElement\":[{\"@type\":\"ListItem\",\"position\":1,\"name\":\"Hem\",\"item\":\"https:\/\/xenonkungen.com\/\"},{\"@type\":\"ListItem\",\"position\":2,\"name\":\"Shop\",\"item\":\"https:\/\/xenonkungen.com\/shop\/\"},{\"@type\":\"ListItem\",\"position\":3,\"name\":\"Osram LEDriving\u00ae CUBE MX230-CB 9&#8243; RAD2\"}]},{\"@type\":\"WebSite\",\"@id\":\"https:\/\/xenonkungen.com\/#website\",\"url\":\"https:\/\/xenonkungen.com\/\",\"name\":\"Xenonkungen\",\"description\":\"\",\"potentialAction\":[{\"@type\":\"SearchAction\",\"target\":{\"@type\":\"EntryPoint\",\"urlTemplate\":\"https:\/\/xenonkungen.com\/?s={search_term_string}\"},\"query-input\":{\"@type\":\"PropertyValueSpecification\",\"valueRequired\":true,\"valueName\":\"search_term_string\"}}],\"inLanguage\":\"de\"}]}<\/script>\n<!-- \/ Yoast SEO plugin. -->","yoast_head_json":{"title":"Osram LEDriving\u00ae CUBE MX230-CB 9&quot; RAD2 - Der Xenon-K\u00f6nig","robots":{"index":"index","follow":"follow","max-snippet":"max-snippet:-1","max-image-preview":"max-image-preview:large","max-video-preview":"max-video-preview:-1"},"canonical":"https:\/\/xenonkungen.com\/de\/produkt\/osram-ledriving-cube-mx230-cb-9-rad2\/","og_locale":"de_DE","og_type":"article","og_title":"Osram LEDriving\u00ae CUBE MX230-CB 9\" RAD2 - Xenonkungen","og_description":"Osram LEDriving\u00ae CUBE MX230 \u00e4r ett kraftfullt premium LED-extraljus f\u00f6r dig som kr\u00e4ver extrem prestanda och p\u00e5litlighet. Med upp till 10 000 lumen i boost, avancerad kombinationsoptik f\u00f6r b\u00e5de l\u00e4ngd och bredd samt valbart vitt eller b\u00e4rnstensgult positionsljus, f\u00e5r du optimal sikt i alla milj\u00f6er. Den robusta konstruktionen med IP6K8\/IP6K9K-klassning g\u00f6r lampan redo f\u00f6r tuffa arbetsf\u00f6rh\u00e5llanden, offroad och \u00e5ret-runt-bruk \u2013 n\u00e4r ljuset verkligen m\u00e5ste leverera.","og_url":"https:\/\/xenonkungen.com\/de\/produkt\/osram-ledriving-cube-mx230-cb-9-rad2\/","og_site_name":"Xenonkungen","article_modified_time":"2026-04-28T18:50:10+00:00","og_image":[{"width":1920,"height":1720,"url":"https:\/\/xenonkungen.com\/wp-content\/uploads\/2026\/01\/9tumx2st-OS-LEDDL137-CBX-PNNG.png","type":"image\/png"}],"twitter_card":"summary_large_image","twitter_misc":{"Gesch\u00e4tzte Lesezeit":"2\u00a0Minuten"},"schema":{"@context":"https:\/\/schema.org","@graph":[{"@type":"WebPage","@id":"https:\/\/xenonkungen.com\/produkt\/osram-ledriving-cube-mx230-cb-9-rad2\/","url":"https:\/\/xenonkungen.com\/produkt\/osram-ledriving-cube-mx230-cb-9-rad2\/","name":"Osram LEDriving\u00ae CUBE MX230-CB 9&quot; RAD2 - Der Xenon-K\u00f6nig","isPartOf":{"@id":"https:\/\/xenonkungen.com\/#website"},"primaryImageOfPage":{"@id":"https:\/\/xenonkungen.com\/produkt\/osram-ledriving-cube-mx230-cb-9-rad2\/#primaryimage"},"image":{"@id":"https:\/\/xenonkungen.com\/produkt\/osram-ledriving-cube-mx230-cb-9-rad2\/#primaryimage"},"thumbnailUrl":"https:\/\/xenonkungen.com\/wp-content\/uploads\/2026\/01\/9tumx2st-OS-LEDDL137-CBX-PNNG.png","datePublished":"2026-01-27T13:10:15+00:00","dateModified":"2026-04-28T18:50:10+00:00","breadcrumb":{"@id":"https:\/\/xenonkungen.com\/produkt\/osram-ledriving-cube-mx230-cb-9-rad2\/#breadcrumb"},"inLanguage":"de","potentialAction":[{"@type":"ReadAction","target":["https:\/\/xenonkungen.com\/produkt\/osram-ledriving-cube-mx230-cb-9-rad2\/"]}]},{"@type":"ImageObject","inLanguage":"de","@id":"https:\/\/xenonkungen.com\/produkt\/osram-ledriving-cube-mx230-cb-9-rad2\/#primaryimage","url":"https:\/\/xenonkungen.com\/wp-content\/uploads\/2026\/01\/9tumx2st-OS-LEDDL137-CBX-PNNG.png","contentUrl":"https:\/\/xenonkungen.com\/wp-content\/uploads\/2026\/01\/9tumx2st-OS-LEDDL137-CBX-PNNG.png","width":1920,"height":1720},{"@type":"BreadcrumbList","@id":"https:\/\/xenonkungen.com\/produkt\/osram-ledriving-cube-mx230-cb-9-rad2\/#breadcrumb","itemListElement":[{"@type":"ListItem","position":1,"name":"Hem","item":"https:\/\/xenonkungen.com\/"},{"@type":"ListItem","position":2,"name":"Shop","item":"https:\/\/xenonkungen.com\/shop\/"},{"@type":"ListItem","position":3,"name":"Osram LEDriving\u00ae CUBE MX230-CB 9&#8243; RAD2"}]},{"@type":"WebSite","@id":"https:\/\/xenonkungen.com\/#website","url":"https:\/\/xenonkungen.com\/","name":"Xenonkungen","description":"","potentialAction":[{"@type":"SearchAction","target":{"@type":"EntryPoint","urlTemplate":"https:\/\/xenonkungen.com\/?s={search_term_string}"},"query-input":{"@type":"PropertyValueSpecification","valueRequired":true,"valueName":"search_term_string"}}],"inLanguage":"de"}]}},"taxonomy_info":{"product_brand":[{"value":108,"label":"OSRAM"}],"product_cat":[{"value":1859,"label":"Extraljuspaket"}]},"featured_image_src_large":["https:\/\/xenonkungen.com\/wp-content\/uploads\/2026\/01\/9tumx2st-OS-LEDDL137-CBX-PNNG-1024x917.png",1024,917,true],"author_info":[],"comment_info":0,"_links":{"self":[{"href":"https:\/\/xenonkungen.com\/de\/wp-json\/wp\/v2\/product\/25275","targetHints":{"allow":["GET"]}}],"collection":[{"href":"https:\/\/xenonkungen.com\/de\/wp-json\/wp\/v2\/product"}],"about":[{"href":"https:\/\/xenonkungen.com\/de\/wp-json\/wp\/v2\/types\/product"}],"replies":[{"embeddable":true,"href":"https:\/\/xenonkungen.com\/de\/wp-json\/wp\/v2\/comments?post=25275"}],"wp:featuredmedia":[{"embeddable":true,"href":"https:\/\/xenonkungen.com\/de\/wp-json\/wp\/v2\/media\/25277"}],"wp:attachment":[{"href":"https:\/\/xenonkungen.com\/de\/wp-json\/wp\/v2\/media?parent=25275"}],"wp:term":[{"taxonomy":"anvandningsomrade","embeddable":true,"href":"https:\/\/xenonkungen.com\/de\/wp-json\/wp\/v2\/anvandningsomrade?post=25275"},{"taxonomy":"bilmarken","embeddable":true,"href":"https:\/\/xenonkungen.com\/de\/wp-json\/wp\/v2\/bilmarken?post=25275"},{"taxonomy":"product_brand","embeddable":true,"href":"https:\/\/xenonkungen.com\/de\/wp-json\/wp\/v2\/product_brand?post=25275"},{"taxonomy":"product_cat","embeddable":true,"href":"https:\/\/xenonkungen.com\/de\/wp-json\/wp\/v2\/product_cat?post=25275"},{"taxonomy":"product_tag","embeddable":true,"href":"https:\/\/xenonkungen.com\/de\/wp-json\/wp\/v2\/product_tag?post=25275"}],"curies":[{"name":"wp","href":"https:\/\/api.w.org\/{rel}","templated":true}]}}