{"id":25315,"date":"2026-01-27T15:49:07","date_gmt":"2026-01-27T14:49:07","guid":{"rendered":"https:\/\/xenonkungen.com\/?post_type=product&#038;p=25315"},"modified":"2026-04-23T00:42:30","modified_gmt":"2026-04-22T23:42:30","slug":"ledlenser-magnetisches-ladekabel-typ-a","status":"publish","type":"product","link":"https:\/\/xenonkungen.com\/de\/produkt\/ledlenser-magnetisches-ladekabel-typ-a\/","title":{"rendered":"Ledlenser Magnetisches Ladekabel Typ A"},"content":{"rendered":"<p data-start=\"90\" data-end=\"162\"><strong data-start=\"90\" data-end=\"162\">Magnetisches Ladekabel f\u00fcr die P- und H-Serie \u2013 komfortabel, sicher und zuverl\u00e4ssig<\/strong><\/p>\n<p data-start=\"164\" data-end=\"433\">Das <strong data-start=\"170\" data-end=\"203\">magnetisches Ladekabel (120 cm)<\/strong> ist f\u00fcr das schnelle und einfache Aufladen kompatibler Lampen konzipiert. <strong data-start=\"269\" data-end=\"288\">P- und H-Serien<\/strong>Die magnetische Verbindung erm\u00f6glicht ein reibungsloses und sicheres Laden \u2013 perfekt f\u00fcr Arbeit, Alltag und Outdoor-Aktivit\u00e4ten, wo Benutzerfreundlichkeit entscheidend ist.<\/p>\n<h3 data-start=\"435\" data-end=\"448\">Vorteile:<\/h3>\n<ul data-start=\"449\" data-end=\"715\">\n<li data-start=\"449\" data-end=\"503\">\n<p data-start=\"451\" data-end=\"503\">Magnetischer Kontakt f\u00fcr <strong data-start=\"473\" data-end=\"503\">schnelle und einfache Verbindung<\/strong><\/p>\n<\/li>\n<li data-start=\"504\" data-end=\"546\">\n<p data-start=\"506\" data-end=\"546\">Sicheres Laden ohne Verschlei\u00df der Kontakte<\/p>\n<\/li>\n<li data-start=\"547\" data-end=\"609\">\n<p data-start=\"549\" data-end=\"609\"><strong data-start=\"549\" data-end=\"570\">120 cm Kabell\u00e4nge<\/strong> \u2013 flexibel und praktisch in allen Umgebungen<\/p>\n<\/li>\n<li data-start=\"610\" data-end=\"657\">\n<p data-start=\"612\" data-end=\"657\">Perfekt als <strong data-start=\"624\" data-end=\"657\">Ersatz- oder Zusatzkabel<\/strong><\/p>\n<\/li>\n<li data-start=\"658\" data-end=\"715\">\n<p data-start=\"660\" data-end=\"715\">Optimiert f\u00fcr den professionellen Einsatz und den t\u00e4glichen Gebrauch<\/p>\n<\/li>\n<\/ul>\n<h3 data-start=\"717\" data-end=\"745\">Geeignet unter anderem f\u00fcr:<\/h3>\n<ul data-start=\"746\" data-end=\"1056\">\n<li data-start=\"746\" data-end=\"810\">\n<p data-start=\"748\" data-end=\"810\"><strong data-start=\"748\" data-end=\"761\">H-Serie:<\/strong> H5R, H7R, H15R, H19R (Core \/ Work \/ Signature)<\/p>\n<\/li>\n<li data-start=\"811\" data-end=\"884\">\n<p data-start=\"813\" data-end=\"884\"><strong data-start=\"813\" data-end=\"826\">P-Serie:<\/strong> P2R, P4R, P5R, P6R, P7R, P18R (Core \/ Work \/ Signature)<\/p>\n<\/li>\n<li data-start=\"885\" data-end=\"926\">\n<p data-start=\"887\" data-end=\"926\"><strong data-start=\"887\" data-end=\"901\">iF-Serie:<\/strong> iF2R, iF3R, iF4R Musik<\/p>\n<\/li>\n<li data-start=\"927\" data-end=\"966\">\n<p data-start=\"929\" data-end=\"966\"><strong data-start=\"929\" data-end=\"944\">NEO-Serie:<\/strong> NEO1R, NEO5R, NEO9R<\/p>\n<\/li>\n<li data-start=\"967\" data-end=\"1028\">\n<p data-start=\"969\" data-end=\"1028\"><strong data-start=\"969\" data-end=\"983\">HF-Serie:<\/strong> HF4R, HF6R, HF8R (Core \/ Work \/ Signature)<\/p>\n<\/li>\n<li data-start=\"1029\" data-end=\"1056\">\n<p data-start=\"1031\" data-end=\"1056\"><strong data-start=\"1031\" data-end=\"1042\">Andere:<\/strong> ML6 Connect<\/p>\n<\/li>\n<\/ul>\n<p data-start=\"1058\" data-end=\"1156\" data-is-last-node=\"\" data-is-only-node=\"\"><strong data-start=\"1058\" data-end=\"1151\">Eine praktische Ladel\u00f6sung, die daf\u00fcr sorgt, dass Ihre Lampe immer einsatzbereit ist, wenn Sie sie brauchen.<\/strong><\/p>","protected":false},"excerpt":{"rendered":"<p>Magnetisk laddkabel f\u00f6r P- och H-serien \u2013 smidig, s\u00e4ker och p\u00e5litlig Denna magnetiska laddkabel (120 cm) \u00e4r framtagen f\u00f6r snabb och enkel laddning av kompatibla lampor i P- och H-serien. Den magnetiska anslutningen g\u00f6r laddningen b\u00e5de smidig och s\u00e4ker \u2013 perfekt f\u00f6r arbete, vardag och utomhusbruk d\u00e4r enkel hantering \u00e4r avg\u00f6rande. F\u00f6rdelar: Magnetisk kontakt f\u00f6r [&hellip;]<\/p>","protected":false},"featured_media":25317,"comment_status":"open","ping_status":"closed","template":"","meta":{"_acf_changed":false,"_smort_price_nok":"138","_smort_price_dkk":"","_smort_price_eur":"","_smort_sale_price_nok":"","_smort_sale_price_dkk":"","_smort_sale_price_eur":"","smort_restorder":"","shipmondo_restorder":"","_kad_blocks_custom_css":"","_kad_blocks_head_custom_js":"","_kad_blocks_body_custom_js":"","_kad_blocks_footer_custom_js":"","smort_custom_pricelist_1":"82.56","smort_custom_pricelist_2":"82.56","smort_custom_pricelist_3":"82.56","smort_custom_pricelist_4":"82.56","smort_custom_pricelist_5":"82.56"},"anvandningsomrade":[],"bilmarken":[],"product_brand":[101],"product_cat":[1277],"product_tag":[],"class_list":{"0":"post-25315","1":"product","2":"type-product","3":"status-publish","4":"has-post-thumbnail","6":"product_brand-ledlenser","7":"product_cat-pannlampor","9":"first","10":"instock","11":"taxable","12":"shipping-taxable","13":"purchasable","14":"product-type-simple"},"bundled_by":[],"bundle_stock_status":"instock","bundle_stock_quantity":7,"bundle_virtual":false,"bundle_layout":"","bundle_add_to_cart_form_location":"","bundle_editable_in_cart":false,"bundle_sold_individually_context":"","bundle_item_grouping":"","bundle_min_size":"","bundle_max_size":"","bundle_price":[],"bundled_items":[],"bundle_sell_ids":[],"acf":[],"yoast_head":"<!-- This site is optimized with the Yoast SEO plugin v27.0 - https:\/\/yoast.com\/product\/yoast-seo-wordpress\/ -->\n<title>Ledlenser Magnetic Charging Cable Type A - Xenonkungen<\/title>\n<meta name=\"robots\" content=\"index, follow, max-snippet:-1, max-image-preview:large, max-video-preview:-1\" \/>\n<link rel=\"canonical\" href=\"https:\/\/xenonkungen.com\/de\/produkt\/ledlenser-magnetisches-ladekabel-typ-a\/\" \/>\n<meta property=\"og:locale\" content=\"de_DE\" \/>\n<meta property=\"og:type\" content=\"article\" \/>\n<meta property=\"og:title\" content=\"Ledlenser Magnetic Charging Cable Type A - Xenonkungen\" \/>\n<meta property=\"og:description\" content=\"Magnetisk laddkabel f\u00f6r P- och H-serien \u2013 smidig, s\u00e4ker och p\u00e5litlig Denna magnetiska laddkabel (120 cm) \u00e4r framtagen f\u00f6r snabb och enkel laddning av kompatibla lampor i P- och H-serien. Den magnetiska anslutningen g\u00f6r laddningen b\u00e5de smidig och s\u00e4ker \u2013 perfekt f\u00f6r arbete, vardag och utomhusbruk d\u00e4r enkel hantering \u00e4r avg\u00f6rande. F\u00f6rdelar: Magnetisk kontakt f\u00f6r [&hellip;]\" \/>\n<meta property=\"og:url\" content=\"https:\/\/xenonkungen.com\/de\/produkt\/ledlenser-magnetisches-ladekabel-typ-a\/\" \/>\n<meta property=\"og:site_name\" content=\"Xenonkungen\" \/>\n<meta property=\"article:modified_time\" content=\"2026-04-22T23:42:30+00:00\" \/>\n<meta property=\"og:image\" content=\"https:\/\/xenonkungen.com\/wp-content\/uploads\/2026\/01\/large.png\" \/>\n\t<meta property=\"og:image:width\" content=\"1024\" \/>\n\t<meta property=\"og:image:height\" content=\"747\" \/>\n\t<meta property=\"og:image:type\" content=\"image\/png\" \/>\n<meta name=\"twitter:card\" content=\"summary_large_image\" \/>\n<meta name=\"twitter:label1\" content=\"Gesch\u00e4tzte Lesezeit\" \/>\n\t<meta name=\"twitter:data1\" content=\"1\u00a0Minute\" \/>\n<script type=\"application\/ld+json\" class=\"yoast-schema-graph\">{\"@context\":\"https:\/\/schema.org\",\"@graph\":[{\"@type\":\"WebPage\",\"@id\":\"https:\/\/xenonkungen.com\/no\/produkt\/ledlenser-magnetisk-ladekabel-type-a\/\",\"url\":\"https:\/\/xenonkungen.com\/no\/produkt\/ledlenser-magnetisk-ladekabel-type-a\/\",\"name\":\"Ledlenser Magnetic Charging Cable Type A - Xenonkungen\",\"isPartOf\":{\"@id\":\"https:\/\/xenonkungen.com\/#website\"},\"primaryImageOfPage\":{\"@id\":\"https:\/\/xenonkungen.com\/no\/produkt\/ledlenser-magnetisk-ladekabel-type-a\/#primaryimage\"},\"image\":{\"@id\":\"https:\/\/xenonkungen.com\/no\/produkt\/ledlenser-magnetisk-ladekabel-type-a\/#primaryimage\"},\"thumbnailUrl\":\"https:\/\/xenonkungen.com\/wp-content\/uploads\/2026\/01\/large.png\",\"datePublished\":\"2026-01-27T14:49:07+00:00\",\"dateModified\":\"2026-04-22T23:42:30+00:00\",\"breadcrumb\":{\"@id\":\"https:\/\/xenonkungen.com\/no\/produkt\/ledlenser-magnetisk-ladekabel-type-a\/#breadcrumb\"},\"inLanguage\":\"de\",\"potentialAction\":[{\"@type\":\"ReadAction\",\"target\":[\"https:\/\/xenonkungen.com\/no\/produkt\/ledlenser-magnetisk-ladekabel-type-a\/\"]}]},{\"@type\":\"ImageObject\",\"inLanguage\":\"de\",\"@id\":\"https:\/\/xenonkungen.com\/no\/produkt\/ledlenser-magnetisk-ladekabel-type-a\/#primaryimage\",\"url\":\"https:\/\/xenonkungen.com\/wp-content\/uploads\/2026\/01\/large.png\",\"contentUrl\":\"https:\/\/xenonkungen.com\/wp-content\/uploads\/2026\/01\/large.png\",\"width\":1024,\"height\":747},{\"@type\":\"BreadcrumbList\",\"@id\":\"https:\/\/xenonkungen.com\/no\/produkt\/ledlenser-magnetisk-ladekabel-type-a\/#breadcrumb\",\"itemListElement\":[{\"@type\":\"ListItem\",\"position\":1,\"name\":\"Hem\",\"item\":\"https:\/\/xenonkungen.com\/\"},{\"@type\":\"ListItem\",\"position\":2,\"name\":\"Shop\",\"item\":\"https:\/\/xenonkungen.com\/shop\/\"},{\"@type\":\"ListItem\",\"position\":3,\"name\":\"Ledlenser Magnetic Charging Cable Type A\"}]},{\"@type\":\"WebSite\",\"@id\":\"https:\/\/xenonkungen.com\/#website\",\"url\":\"https:\/\/xenonkungen.com\/\",\"name\":\"Xenonkungen\",\"description\":\"\",\"potentialAction\":[{\"@type\":\"SearchAction\",\"target\":{\"@type\":\"EntryPoint\",\"urlTemplate\":\"https:\/\/xenonkungen.com\/?s={search_term_string}\"},\"query-input\":{\"@type\":\"PropertyValueSpecification\",\"valueRequired\":true,\"valueName\":\"search_term_string\"}}],\"inLanguage\":\"de\"}]}<\/script>\n<!-- \/ Yoast SEO plugin. -->","yoast_head_json":{"title":"Ledlenser Magnetisches Ladekabel Typ A \u2013 Der Xenon-K\u00f6nig","robots":{"index":"index","follow":"follow","max-snippet":"max-snippet:-1","max-image-preview":"max-image-preview:large","max-video-preview":"max-video-preview:-1"},"canonical":"https:\/\/xenonkungen.com\/de\/produkt\/ledlenser-magnetisches-ladekabel-typ-a\/","og_locale":"de_DE","og_type":"article","og_title":"Ledlenser Magnetic Charging Cable Type A - Xenonkungen","og_description":"Magnetisk laddkabel f\u00f6r P- och H-serien \u2013 smidig, s\u00e4ker och p\u00e5litlig Denna magnetiska laddkabel (120 cm) \u00e4r framtagen f\u00f6r snabb och enkel laddning av kompatibla lampor i P- och H-serien. Den magnetiska anslutningen g\u00f6r laddningen b\u00e5de smidig och s\u00e4ker \u2013 perfekt f\u00f6r arbete, vardag och utomhusbruk d\u00e4r enkel hantering \u00e4r avg\u00f6rande. F\u00f6rdelar: Magnetisk kontakt f\u00f6r [&hellip;]","og_url":"https:\/\/xenonkungen.com\/de\/produkt\/ledlenser-magnetisches-ladekabel-typ-a\/","og_site_name":"Xenonkungen","article_modified_time":"2026-04-22T23:42:30+00:00","og_image":[{"width":1024,"height":747,"url":"https:\/\/xenonkungen.com\/wp-content\/uploads\/2026\/01\/large.png","type":"image\/png"}],"twitter_card":"summary_large_image","twitter_misc":{"Gesch\u00e4tzte Lesezeit":"1\u00a0Minute"},"schema":{"@context":"https:\/\/schema.org","@graph":[{"@type":"WebPage","@id":"https:\/\/xenonkungen.com\/no\/produkt\/ledlenser-magnetisk-ladekabel-type-a\/","url":"https:\/\/xenonkungen.com\/no\/produkt\/ledlenser-magnetisk-ladekabel-type-a\/","name":"Ledlenser Magnetisches Ladekabel Typ A \u2013 Der Xenon-K\u00f6nig","isPartOf":{"@id":"https:\/\/xenonkungen.com\/#website"},"primaryImageOfPage":{"@id":"https:\/\/xenonkungen.com\/no\/produkt\/ledlenser-magnetisk-ladekabel-type-a\/#primaryimage"},"image":{"@id":"https:\/\/xenonkungen.com\/no\/produkt\/ledlenser-magnetisk-ladekabel-type-a\/#primaryimage"},"thumbnailUrl":"https:\/\/xenonkungen.com\/wp-content\/uploads\/2026\/01\/large.png","datePublished":"2026-01-27T14:49:07+00:00","dateModified":"2026-04-22T23:42:30+00:00","breadcrumb":{"@id":"https:\/\/xenonkungen.com\/no\/produkt\/ledlenser-magnetisk-ladekabel-type-a\/#breadcrumb"},"inLanguage":"de","potentialAction":[{"@type":"ReadAction","target":["https:\/\/xenonkungen.com\/no\/produkt\/ledlenser-magnetisk-ladekabel-type-a\/"]}]},{"@type":"ImageObject","inLanguage":"de","@id":"https:\/\/xenonkungen.com\/no\/produkt\/ledlenser-magnetisk-ladekabel-type-a\/#primaryimage","url":"https:\/\/xenonkungen.com\/wp-content\/uploads\/2026\/01\/large.png","contentUrl":"https:\/\/xenonkungen.com\/wp-content\/uploads\/2026\/01\/large.png","width":1024,"height":747},{"@type":"BreadcrumbList","@id":"https:\/\/xenonkungen.com\/no\/produkt\/ledlenser-magnetisk-ladekabel-type-a\/#breadcrumb","itemListElement":[{"@type":"ListItem","position":1,"name":"Hem","item":"https:\/\/xenonkungen.com\/"},{"@type":"ListItem","position":2,"name":"Shop","item":"https:\/\/xenonkungen.com\/shop\/"},{"@type":"ListItem","position":3,"name":"Ledlenser Magnetic Charging Cable Type A"}]},{"@type":"WebSite","@id":"https:\/\/xenonkungen.com\/#website","url":"https:\/\/xenonkungen.com\/","name":"Xenonkungen","description":"","potentialAction":[{"@type":"SearchAction","target":{"@type":"EntryPoint","urlTemplate":"https:\/\/xenonkungen.com\/?s={search_term_string}"},"query-input":{"@type":"PropertyValueSpecification","valueRequired":true,"valueName":"search_term_string"}}],"inLanguage":"de"}]}},"taxonomy_info":{"product_brand":[{"value":101,"label":"LEDLENSER"}],"product_cat":[{"value":1277,"label":"Pannlampor"}]},"featured_image_src_large":["https:\/\/xenonkungen.com\/wp-content\/uploads\/2026\/01\/large.png",1024,747,false],"author_info":[],"comment_info":0,"_links":{"self":[{"href":"https:\/\/xenonkungen.com\/de\/wp-json\/wp\/v2\/product\/25315","targetHints":{"allow":["GET"]}}],"collection":[{"href":"https:\/\/xenonkungen.com\/de\/wp-json\/wp\/v2\/product"}],"about":[{"href":"https:\/\/xenonkungen.com\/de\/wp-json\/wp\/v2\/types\/product"}],"replies":[{"embeddable":true,"href":"https:\/\/xenonkungen.com\/de\/wp-json\/wp\/v2\/comments?post=25315"}],"wp:featuredmedia":[{"embeddable":true,"href":"https:\/\/xenonkungen.com\/de\/wp-json\/wp\/v2\/media\/25317"}],"wp:attachment":[{"href":"https:\/\/xenonkungen.com\/de\/wp-json\/wp\/v2\/media?parent=25315"}],"wp:term":[{"taxonomy":"anvandningsomrade","embeddable":true,"href":"https:\/\/xenonkungen.com\/de\/wp-json\/wp\/v2\/anvandningsomrade?post=25315"},{"taxonomy":"bilmarken","embeddable":true,"href":"https:\/\/xenonkungen.com\/de\/wp-json\/wp\/v2\/bilmarken?post=25315"},{"taxonomy":"product_brand","embeddable":true,"href":"https:\/\/xenonkungen.com\/de\/wp-json\/wp\/v2\/product_brand?post=25315"},{"taxonomy":"product_cat","embeddable":true,"href":"https:\/\/xenonkungen.com\/de\/wp-json\/wp\/v2\/product_cat?post=25315"},{"taxonomy":"product_tag","embeddable":true,"href":"https:\/\/xenonkungen.com\/de\/wp-json\/wp\/v2\/product_tag?post=25315"}],"curies":[{"name":"wp","href":"https:\/\/api.w.org\/{rel}","templated":true}]}}