{"id":25382,"date":"2026-01-28T11:23:15","date_gmt":"2026-01-28T10:23:15","guid":{"rendered":"https:\/\/xenonkungen.com\/?post_type=product&#038;p=25382"},"modified":"2026-02-06T16:47:08","modified_gmt":"2026-02-06T15:47:08","slug":"osram-eiskratzer-010","status":"publish","type":"product","link":"https:\/\/xenonkungen.com\/de\/produkt\/osram-eiskratzer-010\/","title":{"rendered":"Osram ICEscraper 010"},"content":{"rendered":"<h3 data-start=\"98\" data-end=\"155\">Eis entfernen \u2013 schnell, einfach und m\u00fchelos<\/h3>\n<p data-start=\"157\" data-end=\"483\">Erleichtern Sie sich den Wintermorgen mit einem <strong data-start=\"204\" data-end=\"226\">elektrischer Eiskratzer<\/strong> Das entfernt das Eis f\u00fcr Sie. Im Gegensatz zu herk\u00f6mmlichen Eiskratzern ben\u00f6tigt es <strong data-start=\"305\" data-end=\"336\">minimale k\u00f6rperliche Anstrengung<\/strong> und verwaltet auch <strong data-start=\"353\" data-end=\"371\">dicke Eisschichten<\/strong> M\u00fchelos. Die leistungsstarke Rotationsscheibe bricht das Eis effektiv auf, sodass Sie nicht in der K\u00e4lte k\u00e4mpfen und sich stressen m\u00fcssen.<\/p>\n<p data-start=\"485\" data-end=\"668\">Das Ergebnis? <strong data-start=\"497\" data-end=\"595\">Schnellere Eisfreiheit der Windschutzscheibe, weniger Belastung f\u00fcr Arme und Handgelenke \u2013 und ein komfortablerer Start in den Tag.<\/strong> Perfekt f\u00fcr kalte Wintermorgen, wenn die Zeit knapp ist und Komfort wichtig ist.<\/p>\n<h4 data-start=\"670\" data-end=\"684\">Vorteile:<\/h4>\n<ul data-start=\"685\" data-end=\"901\">\n<li data-start=\"685\" data-end=\"723\">\n<p data-start=\"687\" data-end=\"723\">Eis entfernen <strong data-start=\"699\" data-end=\"723\">schnell und effizient<\/strong><\/p>\n<\/li>\n<li data-start=\"724\" data-end=\"778\">\n<p data-start=\"726\" data-end=\"778\">Erfordert <strong data-start=\"733\" data-end=\"759\">deutlich weniger Leistung<\/strong> als ein normaler Eiskratzer<\/p>\n<\/li>\n<li data-start=\"779\" data-end=\"813\">\n<p data-start=\"781\" data-end=\"813\">Kann ich tun <strong data-start=\"788\" data-end=\"800\">dickes Eis<\/strong> ohne Probleme<\/p>\n<\/li>\n<li data-start=\"814\" data-end=\"856\">\n<p data-start=\"816\" data-end=\"856\">Mehr <strong data-start=\"820\" data-end=\"844\">komfortabel und sanft<\/strong> f\u00fcr den K\u00f6rper<\/p>\n<\/li>\n<li data-start=\"857\" data-end=\"901\">\n<p data-start=\"859\" data-end=\"901\">Spart Zeit und reduziert die K\u00e4lteexposition<\/p>\n<\/li>\n<\/ul>\n<p data-start=\"903\" data-end=\"980\" data-is-last-node=\"\" data-is-only-node=\"\"><strong data-start=\"903\" data-end=\"975\">Ein cleveres Winteraccessoire, das wirklich etwas bewirkt \u2013 gerade dann, wenn die K\u00e4lte am schlimmsten ist.<\/strong><\/p>","protected":false},"excerpt":{"rendered":"<p>Ta bort is \u2013 snabbt, enkelt och utan anstr\u00e4ngning G\u00f6r vintermorgnarna betydligt smidigare med en elektrisk isskrapa som tar bort isen \u00e5t dig. Till skillnad fr\u00e5n traditionella skrapor kr\u00e4ver den minimal fysisk anstr\u00e4ngning och klarar \u00e4ven tjocka islager utan problem. Den kraftfulla roterande skivan bryter effektivt upp isen, s\u00e5 du slipper k\u00e4mpa i kyla och [&hellip;]<\/p>","protected":false},"featured_media":25383,"comment_status":"open","ping_status":"closed","template":"","meta":{"_acf_changed":false,"_smort_price_nok":"742","_smort_price_dkk":"","_smort_price_eur":"","_smort_sale_price_nok":"","_smort_sale_price_dkk":"","_smort_sale_price_eur":"","smort_restorder":"","shipmondo_restorder":"","_kad_blocks_custom_css":"","_kad_blocks_head_custom_js":"","_kad_blocks_body_custom_js":"","_kad_blocks_footer_custom_js":"","smort_custom_pricelist_1":"444.8","smort_custom_pricelist_2":"389.2","smort_custom_pricelist_3":"361.4","smort_custom_pricelist_4":"556","smort_custom_pricelist_5":"389.2"},"anvandningsomrade":[],"bilmarken":[],"product_brand":[108],"product_cat":[377,378],"product_tag":[],"class_list":{"0":"post-25382","1":"product","2":"type-product","3":"status-publish","4":"has-post-thumbnail","6":"product_brand-osram","7":"product_cat-biltillbehor","8":"product_cat-bilvard","9":"pa_fuktskydd-varde-ipxx-ipx1","11":"first","12":"instock","13":"taxable","14":"shipping-taxable","15":"purchasable","16":"product-type-simple"},"bundled_by":[],"bundle_stock_status":"instock","bundle_stock_quantity":4,"bundle_virtual":false,"bundle_layout":"","bundle_add_to_cart_form_location":"","bundle_editable_in_cart":false,"bundle_sold_individually_context":"","bundle_item_grouping":"","bundle_min_size":"","bundle_max_size":"","bundle_price":[],"bundled_items":[],"bundle_sell_ids":[],"acf":[],"yoast_head":"<!-- This site is optimized with the Yoast SEO plugin v27.0 - https:\/\/yoast.com\/product\/yoast-seo-wordpress\/ -->\n<title>Osram ICEscraper 010 - Xenonkungen<\/title>\n<meta name=\"robots\" content=\"index, follow, max-snippet:-1, max-image-preview:large, max-video-preview:-1\" \/>\n<link rel=\"canonical\" href=\"https:\/\/xenonkungen.com\/de\/produkt\/osram-eiskratzer-010\/\" \/>\n<meta property=\"og:locale\" content=\"de_DE\" \/>\n<meta property=\"og:type\" content=\"article\" \/>\n<meta property=\"og:title\" content=\"Osram ICEscraper 010 - Xenonkungen\" \/>\n<meta property=\"og:description\" content=\"Ta bort is \u2013 snabbt, enkelt och utan anstr\u00e4ngning G\u00f6r vintermorgnarna betydligt smidigare med en elektrisk isskrapa som tar bort isen \u00e5t dig. Till skillnad fr\u00e5n traditionella skrapor kr\u00e4ver den minimal fysisk anstr\u00e4ngning och klarar \u00e4ven tjocka islager utan problem. Den kraftfulla roterande skivan bryter effektivt upp isen, s\u00e5 du slipper k\u00e4mpa i kyla och [&hellip;]\" \/>\n<meta property=\"og:url\" content=\"https:\/\/xenonkungen.com\/de\/produkt\/osram-eiskratzer-010\/\" \/>\n<meta property=\"og:site_name\" content=\"Xenonkungen\" \/>\n<meta property=\"article:modified_time\" content=\"2026-02-06T15:47:08+00:00\" \/>\n<meta property=\"og:image\" content=\"https:\/\/xenonkungen.com\/wp-content\/uploads\/2026\/01\/Small-for-web-and-ppt-OEIS010_STUDIO_017.jpg\" \/>\n\t<meta property=\"og:image:width\" content=\"1024\" \/>\n\t<meta property=\"og:image:height\" content=\"1024\" \/>\n\t<meta property=\"og:image:type\" content=\"image\/jpeg\" \/>\n<meta name=\"twitter:card\" content=\"summary_large_image\" \/>\n<meta name=\"twitter:label1\" content=\"Gesch\u00e4tzte Lesezeit\" \/>\n\t<meta name=\"twitter:data1\" content=\"1\u00a0Minute\" \/>\n<script type=\"application\/ld+json\" class=\"yoast-schema-graph\">{\"@context\":\"https:\/\/schema.org\",\"@graph\":[{\"@type\":\"WebPage\",\"@id\":\"https:\/\/xenonkungen.com\/produkt\/osram-icescraper-010\/\",\"url\":\"https:\/\/xenonkungen.com\/produkt\/osram-icescraper-010\/\",\"name\":\"Osram ICEscraper 010 - Xenonkungen\",\"isPartOf\":{\"@id\":\"https:\/\/xenonkungen.com\/#website\"},\"primaryImageOfPage\":{\"@id\":\"https:\/\/xenonkungen.com\/produkt\/osram-icescraper-010\/#primaryimage\"},\"image\":{\"@id\":\"https:\/\/xenonkungen.com\/produkt\/osram-icescraper-010\/#primaryimage\"},\"thumbnailUrl\":\"https:\/\/xenonkungen.com\/wp-content\/uploads\/2026\/01\/Small-for-web-and-ppt-OEIS010_STUDIO_017.jpg\",\"datePublished\":\"2026-01-28T10:23:15+00:00\",\"dateModified\":\"2026-02-06T15:47:08+00:00\",\"breadcrumb\":{\"@id\":\"https:\/\/xenonkungen.com\/produkt\/osram-icescraper-010\/#breadcrumb\"},\"inLanguage\":\"de\",\"potentialAction\":[{\"@type\":\"ReadAction\",\"target\":[\"https:\/\/xenonkungen.com\/produkt\/osram-icescraper-010\/\"]}]},{\"@type\":\"ImageObject\",\"inLanguage\":\"de\",\"@id\":\"https:\/\/xenonkungen.com\/produkt\/osram-icescraper-010\/#primaryimage\",\"url\":\"https:\/\/xenonkungen.com\/wp-content\/uploads\/2026\/01\/Small-for-web-and-ppt-OEIS010_STUDIO_017.jpg\",\"contentUrl\":\"https:\/\/xenonkungen.com\/wp-content\/uploads\/2026\/01\/Small-for-web-and-ppt-OEIS010_STUDIO_017.jpg\",\"width\":1024,\"height\":1024},{\"@type\":\"BreadcrumbList\",\"@id\":\"https:\/\/xenonkungen.com\/produkt\/osram-icescraper-010\/#breadcrumb\",\"itemListElement\":[{\"@type\":\"ListItem\",\"position\":1,\"name\":\"Hem\",\"item\":\"https:\/\/xenonkungen.com\/\"},{\"@type\":\"ListItem\",\"position\":2,\"name\":\"Shop\",\"item\":\"https:\/\/xenonkungen.com\/shop\/\"},{\"@type\":\"ListItem\",\"position\":3,\"name\":\"Osram ICEscraper 010\"}]},{\"@type\":\"WebSite\",\"@id\":\"https:\/\/xenonkungen.com\/#website\",\"url\":\"https:\/\/xenonkungen.com\/\",\"name\":\"Xenonkungen\",\"description\":\"\",\"potentialAction\":[{\"@type\":\"SearchAction\",\"target\":{\"@type\":\"EntryPoint\",\"urlTemplate\":\"https:\/\/xenonkungen.com\/?s={search_term_string}\"},\"query-input\":{\"@type\":\"PropertyValueSpecification\",\"valueRequired\":true,\"valueName\":\"search_term_string\"}}],\"inLanguage\":\"de\"}]}<\/script>\n<!-- \/ Yoast SEO plugin. -->","yoast_head_json":{"title":"Osram ICEscraper 010 \u2013 Der Xenon-K\u00f6nig","robots":{"index":"index","follow":"follow","max-snippet":"max-snippet:-1","max-image-preview":"max-image-preview:large","max-video-preview":"max-video-preview:-1"},"canonical":"https:\/\/xenonkungen.com\/de\/produkt\/osram-eiskratzer-010\/","og_locale":"de_DE","og_type":"article","og_title":"Osram ICEscraper 010 - Xenonkungen","og_description":"Ta bort is \u2013 snabbt, enkelt och utan anstr\u00e4ngning G\u00f6r vintermorgnarna betydligt smidigare med en elektrisk isskrapa som tar bort isen \u00e5t dig. Till skillnad fr\u00e5n traditionella skrapor kr\u00e4ver den minimal fysisk anstr\u00e4ngning och klarar \u00e4ven tjocka islager utan problem. Den kraftfulla roterande skivan bryter effektivt upp isen, s\u00e5 du slipper k\u00e4mpa i kyla och [&hellip;]","og_url":"https:\/\/xenonkungen.com\/de\/produkt\/osram-eiskratzer-010\/","og_site_name":"Xenonkungen","article_modified_time":"2026-02-06T15:47:08+00:00","og_image":[{"width":1024,"height":1024,"url":"https:\/\/xenonkungen.com\/wp-content\/uploads\/2026\/01\/Small-for-web-and-ppt-OEIS010_STUDIO_017.jpg","type":"image\/jpeg"}],"twitter_card":"summary_large_image","twitter_misc":{"Gesch\u00e4tzte Lesezeit":"1\u00a0Minute"},"schema":{"@context":"https:\/\/schema.org","@graph":[{"@type":"WebPage","@id":"https:\/\/xenonkungen.com\/produkt\/osram-icescraper-010\/","url":"https:\/\/xenonkungen.com\/produkt\/osram-icescraper-010\/","name":"Osram ICEscraper 010 \u2013 Der Xenon-K\u00f6nig","isPartOf":{"@id":"https:\/\/xenonkungen.com\/#website"},"primaryImageOfPage":{"@id":"https:\/\/xenonkungen.com\/produkt\/osram-icescraper-010\/#primaryimage"},"image":{"@id":"https:\/\/xenonkungen.com\/produkt\/osram-icescraper-010\/#primaryimage"},"thumbnailUrl":"https:\/\/xenonkungen.com\/wp-content\/uploads\/2026\/01\/Small-for-web-and-ppt-OEIS010_STUDIO_017.jpg","datePublished":"2026-01-28T10:23:15+00:00","dateModified":"2026-02-06T15:47:08+00:00","breadcrumb":{"@id":"https:\/\/xenonkungen.com\/produkt\/osram-icescraper-010\/#breadcrumb"},"inLanguage":"de","potentialAction":[{"@type":"ReadAction","target":["https:\/\/xenonkungen.com\/produkt\/osram-icescraper-010\/"]}]},{"@type":"ImageObject","inLanguage":"de","@id":"https:\/\/xenonkungen.com\/produkt\/osram-icescraper-010\/#primaryimage","url":"https:\/\/xenonkungen.com\/wp-content\/uploads\/2026\/01\/Small-for-web-and-ppt-OEIS010_STUDIO_017.jpg","contentUrl":"https:\/\/xenonkungen.com\/wp-content\/uploads\/2026\/01\/Small-for-web-and-ppt-OEIS010_STUDIO_017.jpg","width":1024,"height":1024},{"@type":"BreadcrumbList","@id":"https:\/\/xenonkungen.com\/produkt\/osram-icescraper-010\/#breadcrumb","itemListElement":[{"@type":"ListItem","position":1,"name":"Hem","item":"https:\/\/xenonkungen.com\/"},{"@type":"ListItem","position":2,"name":"Shop","item":"https:\/\/xenonkungen.com\/shop\/"},{"@type":"ListItem","position":3,"name":"Osram ICEscraper 010"}]},{"@type":"WebSite","@id":"https:\/\/xenonkungen.com\/#website","url":"https:\/\/xenonkungen.com\/","name":"Xenonkungen","description":"","potentialAction":[{"@type":"SearchAction","target":{"@type":"EntryPoint","urlTemplate":"https:\/\/xenonkungen.com\/?s={search_term_string}"},"query-input":{"@type":"PropertyValueSpecification","valueRequired":true,"valueName":"search_term_string"}}],"inLanguage":"de"}]}},"taxonomy_info":{"product_brand":[{"value":108,"label":"OSRAM"}],"product_cat":[{"value":377,"label":"Biltillbeh\u00f6r"},{"value":378,"label":"Bilv\u00e5rd"}],"pa_fuktskydd-varde-ipxx":[{"value":2867,"label":"IPX1"}]},"featured_image_src_large":["https:\/\/xenonkungen.com\/wp-content\/uploads\/2026\/01\/Small-for-web-and-ppt-OEIS010_STUDIO_017.jpg",1024,1024,false],"author_info":[],"comment_info":0,"_links":{"self":[{"href":"https:\/\/xenonkungen.com\/de\/wp-json\/wp\/v2\/product\/25382","targetHints":{"allow":["GET"]}}],"collection":[{"href":"https:\/\/xenonkungen.com\/de\/wp-json\/wp\/v2\/product"}],"about":[{"href":"https:\/\/xenonkungen.com\/de\/wp-json\/wp\/v2\/types\/product"}],"replies":[{"embeddable":true,"href":"https:\/\/xenonkungen.com\/de\/wp-json\/wp\/v2\/comments?post=25382"}],"wp:featuredmedia":[{"embeddable":true,"href":"https:\/\/xenonkungen.com\/de\/wp-json\/wp\/v2\/media\/25383"}],"wp:attachment":[{"href":"https:\/\/xenonkungen.com\/de\/wp-json\/wp\/v2\/media?parent=25382"}],"wp:term":[{"taxonomy":"anvandningsomrade","embeddable":true,"href":"https:\/\/xenonkungen.com\/de\/wp-json\/wp\/v2\/anvandningsomrade?post=25382"},{"taxonomy":"bilmarken","embeddable":true,"href":"https:\/\/xenonkungen.com\/de\/wp-json\/wp\/v2\/bilmarken?post=25382"},{"taxonomy":"product_brand","embeddable":true,"href":"https:\/\/xenonkungen.com\/de\/wp-json\/wp\/v2\/product_brand?post=25382"},{"taxonomy":"product_cat","embeddable":true,"href":"https:\/\/xenonkungen.com\/de\/wp-json\/wp\/v2\/product_cat?post=25382"},{"taxonomy":"product_tag","embeddable":true,"href":"https:\/\/xenonkungen.com\/de\/wp-json\/wp\/v2\/product_tag?post=25382"}],"curies":[{"name":"wp","href":"https:\/\/api.w.org\/{rel}","templated":true}]}}