{"id":25429,"date":"2026-01-28T14:10:51","date_gmt":"2026-01-28T13:10:51","guid":{"rendered":"https:\/\/xenonkungen.com\/?post_type=product&#038;p=25429"},"modified":"2026-04-24T17:49:36","modified_gmt":"2026-04-24T16:49:36","slug":"kennzeichenhalter-51-mm","status":"publish","type":"product","link":"https:\/\/xenonkungen.com\/de\/produkt\/kennzeichenhalter-51-mm\/","title":{"rendered":"Kennzeichenhalterung 51 mm"},"content":{"rendered":"<h3 data-start=\"61\" data-end=\"119\">Nachr\u00fcstbare Kennzeichenhalterung \u2013 51-mm-Rohr<\/h3>\n<p data-start=\"121\" data-end=\"406\">Praktisch und bequem <strong data-start=\"147\" data-end=\"197\">Nachr\u00fcsthalterung f\u00fcr Kennzeichen<\/strong>Ideal, wenn Sie zus\u00e4tzliche Leuchten in einem Frontbogen montieren und das Schild tiefer setzen m\u00fcssen. Die Halterung ist daf\u00fcr geeignet. <strong data-start=\"303\" data-end=\"316\">51-mm-Rohr<\/strong> und bietet eine stabile, sichere und stilvolle Installation, ohne das Erscheinungsbild des Fahrzeugs zu beeintr\u00e4chtigen.<\/p>\n<p data-start=\"408\" data-end=\"548\">Eine einfache L\u00f6sung, die die Installation sowohl <strong data-start=\"453\" data-end=\"481\">rechtliche und professionelle<\/strong>unabh\u00e4ngig davon, ob es sich um einen Pkw, einen Lieferwagen oder ein Nutzfahrzeug handelt.<\/p>\n<h4 data-start=\"550\" data-end=\"564\">Vorteile:<\/h4>\n<ul data-start=\"565\" data-end=\"772\">\n<li data-start=\"565\" data-end=\"606\">\n<p data-start=\"567\" data-end=\"606\">Geeignet f\u00fcr die Montage auf <strong data-start=\"593\" data-end=\"606\">51-mm-Rohr<\/strong><\/p>\n<\/li>\n<li data-start=\"607\" data-end=\"662\">\n<p data-start=\"609\" data-end=\"662\">Perfekt f\u00fcr die Installation <strong data-start=\"637\" data-end=\"662\">zus\u00e4tzliche Leuchten im vorderen Bogen<\/strong><\/p>\n<\/li>\n<li data-start=\"663\" data-end=\"696\">\n<p data-start=\"665\" data-end=\"696\">Stabile und langlebige Konstruktion<\/p>\n<\/li>\n<li data-start=\"697\" data-end=\"754\">\n<p data-start=\"699\" data-end=\"754\">Sorgt f\u00fcr eine korrekte und stilvolle Anbringung des Nummernschilds<\/p>\n<\/li>\n<li data-start=\"755\" data-end=\"772\">\n<p data-start=\"757\" data-end=\"772\">Einfache Montage<\/p>\n<\/li>\n<\/ul>\n<p data-start=\"774\" data-end=\"825\" data-is-last-node=\"\" data-is-only-node=\"\"><strong data-start=\"774\" data-end=\"825\" data-is-last-node=\"\">Lieferung paarweise<\/strong><\/p>","protected":false},"excerpt":{"rendered":"<p>Registreringsskyltf\u00e4ste f\u00f6r eftermontering \u2013 51 mm r\u00f6r Ett praktiskt och smidigt f\u00e4ste f\u00f6r eftermontering av registreringsskylt, perfekt n\u00e4r du monterar extraljus i en frontb\u00e5ge och beh\u00f6ver flytta ner skylten. F\u00e4stet \u00e4r anpassat f\u00f6r 51 mm r\u00f6r och ger en stabil, s\u00e4ker och snygg montering utan att kompromissa med fordonets utseende. En enkel l\u00f6sning som g\u00f6r [&hellip;]<\/p>","protected":false},"featured_media":25431,"comment_status":"open","ping_status":"closed","template":"","meta":{"_acf_changed":false,"_smort_price_nok":"315","_smort_price_dkk":"","_smort_price_eur":"","_smort_sale_price_nok":"","_smort_sale_price_dkk":"","_smort_sale_price_eur":"","smort_restorder":"","shipmondo_restorder":"","_kad_blocks_custom_css":"","_kad_blocks_head_custom_js":"","_kad_blocks_body_custom_js":"","_kad_blocks_footer_custom_js":"","smort_custom_pricelist_1":"188.8","smort_custom_pricelist_2":"188.8","smort_custom_pricelist_3":"188.8","smort_custom_pricelist_4":"236","smort_custom_pricelist_5":"188.8"},"anvandningsomrade":[],"bilmarken":[],"product_brand":[113],"product_cat":[2534,390],"product_tag":[],"class_list":{"0":"post-25429","1":"product","2":"type-product","3":"status-publish","4":"has-post-thumbnail","6":"product_brand-vool","7":"product_cat-extraljusfaste-extraljus","8":"product_cat-installation","10":"first","11":"onbackorder","12":"taxable","13":"shipping-taxable","14":"purchasable","15":"product-type-simple"},"bundled_by":[],"bundle_stock_status":"onbackorder","bundle_stock_quantity":0,"bundle_virtual":false,"bundle_layout":"","bundle_add_to_cart_form_location":"","bundle_editable_in_cart":false,"bundle_sold_individually_context":"","bundle_item_grouping":"","bundle_min_size":"","bundle_max_size":"","bundle_price":[],"bundled_items":[],"bundle_sell_ids":[],"acf":[],"yoast_head":"<!-- This site is optimized with the Yoast SEO plugin v27.0 - https:\/\/yoast.com\/product\/yoast-seo-wordpress\/ -->\n<title>F\u00e4ste f\u00f6r registreringsskylt 51mm - Xenonkungen<\/title>\n<meta name=\"robots\" content=\"index, follow, max-snippet:-1, max-image-preview:large, max-video-preview:-1\" \/>\n<link rel=\"canonical\" href=\"https:\/\/xenonkungen.com\/de\/produkt\/kennzeichenhalter-51-mm\/\" \/>\n<meta property=\"og:locale\" content=\"de_DE\" \/>\n<meta property=\"og:type\" content=\"article\" \/>\n<meta property=\"og:title\" content=\"F\u00e4ste f\u00f6r registreringsskylt 51mm - Xenonkungen\" \/>\n<meta property=\"og:description\" content=\"Registreringsskyltf\u00e4ste f\u00f6r eftermontering \u2013 51 mm r\u00f6r Ett praktiskt och smidigt f\u00e4ste f\u00f6r eftermontering av registreringsskylt, perfekt n\u00e4r du monterar extraljus i en frontb\u00e5ge och beh\u00f6ver flytta ner skylten. F\u00e4stet \u00e4r anpassat f\u00f6r 51 mm r\u00f6r och ger en stabil, s\u00e4ker och snygg montering utan att kompromissa med fordonets utseende. En enkel l\u00f6sning som g\u00f6r [&hellip;]\" \/>\n<meta property=\"og:url\" content=\"https:\/\/xenonkungen.com\/de\/produkt\/kennzeichenhalter-51-mm\/\" \/>\n<meta property=\"og:site_name\" content=\"Xenonkungen\" \/>\n<meta property=\"article:modified_time\" content=\"2026-04-24T16:49:36+00:00\" \/>\n<meta property=\"og:image\" content=\"https:\/\/xenonkungen.com\/wp-content\/uploads\/2026\/01\/199356487-origpic-c841e9.jpg\" \/>\n\t<meta property=\"og:image:width\" content=\"1000\" \/>\n\t<meta property=\"og:image:height\" content=\"800\" \/>\n\t<meta property=\"og:image:type\" content=\"image\/jpeg\" \/>\n<meta name=\"twitter:card\" content=\"summary_large_image\" \/>\n<meta name=\"twitter:label1\" content=\"Gesch\u00e4tzte Lesezeit\" \/>\n\t<meta name=\"twitter:data1\" content=\"1\u00a0Minute\" \/>\n<script type=\"application\/ld+json\" class=\"yoast-schema-graph\">{\"@context\":\"https:\/\/schema.org\",\"@graph\":[{\"@type\":\"WebPage\",\"@id\":\"https:\/\/xenonkungen.com\/produkt\/faste-for-registreringsskylt-51mm\/\",\"url\":\"https:\/\/xenonkungen.com\/produkt\/faste-for-registreringsskylt-51mm\/\",\"name\":\"F\u00e4ste f\u00f6r registreringsskylt 51mm - Xenonkungen\",\"isPartOf\":{\"@id\":\"https:\/\/xenonkungen.com\/#website\"},\"primaryImageOfPage\":{\"@id\":\"https:\/\/xenonkungen.com\/produkt\/faste-for-registreringsskylt-51mm\/#primaryimage\"},\"image\":{\"@id\":\"https:\/\/xenonkungen.com\/produkt\/faste-for-registreringsskylt-51mm\/#primaryimage\"},\"thumbnailUrl\":\"https:\/\/xenonkungen.com\/wp-content\/uploads\/2026\/01\/199356487-origpic-c841e9.jpg\",\"datePublished\":\"2026-01-28T13:10:51+00:00\",\"dateModified\":\"2026-04-24T16:49:36+00:00\",\"breadcrumb\":{\"@id\":\"https:\/\/xenonkungen.com\/produkt\/faste-for-registreringsskylt-51mm\/#breadcrumb\"},\"inLanguage\":\"de\",\"potentialAction\":[{\"@type\":\"ReadAction\",\"target\":[\"https:\/\/xenonkungen.com\/produkt\/faste-for-registreringsskylt-51mm\/\"]}]},{\"@type\":\"ImageObject\",\"inLanguage\":\"de\",\"@id\":\"https:\/\/xenonkungen.com\/produkt\/faste-for-registreringsskylt-51mm\/#primaryimage\",\"url\":\"https:\/\/xenonkungen.com\/wp-content\/uploads\/2026\/01\/199356487-origpic-c841e9.jpg\",\"contentUrl\":\"https:\/\/xenonkungen.com\/wp-content\/uploads\/2026\/01\/199356487-origpic-c841e9.jpg\",\"width\":1000,\"height\":800},{\"@type\":\"BreadcrumbList\",\"@id\":\"https:\/\/xenonkungen.com\/produkt\/faste-for-registreringsskylt-51mm\/#breadcrumb\",\"itemListElement\":[{\"@type\":\"ListItem\",\"position\":1,\"name\":\"Hem\",\"item\":\"https:\/\/xenonkungen.com\/\"},{\"@type\":\"ListItem\",\"position\":2,\"name\":\"Shop\",\"item\":\"https:\/\/xenonkungen.com\/shop\/\"},{\"@type\":\"ListItem\",\"position\":3,\"name\":\"F\u00e4ste f\u00f6r registreringsskylt 51mm\"}]},{\"@type\":\"WebSite\",\"@id\":\"https:\/\/xenonkungen.com\/#website\",\"url\":\"https:\/\/xenonkungen.com\/\",\"name\":\"Xenonkungen\",\"description\":\"\",\"potentialAction\":[{\"@type\":\"SearchAction\",\"target\":{\"@type\":\"EntryPoint\",\"urlTemplate\":\"https:\/\/xenonkungen.com\/?s={search_term_string}\"},\"query-input\":{\"@type\":\"PropertyValueSpecification\",\"valueRequired\":true,\"valueName\":\"search_term_string\"}}],\"inLanguage\":\"de\"}]}<\/script>\n<!-- \/ Yoast SEO plugin. -->","yoast_head_json":{"title":"Kennzeichenhalterung 51 mm - Xenonkungen","robots":{"index":"index","follow":"follow","max-snippet":"max-snippet:-1","max-image-preview":"max-image-preview:large","max-video-preview":"max-video-preview:-1"},"canonical":"https:\/\/xenonkungen.com\/de\/produkt\/kennzeichenhalter-51-mm\/","og_locale":"de_DE","og_type":"article","og_title":"F\u00e4ste f\u00f6r registreringsskylt 51mm - Xenonkungen","og_description":"Registreringsskyltf\u00e4ste f\u00f6r eftermontering \u2013 51 mm r\u00f6r Ett praktiskt och smidigt f\u00e4ste f\u00f6r eftermontering av registreringsskylt, perfekt n\u00e4r du monterar extraljus i en frontb\u00e5ge och beh\u00f6ver flytta ner skylten. F\u00e4stet \u00e4r anpassat f\u00f6r 51 mm r\u00f6r och ger en stabil, s\u00e4ker och snygg montering utan att kompromissa med fordonets utseende. En enkel l\u00f6sning som g\u00f6r [&hellip;]","og_url":"https:\/\/xenonkungen.com\/de\/produkt\/kennzeichenhalter-51-mm\/","og_site_name":"Xenonkungen","article_modified_time":"2026-04-24T16:49:36+00:00","og_image":[{"width":1000,"height":800,"url":"https:\/\/xenonkungen.com\/wp-content\/uploads\/2026\/01\/199356487-origpic-c841e9.jpg","type":"image\/jpeg"}],"twitter_card":"summary_large_image","twitter_misc":{"Gesch\u00e4tzte Lesezeit":"1\u00a0Minute"},"schema":{"@context":"https:\/\/schema.org","@graph":[{"@type":"WebPage","@id":"https:\/\/xenonkungen.com\/produkt\/faste-for-registreringsskylt-51mm\/","url":"https:\/\/xenonkungen.com\/produkt\/faste-for-registreringsskylt-51mm\/","name":"Kennzeichenhalterung 51 mm - Xenonkungen","isPartOf":{"@id":"https:\/\/xenonkungen.com\/#website"},"primaryImageOfPage":{"@id":"https:\/\/xenonkungen.com\/produkt\/faste-for-registreringsskylt-51mm\/#primaryimage"},"image":{"@id":"https:\/\/xenonkungen.com\/produkt\/faste-for-registreringsskylt-51mm\/#primaryimage"},"thumbnailUrl":"https:\/\/xenonkungen.com\/wp-content\/uploads\/2026\/01\/199356487-origpic-c841e9.jpg","datePublished":"2026-01-28T13:10:51+00:00","dateModified":"2026-04-24T16:49:36+00:00","breadcrumb":{"@id":"https:\/\/xenonkungen.com\/produkt\/faste-for-registreringsskylt-51mm\/#breadcrumb"},"inLanguage":"de","potentialAction":[{"@type":"ReadAction","target":["https:\/\/xenonkungen.com\/produkt\/faste-for-registreringsskylt-51mm\/"]}]},{"@type":"ImageObject","inLanguage":"de","@id":"https:\/\/xenonkungen.com\/produkt\/faste-for-registreringsskylt-51mm\/#primaryimage","url":"https:\/\/xenonkungen.com\/wp-content\/uploads\/2026\/01\/199356487-origpic-c841e9.jpg","contentUrl":"https:\/\/xenonkungen.com\/wp-content\/uploads\/2026\/01\/199356487-origpic-c841e9.jpg","width":1000,"height":800},{"@type":"BreadcrumbList","@id":"https:\/\/xenonkungen.com\/produkt\/faste-for-registreringsskylt-51mm\/#breadcrumb","itemListElement":[{"@type":"ListItem","position":1,"name":"Hem","item":"https:\/\/xenonkungen.com\/"},{"@type":"ListItem","position":2,"name":"Shop","item":"https:\/\/xenonkungen.com\/shop\/"},{"@type":"ListItem","position":3,"name":"F\u00e4ste f\u00f6r registreringsskylt 51mm"}]},{"@type":"WebSite","@id":"https:\/\/xenonkungen.com\/#website","url":"https:\/\/xenonkungen.com\/","name":"Xenonkungen","description":"","potentialAction":[{"@type":"SearchAction","target":{"@type":"EntryPoint","urlTemplate":"https:\/\/xenonkungen.com\/?s={search_term_string}"},"query-input":{"@type":"PropertyValueSpecification","valueRequired":true,"valueName":"search_term_string"}}],"inLanguage":"de"}]}},"taxonomy_info":{"product_brand":[{"value":113,"label":"Vool"}],"product_cat":[{"value":2534,"label":"F\u00e4ste till extraljus"},{"value":390,"label":"Installation"}]},"featured_image_src_large":["https:\/\/xenonkungen.com\/wp-content\/uploads\/2026\/01\/199356487-origpic-c841e9.jpg",1000,800,false],"author_info":[],"comment_info":0,"_links":{"self":[{"href":"https:\/\/xenonkungen.com\/de\/wp-json\/wp\/v2\/product\/25429","targetHints":{"allow":["GET"]}}],"collection":[{"href":"https:\/\/xenonkungen.com\/de\/wp-json\/wp\/v2\/product"}],"about":[{"href":"https:\/\/xenonkungen.com\/de\/wp-json\/wp\/v2\/types\/product"}],"replies":[{"embeddable":true,"href":"https:\/\/xenonkungen.com\/de\/wp-json\/wp\/v2\/comments?post=25429"}],"wp:featuredmedia":[{"embeddable":true,"href":"https:\/\/xenonkungen.com\/de\/wp-json\/wp\/v2\/media\/25431"}],"wp:attachment":[{"href":"https:\/\/xenonkungen.com\/de\/wp-json\/wp\/v2\/media?parent=25429"}],"wp:term":[{"taxonomy":"anvandningsomrade","embeddable":true,"href":"https:\/\/xenonkungen.com\/de\/wp-json\/wp\/v2\/anvandningsomrade?post=25429"},{"taxonomy":"bilmarken","embeddable":true,"href":"https:\/\/xenonkungen.com\/de\/wp-json\/wp\/v2\/bilmarken?post=25429"},{"taxonomy":"product_brand","embeddable":true,"href":"https:\/\/xenonkungen.com\/de\/wp-json\/wp\/v2\/product_brand?post=25429"},{"taxonomy":"product_cat","embeddable":true,"href":"https:\/\/xenonkungen.com\/de\/wp-json\/wp\/v2\/product_cat?post=25429"},{"taxonomy":"product_tag","embeddable":true,"href":"https:\/\/xenonkungen.com\/de\/wp-json\/wp\/v2\/product_tag?post=25429"}],"curies":[{"name":"wp","href":"https:\/\/api.w.org\/{rel}","templated":true}]}}