{"id":25437,"date":"2026-01-28T14:42:30","date_gmt":"2026-01-28T13:42:30","guid":{"rendered":"https:\/\/xenonkungen.com\/?post_type=product&#038;p=25437"},"modified":"2026-03-04T16:58:05","modified_gmt":"2026-03-04T15:58:05","slug":"kleinere-fronttasche-schwarz-vw-crafter-2017","status":"publish","type":"product","link":"https:\/\/xenonkungen.com\/de\/produkt\/kleinere-fronttasche-schwarz-vw-crafter-2017\/","title":{"rendered":"Kleinerer vorderer Radlauf [Schwarz] \u2013 VW Crafter 2017-"},"content":{"rendered":"<h2 data-start=\"76\" data-end=\"132\">Frontb\u00fcgel aus Edelstahl f\u00fcr LED-Lichtleiste \u2013 VW Crafter 2017\u2192<\/h2>\n<p data-start=\"134\" data-end=\"442\">Das <strong data-start=\"140\" data-end=\"169\">modellspezifischer Frontbogen<\/strong> ist speziell f\u00fcr <strong data-start=\"197\" data-end=\"239\">VW Crafter (Modelljahr 2017 und sp\u00e4ter)<\/strong> und gibt ein <strong data-start=\"251\" data-end=\"286\">stilvoll, robust und funktional<\/strong> L\u00f6sung zur Montage von LED-Lichtleisten. Hergestellt in <strong data-start=\"339\" data-end=\"357\">Edelstahl<\/strong> mit <strong data-start=\"362\" data-end=\"383\">60 mm Rohrdurchmesser<\/strong>Es vereint hohe Langlebigkeit mit einem exklusiven Erscheinungsbild.<\/p>\n<p data-start=\"444\" data-end=\"700\">Der vordere Bogen ist vorbereitet mit <strong data-start=\"472\" data-end=\"499\">fertige Schraubenl\u00f6cher (2 St\u00fcck)<\/strong> f\u00fcr eine einfache Installation <strong data-start=\"523\" data-end=\"560\">LED-Lichtleiste bis zu 770 mm breit<\/strong>Die Anordnung der Schraubenl\u00f6cher unter dem Rohr f\u00fchrt dazu, dass die Lichtleiste am Ende oben liegt. <strong data-start=\"626\" data-end=\"665\">ordentlich \u00fcber dem Nummernschild<\/strong>, ohne dass zus\u00e4tzliche Anpassungen erforderlich sind.<\/p>\n<h3 data-start=\"702\" data-end=\"715\">Vorteile:<\/h3>\n<ul data-start=\"716\" data-end=\"1022\">\n<li data-start=\"716\" data-end=\"759\">\n<p data-start=\"718\" data-end=\"759\">Modell angepasst f\u00fcr <strong data-start=\"737\" data-end=\"757\">VW Crafter 2017\u2013<\/strong><\/p>\n<\/li>\n<li data-start=\"760\" data-end=\"817\">\n<p data-start=\"762\" data-end=\"817\">Hergestellt in <strong data-start=\"775\" data-end=\"793\">Edelstahl<\/strong> f\u00fcr maximale Lebensdauer<\/p>\n<\/li>\n<li data-start=\"818\" data-end=\"879\">\n<p data-start=\"820\" data-end=\"879\"><strong data-start=\"820\" data-end=\"841\">60 mm Rohrdurchmesser<\/strong> \u2013 stabile und robuste Konstruktion<\/p>\n<\/li>\n<li data-start=\"880\" data-end=\"930\">\n<p data-start=\"882\" data-end=\"930\">Vorbereitet f\u00fcr <strong data-start=\"896\" data-end=\"928\">LED-Lichtleiste bis zu 770 mm<\/strong><\/p>\n<\/li>\n<li data-start=\"931\" data-end=\"992\">\n<p data-start=\"933\" data-end=\"992\">Stilvolle und praktische Platzierung \u00fcber dem Nummernschild<\/p>\n<\/li>\n<li data-start=\"993\" data-end=\"1022\">\n<p data-start=\"995\" data-end=\"1022\">Einfache und sichere Montage<\/p>\n<\/li>\n<\/ul>\n<h3 data-start=\"1024\" data-end=\"1056\">Wichtige Informationen zum Radar:<\/h3>\n<p data-start=\"1057\" data-end=\"1305\">Der vordere Bogen ist <strong data-start=\"1071\" data-end=\"1114\">angepasst f\u00fcr Fahrzeuge mit Radar an der Front<\/strong>Verf\u00fcgt Ihr Fahrzeug \u00fcber ein aktives Radar? <strong data-start=\"1152\" data-end=\"1218\">\u00dcber dem vorderen Bogen sind ein Kennzeichen oder zus\u00e4tzliche Leuchten angebracht.<\/strong> f\u00fcr die korrekte Funktion.<br data-start=\"1240\" data-end=\"1243\" \/><strong data-start=\"1243\" data-end=\"1305\">Zus\u00e4tzliche Leuchtenhalterungen zur Montage oberhalb des Bogens sind separat erh\u00e4ltlich.<\/strong><\/p>\n<p data-start=\"1307\" data-end=\"1443\" data-is-last-node=\"\" data-is-only-node=\"\"><strong data-start=\"1307\" data-end=\"1438\">Eine perfekte Frontb\u00fcgel f\u00fcr alle, die Design, Funktion und professionelle Lichtinstallation kombinieren m\u00f6chten \u2013 ma\u00dfgeschneidert f\u00fcr den VW Crafter.<\/strong><\/p>\n<p data-start=\"1307\" data-end=\"1443\" data-is-last-node=\"\" data-is-only-node=\"\"><img decoding=\"async\" src=\"https:\/\/cdn.abicart.com\/shop\/11788\/files\/Vool\/Custom_Item_Images\/klocka.jpg\" \/><strong>Ungef\u00e4hr 45 Minuten<\/strong><\/p>","protected":false},"excerpt":{"rendered":"<p>Rostfri frontb\u00e5ge f\u00f6r LED-ljusramp \u2013 VW Crafter 2017\u2192 Denna modellanpassade frontb\u00e5ge \u00e4r framtagen specifikt f\u00f6r VW Crafter (\u00e5rsmodell 2017 och fram\u00e5t) och ger en stilren, robust och funktionell l\u00f6sning f\u00f6r montering av LED-ljusramp. Tillverkad i rostfritt st\u00e5l med 60 mm r\u00f6rdiameter, kombinerar den h\u00f6g h\u00e5llbarhet med ett exklusivt utseende. Frontb\u00e5gen \u00e4r f\u00f6rberedd med f\u00e4rdiga skruvh\u00e5l [&hellip;]<\/p>","protected":false},"featured_media":25438,"comment_status":"open","ping_status":"closed","template":"","meta":{"_acf_changed":false,"_smort_price_nok":"7739","_smort_price_dkk":"","_smort_price_eur":"","_smort_sale_price_nok":"","_smort_sale_price_dkk":"","_smort_sale_price_eur":"","smort_restorder":"","shipmondo_restorder":"","_kad_blocks_custom_css":"","_kad_blocks_head_custom_js":"","_kad_blocks_body_custom_js":"","_kad_blocks_footer_custom_js":"","smort_custom_pricelist_1":"5796","smort_custom_pricelist_2":"5796","smort_custom_pricelist_3":"5506.2","smort_custom_pricelist_4":"5796","smort_custom_pricelist_5":"5796"},"anvandningsomrade":[],"bilmarken":[],"product_brand":[1653],"product_cat":[2461,2537,810,390],"product_tag":[],"class_list":{"0":"post-25437","1":"product","2":"type-product","3":"status-publish","4":"has-post-thumbnail","6":"product_brand-voolbar","7":"product_cat-fasten-installation","8":"product_cat-fasten-ledramper","9":"product_cat-fasten","10":"product_cat-installation","12":"first","13":"onbackorder","14":"taxable","15":"shipping-taxable","16":"purchasable","17":"product-type-simple"},"bundled_by":[],"bundle_stock_status":"onbackorder","bundle_stock_quantity":0,"bundle_virtual":false,"bundle_layout":"","bundle_add_to_cart_form_location":"","bundle_editable_in_cart":false,"bundle_sold_individually_context":"","bundle_item_grouping":"","bundle_min_size":"","bundle_max_size":"","bundle_price":[],"bundled_items":[],"bundle_sell_ids":[],"acf":[],"yoast_head":"<!-- This site is optimized with the Yoast SEO plugin v27.0 - https:\/\/yoast.com\/product\/yoast-seo-wordpress\/ -->\n<title>MINDRE frontb\u00e5ge [Svart] - VW Crafter 2017- Xenonkungen<\/title>\n<meta name=\"robots\" content=\"index, follow, max-snippet:-1, max-image-preview:large, max-video-preview:-1\" \/>\n<link rel=\"canonical\" href=\"https:\/\/xenonkungen.com\/de\/produkt\/kleinere-fronttasche-schwarz-vw-crafter-2017\/\" \/>\n<meta property=\"og:locale\" content=\"de_DE\" \/>\n<meta property=\"og:type\" content=\"article\" \/>\n<meta property=\"og:title\" content=\"MINDRE frontb\u00e5ge [Svart] - VW Crafter 2017- Xenonkungen\" \/>\n<meta property=\"og:description\" content=\"Rostfri frontb\u00e5ge f\u00f6r LED-ljusramp \u2013 VW Crafter 2017\u2192 Denna modellanpassade frontb\u00e5ge \u00e4r framtagen specifikt f\u00f6r VW Crafter (\u00e5rsmodell 2017 och fram\u00e5t) och ger en stilren, robust och funktionell l\u00f6sning f\u00f6r montering av LED-ljusramp. Tillverkad i rostfritt st\u00e5l med 60 mm r\u00f6rdiameter, kombinerar den h\u00f6g h\u00e5llbarhet med ett exklusivt utseende. Frontb\u00e5gen \u00e4r f\u00f6rberedd med f\u00e4rdiga skruvh\u00e5l [&hellip;]\" \/>\n<meta property=\"og:url\" content=\"https:\/\/xenonkungen.com\/de\/produkt\/kleinere-fronttasche-schwarz-vw-crafter-2017\/\" \/>\n<meta property=\"og:site_name\" content=\"Xenonkungen\" \/>\n<meta property=\"article:modified_time\" content=\"2026-03-04T15:58:05+00:00\" \/>\n<meta property=\"og:image\" content=\"https:\/\/xenonkungen.com\/wp-content\/uploads\/2026\/01\/199119005-origpic-73b25b.jpg\" \/>\n\t<meta property=\"og:image:width\" content=\"1000\" \/>\n\t<meta property=\"og:image:height\" content=\"800\" \/>\n\t<meta property=\"og:image:type\" content=\"image\/jpeg\" \/>\n<meta name=\"twitter:card\" content=\"summary_large_image\" \/>\n<meta name=\"twitter:label1\" content=\"Gesch\u00e4tzte Lesezeit\" \/>\n\t<meta name=\"twitter:data1\" content=\"2\u00a0Minuten\" \/>\n<script type=\"application\/ld+json\" class=\"yoast-schema-graph\">{\"@context\":\"https:\/\/schema.org\",\"@graph\":[{\"@type\":\"WebPage\",\"@id\":\"https:\/\/xenonkungen.com\/nl\/product\/kleinere-voortas-zwart-vw-crafter-2017\/\",\"url\":\"https:\/\/xenonkungen.com\/nl\/product\/kleinere-voortas-zwart-vw-crafter-2017\/\",\"name\":\"MINDRE frontb\u00e5ge [Svart] - VW Crafter 2017- Xenonkungen\",\"isPartOf\":{\"@id\":\"https:\/\/xenonkungen.com\/#website\"},\"primaryImageOfPage\":{\"@id\":\"https:\/\/xenonkungen.com\/nl\/product\/kleinere-voortas-zwart-vw-crafter-2017\/#primaryimage\"},\"image\":{\"@id\":\"https:\/\/xenonkungen.com\/nl\/product\/kleinere-voortas-zwart-vw-crafter-2017\/#primaryimage\"},\"thumbnailUrl\":\"https:\/\/xenonkungen.com\/wp-content\/uploads\/2026\/01\/199119005-origpic-73b25b.jpg\",\"datePublished\":\"2026-01-28T13:42:30+00:00\",\"dateModified\":\"2026-03-04T15:58:05+00:00\",\"breadcrumb\":{\"@id\":\"https:\/\/xenonkungen.com\/nl\/product\/kleinere-voortas-zwart-vw-crafter-2017\/#breadcrumb\"},\"inLanguage\":\"de\",\"potentialAction\":[{\"@type\":\"ReadAction\",\"target\":[\"https:\/\/xenonkungen.com\/nl\/product\/kleinere-voortas-zwart-vw-crafter-2017\/\"]}]},{\"@type\":\"ImageObject\",\"inLanguage\":\"de\",\"@id\":\"https:\/\/xenonkungen.com\/nl\/product\/kleinere-voortas-zwart-vw-crafter-2017\/#primaryimage\",\"url\":\"https:\/\/xenonkungen.com\/wp-content\/uploads\/2026\/01\/199119005-origpic-73b25b.jpg\",\"contentUrl\":\"https:\/\/xenonkungen.com\/wp-content\/uploads\/2026\/01\/199119005-origpic-73b25b.jpg\",\"width\":1000,\"height\":800},{\"@type\":\"BreadcrumbList\",\"@id\":\"https:\/\/xenonkungen.com\/nl\/product\/kleinere-voortas-zwart-vw-crafter-2017\/#breadcrumb\",\"itemListElement\":[{\"@type\":\"ListItem\",\"position\":1,\"name\":\"Hem\",\"item\":\"https:\/\/xenonkungen.com\/\"},{\"@type\":\"ListItem\",\"position\":2,\"name\":\"Shop\",\"item\":\"https:\/\/xenonkungen.com\/shop\/\"},{\"@type\":\"ListItem\",\"position\":3,\"name\":\"MINDRE frontb\u00e5ge [Svart] &#8211; VW Crafter 2017-\"}]},{\"@type\":\"WebSite\",\"@id\":\"https:\/\/xenonkungen.com\/#website\",\"url\":\"https:\/\/xenonkungen.com\/\",\"name\":\"Xenonkungen\",\"description\":\"\",\"potentialAction\":[{\"@type\":\"SearchAction\",\"target\":{\"@type\":\"EntryPoint\",\"urlTemplate\":\"https:\/\/xenonkungen.com\/?s={search_term_string}\"},\"query-input\":{\"@type\":\"PropertyValueSpecification\",\"valueRequired\":true,\"valueName\":\"search_term_string\"}}],\"inLanguage\":\"de\"}]}<\/script>\n<!-- \/ Yoast SEO plugin. -->","yoast_head_json":{"title":"Kleinerer vorderer Radlauf [Schwarz] - VW Crafter 2017 - Der Xenon-K\u00f6nig","robots":{"index":"index","follow":"follow","max-snippet":"max-snippet:-1","max-image-preview":"max-image-preview:large","max-video-preview":"max-video-preview:-1"},"canonical":"https:\/\/xenonkungen.com\/de\/produkt\/kleinere-fronttasche-schwarz-vw-crafter-2017\/","og_locale":"de_DE","og_type":"article","og_title":"MINDRE frontb\u00e5ge [Svart] - VW Crafter 2017- Xenonkungen","og_description":"Rostfri frontb\u00e5ge f\u00f6r LED-ljusramp \u2013 VW Crafter 2017\u2192 Denna modellanpassade frontb\u00e5ge \u00e4r framtagen specifikt f\u00f6r VW Crafter (\u00e5rsmodell 2017 och fram\u00e5t) och ger en stilren, robust och funktionell l\u00f6sning f\u00f6r montering av LED-ljusramp. Tillverkad i rostfritt st\u00e5l med 60 mm r\u00f6rdiameter, kombinerar den h\u00f6g h\u00e5llbarhet med ett exklusivt utseende. Frontb\u00e5gen \u00e4r f\u00f6rberedd med f\u00e4rdiga skruvh\u00e5l [&hellip;]","og_url":"https:\/\/xenonkungen.com\/de\/produkt\/kleinere-fronttasche-schwarz-vw-crafter-2017\/","og_site_name":"Xenonkungen","article_modified_time":"2026-03-04T15:58:05+00:00","og_image":[{"width":1000,"height":800,"url":"https:\/\/xenonkungen.com\/wp-content\/uploads\/2026\/01\/199119005-origpic-73b25b.jpg","type":"image\/jpeg"}],"twitter_card":"summary_large_image","twitter_misc":{"Gesch\u00e4tzte Lesezeit":"2\u00a0Minuten"},"schema":{"@context":"https:\/\/schema.org","@graph":[{"@type":"WebPage","@id":"https:\/\/xenonkungen.com\/nl\/product\/kleinere-voortas-zwart-vw-crafter-2017\/","url":"https:\/\/xenonkungen.com\/nl\/product\/kleinere-voortas-zwart-vw-crafter-2017\/","name":"Kleinerer vorderer Radlauf [Schwarz] - VW Crafter 2017 - Der Xenon-K\u00f6nig","isPartOf":{"@id":"https:\/\/xenonkungen.com\/#website"},"primaryImageOfPage":{"@id":"https:\/\/xenonkungen.com\/nl\/product\/kleinere-voortas-zwart-vw-crafter-2017\/#primaryimage"},"image":{"@id":"https:\/\/xenonkungen.com\/nl\/product\/kleinere-voortas-zwart-vw-crafter-2017\/#primaryimage"},"thumbnailUrl":"https:\/\/xenonkungen.com\/wp-content\/uploads\/2026\/01\/199119005-origpic-73b25b.jpg","datePublished":"2026-01-28T13:42:30+00:00","dateModified":"2026-03-04T15:58:05+00:00","breadcrumb":{"@id":"https:\/\/xenonkungen.com\/nl\/product\/kleinere-voortas-zwart-vw-crafter-2017\/#breadcrumb"},"inLanguage":"de","potentialAction":[{"@type":"ReadAction","target":["https:\/\/xenonkungen.com\/nl\/product\/kleinere-voortas-zwart-vw-crafter-2017\/"]}]},{"@type":"ImageObject","inLanguage":"de","@id":"https:\/\/xenonkungen.com\/nl\/product\/kleinere-voortas-zwart-vw-crafter-2017\/#primaryimage","url":"https:\/\/xenonkungen.com\/wp-content\/uploads\/2026\/01\/199119005-origpic-73b25b.jpg","contentUrl":"https:\/\/xenonkungen.com\/wp-content\/uploads\/2026\/01\/199119005-origpic-73b25b.jpg","width":1000,"height":800},{"@type":"BreadcrumbList","@id":"https:\/\/xenonkungen.com\/nl\/product\/kleinere-voortas-zwart-vw-crafter-2017\/#breadcrumb","itemListElement":[{"@type":"ListItem","position":1,"name":"Hem","item":"https:\/\/xenonkungen.com\/"},{"@type":"ListItem","position":2,"name":"Shop","item":"https:\/\/xenonkungen.com\/shop\/"},{"@type":"ListItem","position":3,"name":"MINDRE frontb\u00e5ge [Svart] &#8211; VW Crafter 2017-"}]},{"@type":"WebSite","@id":"https:\/\/xenonkungen.com\/#website","url":"https:\/\/xenonkungen.com\/","name":"Xenonkungen","description":"","potentialAction":[{"@type":"SearchAction","target":{"@type":"EntryPoint","urlTemplate":"https:\/\/xenonkungen.com\/?s={search_term_string}"},"query-input":{"@type":"PropertyValueSpecification","valueRequired":true,"valueName":"search_term_string"}}],"inLanguage":"de"}]}},"taxonomy_info":{"product_brand":[{"value":1653,"label":"Voolbar"}],"product_cat":[{"value":2461,"label":"F\u00e4sten"},{"value":2537,"label":"F\u00e4sten"},{"value":810,"label":"F\u00e4sten"},{"value":390,"label":"Installation"}]},"featured_image_src_large":["https:\/\/xenonkungen.com\/wp-content\/uploads\/2026\/01\/199119005-origpic-73b25b.jpg",1000,800,false],"author_info":[],"comment_info":0,"_links":{"self":[{"href":"https:\/\/xenonkungen.com\/de\/wp-json\/wp\/v2\/product\/25437","targetHints":{"allow":["GET"]}}],"collection":[{"href":"https:\/\/xenonkungen.com\/de\/wp-json\/wp\/v2\/product"}],"about":[{"href":"https:\/\/xenonkungen.com\/de\/wp-json\/wp\/v2\/types\/product"}],"replies":[{"embeddable":true,"href":"https:\/\/xenonkungen.com\/de\/wp-json\/wp\/v2\/comments?post=25437"}],"wp:featuredmedia":[{"embeddable":true,"href":"https:\/\/xenonkungen.com\/de\/wp-json\/wp\/v2\/media\/25438"}],"wp:attachment":[{"href":"https:\/\/xenonkungen.com\/de\/wp-json\/wp\/v2\/media?parent=25437"}],"wp:term":[{"taxonomy":"anvandningsomrade","embeddable":true,"href":"https:\/\/xenonkungen.com\/de\/wp-json\/wp\/v2\/anvandningsomrade?post=25437"},{"taxonomy":"bilmarken","embeddable":true,"href":"https:\/\/xenonkungen.com\/de\/wp-json\/wp\/v2\/bilmarken?post=25437"},{"taxonomy":"product_brand","embeddable":true,"href":"https:\/\/xenonkungen.com\/de\/wp-json\/wp\/v2\/product_brand?post=25437"},{"taxonomy":"product_cat","embeddable":true,"href":"https:\/\/xenonkungen.com\/de\/wp-json\/wp\/v2\/product_cat?post=25437"},{"taxonomy":"product_tag","embeddable":true,"href":"https:\/\/xenonkungen.com\/de\/wp-json\/wp\/v2\/product_tag?post=25437"}],"curies":[{"name":"wp","href":"https:\/\/api.w.org\/{rel}","templated":true}]}}