{"id":2550,"date":"2025-04-15T08:39:08","date_gmt":"2025-04-15T08:39:08","guid":{"rendered":"https:\/\/xenonkungen.com\/product\/lamphallare-hyundai-hd43\/"},"modified":"2026-04-24T16:34:42","modified_gmt":"2026-04-24T15:34:42","slug":"lampenfassung-hyundai-hd43","status":"publish","type":"product","link":"https:\/\/xenonkungen.com\/de\/produkt\/lampenfassung-hyundai-hd43\/","title":{"rendered":"Lampenfassung Hyundai HD43"},"content":{"rendered":"<p>Lampenfassung f\u00fcr H7-Xenonlampen beim Umbau von Hyundai Elantra Modelljahr 2012-.<\/p>\n<p>Passt die Lampe wahrscheinlich auch in ein anderes Hyundai- oder Kia-Modell? Vergleichen Sie die Lampenfassung in Ihrem Auto mit dem Bild, um sicherzustellen, dass das Design \u00fcbereinstimmt.<\/p>\n<p>Preis pro Paar.<\/p>","protected":false},"excerpt":{"rendered":"<p>Lampenfassung f\u00fcr H7-Xenonlampen beim Umbau eines Hyundai Elantra (ab Baujahr 2012). Passt vermutlich auch f\u00fcr andere Hyundai- oder Kia-Modelle. Vergleichen Sie die Lampenfassung in Ihrem Fahrzeug mit der Abbildung, um die Kompatibilit\u00e4t zu pr\u00fcfen. Preis pro Paar.<\/p>","protected":false},"featured_media":2551,"comment_status":"closed","ping_status":"open","template":"","meta":{"_acf_changed":false,"_smort_price_nok":"101","_smort_price_dkk":"64","_smort_price_eur":"8.64","_smort_sale_price_nok":"","_smort_sale_price_dkk":"","_smort_sale_price_eur":"","smort_restorder":"","shipmondo_restorder":"","_kad_blocks_custom_css":"","_kad_blocks_head_custom_js":"","_kad_blocks_body_custom_js":"","_kad_blocks_footer_custom_js":"","smort_custom_pricelist_1":"60.8","smort_custom_pricelist_2":"53.2","smort_custom_pricelist_3":"50.54","smort_custom_pricelist_4":"76","smort_custom_pricelist_5":"53.2"},"anvandningsomrade":[],"bilmarken":[],"product_brand":[],"product_cat":[2494,2485],"product_tag":[],"class_list":{"0":"post-2550","1":"product","2":"type-product","3":"status-publish","4":"has-post-thumbnail","6":"product_cat-lamphallare-xenonkonventering","7":"product_cat-xenonkonventering","8":"pa_lampsockel-kontakt-h7","10":"first","11":"instock","12":"taxable","13":"shipping-taxable","14":"purchasable","15":"product-type-simple"},"bundled_by":[],"bundle_stock_status":"instock","bundle_stock_quantity":22,"bundle_virtual":false,"bundle_layout":"","bundle_add_to_cart_form_location":"","bundle_editable_in_cart":false,"bundle_sold_individually_context":"","bundle_item_grouping":"","bundle_min_size":"","bundle_max_size":"","bundle_price":[],"bundled_items":[],"bundle_sell_ids":[],"acf":[],"yoast_head":"<!-- This site is optimized with the Yoast SEO plugin v27.0 - https:\/\/yoast.com\/product\/yoast-seo-wordpress\/ -->\n<title>Lamph\u00e5llare Hyundai HD43 - Xenonkungen<\/title>\n<meta name=\"robots\" content=\"index, follow, max-snippet:-1, max-image-preview:large, max-video-preview:-1\" \/>\n<link rel=\"canonical\" href=\"https:\/\/xenonkungen.com\/de\/produkt\/lampenfassung-hyundai-hd43\/\" \/>\n<meta property=\"og:locale\" content=\"de_DE\" \/>\n<meta property=\"og:type\" content=\"article\" \/>\n<meta property=\"og:title\" content=\"Lamph\u00e5llare Hyundai HD43 - Xenonkungen\" \/>\n<meta property=\"og:description\" content=\"Lamph\u00e5llare f\u00f6r H7 xenonlampor vid konvertering av Hyundai Elantra \u00e5rsmodell 2012-. Passar sannolikt \u00e4ven n\u00e5gon annan modell av m\u00e4rke Hyundai eller Kia? J\u00e4mf\u00f6r lamph\u00e5llaren i din bil med bild f\u00f6r \u00f6verensst\u00e4mmelse av utf\u00f6rande. Pris per par.\" \/>\n<meta property=\"og:url\" content=\"https:\/\/xenonkungen.com\/de\/produkt\/lampenfassung-hyundai-hd43\/\" \/>\n<meta property=\"og:site_name\" content=\"Xenonkungen\" \/>\n<meta property=\"article:modified_time\" content=\"2026-04-24T15:34:42+00:00\" \/>\n<meta property=\"og:image\" content=\"https:\/\/xenonkungen.com\/wp-content\/uploads\/2025\/04\/14140824-origpic-d584a4.jpg\" \/>\n\t<meta property=\"og:image:width\" content=\"600\" \/>\n\t<meta property=\"og:image:height\" content=\"600\" \/>\n\t<meta property=\"og:image:type\" content=\"image\/jpeg\" \/>\n<meta name=\"twitter:card\" content=\"summary_large_image\" \/>\n<script type=\"application\/ld+json\" class=\"yoast-schema-graph\">{\"@context\":\"https:\/\/schema.org\",\"@graph\":[{\"@type\":\"WebPage\",\"@id\":\"https:\/\/xenonkungen.com\/de\/produkt\/lampenfassung-hyundai-hd43\/\",\"url\":\"https:\/\/xenonkungen.com\/de\/produkt\/lampenfassung-hyundai-hd43\/\",\"name\":\"Lamph\u00e5llare Hyundai HD43 - Xenonkungen\",\"isPartOf\":{\"@id\":\"https:\/\/xenonkungen.com\/#website\"},\"primaryImageOfPage\":{\"@id\":\"https:\/\/xenonkungen.com\/de\/produkt\/lampenfassung-hyundai-hd43\/#primaryimage\"},\"image\":{\"@id\":\"https:\/\/xenonkungen.com\/de\/produkt\/lampenfassung-hyundai-hd43\/#primaryimage\"},\"thumbnailUrl\":\"https:\/\/xenonkungen.com\/wp-content\/uploads\/2025\/04\/14140824-origpic-d584a4.jpg\",\"datePublished\":\"2025-04-15T08:39:08+00:00\",\"dateModified\":\"2026-04-24T15:34:42+00:00\",\"breadcrumb\":{\"@id\":\"https:\/\/xenonkungen.com\/de\/produkt\/lampenfassung-hyundai-hd43\/#breadcrumb\"},\"inLanguage\":\"de\",\"potentialAction\":[{\"@type\":\"ReadAction\",\"target\":[\"https:\/\/xenonkungen.com\/de\/produkt\/lampenfassung-hyundai-hd43\/\"]}]},{\"@type\":\"ImageObject\",\"inLanguage\":\"de\",\"@id\":\"https:\/\/xenonkungen.com\/de\/produkt\/lampenfassung-hyundai-hd43\/#primaryimage\",\"url\":\"https:\/\/xenonkungen.com\/wp-content\/uploads\/2025\/04\/14140824-origpic-d584a4.jpg\",\"contentUrl\":\"https:\/\/xenonkungen.com\/wp-content\/uploads\/2025\/04\/14140824-origpic-d584a4.jpg\",\"width\":600,\"height\":600},{\"@type\":\"BreadcrumbList\",\"@id\":\"https:\/\/xenonkungen.com\/de\/produkt\/lampenfassung-hyundai-hd43\/#breadcrumb\",\"itemListElement\":[{\"@type\":\"ListItem\",\"position\":1,\"name\":\"Hem\",\"item\":\"https:\/\/xenonkungen.com\/\"},{\"@type\":\"ListItem\",\"position\":2,\"name\":\"Shop\",\"item\":\"https:\/\/xenonkungen.com\/shop\/\"},{\"@type\":\"ListItem\",\"position\":3,\"name\":\"Lamph\u00e5llare Hyundai HD43\"}]},{\"@type\":\"WebSite\",\"@id\":\"https:\/\/xenonkungen.com\/#website\",\"url\":\"https:\/\/xenonkungen.com\/\",\"name\":\"Xenonkungen\",\"description\":\"\",\"potentialAction\":[{\"@type\":\"SearchAction\",\"target\":{\"@type\":\"EntryPoint\",\"urlTemplate\":\"https:\/\/xenonkungen.com\/?s={search_term_string}\"},\"query-input\":{\"@type\":\"PropertyValueSpecification\",\"valueRequired\":true,\"valueName\":\"search_term_string\"}}],\"inLanguage\":\"de\"}]}<\/script>\n<!-- \/ Yoast SEO plugin. -->","yoast_head_json":{"title":"Lampenfassung Hyundai HD43 - Xenon King","robots":{"index":"index","follow":"follow","max-snippet":"max-snippet:-1","max-image-preview":"max-image-preview:large","max-video-preview":"max-video-preview:-1"},"canonical":"https:\/\/xenonkungen.com\/de\/produkt\/lampenfassung-hyundai-hd43\/","og_locale":"de_DE","og_type":"article","og_title":"Lamph\u00e5llare Hyundai HD43 - Xenonkungen","og_description":"Lamph\u00e5llare f\u00f6r H7 xenonlampor vid konvertering av Hyundai Elantra \u00e5rsmodell 2012-. Passar sannolikt \u00e4ven n\u00e5gon annan modell av m\u00e4rke Hyundai eller Kia? J\u00e4mf\u00f6r lamph\u00e5llaren i din bil med bild f\u00f6r \u00f6verensst\u00e4mmelse av utf\u00f6rande. Pris per par.","og_url":"https:\/\/xenonkungen.com\/de\/produkt\/lampenfassung-hyundai-hd43\/","og_site_name":"Xenonkungen","article_modified_time":"2026-04-24T15:34:42+00:00","og_image":[{"width":600,"height":600,"url":"https:\/\/xenonkungen.com\/wp-content\/uploads\/2025\/04\/14140824-origpic-d584a4.jpg","type":"image\/jpeg"}],"twitter_card":"summary_large_image","schema":{"@context":"https:\/\/schema.org","@graph":[{"@type":"WebPage","@id":"https:\/\/xenonkungen.com\/de\/produkt\/lampenfassung-hyundai-hd43\/","url":"https:\/\/xenonkungen.com\/de\/produkt\/lampenfassung-hyundai-hd43\/","name":"Lampenfassung Hyundai HD43 - Xenon King","isPartOf":{"@id":"https:\/\/xenonkungen.com\/#website"},"primaryImageOfPage":{"@id":"https:\/\/xenonkungen.com\/de\/produkt\/lampenfassung-hyundai-hd43\/#primaryimage"},"image":{"@id":"https:\/\/xenonkungen.com\/de\/produkt\/lampenfassung-hyundai-hd43\/#primaryimage"},"thumbnailUrl":"https:\/\/xenonkungen.com\/wp-content\/uploads\/2025\/04\/14140824-origpic-d584a4.jpg","datePublished":"2025-04-15T08:39:08+00:00","dateModified":"2026-04-24T15:34:42+00:00","breadcrumb":{"@id":"https:\/\/xenonkungen.com\/de\/produkt\/lampenfassung-hyundai-hd43\/#breadcrumb"},"inLanguage":"de","potentialAction":[{"@type":"ReadAction","target":["https:\/\/xenonkungen.com\/de\/produkt\/lampenfassung-hyundai-hd43\/"]}]},{"@type":"ImageObject","inLanguage":"de","@id":"https:\/\/xenonkungen.com\/de\/produkt\/lampenfassung-hyundai-hd43\/#primaryimage","url":"https:\/\/xenonkungen.com\/wp-content\/uploads\/2025\/04\/14140824-origpic-d584a4.jpg","contentUrl":"https:\/\/xenonkungen.com\/wp-content\/uploads\/2025\/04\/14140824-origpic-d584a4.jpg","width":600,"height":600},{"@type":"BreadcrumbList","@id":"https:\/\/xenonkungen.com\/de\/produkt\/lampenfassung-hyundai-hd43\/#breadcrumb","itemListElement":[{"@type":"ListItem","position":1,"name":"Hem","item":"https:\/\/xenonkungen.com\/"},{"@type":"ListItem","position":2,"name":"Shop","item":"https:\/\/xenonkungen.com\/shop\/"},{"@type":"ListItem","position":3,"name":"Lamph\u00e5llare Hyundai HD43"}]},{"@type":"WebSite","@id":"https:\/\/xenonkungen.com\/#website","url":"https:\/\/xenonkungen.com\/","name":"Xenonkungen","description":"","potentialAction":[{"@type":"SearchAction","target":{"@type":"EntryPoint","urlTemplate":"https:\/\/xenonkungen.com\/?s={search_term_string}"},"query-input":{"@type":"PropertyValueSpecification","valueRequired":true,"valueName":"search_term_string"}}],"inLanguage":"de"}]}},"taxonomy_info":{"product_cat":[{"value":2494,"label":"Lamph\u00e5llare"},{"value":2485,"label":"Xenonkonvertering"}],"pa_lampsockel-kontakt":[{"value":206,"label":"H7"}]},"featured_image_src_large":["https:\/\/xenonkungen.com\/wp-content\/uploads\/2025\/04\/14140824-origpic-d584a4.jpg",600,600,false],"author_info":[],"comment_info":0,"_links":{"self":[{"href":"https:\/\/xenonkungen.com\/de\/wp-json\/wp\/v2\/product\/2550","targetHints":{"allow":["GET"]}}],"collection":[{"href":"https:\/\/xenonkungen.com\/de\/wp-json\/wp\/v2\/product"}],"about":[{"href":"https:\/\/xenonkungen.com\/de\/wp-json\/wp\/v2\/types\/product"}],"replies":[{"embeddable":true,"href":"https:\/\/xenonkungen.com\/de\/wp-json\/wp\/v2\/comments?post=2550"}],"wp:featuredmedia":[{"embeddable":true,"href":"https:\/\/xenonkungen.com\/de\/wp-json\/wp\/v2\/media\/2551"}],"wp:attachment":[{"href":"https:\/\/xenonkungen.com\/de\/wp-json\/wp\/v2\/media?parent=2550"}],"wp:term":[{"taxonomy":"anvandningsomrade","embeddable":true,"href":"https:\/\/xenonkungen.com\/de\/wp-json\/wp\/v2\/anvandningsomrade?post=2550"},{"taxonomy":"bilmarken","embeddable":true,"href":"https:\/\/xenonkungen.com\/de\/wp-json\/wp\/v2\/bilmarken?post=2550"},{"taxonomy":"product_brand","embeddable":true,"href":"https:\/\/xenonkungen.com\/de\/wp-json\/wp\/v2\/product_brand?post=2550"},{"taxonomy":"product_cat","embeddable":true,"href":"https:\/\/xenonkungen.com\/de\/wp-json\/wp\/v2\/product_cat?post=2550"},{"taxonomy":"product_tag","embeddable":true,"href":"https:\/\/xenonkungen.com\/de\/wp-json\/wp\/v2\/product_tag?post=2550"}],"curies":[{"name":"wp","href":"https:\/\/api.w.org\/{rel}","templated":true}]}}