{"id":25623,"date":"2026-01-30T15:38:14","date_gmt":"2026-01-30T14:38:14","guid":{"rendered":"https:\/\/xenonkungen.com\/?post_type=product&#038;p=25623"},"modified":"2026-03-04T16:36:54","modified_gmt":"2026-03-04T15:36:54","slug":"osram-schneepinsel-010","status":"publish","type":"product","link":"https:\/\/xenonkungen.com\/de\/produkt\/osram-schneepinsel-010\/","title":{"rendered":"OSRAM SCHNEEB\u00dcRSTE 010"},"content":{"rendered":"<h3 data-start=\"121\" data-end=\"177\">Ein intelligenteres Winterwerkzeug \u2013 vier Funktionen in einem<\/h3>\n<p data-start=\"179\" data-end=\"484\"><strong data-start=\"179\" data-end=\"239\"><span class=\"hover:entity-accent entity-underline inline cursor-pointer align-baseline\"><span class=\"whitespace-normal\">OSRAM<\/span><\/span> 4-in-1 Winterwerkzeug<\/strong> ist die ultimative L\u00f6sung f\u00fcr die schnelle und effiziente Schnee- und Eisbeseitigung im Winter. Mit <strong data-start=\"327\" data-end=\"393\">Schneeb\u00fcrste, Eiskratzer, Schaufel und Fensterreiniger in einem einzigen System<\/strong> Sind Sie f\u00fcr alle winterlichen Bedingungen ger\u00fcstet \u2013 egal ob das Auto mit frischem Schnee oder hartem Eis bedeckt ist?<\/p>\n<p data-start=\"486\" data-end=\"777\">Der <strong data-start=\"490\" data-end=\"530\">leichter, teleskopierbarer Aluminiumgriff<\/strong> Bietet zus\u00e4tzliche Reichweite, sodass Sie Windschutzscheiben, D\u00e4cher und schwer zug\u00e4ngliche Bereiche problemlos erreichen k\u00f6nnen, ohne sich unn\u00f6tig strecken oder verrenken zu m\u00fcssen. <strong data-start=\"668\" data-end=\"707\">ergonomischer und rutschfester Griff<\/strong> bietet einen stabilen Halt und hohen Tragekomfort, auch bei Verwendung von Handschuhen.<\/p>\n<p data-start=\"779\" data-end=\"1144\">Der <strong data-start=\"782\" data-end=\"812\">dichte und effektive Borsten<\/strong> Bewegt schwere Schneemengen mit weniger Schl\u00e4gen, w\u00e4hrend es <strong data-start=\"861\" data-end=\"911\">Verst\u00e4rkter Eisschaber mit integrierten Eisbrechern<\/strong> Schneidet durch hartn\u00e4ckiges Eis, ohne das Glas zu besch\u00e4digen. Die Werkzeugk\u00f6pfe lassen sich f\u00fcr maximale Flexibilit\u00e4t schnell austauschen, und das gesamte Werkzeug kann in verschiedene Teile zerlegt werden. <strong data-start=\"1054\" data-end=\"1076\">f\u00fcnf kompakte Teile<\/strong> \u2013 perfekt zur bequemen Aufbewahrung im Kofferraum oder Handschuhfach.<\/p>\n<p data-start=\"1146\" data-end=\"1374\">Gebaut f\u00fcr die Ewigkeit <strong data-start=\"1166\" data-end=\"1192\">harte nordische Winter<\/strong>aber gleichzeitig flexibel genug f\u00fcr den t\u00e4glichen Gebrauch. Ein Werkzeug, das <strong data-start=\"1259\" data-end=\"1290\">spart Zeit an kalten Morgen<\/strong>, reduziert den Aufwand und hilft, die Scheiben Ihres Autos w\u00e4hrend der gesamten Wintersaison zu sch\u00fctzen.<\/p>\n<p data-start=\"1376\" data-end=\"1447\" data-is-last-node=\"\" data-is-only-node=\"\">Ein unverzichtbares Zubeh\u00f6r in jedem Auto im Winter \u2013 intelligent, robust und immer einsatzbereit.<\/p>","protected":false},"excerpt":{"rendered":"<p>Ett smartare vinterverktyg \u2013 fyra funktioner i ett OSRAM 4-in-1 Winter Tool \u00e4r den ultimata l\u00f6sningen f\u00f6r snabb och effektiv sn\u00f6- och isr\u00f6jning under vintern. Med sn\u00f6borste, isskrapa, skyffel och f\u00f6nsterputs i ett enda system \u00e4r du redo f\u00f6r alla vinterf\u00f6rh\u00e5llanden \u2013 oavsett om bilen \u00e4r t\u00e4ckt av nysn\u00f6 eller h\u00e5rd is. Det l\u00e4tta, teleskopiska [&hellip;]<\/p>","protected":false},"featured_media":25638,"comment_status":"open","ping_status":"closed","template":"","meta":{"_acf_changed":false,"_smort_price_nok":"422","_smort_price_dkk":"","_smort_price_eur":"","_smort_sale_price_nok":"","_smort_sale_price_dkk":"","_smort_sale_price_eur":"","smort_restorder":"","shipmondo_restorder":"","_kad_blocks_custom_css":"","_kad_blocks_head_custom_js":"","_kad_blocks_body_custom_js":"","_kad_blocks_footer_custom_js":"","smort_custom_pricelist_1":"252.8","smort_custom_pricelist_2":"221.2","smort_custom_pricelist_3":"205.4","smort_custom_pricelist_4":"316","smort_custom_pricelist_5":"221.2"},"anvandningsomrade":[],"bilmarken":[],"product_brand":[108],"product_cat":[377],"product_tag":[],"class_list":{"0":"post-25623","1":"product","2":"type-product","3":"status-publish","4":"has-post-thumbnail","6":"product_brand-osram","7":"product_cat-biltillbehor","8":"pa_storlek-mm-2876","10":"first","11":"instock","12":"taxable","13":"shipping-taxable","14":"purchasable","15":"product-type-simple"},"bundled_by":[],"bundle_stock_status":"instock","bundle_stock_quantity":2,"bundle_virtual":false,"bundle_layout":"","bundle_add_to_cart_form_location":"","bundle_editable_in_cart":false,"bundle_sold_individually_context":"","bundle_item_grouping":"","bundle_min_size":"","bundle_max_size":"","bundle_price":[],"bundled_items":[],"bundle_sell_ids":[],"acf":[],"yoast_head":"<!-- This site is optimized with the Yoast SEO plugin v27.0 - https:\/\/yoast.com\/product\/yoast-seo-wordpress\/ -->\n<title>OSRAM SNOW BRUSH 010 - Xenonkungen<\/title>\n<meta name=\"robots\" content=\"index, follow, max-snippet:-1, max-image-preview:large, max-video-preview:-1\" \/>\n<link rel=\"canonical\" href=\"https:\/\/xenonkungen.com\/de\/produkt\/osram-schneepinsel-010\/\" \/>\n<meta property=\"og:locale\" content=\"de_DE\" \/>\n<meta property=\"og:type\" content=\"article\" \/>\n<meta property=\"og:title\" content=\"OSRAM SNOW BRUSH 010 - Xenonkungen\" \/>\n<meta property=\"og:description\" content=\"Ett smartare vinterverktyg \u2013 fyra funktioner i ett OSRAM 4-in-1 Winter Tool \u00e4r den ultimata l\u00f6sningen f\u00f6r snabb och effektiv sn\u00f6- och isr\u00f6jning under vintern. Med sn\u00f6borste, isskrapa, skyffel och f\u00f6nsterputs i ett enda system \u00e4r du redo f\u00f6r alla vinterf\u00f6rh\u00e5llanden \u2013 oavsett om bilen \u00e4r t\u00e4ckt av nysn\u00f6 eller h\u00e5rd is. Det l\u00e4tta, teleskopiska [&hellip;]\" \/>\n<meta property=\"og:url\" content=\"https:\/\/xenonkungen.com\/de\/produkt\/osram-schneepinsel-010\/\" \/>\n<meta property=\"og:site_name\" content=\"Xenonkungen\" \/>\n<meta property=\"article:modified_time\" content=\"2026-03-04T15:36:54+00:00\" \/>\n<meta property=\"og:image\" content=\"https:\/\/xenonkungen.com\/wp-content\/uploads\/2026\/01\/Small-for-web-and-ppt-G15142221_AM_FC1_OSB010_MiCh_OSRAM_04_Composing.jpg\" \/>\n\t<meta property=\"og:image:width\" content=\"1024\" \/>\n\t<meta property=\"og:image:height\" content=\"1024\" \/>\n\t<meta property=\"og:image:type\" content=\"image\/jpeg\" \/>\n<meta name=\"twitter:card\" content=\"summary_large_image\" \/>\n<meta name=\"twitter:label1\" content=\"Gesch\u00e4tzte Lesezeit\" \/>\n\t<meta name=\"twitter:data1\" content=\"2\u00a0Minuten\" \/>\n<script type=\"application\/ld+json\" class=\"yoast-schema-graph\">{\"@context\":\"https:\/\/schema.org\",\"@graph\":[{\"@type\":\"WebPage\",\"@id\":\"https:\/\/xenonkungen.com\/produkt\/osram-snow-brush-010\/\",\"url\":\"https:\/\/xenonkungen.com\/produkt\/osram-snow-brush-010\/\",\"name\":\"OSRAM SNOW BRUSH 010 - Xenonkungen\",\"isPartOf\":{\"@id\":\"https:\/\/xenonkungen.com\/#website\"},\"primaryImageOfPage\":{\"@id\":\"https:\/\/xenonkungen.com\/produkt\/osram-snow-brush-010\/#primaryimage\"},\"image\":{\"@id\":\"https:\/\/xenonkungen.com\/produkt\/osram-snow-brush-010\/#primaryimage\"},\"thumbnailUrl\":\"https:\/\/xenonkungen.com\/wp-content\/uploads\/2026\/01\/Small-for-web-and-ppt-G15142221_AM_FC1_OSB010_MiCh_OSRAM_04_Composing.jpg\",\"datePublished\":\"2026-01-30T14:38:14+00:00\",\"dateModified\":\"2026-03-04T15:36:54+00:00\",\"breadcrumb\":{\"@id\":\"https:\/\/xenonkungen.com\/produkt\/osram-snow-brush-010\/#breadcrumb\"},\"inLanguage\":\"de\",\"potentialAction\":[{\"@type\":\"ReadAction\",\"target\":[\"https:\/\/xenonkungen.com\/produkt\/osram-snow-brush-010\/\"]}]},{\"@type\":\"ImageObject\",\"inLanguage\":\"de\",\"@id\":\"https:\/\/xenonkungen.com\/produkt\/osram-snow-brush-010\/#primaryimage\",\"url\":\"https:\/\/xenonkungen.com\/wp-content\/uploads\/2026\/01\/Small-for-web-and-ppt-G15142221_AM_FC1_OSB010_MiCh_OSRAM_04_Composing.jpg\",\"contentUrl\":\"https:\/\/xenonkungen.com\/wp-content\/uploads\/2026\/01\/Small-for-web-and-ppt-G15142221_AM_FC1_OSB010_MiCh_OSRAM_04_Composing.jpg\",\"width\":1024,\"height\":1024},{\"@type\":\"BreadcrumbList\",\"@id\":\"https:\/\/xenonkungen.com\/produkt\/osram-snow-brush-010\/#breadcrumb\",\"itemListElement\":[{\"@type\":\"ListItem\",\"position\":1,\"name\":\"Hem\",\"item\":\"https:\/\/xenonkungen.com\/\"},{\"@type\":\"ListItem\",\"position\":2,\"name\":\"Shop\",\"item\":\"https:\/\/xenonkungen.com\/shop\/\"},{\"@type\":\"ListItem\",\"position\":3,\"name\":\"OSRAM SNOW BRUSH 010\"}]},{\"@type\":\"WebSite\",\"@id\":\"https:\/\/xenonkungen.com\/#website\",\"url\":\"https:\/\/xenonkungen.com\/\",\"name\":\"Xenonkungen\",\"description\":\"\",\"potentialAction\":[{\"@type\":\"SearchAction\",\"target\":{\"@type\":\"EntryPoint\",\"urlTemplate\":\"https:\/\/xenonkungen.com\/?s={search_term_string}\"},\"query-input\":{\"@type\":\"PropertyValueSpecification\",\"valueRequired\":true,\"valueName\":\"search_term_string\"}}],\"inLanguage\":\"de\"}]}<\/script>\n<!-- \/ Yoast SEO plugin. -->","yoast_head_json":{"title":"OSRAM SCHNEEB\u00dcRSTE 010 \u2013 Der Xenon-K\u00f6nig","robots":{"index":"index","follow":"follow","max-snippet":"max-snippet:-1","max-image-preview":"max-image-preview:large","max-video-preview":"max-video-preview:-1"},"canonical":"https:\/\/xenonkungen.com\/de\/produkt\/osram-schneepinsel-010\/","og_locale":"de_DE","og_type":"article","og_title":"OSRAM SNOW BRUSH 010 - Xenonkungen","og_description":"Ett smartare vinterverktyg \u2013 fyra funktioner i ett OSRAM 4-in-1 Winter Tool \u00e4r den ultimata l\u00f6sningen f\u00f6r snabb och effektiv sn\u00f6- och isr\u00f6jning under vintern. Med sn\u00f6borste, isskrapa, skyffel och f\u00f6nsterputs i ett enda system \u00e4r du redo f\u00f6r alla vinterf\u00f6rh\u00e5llanden \u2013 oavsett om bilen \u00e4r t\u00e4ckt av nysn\u00f6 eller h\u00e5rd is. Det l\u00e4tta, teleskopiska [&hellip;]","og_url":"https:\/\/xenonkungen.com\/de\/produkt\/osram-schneepinsel-010\/","og_site_name":"Xenonkungen","article_modified_time":"2026-03-04T15:36:54+00:00","og_image":[{"width":1024,"height":1024,"url":"https:\/\/xenonkungen.com\/wp-content\/uploads\/2026\/01\/Small-for-web-and-ppt-G15142221_AM_FC1_OSB010_MiCh_OSRAM_04_Composing.jpg","type":"image\/jpeg"}],"twitter_card":"summary_large_image","twitter_misc":{"Gesch\u00e4tzte Lesezeit":"2\u00a0Minuten"},"schema":{"@context":"https:\/\/schema.org","@graph":[{"@type":"WebPage","@id":"https:\/\/xenonkungen.com\/produkt\/osram-snow-brush-010\/","url":"https:\/\/xenonkungen.com\/produkt\/osram-snow-brush-010\/","name":"OSRAM SCHNEEB\u00dcRSTE 010 \u2013 Der Xenon-K\u00f6nig","isPartOf":{"@id":"https:\/\/xenonkungen.com\/#website"},"primaryImageOfPage":{"@id":"https:\/\/xenonkungen.com\/produkt\/osram-snow-brush-010\/#primaryimage"},"image":{"@id":"https:\/\/xenonkungen.com\/produkt\/osram-snow-brush-010\/#primaryimage"},"thumbnailUrl":"https:\/\/xenonkungen.com\/wp-content\/uploads\/2026\/01\/Small-for-web-and-ppt-G15142221_AM_FC1_OSB010_MiCh_OSRAM_04_Composing.jpg","datePublished":"2026-01-30T14:38:14+00:00","dateModified":"2026-03-04T15:36:54+00:00","breadcrumb":{"@id":"https:\/\/xenonkungen.com\/produkt\/osram-snow-brush-010\/#breadcrumb"},"inLanguage":"de","potentialAction":[{"@type":"ReadAction","target":["https:\/\/xenonkungen.com\/produkt\/osram-snow-brush-010\/"]}]},{"@type":"ImageObject","inLanguage":"de","@id":"https:\/\/xenonkungen.com\/produkt\/osram-snow-brush-010\/#primaryimage","url":"https:\/\/xenonkungen.com\/wp-content\/uploads\/2026\/01\/Small-for-web-and-ppt-G15142221_AM_FC1_OSB010_MiCh_OSRAM_04_Composing.jpg","contentUrl":"https:\/\/xenonkungen.com\/wp-content\/uploads\/2026\/01\/Small-for-web-and-ppt-G15142221_AM_FC1_OSB010_MiCh_OSRAM_04_Composing.jpg","width":1024,"height":1024},{"@type":"BreadcrumbList","@id":"https:\/\/xenonkungen.com\/produkt\/osram-snow-brush-010\/#breadcrumb","itemListElement":[{"@type":"ListItem","position":1,"name":"Hem","item":"https:\/\/xenonkungen.com\/"},{"@type":"ListItem","position":2,"name":"Shop","item":"https:\/\/xenonkungen.com\/shop\/"},{"@type":"ListItem","position":3,"name":"OSRAM SNOW BRUSH 010"}]},{"@type":"WebSite","@id":"https:\/\/xenonkungen.com\/#website","url":"https:\/\/xenonkungen.com\/","name":"Xenonkungen","description":"","potentialAction":[{"@type":"SearchAction","target":{"@type":"EntryPoint","urlTemplate":"https:\/\/xenonkungen.com\/?s={search_term_string}"},"query-input":{"@type":"PropertyValueSpecification","valueRequired":true,"valueName":"search_term_string"}}],"inLanguage":"de"}]}},"taxonomy_info":{"product_brand":[{"value":108,"label":"OSRAM"}],"product_cat":[{"value":377,"label":"Biltillbeh\u00f6r"}],"pa_storlek-mm":[{"value":2876,"label":"1066*264*135"}]},"featured_image_src_large":["https:\/\/xenonkungen.com\/wp-content\/uploads\/2026\/01\/Small-for-web-and-ppt-G15142221_AM_FC1_OSB010_MiCh_OSRAM_04_Composing.jpg",1024,1024,false],"author_info":[],"comment_info":0,"_links":{"self":[{"href":"https:\/\/xenonkungen.com\/de\/wp-json\/wp\/v2\/product\/25623","targetHints":{"allow":["GET"]}}],"collection":[{"href":"https:\/\/xenonkungen.com\/de\/wp-json\/wp\/v2\/product"}],"about":[{"href":"https:\/\/xenonkungen.com\/de\/wp-json\/wp\/v2\/types\/product"}],"replies":[{"embeddable":true,"href":"https:\/\/xenonkungen.com\/de\/wp-json\/wp\/v2\/comments?post=25623"}],"wp:featuredmedia":[{"embeddable":true,"href":"https:\/\/xenonkungen.com\/de\/wp-json\/wp\/v2\/media\/25638"}],"wp:attachment":[{"href":"https:\/\/xenonkungen.com\/de\/wp-json\/wp\/v2\/media?parent=25623"}],"wp:term":[{"taxonomy":"anvandningsomrade","embeddable":true,"href":"https:\/\/xenonkungen.com\/de\/wp-json\/wp\/v2\/anvandningsomrade?post=25623"},{"taxonomy":"bilmarken","embeddable":true,"href":"https:\/\/xenonkungen.com\/de\/wp-json\/wp\/v2\/bilmarken?post=25623"},{"taxonomy":"product_brand","embeddable":true,"href":"https:\/\/xenonkungen.com\/de\/wp-json\/wp\/v2\/product_brand?post=25623"},{"taxonomy":"product_cat","embeddable":true,"href":"https:\/\/xenonkungen.com\/de\/wp-json\/wp\/v2\/product_cat?post=25623"},{"taxonomy":"product_tag","embeddable":true,"href":"https:\/\/xenonkungen.com\/de\/wp-json\/wp\/v2\/product_tag?post=25623"}],"curies":[{"name":"wp","href":"https:\/\/api.w.org\/{rel}","templated":true}]}}