{"id":2567,"date":"2025-04-15T08:39:12","date_gmt":"2025-04-15T08:39:12","guid":{"rendered":"https:\/\/xenonkungen.com\/product\/canbuslasare-induktiv-canbuslasare\/"},"modified":"2026-04-25T22:36:07","modified_gmt":"2026-04-25T21:36:07","slug":"can-bus-laser-induktiver-can-bus-laser","status":"publish","type":"product","link":"https:\/\/xenonkungen.com\/de\/produkt\/can-bus-laser-induktiver-can-bus-laser\/","title":{"rendered":"Canbus-Leser Induktiver Canbus-Leser"},"content":{"rendered":"<h1>Canbus-Leser Induktiver Canbus-Leser<\/h1>\n<p>Die Option \u201eKontaktloses Leseger\u00e4t\u201c erm\u00f6glicht es der CAN-Bus-Schnittstelle, Fahrzeug-CAN-Bus-Daten ohne direkte Metall-zu-Metall-Verbindung zwischen Schnittstelle und Fahrzeug-CAN-Bus auszulesen. Das Leseger\u00e4t wird um einen Teil der Fahrzeug-CAN-Bus-Verkabelung befestigt, und die Daten werden induktiv ausgelesen, wodurch die Herstellergarantie erhalten bleibt.<\/p>\n<p>Diese Version unseres kontaktlosen Leseger\u00e4ts arbeitet mit 5 V und ist direkt mit unseren CANNECT-Schnittstellen kompatibel. Wenn Sie eines unserer CANNECT-Produkte installieren und ein passendes kontaktloses Leseger\u00e4t ben\u00f6tigen, ist dies das richtige Produkt f\u00fcr Sie.<br \/>Die Leseger\u00e4te verf\u00fcgen \u00fcber eine stabile Klemme, die sie sicher um die CAN-Kabel fixiert. Die CAN-Kabel m\u00fcssen zun\u00e4chst ein kurzes St\u00fcck begradigt und die HI-LO-Kabel identifiziert und in die entsprechenden Kan\u00e4le des Leseger\u00e4ts eingef\u00fchrt werden, bevor das Geh\u00e4use \u00fcber die Kabel geschlossen werden kann.<\/p>\n<p>Dieses Produkt ist mit einem M8-Fernlichtstecker vorverdrahtet und kann einfach an die M8-Fernlichteinheit angeschlossen werden.<\/p>","protected":false},"excerpt":{"rendered":"<p>Canbusl\u00e4sare Induktiv Canbusl\u00e4sare Alternativet Kontaktfri l\u00e4sare g\u00f6r att CAN Bus-gr\u00e4nssnittet kan l\u00e4sa fordons CAN-bussdata utan n\u00e5gon metallisk metallanslutning mellan gr\u00e4nssnittet och fordonets CAN-buss. L\u00e4saren \u00e4r s\u00e4krad kring en del av fordonets CAN Bus-kabeldragning och data l\u00e4ses av en induktionsmetod, vilket skyddar tillverkarens garanti. Den h\u00e4r versionen av v\u00e5r kontaktl\u00f6sa l\u00e4sare fungerar p\u00e5 5v och \u00e4r [&hellip;]<\/p>","protected":false},"featured_media":2568,"comment_status":"closed","ping_status":"open","template":"","meta":{"_acf_changed":false,"_smort_price_nok":"956","_smort_price_dkk":"607","_smort_price_eur":"81.36","_smort_sale_price_nok":"","_smort_sale_price_dkk":"","_smort_sale_price_eur":"","smort_restorder":"","shipmondo_restorder":"","_kad_blocks_custom_css":"","_kad_blocks_head_custom_js":"","_kad_blocks_body_custom_js":"","_kad_blocks_footer_custom_js":"","smort_custom_pricelist_1":"644.4","smort_custom_pricelist_2":"600","smort_custom_pricelist_3":"570","smort_custom_pricelist_4":"716","smort_custom_pricelist_5":"600"},"anvandningsomrade":[],"bilmarken":[],"product_brand":[117],"product_cat":[2487,2841,477,390],"product_tag":[],"class_list":{"0":"post-2567","1":"product","2":"type-product","3":"status-publish","4":"has-post-thumbnail","6":"product_brand-xenonkungen","7":"product_cat-canbus-installation","8":"product_cat-installation-extraljus","9":"product_cat-canbus-emc","10":"product_cat-installation","12":"first","13":"instock","14":"taxable","15":"shipping-taxable","16":"purchasable","17":"product-type-simple"},"bundled_by":[],"bundle_stock_status":"instock","bundle_stock_quantity":3,"bundle_virtual":false,"bundle_layout":"","bundle_add_to_cart_form_location":"","bundle_editable_in_cart":false,"bundle_sold_individually_context":"","bundle_item_grouping":"","bundle_min_size":"","bundle_max_size":"","bundle_price":[],"bundled_items":[],"bundle_sell_ids":[],"acf":[],"yoast_head":"<!-- This site is optimized with the Yoast SEO plugin v27.0 - https:\/\/yoast.com\/product\/yoast-seo-wordpress\/ -->\n<title>Canbusl\u00e4sare Induktiv Canbusl\u00e4sare - Xenonkungen<\/title>\n<meta name=\"robots\" content=\"index, follow, max-snippet:-1, max-image-preview:large, max-video-preview:-1\" \/>\n<link rel=\"canonical\" href=\"https:\/\/xenonkungen.com\/de\/produkt\/can-bus-laser-induktiver-can-bus-laser\/\" \/>\n<meta property=\"og:locale\" content=\"de_DE\" \/>\n<meta property=\"og:type\" content=\"article\" \/>\n<meta property=\"og:title\" content=\"Canbusl\u00e4sare Induktiv Canbusl\u00e4sare - Xenonkungen\" \/>\n<meta property=\"og:description\" content=\"Canbusl\u00e4sare Induktiv Canbusl\u00e4sare Alternativet Kontaktfri l\u00e4sare g\u00f6r att CAN Bus-gr\u00e4nssnittet kan l\u00e4sa fordons CAN-bussdata utan n\u00e5gon metallisk metallanslutning mellan gr\u00e4nssnittet och fordonets CAN-buss. L\u00e4saren \u00e4r s\u00e4krad kring en del av fordonets CAN Bus-kabeldragning och data l\u00e4ses av en induktionsmetod, vilket skyddar tillverkarens garanti. Den h\u00e4r versionen av v\u00e5r kontaktl\u00f6sa l\u00e4sare fungerar p\u00e5 5v och \u00e4r [&hellip;]\" \/>\n<meta property=\"og:url\" content=\"https:\/\/xenonkungen.com\/de\/produkt\/can-bus-laser-induktiver-can-bus-laser\/\" \/>\n<meta property=\"og:site_name\" content=\"Xenonkungen\" \/>\n<meta property=\"article:modified_time\" content=\"2026-04-25T21:36:07+00:00\" \/>\n<meta property=\"og:image\" content=\"https:\/\/xenonkungen.com\/wp-content\/uploads\/2025\/04\/178844711-origpic-66b004.png\" \/>\n\t<meta property=\"og:image:width\" content=\"1000\" \/>\n\t<meta property=\"og:image:height\" content=\"1000\" \/>\n\t<meta property=\"og:image:type\" content=\"image\/png\" \/>\n<meta name=\"twitter:card\" content=\"summary_large_image\" \/>\n<meta name=\"twitter:label1\" content=\"Gesch\u00e4tzte Lesezeit\" \/>\n\t<meta name=\"twitter:data1\" content=\"1\u00a0Minute\" \/>\n<script type=\"application\/ld+json\" class=\"yoast-schema-graph\">{\"@context\":\"https:\/\/schema.org\",\"@graph\":[{\"@type\":\"WebPage\",\"@id\":\"https:\/\/xenonkungen.com\/produkt\/canbuslasare-induktiv-canbuslasare\/\",\"url\":\"https:\/\/xenonkungen.com\/produkt\/canbuslasare-induktiv-canbuslasare\/\",\"name\":\"Canbusl\u00e4sare Induktiv Canbusl\u00e4sare - Xenonkungen\",\"isPartOf\":{\"@id\":\"https:\/\/xenonkungen.com\/#website\"},\"primaryImageOfPage\":{\"@id\":\"https:\/\/xenonkungen.com\/produkt\/canbuslasare-induktiv-canbuslasare\/#primaryimage\"},\"image\":{\"@id\":\"https:\/\/xenonkungen.com\/produkt\/canbuslasare-induktiv-canbuslasare\/#primaryimage\"},\"thumbnailUrl\":\"https:\/\/xenonkungen.com\/wp-content\/uploads\/2025\/04\/178844711-origpic-66b004.png\",\"datePublished\":\"2025-04-15T08:39:12+00:00\",\"dateModified\":\"2026-04-25T21:36:07+00:00\",\"breadcrumb\":{\"@id\":\"https:\/\/xenonkungen.com\/produkt\/canbuslasare-induktiv-canbuslasare\/#breadcrumb\"},\"inLanguage\":\"de\",\"potentialAction\":[{\"@type\":\"ReadAction\",\"target\":[\"https:\/\/xenonkungen.com\/produkt\/canbuslasare-induktiv-canbuslasare\/\"]}]},{\"@type\":\"ImageObject\",\"inLanguage\":\"de\",\"@id\":\"https:\/\/xenonkungen.com\/produkt\/canbuslasare-induktiv-canbuslasare\/#primaryimage\",\"url\":\"https:\/\/xenonkungen.com\/wp-content\/uploads\/2025\/04\/178844711-origpic-66b004.png\",\"contentUrl\":\"https:\/\/xenonkungen.com\/wp-content\/uploads\/2025\/04\/178844711-origpic-66b004.png\",\"width\":1000,\"height\":1000},{\"@type\":\"BreadcrumbList\",\"@id\":\"https:\/\/xenonkungen.com\/produkt\/canbuslasare-induktiv-canbuslasare\/#breadcrumb\",\"itemListElement\":[{\"@type\":\"ListItem\",\"position\":1,\"name\":\"Hem\",\"item\":\"https:\/\/xenonkungen.com\/\"},{\"@type\":\"ListItem\",\"position\":2,\"name\":\"Shop\",\"item\":\"https:\/\/xenonkungen.com\/shop\/\"},{\"@type\":\"ListItem\",\"position\":3,\"name\":\"Canbusl\u00e4sare Induktiv Canbusl\u00e4sare\"}]},{\"@type\":\"WebSite\",\"@id\":\"https:\/\/xenonkungen.com\/#website\",\"url\":\"https:\/\/xenonkungen.com\/\",\"name\":\"Xenonkungen\",\"description\":\"\",\"potentialAction\":[{\"@type\":\"SearchAction\",\"target\":{\"@type\":\"EntryPoint\",\"urlTemplate\":\"https:\/\/xenonkungen.com\/?s={search_term_string}\"},\"query-input\":{\"@type\":\"PropertyValueSpecification\",\"valueRequired\":true,\"valueName\":\"search_term_string\"}}],\"inLanguage\":\"de\"}]}<\/script>\n<!-- \/ Yoast SEO plugin. -->","yoast_head_json":{"title":"Induktiver Canbus-Leser - Xenonkungen","robots":{"index":"index","follow":"follow","max-snippet":"max-snippet:-1","max-image-preview":"max-image-preview:large","max-video-preview":"max-video-preview:-1"},"canonical":"https:\/\/xenonkungen.com\/de\/produkt\/can-bus-laser-induktiver-can-bus-laser\/","og_locale":"de_DE","og_type":"article","og_title":"Canbusl\u00e4sare Induktiv Canbusl\u00e4sare - Xenonkungen","og_description":"Canbusl\u00e4sare Induktiv Canbusl\u00e4sare Alternativet Kontaktfri l\u00e4sare g\u00f6r att CAN Bus-gr\u00e4nssnittet kan l\u00e4sa fordons CAN-bussdata utan n\u00e5gon metallisk metallanslutning mellan gr\u00e4nssnittet och fordonets CAN-buss. L\u00e4saren \u00e4r s\u00e4krad kring en del av fordonets CAN Bus-kabeldragning och data l\u00e4ses av en induktionsmetod, vilket skyddar tillverkarens garanti. Den h\u00e4r versionen av v\u00e5r kontaktl\u00f6sa l\u00e4sare fungerar p\u00e5 5v och \u00e4r [&hellip;]","og_url":"https:\/\/xenonkungen.com\/de\/produkt\/can-bus-laser-induktiver-can-bus-laser\/","og_site_name":"Xenonkungen","article_modified_time":"2026-04-25T21:36:07+00:00","og_image":[{"width":1000,"height":1000,"url":"https:\/\/xenonkungen.com\/wp-content\/uploads\/2025\/04\/178844711-origpic-66b004.png","type":"image\/png"}],"twitter_card":"summary_large_image","twitter_misc":{"Gesch\u00e4tzte Lesezeit":"1\u00a0Minute"},"schema":{"@context":"https:\/\/schema.org","@graph":[{"@type":"WebPage","@id":"https:\/\/xenonkungen.com\/produkt\/canbuslasare-induktiv-canbuslasare\/","url":"https:\/\/xenonkungen.com\/produkt\/canbuslasare-induktiv-canbuslasare\/","name":"Induktiver Canbus-Leser - Xenonkungen","isPartOf":{"@id":"https:\/\/xenonkungen.com\/#website"},"primaryImageOfPage":{"@id":"https:\/\/xenonkungen.com\/produkt\/canbuslasare-induktiv-canbuslasare\/#primaryimage"},"image":{"@id":"https:\/\/xenonkungen.com\/produkt\/canbuslasare-induktiv-canbuslasare\/#primaryimage"},"thumbnailUrl":"https:\/\/xenonkungen.com\/wp-content\/uploads\/2025\/04\/178844711-origpic-66b004.png","datePublished":"2025-04-15T08:39:12+00:00","dateModified":"2026-04-25T21:36:07+00:00","breadcrumb":{"@id":"https:\/\/xenonkungen.com\/produkt\/canbuslasare-induktiv-canbuslasare\/#breadcrumb"},"inLanguage":"de","potentialAction":[{"@type":"ReadAction","target":["https:\/\/xenonkungen.com\/produkt\/canbuslasare-induktiv-canbuslasare\/"]}]},{"@type":"ImageObject","inLanguage":"de","@id":"https:\/\/xenonkungen.com\/produkt\/canbuslasare-induktiv-canbuslasare\/#primaryimage","url":"https:\/\/xenonkungen.com\/wp-content\/uploads\/2025\/04\/178844711-origpic-66b004.png","contentUrl":"https:\/\/xenonkungen.com\/wp-content\/uploads\/2025\/04\/178844711-origpic-66b004.png","width":1000,"height":1000},{"@type":"BreadcrumbList","@id":"https:\/\/xenonkungen.com\/produkt\/canbuslasare-induktiv-canbuslasare\/#breadcrumb","itemListElement":[{"@type":"ListItem","position":1,"name":"Hem","item":"https:\/\/xenonkungen.com\/"},{"@type":"ListItem","position":2,"name":"Shop","item":"https:\/\/xenonkungen.com\/shop\/"},{"@type":"ListItem","position":3,"name":"Canbusl\u00e4sare Induktiv Canbusl\u00e4sare"}]},{"@type":"WebSite","@id":"https:\/\/xenonkungen.com\/#website","url":"https:\/\/xenonkungen.com\/","name":"Xenonkungen","description":"","potentialAction":[{"@type":"SearchAction","target":{"@type":"EntryPoint","urlTemplate":"https:\/\/xenonkungen.com\/?s={search_term_string}"},"query-input":{"@type":"PropertyValueSpecification","valueRequired":true,"valueName":"search_term_string"}}],"inLanguage":"de"}]}},"taxonomy_info":{"product_brand":[{"value":117,"label":"Xenonkungen"}],"product_cat":[{"value":2487,"label":"Canbus"},{"value":2841,"label":"Installation extraljus"},{"value":477,"label":"Canbus | EMC"},{"value":390,"label":"Installation"}]},"featured_image_src_large":["https:\/\/xenonkungen.com\/wp-content\/uploads\/2025\/04\/178844711-origpic-66b004.png",1000,1000,false],"author_info":[],"comment_info":0,"_links":{"self":[{"href":"https:\/\/xenonkungen.com\/de\/wp-json\/wp\/v2\/product\/2567","targetHints":{"allow":["GET"]}}],"collection":[{"href":"https:\/\/xenonkungen.com\/de\/wp-json\/wp\/v2\/product"}],"about":[{"href":"https:\/\/xenonkungen.com\/de\/wp-json\/wp\/v2\/types\/product"}],"replies":[{"embeddable":true,"href":"https:\/\/xenonkungen.com\/de\/wp-json\/wp\/v2\/comments?post=2567"}],"wp:featuredmedia":[{"embeddable":true,"href":"https:\/\/xenonkungen.com\/de\/wp-json\/wp\/v2\/media\/2568"}],"wp:attachment":[{"href":"https:\/\/xenonkungen.com\/de\/wp-json\/wp\/v2\/media?parent=2567"}],"wp:term":[{"taxonomy":"anvandningsomrade","embeddable":true,"href":"https:\/\/xenonkungen.com\/de\/wp-json\/wp\/v2\/anvandningsomrade?post=2567"},{"taxonomy":"bilmarken","embeddable":true,"href":"https:\/\/xenonkungen.com\/de\/wp-json\/wp\/v2\/bilmarken?post=2567"},{"taxonomy":"product_brand","embeddable":true,"href":"https:\/\/xenonkungen.com\/de\/wp-json\/wp\/v2\/product_brand?post=2567"},{"taxonomy":"product_cat","embeddable":true,"href":"https:\/\/xenonkungen.com\/de\/wp-json\/wp\/v2\/product_cat?post=2567"},{"taxonomy":"product_tag","embeddable":true,"href":"https:\/\/xenonkungen.com\/de\/wp-json\/wp\/v2\/product_tag?post=2567"}],"curies":[{"name":"wp","href":"https:\/\/api.w.org\/{rel}","templated":true}]}}