{"id":25874,"date":"2026-02-03T13:24:13","date_gmt":"2026-02-03T12:24:13","guid":{"rendered":"https:\/\/xenonkungen.com\/?post_type=product&#038;p=25874"},"modified":"2026-04-11T00:09:38","modified_gmt":"2026-04-10T23:09:38","slug":"ozz-xb1-p52-zusatzliche-lichtleiste-schwarz","status":"publish","type":"product","link":"https:\/\/xenonkungen.com\/de\/produkt\/ozz-xb1-p52-zusatzliche-lichtleiste-schwarz\/","title":{"rendered":"OZZ XB1 P52\u2033 Zusatzscheinwerferleiste | Schwarz"},"content":{"rendered":"<h2 data-start=\"135\" data-end=\"184\">OZZ XB1 P52\u201d \u2013 Maximale Sicht. Maximale Sicherheit.<\/h2>\n<p data-start=\"186\" data-end=\"461\">Die OZZ XB1 P52\u201d ist eine leistungsstarke LED-Lichtleiste, die f\u00fcr Fahrer entwickelt wurde, die hohe Anspr\u00fcche stellen. <strong data-start=\"260\" data-end=\"304\">optimale Sicht und h\u00f6chstm\u00f6gliche Sicherheit<\/strong>Unabh\u00e4ngig von den Fahrbedingungen. Mit seinem modernen, stilvollen Design und der beeindruckenden Lichtleistung ist es die ideale Wahl sowohl f\u00fcr den Alltag als auch f\u00fcr anspruchsvolle Umgebungen.<\/p>\n<p data-start=\"463\" data-end=\"772\">Die Lichtleiste liefert das gesamte Licht. <strong data-start=\"489\" data-end=\"505\">14.400 Lumen<\/strong>und wenn Sie aktivieren <strong data-start=\"528\" data-end=\"543\">Boost-Modus<\/strong> erh\u00f6ht die Helligkeit auf volle <strong data-start=\"571\" data-end=\"587\">19.800 Lumen<\/strong>Das Ergebnis ist ein kraftvolles und ausgewogenes Lichtbild, das Folgendes bietet: <strong data-start=\"651\" data-end=\"682\">1 Lux in bis zu 480 Metern Entfernung<\/strong>oder das Ganze <strong data-start=\"695\" data-end=\"721\">980 Meter im Boost-Modus<\/strong> \u2013 perfekt f\u00fcr dunkle Landstra\u00dfen und lange Strecken.<\/p>\n<p data-start=\"774\" data-end=\"1017\">Die XB1 P52\u201d ist f\u00fcr anspruchsvolle Bedingungen konzipiert. Die robuste <strong data-start=\"840\" data-end=\"858\">Aluminiumgeh\u00e4use<\/strong>, das langlebige <strong data-start=\"875\" data-end=\"897\">Polycarbonatlinse<\/strong> und <strong data-start=\"902\" data-end=\"921\">Edelstahlhalterungen<\/strong> gew\u00e4hrleistet eine lange Lebensdauer und zuverl\u00e4ssige Funktion, auch bei rauen Wetterbedingungen und intensiver Beanspruchung.<\/p>\n<p data-start=\"1019\" data-end=\"1207\">Nat\u00fcrlich ist die Rampe <strong data-start=\"1040\" data-end=\"1074\">ECE-gepr\u00fcft (R7, R10 und R149)<\/strong>Dadurch ist es uneingeschr\u00e4nkt f\u00fcr den Stra\u00dfenverkehr zugelassen. Erh\u00e4ltlich in beiden Ausf\u00fchrungen. <strong data-start=\"1140\" data-end=\"1168\">Schwarz-Wei\u00df-Design<\/strong> passend f\u00fcr verschiedene Fahrzeuge und Fahrzeugtypen.<\/p>\n<p data-start=\"1209\" data-end=\"1365\">\u2714 Beeindruckendes Sortiment<br data-start=\"1231\" data-end=\"1234\" \/>\u2714 Leistungsstarker Boost-Modus<br data-start=\"1257\" data-end=\"1260\" \/>\u2714 Robuste Konstruktion f\u00fcr nordische Bedingungen<br data-start=\"1307\" data-end=\"1310\" \/>\u2714 E-gepr\u00fcft und verkehrssicher<br data-start=\"1334\" data-end=\"1337\" \/>\u2714 <strong data-start=\"1339\" data-end=\"1365\">3 Jahre Funktionsgarantie<\/strong><\/p>\n<p data-start=\"1367\" data-end=\"1449\"><strong data-start=\"1367\" data-end=\"1449\">OZZ XB1 P52\u201d \u2013 wenn Sie weiter sehen, sicherer fahren und sich durch Qualit\u00e4t abheben wollen.<\/strong><\/p>","protected":false},"excerpt":{"rendered":"<p><strong data-start=\"103\" data-end=\"119\">OZZ XB1 P52\u201d<\/strong> ist eine leistungsstarke LED-Lichtleiste mit bis zu <strong data-start=\"162\" data-end=\"191\" data-is-only-node=\"\">19.800 Lumen im Boost-Modus<\/strong> und reicht bis zu <strong data-start=\"214\" data-end=\"227\">980 Meter<\/strong>Robuste Konstruktion, <strong data-start=\"250\" data-end=\"277\">ECE R7\/R10\/R149-Zulassung<\/strong>, erh\u00e4ltlich in Schwarz oder Wei\u00df und wird geliefert mit <strong data-start=\"322\" data-end=\"339\">3 Jahre Garantie<\/strong>.<\/p>","protected":false},"featured_media":25882,"comment_status":"open","ping_status":"closed","template":"","meta":{"_acf_changed":false,"_smort_price_nok":"7584","_smort_price_dkk":"","_smort_price_eur":"","_smort_sale_price_nok":"","_smort_sale_price_dkk":"","_smort_sale_price_eur":"","smort_restorder":"","shipmondo_restorder":"","_kad_blocks_custom_css":"","_kad_blocks_head_custom_js":"","_kad_blocks_body_custom_js":"","_kad_blocks_footer_custom_js":"","smort_custom_pricelist_1":"4544","smort_custom_pricelist_2":"4544","smort_custom_pricelist_3":"4544","smort_custom_pricelist_4":"5680","smort_custom_pricelist_5":"4544"},"anvandningsomrade":[],"bilmarken":[],"product_brand":[1051,109],"product_cat":[2966,2539],"product_tag":[],"class_list":{"0":"post-25874","1":"product","2":"type-product","3":"status-publish","4":"has-post-thumbnail","6":"product_brand-ozz","7":"product_brand-ozz-lights","8":"product_cat-ledramp-rak","9":"product_cat-ledramper","10":"pa_fargtemperatur-5000k","11":"pa_fuktskydd-varde-ipxx-ip68-ip69k","12":"pa_godkannande-r10","13":"pa_godkannande-r149","14":"pa_godkannande-r7","15":"pa_lampsockel-kontakt-dt","16":"pa_ljusbild-driving","17":"pa_storlek-mm-1320x70x53","18":"pa_volt-v-multivolt-10-12-16-18-24-28-30-32","20":"first","21":"onbackorder","22":"taxable","23":"shipping-taxable","24":"purchasable","25":"product-type-simple"},"bundled_by":[],"bundle_stock_status":"onbackorder","bundle_stock_quantity":0,"bundle_virtual":false,"bundle_layout":"","bundle_add_to_cart_form_location":"","bundle_editable_in_cart":false,"bundle_sold_individually_context":"","bundle_item_grouping":"","bundle_min_size":"","bundle_max_size":"","bundle_price":[],"bundled_items":[],"bundle_sell_ids":[],"acf":[],"yoast_head":"<!-- This site is optimized with the Yoast SEO plugin v27.0 - https:\/\/yoast.com\/product\/yoast-seo-wordpress\/ -->\n<title>OZZ XB1 P52&quot; Extraljusramp | Svart - Xenonkungen<\/title>\n<meta name=\"robots\" content=\"index, follow, max-snippet:-1, max-image-preview:large, max-video-preview:-1\" \/>\n<link rel=\"canonical\" href=\"https:\/\/xenonkungen.com\/de\/produkt\/ozz-xb1-p52-zusatzliche-lichtleiste-schwarz\/\" \/>\n<meta property=\"og:locale\" content=\"de_DE\" \/>\n<meta property=\"og:type\" content=\"article\" \/>\n<meta property=\"og:title\" content=\"OZZ XB1 P52&quot; Extraljusramp | Svart - Xenonkungen\" \/>\n<meta property=\"og:description\" content=\"OZZ XB1 P52\u201d \u00e4r en kraftfull LED-ljusramp med upp till 19 800 lumen i Boost-l\u00e4ge och r\u00e4ckvidd upp till 980 meter. Robust konstruktion, ECE R7\/R10\/R149-godk\u00e4nd, finns i svart eller vitt och levereras med 3 \u00e5rs garanti.\" \/>\n<meta property=\"og:url\" content=\"https:\/\/xenonkungen.com\/de\/produkt\/ozz-xb1-p52-zusatzliche-lichtleiste-schwarz\/\" \/>\n<meta property=\"og:site_name\" content=\"Xenonkungen\" \/>\n<meta property=\"article:modified_time\" content=\"2026-04-10T23:09:38+00:00\" \/>\n<meta property=\"og:image\" content=\"https:\/\/xenonkungen.com\/wp-content\/uploads\/2026\/02\/Skarmbild-2026-02-03-130515.png\" \/>\n\t<meta property=\"og:image:width\" content=\"1018\" \/>\n\t<meta property=\"og:image:height\" content=\"756\" \/>\n\t<meta property=\"og:image:type\" content=\"image\/png\" \/>\n<meta name=\"twitter:card\" content=\"summary_large_image\" \/>\n<meta name=\"twitter:label1\" content=\"Gesch\u00e4tzte Lesezeit\" \/>\n\t<meta name=\"twitter:data1\" content=\"2\u00a0Minuten\" \/>\n<script type=\"application\/ld+json\" class=\"yoast-schema-graph\">{\"@context\":\"https:\/\/schema.org\",\"@graph\":[{\"@type\":\"WebPage\",\"@id\":\"https:\/\/xenonkungen.com\/produkt\/ozz-xb1-p52-extraljusramp-svart\/\",\"url\":\"https:\/\/xenonkungen.com\/produkt\/ozz-xb1-p52-extraljusramp-svart\/\",\"name\":\"OZZ XB1 P52\\\" Extraljusramp | Svart - Xenonkungen\",\"isPartOf\":{\"@id\":\"https:\/\/xenonkungen.com\/#website\"},\"primaryImageOfPage\":{\"@id\":\"https:\/\/xenonkungen.com\/produkt\/ozz-xb1-p52-extraljusramp-svart\/#primaryimage\"},\"image\":{\"@id\":\"https:\/\/xenonkungen.com\/produkt\/ozz-xb1-p52-extraljusramp-svart\/#primaryimage\"},\"thumbnailUrl\":\"https:\/\/xenonkungen.com\/wp-content\/uploads\/2026\/02\/Skarmbild-2026-02-03-130515.png\",\"datePublished\":\"2026-02-03T12:24:13+00:00\",\"dateModified\":\"2026-04-10T23:09:38+00:00\",\"breadcrumb\":{\"@id\":\"https:\/\/xenonkungen.com\/produkt\/ozz-xb1-p52-extraljusramp-svart\/#breadcrumb\"},\"inLanguage\":\"de\",\"potentialAction\":[{\"@type\":\"ReadAction\",\"target\":[\"https:\/\/xenonkungen.com\/produkt\/ozz-xb1-p52-extraljusramp-svart\/\"]}]},{\"@type\":\"ImageObject\",\"inLanguage\":\"de\",\"@id\":\"https:\/\/xenonkungen.com\/produkt\/ozz-xb1-p52-extraljusramp-svart\/#primaryimage\",\"url\":\"https:\/\/xenonkungen.com\/wp-content\/uploads\/2026\/02\/Skarmbild-2026-02-03-130515.png\",\"contentUrl\":\"https:\/\/xenonkungen.com\/wp-content\/uploads\/2026\/02\/Skarmbild-2026-02-03-130515.png\",\"width\":1018,\"height\":756},{\"@type\":\"BreadcrumbList\",\"@id\":\"https:\/\/xenonkungen.com\/produkt\/ozz-xb1-p52-extraljusramp-svart\/#breadcrumb\",\"itemListElement\":[{\"@type\":\"ListItem\",\"position\":1,\"name\":\"Hem\",\"item\":\"https:\/\/xenonkungen.com\/\"},{\"@type\":\"ListItem\",\"position\":2,\"name\":\"Shop\",\"item\":\"https:\/\/xenonkungen.com\/shop\/\"},{\"@type\":\"ListItem\",\"position\":3,\"name\":\"OZZ XB1 P52&#8243; Extraljusramp | Svart\"}]},{\"@type\":\"WebSite\",\"@id\":\"https:\/\/xenonkungen.com\/#website\",\"url\":\"https:\/\/xenonkungen.com\/\",\"name\":\"Xenonkungen\",\"description\":\"\",\"potentialAction\":[{\"@type\":\"SearchAction\",\"target\":{\"@type\":\"EntryPoint\",\"urlTemplate\":\"https:\/\/xenonkungen.com\/?s={search_term_string}\"},\"query-input\":{\"@type\":\"PropertyValueSpecification\",\"valueRequired\":true,\"valueName\":\"search_term_string\"}}],\"inLanguage\":\"de\"}]}<\/script>\n<!-- \/ Yoast SEO plugin. -->","yoast_head_json":{"title":"OZZ XB1 P52&quot; Zusatzscheinwerferleiste | Schwarz - Xenonkungen","robots":{"index":"index","follow":"follow","max-snippet":"max-snippet:-1","max-image-preview":"max-image-preview:large","max-video-preview":"max-video-preview:-1"},"canonical":"https:\/\/xenonkungen.com\/de\/produkt\/ozz-xb1-p52-zusatzliche-lichtleiste-schwarz\/","og_locale":"de_DE","og_type":"article","og_title":"OZZ XB1 P52\" Extraljusramp | Svart - Xenonkungen","og_description":"OZZ XB1 P52\u201d \u00e4r en kraftfull LED-ljusramp med upp till 19 800 lumen i Boost-l\u00e4ge och r\u00e4ckvidd upp till 980 meter. Robust konstruktion, ECE R7\/R10\/R149-godk\u00e4nd, finns i svart eller vitt och levereras med 3 \u00e5rs garanti.","og_url":"https:\/\/xenonkungen.com\/de\/produkt\/ozz-xb1-p52-zusatzliche-lichtleiste-schwarz\/","og_site_name":"Xenonkungen","article_modified_time":"2026-04-10T23:09:38+00:00","og_image":[{"width":1018,"height":756,"url":"https:\/\/xenonkungen.com\/wp-content\/uploads\/2026\/02\/Skarmbild-2026-02-03-130515.png","type":"image\/png"}],"twitter_card":"summary_large_image","twitter_misc":{"Gesch\u00e4tzte Lesezeit":"2\u00a0Minuten"},"schema":{"@context":"https:\/\/schema.org","@graph":[{"@type":"WebPage","@id":"https:\/\/xenonkungen.com\/produkt\/ozz-xb1-p52-extraljusramp-svart\/","url":"https:\/\/xenonkungen.com\/produkt\/ozz-xb1-p52-extraljusramp-svart\/","name":"OZZ XB1 P52&quot; Zusatzscheinwerferleiste | Schwarz - Xenonkungen","isPartOf":{"@id":"https:\/\/xenonkungen.com\/#website"},"primaryImageOfPage":{"@id":"https:\/\/xenonkungen.com\/produkt\/ozz-xb1-p52-extraljusramp-svart\/#primaryimage"},"image":{"@id":"https:\/\/xenonkungen.com\/produkt\/ozz-xb1-p52-extraljusramp-svart\/#primaryimage"},"thumbnailUrl":"https:\/\/xenonkungen.com\/wp-content\/uploads\/2026\/02\/Skarmbild-2026-02-03-130515.png","datePublished":"2026-02-03T12:24:13+00:00","dateModified":"2026-04-10T23:09:38+00:00","breadcrumb":{"@id":"https:\/\/xenonkungen.com\/produkt\/ozz-xb1-p52-extraljusramp-svart\/#breadcrumb"},"inLanguage":"de","potentialAction":[{"@type":"ReadAction","target":["https:\/\/xenonkungen.com\/produkt\/ozz-xb1-p52-extraljusramp-svart\/"]}]},{"@type":"ImageObject","inLanguage":"de","@id":"https:\/\/xenonkungen.com\/produkt\/ozz-xb1-p52-extraljusramp-svart\/#primaryimage","url":"https:\/\/xenonkungen.com\/wp-content\/uploads\/2026\/02\/Skarmbild-2026-02-03-130515.png","contentUrl":"https:\/\/xenonkungen.com\/wp-content\/uploads\/2026\/02\/Skarmbild-2026-02-03-130515.png","width":1018,"height":756},{"@type":"BreadcrumbList","@id":"https:\/\/xenonkungen.com\/produkt\/ozz-xb1-p52-extraljusramp-svart\/#breadcrumb","itemListElement":[{"@type":"ListItem","position":1,"name":"Hem","item":"https:\/\/xenonkungen.com\/"},{"@type":"ListItem","position":2,"name":"Shop","item":"https:\/\/xenonkungen.com\/shop\/"},{"@type":"ListItem","position":3,"name":"OZZ XB1 P52&#8243; Extraljusramp | Svart"}]},{"@type":"WebSite","@id":"https:\/\/xenonkungen.com\/#website","url":"https:\/\/xenonkungen.com\/","name":"Xenonkungen","description":"","potentialAction":[{"@type":"SearchAction","target":{"@type":"EntryPoint","urlTemplate":"https:\/\/xenonkungen.com\/?s={search_term_string}"},"query-input":{"@type":"PropertyValueSpecification","valueRequired":true,"valueName":"search_term_string"}}],"inLanguage":"de"}]}},"taxonomy_info":{"product_brand":[{"value":1051,"label":"OZZ"},{"value":109,"label":"OZZ LIGHTS"}],"product_cat":[{"value":2966,"label":"Ledramp Rak"},{"value":2539,"label":"LEDRAMPER"}],"pa_fargtemperatur":[{"value":154,"label":"5000K"}],"pa_fuktskydd-varde-ipxx":[{"value":402,"label":"IP68. IP69K"}],"pa_godkannande":[{"value":184,"label":"R10"},{"value":186,"label":"R149"},{"value":2863,"label":"R7"}],"pa_lampsockel-kontakt":[{"value":329,"label":"DT"}],"pa_ljusbild":[{"value":178,"label":"Driving"}],"pa_storlek-mm":[{"value":2880,"label":"1320x70x53"}],"pa_volt-v":[{"value":1084,"label":"Multivolt, 10, 12, 16, 18, 24, 28, 30, 32"}]},"featured_image_src_large":["https:\/\/xenonkungen.com\/wp-content\/uploads\/2026\/02\/Skarmbild-2026-02-03-130515.png",1018,756,false],"author_info":[],"comment_info":0,"_links":{"self":[{"href":"https:\/\/xenonkungen.com\/de\/wp-json\/wp\/v2\/product\/25874","targetHints":{"allow":["GET"]}}],"collection":[{"href":"https:\/\/xenonkungen.com\/de\/wp-json\/wp\/v2\/product"}],"about":[{"href":"https:\/\/xenonkungen.com\/de\/wp-json\/wp\/v2\/types\/product"}],"replies":[{"embeddable":true,"href":"https:\/\/xenonkungen.com\/de\/wp-json\/wp\/v2\/comments?post=25874"}],"wp:featuredmedia":[{"embeddable":true,"href":"https:\/\/xenonkungen.com\/de\/wp-json\/wp\/v2\/media\/25882"}],"wp:attachment":[{"href":"https:\/\/xenonkungen.com\/de\/wp-json\/wp\/v2\/media?parent=25874"}],"wp:term":[{"taxonomy":"anvandningsomrade","embeddable":true,"href":"https:\/\/xenonkungen.com\/de\/wp-json\/wp\/v2\/anvandningsomrade?post=25874"},{"taxonomy":"bilmarken","embeddable":true,"href":"https:\/\/xenonkungen.com\/de\/wp-json\/wp\/v2\/bilmarken?post=25874"},{"taxonomy":"product_brand","embeddable":true,"href":"https:\/\/xenonkungen.com\/de\/wp-json\/wp\/v2\/product_brand?post=25874"},{"taxonomy":"product_cat","embeddable":true,"href":"https:\/\/xenonkungen.com\/de\/wp-json\/wp\/v2\/product_cat?post=25874"},{"taxonomy":"product_tag","embeddable":true,"href":"https:\/\/xenonkungen.com\/de\/wp-json\/wp\/v2\/product_tag?post=25874"}],"curies":[{"name":"wp","href":"https:\/\/api.w.org\/{rel}","templated":true}]}}