{"id":2609,"date":"2025-04-15T08:39:48","date_gmt":"2025-04-15T08:39:48","guid":{"rendered":"https:\/\/xenonkungen.com\/product\/luxtar-bb-serie-underfaste\/"},"modified":"2026-04-10T23:49:00","modified_gmt":"2026-04-10T22:49:00","slug":"luxtar-bb-serie-unterfutterung","status":"publish","type":"product","link":"https:\/\/xenonkungen.com\/de\/produkt\/luxtar-bb-serie-unterfutterung\/","title":{"rendered":"LUXTAR\u00ae BB Serie untere Halterungen"},"content":{"rendered":"<h1>Tretlager f\u00fcr Gelenkrampen der X-Serie<\/h1>\n<p>Untere Halterung zur Montage Ihrer Luxtar-Lichtleiste an der Unterseite.<\/p>\n<p>Perfekt f\u00fcr alle, die zus\u00e4tzliche Halterungen f\u00fcr ihre LED-Rampe ben\u00f6tigen oder einfach ihre bisherigen Halterungen verloren haben und neue brauchen.<\/p>\n<p>F\u00fcr alle geeignet <strong>X-Serie<\/strong> Rampen.<br \/>Edelstahl.<\/p>","protected":false},"excerpt":{"rendered":"<p>Untere Halterungen f\u00fcr LED-Rampen der X-Serie. Diese untere Halterung dient zur Montage Ihrer Luxtar-Lichtrampe an der Unterseite. Ideal f\u00fcr alle, die zus\u00e4tzliche Halterungen f\u00fcr ihre LED-Rampe ben\u00f6tigen oder ihre alten Halterungen verloren haben und neue brauchen. Passend f\u00fcr alle Rampen der X-Serie. Edelstahl.<\/p>","protected":false},"featured_media":2610,"comment_status":"closed","ping_status":"open","template":"","meta":{"_acf_changed":false,"_smort_price_nok":"37","_smort_price_dkk":"24","_smort_price_eur":"3.18","_smort_sale_price_nok":"","_smort_sale_price_dkk":"","_smort_sale_price_eur":"","smort_restorder":"","shipmondo_restorder":"","_kad_blocks_custom_css":"","_kad_blocks_head_custom_js":"","_kad_blocks_body_custom_js":"","_kad_blocks_footer_custom_js":"","smort_custom_pricelist_1":"22.4","smort_custom_pricelist_2":"16.8","smort_custom_pricelist_3":"15.96","smort_custom_pricelist_4":"28","smort_custom_pricelist_5":"16.8"},"anvandningsomrade":[],"bilmarken":[],"product_brand":[103],"product_cat":[2537,2841,2826,2538,390],"product_tag":[],"class_list":{"0":"post-2609","1":"product","2":"type-product","3":"status-publish","4":"has-post-thumbnail","6":"product_brand-luxtar","7":"product_cat-fasten-ledramper","8":"product_cat-installation-extraljus","9":"product_cat-luxtar","10":"product_cat-tillbehor-fasten-ledramper","11":"product_cat-installation","13":"first","14":"instock","15":"taxable","16":"shipping-taxable","17":"purchasable","18":"product-type-simple"},"bundled_by":["9566"],"bundle_stock_status":"instock","bundle_stock_quantity":20,"bundle_virtual":false,"bundle_layout":"","bundle_add_to_cart_form_location":"","bundle_editable_in_cart":false,"bundle_sold_individually_context":"","bundle_item_grouping":"","bundle_min_size":"","bundle_max_size":"","bundle_price":[],"bundled_items":[],"bundle_sell_ids":[],"acf":[],"yoast_head":"<!-- This site is optimized with the Yoast SEO plugin v27.0 - https:\/\/yoast.com\/product\/yoast-seo-wordpress\/ -->\n<title>LUXTAR\u00ae BB-Serie Underf\u00e4ste - Xenonkungen<\/title>\n<meta name=\"robots\" content=\"index, follow, max-snippet:-1, max-image-preview:large, max-video-preview:-1\" \/>\n<link rel=\"canonical\" href=\"https:\/\/xenonkungen.com\/de\/produkt\/luxtar-bb-serie-unterfutterung\/\" \/>\n<meta property=\"og:locale\" content=\"de_DE\" \/>\n<meta property=\"og:type\" content=\"article\" \/>\n<meta property=\"og:title\" content=\"LUXTAR\u00ae BB-Serie Underf\u00e4ste - Xenonkungen\" \/>\n<meta property=\"og:description\" content=\"Underf\u00e4sten f\u00f6r X-serie ledramper Underf\u00e4ste f\u00f6r montage av din Luxtar ljusramp p\u00e5 dess Undersida. Perfekt f\u00f6r dig som beh\u00f6ver extraf\u00e4sten till din ledramp eller helt enkelt tappat bort dina tidigare f\u00e4sten och beh\u00f6ver nya. Passar alla X-Series ramper.Rostfritt st\u00e5l.\" \/>\n<meta property=\"og:url\" content=\"https:\/\/xenonkungen.com\/de\/produkt\/luxtar-bb-serie-unterfutterung\/\" \/>\n<meta property=\"og:site_name\" content=\"Xenonkungen\" \/>\n<meta property=\"article:modified_time\" content=\"2026-04-10T22:49:00+00:00\" \/>\n<meta property=\"og:image\" content=\"https:\/\/xenonkungen.com\/wp-content\/uploads\/2025\/04\/211165749-origpic-7c9cc6-scaled.jpg\" \/>\n\t<meta property=\"og:image:width\" content=\"2560\" \/>\n\t<meta property=\"og:image:height\" content=\"2560\" \/>\n\t<meta property=\"og:image:type\" content=\"image\/jpeg\" \/>\n<meta name=\"twitter:card\" content=\"summary_large_image\" \/>\n<script type=\"application\/ld+json\" class=\"yoast-schema-graph\">{\"@context\":\"https:\/\/schema.org\",\"@graph\":[{\"@type\":\"WebPage\",\"@id\":\"https:\/\/xenonkungen.com\/produkt\/luxtar-bb-serie-underfaste\/\",\"url\":\"https:\/\/xenonkungen.com\/produkt\/luxtar-bb-serie-underfaste\/\",\"name\":\"LUXTAR\u00ae BB-Serie Underf\u00e4ste - Xenonkungen\",\"isPartOf\":{\"@id\":\"https:\/\/xenonkungen.com\/#website\"},\"primaryImageOfPage\":{\"@id\":\"https:\/\/xenonkungen.com\/produkt\/luxtar-bb-serie-underfaste\/#primaryimage\"},\"image\":{\"@id\":\"https:\/\/xenonkungen.com\/produkt\/luxtar-bb-serie-underfaste\/#primaryimage\"},\"thumbnailUrl\":\"https:\/\/xenonkungen.com\/wp-content\/uploads\/2025\/04\/211165749-origpic-7c9cc6-scaled.jpg\",\"datePublished\":\"2025-04-15T08:39:48+00:00\",\"dateModified\":\"2026-04-10T22:49:00+00:00\",\"breadcrumb\":{\"@id\":\"https:\/\/xenonkungen.com\/produkt\/luxtar-bb-serie-underfaste\/#breadcrumb\"},\"inLanguage\":\"de\",\"potentialAction\":[{\"@type\":\"ReadAction\",\"target\":[\"https:\/\/xenonkungen.com\/produkt\/luxtar-bb-serie-underfaste\/\"]}]},{\"@type\":\"ImageObject\",\"inLanguage\":\"de\",\"@id\":\"https:\/\/xenonkungen.com\/produkt\/luxtar-bb-serie-underfaste\/#primaryimage\",\"url\":\"https:\/\/xenonkungen.com\/wp-content\/uploads\/2025\/04\/211165749-origpic-7c9cc6-scaled.jpg\",\"contentUrl\":\"https:\/\/xenonkungen.com\/wp-content\/uploads\/2025\/04\/211165749-origpic-7c9cc6-scaled.jpg\",\"width\":2560,\"height\":2560},{\"@type\":\"BreadcrumbList\",\"@id\":\"https:\/\/xenonkungen.com\/produkt\/luxtar-bb-serie-underfaste\/#breadcrumb\",\"itemListElement\":[{\"@type\":\"ListItem\",\"position\":1,\"name\":\"Hem\",\"item\":\"https:\/\/xenonkungen.com\/\"},{\"@type\":\"ListItem\",\"position\":2,\"name\":\"Shop\",\"item\":\"https:\/\/xenonkungen.com\/shop\/\"},{\"@type\":\"ListItem\",\"position\":3,\"name\":\"LUXTAR\u00ae BB-Serie Underf\u00e4ste\"}]},{\"@type\":\"WebSite\",\"@id\":\"https:\/\/xenonkungen.com\/#website\",\"url\":\"https:\/\/xenonkungen.com\/\",\"name\":\"Xenonkungen\",\"description\":\"\",\"potentialAction\":[{\"@type\":\"SearchAction\",\"target\":{\"@type\":\"EntryPoint\",\"urlTemplate\":\"https:\/\/xenonkungen.com\/?s={search_term_string}\"},\"query-input\":{\"@type\":\"PropertyValueSpecification\",\"valueRequired\":true,\"valueName\":\"search_term_string\"}}],\"inLanguage\":\"de\"}]}<\/script>\n<!-- \/ Yoast SEO plugin. -->","yoast_head_json":{"title":"LUXTAR\u00ae BB-Serie Submount \u2013 Der Xenon-K\u00f6nig","robots":{"index":"index","follow":"follow","max-snippet":"max-snippet:-1","max-image-preview":"max-image-preview:large","max-video-preview":"max-video-preview:-1"},"canonical":"https:\/\/xenonkungen.com\/de\/produkt\/luxtar-bb-serie-unterfutterung\/","og_locale":"de_DE","og_type":"article","og_title":"LUXTAR\u00ae BB-Serie Underf\u00e4ste - Xenonkungen","og_description":"Underf\u00e4sten f\u00f6r X-serie ledramper Underf\u00e4ste f\u00f6r montage av din Luxtar ljusramp p\u00e5 dess Undersida. Perfekt f\u00f6r dig som beh\u00f6ver extraf\u00e4sten till din ledramp eller helt enkelt tappat bort dina tidigare f\u00e4sten och beh\u00f6ver nya. Passar alla X-Series ramper.Rostfritt st\u00e5l.","og_url":"https:\/\/xenonkungen.com\/de\/produkt\/luxtar-bb-serie-unterfutterung\/","og_site_name":"Xenonkungen","article_modified_time":"2026-04-10T22:49:00+00:00","og_image":[{"width":2560,"height":2560,"url":"https:\/\/xenonkungen.com\/wp-content\/uploads\/2025\/04\/211165749-origpic-7c9cc6-scaled.jpg","type":"image\/jpeg"}],"twitter_card":"summary_large_image","schema":{"@context":"https:\/\/schema.org","@graph":[{"@type":"WebPage","@id":"https:\/\/xenonkungen.com\/produkt\/luxtar-bb-serie-underfaste\/","url":"https:\/\/xenonkungen.com\/produkt\/luxtar-bb-serie-underfaste\/","name":"LUXTAR\u00ae BB-Serie Submount \u2013 Der Xenon-K\u00f6nig","isPartOf":{"@id":"https:\/\/xenonkungen.com\/#website"},"primaryImageOfPage":{"@id":"https:\/\/xenonkungen.com\/produkt\/luxtar-bb-serie-underfaste\/#primaryimage"},"image":{"@id":"https:\/\/xenonkungen.com\/produkt\/luxtar-bb-serie-underfaste\/#primaryimage"},"thumbnailUrl":"https:\/\/xenonkungen.com\/wp-content\/uploads\/2025\/04\/211165749-origpic-7c9cc6-scaled.jpg","datePublished":"2025-04-15T08:39:48+00:00","dateModified":"2026-04-10T22:49:00+00:00","breadcrumb":{"@id":"https:\/\/xenonkungen.com\/produkt\/luxtar-bb-serie-underfaste\/#breadcrumb"},"inLanguage":"de","potentialAction":[{"@type":"ReadAction","target":["https:\/\/xenonkungen.com\/produkt\/luxtar-bb-serie-underfaste\/"]}]},{"@type":"ImageObject","inLanguage":"de","@id":"https:\/\/xenonkungen.com\/produkt\/luxtar-bb-serie-underfaste\/#primaryimage","url":"https:\/\/xenonkungen.com\/wp-content\/uploads\/2025\/04\/211165749-origpic-7c9cc6-scaled.jpg","contentUrl":"https:\/\/xenonkungen.com\/wp-content\/uploads\/2025\/04\/211165749-origpic-7c9cc6-scaled.jpg","width":2560,"height":2560},{"@type":"BreadcrumbList","@id":"https:\/\/xenonkungen.com\/produkt\/luxtar-bb-serie-underfaste\/#breadcrumb","itemListElement":[{"@type":"ListItem","position":1,"name":"Hem","item":"https:\/\/xenonkungen.com\/"},{"@type":"ListItem","position":2,"name":"Shop","item":"https:\/\/xenonkungen.com\/shop\/"},{"@type":"ListItem","position":3,"name":"LUXTAR\u00ae BB-Serie Underf\u00e4ste"}]},{"@type":"WebSite","@id":"https:\/\/xenonkungen.com\/#website","url":"https:\/\/xenonkungen.com\/","name":"Xenonkungen","description":"","potentialAction":[{"@type":"SearchAction","target":{"@type":"EntryPoint","urlTemplate":"https:\/\/xenonkungen.com\/?s={search_term_string}"},"query-input":{"@type":"PropertyValueSpecification","valueRequired":true,"valueName":"search_term_string"}}],"inLanguage":"de"}]}},"taxonomy_info":{"product_brand":[{"value":103,"label":"LUXTAR"}],"product_cat":[{"value":2537,"label":"F\u00e4sten"},{"value":2841,"label":"Installation extraljus"},{"value":2826,"label":"LUXTAR"},{"value":2538,"label":"Tillbeh\u00f6r"},{"value":390,"label":"Installation"}]},"featured_image_src_large":["https:\/\/xenonkungen.com\/wp-content\/uploads\/2025\/04\/211165749-origpic-7c9cc6-1024x1024.jpg",1024,1024,true],"author_info":[],"comment_info":0,"_links":{"self":[{"href":"https:\/\/xenonkungen.com\/de\/wp-json\/wp\/v2\/product\/2609","targetHints":{"allow":["GET"]}}],"collection":[{"href":"https:\/\/xenonkungen.com\/de\/wp-json\/wp\/v2\/product"}],"about":[{"href":"https:\/\/xenonkungen.com\/de\/wp-json\/wp\/v2\/types\/product"}],"replies":[{"embeddable":true,"href":"https:\/\/xenonkungen.com\/de\/wp-json\/wp\/v2\/comments?post=2609"}],"wp:featuredmedia":[{"embeddable":true,"href":"https:\/\/xenonkungen.com\/de\/wp-json\/wp\/v2\/media\/2610"}],"wp:attachment":[{"href":"https:\/\/xenonkungen.com\/de\/wp-json\/wp\/v2\/media?parent=2609"}],"wp:term":[{"taxonomy":"anvandningsomrade","embeddable":true,"href":"https:\/\/xenonkungen.com\/de\/wp-json\/wp\/v2\/anvandningsomrade?post=2609"},{"taxonomy":"bilmarken","embeddable":true,"href":"https:\/\/xenonkungen.com\/de\/wp-json\/wp\/v2\/bilmarken?post=2609"},{"taxonomy":"product_brand","embeddable":true,"href":"https:\/\/xenonkungen.com\/de\/wp-json\/wp\/v2\/product_brand?post=2609"},{"taxonomy":"product_cat","embeddable":true,"href":"https:\/\/xenonkungen.com\/de\/wp-json\/wp\/v2\/product_cat?post=2609"},{"taxonomy":"product_tag","embeddable":true,"href":"https:\/\/xenonkungen.com\/de\/wp-json\/wp\/v2\/product_tag?post=2609"}],"curies":[{"name":"wp","href":"https:\/\/api.w.org\/{rel}","templated":true}]}}