{"id":26250,"date":"2026-02-16T11:57:15","date_gmt":"2026-02-16T10:57:15","guid":{"rendered":"https:\/\/xenonkungen.com\/?post_type=product&#038;p=26250"},"modified":"2026-03-25T09:35:03","modified_gmt":"2026-03-25T08:35:03","slug":"luxtar-relaiskabelsatz-master-slave-x-4-12v-80a-relais","status":"publish","type":"product","link":"https:\/\/xenonkungen.com\/de\/produkt\/luxtar-relaiskabelsatz-master-slave-x-4-12v-80a-relais\/","title":{"rendered":"Luxtar Relaiskabelsatz Master &amp; Slave x 4 | 12 V | 80 A Relais"},"content":{"rendered":"<p>Das Luxtar Relay Cable Kit Master &amp; Slave ist ein innovatives und leistungsstarkes Relaiskabel-Kit, das f\u00fcr moderne Fahrzeuge mit CAN-Bus entwickelt wurde.<\/p>\n<p>Es wurde f\u00fcr alle entwickelt, die das volle Potenzial ihres XBB OBD-II-Dongles und ihrer XBB PowerUnit aussch\u00f6pfen m\u00f6chten. Dank eines intelligenten Master-Slave-Systems mit zwei Relais k\u00f6nnen Sie leistungsstarke LED-Leisten und Zusatzscheinwerfer anschlie\u00dfen \u2013 ohne ein weiteres separates Relaiskabelset installieren zu m\u00fcssen.<\/p>\n<p><strong>Daher werden ein Herr und ein Sklave ben\u00f6tigt.<\/strong><\/p>\n<p>Bei separater Verwendung des XBB-Relais besteht die Einschr\u00e4nkung, dass es Zusatzleuchten bis zu 15 A steuern kann.<br \/>\nDa viele der heutigen LED-Rampen und Zusatzleuchten eine deutlich h\u00f6here Leistung haben, reicht dies f\u00fcr anspruchsvollere Installationen nicht aus.<br \/>\nDie Plug &amp; Play-L\u00f6sung von Luxtar ist daher mit einem leistungsstarken 80A-Relais (Slave-Relais) und einem zus\u00e4tzlichen Relaishalter zur Steuerung \u00fcber die XBB PowerUnit ausgestattet.<\/p>\n<p>Es erm\u00f6glicht die Installation von:<\/p>\n<ul>\n<li><strong>Artikelnummer 103220<\/strong> \u2013 bis zu 40 A \/ 500 W (1 Ausgang)<\/li>\n<li><strong>Artikelnummer 103221<\/strong> \u2013 bis zu 60 A \/ 750 W (4 Ausg\u00e4nge)<\/li>\n<\/ul>\n<p>Das Ergebnis ist eine stabile, sichere und zukunftssichere Installation.<\/p>\n<p><strong>Vorteile des Programms<\/strong><\/p>\n<ul>\n<li>Angepasst f\u00fcr CAN-Bus-gesteuerte Fahrzeuge ohne analoges Fernlichtsignal<\/li>\n<li>Funktioniert mit LED, Halogen und Xenon<\/li>\n<li>Ausgelegt f\u00fcr hohe Leistung und stabile Stromversorgung<\/li>\n<li>Professionelle Installation direkt nach dem Auspacken<\/li>\n<li>Spart Zeit und Geld \u2013 egal ob Sie Hobby-Installateur oder Profi sind.<\/li>\n<\/ul>\n<p>Das Relaiskabelset ist einzigartig auf dem Markt und bietet mehr als genug Kapazit\u00e4t selbst f\u00fcr die leistungsst\u00e4rksten Zusatzscheinwerfer und LED-Leisten.<\/p>\n<p><strong>Systemfunktion<\/strong><\/p>\n<p>Die XBB PowerUnit steuert das Relais \u00fcber <strong>Ausgang 2 (5A)<\/strong>wodurch wiederum das Zusatzlicht aktiviert wird.<br \/>\n<strong>Ausgang 1 (15A)<\/strong> ist kostenlos und kann beispielsweise f\u00fcr Positionsleuchten oder andere Produkte mit einer maximalen Last von 15 A verwendet werden. Das Kabel f\u00fcr Ausgang 1 ist vorkonfektioniert und im Lieferumfang enthalten.<\/p>\n<p><strong>Kompatibilit\u00e4t &amp; Installation<\/strong><\/p>\n<p>F\u00fcr die erfolgreiche Installation ben\u00f6tigen Sie Folgendes:<\/p>\n<ul>\n<li>XBB OBD-II Dongle<\/li>\n<li>XBB PowerUnit<\/li>\n<\/ul>\n<p>Das Relaiskabelset ist separat oder als Komplettpaket zusammen mit dem XBB OBD-Dongle und der PowerUnit erh\u00e4ltlich. W\u00e4hlen Sie die gew\u00fcnschte Option aus der Produktauswahl.<br \/>\nPasst zu den meisten Pkw mit OBD-Anschluss und Unterst\u00fctzung f\u00fcr die Fahrzeugdatenbank von XBB.<\/p>\n<p><strong>Dies ist inbegriffen.<\/strong><\/p>\n<ul>\n<li>4 x 2 m Verbindungskabel<\/li>\n<li>4 ausw\u00e4hlbare deutsche Kontakte: <strong>DT-3 | DT-4 | DTP-2 | DTP-4<\/strong><\/li>\n<li>1 St\u00fcck 80A Relais mit Relaishalter (12V)<\/li>\n<li>1 zus\u00e4tzlicher Relaishalter, kompatibel mit XBB PowerUnit<\/li>\n<li>1 St\u00fcck 60-A-Sicherung mit Sicherungshalter<\/li>\n<li>Schwarzes Stromkabel, 0,5 m<\/li>\n<li>Braunes Stromkabel, 1 m<\/li>\n<li>Rotes Stromkabel, 1,1 m<\/li>\n<li>Blaues Signalkabel, 1 m<\/li>\n<li>Montagematerialien: 4 x Schrumpfschlauch, Kabelbinder, Ringkabelschuhe und Splei\u00dfh\u00fclse mit verzinntem Kern und selbstklebendem Schrumpfschlauch.<\/li>\n<\/ul>\n<p><strong>Deutsch Kontakte (optional \u2013 enthalten)<\/strong><\/p>\n<p>4 St\u00fcck DT-3 | DT-4 | DTP-2 | DTP-4<\/p>\n<p>Es handelt sich ausschlie\u00dflich um hochwertige und wasserdichte Deutsch-Steckverbinder, die f\u00fcr den Einsatz im Automobilbereich geeignet sind.<\/p>\n<ul>\n<li><strong>DT-Serie<\/strong> Wird f\u00fcr Standardstrom- und 2- bis 4-polige Anschl\u00fcsse verwendet<\/li>\n<li><strong>DTP-Serie<\/strong> ist f\u00fcr h\u00f6here Stromst\u00e4rken und gr\u00f6\u00dfere Kabelabmessungen ausgelegt.<\/li>\n<\/ul>\n<p>Dies gew\u00e4hrleistet eine robuste und professionelle Installation.<\/p>\n<p><strong>Spezifikationen<\/strong><\/p>\n<ul>\n<li>Artikelnummer: 103221<\/li>\n<li>Spannung: 12V<\/li>\n<li>Maximale Belastung: bis zu 60 A 750 W (4 x 187 W)<\/li>\n<li>Relais: 80 A (im Lieferumfang enthalten)<\/li>\n<li>Sicherung: 60 A (im Lieferumfang enthalten)<\/li>\n<li>Kompatibel mit: XBB PowerUnit<\/li>\n<li>Temperaturbereich: -40 \u00b0C bis +60 \u00b0C<\/li>\n<li>Ausw\u00e4hlbare Deutsch-Steckverbinder: 4 St\u00fcck DT-3 | DT-4 | DTP-2 | DTP-4<\/li>\n<\/ul>\n<p><strong>ACHTUNG!<\/strong> Die XBB PowerUnit ist nicht im Lieferumfang enthalten und muss separat erworben werden.<\/p>\n<p>Mit dem Luxtar Relaiskabel-Set Master &amp; Slave erhalten Sie eine professionelle L\u00f6sung, die Leistung, Sicherheit und einfache Installation vereint.<br \/>\nDas Kabelset ist f\u00fcr hohe Leistungen ausgelegt und die naheliegende Wahl f\u00fcr alle, die an einem modernen 12V-Fahrzeug eine leistungsstarke Zusatzbeleuchtung installieren m\u00f6chten \u2013 ohne Kompromisse.<\/p>","protected":false},"excerpt":{"rendered":"<p><strong>LUXTAR Relaiskabel-Set Master &amp; Slave | 12 V | 80 A Relais<\/strong><\/p>\n<p><strong>Plug &amp; Play \u2013 XBB-f\u00e4hig<\/strong><\/p>\n<p><strong>Leistungsstarke L\u00f6sung f\u00fcr moderne CAN-Bus-gesteuerte Fahrzeuge<\/strong><\/p>","protected":false},"featured_media":26918,"comment_status":"open","ping_status":"closed","template":"","meta":{"_acf_changed":false,"_smort_price_nok":"1063","_smort_price_dkk":"","_smort_price_eur":"","_smort_sale_price_nok":"","_smort_sale_price_dkk":"","_smort_sale_price_eur":"","smort_restorder":"","shipmondo_restorder":"","_kad_blocks_custom_css":"","_kad_blocks_head_custom_js":"","_kad_blocks_body_custom_js":"","_kad_blocks_footer_custom_js":"","smort_custom_pricelist_1":"636.8","smort_custom_pricelist_2":"557.2","smort_custom_pricelist_3":"517.4","smort_custom_pricelist_4":"796","smort_custom_pricelist_5":"557.2"},"anvandningsomrade":[],"bilmarken":[],"product_brand":[103],"product_cat":[2795,2821,2796],"product_tag":[],"class_list":{"0":"post-26250","1":"product","2":"type-product","3":"status-publish","4":"has-post-thumbnail","6":"product_brand-luxtar","7":"product_cat-kablar-rela","8":"product_cat-luxtar-relakabelsatser","9":"product_cat-relakabelsatser","10":"pa_lampsockel-kontakt-dt-4","11":"pa_lampsockel-kontakt-dt-3","12":"pa_lampsockel-kontakt-dtp-2","13":"pa_lampsockel-kontakt-dtp-4","14":"pa_volt-v-159","16":"first","17":"instock","18":"taxable","19":"shipping-taxable","20":"purchasable","21":"product-type-simple"},"bundled_by":["27189"],"bundle_stock_status":"instock","bundle_stock_quantity":191,"bundle_virtual":false,"bundle_layout":"","bundle_add_to_cart_form_location":"","bundle_editable_in_cart":false,"bundle_sold_individually_context":"","bundle_item_grouping":"","bundle_min_size":"","bundle_max_size":"","bundle_price":[],"bundled_items":[],"bundle_sell_ids":[],"acf":[],"yoast_head":"<!-- This site is optimized with the Yoast SEO plugin v27.0 - https:\/\/yoast.com\/product\/yoast-seo-wordpress\/ -->\n<title>Luxtar Rel\u00e4kabelsats Master &amp; Slave X 4 | 12V | 80A Rel\u00e4 - Xenonkungen<\/title>\n<meta name=\"robots\" content=\"index, follow, max-snippet:-1, max-image-preview:large, max-video-preview:-1\" \/>\n<link rel=\"canonical\" href=\"https:\/\/xenonkungen.com\/de\/produkt\/luxtar-relaiskabelsatz-master-slave-x-4-12v-80a-relais\/\" \/>\n<meta property=\"og:locale\" content=\"de_DE\" \/>\n<meta property=\"og:type\" content=\"article\" \/>\n<meta property=\"og:title\" content=\"Luxtar Rel\u00e4kabelsats Master &amp; Slave X 4 | 12V | 80A Rel\u00e4 - Xenonkungen\" \/>\n<meta property=\"og:description\" content=\"LUXTAR RELAY CABLE KIT MASTER &amp; SLAVE | 12V | 80A RELAY  Plug &amp; Play \u2013 F\u00f6rberedd f\u00f6r XBB  Kraftfull l\u00f6sning f\u00f6r moderna CAN-busstyrda fordon\" \/>\n<meta property=\"og:url\" content=\"https:\/\/xenonkungen.com\/de\/produkt\/luxtar-relaiskabelsatz-master-slave-x-4-12v-80a-relais\/\" \/>\n<meta property=\"og:site_name\" content=\"Xenonkungen\" \/>\n<meta property=\"article:modified_time\" content=\"2026-03-25T08:35:03+00:00\" \/>\n<meta property=\"og:image\" content=\"https:\/\/xenonkungen.com\/wp-content\/uploads\/2026\/02\/Relakabelsats-Master-And-Slave-80A-4xArtNr-103224-KZ260536-2000px-PNNG-1024x632.png\" \/>\n\t<meta property=\"og:image:width\" content=\"1024\" \/>\n\t<meta property=\"og:image:height\" content=\"632\" \/>\n\t<meta property=\"og:image:type\" content=\"image\/png\" \/>\n<meta name=\"twitter:card\" content=\"summary_large_image\" \/>\n<meta name=\"twitter:label1\" content=\"Gesch\u00e4tzte Lesezeit\" \/>\n\t<meta name=\"twitter:data1\" content=\"3\u00a0Minuten\" \/>\n<script type=\"application\/ld+json\" class=\"yoast-schema-graph\">{\"@context\":\"https:\/\/schema.org\",\"@graph\":[{\"@type\":\"WebPage\",\"@id\":\"https:\/\/xenonkungen.com\/produkt\/luxtar-relakabelsats-master-slave-x-4-12v-80a-rela\/\",\"url\":\"https:\/\/xenonkungen.com\/produkt\/luxtar-relakabelsats-master-slave-x-4-12v-80a-rela\/\",\"name\":\"Luxtar Rel\u00e4kabelsats Master & Slave X 4 | 12V | 80A Rel\u00e4 - Xenonkungen\",\"isPartOf\":{\"@id\":\"https:\/\/xenonkungen.com\/#website\"},\"primaryImageOfPage\":{\"@id\":\"https:\/\/xenonkungen.com\/produkt\/luxtar-relakabelsats-master-slave-x-4-12v-80a-rela\/#primaryimage\"},\"image\":{\"@id\":\"https:\/\/xenonkungen.com\/produkt\/luxtar-relakabelsats-master-slave-x-4-12v-80a-rela\/#primaryimage\"},\"thumbnailUrl\":\"https:\/\/xenonkungen.com\/wp-content\/uploads\/2026\/02\/Relakabelsats-Master-And-Slave-80A-4xArtNr-103224-KZ260536-2000px-PNNG.png\",\"datePublished\":\"2026-02-16T10:57:15+00:00\",\"dateModified\":\"2026-03-25T08:35:03+00:00\",\"breadcrumb\":{\"@id\":\"https:\/\/xenonkungen.com\/produkt\/luxtar-relakabelsats-master-slave-x-4-12v-80a-rela\/#breadcrumb\"},\"inLanguage\":\"de\",\"potentialAction\":[{\"@type\":\"ReadAction\",\"target\":[\"https:\/\/xenonkungen.com\/produkt\/luxtar-relakabelsats-master-slave-x-4-12v-80a-rela\/\"]}]},{\"@type\":\"ImageObject\",\"inLanguage\":\"de\",\"@id\":\"https:\/\/xenonkungen.com\/produkt\/luxtar-relakabelsats-master-slave-x-4-12v-80a-rela\/#primaryimage\",\"url\":\"https:\/\/xenonkungen.com\/wp-content\/uploads\/2026\/02\/Relakabelsats-Master-And-Slave-80A-4xArtNr-103224-KZ260536-2000px-PNNG.png\",\"contentUrl\":\"https:\/\/xenonkungen.com\/wp-content\/uploads\/2026\/02\/Relakabelsats-Master-And-Slave-80A-4xArtNr-103224-KZ260536-2000px-PNNG.png\",\"width\":2000,\"height\":1235},{\"@type\":\"BreadcrumbList\",\"@id\":\"https:\/\/xenonkungen.com\/produkt\/luxtar-relakabelsats-master-slave-x-4-12v-80a-rela\/#breadcrumb\",\"itemListElement\":[{\"@type\":\"ListItem\",\"position\":1,\"name\":\"Hem\",\"item\":\"https:\/\/xenonkungen.com\/\"},{\"@type\":\"ListItem\",\"position\":2,\"name\":\"Shop\",\"item\":\"https:\/\/xenonkungen.com\/shop\/\"},{\"@type\":\"ListItem\",\"position\":3,\"name\":\"Luxtar Rel\u00e4kabelsats Master &#038; Slave X 4 | 12V | 80A Rel\u00e4\"}]},{\"@type\":\"WebSite\",\"@id\":\"https:\/\/xenonkungen.com\/#website\",\"url\":\"https:\/\/xenonkungen.com\/\",\"name\":\"Xenonkungen\",\"description\":\"\",\"potentialAction\":[{\"@type\":\"SearchAction\",\"target\":{\"@type\":\"EntryPoint\",\"urlTemplate\":\"https:\/\/xenonkungen.com\/?s={search_term_string}\"},\"query-input\":{\"@type\":\"PropertyValueSpecification\",\"valueRequired\":true,\"valueName\":\"search_term_string\"}}],\"inLanguage\":\"de\"}]}<\/script>\n<!-- \/ Yoast SEO plugin. -->","yoast_head_json":{"title":"Luxtar Relaiskabelsatz Master &amp; Slave x 4 | 12V | 80A Relais - Xenonkungen","robots":{"index":"index","follow":"follow","max-snippet":"max-snippet:-1","max-image-preview":"max-image-preview:large","max-video-preview":"max-video-preview:-1"},"canonical":"https:\/\/xenonkungen.com\/de\/produkt\/luxtar-relaiskabelsatz-master-slave-x-4-12v-80a-relais\/","og_locale":"de_DE","og_type":"article","og_title":"Luxtar Rel\u00e4kabelsats Master & Slave X 4 | 12V | 80A Rel\u00e4 - Xenonkungen","og_description":"LUXTAR RELAY CABLE KIT MASTER &amp; SLAVE | 12V | 80A RELAY  Plug &amp; Play \u2013 F\u00f6rberedd f\u00f6r XBB  Kraftfull l\u00f6sning f\u00f6r moderna CAN-busstyrda fordon","og_url":"https:\/\/xenonkungen.com\/de\/produkt\/luxtar-relaiskabelsatz-master-slave-x-4-12v-80a-relais\/","og_site_name":"Xenonkungen","article_modified_time":"2026-03-25T08:35:03+00:00","og_image":[{"width":1024,"height":632,"url":"https:\/\/xenonkungen.com\/wp-content\/uploads\/2026\/02\/Relakabelsats-Master-And-Slave-80A-4xArtNr-103224-KZ260536-2000px-PNNG-1024x632.png","type":"image\/png"}],"twitter_card":"summary_large_image","twitter_misc":{"Gesch\u00e4tzte Lesezeit":"3\u00a0Minuten"},"schema":{"@context":"https:\/\/schema.org","@graph":[{"@type":"WebPage","@id":"https:\/\/xenonkungen.com\/produkt\/luxtar-relakabelsats-master-slave-x-4-12v-80a-rela\/","url":"https:\/\/xenonkungen.com\/produkt\/luxtar-relakabelsats-master-slave-x-4-12v-80a-rela\/","name":"Luxtar Relaiskabelsatz Master &amp; Slave x 4 | 12V | 80A Relais - Xenonkungen","isPartOf":{"@id":"https:\/\/xenonkungen.com\/#website"},"primaryImageOfPage":{"@id":"https:\/\/xenonkungen.com\/produkt\/luxtar-relakabelsats-master-slave-x-4-12v-80a-rela\/#primaryimage"},"image":{"@id":"https:\/\/xenonkungen.com\/produkt\/luxtar-relakabelsats-master-slave-x-4-12v-80a-rela\/#primaryimage"},"thumbnailUrl":"https:\/\/xenonkungen.com\/wp-content\/uploads\/2026\/02\/Relakabelsats-Master-And-Slave-80A-4xArtNr-103224-KZ260536-2000px-PNNG.png","datePublished":"2026-02-16T10:57:15+00:00","dateModified":"2026-03-25T08:35:03+00:00","breadcrumb":{"@id":"https:\/\/xenonkungen.com\/produkt\/luxtar-relakabelsats-master-slave-x-4-12v-80a-rela\/#breadcrumb"},"inLanguage":"de","potentialAction":[{"@type":"ReadAction","target":["https:\/\/xenonkungen.com\/produkt\/luxtar-relakabelsats-master-slave-x-4-12v-80a-rela\/"]}]},{"@type":"ImageObject","inLanguage":"de","@id":"https:\/\/xenonkungen.com\/produkt\/luxtar-relakabelsats-master-slave-x-4-12v-80a-rela\/#primaryimage","url":"https:\/\/xenonkungen.com\/wp-content\/uploads\/2026\/02\/Relakabelsats-Master-And-Slave-80A-4xArtNr-103224-KZ260536-2000px-PNNG.png","contentUrl":"https:\/\/xenonkungen.com\/wp-content\/uploads\/2026\/02\/Relakabelsats-Master-And-Slave-80A-4xArtNr-103224-KZ260536-2000px-PNNG.png","width":2000,"height":1235},{"@type":"BreadcrumbList","@id":"https:\/\/xenonkungen.com\/produkt\/luxtar-relakabelsats-master-slave-x-4-12v-80a-rela\/#breadcrumb","itemListElement":[{"@type":"ListItem","position":1,"name":"Hem","item":"https:\/\/xenonkungen.com\/"},{"@type":"ListItem","position":2,"name":"Shop","item":"https:\/\/xenonkungen.com\/shop\/"},{"@type":"ListItem","position":3,"name":"Luxtar Rel\u00e4kabelsats Master &#038; Slave X 4 | 12V | 80A Rel\u00e4"}]},{"@type":"WebSite","@id":"https:\/\/xenonkungen.com\/#website","url":"https:\/\/xenonkungen.com\/","name":"Xenonkungen","description":"","potentialAction":[{"@type":"SearchAction","target":{"@type":"EntryPoint","urlTemplate":"https:\/\/xenonkungen.com\/?s={search_term_string}"},"query-input":{"@type":"PropertyValueSpecification","valueRequired":true,"valueName":"search_term_string"}}],"inLanguage":"de"}]}},"taxonomy_info":{"product_brand":[{"value":103,"label":"LUXTAR"}],"product_cat":[{"value":2795,"label":"Kablar och Rel\u00e4"},{"value":2821,"label":"Luxtar - Rel\u00e4kabelsatser"},{"value":2796,"label":"Rel\u00e4kabelsatser"}],"pa_lampsockel-kontakt":[{"value":181,"label":"DT-4"},{"value":2147,"label":"DT-3"},{"value":2225,"label":"DTP-2"},{"value":358,"label":"DTP-4"}],"pa_volt-v":[{"value":159,"label":"12"}]},"featured_image_src_large":["https:\/\/xenonkungen.com\/wp-content\/uploads\/2026\/02\/Relakabelsats-Master-And-Slave-80A-4xArtNr-103224-KZ260536-2000px-PNNG-1024x632.png",1024,632,true],"author_info":[],"comment_info":0,"_links":{"self":[{"href":"https:\/\/xenonkungen.com\/de\/wp-json\/wp\/v2\/product\/26250","targetHints":{"allow":["GET"]}}],"collection":[{"href":"https:\/\/xenonkungen.com\/de\/wp-json\/wp\/v2\/product"}],"about":[{"href":"https:\/\/xenonkungen.com\/de\/wp-json\/wp\/v2\/types\/product"}],"replies":[{"embeddable":true,"href":"https:\/\/xenonkungen.com\/de\/wp-json\/wp\/v2\/comments?post=26250"}],"wp:featuredmedia":[{"embeddable":true,"href":"https:\/\/xenonkungen.com\/de\/wp-json\/wp\/v2\/media\/26918"}],"wp:attachment":[{"href":"https:\/\/xenonkungen.com\/de\/wp-json\/wp\/v2\/media?parent=26250"}],"wp:term":[{"taxonomy":"anvandningsomrade","embeddable":true,"href":"https:\/\/xenonkungen.com\/de\/wp-json\/wp\/v2\/anvandningsomrade?post=26250"},{"taxonomy":"bilmarken","embeddable":true,"href":"https:\/\/xenonkungen.com\/de\/wp-json\/wp\/v2\/bilmarken?post=26250"},{"taxonomy":"product_brand","embeddable":true,"href":"https:\/\/xenonkungen.com\/de\/wp-json\/wp\/v2\/product_brand?post=26250"},{"taxonomy":"product_cat","embeddable":true,"href":"https:\/\/xenonkungen.com\/de\/wp-json\/wp\/v2\/product_cat?post=26250"},{"taxonomy":"product_tag","embeddable":true,"href":"https:\/\/xenonkungen.com\/de\/wp-json\/wp\/v2\/product_tag?post=26250"}],"curies":[{"name":"wp","href":"https:\/\/api.w.org\/{rel}","templated":true}]}}